{"id":11131,"date":"2023-03-19T10:50:07","date_gmt":"2023-03-19T10:50:07","guid":{"rendered":"https:\/\/www.ghostysky.com\/?post_type=product&#038;p=11131"},"modified":"2023-04-03T20:04:07","modified_gmt":"2023-04-03T20:04:07","slug":"autel-robotics-evo-ii-pro-6k-v3-rugged-bundle","status":"publish","type":"product","link":"https:\/\/www.ghostysky.com\/fr\/product\/autel-robotics-evo-ii-pro-6k-v3-rugged-bundle\/","title":{"rendered":"Pack robuste Autel Robotics EVO II Pro 6K V3"},"content":{"rendered":"<div>\n<div class=\"feature_UbV5SNP5Eo\">\n<div class=\"featureHeader_UbV5SNP5Eo\">\n<h3 class=\"text_TAw0W35QK_ comfy_TAw0W35QK_ sizeTitle2_TAw0W35QK_ weightNormal_TAw0W35QK_ primary_i3MsQsqoe0\">Algorithme Moonlight 2.0<\/h3>\n<\/div>\n<div>\n<div class=\"js-injected-html text_UbV5SNP5Eo\">Lors de prises de vue nocturnes, l&#039;algorithme Moonlight 2.0 offre un traitement de r\u00e9duction du bruit dans des conditions de faible luminosit\u00e9 ou difficiles.<\/div>\n<\/div>\n<\/div>\n<\/div>\n<div>\n<div class=\"feature_UbV5SNP5Eo\">\n<div class=\"featureHeader_UbV5SNP5Eo\">\n<h3 class=\"text_TAw0W35QK_ comfy_TAw0W35QK_ sizeTitle2_TAw0W35QK_ weightNormal_TAw0W35QK_ primary_i3MsQsqoe0\">Contr\u00f4leur intelligent SE avec SkyLink 2.0<\/h3>\n<\/div>\n<div>\n<div class=\"js-injected-html text_UbV5SNP5Eo\">Gr\u00e2ce \u00e0 SkyLink 2.0, l&#039;\u00e9cran OLED 6,4 pouces int\u00e9gr\u00e9 du Smart Controller SE peut recevoir des vid\u00e9os HD en vol jusqu&#039;\u00e0 15 km de distance. La r\u00e9ception est stable et sans interf\u00e9rence gr\u00e2ce au saut de fr\u00e9quence triple bande (900 MHz, 2,4 GHz et 5,8 GHz). Sa conception robuste lui permet de r\u00e9sister \u00e0 des temp\u00e9ratures comprises entre -20 \u00b0C et 40 \u00b0C, et sa certification IP43 garantit une performance optimale par tous les temps. Vous pouvez facilement personnaliser les fonctionnalit\u00e9s de la t\u00e9l\u00e9commande gr\u00e2ce \u00e0 des applications tierces optionnelles, optimis\u00e9es par un processeur 8 c\u0153urs int\u00e9gr\u00e9.<\/div>\n<\/div>\n<\/div>\n<\/div>\n<div>\n<div class=\"feature_UbV5SNP5Eo\">\n<div class=\"featureHeader_UbV5SNP5Eo\">\n<h3 class=\"text_TAw0W35QK_ comfy_TAw0W35QK_ sizeTitle2_TAw0W35QK_ weightNormal_TAw0W35QK_ primary_i3MsQsqoe0\">\u00c9vitement d&#039;obstacles \u00e0 360 degr\u00e9s<\/h3>\n<\/div>\n<div>\n<div class=\"js-injected-html text_UbV5SNP5Eo\">En vol, un ensemble de 19 capteurs, dont 12 capteurs visuels, la cam\u00e9ra principale, des IMU \u00e0 ultrasons et plus encore, peuvent cr\u00e9er une carte 3D de l&#039;environnement du drone et planifier un chemin clair vers sa destination en temps r\u00e9el.<\/div>\n<\/div>\n<\/div>\n<\/div>\n<div>\n<div class=\"feature_UbV5SNP5Eo\">\n<div class=\"featureHeader_UbV5SNP5Eo\">\n<h3 class=\"text_TAw0W35QK_ comfy_TAw0W35QK_ sizeTitle2_TAw0W35QK_ weightNormal_TAw0W35QK_ primary_i3MsQsqoe0\">Fonctionnalit\u00e9s suppl\u00e9mentaires<\/h3>\n<\/div>\n<div>\n<div class=\"js-injected-html text_UbV5SNP5Eo\">\n<ul>\n<li>Jusqu&#039;\u00e0 39 mph de r\u00e9sistance maximale au vent<\/li>\n<li>Vitesse de vol maximale jusqu&#039;\u00e0 45 mph<\/li>\n<li>Zoom num\u00e9rique jusqu&#039;\u00e0 16x et zoom sans perte 3x<\/li>\n<li>Jusqu&#039;\u00e0 40 minutes de temps de vol<\/li>\n<li>Formats JPEG\/RAW pris en charge<\/li>\n<li>ISO maximal de 44\u00a0000<\/li>\n<li>Batterie de t\u00e9l\u00e9commande amovible<\/li>\n<li>Compatible avec le Live Deck 2 en option pour la diffusion en direct des informations de mission<\/li>\n<\/ul>\n<h3>DANS LA BO\u00ceTE<\/h3>\n<ul>\n<li>1x avion EVO II Pro (avec batterie, h\u00e9lices, support de cardan et carte SD 32 Go)<\/li>\n<li>1x t\u00e9l\u00e9commande<\/li>\n<li>2x Batterie<\/li>\n<li>1x Chargeur<\/li>\n<li>1x c\u00e2ble d&#039;alimentation<\/li>\n<li>1x paire d&#039;h\u00e9lices<\/li>\n<li>1x c\u00e2ble micro-USB<\/li>\n<li>2x C\u00e2ble de t\u00e9l\u00e9commande (connecteur micro USB standard\/connecteur Type C)<\/li>\n<li>1x \u00e9tui de transport<\/li>\n<\/ul>\n<\/div>\n<\/div>\n<\/div>\n<\/div>","protected":false},"excerpt":{"rendered":"<p>Combinant une optique haut de gamme et un traitement num\u00e9rique avec une cellule robuste, le\u00a0<b>Pack robuste EVO II Pro 6K V3<\/b>\u00a0depuis\u00a0<b>Autel Robotique<\/b> Offre aux cin\u00e9astes des images a\u00e9riennes de qualit\u00e9 professionnelle. Le capteur CMOS Sony 20 Mpx 1\u2033 et son ouverture r\u00e9glable de f\/2,8 \u00e0 f\/11 offrent une grande flexibilit\u00e9 sur site, tandis que les timelapses mobiles 4K HDR et 6K, les photos DNG 12 bits et les vid\u00e9os 68,6 milliards de couleurs \u00e9largissent les possibilit\u00e9s de postproduction.<\/p>","protected":false},"featured_media":11138,"comment_status":"open","ping_status":"closed","template":"","meta":[],"product_brand":[],"product_cat":[220,364,29],"product_tag":[500,501],"class_list":{"0":"post-11131","1":"product","2":"type-product","3":"status-publish","4":"has-post-thumbnail","6":"product_cat-autel","7":"product_cat-bundles-autel","8":"product_cat-drones","9":"product_tag-autel-evo-ii-v3","10":"product_tag-evo-ii-pro-6k-v3","12":"first","13":"onbackorder","14":"taxable","15":"shipping-taxable","16":"product-type-simple"},"yoast_head":"<!-- This site is optimized with the Yoast SEO plugin v27.1.1 - https:\/\/yoast.com\/product\/yoast-seo-wordpress\/ -->\n<title>Autel Robotics EVO II Pro 6K V3 Rugged Bundle -<\/title>\n<meta name=\"description\" content=\"Combining high-end optics and digital processing with a rugged airframe, the\u00a0EVO II Pro 6K Rugged Bundle V3\u00a0from\u00a0Autel Robotics provides filmmakers with professional aerial imaging results.\" \/>\n<meta name=\"robots\" content=\"index, follow, max-snippet:-1, max-image-preview:large, max-video-preview:-1\" \/>\n<link rel=\"canonical\" href=\"https:\/\/www.ghostysky.com\/fr\/product\/autel-robotics-evo-ii-pro-6k-v3-rugged-bundle\/\" \/>\n<meta property=\"og:locale\" content=\"fr_FR\" \/>\n<meta property=\"og:type\" content=\"article\" \/>\n<meta property=\"og:title\" content=\"Autel Robotics EVO II Pro 6K V3 Rugged Bundle -\" \/>\n<meta property=\"og:description\" content=\"Combining high-end optics and digital processing with a rugged airframe, the\u00a0EVO II Pro 6K Rugged Bundle V3\u00a0from\u00a0Autel Robotics provides filmmakers with professional aerial imaging results.\" \/>\n<meta property=\"og:url\" content=\"https:\/\/www.ghostysky.com\/fr\/product\/autel-robotics-evo-ii-pro-6k-v3-rugged-bundle\/\" \/>\n<meta property=\"og:site_name\" content=\"Ghostysky\" \/>\n<meta property=\"article:publisher\" content=\"https:\/\/www.facebook.com\/people\/Ghostysky\/100057676170234\/\" \/>\n<meta property=\"article:modified_time\" content=\"2023-04-03T20:04:07+00:00\" \/>\n<meta property=\"og:image\" content=\"https:\/\/www.ghostysky.com\/wp-content\/uploads\/2023\/03\/Autel-EVOII-Pro-V3-Rugged-Bundle-2.jpg\" \/>\n\t<meta property=\"og:image:width\" content=\"500\" \/>\n\t<meta property=\"og:image:height\" content=\"500\" \/>\n\t<meta property=\"og:image:type\" content=\"image\/jpeg\" \/>\n<meta name=\"twitter:card\" content=\"summary_large_image\" \/>\n<meta name=\"twitter:site\" content=\"@Gh0stysky\" \/>\n<meta name=\"twitter:label1\" content=\"Dur\u00e9e de lecture estim\u00e9e\" \/>\n\t<meta name=\"twitter:data1\" content=\"2 minutes\" \/>\n<script type=\"application\/ld+json\" class=\"yoast-schema-graph\">{\"@context\":\"https:\/\/schema.org\",\"@graph\":[{\"@type\":\"WebPage\",\"@id\":\"https:\/\/www.ghostysky.com\/product\/autel-robotics-evo-ii-pro-6k-v3-rugged-bundle\/\",\"url\":\"https:\/\/www.ghostysky.com\/product\/autel-robotics-evo-ii-pro-6k-v3-rugged-bundle\/\",\"name\":\"Autel Robotics EVO II Pro 6K V3 Rugged Bundle -\",\"isPartOf\":{\"@id\":\"https:\/\/www.ghostysky.com\/#website\"},\"primaryImageOfPage\":{\"@id\":\"https:\/\/www.ghostysky.com\/product\/autel-robotics-evo-ii-pro-6k-v3-rugged-bundle\/#primaryimage\"},\"image\":{\"@id\":\"https:\/\/www.ghostysky.com\/product\/autel-robotics-evo-ii-pro-6k-v3-rugged-bundle\/#primaryimage\"},\"thumbnailUrl\":\"https:\/\/www.ghostysky.com\/wp-content\/uploads\/2023\/03\/Autel-EVOII-Pro-V3-Rugged-Bundle-2.jpg\",\"datePublished\":\"2023-03-19T10:50:07+00:00\",\"dateModified\":\"2023-04-03T20:04:07+00:00\",\"description\":\"Combining high-end optics and digital processing with a rugged airframe, the\u00a0EVO II Pro 6K Rugged Bundle V3\u00a0from\u00a0Autel Robotics provides filmmakers with professional aerial imaging results.\",\"breadcrumb\":{\"@id\":\"https:\/\/www.ghostysky.com\/product\/autel-robotics-evo-ii-pro-6k-v3-rugged-bundle\/#breadcrumb\"},\"inLanguage\":\"fr-FR\",\"potentialAction\":[{\"@type\":\"ReadAction\",\"target\":[\"https:\/\/www.ghostysky.com\/product\/autel-robotics-evo-ii-pro-6k-v3-rugged-bundle\/\"]}]},{\"@type\":\"ImageObject\",\"inLanguage\":\"fr-FR\",\"@id\":\"https:\/\/www.ghostysky.com\/product\/autel-robotics-evo-ii-pro-6k-v3-rugged-bundle\/#primaryimage\",\"url\":\"https:\/\/www.ghostysky.com\/wp-content\/uploads\/2023\/03\/Autel-EVOII-Pro-V3-Rugged-Bundle-2.jpg\",\"contentUrl\":\"https:\/\/www.ghostysky.com\/wp-content\/uploads\/2023\/03\/Autel-EVOII-Pro-V3-Rugged-Bundle-2.jpg\",\"width\":500,\"height\":500},{\"@type\":\"BreadcrumbList\",\"@id\":\"https:\/\/www.ghostysky.com\/product\/autel-robotics-evo-ii-pro-6k-v3-rugged-bundle\/#breadcrumb\",\"itemListElement\":[{\"@type\":\"ListItem\",\"position\":1,\"name\":\"Home\",\"item\":\"https:\/\/www.ghostysky.com\/\"},{\"@type\":\"ListItem\",\"position\":2,\"name\":\"Shop\",\"item\":\"https:\/\/www.ghostysky.com\/shop\/\"},{\"@type\":\"ListItem\",\"position\":3,\"name\":\"Autel Robotics EVO II Pro 6K V3 Rugged Bundle\"}]},{\"@type\":\"WebSite\",\"@id\":\"https:\/\/www.ghostysky.com\/#website\",\"url\":\"https:\/\/www.ghostysky.com\/\",\"name\":\"Ghostysky\",\"description\":\"Delivering professional drones and services\",\"publisher\":{\"@id\":\"https:\/\/www.ghostysky.com\/#organization\"},\"potentialAction\":[{\"@type\":\"SearchAction\",\"target\":{\"@type\":\"EntryPoint\",\"urlTemplate\":\"https:\/\/www.ghostysky.com\/?s={search_term_string}\"},\"query-input\":{\"@type\":\"PropertyValueSpecification\",\"valueRequired\":true,\"valueName\":\"search_term_string\"}}],\"inLanguage\":\"fr-FR\"},{\"@type\":\"Organization\",\"@id\":\"https:\/\/www.ghostysky.com\/#organization\",\"name\":\"Ghostysky\",\"url\":\"https:\/\/www.ghostysky.com\/\",\"logo\":{\"@type\":\"ImageObject\",\"inLanguage\":\"fr-FR\",\"@id\":\"https:\/\/www.ghostysky.com\/#\/schema\/logo\/image\/\",\"url\":\"https:\/\/www.ghostysky.com\/wp-content\/uploads\/2020\/06\/cropped-ghostyskylogo_text_white2.png\",\"contentUrl\":\"https:\/\/www.ghostysky.com\/wp-content\/uploads\/2020\/06\/cropped-ghostyskylogo_text_white2.png\",\"width\":169,\"height\":56,\"caption\":\"Ghostysky\"},\"image\":{\"@id\":\"https:\/\/www.ghostysky.com\/#\/schema\/logo\/image\/\"},\"sameAs\":[\"https:\/\/www.facebook.com\/people\/Ghostysky\/100057676170234\/\",\"https:\/\/x.com\/Gh0stysky\",\"https:\/\/www.linkedin.com\/company\/34739653\",\"https:\/\/www.instagram.com\/gh0stysky\"]}]}<\/script>\n<!-- \/ Yoast SEO plugin. -->","yoast_head_json":{"title":"Pack robuste Autel Robotics EVO II Pro 6K V3 -","description":"Combinant une optique haut de gamme et un traitement num\u00e9rique avec une cellule robuste, l&#039;EVO II Pro 6K Rugged Bundle V3 d&#039;Autel Robotics offre aux cin\u00e9astes des r\u00e9sultats d&#039;imagerie a\u00e9rienne professionnels.","robots":{"index":"index","follow":"follow","max-snippet":"max-snippet:-1","max-image-preview":"max-image-preview:large","max-video-preview":"max-video-preview:-1"},"canonical":"https:\/\/www.ghostysky.com\/fr\/product\/autel-robotics-evo-ii-pro-6k-v3-rugged-bundle\/","og_locale":"fr_FR","og_type":"article","og_title":"Autel Robotics EVO II Pro 6K V3 Rugged Bundle -","og_description":"Combining high-end optics and digital processing with a rugged airframe, the\u00a0EVO II Pro 6K Rugged Bundle V3\u00a0from\u00a0Autel Robotics provides filmmakers with professional aerial imaging results.","og_url":"https:\/\/www.ghostysky.com\/fr\/product\/autel-robotics-evo-ii-pro-6k-v3-rugged-bundle\/","og_site_name":"Ghostysky","article_publisher":"https:\/\/www.facebook.com\/people\/Ghostysky\/100057676170234\/","article_modified_time":"2023-04-03T20:04:07+00:00","og_image":[{"width":500,"height":500,"url":"https:\/\/www.ghostysky.com\/wp-content\/uploads\/2023\/03\/Autel-EVOII-Pro-V3-Rugged-Bundle-2.jpg","type":"image\/jpeg"}],"twitter_card":"summary_large_image","twitter_site":"@Gh0stysky","twitter_misc":{"Dur\u00e9e de lecture estim\u00e9e":"2 minutes"},"schema":{"@context":"https:\/\/schema.org","@graph":[{"@type":"WebPage","@id":"https:\/\/www.ghostysky.com\/product\/autel-robotics-evo-ii-pro-6k-v3-rugged-bundle\/","url":"https:\/\/www.ghostysky.com\/product\/autel-robotics-evo-ii-pro-6k-v3-rugged-bundle\/","name":"Pack robuste Autel Robotics EVO II Pro 6K V3 -","isPartOf":{"@id":"https:\/\/www.ghostysky.com\/#website"},"primaryImageOfPage":{"@id":"https:\/\/www.ghostysky.com\/product\/autel-robotics-evo-ii-pro-6k-v3-rugged-bundle\/#primaryimage"},"image":{"@id":"https:\/\/www.ghostysky.com\/product\/autel-robotics-evo-ii-pro-6k-v3-rugged-bundle\/#primaryimage"},"thumbnailUrl":"https:\/\/www.ghostysky.com\/wp-content\/uploads\/2023\/03\/Autel-EVOII-Pro-V3-Rugged-Bundle-2.jpg","datePublished":"2023-03-19T10:50:07+00:00","dateModified":"2023-04-03T20:04:07+00:00","description":"Combinant une optique haut de gamme et un traitement num\u00e9rique avec une cellule robuste, l&#039;EVO II Pro 6K Rugged Bundle V3 d&#039;Autel Robotics offre aux cin\u00e9astes des r\u00e9sultats d&#039;imagerie a\u00e9rienne professionnels.","breadcrumb":{"@id":"https:\/\/www.ghostysky.com\/product\/autel-robotics-evo-ii-pro-6k-v3-rugged-bundle\/#breadcrumb"},"inLanguage":"fr-FR","potentialAction":[{"@type":"ReadAction","target":["https:\/\/www.ghostysky.com\/product\/autel-robotics-evo-ii-pro-6k-v3-rugged-bundle\/"]}]},{"@type":"ImageObject","inLanguage":"fr-FR","@id":"https:\/\/www.ghostysky.com\/product\/autel-robotics-evo-ii-pro-6k-v3-rugged-bundle\/#primaryimage","url":"https:\/\/www.ghostysky.com\/wp-content\/uploads\/2023\/03\/Autel-EVOII-Pro-V3-Rugged-Bundle-2.jpg","contentUrl":"https:\/\/www.ghostysky.com\/wp-content\/uploads\/2023\/03\/Autel-EVOII-Pro-V3-Rugged-Bundle-2.jpg","width":500,"height":500},{"@type":"BreadcrumbList","@id":"https:\/\/www.ghostysky.com\/product\/autel-robotics-evo-ii-pro-6k-v3-rugged-bundle\/#breadcrumb","itemListElement":[{"@type":"ListItem","position":1,"name":"Home","item":"https:\/\/www.ghostysky.com\/"},{"@type":"ListItem","position":2,"name":"Shop","item":"https:\/\/www.ghostysky.com\/shop\/"},{"@type":"ListItem","position":3,"name":"Autel Robotics EVO II Pro 6K V3 Rugged Bundle"}]},{"@type":"WebSite","@id":"https:\/\/www.ghostysky.com\/#website","url":"https:\/\/www.ghostysky.com\/","name":"Ghostysky","description":"Livraison de drones et de services professionnels","publisher":{"@id":"https:\/\/www.ghostysky.com\/#organization"},"potentialAction":[{"@type":"SearchAction","target":{"@type":"EntryPoint","urlTemplate":"https:\/\/www.ghostysky.com\/?s={search_term_string}"},"query-input":{"@type":"PropertyValueSpecification","valueRequired":true,"valueName":"search_term_string"}}],"inLanguage":"fr-FR"},{"@type":"Organization","@id":"https:\/\/www.ghostysky.com\/#organization","name":"Ghostysky","url":"https:\/\/www.ghostysky.com\/","logo":{"@type":"ImageObject","inLanguage":"fr-FR","@id":"https:\/\/www.ghostysky.com\/#\/schema\/logo\/image\/","url":"https:\/\/www.ghostysky.com\/wp-content\/uploads\/2020\/06\/cropped-ghostyskylogo_text_white2.png","contentUrl":"https:\/\/www.ghostysky.com\/wp-content\/uploads\/2020\/06\/cropped-ghostyskylogo_text_white2.png","width":169,"height":56,"caption":"Ghostysky"},"image":{"@id":"https:\/\/www.ghostysky.com\/#\/schema\/logo\/image\/"},"sameAs":["https:\/\/www.facebook.com\/people\/Ghostysky\/100057676170234\/","https:\/\/x.com\/Gh0stysky","https:\/\/www.linkedin.com\/company\/34739653","https:\/\/www.instagram.com\/gh0stysky"]}]}},"_links":{"self":[{"href":"https:\/\/www.ghostysky.com\/fr\/wp-json\/wp\/v2\/product\/11131","targetHints":{"allow":["GET"]}}],"collection":[{"href":"https:\/\/www.ghostysky.com\/fr\/wp-json\/wp\/v2\/product"}],"about":[{"href":"https:\/\/www.ghostysky.com\/fr\/wp-json\/wp\/v2\/types\/product"}],"replies":[{"embeddable":true,"href":"https:\/\/www.ghostysky.com\/fr\/wp-json\/wp\/v2\/comments?post=11131"}],"wp:featuredmedia":[{"embeddable":true,"href":"https:\/\/www.ghostysky.com\/fr\/wp-json\/wp\/v2\/media\/11138"}],"wp:attachment":[{"href":"https:\/\/www.ghostysky.com\/fr\/wp-json\/wp\/v2\/media?parent=11131"}],"wp:term":[{"taxonomy":"product_brand","embeddable":true,"href":"https:\/\/www.ghostysky.com\/fr\/wp-json\/wp\/v2\/product_brand?post=11131"},{"taxonomy":"product_cat","embeddable":true,"href":"https:\/\/www.ghostysky.com\/fr\/wp-json\/wp\/v2\/product_cat?post=11131"},{"taxonomy":"product_tag","embeddable":true,"href":"https:\/\/www.ghostysky.com\/fr\/wp-json\/wp\/v2\/product_tag?post=11131"}],"curies":[{"name":"wp","href":"https:\/\/api.w.org\/{rel}","templated":true}]}}