{"id":11146,"date":"2023-03-19T12:19:39","date_gmt":"2023-03-19T12:19:39","guid":{"rendered":"https:\/\/www.ghostysky.com\/?post_type=product&#038;p=11146"},"modified":"2025-10-14T11:25:29","modified_gmt":"2025-10-14T11:25:29","slug":"autel-robotics-evo-ii-pro-rtk-v3-rugged-bundle","status":"publish","type":"product","link":"https:\/\/www.ghostysky.com\/fr\/product\/autel-robotics-evo-ii-pro-rtk-v3-rugged-bundle\/","title":{"rendered":"Pack robuste Autel Robotics EVO II Pro RTK V3"},"content":{"rendered":"<div>\n<div class=\"feature_UbV5SNP5Eo\">\n<div class=\"featureHeader_UbV5SNP5Eo\">\n<h3 class=\"text_TAw0W35QK_ comfy_TAw0W35QK_ sizeTitle2_TAw0W35QK_ weightNormal_TAw0W35QK_ primary_i3MsQsqoe0\">Cartographie au niveau centim\u00e9trique<\/h3>\n<\/div>\n<div>\n<div class=\"js-injected-html text_UbV5SNP5Eo\">\n<p>Le module RTK int\u00e9gr\u00e9 permet \u00e0 divers secteurs, tels que l&#039;agriculture et le b\u00e2timent, de localiser et de cartographier de vastes zones au centim\u00e8tre pr\u00e8s depuis les airs. Il offre une pr\u00e9cision horizontale de 1 cm + 1 ppm et verticale de 1,5 cm + 1 ppm. L&#039;obtention de ces donn\u00e9es ne prend qu&#039;environ 3 minutes. Pour les zones complexes et sujettes aux interf\u00e9rences, vous pouvez utiliser l&#039;EVO II Pro avec les stations de base RTK NTRIP et le r\u00e9seau en option afin d&#039;am\u00e9liorer la pr\u00e9cision de la cartographie et la stabilit\u00e9 de l&#039;acquisition des donn\u00e9es.<\/p>\n<p>Lors de l&#039;utilisation d&#039;un r\u00e9seau NTRIP, aucun GCP n&#039;est requis, car le drone se connecte directement au r\u00e9seau. Il enregistre les donn\u00e9es d&#039;observation satellite originales, l&#039;exposition de la cam\u00e9ra, etc., et prend en charge le post-traitement PPK pour ajuster la pr\u00e9cision des donn\u00e9es collect\u00e9es.<\/p>\n<\/div>\n<\/div>\n<\/div>\n<\/div>\n<div>\n<div class=\"feature_UbV5SNP5Eo\">\n<div class=\"featureHeader_UbV5SNP5Eo\">\n<h3 class=\"text_TAw0W35QK_ comfy_TAw0W35QK_ sizeTitle2_TAw0W35QK_ weightNormal_TAw0W35QK_ primary_i3MsQsqoe0\">Autel Explorer pour la cartographie<\/h3>\n<\/div>\n<div>\n<div class=\"js-injected-html text_UbV5SNP5Eo\">\n<p>Avec Autel Explorer, vous pouvez utiliser le drone EVO II Pro V3 pour effectuer des missions de cartographie en utilisant une vari\u00e9t\u00e9 de fonctionnalit\u00e9s et de fonctions.<\/p>\n<ul>\n<li>Sauvegarde de profil multi-NTRIP : cela permet au drone de red\u00e9marrer une mission apr\u00e8s un changement de batterie l\u00e0 o\u00f9 il s&#039;\u00e9tait arr\u00eat\u00e9.<\/li>\n<li>R\u00e9plication de photos : vous pouvez enregistrer tous les mouvements du cardan, de la cam\u00e9ra et du drone, produisant ainsi un enregistrement complet d&#039;une mission qui peut ensuite \u00eatre r\u00e9p\u00e9t\u00e9.<\/li>\n<li>Missions multi-batteries : cr\u00e9ez et enregistrez plusieurs profils NTRIP pour diff\u00e9rents emplacements sans avoir \u00e0 saisir manuellement les informations de compte pour chaque vol.<\/li>\n<li>Cr\u00e9er des missions de cartographie rectangulaires ou polygonales<\/li>\n<li>Prend en charge le mappage \u00e0 double grille pour des angles suppl\u00e9mentaires<\/li>\n<li>Obtenez un contr\u00f4le manuel complet sur les param\u00e8tres de l&#039;appareil photo<\/li>\n<li>Les virages sans interruption permettent de gagner du temps et d&#039;\u00e9conomiser la batterie<\/li>\n<li>Titres de cours personnalisables pour r\u00e9pondre aux exigences d&#039;orientation<\/li>\n<\/ul>\n<\/div>\n<\/div>\n<\/div>\n<\/div>\n<div>\n<div class=\"feature_UbV5SNP5Eo\">\n<div class=\"featureHeader_UbV5SNP5Eo\">\n<h3 class=\"text_TAw0W35QK_ comfy_TAw0W35QK_ sizeTitle2_TAw0W35QK_ weightNormal_TAw0W35QK_ primary_i3MsQsqoe0\">Contr\u00f4leur intelligent V3 avec SkyLink 2.0<\/h3>\n<\/div>\n<div>\n<div class=\"js-injected-html text_UbV5SNP5Eo\">Gr\u00e2ce \u00e0 SkyLink 2.0, l&#039;\u00e9cran 7,9 pouces int\u00e9gr\u00e9 du Smart Controller V3 peut recevoir des vid\u00e9os HD en vol jusqu&#039;\u00e0 15 km (ou en qualit\u00e9 QHD jusqu&#039;\u00e0 1 km). La r\u00e9ception est con\u00e7ue pour \u00eatre stable et sans interf\u00e9rences gr\u00e2ce au saut de fr\u00e9quence triple bande (900 MHz, 2,4 GHz et 5,8 GHz). Gr\u00e2ce \u00e0 sa luminosit\u00e9 de 2000 cd\/m\u00b2, vous pouvez facilement visionner les images du drone, m\u00eame en plein soleil. Vous n&#039;\u00eates pas limit\u00e9 aux journ\u00e9es ensoleill\u00e9es. Le Smart Controller V3 r\u00e9siste \u00e0 des temp\u00e9ratures allant de -20 \u00b0C \u00e0 40 \u00b0C et est certifi\u00e9 IP43 pour une performance par tous les temps.<\/div>\n<\/div>\n<\/div>\n<\/div>\n<div>\n<div class=\"feature_UbV5SNP5Eo\">\n<div class=\"featureHeader_UbV5SNP5Eo\">\n<h3 class=\"text_TAw0W35QK_ comfy_TAw0W35QK_ sizeTitle2_TAw0W35QK_ weightNormal_TAw0W35QK_ primary_i3MsQsqoe0\">\u00c9vitement d&#039;obstacles \u00e0 360 degr\u00e9s<\/h3>\n<\/div>\n<div>\n<div class=\"js-injected-html text_UbV5SNP5Eo\">En vol, un ensemble de 19 capteurs, dont 12 capteurs visuels, la cam\u00e9ra principale, des IMU \u00e0 ultrasons et plus encore, peuvent cr\u00e9er une carte 3D de l&#039;environnement du drone et planifier un chemin clair vers sa destination en temps r\u00e9el.<\/div>\n<\/div>\n<\/div>\n<\/div>\n<div>\n<div class=\"feature_UbV5SNP5Eo\">\n<div class=\"featureHeader_UbV5SNP5Eo\">\n<h3 class=\"text_TAw0W35QK_ comfy_TAw0W35QK_ sizeTitle2_TAw0W35QK_ weightNormal_TAw0W35QK_ primary_i3MsQsqoe0\">Fonctionnalit\u00e9s suppl\u00e9mentaires<\/h3>\n<\/div>\n<div>\n<div class=\"js-injected-html text_UbV5SNP5Eo\">\n<ul>\n<li>R\u00e9sistance au vent de niveau 8<\/li>\n<li>Zoom num\u00e9rique jusqu&#039;\u00e0 16x et zoom sans perte 3x<\/li>\n<li>Jusqu&#039;\u00e0 38 minutes de temps de vol<\/li>\n<li>ISO maximal de 44\u00a0000<\/li>\n<li>Compatible avec le Live Deck 2 en option pour la diffusion en direct des informations de mission<\/li>\n<li>Peut \u00eatre pilot\u00e9 m\u00eame si le firmware et l&#039;application ne sont pas enti\u00e8rement mis \u00e0 jour<\/li>\n<li>Sans zones de vol int\u00e9gr\u00e9es, rien ne vous emp\u00eache de d\u00e9coller quand vous en avez besoin<\/li>\n<\/ul>\n<h3>DANS LA BO\u00ceTE<\/h3>\n<ul>\n<li>Avion *1 ((Batterie, h\u00e9lice, cache cardan, carte SD 32G inclus)<\/li>\n<li>T\u00e9l\u00e9commande*1<\/li>\n<li>H\u00e9lices de rechange*1 paire<\/li>\n<li>Batterie de rechange*2<\/li>\n<li>Chargeur de batterie + c\u00e2ble d&#039;alimentation * 1<\/li>\n<li>Chargeur de voiture*1<\/li>\n<li>Chargeur multiple*1<\/li>\n<li>Chargeur RC *1<\/li>\n<li>C\u00e2ble de chargement RC*1<\/li>\n<li>Manche de commande de rechange (paire)*1<\/li>\n<li>\u00c9tui de protection RC*1<\/li>\n<li>Cordon RC*1<\/li>\n<li>Cache-port \u00e9tendu*1<\/li>\n<li>\u00c9tui de protection*1<\/li>\n<li>Guide rapide<\/li>\n<\/ul>\n<\/div>\n<\/div>\n<\/div>\n<\/div>","protected":false},"excerpt":{"rendered":"<p>Le polyvalent\u00a0<b>Offre group\u00e9e robuste EVO II Pro 6K RTK V3<\/b>\u00a0depuis\u00a0<b>Autel Robotique<\/b> Elle vous offre une optique de qualit\u00e9 professionnelle et un module RTK int\u00e9gr\u00e9 pour l&#039;agriculture, la construction et d&#039;autres secteurs n\u00e9cessitant une cartographie pr\u00e9cise au centim\u00e8tre pr\u00e8s. Lors des tournages, le capteur CMOS 20 Mpx 1&quot; offre une r\u00e9solution allant jusqu&#039;\u00e0 6K pour une qualit\u00e9 exceptionnelle et des images nocturnes \u00e0 faible bruit. L&#039;ouverture r\u00e9glable de f\/2,8 \u00e0 f\/11 offre une flexibilit\u00e9 sur site.<\/p>","protected":false},"featured_media":11151,"comment_status":"open","ping_status":"closed","template":"","meta":[],"product_brand":[],"product_cat":[220,364,29],"product_tag":[425,500,424,502,423,426,427,422],"class_list":{"0":"post-11146","1":"product","2":"type-product","3":"status-publish","4":"has-post-thumbnail","6":"product_cat-autel","7":"product_cat-bundles-autel","8":"product_cat-drones","9":"product_tag-agriculture-field","10":"product_tag-autel-evo-ii-v3","11":"product_tag-construction","12":"product_tag-evo-ii-pro-rtk-v3-rugged-bundle","13":"product_tag-mining-aggregates","14":"product_tag-researchenvironment","15":"product_tag-searchrescue","16":"product_tag-surveying-gis","18":"first","19":"onbackorder","20":"taxable","21":"shipping-taxable","22":"purchasable","23":"product-type-simple"},"yoast_head":"<!-- This site is optimized with the Yoast SEO plugin v27.1.1 - https:\/\/yoast.com\/product\/yoast-seo-wordpress\/ -->\n<title>Autel Robotics EVO II Pro RTK V3 Rugged Bundle -<\/title>\n<meta name=\"description\" content=\"The versatile\u00a0EVO II Pro 6K RTK Rugged Bundle V3\u00a0from\u00a0Autel Robotics provides you with professional-grade optics and an integrated RTK module for agriculture, construction, and other industries that require centimeter-level accurate mapping.\" \/>\n<meta name=\"robots\" content=\"index, follow, max-snippet:-1, max-image-preview:large, max-video-preview:-1\" \/>\n<link rel=\"canonical\" href=\"https:\/\/www.ghostysky.com\/fr\/product\/autel-robotics-evo-ii-pro-rtk-v3-rugged-bundle\/\" \/>\n<meta property=\"og:locale\" content=\"fr_FR\" \/>\n<meta property=\"og:type\" content=\"article\" \/>\n<meta property=\"og:title\" content=\"Autel Robotics EVO II Pro RTK V3 Rugged Bundle -\" \/>\n<meta property=\"og:description\" content=\"The versatile\u00a0EVO II Pro 6K RTK Rugged Bundle V3\u00a0from\u00a0Autel Robotics provides you with professional-grade optics and an integrated RTK module for agriculture, construction, and other industries that require centimeter-level accurate mapping.\" \/>\n<meta property=\"og:url\" content=\"https:\/\/www.ghostysky.com\/fr\/product\/autel-robotics-evo-ii-pro-rtk-v3-rugged-bundle\/\" \/>\n<meta property=\"og:site_name\" content=\"Ghostysky\" \/>\n<meta property=\"article:publisher\" content=\"https:\/\/www.facebook.com\/people\/Ghostysky\/100057676170234\/\" \/>\n<meta property=\"article:modified_time\" content=\"2025-10-14T11:25:29+00:00\" \/>\n<meta property=\"og:image\" content=\"https:\/\/www.ghostysky.com\/wp-content\/uploads\/2023\/03\/EVOII-Pro-RTK-V3-Rugged-Bundle-2.webp\" \/>\n\t<meta property=\"og:image:width\" content=\"760\" \/>\n\t<meta property=\"og:image:height\" content=\"760\" \/>\n\t<meta property=\"og:image:type\" content=\"image\/webp\" \/>\n<meta name=\"twitter:card\" content=\"summary_large_image\" \/>\n<meta name=\"twitter:site\" content=\"@Gh0stysky\" \/>\n<meta name=\"twitter:label1\" content=\"Dur\u00e9e de lecture estim\u00e9e\" \/>\n\t<meta name=\"twitter:data1\" content=\"3 minutes\" \/>\n<script type=\"application\/ld+json\" class=\"yoast-schema-graph\">{\"@context\":\"https:\/\/schema.org\",\"@graph\":[{\"@type\":\"WebPage\",\"@id\":\"https:\/\/www.ghostysky.com\/product\/autel-robotics-evo-ii-pro-rtk-v3-rugged-bundle\/\",\"url\":\"https:\/\/www.ghostysky.com\/product\/autel-robotics-evo-ii-pro-rtk-v3-rugged-bundle\/\",\"name\":\"Autel Robotics EVO II Pro RTK V3 Rugged Bundle -\",\"isPartOf\":{\"@id\":\"https:\/\/www.ghostysky.com\/#website\"},\"primaryImageOfPage\":{\"@id\":\"https:\/\/www.ghostysky.com\/product\/autel-robotics-evo-ii-pro-rtk-v3-rugged-bundle\/#primaryimage\"},\"image\":{\"@id\":\"https:\/\/www.ghostysky.com\/product\/autel-robotics-evo-ii-pro-rtk-v3-rugged-bundle\/#primaryimage\"},\"thumbnailUrl\":\"https:\/\/www.ghostysky.com\/wp-content\/uploads\/2023\/03\/EVOII-Pro-RTK-V3-Rugged-Bundle-2.webp\",\"datePublished\":\"2023-03-19T12:19:39+00:00\",\"dateModified\":\"2025-10-14T11:25:29+00:00\",\"description\":\"The versatile\u00a0EVO II Pro 6K RTK Rugged Bundle V3\u00a0from\u00a0Autel Robotics provides you with professional-grade optics and an integrated RTK module for agriculture, construction, and other industries that require centimeter-level accurate mapping.\",\"breadcrumb\":{\"@id\":\"https:\/\/www.ghostysky.com\/product\/autel-robotics-evo-ii-pro-rtk-v3-rugged-bundle\/#breadcrumb\"},\"inLanguage\":\"fr-FR\",\"potentialAction\":[{\"@type\":\"ReadAction\",\"target\":[\"https:\/\/www.ghostysky.com\/product\/autel-robotics-evo-ii-pro-rtk-v3-rugged-bundle\/\"]}]},{\"@type\":\"ImageObject\",\"inLanguage\":\"fr-FR\",\"@id\":\"https:\/\/www.ghostysky.com\/product\/autel-robotics-evo-ii-pro-rtk-v3-rugged-bundle\/#primaryimage\",\"url\":\"https:\/\/www.ghostysky.com\/wp-content\/uploads\/2023\/03\/EVOII-Pro-RTK-V3-Rugged-Bundle-2.webp\",\"contentUrl\":\"https:\/\/www.ghostysky.com\/wp-content\/uploads\/2023\/03\/EVOII-Pro-RTK-V3-Rugged-Bundle-2.webp\",\"width\":760,\"height\":760},{\"@type\":\"BreadcrumbList\",\"@id\":\"https:\/\/www.ghostysky.com\/product\/autel-robotics-evo-ii-pro-rtk-v3-rugged-bundle\/#breadcrumb\",\"itemListElement\":[{\"@type\":\"ListItem\",\"position\":1,\"name\":\"Home\",\"item\":\"https:\/\/www.ghostysky.com\/\"},{\"@type\":\"ListItem\",\"position\":2,\"name\":\"Shop\",\"item\":\"https:\/\/www.ghostysky.com\/shop\/\"},{\"@type\":\"ListItem\",\"position\":3,\"name\":\"Autel Robotics EVO II Pro RTK V3 Rugged Bundle\"}]},{\"@type\":\"WebSite\",\"@id\":\"https:\/\/www.ghostysky.com\/#website\",\"url\":\"https:\/\/www.ghostysky.com\/\",\"name\":\"Ghostysky\",\"description\":\"Delivering professional drones and services\",\"publisher\":{\"@id\":\"https:\/\/www.ghostysky.com\/#organization\"},\"potentialAction\":[{\"@type\":\"SearchAction\",\"target\":{\"@type\":\"EntryPoint\",\"urlTemplate\":\"https:\/\/www.ghostysky.com\/?s={search_term_string}\"},\"query-input\":{\"@type\":\"PropertyValueSpecification\",\"valueRequired\":true,\"valueName\":\"search_term_string\"}}],\"inLanguage\":\"fr-FR\"},{\"@type\":\"Organization\",\"@id\":\"https:\/\/www.ghostysky.com\/#organization\",\"name\":\"Ghostysky\",\"url\":\"https:\/\/www.ghostysky.com\/\",\"logo\":{\"@type\":\"ImageObject\",\"inLanguage\":\"fr-FR\",\"@id\":\"https:\/\/www.ghostysky.com\/#\/schema\/logo\/image\/\",\"url\":\"https:\/\/www.ghostysky.com\/wp-content\/uploads\/2020\/06\/cropped-ghostyskylogo_text_white2.png\",\"contentUrl\":\"https:\/\/www.ghostysky.com\/wp-content\/uploads\/2020\/06\/cropped-ghostyskylogo_text_white2.png\",\"width\":169,\"height\":56,\"caption\":\"Ghostysky\"},\"image\":{\"@id\":\"https:\/\/www.ghostysky.com\/#\/schema\/logo\/image\/\"},\"sameAs\":[\"https:\/\/www.facebook.com\/people\/Ghostysky\/100057676170234\/\",\"https:\/\/x.com\/Gh0stysky\",\"https:\/\/www.linkedin.com\/company\/34739653\",\"https:\/\/www.instagram.com\/gh0stysky\"]}]}<\/script>\n<!-- \/ Yoast SEO plugin. -->","yoast_head_json":{"title":"Pack robuste Autel Robotics EVO II Pro RTK V3 -","description":"Le pack polyvalent EVO II Pro 6K RTK Rugged Bundle V3 d&#039;Autel Robotics vous offre une optique de qualit\u00e9 professionnelle et un module RTK int\u00e9gr\u00e9 pour l&#039;agriculture, la construction et d&#039;autres industries qui n\u00e9cessitent une cartographie pr\u00e9cise au centim\u00e8tre pr\u00e8s.","robots":{"index":"index","follow":"follow","max-snippet":"max-snippet:-1","max-image-preview":"max-image-preview:large","max-video-preview":"max-video-preview:-1"},"canonical":"https:\/\/www.ghostysky.com\/fr\/product\/autel-robotics-evo-ii-pro-rtk-v3-rugged-bundle\/","og_locale":"fr_FR","og_type":"article","og_title":"Autel Robotics EVO II Pro RTK V3 Rugged Bundle -","og_description":"The versatile\u00a0EVO II Pro 6K RTK Rugged Bundle V3\u00a0from\u00a0Autel Robotics provides you with professional-grade optics and an integrated RTK module for agriculture, construction, and other industries that require centimeter-level accurate mapping.","og_url":"https:\/\/www.ghostysky.com\/fr\/product\/autel-robotics-evo-ii-pro-rtk-v3-rugged-bundle\/","og_site_name":"Ghostysky","article_publisher":"https:\/\/www.facebook.com\/people\/Ghostysky\/100057676170234\/","article_modified_time":"2025-10-14T11:25:29+00:00","og_image":[{"width":760,"height":760,"url":"https:\/\/www.ghostysky.com\/wp-content\/uploads\/2023\/03\/EVOII-Pro-RTK-V3-Rugged-Bundle-2.webp","type":"image\/webp"}],"twitter_card":"summary_large_image","twitter_site":"@Gh0stysky","twitter_misc":{"Dur\u00e9e de lecture estim\u00e9e":"3 minutes"},"schema":{"@context":"https:\/\/schema.org","@graph":[{"@type":"WebPage","@id":"https:\/\/www.ghostysky.com\/product\/autel-robotics-evo-ii-pro-rtk-v3-rugged-bundle\/","url":"https:\/\/www.ghostysky.com\/product\/autel-robotics-evo-ii-pro-rtk-v3-rugged-bundle\/","name":"Pack robuste Autel Robotics EVO II Pro RTK V3 -","isPartOf":{"@id":"https:\/\/www.ghostysky.com\/#website"},"primaryImageOfPage":{"@id":"https:\/\/www.ghostysky.com\/product\/autel-robotics-evo-ii-pro-rtk-v3-rugged-bundle\/#primaryimage"},"image":{"@id":"https:\/\/www.ghostysky.com\/product\/autel-robotics-evo-ii-pro-rtk-v3-rugged-bundle\/#primaryimage"},"thumbnailUrl":"https:\/\/www.ghostysky.com\/wp-content\/uploads\/2023\/03\/EVOII-Pro-RTK-V3-Rugged-Bundle-2.webp","datePublished":"2023-03-19T12:19:39+00:00","dateModified":"2025-10-14T11:25:29+00:00","description":"Le pack polyvalent EVO II Pro 6K RTK Rugged Bundle V3 d&#039;Autel Robotics vous offre une optique de qualit\u00e9 professionnelle et un module RTK int\u00e9gr\u00e9 pour l&#039;agriculture, la construction et d&#039;autres industries qui n\u00e9cessitent une cartographie pr\u00e9cise au centim\u00e8tre pr\u00e8s.","breadcrumb":{"@id":"https:\/\/www.ghostysky.com\/product\/autel-robotics-evo-ii-pro-rtk-v3-rugged-bundle\/#breadcrumb"},"inLanguage":"fr-FR","potentialAction":[{"@type":"ReadAction","target":["https:\/\/www.ghostysky.com\/product\/autel-robotics-evo-ii-pro-rtk-v3-rugged-bundle\/"]}]},{"@type":"ImageObject","inLanguage":"fr-FR","@id":"https:\/\/www.ghostysky.com\/product\/autel-robotics-evo-ii-pro-rtk-v3-rugged-bundle\/#primaryimage","url":"https:\/\/www.ghostysky.com\/wp-content\/uploads\/2023\/03\/EVOII-Pro-RTK-V3-Rugged-Bundle-2.webp","contentUrl":"https:\/\/www.ghostysky.com\/wp-content\/uploads\/2023\/03\/EVOII-Pro-RTK-V3-Rugged-Bundle-2.webp","width":760,"height":760},{"@type":"BreadcrumbList","@id":"https:\/\/www.ghostysky.com\/product\/autel-robotics-evo-ii-pro-rtk-v3-rugged-bundle\/#breadcrumb","itemListElement":[{"@type":"ListItem","position":1,"name":"Home","item":"https:\/\/www.ghostysky.com\/"},{"@type":"ListItem","position":2,"name":"Shop","item":"https:\/\/www.ghostysky.com\/shop\/"},{"@type":"ListItem","position":3,"name":"Autel Robotics EVO II Pro RTK V3 Rugged Bundle"}]},{"@type":"WebSite","@id":"https:\/\/www.ghostysky.com\/#website","url":"https:\/\/www.ghostysky.com\/","name":"Ghostysky","description":"Livraison de drones et de services professionnels","publisher":{"@id":"https:\/\/www.ghostysky.com\/#organization"},"potentialAction":[{"@type":"SearchAction","target":{"@type":"EntryPoint","urlTemplate":"https:\/\/www.ghostysky.com\/?s={search_term_string}"},"query-input":{"@type":"PropertyValueSpecification","valueRequired":true,"valueName":"search_term_string"}}],"inLanguage":"fr-FR"},{"@type":"Organization","@id":"https:\/\/www.ghostysky.com\/#organization","name":"Ghostysky","url":"https:\/\/www.ghostysky.com\/","logo":{"@type":"ImageObject","inLanguage":"fr-FR","@id":"https:\/\/www.ghostysky.com\/#\/schema\/logo\/image\/","url":"https:\/\/www.ghostysky.com\/wp-content\/uploads\/2020\/06\/cropped-ghostyskylogo_text_white2.png","contentUrl":"https:\/\/www.ghostysky.com\/wp-content\/uploads\/2020\/06\/cropped-ghostyskylogo_text_white2.png","width":169,"height":56,"caption":"Ghostysky"},"image":{"@id":"https:\/\/www.ghostysky.com\/#\/schema\/logo\/image\/"},"sameAs":["https:\/\/www.facebook.com\/people\/Ghostysky\/100057676170234\/","https:\/\/x.com\/Gh0stysky","https:\/\/www.linkedin.com\/company\/34739653","https:\/\/www.instagram.com\/gh0stysky"]}]}},"_links":{"self":[{"href":"https:\/\/www.ghostysky.com\/fr\/wp-json\/wp\/v2\/product\/11146","targetHints":{"allow":["GET"]}}],"collection":[{"href":"https:\/\/www.ghostysky.com\/fr\/wp-json\/wp\/v2\/product"}],"about":[{"href":"https:\/\/www.ghostysky.com\/fr\/wp-json\/wp\/v2\/types\/product"}],"replies":[{"embeddable":true,"href":"https:\/\/www.ghostysky.com\/fr\/wp-json\/wp\/v2\/comments?post=11146"}],"wp:featuredmedia":[{"embeddable":true,"href":"https:\/\/www.ghostysky.com\/fr\/wp-json\/wp\/v2\/media\/11151"}],"wp:attachment":[{"href":"https:\/\/www.ghostysky.com\/fr\/wp-json\/wp\/v2\/media?parent=11146"}],"wp:term":[{"taxonomy":"product_brand","embeddable":true,"href":"https:\/\/www.ghostysky.com\/fr\/wp-json\/wp\/v2\/product_brand?post=11146"},{"taxonomy":"product_cat","embeddable":true,"href":"https:\/\/www.ghostysky.com\/fr\/wp-json\/wp\/v2\/product_cat?post=11146"},{"taxonomy":"product_tag","embeddable":true,"href":"https:\/\/www.ghostysky.com\/fr\/wp-json\/wp\/v2\/product_tag?post=11146"}],"curies":[{"name":"wp","href":"https:\/\/api.w.org\/{rel}","templated":true}]}}