{"id":11153,"date":"2023-03-19T12:26:18","date_gmt":"2023-03-19T12:26:18","guid":{"rendered":"https:\/\/www.ghostysky.com\/?post_type=product&#038;p=11153"},"modified":"2025-10-14T11:25:10","modified_gmt":"2025-10-14T11:25:10","slug":"autel-robotics-evo-ii-pro-enterprise-v3","status":"publish","type":"product","link":"https:\/\/www.ghostysky.com\/fr\/product\/autel-robotics-evo-ii-pro-enterprise-v3\/","title":{"rendered":"Autel Robotics EVO II Pro Entreprise V3"},"content":{"rendered":"<div>\n<div class=\"feature_UbV5SNP5Eo\">\n<div class=\"featureHeader_UbV5SNP5Eo\">\n<h3 class=\"text_TAw0W35QK_ comfy_TAw0W35QK_ sizeTitle2_TAw0W35QK_ weightNormal_TAw0W35QK_ primary_i3MsQsqoe0\">Algorithme Moonlight 2.0<\/h3>\n<\/div>\n<div>\n<div class=\"js-injected-html text_UbV5SNP5Eo\">Lors de prises de vue nocturnes, l&#039;algorithme Moonlight 2.0 offre un traitement de r\u00e9duction du bruit dans des conditions de faible luminosit\u00e9 ou difficiles.<\/div>\n<\/div>\n<\/div>\n<\/div>\n<div>\n<div class=\"feature_UbV5SNP5Eo\">\n<div class=\"featureHeader_UbV5SNP5Eo\">\n<h3 class=\"text_TAw0W35QK_ comfy_TAw0W35QK_ sizeTitle2_TAw0W35QK_ weightNormal_TAw0W35QK_ primary_i3MsQsqoe0\">Contr\u00f4leur intelligent V3 avec SkyLink 2.0<\/h3>\n<\/div>\n<div>\n<div class=\"js-injected-html text_UbV5SNP5Eo\">Gr\u00e2ce \u00e0 SkyLink 2.0, l&#039;\u00e9cran 7,9 pouces int\u00e9gr\u00e9 du Smart Controller V3 peut recevoir des vid\u00e9os HD en vol jusqu&#039;\u00e0 15 km (ou en qualit\u00e9 QHD jusqu&#039;\u00e0 1 km). La r\u00e9ception est con\u00e7ue pour \u00eatre stable et sans interf\u00e9rences gr\u00e2ce au saut de fr\u00e9quence triple bande (900 MHz, 2,4 GHz et 5,8 GHz). Gr\u00e2ce \u00e0 la luminosit\u00e9 de 2000 cd\/m\u00b2 de l&#039;\u00e9cran, vous pouvez facilement visionner les images du drone, m\u00eame en plein soleil. Vous n&#039;\u00eates cependant pas limit\u00e9 aux journ\u00e9es ensoleill\u00e9es. Le Smart Controller V3 r\u00e9siste \u00e0 des temp\u00e9ratures allant de -20 \u00b0C \u00e0 40 \u00b0C et est certifi\u00e9 IP43 pour une performance par tous les temps.<\/div>\n<\/div>\n<\/div>\n<\/div>\n<div>\n<div class=\"feature_UbV5SNP5Eo\">\n<div class=\"featureHeader_UbV5SNP5Eo\">\n<h3 class=\"text_TAw0W35QK_ comfy_TAw0W35QK_ sizeTitle2_TAw0W35QK_ weightNormal_TAw0W35QK_ primary_i3MsQsqoe0\">\u00c9vitement d&#039;obstacles \u00e0 360 degr\u00e9s<\/h3>\n<\/div>\n<div>\n<div class=\"js-injected-html text_UbV5SNP5Eo\">En vol, un ensemble de 19 capteurs, dont 12 capteurs visuels, la cam\u00e9ra principale, des IMU \u00e0 ultrasons et plus encore, peuvent cr\u00e9er une carte 3D de l&#039;environnement du drone et r\u00e9duire les angles morts afin que le drone puisse s&#039;arr\u00eater automatiquement avant de heurter un obstacle.<\/div>\n<\/div>\n<\/div>\n<\/div>\n<div>\n<div class=\"feature_UbV5SNP5Eo\">\n<div class=\"featureHeader_UbV5SNP5Eo\">\n<h3 class=\"text_TAw0W35QK_ comfy_TAw0W35QK_ sizeTitle2_TAw0W35QK_ weightNormal_TAw0W35QK_ primary_i3MsQsqoe0\">Robuste et portable<\/h3>\n<\/div>\n<div>\n<div class=\"js-injected-html text_UbV5SNP5Eo\">L&#039;EVO II Pro 6K se plie pour un format compact, facile \u00e0 ranger ou \u00e0 transporter. Une fois d\u00e9pli\u00e9, le ch\u00e2ssis du drone r\u00e9siste aux conditions les plus difficiles gr\u00e2ce \u00e0 ses longs bras et h\u00e9lices en fibre de carbone, ainsi qu&#039;\u00e0 ses grilles d&#039;a\u00e9ration int\u00e9gr\u00e9es qui favorisent la dissipation de la chaleur et prolongent l&#039;autonomie de la batterie.<\/div>\n<\/div>\n<\/div>\n<\/div>\n<div>\n<div class=\"feature_UbV5SNP5Eo\">\n<div class=\"featureHeader_UbV5SNP5Eo\">\n<h3 class=\"text_TAw0W35QK_ comfy_TAw0W35QK_ sizeTitle2_TAw0W35QK_ weightNormal_TAw0W35QK_ primary_i3MsQsqoe0\">R\u00e9cepteur de signal ADS-B<\/h3>\n<\/div>\n<div>\n<div class=\"js-injected-html text_UbV5SNP5Eo\">Ce r\u00e9cepteur d\u00e9tecte la pr\u00e9sence d&#039;a\u00e9ronefs habit\u00e9s \u00e0 proximit\u00e9 et vous avertit par un signal \u00e9mis, vous donnant le temps n\u00e9cessaire pour \u00e9viter les collisions en vol.<\/div>\n<\/div>\n<\/div>\n<\/div>\n<div>\n<div class=\"feature_UbV5SNP5Eo\">\n<div class=\"featureHeader_UbV5SNP5Eo\">\n<h3 class=\"text_TAw0W35QK_ comfy_TAw0W35QK_ sizeTitle2_TAw0W35QK_ weightNormal_TAw0W35QK_ primary_i3MsQsqoe0\">Fonctionnalit\u00e9s suppl\u00e9mentaires<\/h3>\n<\/div>\n<div>\n<div class=\"js-injected-html text_UbV5SNP5Eo\">\n<ul>\n<li>Zoom num\u00e9rique jusqu&#039;\u00e0 16x et zoom sans perte 3x<\/li>\n<li>Planification de mission int\u00e9gr\u00e9e<\/li>\n<li>Jusqu&#039;\u00e0 42 minutes de temps de vol<\/li>\n<li>ISO maximal de 44\u00a0000<\/li>\n<li>Jusqu&#039;\u00e0 39 mph de r\u00e9sistance maximale au vent<\/li>\n<li>Vitesse de vol maximale jusqu&#039;\u00e0 45 mph<\/li>\n<li>Compatible avec le Live Deck 2 en option pour la diffusion en direct des informations de mission<\/li>\n<li>Compatible avec les logiciels optionnels Pix4d, Drone Deploy et Skyebrowse<\/li>\n<li>Le positionnement et la cartographie au niveau centim\u00e9trique sont possibles avec un module RTK en option<\/li>\n<\/ul>\n<h3>DANS LA BO\u00ceTE<\/h3>\n<ul>\n<li>Avion *1 (batterie, h\u00e9lice, cache cardan, carte SD 32G inclus)<\/li>\n<li>T\u00e9l\u00e9commande (manettes incluses)*1<\/li>\n<li>H\u00e9lices de rechange*2 paires<\/li>\n<li>Batterie de rechange*2<\/li>\n<li>Chargeur de batterie + c\u00e2ble d&#039;alimentation * 1<\/li>\n<li>Chargeur de voiture*1<\/li>\n<li>Chargeur multiple*1<\/li>\n<li>Chargeur RC *1<\/li>\n<li>C\u00e2ble de chargement RC*1<\/li>\n<li>Manche de commande de rechange (paire)*1<\/li>\n<li>\u00c9tui de protection RC*1<\/li>\n<li>Cordon RC*1<\/li>\n<li>Cache-port \u00e9tendu*1<\/li>\n<li>\u00c9tui de protection*1<\/li>\n<li>Guide rapide*1<\/li>\n<li>Haut-parleur*1<\/li>\n<li>Pleins feux*1<\/li>\n<li>Stroboscope*1<\/li>\n<\/ul>\n<\/div>\n<\/div>\n<\/div>\n<\/div>","protected":false},"excerpt":{"rendered":"<p>La construction robuste, la s\u00e9lection d&#039;accessoires polyvalente et l&#039;optique haut de gamme font de\u00a0<b>Offre group\u00e9e entreprise EVO II Pro 6K V3<\/b>\u00a0depuis\u00a0<b>Autel Robotique<\/b> Une solution a\u00e9rienne indispensable pour de nombreux m\u00e9tiers. Les cin\u00e9astes appr\u00e9cieront le capteur CMOS Sony 20 Mpx 1\u2033 de l&#039;EVO II Pro, son ouverture r\u00e9glable de f\/2,8 \u00e0 f\/11 et sa capacit\u00e9 \u00e0 filmer en 4K HDR ou jusqu&#039;en 6K.<\/p>","protected":false},"featured_media":11154,"comment_status":"open","ping_status":"closed","template":"","meta":[],"product_brand":[],"product_cat":[220,364,29],"product_tag":[500,503],"class_list":{"0":"post-11153","1":"product","2":"type-product","3":"status-publish","4":"has-post-thumbnail","6":"product_cat-autel","7":"product_cat-bundles-autel","8":"product_cat-drones","9":"product_tag-autel-evo-ii-v3","10":"product_tag-evo-ii-pro-enterprise-v3","12":"first","13":"onbackorder","14":"taxable","15":"shipping-taxable","16":"product-type-simple"},"yoast_head":"<!-- This site is optimized with the Yoast SEO plugin v27.1.1 - https:\/\/yoast.com\/product\/yoast-seo-wordpress\/ -->\n<title>Autel Robotics EVO II Pro Enterprise V3 -<\/title>\n<meta name=\"description\" content=\"The robust construction, versatile accessory selection, and high-end optics make the\u00a0EVO II Pro 6K Enterprise Bundle V3\u00a0from\u00a0Autel Robotics an indispensable aerial solution across many professions.\" \/>\n<meta name=\"robots\" content=\"index, follow, max-snippet:-1, max-image-preview:large, max-video-preview:-1\" \/>\n<link rel=\"canonical\" href=\"https:\/\/www.ghostysky.com\/fr\/product\/autel-robotics-evo-ii-pro-enterprise-v3\/\" \/>\n<meta property=\"og:locale\" content=\"fr_FR\" \/>\n<meta property=\"og:type\" content=\"article\" \/>\n<meta property=\"og:title\" content=\"Autel Robotics EVO II Pro Enterprise V3 -\" \/>\n<meta property=\"og:description\" content=\"The robust construction, versatile accessory selection, and high-end optics make the\u00a0EVO II Pro 6K Enterprise Bundle V3\u00a0from\u00a0Autel Robotics an indispensable aerial solution across many professions.\" \/>\n<meta property=\"og:url\" content=\"https:\/\/www.ghostysky.com\/fr\/product\/autel-robotics-evo-ii-pro-enterprise-v3\/\" \/>\n<meta property=\"og:site_name\" content=\"Ghostysky\" \/>\n<meta property=\"article:publisher\" content=\"https:\/\/www.facebook.com\/people\/Ghostysky\/100057676170234\/\" \/>\n<meta property=\"article:modified_time\" content=\"2025-10-14T11:25:10+00:00\" \/>\n<meta property=\"og:image\" content=\"https:\/\/www.ghostysky.com\/wp-content\/uploads\/2023\/03\/AutelRobotics-EVOII-Pro-Enterprise-V3-1.webp\" \/>\n\t<meta property=\"og:image:width\" content=\"760\" \/>\n\t<meta property=\"og:image:height\" content=\"760\" \/>\n\t<meta property=\"og:image:type\" content=\"image\/webp\" \/>\n<meta name=\"twitter:card\" content=\"summary_large_image\" \/>\n<meta name=\"twitter:site\" content=\"@Gh0stysky\" \/>\n<meta name=\"twitter:label1\" content=\"Dur\u00e9e de lecture estim\u00e9e\" \/>\n\t<meta name=\"twitter:data1\" content=\"2 minutes\" \/>\n<script type=\"application\/ld+json\" class=\"yoast-schema-graph\">{\"@context\":\"https:\/\/schema.org\",\"@graph\":[{\"@type\":\"WebPage\",\"@id\":\"https:\/\/www.ghostysky.com\/product\/autel-robotics-evo-ii-pro-enterprise-v3\/\",\"url\":\"https:\/\/www.ghostysky.com\/product\/autel-robotics-evo-ii-pro-enterprise-v3\/\",\"name\":\"Autel Robotics EVO II Pro Enterprise V3 -\",\"isPartOf\":{\"@id\":\"https:\/\/www.ghostysky.com\/#website\"},\"primaryImageOfPage\":{\"@id\":\"https:\/\/www.ghostysky.com\/product\/autel-robotics-evo-ii-pro-enterprise-v3\/#primaryimage\"},\"image\":{\"@id\":\"https:\/\/www.ghostysky.com\/product\/autel-robotics-evo-ii-pro-enterprise-v3\/#primaryimage\"},\"thumbnailUrl\":\"https:\/\/www.ghostysky.com\/wp-content\/uploads\/2023\/03\/AutelRobotics-EVOII-Pro-Enterprise-V3-1.webp\",\"datePublished\":\"2023-03-19T12:26:18+00:00\",\"dateModified\":\"2025-10-14T11:25:10+00:00\",\"description\":\"The robust construction, versatile accessory selection, and high-end optics make the\u00a0EVO II Pro 6K Enterprise Bundle V3\u00a0from\u00a0Autel Robotics an indispensable aerial solution across many professions.\",\"breadcrumb\":{\"@id\":\"https:\/\/www.ghostysky.com\/product\/autel-robotics-evo-ii-pro-enterprise-v3\/#breadcrumb\"},\"inLanguage\":\"fr-FR\",\"potentialAction\":[{\"@type\":\"ReadAction\",\"target\":[\"https:\/\/www.ghostysky.com\/product\/autel-robotics-evo-ii-pro-enterprise-v3\/\"]}]},{\"@type\":\"ImageObject\",\"inLanguage\":\"fr-FR\",\"@id\":\"https:\/\/www.ghostysky.com\/product\/autel-robotics-evo-ii-pro-enterprise-v3\/#primaryimage\",\"url\":\"https:\/\/www.ghostysky.com\/wp-content\/uploads\/2023\/03\/AutelRobotics-EVOII-Pro-Enterprise-V3-1.webp\",\"contentUrl\":\"https:\/\/www.ghostysky.com\/wp-content\/uploads\/2023\/03\/AutelRobotics-EVOII-Pro-Enterprise-V3-1.webp\",\"width\":760,\"height\":760},{\"@type\":\"BreadcrumbList\",\"@id\":\"https:\/\/www.ghostysky.com\/product\/autel-robotics-evo-ii-pro-enterprise-v3\/#breadcrumb\",\"itemListElement\":[{\"@type\":\"ListItem\",\"position\":1,\"name\":\"Home\",\"item\":\"https:\/\/www.ghostysky.com\/\"},{\"@type\":\"ListItem\",\"position\":2,\"name\":\"Shop\",\"item\":\"https:\/\/www.ghostysky.com\/shop\/\"},{\"@type\":\"ListItem\",\"position\":3,\"name\":\"Autel Robotics EVO II Pro Enterprise V3\"}]},{\"@type\":\"WebSite\",\"@id\":\"https:\/\/www.ghostysky.com\/#website\",\"url\":\"https:\/\/www.ghostysky.com\/\",\"name\":\"Ghostysky\",\"description\":\"Delivering professional drones and services\",\"publisher\":{\"@id\":\"https:\/\/www.ghostysky.com\/#organization\"},\"potentialAction\":[{\"@type\":\"SearchAction\",\"target\":{\"@type\":\"EntryPoint\",\"urlTemplate\":\"https:\/\/www.ghostysky.com\/?s={search_term_string}\"},\"query-input\":{\"@type\":\"PropertyValueSpecification\",\"valueRequired\":true,\"valueName\":\"search_term_string\"}}],\"inLanguage\":\"fr-FR\"},{\"@type\":\"Organization\",\"@id\":\"https:\/\/www.ghostysky.com\/#organization\",\"name\":\"Ghostysky\",\"url\":\"https:\/\/www.ghostysky.com\/\",\"logo\":{\"@type\":\"ImageObject\",\"inLanguage\":\"fr-FR\",\"@id\":\"https:\/\/www.ghostysky.com\/#\/schema\/logo\/image\/\",\"url\":\"https:\/\/www.ghostysky.com\/wp-content\/uploads\/2020\/06\/cropped-ghostyskylogo_text_white2.png\",\"contentUrl\":\"https:\/\/www.ghostysky.com\/wp-content\/uploads\/2020\/06\/cropped-ghostyskylogo_text_white2.png\",\"width\":169,\"height\":56,\"caption\":\"Ghostysky\"},\"image\":{\"@id\":\"https:\/\/www.ghostysky.com\/#\/schema\/logo\/image\/\"},\"sameAs\":[\"https:\/\/www.facebook.com\/people\/Ghostysky\/100057676170234\/\",\"https:\/\/x.com\/Gh0stysky\",\"https:\/\/www.linkedin.com\/company\/34739653\",\"https:\/\/www.instagram.com\/gh0stysky\"]}]}<\/script>\n<!-- \/ Yoast SEO plugin. -->","yoast_head_json":{"title":"Autel Robotics EVO II Pro Entreprise V3 -","description":"La construction robuste, la s\u00e9lection d&#039;accessoires polyvalente et l&#039;optique haut de gamme font de l&#039;EVO II Pro 6K Enterprise Bundle V3 d&#039;Autel Robotics une solution a\u00e9rienne indispensable dans de nombreuses professions.","robots":{"index":"index","follow":"follow","max-snippet":"max-snippet:-1","max-image-preview":"max-image-preview:large","max-video-preview":"max-video-preview:-1"},"canonical":"https:\/\/www.ghostysky.com\/fr\/product\/autel-robotics-evo-ii-pro-enterprise-v3\/","og_locale":"fr_FR","og_type":"article","og_title":"Autel Robotics EVO II Pro Enterprise V3 -","og_description":"The robust construction, versatile accessory selection, and high-end optics make the\u00a0EVO II Pro 6K Enterprise Bundle V3\u00a0from\u00a0Autel Robotics an indispensable aerial solution across many professions.","og_url":"https:\/\/www.ghostysky.com\/fr\/product\/autel-robotics-evo-ii-pro-enterprise-v3\/","og_site_name":"Ghostysky","article_publisher":"https:\/\/www.facebook.com\/people\/Ghostysky\/100057676170234\/","article_modified_time":"2025-10-14T11:25:10+00:00","og_image":[{"width":760,"height":760,"url":"https:\/\/www.ghostysky.com\/wp-content\/uploads\/2023\/03\/AutelRobotics-EVOII-Pro-Enterprise-V3-1.webp","type":"image\/webp"}],"twitter_card":"summary_large_image","twitter_site":"@Gh0stysky","twitter_misc":{"Dur\u00e9e de lecture estim\u00e9e":"2 minutes"},"schema":{"@context":"https:\/\/schema.org","@graph":[{"@type":"WebPage","@id":"https:\/\/www.ghostysky.com\/product\/autel-robotics-evo-ii-pro-enterprise-v3\/","url":"https:\/\/www.ghostysky.com\/product\/autel-robotics-evo-ii-pro-enterprise-v3\/","name":"Autel Robotics EVO II Pro Entreprise V3 -","isPartOf":{"@id":"https:\/\/www.ghostysky.com\/#website"},"primaryImageOfPage":{"@id":"https:\/\/www.ghostysky.com\/product\/autel-robotics-evo-ii-pro-enterprise-v3\/#primaryimage"},"image":{"@id":"https:\/\/www.ghostysky.com\/product\/autel-robotics-evo-ii-pro-enterprise-v3\/#primaryimage"},"thumbnailUrl":"https:\/\/www.ghostysky.com\/wp-content\/uploads\/2023\/03\/AutelRobotics-EVOII-Pro-Enterprise-V3-1.webp","datePublished":"2023-03-19T12:26:18+00:00","dateModified":"2025-10-14T11:25:10+00:00","description":"La construction robuste, la s\u00e9lection d&#039;accessoires polyvalente et l&#039;optique haut de gamme font de l&#039;EVO II Pro 6K Enterprise Bundle V3 d&#039;Autel Robotics une solution a\u00e9rienne indispensable dans de nombreuses professions.","breadcrumb":{"@id":"https:\/\/www.ghostysky.com\/product\/autel-robotics-evo-ii-pro-enterprise-v3\/#breadcrumb"},"inLanguage":"fr-FR","potentialAction":[{"@type":"ReadAction","target":["https:\/\/www.ghostysky.com\/product\/autel-robotics-evo-ii-pro-enterprise-v3\/"]}]},{"@type":"ImageObject","inLanguage":"fr-FR","@id":"https:\/\/www.ghostysky.com\/product\/autel-robotics-evo-ii-pro-enterprise-v3\/#primaryimage","url":"https:\/\/www.ghostysky.com\/wp-content\/uploads\/2023\/03\/AutelRobotics-EVOII-Pro-Enterprise-V3-1.webp","contentUrl":"https:\/\/www.ghostysky.com\/wp-content\/uploads\/2023\/03\/AutelRobotics-EVOII-Pro-Enterprise-V3-1.webp","width":760,"height":760},{"@type":"BreadcrumbList","@id":"https:\/\/www.ghostysky.com\/product\/autel-robotics-evo-ii-pro-enterprise-v3\/#breadcrumb","itemListElement":[{"@type":"ListItem","position":1,"name":"Home","item":"https:\/\/www.ghostysky.com\/"},{"@type":"ListItem","position":2,"name":"Shop","item":"https:\/\/www.ghostysky.com\/shop\/"},{"@type":"ListItem","position":3,"name":"Autel Robotics EVO II Pro Enterprise V3"}]},{"@type":"WebSite","@id":"https:\/\/www.ghostysky.com\/#website","url":"https:\/\/www.ghostysky.com\/","name":"Ghostysky","description":"Livraison de drones et de services professionnels","publisher":{"@id":"https:\/\/www.ghostysky.com\/#organization"},"potentialAction":[{"@type":"SearchAction","target":{"@type":"EntryPoint","urlTemplate":"https:\/\/www.ghostysky.com\/?s={search_term_string}"},"query-input":{"@type":"PropertyValueSpecification","valueRequired":true,"valueName":"search_term_string"}}],"inLanguage":"fr-FR"},{"@type":"Organization","@id":"https:\/\/www.ghostysky.com\/#organization","name":"Ghostysky","url":"https:\/\/www.ghostysky.com\/","logo":{"@type":"ImageObject","inLanguage":"fr-FR","@id":"https:\/\/www.ghostysky.com\/#\/schema\/logo\/image\/","url":"https:\/\/www.ghostysky.com\/wp-content\/uploads\/2020\/06\/cropped-ghostyskylogo_text_white2.png","contentUrl":"https:\/\/www.ghostysky.com\/wp-content\/uploads\/2020\/06\/cropped-ghostyskylogo_text_white2.png","width":169,"height":56,"caption":"Ghostysky"},"image":{"@id":"https:\/\/www.ghostysky.com\/#\/schema\/logo\/image\/"},"sameAs":["https:\/\/www.facebook.com\/people\/Ghostysky\/100057676170234\/","https:\/\/x.com\/Gh0stysky","https:\/\/www.linkedin.com\/company\/34739653","https:\/\/www.instagram.com\/gh0stysky"]}]}},"_links":{"self":[{"href":"https:\/\/www.ghostysky.com\/fr\/wp-json\/wp\/v2\/product\/11153","targetHints":{"allow":["GET"]}}],"collection":[{"href":"https:\/\/www.ghostysky.com\/fr\/wp-json\/wp\/v2\/product"}],"about":[{"href":"https:\/\/www.ghostysky.com\/fr\/wp-json\/wp\/v2\/types\/product"}],"replies":[{"embeddable":true,"href":"https:\/\/www.ghostysky.com\/fr\/wp-json\/wp\/v2\/comments?post=11153"}],"wp:featuredmedia":[{"embeddable":true,"href":"https:\/\/www.ghostysky.com\/fr\/wp-json\/wp\/v2\/media\/11154"}],"wp:attachment":[{"href":"https:\/\/www.ghostysky.com\/fr\/wp-json\/wp\/v2\/media?parent=11153"}],"wp:term":[{"taxonomy":"product_brand","embeddable":true,"href":"https:\/\/www.ghostysky.com\/fr\/wp-json\/wp\/v2\/product_brand?post=11153"},{"taxonomy":"product_cat","embeddable":true,"href":"https:\/\/www.ghostysky.com\/fr\/wp-json\/wp\/v2\/product_cat?post=11153"},{"taxonomy":"product_tag","embeddable":true,"href":"https:\/\/www.ghostysky.com\/fr\/wp-json\/wp\/v2\/product_tag?post=11153"}],"curies":[{"name":"wp","href":"https:\/\/api.w.org\/{rel}","templated":true}]}}