{"id":11155,"date":"2023-03-19T12:41:47","date_gmt":"2023-03-19T12:41:47","guid":{"rendered":"https:\/\/www.ghostysky.com\/?post_type=product&#038;p=11155"},"modified":"2025-10-14T11:24:48","modified_gmt":"2025-10-14T11:24:48","slug":"autel-robotics-evo-ii-dual-640t-v3-thermal-drone-rugged-bundle","status":"publish","type":"product","link":"https:\/\/www.ghostysky.com\/fr\/product\/autel-robotics-evo-ii-dual-640t-v3-thermal-drone-rugged-bundle\/","title":{"rendered":"Pack robuste pour drone thermique Autel Robotics EVO II Dual 640T V3"},"content":{"rendered":"<div class=\"feature_UbV5SNP5Eo\">\n<div class=\"featureHeader_UbV5SNP5Eo\">\n<h3 class=\"text_TAw0W35QK_ comfy_TAw0W35QK_ sizeTitle3_TAw0W35QK_ weightNormal_TAw0W35QK_ primary_i3MsQsqoe0\">Cam\u00e9ra thermique<\/h3>\n<\/div>\n<div>\n<div class=\"js-injected-html text_UbV5SNP5Eo\">\n<p>La cam\u00e9ra thermique est \u00e9quip\u00e9e d&#039;un objectif de 13 mm de focale et enregistre en 640 x 512 \u00e0 30 Hz. En situation de danger, vous pouvez maintenir le drone \u00e0 distance gr\u00e2ce au zoom num\u00e9rique 16x et au zoom sans perte 4x pour localiser l&#039;objet recherch\u00e9. L&#039;image thermique V3 est con\u00e7ue pour mieux visualiser les diff\u00e9rences et les d\u00e9tails. Poursuivez votre lecture pour d\u00e9couvrir les diff\u00e9rents modes et fonctionnalit\u00e9s thermiques de l&#039;EVO II Dual 640T, en plus de ses port\u00e9es de d\u00e9tection, de reconnaissance et d&#039;identification thermiques\u00a0:<\/p>\n<ul>\n<li>Mesure de la temp\u00e9rature centrale : visualisez les temp\u00e9ratures en temps r\u00e9el au centre de l&#039;\u00e9cran de la t\u00e9l\u00e9commande.<\/li>\n<li>Mesure de la temp\u00e9rature ponctuelle : appuyez sur l&#039;\u00e9cran de la t\u00e9l\u00e9commande et visualisez la temp\u00e9rature d&#039;un objet en temps r\u00e9el.<\/li>\n<li>Mesure de la temp\u00e9rature r\u00e9gionale : une vue dynamique des temp\u00e9ratures moyennes, minimales et maximales.<\/li>\n<li>Dix palettes de couleurs thermiques : Blanc chaud, Froid et chaud, Arc-en-ciel, Arc-en-ciel am\u00e9lior\u00e9, Arc-en-ciel, Lave, Arctique, Br\u00fblant, D\u00e9grad\u00e9 et D\u00e9tection de chaleur.<\/li>\n<li>Mode d&#039;affichage image dans l&#039;image : visualisez l&#039;image visuelle et thermique en m\u00eame temps.<\/li>\n<li>Alarme de temp\u00e9rature : cela surveillera une temp\u00e9rature d\u00e9finie en temps r\u00e9el et d\u00e9clenchera une alarme si elle est atteinte.<\/li>\n<li>Isotherme : d\u00e9finissez une plage de temp\u00e9rature et le syst\u00e8me d\u00e9tectera tout objet visible se trouvant dans cette plage.<\/li>\n<li>Am\u00e9lioration de l&#039;image : r\u00e9glage en temps r\u00e9el de la luminosit\u00e9, du contraste et des d\u00e9tails de l&#039;image thermique ; le syst\u00e8me mettra en \u00e9vidence tout objet dans la temp\u00e9rature cible.<\/li>\n<li>Outil d&#039;analyse thermique infrarouge : l&#039;outil IRPC importe rapidement des images, modifie et analyse les mesures de temp\u00e9rature et g\u00e9n\u00e8re des rapports d\u00e9taill\u00e9s pour le partage et la collaboration.<\/li>\n<li>Port\u00e9e de d\u00e9tection : d\u00e9tecte une personne jusqu&#039;\u00e0 0,34 mile de distance, un SUV jusqu&#039;\u00e0 1,03 mile de distance et un camion jusqu&#039;\u00e0 1,8 mile de distance.<\/li>\n<li>Port\u00e9e de reconnaissance : Reconna\u00eetre si un objet est une personne jusqu&#039;\u00e0 443 pieds de distance, un SUV jusqu&#039;\u00e0 0,26 miles de distance et un camion jusqu&#039;\u00e0 0,45 miles de distance.<\/li>\n<li>Identification : Identifiez une personne jusqu&#039;\u00e0 223 pieds de distance, un VUS jusqu&#039;\u00e0 682 pieds de distance et un camion jusqu&#039;\u00e0 0,22 miles de distance.<\/li>\n<\/ul>\n<\/div>\n<\/div>\n<\/div>\n<div class=\"feature_UbV5SNP5Eo\">\n<div class=\"featureHeader_UbV5SNP5Eo\">\n<h3 class=\"text_TAw0W35QK_ comfy_TAw0W35QK_ sizeTitle3_TAw0W35QK_ weightNormal_TAw0W35QK_ primary_i3MsQsqoe0\">Cam\u00e9ra visuelle<\/h3>\n<\/div>\n<div>\n<div class=\"js-injected-html text_UbV5SNP5Eo\">Les inspections et les sauvetages ne sont pas les seules t\u00e2ches que vous pouvez effectuer avec votre EVO II Dual 640T. La cam\u00e9ra visuelle de 50 Mpx capture des images professionnelles \u00e9poustouflantes en r\u00e9solution 4K HDR. Gr\u00e2ce \u00e0 son capteur CMOS RYYB de 0,8\u2033 au lieu d&#039;un capteur RVB traditionnel, la surface plus grande offre un niveau de d\u00e9tail \u00e9lev\u00e9 dans des conditions d&#039;\u00e9clairage \u00e0 fort contraste. Les prises de vue dynamiques sont possibles gr\u00e2ce \u00e0 la mise au point rapide du syst\u00e8me PDAF+CDAF, et les sc\u00e8nes en basse lumi\u00e8re sont plus nettes gr\u00e2ce \u00e0 la suppression du bruit am\u00e9lior\u00e9e de l&#039;algorithme Moonlight 2.0.<\/div>\n<\/div>\n<\/div>\n<div class=\"feature_UbV5SNP5Eo\">\n<div class=\"featureHeader_UbV5SNP5Eo\">\n<h3 class=\"text_TAw0W35QK_ comfy_TAw0W35QK_ sizeTitle3_TAw0W35QK_ weightNormal_TAw0W35QK_ primary_i3MsQsqoe0\">Contr\u00f4leur intelligent V3 avec SkyLink 2.0<\/h3>\n<\/div>\n<div>\n<div class=\"js-injected-html text_UbV5SNP5Eo\">Gr\u00e2ce \u00e0 SkyLink 2.0, l&#039;\u00e9cran 7,9 pouces int\u00e9gr\u00e9 du Smart Controller V3 peut recevoir des vid\u00e9os HD en vol jusqu&#039;\u00e0 15 km (ou en qualit\u00e9 QHD jusqu&#039;\u00e0 1 km). La r\u00e9ception est con\u00e7ue pour \u00eatre stable et sans interf\u00e9rences gr\u00e2ce au saut de fr\u00e9quence triple bande (900 MHz, 2,4 GHz et 5,8 GHz). Gr\u00e2ce \u00e0 sa luminosit\u00e9 de 2000 cd\/m\u00b2, vous pouvez facilement visionner les images du drone, m\u00eame en plein soleil. Vous n&#039;\u00eates pas limit\u00e9 aux journ\u00e9es ensoleill\u00e9es. Le Smart Controller V3 r\u00e9siste \u00e0 des temp\u00e9ratures allant de -20 \u00b0C \u00e0 40 \u00b0C et est certifi\u00e9 IP43 pour une performance par tous les temps.<\/div>\n<\/div>\n<\/div>\n<div class=\"feature_UbV5SNP5Eo\">\n<div class=\"featureHeader_UbV5SNP5Eo\">\n<h3 class=\"text_TAw0W35QK_ comfy_TAw0W35QK_ sizeTitle3_TAw0W35QK_ weightNormal_TAw0W35QK_ primary_i3MsQsqoe0\">\u00c9vitement d&#039;obstacles \u00e0 360 degr\u00e9s<\/h3>\n<\/div>\n<div>\n<div class=\"js-injected-html text_UbV5SNP5Eo\">En vol, un ensemble de 19 capteurs, dont 12 capteurs visuels, la cam\u00e9ra principale, des IMU \u00e0 ultrasons et plus encore, peuvent cr\u00e9er une carte 3D de l&#039;environnement du drone et planifier un chemin clair vers sa destination en temps r\u00e9el.<\/div>\n<\/div>\n<\/div>\n<div class=\"feature_UbV5SNP5Eo\">\n<div class=\"featureHeader_UbV5SNP5Eo\">\n<h3 class=\"text_TAw0W35QK_ comfy_TAw0W35QK_ sizeTitle3_TAw0W35QK_ weightNormal_TAw0W35QK_ primary_i3MsQsqoe0\">Fonctionnalit\u00e9s suppl\u00e9mentaires<\/h3>\n<\/div>\n<div>\n<div class=\"js-injected-html text_UbV5SNP5Eo\">\n<ul>\n<li>Conception pliable<\/li>\n<li>Peut se d\u00e9ployer et d\u00e9coller en moins d&#039;une minute<\/li>\n<li>Jusqu&#039;\u00e0 38 minutes de temps de vol<\/li>\n<li>Jusqu&#039;\u00e0 39 mph de r\u00e9sistance maximale au vent<\/li>\n<li>Vitesse de vol maximale jusqu&#039;\u00e0 45 mph<\/li>\n<li>Charge utile maximale jusqu&#039;\u00e0 2 lb<\/li>\n<li>Peut \u00eatre pilot\u00e9 m\u00eame si le firmware et l&#039;application ne sont pas enti\u00e8rement mis \u00e0 jour<\/li>\n<li>Sans zones de vol int\u00e9gr\u00e9es, rien ne vous emp\u00eache de d\u00e9coller quand vous en avez besoin<\/li>\n<li>L&#039;EVO II Dual 640T n&#039;est pas soumis \u00e0 la r\u00e9glementation ITAR (International Traffic in Arms Regulations) des \u00c9tats-Unis.<\/li>\n<li>Compatible avec le Live Deck 2 en option pour la diffusion en direct des informations de mission<\/li>\n<\/ul>\n<h3>DANS LA BO\u00ceTE<\/h3>\n<ul>\n<li>1x Avion (batterie, h\u00e9lice, cache cardan, carte SD 32G incluse)<\/li>\n<li>1x t\u00e9l\u00e9commande (manettes incluses)<\/li>\n<li>2x h\u00e9lices de rechange (paire)<\/li>\n<li>2x Batterie de rechange<\/li>\n<li>1x Chargeur de batterie + C\u00e2ble d&#039;alimentation<\/li>\n<li>1x Chargeur de voiture<\/li>\n<li>1x Multi-chargeur<\/li>\n<li>1x chargeur RC<\/li>\n<li>1x c\u00e2ble de chargeur RC<\/li>\n<li>1x Manche de commande de rechange (paire)<\/li>\n<li>1x \u00e9tui de protection RC<\/li>\n<li>1x Cour de terre RC<\/li>\n<li>1x \u00e9tui de transport<\/li>\n<li>1x Guide rapide<\/li>\n<\/ul>\n<\/div>\n<\/div>\n<\/div>","protected":false},"excerpt":{"rendered":"<p>Le <strong>Pack robuste pour drone thermique EVO II Dual 640T V3<\/strong> Peut fournir \u00e0 divers secteurs d&#039;activit\u00e9 une r\u00e9ponse a\u00e9rienne rapide et des donn\u00e9es essentielles dans des conditions difficiles. Dot\u00e9 d&#039;une double cam\u00e9ra 4K HDR de 50 Mpx et d&#039;une cam\u00e9ra thermique 640 x 512, l&#039;EVO II DUAL 640T est id\u00e9al pour les agents de s\u00e9curit\u00e9 publique, les travailleurs industriels et les cin\u00e9astes professionnels.<\/p>","protected":false},"featured_media":11159,"comment_status":"open","ping_status":"closed","template":"","meta":[],"product_brand":[],"product_cat":[220,364,29],"product_tag":[500,504],"class_list":{"0":"post-11155","1":"product","2":"type-product","3":"status-publish","4":"has-post-thumbnail","6":"product_cat-autel","7":"product_cat-bundles-autel","8":"product_cat-drones","9":"product_tag-autel-evo-ii-v3","10":"product_tag-evo-ii-dual-640t-v3-thermal-drone-rugged-bundle","12":"first","13":"onbackorder","14":"taxable","15":"shipping-taxable","16":"product-type-simple"},"yoast_head":"<!-- This site is optimized with the Yoast SEO plugin v27.1.1 - https:\/\/yoast.com\/product\/yoast-seo-wordpress\/ -->\n<title>Autel Robotics EVO II Dual 640T V3 Thermal Drone Rugged Bundle -<\/title>\n<meta name=\"description\" content=\"The EVO II Dual 640T V3 Thermal Drone Rugged Bundle can provide a variety of professions and industries with a fast aerial response and essential data in harsh conditions.\" \/>\n<meta name=\"robots\" content=\"index, follow, max-snippet:-1, max-image-preview:large, max-video-preview:-1\" \/>\n<link rel=\"canonical\" href=\"https:\/\/www.ghostysky.com\/fr\/product\/autel-robotics-evo-ii-dual-640t-v3-thermal-drone-rugged-bundle\/\" \/>\n<meta property=\"og:locale\" content=\"fr_FR\" \/>\n<meta property=\"og:type\" content=\"article\" \/>\n<meta property=\"og:title\" content=\"Autel Robotics EVO II Dual 640T V3 Thermal Drone Rugged Bundle -\" \/>\n<meta property=\"og:description\" content=\"The EVO II Dual 640T V3 Thermal Drone Rugged Bundle can provide a variety of professions and industries with a fast aerial response and essential data in harsh conditions.\" \/>\n<meta property=\"og:url\" content=\"https:\/\/www.ghostysky.com\/fr\/product\/autel-robotics-evo-ii-dual-640t-v3-thermal-drone-rugged-bundle\/\" \/>\n<meta property=\"og:site_name\" content=\"Ghostysky\" \/>\n<meta property=\"article:publisher\" content=\"https:\/\/www.facebook.com\/people\/Ghostysky\/100057676170234\/\" \/>\n<meta property=\"article:modified_time\" content=\"2025-10-14T11:24:48+00:00\" \/>\n<meta property=\"og:image\" content=\"https:\/\/www.ghostysky.com\/wp-content\/uploads\/2023\/03\/AutelRobotics-EVOII-Dual-640T-V3-Thermal-Drone-Rugged-Bundle-1.webp\" \/>\n\t<meta property=\"og:image:width\" content=\"760\" \/>\n\t<meta property=\"og:image:height\" content=\"760\" \/>\n\t<meta property=\"og:image:type\" content=\"image\/webp\" \/>\n<meta name=\"twitter:card\" content=\"summary_large_image\" \/>\n<meta name=\"twitter:site\" content=\"@Gh0stysky\" \/>\n<meta name=\"twitter:label1\" content=\"Dur\u00e9e de lecture estim\u00e9e\" \/>\n\t<meta name=\"twitter:data1\" content=\"4 minutes\" \/>\n<script type=\"application\/ld+json\" class=\"yoast-schema-graph\">{\"@context\":\"https:\/\/schema.org\",\"@graph\":[{\"@type\":\"WebPage\",\"@id\":\"https:\/\/www.ghostysky.com\/product\/autel-robotics-evo-ii-dual-640t-v3-thermal-drone-rugged-bundle\/\",\"url\":\"https:\/\/www.ghostysky.com\/product\/autel-robotics-evo-ii-dual-640t-v3-thermal-drone-rugged-bundle\/\",\"name\":\"Autel Robotics EVO II Dual 640T V3 Thermal Drone Rugged Bundle -\",\"isPartOf\":{\"@id\":\"https:\/\/www.ghostysky.com\/#website\"},\"primaryImageOfPage\":{\"@id\":\"https:\/\/www.ghostysky.com\/product\/autel-robotics-evo-ii-dual-640t-v3-thermal-drone-rugged-bundle\/#primaryimage\"},\"image\":{\"@id\":\"https:\/\/www.ghostysky.com\/product\/autel-robotics-evo-ii-dual-640t-v3-thermal-drone-rugged-bundle\/#primaryimage\"},\"thumbnailUrl\":\"https:\/\/www.ghostysky.com\/wp-content\/uploads\/2023\/03\/AutelRobotics-EVOII-Dual-640T-V3-Thermal-Drone-Rugged-Bundle-1.webp\",\"datePublished\":\"2023-03-19T12:41:47+00:00\",\"dateModified\":\"2025-10-14T11:24:48+00:00\",\"description\":\"The EVO II Dual 640T V3 Thermal Drone Rugged Bundle can provide a variety of professions and industries with a fast aerial response and essential data in harsh conditions.\",\"breadcrumb\":{\"@id\":\"https:\/\/www.ghostysky.com\/product\/autel-robotics-evo-ii-dual-640t-v3-thermal-drone-rugged-bundle\/#breadcrumb\"},\"inLanguage\":\"fr-FR\",\"potentialAction\":[{\"@type\":\"ReadAction\",\"target\":[\"https:\/\/www.ghostysky.com\/product\/autel-robotics-evo-ii-dual-640t-v3-thermal-drone-rugged-bundle\/\"]}]},{\"@type\":\"ImageObject\",\"inLanguage\":\"fr-FR\",\"@id\":\"https:\/\/www.ghostysky.com\/product\/autel-robotics-evo-ii-dual-640t-v3-thermal-drone-rugged-bundle\/#primaryimage\",\"url\":\"https:\/\/www.ghostysky.com\/wp-content\/uploads\/2023\/03\/AutelRobotics-EVOII-Dual-640T-V3-Thermal-Drone-Rugged-Bundle-1.webp\",\"contentUrl\":\"https:\/\/www.ghostysky.com\/wp-content\/uploads\/2023\/03\/AutelRobotics-EVOII-Dual-640T-V3-Thermal-Drone-Rugged-Bundle-1.webp\",\"width\":760,\"height\":760},{\"@type\":\"BreadcrumbList\",\"@id\":\"https:\/\/www.ghostysky.com\/product\/autel-robotics-evo-ii-dual-640t-v3-thermal-drone-rugged-bundle\/#breadcrumb\",\"itemListElement\":[{\"@type\":\"ListItem\",\"position\":1,\"name\":\"Home\",\"item\":\"https:\/\/www.ghostysky.com\/\"},{\"@type\":\"ListItem\",\"position\":2,\"name\":\"Shop\",\"item\":\"https:\/\/www.ghostysky.com\/shop\/\"},{\"@type\":\"ListItem\",\"position\":3,\"name\":\"Autel Robotics EVO II Dual 640T V3 Thermal Drone Rugged Bundle\"}]},{\"@type\":\"WebSite\",\"@id\":\"https:\/\/www.ghostysky.com\/#website\",\"url\":\"https:\/\/www.ghostysky.com\/\",\"name\":\"Ghostysky\",\"description\":\"Delivering professional drones and services\",\"publisher\":{\"@id\":\"https:\/\/www.ghostysky.com\/#organization\"},\"potentialAction\":[{\"@type\":\"SearchAction\",\"target\":{\"@type\":\"EntryPoint\",\"urlTemplate\":\"https:\/\/www.ghostysky.com\/?s={search_term_string}\"},\"query-input\":{\"@type\":\"PropertyValueSpecification\",\"valueRequired\":true,\"valueName\":\"search_term_string\"}}],\"inLanguage\":\"fr-FR\"},{\"@type\":\"Organization\",\"@id\":\"https:\/\/www.ghostysky.com\/#organization\",\"name\":\"Ghostysky\",\"url\":\"https:\/\/www.ghostysky.com\/\",\"logo\":{\"@type\":\"ImageObject\",\"inLanguage\":\"fr-FR\",\"@id\":\"https:\/\/www.ghostysky.com\/#\/schema\/logo\/image\/\",\"url\":\"https:\/\/www.ghostysky.com\/wp-content\/uploads\/2020\/06\/cropped-ghostyskylogo_text_white2.png\",\"contentUrl\":\"https:\/\/www.ghostysky.com\/wp-content\/uploads\/2020\/06\/cropped-ghostyskylogo_text_white2.png\",\"width\":169,\"height\":56,\"caption\":\"Ghostysky\"},\"image\":{\"@id\":\"https:\/\/www.ghostysky.com\/#\/schema\/logo\/image\/\"},\"sameAs\":[\"https:\/\/www.facebook.com\/people\/Ghostysky\/100057676170234\/\",\"https:\/\/x.com\/Gh0stysky\",\"https:\/\/www.linkedin.com\/company\/34739653\",\"https:\/\/www.instagram.com\/gh0stysky\"]}]}<\/script>\n<!-- \/ Yoast SEO plugin. -->","yoast_head_json":{"title":"Pack robuste pour drone thermique Autel Robotics EVO II Dual 640T V3 -","description":"Le drone thermique robuste EVO II Dual 640T V3 peut fournir \u00e0 une vari\u00e9t\u00e9 de professions et d&#039;industries une r\u00e9ponse a\u00e9rienne rapide et des donn\u00e9es essentielles dans des conditions difficiles.","robots":{"index":"index","follow":"follow","max-snippet":"max-snippet:-1","max-image-preview":"max-image-preview:large","max-video-preview":"max-video-preview:-1"},"canonical":"https:\/\/www.ghostysky.com\/fr\/product\/autel-robotics-evo-ii-dual-640t-v3-thermal-drone-rugged-bundle\/","og_locale":"fr_FR","og_type":"article","og_title":"Autel Robotics EVO II Dual 640T V3 Thermal Drone Rugged Bundle -","og_description":"The EVO II Dual 640T V3 Thermal Drone Rugged Bundle can provide a variety of professions and industries with a fast aerial response and essential data in harsh conditions.","og_url":"https:\/\/www.ghostysky.com\/fr\/product\/autel-robotics-evo-ii-dual-640t-v3-thermal-drone-rugged-bundle\/","og_site_name":"Ghostysky","article_publisher":"https:\/\/www.facebook.com\/people\/Ghostysky\/100057676170234\/","article_modified_time":"2025-10-14T11:24:48+00:00","og_image":[{"width":760,"height":760,"url":"https:\/\/www.ghostysky.com\/wp-content\/uploads\/2023\/03\/AutelRobotics-EVOII-Dual-640T-V3-Thermal-Drone-Rugged-Bundle-1.webp","type":"image\/webp"}],"twitter_card":"summary_large_image","twitter_site":"@Gh0stysky","twitter_misc":{"Dur\u00e9e de lecture estim\u00e9e":"4 minutes"},"schema":{"@context":"https:\/\/schema.org","@graph":[{"@type":"WebPage","@id":"https:\/\/www.ghostysky.com\/product\/autel-robotics-evo-ii-dual-640t-v3-thermal-drone-rugged-bundle\/","url":"https:\/\/www.ghostysky.com\/product\/autel-robotics-evo-ii-dual-640t-v3-thermal-drone-rugged-bundle\/","name":"Pack robuste pour drone thermique Autel Robotics EVO II Dual 640T V3 -","isPartOf":{"@id":"https:\/\/www.ghostysky.com\/#website"},"primaryImageOfPage":{"@id":"https:\/\/www.ghostysky.com\/product\/autel-robotics-evo-ii-dual-640t-v3-thermal-drone-rugged-bundle\/#primaryimage"},"image":{"@id":"https:\/\/www.ghostysky.com\/product\/autel-robotics-evo-ii-dual-640t-v3-thermal-drone-rugged-bundle\/#primaryimage"},"thumbnailUrl":"https:\/\/www.ghostysky.com\/wp-content\/uploads\/2023\/03\/AutelRobotics-EVOII-Dual-640T-V3-Thermal-Drone-Rugged-Bundle-1.webp","datePublished":"2023-03-19T12:41:47+00:00","dateModified":"2025-10-14T11:24:48+00:00","description":"Le drone thermique robuste EVO II Dual 640T V3 peut fournir \u00e0 une vari\u00e9t\u00e9 de professions et d&#039;industries une r\u00e9ponse a\u00e9rienne rapide et des donn\u00e9es essentielles dans des conditions difficiles.","breadcrumb":{"@id":"https:\/\/www.ghostysky.com\/product\/autel-robotics-evo-ii-dual-640t-v3-thermal-drone-rugged-bundle\/#breadcrumb"},"inLanguage":"fr-FR","potentialAction":[{"@type":"ReadAction","target":["https:\/\/www.ghostysky.com\/product\/autel-robotics-evo-ii-dual-640t-v3-thermal-drone-rugged-bundle\/"]}]},{"@type":"ImageObject","inLanguage":"fr-FR","@id":"https:\/\/www.ghostysky.com\/product\/autel-robotics-evo-ii-dual-640t-v3-thermal-drone-rugged-bundle\/#primaryimage","url":"https:\/\/www.ghostysky.com\/wp-content\/uploads\/2023\/03\/AutelRobotics-EVOII-Dual-640T-V3-Thermal-Drone-Rugged-Bundle-1.webp","contentUrl":"https:\/\/www.ghostysky.com\/wp-content\/uploads\/2023\/03\/AutelRobotics-EVOII-Dual-640T-V3-Thermal-Drone-Rugged-Bundle-1.webp","width":760,"height":760},{"@type":"BreadcrumbList","@id":"https:\/\/www.ghostysky.com\/product\/autel-robotics-evo-ii-dual-640t-v3-thermal-drone-rugged-bundle\/#breadcrumb","itemListElement":[{"@type":"ListItem","position":1,"name":"Home","item":"https:\/\/www.ghostysky.com\/"},{"@type":"ListItem","position":2,"name":"Shop","item":"https:\/\/www.ghostysky.com\/shop\/"},{"@type":"ListItem","position":3,"name":"Autel Robotics EVO II Dual 640T V3 Thermal Drone Rugged Bundle"}]},{"@type":"WebSite","@id":"https:\/\/www.ghostysky.com\/#website","url":"https:\/\/www.ghostysky.com\/","name":"Ghostysky","description":"Livraison de drones et de services professionnels","publisher":{"@id":"https:\/\/www.ghostysky.com\/#organization"},"potentialAction":[{"@type":"SearchAction","target":{"@type":"EntryPoint","urlTemplate":"https:\/\/www.ghostysky.com\/?s={search_term_string}"},"query-input":{"@type":"PropertyValueSpecification","valueRequired":true,"valueName":"search_term_string"}}],"inLanguage":"fr-FR"},{"@type":"Organization","@id":"https:\/\/www.ghostysky.com\/#organization","name":"Ghostysky","url":"https:\/\/www.ghostysky.com\/","logo":{"@type":"ImageObject","inLanguage":"fr-FR","@id":"https:\/\/www.ghostysky.com\/#\/schema\/logo\/image\/","url":"https:\/\/www.ghostysky.com\/wp-content\/uploads\/2020\/06\/cropped-ghostyskylogo_text_white2.png","contentUrl":"https:\/\/www.ghostysky.com\/wp-content\/uploads\/2020\/06\/cropped-ghostyskylogo_text_white2.png","width":169,"height":56,"caption":"Ghostysky"},"image":{"@id":"https:\/\/www.ghostysky.com\/#\/schema\/logo\/image\/"},"sameAs":["https:\/\/www.facebook.com\/people\/Ghostysky\/100057676170234\/","https:\/\/x.com\/Gh0stysky","https:\/\/www.linkedin.com\/company\/34739653","https:\/\/www.instagram.com\/gh0stysky"]}]}},"_links":{"self":[{"href":"https:\/\/www.ghostysky.com\/fr\/wp-json\/wp\/v2\/product\/11155","targetHints":{"allow":["GET"]}}],"collection":[{"href":"https:\/\/www.ghostysky.com\/fr\/wp-json\/wp\/v2\/product"}],"about":[{"href":"https:\/\/www.ghostysky.com\/fr\/wp-json\/wp\/v2\/types\/product"}],"replies":[{"embeddable":true,"href":"https:\/\/www.ghostysky.com\/fr\/wp-json\/wp\/v2\/comments?post=11155"}],"wp:featuredmedia":[{"embeddable":true,"href":"https:\/\/www.ghostysky.com\/fr\/wp-json\/wp\/v2\/media\/11159"}],"wp:attachment":[{"href":"https:\/\/www.ghostysky.com\/fr\/wp-json\/wp\/v2\/media?parent=11155"}],"wp:term":[{"taxonomy":"product_brand","embeddable":true,"href":"https:\/\/www.ghostysky.com\/fr\/wp-json\/wp\/v2\/product_brand?post=11155"},{"taxonomy":"product_cat","embeddable":true,"href":"https:\/\/www.ghostysky.com\/fr\/wp-json\/wp\/v2\/product_cat?post=11155"},{"taxonomy":"product_tag","embeddable":true,"href":"https:\/\/www.ghostysky.com\/fr\/wp-json\/wp\/v2\/product_tag?post=11155"}],"curies":[{"name":"wp","href":"https:\/\/api.w.org\/{rel}","templated":true}]}}