{"id":11163,"date":"2023-03-19T12:54:54","date_gmt":"2023-03-19T12:54:54","guid":{"rendered":"https:\/\/www.ghostysky.com\/?post_type=product&#038;p=11163"},"modified":"2025-10-14T11:24:24","modified_gmt":"2025-10-14T11:24:24","slug":"autel-robotics-evo-ii-dual-640t-rtk-thermal-drone-v3","status":"publish","type":"product","link":"https:\/\/www.ghostysky.com\/fr\/product\/autel-robotics-evo-ii-dual-640t-rtk-thermal-drone-v3\/","title":{"rendered":"Drone thermique Autel Robotics EVO II Dual 640T RTK V3"},"content":{"rendered":"<h3 class=\"stitle pc\">Pack robuste EVO II Dual RTK (640) T<\/h3>\n<p class=\"stitle pc\"><strong>DOUBLE CAM\u00c9RA, MESURE PR\u00c9CISE DE LA TEMP\u00c9RATURE<\/strong><br \/>\nL&#039;EVO II Dual 640T RTK est \u00e9quip\u00e9 d&#039;une cam\u00e9ra thermique haute r\u00e9solution et d&#039;une cam\u00e9ra \u00e0 lumi\u00e8re visible 8K, vous permettant de capturer des images tr\u00e8s d\u00e9taill\u00e9es pour obtenir des informations optimales.<\/p>\n<div class=\"sdesc\"><strong>Mesure pr\u00e9cise de la temp\u00e9rature<\/strong><br \/>\nL&#039;EVO II Dual 640T RTK d\u00e9tecte avec pr\u00e9cision les sources de chaleur \u00e0 une distance de 2 \u00e0 5 m\u00e8tres. Gr\u00e2ce \u00e0 l&#039;algorithme de compensation de la mesure de temp\u00e9rature infrarouge, le 640T RTK peut r\u00e9guler les \u00e9carts de temp\u00e9rature \u00e0 3 degr\u00e9s Celsius pr\u00e8s.<\/div>\n<div class=\"sdesc\"><strong>Capteur d&#039;imagerie thermique haute r\u00e9solution<\/strong><br \/>\nLe 640T RTK est dot\u00e9 d&#039;une focale de 13 mm, d&#039;un capteur thermique 640 x 512 et d&#039;une cam\u00e9ra visible ultra-haute d\u00e9finition 8K. Ensemble, ces capteurs vous offrent une double vision pour des images nettes et pr\u00e9cises, indispensables \u00e0 vos missions.<\/div>\n<div class=\"sdesc\"><strong>Plusieurs modes de couleurs<\/strong><br \/>\nBlanc chaud | Froid et chaud | Arc-en-ciel | Arc-en-ciel am\u00e9lior\u00e9 | Arc de fer | Lave | Arctique | Br\u00fblant | Gradation | D\u00e9tection de chaleur<\/div>\n<div><\/div>\n<h3>POSITIONNEMENT AU NIVEAU CENTIM\u00c9TRIQUE<\/h3>\n<div>\n<p>La s\u00e9rie EVO II RTK int\u00e8gre un module RTK enti\u00e8rement nouveau, qui fournit des donn\u00e9es de positionnement centim\u00e9triques en temps r\u00e9el et prend en charge le post-traitement cin\u00e9matique (PPK). L&#039;avion peut enregistrer les donn\u00e9es d&#039;observation satellite originales, les param\u00e8tres d&#039;exposition de la cam\u00e9ra et diverses autres donn\u00e9es. Le syst\u00e8me de positionnement prend en charge la station de base A-RTK et le r\u00e9seau RTK, ce qui permet une acquisition de donn\u00e9es pr\u00e9cise et stable dans des environnements op\u00e9rationnels complexes.<\/p>\n<h3>L\u00c9GER, EFFICACE ET FIABLE<\/h3>\n<p>La s\u00e9rie EVO II RTK h\u00e9rite du design pliable de la s\u00e9rie EVO II originale, ce qui la rend compacte, l\u00e9g\u00e8re, portable et pr\u00eate \u00e0 voler en quelques secondes seulement. Avec une port\u00e9e de transmission maximale de 9 km, cet appareil offre une autonomie de vol allant jusqu&#039;\u00e0 36 minutes et une vitesse de pointe de 20 m\/s, ce qui en fait le compagnon id\u00e9al pour vos missions quotidiennes.<\/p>\n<p><strong>DANS LA BO\u00ceTE<\/strong><\/p>\n<ul>\n<li>1x Avion (Batterie, h\u00e9lice, cache cardan, carte SD 32G inclus)<\/li>\n<li>1x t\u00e9l\u00e9commande<\/li>\n<li>2x h\u00e9lices de rechange (paire)<\/li>\n<li>2x Batterie de rechange<\/li>\n<li>2x Chargeur de batterie + C\u00e2ble d&#039;alimentation<\/li>\n<li>1x Chargeur de voiture<\/li>\n<li>1x Multi-chargeur<\/li>\n<li>1x Chargeur RC<\/li>\n<li>1x c\u00e2ble de charge RC<\/li>\n<li>1x manette de commande de rechange (paire)<\/li>\n<li>1x \u00e9tui de protection RC<\/li>\n<li>1x cordon RC<\/li>\n<li>1x Cache-port \u00e9tendu<\/li>\n<li>1x \u00e9tui de protection<\/li>\n<li>Guide rapide<\/li>\n<\/ul>\n<\/div>","protected":false},"excerpt":{"rendered":"<p>Le <b>Autel Robotics EVO II DUAL 640T RTK Pack robuste V3<\/b>\u00a0Peut fournir \u00e0 divers secteurs d&#039;activit\u00e9 une r\u00e9ponse a\u00e9rienne rapide et des donn\u00e9es essentielles dans des conditions difficiles. Dot\u00e9 d&#039;une double cam\u00e9ra 4K HDR 50 Mpx et d&#039;une cam\u00e9ra thermique 640 x 512, l&#039;EVO II DUAL 640T est id\u00e9al pour les agents de s\u00e9curit\u00e9 publique, les ouvriers du secteur industriel et les cin\u00e9astes professionnels. Gr\u00e2ce \u00e0 son module RTK, il est possible d&#039;effectuer des mesures RTK en temps r\u00e9el avec une pr\u00e9cision centim\u00e9trique, ce qui \u00e9tend son utilit\u00e9 aux professionnels du b\u00e2timent et de l&#039;agriculture.<\/p>","protected":false},"featured_media":11168,"comment_status":"open","ping_status":"closed","template":"","meta":[],"product_brand":[],"product_cat":[220,364,29],"product_tag":[500,505],"class_list":{"0":"post-11163","1":"product","2":"type-product","3":"status-publish","4":"has-post-thumbnail","6":"product_cat-autel","7":"product_cat-bundles-autel","8":"product_cat-drones","9":"product_tag-autel-evo-ii-v3","10":"product_tag-evo-ii-dual-640t-rtk-thermal-drone-v3","12":"first","13":"onbackorder","14":"taxable","15":"shipping-taxable","16":"product-type-simple"},"yoast_head":"<!-- This site is optimized with the Yoast SEO plugin v27.4 - https:\/\/yoast.com\/product\/yoast-seo-wordpress\/ -->\n<title>Autel Robotics EVO II Dual 640T RTK Thermal Drone V3 -<\/title>\n<meta name=\"description\" content=\"The Autel Robotics EVO II DUAL 640T RTK Rugged Bundle V3\u00a0can provide a variety of professions and industries with a fast aerial response and essential data in harsh conditions.\" \/>\n<meta name=\"robots\" content=\"index, follow, max-snippet:-1, max-image-preview:large, max-video-preview:-1\" \/>\n<link rel=\"canonical\" href=\"https:\/\/www.ghostysky.com\/fr\/product\/autel-robotics-evo-ii-dual-640t-rtk-thermal-drone-v3\/\" \/>\n<meta property=\"og:locale\" content=\"fr_FR\" \/>\n<meta property=\"og:type\" content=\"article\" \/>\n<meta property=\"og:title\" content=\"Autel Robotics EVO II Dual 640T RTK Thermal Drone V3 -\" \/>\n<meta property=\"og:description\" content=\"The Autel Robotics EVO II DUAL 640T RTK Rugged Bundle V3\u00a0can provide a variety of professions and industries with a fast aerial response and essential data in harsh conditions.\" \/>\n<meta property=\"og:url\" content=\"https:\/\/www.ghostysky.com\/fr\/product\/autel-robotics-evo-ii-dual-640t-rtk-thermal-drone-v3\/\" \/>\n<meta property=\"og:site_name\" content=\"Ghostysky\" \/>\n<meta property=\"article:publisher\" content=\"https:\/\/www.facebook.com\/people\/Ghostysky\/100057676170234\/\" \/>\n<meta property=\"article:modified_time\" content=\"2025-10-14T11:24:24+00:00\" \/>\n<meta property=\"og:image\" content=\"https:\/\/www.ghostysky.com\/wp-content\/uploads\/2023\/03\/EVOII-Dual-640T-RTK-Thermal-Drone-V3-1.webp\" \/>\n\t<meta property=\"og:image:width\" content=\"760\" \/>\n\t<meta property=\"og:image:height\" content=\"760\" \/>\n\t<meta property=\"og:image:type\" content=\"image\/webp\" \/>\n<meta name=\"twitter:card\" content=\"summary_large_image\" \/>\n<meta name=\"twitter:site\" content=\"@Gh0stysky\" \/>\n<meta name=\"twitter:label1\" content=\"Dur\u00e9e de lecture estim\u00e9e\" \/>\n\t<meta name=\"twitter:data1\" content=\"2 minutes\" \/>\n<script type=\"application\/ld+json\" class=\"yoast-schema-graph\">{\"@context\":\"https:\\\/\\\/schema.org\",\"@graph\":[{\"@type\":\"WebPage\",\"@id\":\"https:\\\/\\\/www.ghostysky.com\\\/product\\\/autel-robotics-evo-ii-dual-640t-rtk-thermal-drone-v3\\\/\",\"url\":\"https:\\\/\\\/www.ghostysky.com\\\/product\\\/autel-robotics-evo-ii-dual-640t-rtk-thermal-drone-v3\\\/\",\"name\":\"Autel Robotics EVO II Dual 640T RTK Thermal Drone V3 -\",\"isPartOf\":{\"@id\":\"https:\\\/\\\/www.ghostysky.com\\\/#website\"},\"primaryImageOfPage\":{\"@id\":\"https:\\\/\\\/www.ghostysky.com\\\/product\\\/autel-robotics-evo-ii-dual-640t-rtk-thermal-drone-v3\\\/#primaryimage\"},\"image\":{\"@id\":\"https:\\\/\\\/www.ghostysky.com\\\/product\\\/autel-robotics-evo-ii-dual-640t-rtk-thermal-drone-v3\\\/#primaryimage\"},\"thumbnailUrl\":\"https:\\\/\\\/www.ghostysky.com\\\/wp-content\\\/uploads\\\/2023\\\/03\\\/EVOII-Dual-640T-RTK-Thermal-Drone-V3-1.webp\",\"datePublished\":\"2023-03-19T12:54:54+00:00\",\"dateModified\":\"2025-10-14T11:24:24+00:00\",\"description\":\"The Autel Robotics EVO II DUAL 640T RTK Rugged Bundle V3\u00a0can provide a variety of professions and industries with a fast aerial response and essential data in harsh conditions.\",\"breadcrumb\":{\"@id\":\"https:\\\/\\\/www.ghostysky.com\\\/product\\\/autel-robotics-evo-ii-dual-640t-rtk-thermal-drone-v3\\\/#breadcrumb\"},\"inLanguage\":\"fr-FR\",\"potentialAction\":[{\"@type\":\"ReadAction\",\"target\":[\"https:\\\/\\\/www.ghostysky.com\\\/product\\\/autel-robotics-evo-ii-dual-640t-rtk-thermal-drone-v3\\\/\"]}]},{\"@type\":\"ImageObject\",\"inLanguage\":\"fr-FR\",\"@id\":\"https:\\\/\\\/www.ghostysky.com\\\/product\\\/autel-robotics-evo-ii-dual-640t-rtk-thermal-drone-v3\\\/#primaryimage\",\"url\":\"https:\\\/\\\/www.ghostysky.com\\\/wp-content\\\/uploads\\\/2023\\\/03\\\/EVOII-Dual-640T-RTK-Thermal-Drone-V3-1.webp\",\"contentUrl\":\"https:\\\/\\\/www.ghostysky.com\\\/wp-content\\\/uploads\\\/2023\\\/03\\\/EVOII-Dual-640T-RTK-Thermal-Drone-V3-1.webp\",\"width\":760,\"height\":760},{\"@type\":\"BreadcrumbList\",\"@id\":\"https:\\\/\\\/www.ghostysky.com\\\/product\\\/autel-robotics-evo-ii-dual-640t-rtk-thermal-drone-v3\\\/#breadcrumb\",\"itemListElement\":[{\"@type\":\"ListItem\",\"position\":1,\"name\":\"Home\",\"item\":\"https:\\\/\\\/www.ghostysky.com\\\/\"},{\"@type\":\"ListItem\",\"position\":2,\"name\":\"Shop\",\"item\":\"https:\\\/\\\/www.ghostysky.com\\\/shop\\\/\"},{\"@type\":\"ListItem\",\"position\":3,\"name\":\"Autel Robotics EVO II Dual 640T RTK Thermal Drone V3\"}]},{\"@type\":\"WebSite\",\"@id\":\"https:\\\/\\\/www.ghostysky.com\\\/#website\",\"url\":\"https:\\\/\\\/www.ghostysky.com\\\/\",\"name\":\"Ghostysky\",\"description\":\"Delivering professional drones and robotics solutions\",\"publisher\":{\"@id\":\"https:\\\/\\\/www.ghostysky.com\\\/#organization\"},\"potentialAction\":[{\"@type\":\"SearchAction\",\"target\":{\"@type\":\"EntryPoint\",\"urlTemplate\":\"https:\\\/\\\/www.ghostysky.com\\\/?s={search_term_string}\"},\"query-input\":{\"@type\":\"PropertyValueSpecification\",\"valueRequired\":true,\"valueName\":\"search_term_string\"}}],\"inLanguage\":\"fr-FR\"},{\"@type\":\"Organization\",\"@id\":\"https:\\\/\\\/www.ghostysky.com\\\/#organization\",\"name\":\"Ghostysky\",\"url\":\"https:\\\/\\\/www.ghostysky.com\\\/\",\"logo\":{\"@type\":\"ImageObject\",\"inLanguage\":\"fr-FR\",\"@id\":\"https:\\\/\\\/www.ghostysky.com\\\/#\\\/schema\\\/logo\\\/image\\\/\",\"url\":\"https:\\\/\\\/www.ghostysky.com\\\/wp-content\\\/uploads\\\/2020\\\/06\\\/cropped-ghostyskylogo_text_white2.png\",\"contentUrl\":\"https:\\\/\\\/www.ghostysky.com\\\/wp-content\\\/uploads\\\/2020\\\/06\\\/cropped-ghostyskylogo_text_white2.png\",\"width\":169,\"height\":56,\"caption\":\"Ghostysky\"},\"image\":{\"@id\":\"https:\\\/\\\/www.ghostysky.com\\\/#\\\/schema\\\/logo\\\/image\\\/\"},\"sameAs\":[\"https:\\\/\\\/www.facebook.com\\\/people\\\/Ghostysky\\\/100057676170234\\\/\",\"https:\\\/\\\/x.com\\\/Gh0stysky\",\"https:\\\/\\\/www.linkedin.com\\\/company\\\/34739653\",\"https:\\\/\\\/www.instagram.com\\\/gh0stysky\"]}]}<\/script>\n<!-- \/ Yoast SEO plugin. -->","yoast_head_json":{"title":"Drone thermique Autel Robotics EVO II Dual 640T RTK V3 -","description":"L&#039;Autel Robotics EVO II DUAL 640T RTK Rugged Bundle V3 peut fournir \u00e0 une vari\u00e9t\u00e9 de professions et d&#039;industries une r\u00e9ponse a\u00e9rienne rapide et des donn\u00e9es essentielles dans des conditions difficiles.","robots":{"index":"index","follow":"follow","max-snippet":"max-snippet:-1","max-image-preview":"max-image-preview:large","max-video-preview":"max-video-preview:-1"},"canonical":"https:\/\/www.ghostysky.com\/fr\/product\/autel-robotics-evo-ii-dual-640t-rtk-thermal-drone-v3\/","og_locale":"fr_FR","og_type":"article","og_title":"Autel Robotics EVO II Dual 640T RTK Thermal Drone V3 -","og_description":"The Autel Robotics EVO II DUAL 640T RTK Rugged Bundle V3\u00a0can provide a variety of professions and industries with a fast aerial response and essential data in harsh conditions.","og_url":"https:\/\/www.ghostysky.com\/fr\/product\/autel-robotics-evo-ii-dual-640t-rtk-thermal-drone-v3\/","og_site_name":"Ghostysky","article_publisher":"https:\/\/www.facebook.com\/people\/Ghostysky\/100057676170234\/","article_modified_time":"2025-10-14T11:24:24+00:00","og_image":[{"width":760,"height":760,"url":"https:\/\/www.ghostysky.com\/wp-content\/uploads\/2023\/03\/EVOII-Dual-640T-RTK-Thermal-Drone-V3-1.webp","type":"image\/webp"}],"twitter_card":"summary_large_image","twitter_site":"@Gh0stysky","twitter_misc":{"Dur\u00e9e de lecture estim\u00e9e":"2 minutes"},"schema":{"@context":"https:\/\/schema.org","@graph":[{"@type":"WebPage","@id":"https:\/\/www.ghostysky.com\/product\/autel-robotics-evo-ii-dual-640t-rtk-thermal-drone-v3\/","url":"https:\/\/www.ghostysky.com\/product\/autel-robotics-evo-ii-dual-640t-rtk-thermal-drone-v3\/","name":"Drone thermique Autel Robotics EVO II Dual 640T RTK V3 -","isPartOf":{"@id":"https:\/\/www.ghostysky.com\/#website"},"primaryImageOfPage":{"@id":"https:\/\/www.ghostysky.com\/product\/autel-robotics-evo-ii-dual-640t-rtk-thermal-drone-v3\/#primaryimage"},"image":{"@id":"https:\/\/www.ghostysky.com\/product\/autel-robotics-evo-ii-dual-640t-rtk-thermal-drone-v3\/#primaryimage"},"thumbnailUrl":"https:\/\/www.ghostysky.com\/wp-content\/uploads\/2023\/03\/EVOII-Dual-640T-RTK-Thermal-Drone-V3-1.webp","datePublished":"2023-03-19T12:54:54+00:00","dateModified":"2025-10-14T11:24:24+00:00","description":"L&#039;Autel Robotics EVO II DUAL 640T RTK Rugged Bundle V3 peut fournir \u00e0 une vari\u00e9t\u00e9 de professions et d&#039;industries une r\u00e9ponse a\u00e9rienne rapide et des donn\u00e9es essentielles dans des conditions difficiles.","breadcrumb":{"@id":"https:\/\/www.ghostysky.com\/product\/autel-robotics-evo-ii-dual-640t-rtk-thermal-drone-v3\/#breadcrumb"},"inLanguage":"fr-FR","potentialAction":[{"@type":"ReadAction","target":["https:\/\/www.ghostysky.com\/product\/autel-robotics-evo-ii-dual-640t-rtk-thermal-drone-v3\/"]}]},{"@type":"ImageObject","inLanguage":"fr-FR","@id":"https:\/\/www.ghostysky.com\/product\/autel-robotics-evo-ii-dual-640t-rtk-thermal-drone-v3\/#primaryimage","url":"https:\/\/www.ghostysky.com\/wp-content\/uploads\/2023\/03\/EVOII-Dual-640T-RTK-Thermal-Drone-V3-1.webp","contentUrl":"https:\/\/www.ghostysky.com\/wp-content\/uploads\/2023\/03\/EVOII-Dual-640T-RTK-Thermal-Drone-V3-1.webp","width":760,"height":760},{"@type":"BreadcrumbList","@id":"https:\/\/www.ghostysky.com\/product\/autel-robotics-evo-ii-dual-640t-rtk-thermal-drone-v3\/#breadcrumb","itemListElement":[{"@type":"ListItem","position":1,"name":"Home","item":"https:\/\/www.ghostysky.com\/"},{"@type":"ListItem","position":2,"name":"Shop","item":"https:\/\/www.ghostysky.com\/shop\/"},{"@type":"ListItem","position":3,"name":"Autel Robotics EVO II Dual 640T RTK Thermal Drone V3"}]},{"@type":"WebSite","@id":"https:\/\/www.ghostysky.com\/#website","url":"https:\/\/www.ghostysky.com\/","name":"Ghostysky","description":"Fourniture de solutions professionnelles en mati\u00e8re de drones et de robotique","publisher":{"@id":"https:\/\/www.ghostysky.com\/#organization"},"potentialAction":[{"@type":"SearchAction","target":{"@type":"EntryPoint","urlTemplate":"https:\/\/www.ghostysky.com\/?s={search_term_string}"},"query-input":{"@type":"PropertyValueSpecification","valueRequired":true,"valueName":"search_term_string"}}],"inLanguage":"fr-FR"},{"@type":"Organization","@id":"https:\/\/www.ghostysky.com\/#organization","name":"Ghostysky","url":"https:\/\/www.ghostysky.com\/","logo":{"@type":"ImageObject","inLanguage":"fr-FR","@id":"https:\/\/www.ghostysky.com\/#\/schema\/logo\/image\/","url":"https:\/\/www.ghostysky.com\/wp-content\/uploads\/2020\/06\/cropped-ghostyskylogo_text_white2.png","contentUrl":"https:\/\/www.ghostysky.com\/wp-content\/uploads\/2020\/06\/cropped-ghostyskylogo_text_white2.png","width":169,"height":56,"caption":"Ghostysky"},"image":{"@id":"https:\/\/www.ghostysky.com\/#\/schema\/logo\/image\/"},"sameAs":["https:\/\/www.facebook.com\/people\/Ghostysky\/100057676170234\/","https:\/\/x.com\/Gh0stysky","https:\/\/www.linkedin.com\/company\/34739653","https:\/\/www.instagram.com\/gh0stysky"]}]}},"_links":{"self":[{"href":"https:\/\/www.ghostysky.com\/fr\/wp-json\/wp\/v2\/product\/11163","targetHints":{"allow":["GET"]}}],"collection":[{"href":"https:\/\/www.ghostysky.com\/fr\/wp-json\/wp\/v2\/product"}],"about":[{"href":"https:\/\/www.ghostysky.com\/fr\/wp-json\/wp\/v2\/types\/product"}],"replies":[{"embeddable":true,"href":"https:\/\/www.ghostysky.com\/fr\/wp-json\/wp\/v2\/comments?post=11163"}],"version-history":[{"count":0,"href":"https:\/\/www.ghostysky.com\/fr\/wp-json\/wp\/v2\/product\/11163\/revisions"}],"wp:featuredmedia":[{"embeddable":true,"href":"https:\/\/www.ghostysky.com\/fr\/wp-json\/wp\/v2\/media\/11168"}],"wp:attachment":[{"href":"https:\/\/www.ghostysky.com\/fr\/wp-json\/wp\/v2\/media?parent=11163"}],"wp:term":[{"taxonomy":"product_brand","embeddable":true,"href":"https:\/\/www.ghostysky.com\/fr\/wp-json\/wp\/v2\/product_brand?post=11163"},{"taxonomy":"product_cat","embeddable":true,"href":"https:\/\/www.ghostysky.com\/fr\/wp-json\/wp\/v2\/product_cat?post=11163"},{"taxonomy":"product_tag","embeddable":true,"href":"https:\/\/www.ghostysky.com\/fr\/wp-json\/wp\/v2\/product_tag?post=11163"}],"curies":[{"name":"wp","href":"https:\/\/api.w.org\/{rel}","templated":true}]}}