{"id":11230,"date":"2023-03-20T22:10:43","date_gmt":"2023-03-20T22:10:43","guid":{"rendered":"https:\/\/www.ghostysky.com\/?post_type=product&#038;p=11230"},"modified":"2023-04-03T20:07:41","modified_gmt":"2023-04-03T20:07:41","slug":"oukitel-wp17","status":"publish","type":"product","link":"https:\/\/www.ghostysky.com\/fr\/product\/oukitel-wp17\/","title":{"rendered":"Oukitel WP17"},"content":{"rendered":"<h3 class=\"a-spacing-base\"><strong><span class=\"a-text-bold\">Caract\u00e9ristiques : Mesure de la temp\u00e9rature, \u00e9tanche, antichoc, anti-poussi\u00e8re, 4G, NFC+Google Pay<\/span><\/strong><\/h3>\n<p class=\"a-spacing-base\"><strong>Syst\u00e8me<\/strong>: Android 11<\/p>\n<p class=\"a-spacing-base\"><strong>Stockage<\/strong>: 8 Go de RAM + 128 Go de ROM<\/p>\n<p class=\"a-spacing-base\"><strong>Cam\u00e9ra arri\u00e8re<\/strong>: Appareil photo principal 64MP (cam\u00e9ra anti-tremblement IES) + 20MP<\/p>\n<p class=\"a-spacing-base\">Cam\u00e9ra de vision nocturne + cam\u00e9ra macro 2MP<\/p>\n<p class=\"a-spacing-base\"><strong>Cam\u00e9ra frontale<\/strong>: Cam\u00e9ra frontale 16MP<\/p>\n<p class=\"a-spacing-base\"><strong>Processeur<\/strong>: Processeur octa-core Mediatek Dimensity G95<\/p>\n<p class=\"a-spacing-base\"><strong>Affichage \u00e0 l&#039;\u00e9cran<\/strong>\u00c9cran 6,78 pouces FHD + verre Corning Gorilla Glass (r\u00e9sistant aux rayures)<\/p>\n<p class=\"a-spacing-base\"><strong>Batterie<\/strong>: 8300mAh<\/p>\n<p class=\"a-spacing-base\"><strong>carte SIM<\/strong>: Double micro \/ Nano SIM + une carte TF<\/p>\n<p class=\"a-spacing-base\"><strong>D\u00e9bloqu\u00e9<\/strong>\uff1aIdentification faciale et empreinte digitale<\/p>","protected":false},"excerpt":{"rendered":"<p>L&#039;Oukitel WP17 est le dernier smartphone 4G robuste IP68. Il est \u00e9quip\u00e9 d&#039;une batterie de 8\u00a0300 mAh et d&#039;un appareil photo de 20 Mpx avec vision nocturne. Ce t\u00e9l\u00e9phone mobile dispose \u00e9galement d&#039;un appareil photo de 64 Mpx, de 8 Go de RAM et de 128 Go de stockage. Le WP17 est \u00e9tanche \u00e0 la poussi\u00e8re, aux chocs et \u00e0 l&#039;eau (norme IP68). Il est \u00e9galement \u00e9quip\u00e9 d&#039;une double SIM et d&#039;Android 11 (GMS).<\/p>","protected":false},"featured_media":11231,"comment_status":"open","ping_status":"closed","template":"","meta":[],"product_brand":[],"product_cat":[461,506],"product_tag":[507,508],"class_list":{"0":"post-11230","1":"product","2":"type-product","3":"status-publish","4":"has-post-thumbnail","6":"product_cat-accessories-2","7":"product_cat-smartphones-tablets","8":"product_tag-oukitel-wp17","9":"product_tag-smartphonetablet","11":"first","12":"onbackorder","13":"taxable","14":"shipping-taxable","15":"product-type-simple"},"yoast_head":"<!-- This site is optimized with the Yoast SEO plugin v27.4 - https:\/\/yoast.com\/product\/yoast-seo-wordpress\/ -->\n<title>Oukitel WP17 - Ghostysky<\/title>\n<meta name=\"description\" content=\"Oukitel WP17 is the latest 4G IP68 rugged smartphone that comes with an 8300mAh battery and a 20MP night vision camera. This mobile phone also has 64MP camera, 8GB RAM 128GB ROM of storage.\" \/>\n<meta name=\"robots\" content=\"index, follow, max-snippet:-1, max-image-preview:large, max-video-preview:-1\" \/>\n<link rel=\"canonical\" href=\"https:\/\/www.ghostysky.com\/fr\/product\/oukitel-wp17\/\" \/>\n<meta property=\"og:locale\" content=\"fr_FR\" \/>\n<meta property=\"og:type\" content=\"article\" \/>\n<meta property=\"og:title\" content=\"Oukitel WP17 - Ghostysky\" \/>\n<meta property=\"og:description\" content=\"Oukitel WP17 is the latest 4G IP68 rugged smartphone that comes with an 8300mAh battery and a 20MP night vision camera. This mobile phone also has 64MP camera, 8GB RAM 128GB ROM of storage.\" \/>\n<meta property=\"og:url\" content=\"https:\/\/www.ghostysky.com\/fr\/product\/oukitel-wp17\/\" \/>\n<meta property=\"og:site_name\" content=\"Ghostysky\" \/>\n<meta property=\"article:publisher\" content=\"https:\/\/www.facebook.com\/people\/Ghostysky\/100057676170234\/\" \/>\n<meta property=\"article:modified_time\" content=\"2023-04-03T20:07:41+00:00\" \/>\n<meta property=\"og:image\" content=\"https:\/\/www.ghostysky.com\/wp-content\/uploads\/2023\/03\/Oukitel-WP17-1.webp\" \/>\n\t<meta property=\"og:image:width\" content=\"1500\" \/>\n\t<meta property=\"og:image:height\" content=\"1500\" \/>\n\t<meta property=\"og:image:type\" content=\"image\/webp\" \/>\n<meta name=\"twitter:card\" content=\"summary_large_image\" \/>\n<meta name=\"twitter:site\" content=\"@Gh0stysky\" \/>\n<meta name=\"twitter:label1\" content=\"Dur\u00e9e de lecture estim\u00e9e\" \/>\n\t<meta name=\"twitter:data1\" content=\"1 minute\" \/>\n<script type=\"application\/ld+json\" class=\"yoast-schema-graph\">{\"@context\":\"https:\\\/\\\/schema.org\",\"@graph\":[{\"@type\":\"WebPage\",\"@id\":\"https:\\\/\\\/www.ghostysky.com\\\/product\\\/oukitel-wp17\\\/\",\"url\":\"https:\\\/\\\/www.ghostysky.com\\\/product\\\/oukitel-wp17\\\/\",\"name\":\"Oukitel WP17 - Ghostysky\",\"isPartOf\":{\"@id\":\"https:\\\/\\\/www.ghostysky.com\\\/#website\"},\"primaryImageOfPage\":{\"@id\":\"https:\\\/\\\/www.ghostysky.com\\\/product\\\/oukitel-wp17\\\/#primaryimage\"},\"image\":{\"@id\":\"https:\\\/\\\/www.ghostysky.com\\\/product\\\/oukitel-wp17\\\/#primaryimage\"},\"thumbnailUrl\":\"https:\\\/\\\/www.ghostysky.com\\\/wp-content\\\/uploads\\\/2023\\\/03\\\/Oukitel-WP17-1.webp\",\"datePublished\":\"2023-03-20T22:10:43+00:00\",\"dateModified\":\"2023-04-03T20:07:41+00:00\",\"description\":\"Oukitel WP17 is the latest 4G IP68 rugged smartphone that comes with an 8300mAh battery and a 20MP night vision camera. This mobile phone also has 64MP camera, 8GB RAM 128GB ROM of storage.\",\"breadcrumb\":{\"@id\":\"https:\\\/\\\/www.ghostysky.com\\\/product\\\/oukitel-wp17\\\/#breadcrumb\"},\"inLanguage\":\"fr-FR\",\"potentialAction\":[{\"@type\":\"ReadAction\",\"target\":[\"https:\\\/\\\/www.ghostysky.com\\\/product\\\/oukitel-wp17\\\/\"]}]},{\"@type\":\"ImageObject\",\"inLanguage\":\"fr-FR\",\"@id\":\"https:\\\/\\\/www.ghostysky.com\\\/product\\\/oukitel-wp17\\\/#primaryimage\",\"url\":\"https:\\\/\\\/www.ghostysky.com\\\/wp-content\\\/uploads\\\/2023\\\/03\\\/Oukitel-WP17-1.webp\",\"contentUrl\":\"https:\\\/\\\/www.ghostysky.com\\\/wp-content\\\/uploads\\\/2023\\\/03\\\/Oukitel-WP17-1.webp\",\"width\":1500,\"height\":1500},{\"@type\":\"BreadcrumbList\",\"@id\":\"https:\\\/\\\/www.ghostysky.com\\\/product\\\/oukitel-wp17\\\/#breadcrumb\",\"itemListElement\":[{\"@type\":\"ListItem\",\"position\":1,\"name\":\"Home\",\"item\":\"https:\\\/\\\/www.ghostysky.com\\\/\"},{\"@type\":\"ListItem\",\"position\":2,\"name\":\"Shop\",\"item\":\"https:\\\/\\\/www.ghostysky.com\\\/shop\\\/\"},{\"@type\":\"ListItem\",\"position\":3,\"name\":\"Oukitel WP17\"}]},{\"@type\":\"WebSite\",\"@id\":\"https:\\\/\\\/www.ghostysky.com\\\/#website\",\"url\":\"https:\\\/\\\/www.ghostysky.com\\\/\",\"name\":\"Ghostysky\",\"description\":\"Delivering professional drones and services\",\"publisher\":{\"@id\":\"https:\\\/\\\/www.ghostysky.com\\\/#organization\"},\"potentialAction\":[{\"@type\":\"SearchAction\",\"target\":{\"@type\":\"EntryPoint\",\"urlTemplate\":\"https:\\\/\\\/www.ghostysky.com\\\/?s={search_term_string}\"},\"query-input\":{\"@type\":\"PropertyValueSpecification\",\"valueRequired\":true,\"valueName\":\"search_term_string\"}}],\"inLanguage\":\"fr-FR\"},{\"@type\":\"Organization\",\"@id\":\"https:\\\/\\\/www.ghostysky.com\\\/#organization\",\"name\":\"Ghostysky\",\"url\":\"https:\\\/\\\/www.ghostysky.com\\\/\",\"logo\":{\"@type\":\"ImageObject\",\"inLanguage\":\"fr-FR\",\"@id\":\"https:\\\/\\\/www.ghostysky.com\\\/#\\\/schema\\\/logo\\\/image\\\/\",\"url\":\"https:\\\/\\\/www.ghostysky.com\\\/wp-content\\\/uploads\\\/2020\\\/06\\\/cropped-ghostyskylogo_text_white2.png\",\"contentUrl\":\"https:\\\/\\\/www.ghostysky.com\\\/wp-content\\\/uploads\\\/2020\\\/06\\\/cropped-ghostyskylogo_text_white2.png\",\"width\":169,\"height\":56,\"caption\":\"Ghostysky\"},\"image\":{\"@id\":\"https:\\\/\\\/www.ghostysky.com\\\/#\\\/schema\\\/logo\\\/image\\\/\"},\"sameAs\":[\"https:\\\/\\\/www.facebook.com\\\/people\\\/Ghostysky\\\/100057676170234\\\/\",\"https:\\\/\\\/x.com\\\/Gh0stysky\",\"https:\\\/\\\/www.linkedin.com\\\/company\\\/34739653\",\"https:\\\/\\\/www.instagram.com\\\/gh0stysky\"]}]}<\/script>\n<!-- \/ Yoast SEO plugin. -->","yoast_head_json":{"title":"Oukitel WP17 - Ghostysky","description":"L&#039;Oukitel WP17 est le dernier smartphone 4G durci IP68. Il est \u00e9quip\u00e9 d&#039;une batterie de 8\u00a0300 mAh et d&#039;un appareil photo de 20 Mpx avec vision nocturne. Il dispose \u00e9galement d&#039;un appareil photo de 64 Mpx, de 8 Go de RAM et de 128 Go de stockage.","robots":{"index":"index","follow":"follow","max-snippet":"max-snippet:-1","max-image-preview":"max-image-preview:large","max-video-preview":"max-video-preview:-1"},"canonical":"https:\/\/www.ghostysky.com\/fr\/product\/oukitel-wp17\/","og_locale":"fr_FR","og_type":"article","og_title":"Oukitel WP17 - Ghostysky","og_description":"Oukitel WP17 is the latest 4G IP68 rugged smartphone that comes with an 8300mAh battery and a 20MP night vision camera. This mobile phone also has 64MP camera, 8GB RAM 128GB ROM of storage.","og_url":"https:\/\/www.ghostysky.com\/fr\/product\/oukitel-wp17\/","og_site_name":"Ghostysky","article_publisher":"https:\/\/www.facebook.com\/people\/Ghostysky\/100057676170234\/","article_modified_time":"2023-04-03T20:07:41+00:00","og_image":[{"width":1500,"height":1500,"url":"https:\/\/www.ghostysky.com\/wp-content\/uploads\/2023\/03\/Oukitel-WP17-1.webp","type":"image\/webp"}],"twitter_card":"summary_large_image","twitter_site":"@Gh0stysky","twitter_misc":{"Dur\u00e9e de lecture estim\u00e9e":"1 minute"},"schema":{"@context":"https:\/\/schema.org","@graph":[{"@type":"WebPage","@id":"https:\/\/www.ghostysky.com\/product\/oukitel-wp17\/","url":"https:\/\/www.ghostysky.com\/product\/oukitel-wp17\/","name":"Oukitel WP17 - Ghostysky","isPartOf":{"@id":"https:\/\/www.ghostysky.com\/#website"},"primaryImageOfPage":{"@id":"https:\/\/www.ghostysky.com\/product\/oukitel-wp17\/#primaryimage"},"image":{"@id":"https:\/\/www.ghostysky.com\/product\/oukitel-wp17\/#primaryimage"},"thumbnailUrl":"https:\/\/www.ghostysky.com\/wp-content\/uploads\/2023\/03\/Oukitel-WP17-1.webp","datePublished":"2023-03-20T22:10:43+00:00","dateModified":"2023-04-03T20:07:41+00:00","description":"L&#039;Oukitel WP17 est le dernier smartphone 4G durci IP68. Il est \u00e9quip\u00e9 d&#039;une batterie de 8\u00a0300 mAh et d&#039;un appareil photo de 20 Mpx avec vision nocturne. Il dispose \u00e9galement d&#039;un appareil photo de 64 Mpx, de 8 Go de RAM et de 128 Go de stockage.","breadcrumb":{"@id":"https:\/\/www.ghostysky.com\/product\/oukitel-wp17\/#breadcrumb"},"inLanguage":"fr-FR","potentialAction":[{"@type":"ReadAction","target":["https:\/\/www.ghostysky.com\/product\/oukitel-wp17\/"]}]},{"@type":"ImageObject","inLanguage":"fr-FR","@id":"https:\/\/www.ghostysky.com\/product\/oukitel-wp17\/#primaryimage","url":"https:\/\/www.ghostysky.com\/wp-content\/uploads\/2023\/03\/Oukitel-WP17-1.webp","contentUrl":"https:\/\/www.ghostysky.com\/wp-content\/uploads\/2023\/03\/Oukitel-WP17-1.webp","width":1500,"height":1500},{"@type":"BreadcrumbList","@id":"https:\/\/www.ghostysky.com\/product\/oukitel-wp17\/#breadcrumb","itemListElement":[{"@type":"ListItem","position":1,"name":"Home","item":"https:\/\/www.ghostysky.com\/"},{"@type":"ListItem","position":2,"name":"Shop","item":"https:\/\/www.ghostysky.com\/shop\/"},{"@type":"ListItem","position":3,"name":"Oukitel WP17"}]},{"@type":"WebSite","@id":"https:\/\/www.ghostysky.com\/#website","url":"https:\/\/www.ghostysky.com\/","name":"Ghostysky","description":"Livraison de drones et de services professionnels","publisher":{"@id":"https:\/\/www.ghostysky.com\/#organization"},"potentialAction":[{"@type":"SearchAction","target":{"@type":"EntryPoint","urlTemplate":"https:\/\/www.ghostysky.com\/?s={search_term_string}"},"query-input":{"@type":"PropertyValueSpecification","valueRequired":true,"valueName":"search_term_string"}}],"inLanguage":"fr-FR"},{"@type":"Organization","@id":"https:\/\/www.ghostysky.com\/#organization","name":"Ghostysky","url":"https:\/\/www.ghostysky.com\/","logo":{"@type":"ImageObject","inLanguage":"fr-FR","@id":"https:\/\/www.ghostysky.com\/#\/schema\/logo\/image\/","url":"https:\/\/www.ghostysky.com\/wp-content\/uploads\/2020\/06\/cropped-ghostyskylogo_text_white2.png","contentUrl":"https:\/\/www.ghostysky.com\/wp-content\/uploads\/2020\/06\/cropped-ghostyskylogo_text_white2.png","width":169,"height":56,"caption":"Ghostysky"},"image":{"@id":"https:\/\/www.ghostysky.com\/#\/schema\/logo\/image\/"},"sameAs":["https:\/\/www.facebook.com\/people\/Ghostysky\/100057676170234\/","https:\/\/x.com\/Gh0stysky","https:\/\/www.linkedin.com\/company\/34739653","https:\/\/www.instagram.com\/gh0stysky"]}]}},"_links":{"self":[{"href":"https:\/\/www.ghostysky.com\/fr\/wp-json\/wp\/v2\/product\/11230","targetHints":{"allow":["GET"]}}],"collection":[{"href":"https:\/\/www.ghostysky.com\/fr\/wp-json\/wp\/v2\/product"}],"about":[{"href":"https:\/\/www.ghostysky.com\/fr\/wp-json\/wp\/v2\/types\/product"}],"replies":[{"embeddable":true,"href":"https:\/\/www.ghostysky.com\/fr\/wp-json\/wp\/v2\/comments?post=11230"}],"wp:featuredmedia":[{"embeddable":true,"href":"https:\/\/www.ghostysky.com\/fr\/wp-json\/wp\/v2\/media\/11231"}],"wp:attachment":[{"href":"https:\/\/www.ghostysky.com\/fr\/wp-json\/wp\/v2\/media?parent=11230"}],"wp:term":[{"taxonomy":"product_brand","embeddable":true,"href":"https:\/\/www.ghostysky.com\/fr\/wp-json\/wp\/v2\/product_brand?post=11230"},{"taxonomy":"product_cat","embeddable":true,"href":"https:\/\/www.ghostysky.com\/fr\/wp-json\/wp\/v2\/product_cat?post=11230"},{"taxonomy":"product_tag","embeddable":true,"href":"https:\/\/www.ghostysky.com\/fr\/wp-json\/wp\/v2\/product_tag?post=11230"}],"curies":[{"name":"wp","href":"https:\/\/api.w.org\/{rel}","templated":true}]}}