{"id":11239,"date":"2023-03-20T22:38:22","date_gmt":"2023-03-20T22:38:22","guid":{"rendered":"https:\/\/www.ghostysky.com\/?post_type=product&#038;p=11239"},"modified":"2023-04-03T20:07:03","modified_gmt":"2023-04-03T20:07:03","slug":"oukitel-wp21-ultra","status":"publish","type":"product","link":"https:\/\/www.ghostysky.com\/fr\/product\/oukitel-wp21-ultra\/","title":{"rendered":"Oukitel WP21 Ultra"},"content":{"rendered":"<h3>Sp\u00e9cification<\/h3>\n<ul>\n<li><strong>Poids:\u00a0<\/strong>398 g<\/li>\n<li><strong>Dimensions:\u00a0<\/strong>177,3 x 84,3 x 14,8 mm<\/li>\n<li><strong>Syst\u00e8me op\u00e9rateur:\u00a0<\/strong>Android 12<\/li>\n<li><strong>Taille de l&#039;\u00e9cran :\u00a0<\/strong>6,78 pouces<\/li>\n<li><strong>R\u00e9solution:\u00a0<\/strong>2460\u00d71080<\/li>\n<li><strong>B\u00c9LIER:\u00a0<\/strong>12 Go<\/li>\n<li><strong>Stockage (ROM) :\u00a0<\/strong>256 Go<\/li>\n<li><strong>Cam\u00e9ras:\u00a0<\/strong>Sony IMX686 64 Mpx<\/li>\n<li><strong>Processeur:\u00a0<\/strong>MediaTek Helio G99<\/li>\n<li><strong>Batterie:\u00a0<\/strong>9800 mAh<\/li>\n<\/ul>","protected":false},"excerpt":{"rendered":"<p>L&#039;OUKITEL WP21 Ultra p\u00e8se 398 g pour des dimensions de 177,3 x 84,3 x 14,8 mm et dispose d&#039;un \u00e9cran de 6,78 pouces. Sa r\u00e9solution de 2460 x 1080 pixels offre des images claires et lumineuses. La cam\u00e9ra arri\u00e8re est \u00e9quip\u00e9e d&#039;un capteur Sony IMX686 de 64 Mpx. La cam\u00e9ra frontale de 20 Mpx est id\u00e9ale pour des selfies de haute qualit\u00e9.<\/p>","protected":false},"featured_media":11242,"comment_status":"open","ping_status":"closed","template":"","meta":[],"product_brand":[],"product_cat":[461,506],"product_tag":[510,508],"class_list":{"0":"post-11239","1":"product","2":"type-product","3":"status-publish","4":"has-post-thumbnail","6":"product_cat-accessories-2","7":"product_cat-smartphones-tablets","8":"product_tag-oukitel-wp21-ultra","9":"product_tag-smartphonetablet","11":"first","12":"onbackorder","13":"taxable","14":"shipping-taxable","15":"product-type-simple"},"yoast_head":"<!-- This site is optimized with the Yoast SEO plugin v27.1.1 - https:\/\/yoast.com\/product\/yoast-seo-wordpress\/ -->\n<title>Oukitel WP21 Ultra -<\/title>\n<meta name=\"description\" content=\"OUKITEL WP21 Ultra weighs 398g with dimensions 177,3 x 84,3 x 14,8 mm and a 6.78 inches-inch display. The screen resolution is 2460x1080 pixels, the image is bright and clear.\" \/>\n<meta name=\"robots\" content=\"index, follow, max-snippet:-1, max-image-preview:large, max-video-preview:-1\" \/>\n<link rel=\"canonical\" href=\"https:\/\/www.ghostysky.com\/fr\/product\/oukitel-wp21-ultra\/\" \/>\n<meta property=\"og:locale\" content=\"fr_FR\" \/>\n<meta property=\"og:type\" content=\"article\" \/>\n<meta property=\"og:title\" content=\"Oukitel WP21 Ultra -\" \/>\n<meta property=\"og:description\" content=\"OUKITEL WP21 Ultra weighs 398g with dimensions 177,3 x 84,3 x 14,8 mm and a 6.78 inches-inch display. The screen resolution is 2460x1080 pixels, the image is bright and clear.\" \/>\n<meta property=\"og:url\" content=\"https:\/\/www.ghostysky.com\/fr\/product\/oukitel-wp21-ultra\/\" \/>\n<meta property=\"og:site_name\" content=\"Ghostysky\" \/>\n<meta property=\"article:publisher\" content=\"https:\/\/www.facebook.com\/people\/Ghostysky\/100057676170234\/\" \/>\n<meta property=\"article:modified_time\" content=\"2023-04-03T20:07:03+00:00\" \/>\n<meta property=\"og:image\" content=\"https:\/\/www.ghostysky.com\/wp-content\/uploads\/2023\/03\/WP21-Ultra-1.webp\" \/>\n\t<meta property=\"og:image:width\" content=\"787\" \/>\n\t<meta property=\"og:image:height\" content=\"805\" \/>\n\t<meta property=\"og:image:type\" content=\"image\/webp\" \/>\n<meta name=\"twitter:card\" content=\"summary_large_image\" \/>\n<meta name=\"twitter:site\" content=\"@Gh0stysky\" \/>\n<meta name=\"twitter:label1\" content=\"Dur\u00e9e de lecture estim\u00e9e\" \/>\n\t<meta name=\"twitter:data1\" content=\"1 minute\" \/>\n<script type=\"application\/ld+json\" class=\"yoast-schema-graph\">{\"@context\":\"https:\/\/schema.org\",\"@graph\":[{\"@type\":\"WebPage\",\"@id\":\"https:\/\/www.ghostysky.com\/product\/oukitel-wp21-ultra\/\",\"url\":\"https:\/\/www.ghostysky.com\/product\/oukitel-wp21-ultra\/\",\"name\":\"Oukitel WP21 Ultra -\",\"isPartOf\":{\"@id\":\"https:\/\/www.ghostysky.com\/#website\"},\"primaryImageOfPage\":{\"@id\":\"https:\/\/www.ghostysky.com\/product\/oukitel-wp21-ultra\/#primaryimage\"},\"image\":{\"@id\":\"https:\/\/www.ghostysky.com\/product\/oukitel-wp21-ultra\/#primaryimage\"},\"thumbnailUrl\":\"https:\/\/www.ghostysky.com\/wp-content\/uploads\/2023\/03\/WP21-Ultra-1.webp\",\"datePublished\":\"2023-03-20T22:38:22+00:00\",\"dateModified\":\"2023-04-03T20:07:03+00:00\",\"description\":\"OUKITEL WP21 Ultra weighs 398g with dimensions 177,3 x 84,3 x 14,8 mm and a 6.78 inches-inch display. The screen resolution is 2460x1080 pixels, the image is bright and clear.\",\"breadcrumb\":{\"@id\":\"https:\/\/www.ghostysky.com\/product\/oukitel-wp21-ultra\/#breadcrumb\"},\"inLanguage\":\"fr-FR\",\"potentialAction\":[{\"@type\":\"ReadAction\",\"target\":[\"https:\/\/www.ghostysky.com\/product\/oukitel-wp21-ultra\/\"]}]},{\"@type\":\"ImageObject\",\"inLanguage\":\"fr-FR\",\"@id\":\"https:\/\/www.ghostysky.com\/product\/oukitel-wp21-ultra\/#primaryimage\",\"url\":\"https:\/\/www.ghostysky.com\/wp-content\/uploads\/2023\/03\/WP21-Ultra-1.webp\",\"contentUrl\":\"https:\/\/www.ghostysky.com\/wp-content\/uploads\/2023\/03\/WP21-Ultra-1.webp\",\"width\":787,\"height\":805},{\"@type\":\"BreadcrumbList\",\"@id\":\"https:\/\/www.ghostysky.com\/product\/oukitel-wp21-ultra\/#breadcrumb\",\"itemListElement\":[{\"@type\":\"ListItem\",\"position\":1,\"name\":\"Home\",\"item\":\"https:\/\/www.ghostysky.com\/\"},{\"@type\":\"ListItem\",\"position\":2,\"name\":\"Shop\",\"item\":\"https:\/\/www.ghostysky.com\/shop\/\"},{\"@type\":\"ListItem\",\"position\":3,\"name\":\"Oukitel WP21 Ultra\"}]},{\"@type\":\"WebSite\",\"@id\":\"https:\/\/www.ghostysky.com\/#website\",\"url\":\"https:\/\/www.ghostysky.com\/\",\"name\":\"Ghostysky\",\"description\":\"Delivering professional drones and services\",\"publisher\":{\"@id\":\"https:\/\/www.ghostysky.com\/#organization\"},\"potentialAction\":[{\"@type\":\"SearchAction\",\"target\":{\"@type\":\"EntryPoint\",\"urlTemplate\":\"https:\/\/www.ghostysky.com\/?s={search_term_string}\"},\"query-input\":{\"@type\":\"PropertyValueSpecification\",\"valueRequired\":true,\"valueName\":\"search_term_string\"}}],\"inLanguage\":\"fr-FR\"},{\"@type\":\"Organization\",\"@id\":\"https:\/\/www.ghostysky.com\/#organization\",\"name\":\"Ghostysky\",\"url\":\"https:\/\/www.ghostysky.com\/\",\"logo\":{\"@type\":\"ImageObject\",\"inLanguage\":\"fr-FR\",\"@id\":\"https:\/\/www.ghostysky.com\/#\/schema\/logo\/image\/\",\"url\":\"https:\/\/www.ghostysky.com\/wp-content\/uploads\/2020\/06\/cropped-ghostyskylogo_text_white2.png\",\"contentUrl\":\"https:\/\/www.ghostysky.com\/wp-content\/uploads\/2020\/06\/cropped-ghostyskylogo_text_white2.png\",\"width\":169,\"height\":56,\"caption\":\"Ghostysky\"},\"image\":{\"@id\":\"https:\/\/www.ghostysky.com\/#\/schema\/logo\/image\/\"},\"sameAs\":[\"https:\/\/www.facebook.com\/people\/Ghostysky\/100057676170234\/\",\"https:\/\/x.com\/Gh0stysky\",\"https:\/\/www.linkedin.com\/company\/34739653\",\"https:\/\/www.instagram.com\/gh0stysky\"]}]}<\/script>\n<!-- \/ Yoast SEO plugin. -->","yoast_head_json":{"title":"Oukitel WP21 Ultra -","description":"L&#039;OUKITEL WP21 Ultra p\u00e8se 398 g et mesure 177,3 x 84,3 x 14,8 mm. Son \u00e9cran de 6,78 pouces affiche une r\u00e9solution de 2460 x 1080 pixels, pour une image claire et lumineuse.","robots":{"index":"index","follow":"follow","max-snippet":"max-snippet:-1","max-image-preview":"max-image-preview:large","max-video-preview":"max-video-preview:-1"},"canonical":"https:\/\/www.ghostysky.com\/fr\/product\/oukitel-wp21-ultra\/","og_locale":"fr_FR","og_type":"article","og_title":"Oukitel WP21 Ultra -","og_description":"OUKITEL WP21 Ultra weighs 398g with dimensions 177,3 x 84,3 x 14,8 mm and a 6.78 inches-inch display. The screen resolution is 2460x1080 pixels, the image is bright and clear.","og_url":"https:\/\/www.ghostysky.com\/fr\/product\/oukitel-wp21-ultra\/","og_site_name":"Ghostysky","article_publisher":"https:\/\/www.facebook.com\/people\/Ghostysky\/100057676170234\/","article_modified_time":"2023-04-03T20:07:03+00:00","og_image":[{"width":787,"height":805,"url":"https:\/\/www.ghostysky.com\/wp-content\/uploads\/2023\/03\/WP21-Ultra-1.webp","type":"image\/webp"}],"twitter_card":"summary_large_image","twitter_site":"@Gh0stysky","twitter_misc":{"Dur\u00e9e de lecture estim\u00e9e":"1 minute"},"schema":{"@context":"https:\/\/schema.org","@graph":[{"@type":"WebPage","@id":"https:\/\/www.ghostysky.com\/product\/oukitel-wp21-ultra\/","url":"https:\/\/www.ghostysky.com\/product\/oukitel-wp21-ultra\/","name":"Oukitel WP21 Ultra -","isPartOf":{"@id":"https:\/\/www.ghostysky.com\/#website"},"primaryImageOfPage":{"@id":"https:\/\/www.ghostysky.com\/product\/oukitel-wp21-ultra\/#primaryimage"},"image":{"@id":"https:\/\/www.ghostysky.com\/product\/oukitel-wp21-ultra\/#primaryimage"},"thumbnailUrl":"https:\/\/www.ghostysky.com\/wp-content\/uploads\/2023\/03\/WP21-Ultra-1.webp","datePublished":"2023-03-20T22:38:22+00:00","dateModified":"2023-04-03T20:07:03+00:00","description":"L&#039;OUKITEL WP21 Ultra p\u00e8se 398 g et mesure 177,3 x 84,3 x 14,8 mm. Son \u00e9cran de 6,78 pouces affiche une r\u00e9solution de 2460 x 1080 pixels, pour une image claire et lumineuse.","breadcrumb":{"@id":"https:\/\/www.ghostysky.com\/product\/oukitel-wp21-ultra\/#breadcrumb"},"inLanguage":"fr-FR","potentialAction":[{"@type":"ReadAction","target":["https:\/\/www.ghostysky.com\/product\/oukitel-wp21-ultra\/"]}]},{"@type":"ImageObject","inLanguage":"fr-FR","@id":"https:\/\/www.ghostysky.com\/product\/oukitel-wp21-ultra\/#primaryimage","url":"https:\/\/www.ghostysky.com\/wp-content\/uploads\/2023\/03\/WP21-Ultra-1.webp","contentUrl":"https:\/\/www.ghostysky.com\/wp-content\/uploads\/2023\/03\/WP21-Ultra-1.webp","width":787,"height":805},{"@type":"BreadcrumbList","@id":"https:\/\/www.ghostysky.com\/product\/oukitel-wp21-ultra\/#breadcrumb","itemListElement":[{"@type":"ListItem","position":1,"name":"Home","item":"https:\/\/www.ghostysky.com\/"},{"@type":"ListItem","position":2,"name":"Shop","item":"https:\/\/www.ghostysky.com\/shop\/"},{"@type":"ListItem","position":3,"name":"Oukitel WP21 Ultra"}]},{"@type":"WebSite","@id":"https:\/\/www.ghostysky.com\/#website","url":"https:\/\/www.ghostysky.com\/","name":"Ghostysky","description":"Livraison de drones et de services professionnels","publisher":{"@id":"https:\/\/www.ghostysky.com\/#organization"},"potentialAction":[{"@type":"SearchAction","target":{"@type":"EntryPoint","urlTemplate":"https:\/\/www.ghostysky.com\/?s={search_term_string}"},"query-input":{"@type":"PropertyValueSpecification","valueRequired":true,"valueName":"search_term_string"}}],"inLanguage":"fr-FR"},{"@type":"Organization","@id":"https:\/\/www.ghostysky.com\/#organization","name":"Ghostysky","url":"https:\/\/www.ghostysky.com\/","logo":{"@type":"ImageObject","inLanguage":"fr-FR","@id":"https:\/\/www.ghostysky.com\/#\/schema\/logo\/image\/","url":"https:\/\/www.ghostysky.com\/wp-content\/uploads\/2020\/06\/cropped-ghostyskylogo_text_white2.png","contentUrl":"https:\/\/www.ghostysky.com\/wp-content\/uploads\/2020\/06\/cropped-ghostyskylogo_text_white2.png","width":169,"height":56,"caption":"Ghostysky"},"image":{"@id":"https:\/\/www.ghostysky.com\/#\/schema\/logo\/image\/"},"sameAs":["https:\/\/www.facebook.com\/people\/Ghostysky\/100057676170234\/","https:\/\/x.com\/Gh0stysky","https:\/\/www.linkedin.com\/company\/34739653","https:\/\/www.instagram.com\/gh0stysky"]}]}},"_links":{"self":[{"href":"https:\/\/www.ghostysky.com\/fr\/wp-json\/wp\/v2\/product\/11239","targetHints":{"allow":["GET"]}}],"collection":[{"href":"https:\/\/www.ghostysky.com\/fr\/wp-json\/wp\/v2\/product"}],"about":[{"href":"https:\/\/www.ghostysky.com\/fr\/wp-json\/wp\/v2\/types\/product"}],"replies":[{"embeddable":true,"href":"https:\/\/www.ghostysky.com\/fr\/wp-json\/wp\/v2\/comments?post=11239"}],"wp:featuredmedia":[{"embeddable":true,"href":"https:\/\/www.ghostysky.com\/fr\/wp-json\/wp\/v2\/media\/11242"}],"wp:attachment":[{"href":"https:\/\/www.ghostysky.com\/fr\/wp-json\/wp\/v2\/media?parent=11239"}],"wp:term":[{"taxonomy":"product_brand","embeddable":true,"href":"https:\/\/www.ghostysky.com\/fr\/wp-json\/wp\/v2\/product_brand?post=11239"},{"taxonomy":"product_cat","embeddable":true,"href":"https:\/\/www.ghostysky.com\/fr\/wp-json\/wp\/v2\/product_cat?post=11239"},{"taxonomy":"product_tag","embeddable":true,"href":"https:\/\/www.ghostysky.com\/fr\/wp-json\/wp\/v2\/product_tag?post=11239"}],"curies":[{"name":"wp","href":"https:\/\/api.w.org\/{rel}","templated":true}]}}