{"id":11260,"date":"2023-03-20T23:28:15","date_gmt":"2023-03-20T23:28:15","guid":{"rendered":"https:\/\/www.ghostysky.com\/?post_type=product&#038;p=11260"},"modified":"2024-10-27T21:31:15","modified_gmt":"2024-10-27T21:31:15","slug":"oukitel-p2001","status":"publish","type":"product","link":"https:\/\/www.ghostysky.com\/fr\/product\/oukitel-p2001\/","title":{"rendered":"OUKITEL P2001"},"content":{"rendered":"<h3>Sp\u00e9cifications techniques<\/h3>\n<ul>\n<li>Mod\u00e8le : OUKITEL P2001E<\/li>\n<li>Taille : 394*279*330mm<\/li>\n<li>Poids : 22 kg<\/li>\n<li>Batterie : LiFePo4<\/li>\n<li>Capacit\u00e9 : 2000 Wh<\/li>\n<li>Lumi\u00e8re LED : 2 W, ton chaud, lampe unique<\/li>\n<li>Temp\u00e9rature de fonctionnement : 0-40 \u2103 \/32-104\u2109<\/li>\n<li>Temp\u00e9rature de stockage : -10-40 \u2103 \/-14-104\u2109<\/li>\n<li>Supercharge : 1100 W, CA 200-240 V\/50 Hz, 10 A<\/li>\n<li>Charge solaire : Maximum 500 W, 12 V-48 V\/ 15 A<\/li>\n<li>Adaptateur de charge\u00a0: version UE 12\u00a0V-48\u00a0V\/15\u00a0A, maximum 500\u00a0W<\/li>\n<li>Chargeur de voiture et de batterie\u00a0: 12\u00a0V\/8\u00a0A \u2013 24\u00a0V\/10\u00a0A<\/li>\n<li>3 x CA : 4\u00a0000 W maximum (200-240 V)<\/li>\n<li>2 x USB-A : 5 V\/2,4 A<\/li>\n<li>2 x USB-A : QC3.0-18W<\/li>\n<li>2 x USB-C : PD-100 W<\/li>\n<li>1 x XT60 : 12 V\/10 A<\/li>\n<li>2 x Sortie : 12 V\/3 A<\/li>\n<li>1 x Allume-cigare : 12V\/10Aw<\/li>\n<\/ul>\n<h3>DANS LA BO\u00ceTE<\/h3>\n<ol>\n<li>Centrale \u00e9lectrique Oukitel P2001<\/li>\n<li>C\u00e2ble de chargement de voiture<\/li>\n<li>C\u00e2ble de charge solaire<\/li>\n<li>C\u00e2ble de charge CA<\/li>\n<li>Manuel d&#039;utilisation<\/li>\n<\/ol>","protected":false},"excerpt":{"rendered":"<ul>\n<li><strong>Capacit\u00e9 \u00e9norme<\/strong>\u00a0Le P2001E poss\u00e8de 2000 Wh et est capable de fournir une puissance suffisante dans toutes les situations de panne de courant.<\/li>\n<li><strong>Puissance de sortie constante de 2\u00a0000 W<\/strong>\u00a0Alimentant facilement tous les appareils et appareils \u00e9lectrom\u00e9nagers de haute puissance (climatiseurs, micro-ondes, r\u00e9frig\u00e9rateur, scie \u00e9lectrique, perceuse \u00e9lectrique, etc.), le P2001E peut m\u00eame surtension jusqu&#039;\u00e0 4000 W.<\/li>\n<li><strong>Recharge ultra rapide<\/strong>\u00a0Vous pouvez charger le P2001E sur une prise murale standard, des panneaux solaires, un abri voiture ou tout autre g\u00e9n\u00e9rateur. Recharger le P2001E de 0 \u00e0 100% ne prend qu&#039;une heure et demie avec une puissance absorb\u00e9e de 1500 W.<\/li>\n<li><strong>Solution de stockage d&#039;\u00e9nergie solaire<\/strong>\u00a0Le P2001E est compatible avec tous les panneaux solaires (12-48V, MAX 500W) du march\u00e9.<\/li>\n<li><strong>UPS<\/strong>\u00a0L&#039;alimentation sans interruption (UPS) est con\u00e7ue pour prot\u00e9ger vos appareils \u00e9lectriques sensibles et pr\u00e9cieux.<\/li>\n<\/ul>","protected":false},"featured_media":11266,"comment_status":"open","ping_status":"closed","template":"","meta":[],"product_brand":[],"product_cat":[461,511],"product_tag":[512,513],"class_list":{"0":"post-11260","1":"product","2":"type-product","3":"status-publish","4":"has-post-thumbnail","6":"product_cat-accessories-2","7":"product_cat-power-station","8":"product_tag-oukitel-p2001","9":"product_tag-power-station","11":"first","12":"onbackorder","13":"taxable","14":"shipping-taxable","15":"product-type-simple"},"yoast_head":"<!-- This site is optimized with the Yoast SEO plugin v27.4 - https:\/\/yoast.com\/product\/yoast-seo-wordpress\/ -->\n<title>OUKITEL P2001 -<\/title>\n<meta name=\"description\" content=\"Huge Capacity\u00a0P2001E owns 2000Wh being capable of providing sufficient power in any power outage situations.\" \/>\n<meta name=\"robots\" content=\"index, follow, max-snippet:-1, max-image-preview:large, max-video-preview:-1\" \/>\n<link rel=\"canonical\" href=\"https:\/\/www.ghostysky.com\/fr\/product\/oukitel-p2001\/\" \/>\n<meta property=\"og:locale\" content=\"fr_FR\" \/>\n<meta property=\"og:type\" content=\"article\" \/>\n<meta property=\"og:title\" content=\"OUKITEL P2001 -\" \/>\n<meta property=\"og:description\" content=\"Huge Capacity\u00a0P2001E owns 2000Wh being capable of providing sufficient power in any power outage situations.\" \/>\n<meta property=\"og:url\" content=\"https:\/\/www.ghostysky.com\/fr\/product\/oukitel-p2001\/\" \/>\n<meta property=\"og:site_name\" content=\"Ghostysky\" \/>\n<meta property=\"article:publisher\" content=\"https:\/\/www.facebook.com\/people\/Ghostysky\/100057676170234\/\" \/>\n<meta property=\"article:modified_time\" content=\"2024-10-27T21:31:15+00:00\" \/>\n<meta property=\"og:image\" content=\"https:\/\/www.ghostysky.com\/wp-content\/uploads\/2023\/03\/p2001e-1-1.webp\" \/>\n\t<meta property=\"og:image:width\" content=\"1200\" \/>\n\t<meta property=\"og:image:height\" content=\"1200\" \/>\n\t<meta property=\"og:image:type\" content=\"image\/webp\" \/>\n<meta name=\"twitter:card\" content=\"summary_large_image\" \/>\n<meta name=\"twitter:site\" content=\"@Gh0stysky\" \/>\n<meta name=\"twitter:label1\" content=\"Dur\u00e9e de lecture estim\u00e9e\" \/>\n\t<meta name=\"twitter:data1\" content=\"1 minute\" \/>\n<script type=\"application\/ld+json\" class=\"yoast-schema-graph\">{\"@context\":\"https:\\\/\\\/schema.org\",\"@graph\":[{\"@type\":\"WebPage\",\"@id\":\"https:\\\/\\\/www.ghostysky.com\\\/product\\\/oukitel-p2001\\\/\",\"url\":\"https:\\\/\\\/www.ghostysky.com\\\/product\\\/oukitel-p2001\\\/\",\"name\":\"OUKITEL P2001 -\",\"isPartOf\":{\"@id\":\"https:\\\/\\\/www.ghostysky.com\\\/#website\"},\"primaryImageOfPage\":{\"@id\":\"https:\\\/\\\/www.ghostysky.com\\\/product\\\/oukitel-p2001\\\/#primaryimage\"},\"image\":{\"@id\":\"https:\\\/\\\/www.ghostysky.com\\\/product\\\/oukitel-p2001\\\/#primaryimage\"},\"thumbnailUrl\":\"https:\\\/\\\/www.ghostysky.com\\\/wp-content\\\/uploads\\\/2023\\\/03\\\/p2001e-1-1.webp\",\"datePublished\":\"2023-03-20T23:28:15+00:00\",\"dateModified\":\"2024-10-27T21:31:15+00:00\",\"description\":\"Huge Capacity\u00a0P2001E owns 2000Wh being capable of providing sufficient power in any power outage situations.\",\"breadcrumb\":{\"@id\":\"https:\\\/\\\/www.ghostysky.com\\\/product\\\/oukitel-p2001\\\/#breadcrumb\"},\"inLanguage\":\"fr-FR\",\"potentialAction\":[{\"@type\":\"ReadAction\",\"target\":[\"https:\\\/\\\/www.ghostysky.com\\\/product\\\/oukitel-p2001\\\/\"]}]},{\"@type\":\"ImageObject\",\"inLanguage\":\"fr-FR\",\"@id\":\"https:\\\/\\\/www.ghostysky.com\\\/product\\\/oukitel-p2001\\\/#primaryimage\",\"url\":\"https:\\\/\\\/www.ghostysky.com\\\/wp-content\\\/uploads\\\/2023\\\/03\\\/p2001e-1-1.webp\",\"contentUrl\":\"https:\\\/\\\/www.ghostysky.com\\\/wp-content\\\/uploads\\\/2023\\\/03\\\/p2001e-1-1.webp\",\"width\":1200,\"height\":1200},{\"@type\":\"BreadcrumbList\",\"@id\":\"https:\\\/\\\/www.ghostysky.com\\\/product\\\/oukitel-p2001\\\/#breadcrumb\",\"itemListElement\":[{\"@type\":\"ListItem\",\"position\":1,\"name\":\"Home\",\"item\":\"https:\\\/\\\/www.ghostysky.com\\\/\"},{\"@type\":\"ListItem\",\"position\":2,\"name\":\"Shop\",\"item\":\"https:\\\/\\\/www.ghostysky.com\\\/shop\\\/\"},{\"@type\":\"ListItem\",\"position\":3,\"name\":\"OUKITEL P2001\"}]},{\"@type\":\"WebSite\",\"@id\":\"https:\\\/\\\/www.ghostysky.com\\\/#website\",\"url\":\"https:\\\/\\\/www.ghostysky.com\\\/\",\"name\":\"Ghostysky\",\"description\":\"Delivering professional drones and services\",\"publisher\":{\"@id\":\"https:\\\/\\\/www.ghostysky.com\\\/#organization\"},\"potentialAction\":[{\"@type\":\"SearchAction\",\"target\":{\"@type\":\"EntryPoint\",\"urlTemplate\":\"https:\\\/\\\/www.ghostysky.com\\\/?s={search_term_string}\"},\"query-input\":{\"@type\":\"PropertyValueSpecification\",\"valueRequired\":true,\"valueName\":\"search_term_string\"}}],\"inLanguage\":\"fr-FR\"},{\"@type\":\"Organization\",\"@id\":\"https:\\\/\\\/www.ghostysky.com\\\/#organization\",\"name\":\"Ghostysky\",\"url\":\"https:\\\/\\\/www.ghostysky.com\\\/\",\"logo\":{\"@type\":\"ImageObject\",\"inLanguage\":\"fr-FR\",\"@id\":\"https:\\\/\\\/www.ghostysky.com\\\/#\\\/schema\\\/logo\\\/image\\\/\",\"url\":\"https:\\\/\\\/www.ghostysky.com\\\/wp-content\\\/uploads\\\/2020\\\/06\\\/cropped-ghostyskylogo_text_white2.png\",\"contentUrl\":\"https:\\\/\\\/www.ghostysky.com\\\/wp-content\\\/uploads\\\/2020\\\/06\\\/cropped-ghostyskylogo_text_white2.png\",\"width\":169,\"height\":56,\"caption\":\"Ghostysky\"},\"image\":{\"@id\":\"https:\\\/\\\/www.ghostysky.com\\\/#\\\/schema\\\/logo\\\/image\\\/\"},\"sameAs\":[\"https:\\\/\\\/www.facebook.com\\\/people\\\/Ghostysky\\\/100057676170234\\\/\",\"https:\\\/\\\/x.com\\\/Gh0stysky\",\"https:\\\/\\\/www.linkedin.com\\\/company\\\/34739653\",\"https:\\\/\\\/www.instagram.com\\\/gh0stysky\"]}]}<\/script>\n<!-- \/ Yoast SEO plugin. -->","yoast_head_json":{"title":"OUKITEL P2001 -","description":"La grande capacit\u00e9 P2001E poss\u00e8de 2000 Wh et est capable de fournir une puissance suffisante dans toutes les situations de panne de courant.","robots":{"index":"index","follow":"follow","max-snippet":"max-snippet:-1","max-image-preview":"max-image-preview:large","max-video-preview":"max-video-preview:-1"},"canonical":"https:\/\/www.ghostysky.com\/fr\/product\/oukitel-p2001\/","og_locale":"fr_FR","og_type":"article","og_title":"OUKITEL P2001 -","og_description":"Huge Capacity\u00a0P2001E owns 2000Wh being capable of providing sufficient power in any power outage situations.","og_url":"https:\/\/www.ghostysky.com\/fr\/product\/oukitel-p2001\/","og_site_name":"Ghostysky","article_publisher":"https:\/\/www.facebook.com\/people\/Ghostysky\/100057676170234\/","article_modified_time":"2024-10-27T21:31:15+00:00","og_image":[{"width":1200,"height":1200,"url":"https:\/\/www.ghostysky.com\/wp-content\/uploads\/2023\/03\/p2001e-1-1.webp","type":"image\/webp"}],"twitter_card":"summary_large_image","twitter_site":"@Gh0stysky","twitter_misc":{"Dur\u00e9e de lecture estim\u00e9e":"1 minute"},"schema":{"@context":"https:\/\/schema.org","@graph":[{"@type":"WebPage","@id":"https:\/\/www.ghostysky.com\/product\/oukitel-p2001\/","url":"https:\/\/www.ghostysky.com\/product\/oukitel-p2001\/","name":"OUKITEL P2001 -","isPartOf":{"@id":"https:\/\/www.ghostysky.com\/#website"},"primaryImageOfPage":{"@id":"https:\/\/www.ghostysky.com\/product\/oukitel-p2001\/#primaryimage"},"image":{"@id":"https:\/\/www.ghostysky.com\/product\/oukitel-p2001\/#primaryimage"},"thumbnailUrl":"https:\/\/www.ghostysky.com\/wp-content\/uploads\/2023\/03\/p2001e-1-1.webp","datePublished":"2023-03-20T23:28:15+00:00","dateModified":"2024-10-27T21:31:15+00:00","description":"La grande capacit\u00e9 P2001E poss\u00e8de 2000 Wh et est capable de fournir une puissance suffisante dans toutes les situations de panne de courant.","breadcrumb":{"@id":"https:\/\/www.ghostysky.com\/product\/oukitel-p2001\/#breadcrumb"},"inLanguage":"fr-FR","potentialAction":[{"@type":"ReadAction","target":["https:\/\/www.ghostysky.com\/product\/oukitel-p2001\/"]}]},{"@type":"ImageObject","inLanguage":"fr-FR","@id":"https:\/\/www.ghostysky.com\/product\/oukitel-p2001\/#primaryimage","url":"https:\/\/www.ghostysky.com\/wp-content\/uploads\/2023\/03\/p2001e-1-1.webp","contentUrl":"https:\/\/www.ghostysky.com\/wp-content\/uploads\/2023\/03\/p2001e-1-1.webp","width":1200,"height":1200},{"@type":"BreadcrumbList","@id":"https:\/\/www.ghostysky.com\/product\/oukitel-p2001\/#breadcrumb","itemListElement":[{"@type":"ListItem","position":1,"name":"Home","item":"https:\/\/www.ghostysky.com\/"},{"@type":"ListItem","position":2,"name":"Shop","item":"https:\/\/www.ghostysky.com\/shop\/"},{"@type":"ListItem","position":3,"name":"OUKITEL P2001"}]},{"@type":"WebSite","@id":"https:\/\/www.ghostysky.com\/#website","url":"https:\/\/www.ghostysky.com\/","name":"Ghostysky","description":"Livraison de drones et de services professionnels","publisher":{"@id":"https:\/\/www.ghostysky.com\/#organization"},"potentialAction":[{"@type":"SearchAction","target":{"@type":"EntryPoint","urlTemplate":"https:\/\/www.ghostysky.com\/?s={search_term_string}"},"query-input":{"@type":"PropertyValueSpecification","valueRequired":true,"valueName":"search_term_string"}}],"inLanguage":"fr-FR"},{"@type":"Organization","@id":"https:\/\/www.ghostysky.com\/#organization","name":"Ghostysky","url":"https:\/\/www.ghostysky.com\/","logo":{"@type":"ImageObject","inLanguage":"fr-FR","@id":"https:\/\/www.ghostysky.com\/#\/schema\/logo\/image\/","url":"https:\/\/www.ghostysky.com\/wp-content\/uploads\/2020\/06\/cropped-ghostyskylogo_text_white2.png","contentUrl":"https:\/\/www.ghostysky.com\/wp-content\/uploads\/2020\/06\/cropped-ghostyskylogo_text_white2.png","width":169,"height":56,"caption":"Ghostysky"},"image":{"@id":"https:\/\/www.ghostysky.com\/#\/schema\/logo\/image\/"},"sameAs":["https:\/\/www.facebook.com\/people\/Ghostysky\/100057676170234\/","https:\/\/x.com\/Gh0stysky","https:\/\/www.linkedin.com\/company\/34739653","https:\/\/www.instagram.com\/gh0stysky"]}]}},"_links":{"self":[{"href":"https:\/\/www.ghostysky.com\/fr\/wp-json\/wp\/v2\/product\/11260","targetHints":{"allow":["GET"]}}],"collection":[{"href":"https:\/\/www.ghostysky.com\/fr\/wp-json\/wp\/v2\/product"}],"about":[{"href":"https:\/\/www.ghostysky.com\/fr\/wp-json\/wp\/v2\/types\/product"}],"replies":[{"embeddable":true,"href":"https:\/\/www.ghostysky.com\/fr\/wp-json\/wp\/v2\/comments?post=11260"}],"version-history":[{"count":0,"href":"https:\/\/www.ghostysky.com\/fr\/wp-json\/wp\/v2\/product\/11260\/revisions"}],"wp:featuredmedia":[{"embeddable":true,"href":"https:\/\/www.ghostysky.com\/fr\/wp-json\/wp\/v2\/media\/11266"}],"wp:attachment":[{"href":"https:\/\/www.ghostysky.com\/fr\/wp-json\/wp\/v2\/media?parent=11260"}],"wp:term":[{"taxonomy":"product_brand","embeddable":true,"href":"https:\/\/www.ghostysky.com\/fr\/wp-json\/wp\/v2\/product_brand?post=11260"},{"taxonomy":"product_cat","embeddable":true,"href":"https:\/\/www.ghostysky.com\/fr\/wp-json\/wp\/v2\/product_cat?post=11260"},{"taxonomy":"product_tag","embeddable":true,"href":"https:\/\/www.ghostysky.com\/fr\/wp-json\/wp\/v2\/product_tag?post=11260"}],"curies":[{"name":"wp","href":"https:\/\/api.w.org\/{rel}","templated":true}]}}