{"id":11288,"date":"2023-03-24T19:44:09","date_gmt":"2023-03-24T19:44:09","guid":{"rendered":"https:\/\/www.ghostysky.com\/?post_type=product&#038;p=11288"},"modified":"2024-06-19T19:06:38","modified_gmt":"2024-06-19T19:06:38","slug":"agisoft-metashape-standard-educational-edition","status":"publish","type":"product","link":"https:\/\/www.ghostysky.com\/fr\/product\/agisoft-metashape-standard-educational-edition\/","title":{"rendered":"Agisoft Metashape Standard, licence \u00e9ducative verrouill\u00e9e par n\u0153ud, unique"},"content":{"rendered":"<table>\n<tbody>\n<tr>\n<td style=\"text-align: center;\">\n<div class=\"title\" style=\"text-align: left;\"><strong>Triangulation photogramm\u00e9trique<\/strong><\/div>\n<\/td>\n<td style=\"text-align: left;\">\n<div class=\"title\"><strong>G\u00e9n\u00e9ration de nuages de points denses<\/strong><\/div>\n<\/td>\n<td style=\"text-align: left;\">\n<div class=\"title\"><strong>Mod\u00e8le 3D:\u00a0<\/strong><br \/>\n<strong>g\u00e9n\u00e9ration et texturation<\/strong><\/div>\n<\/td>\n<td>\n<div class=\"title\" style=\"text-align: left;\"><strong>Panorama\u00a0<\/strong><br \/>\n<strong>piq\u00fbre<\/strong><\/div>\n<\/td>\n<\/tr>\n<tr>\n<td>\n<div class=\"title\"><img decoding=\"async\" title=\"\" src=\"data:image\/gif;base64,R0lGODlhAQABAAAAACH5BAEKAAEALAAAAAABAAEAAAICTAEAOw==\" alt=\"\" class=\"lazyload\" data-src=\"http:\/\/www.agisoft.com\/fileadmin\/templates\/images\/features_01.jpg\"><\/div>\n<\/td>\n<td>\n<div class=\"title\"><img decoding=\"async\" title=\"\" src=\"data:image\/gif;base64,R0lGODlhAQABAAAAACH5BAEKAAEALAAAAAABAAEAAAICTAEAOw==\" alt=\"\" class=\"lazyload\" data-src=\"http:\/\/www.agisoft.com\/fileadmin\/templates\/images\/features_13.jpg\"><\/div>\n<\/td>\n<td>\n<div class=\"title\"><img decoding=\"async\" title=\"\" src=\"data:image\/gif;base64,R0lGODlhAQABAAAAACH5BAEKAAEALAAAAAABAAEAAAICTAEAOw==\" alt=\"\" class=\"lazyload\" data-src=\"http:\/\/www.agisoft.com\/fileadmin\/templates\/images\/features_09.jpg\"><\/div>\n<\/td>\n<td>\n<div class=\"title\"><img decoding=\"async\" title=\"\" src=\"data:image\/gif;base64,R0lGODlhAQABAAAAACH5BAEKAAEALAAAAAABAAEAAAICTAEAOw==\" alt=\"\" class=\"lazyload\" data-src=\"http:\/\/www.agisoft.com\/fileadmin\/templates\/images\/features_11.jpg\"><\/div>\n<\/td>\n<\/tr>\n<tr>\n<td>\n<div class=\"title\">\n<p>Traitement de diff\u00e9rents types d&#039;images : a\u00e9riennes (nadir, obliques) et rapproch\u00e9es.<\/p>\n<p>Calibrage automatique : cadre (y compris fisheye), cam\u00e9ras sph\u00e9riques et cylindriques.<\/p>\n<p>Prise en charge des projets multi-cam\u00e9ras.<\/p>\n<\/div>\n<\/td>\n<td>\n<div class=\"title\">\n<p>\u00c9dition de mod\u00e8les \u00e9labor\u00e9e pour des r\u00e9sultats pr\u00e9cis.<\/p>\n<p style=\"text-align: left;\">Exportation .LAS pour b\u00e9n\u00e9ficier du flux de travail classique de traitement des donn\u00e9es ponctuelles.<\/p>\n<\/div>\n<\/td>\n<td>\n<div class=\"title\">\n<p>Diverses sc\u00e8nes : sites arch\u00e9ologiques, artefacts, b\u00e2timents, int\u00e9rieurs, personnes, etc.<\/p>\n<p>T\u00e9l\u00e9chargez directement la ressource Sketchfab et exportez-la vers divers formats populaires.<\/p>\n<p>Textures photor\u00e9alistes : prise en charge HDR et multifichier.<\/p>\n<\/div>\n<\/td>\n<td>\n<div class=\"title\">\n<p>Reconstruction 3D pour les donn\u00e9es captur\u00e9es \u00e0 partir de la m\u00eame position de cam\u00e9ra \u2014 station de cam\u00e9ra, \u00e0 condition qu&#039;au moins 2 stations de cam\u00e9ra soient pr\u00e9sentes.<\/p>\n<p>Assemblage panoramique \u00e0 360\u00b0 pour les donn\u00e9es d&#039;une station de cam\u00e9ra.<\/p>\n<\/div>\n<\/td>\n<\/tr>\n<\/tbody>\n<\/table>","protected":false},"excerpt":{"rendered":"<p><strong>-Agisoft Metashape Standard, \u00e9dition \u00e9ducative <\/strong>est un produit logiciel autonome qui effectue le traitement photogramm\u00e9trique d&#039;images num\u00e9riques et g\u00e9n\u00e8re des donn\u00e9es spatiales 3D \u00e0 utiliser dans les applications SIG, la documentation du patrimoine culturel et la production d&#039;effets visuels ainsi que pour les mesures indirectes d&#039;objets de diff\u00e9rentes \u00e9chelles.<\/p>\n<p><strong>Licences \u00e9ducatives<\/strong> (r\u00e9h\u00e9bergables, verrouill\u00e9es par n\u0153ud) et les licences flottantes \u00e9ducatives sont disponibles exclusivement pour les \u00e9tablissements d&#039;enseignement accr\u00e9dit\u00e9s, leurs employ\u00e9s et les \u00e9tudiants de ces \u00e9tablissements.<\/p>","protected":false},"featured_media":11287,"comment_status":"open","ping_status":"closed","template":"","meta":[],"product_brand":[],"product_cat":[172,31],"product_tag":[173,528],"class_list":{"0":"post-11288","1":"product","2":"type-product","3":"status-publish","4":"has-post-thumbnail","6":"product_cat-agisoft","7":"product_cat-software","8":"product_tag-agisoft","9":"product_tag-agisoft-metashape-standard-edition-nlel","11":"first","12":"instock","13":"taxable","14":"shipping-taxable","15":"purchasable","16":"product-type-simple"},"yoast_head":"<!-- This site is optimized with the Yoast SEO plugin v27.1.1 - https:\/\/yoast.com\/product\/yoast-seo-wordpress\/ -->\n<title>Agisoft Metashape Standard, Node-Locked Educational license, Single -<\/title>\n<meta name=\"description\" content=\"Agisoft Metashape Standard, Educationl Edition is a stand-alone software product that performs photogrammetric processing of digital images and generates 3D spatial data to be used in GIS applications, cultural heritage documentation, and visual effects production as well as for indirect measurements of objects of various scales.\" \/>\n<meta name=\"robots\" content=\"index, follow, max-snippet:-1, max-image-preview:large, max-video-preview:-1\" \/>\n<link rel=\"canonical\" href=\"https:\/\/www.ghostysky.com\/fr\/product\/agisoft-metashape-standard-educational-edition\/\" \/>\n<meta property=\"og:locale\" content=\"fr_FR\" \/>\n<meta property=\"og:type\" content=\"article\" \/>\n<meta property=\"og:title\" content=\"Agisoft Metashape Standard, Node-Locked Educational license, Single -\" \/>\n<meta property=\"og:description\" content=\"Agisoft Metashape Standard, Educationl Edition is a stand-alone software product that performs photogrammetric processing of digital images and generates 3D spatial data to be used in GIS applications, cultural heritage documentation, and visual effects production as well as for indirect measurements of objects of various scales.\" \/>\n<meta property=\"og:url\" content=\"https:\/\/www.ghostysky.com\/fr\/product\/agisoft-metashape-standard-educational-edition\/\" \/>\n<meta property=\"og:site_name\" content=\"Ghostysky\" \/>\n<meta property=\"article:publisher\" content=\"https:\/\/www.facebook.com\/people\/Ghostysky\/100057676170234\/\" \/>\n<meta property=\"article:modified_time\" content=\"2024-06-19T19:06:38+00:00\" \/>\n<meta property=\"og:image\" content=\"https:\/\/www.ghostysky.com\/wp-content\/uploads\/2023\/03\/Agisoft-Standard-Edition.jpg\" \/>\n\t<meta property=\"og:image:width\" content=\"798\" \/>\n\t<meta property=\"og:image:height\" content=\"1000\" \/>\n\t<meta property=\"og:image:type\" content=\"image\/jpeg\" \/>\n<meta name=\"twitter:card\" content=\"summary_large_image\" \/>\n<meta name=\"twitter:site\" content=\"@Gh0stysky\" \/>\n<meta name=\"twitter:label1\" content=\"Dur\u00e9e de lecture estim\u00e9e\" \/>\n\t<meta name=\"twitter:data1\" content=\"2 minutes\" \/>\n<script type=\"application\/ld+json\" class=\"yoast-schema-graph\">{\"@context\":\"https:\/\/schema.org\",\"@graph\":[{\"@type\":\"WebPage\",\"@id\":\"https:\/\/www.ghostysky.com\/product\/agisoft-metashape-standard-educational-edition\/\",\"url\":\"https:\/\/www.ghostysky.com\/product\/agisoft-metashape-standard-educational-edition\/\",\"name\":\"Agisoft Metashape Standard, Node-Locked Educational license, Single -\",\"isPartOf\":{\"@id\":\"https:\/\/www.ghostysky.com\/#website\"},\"primaryImageOfPage\":{\"@id\":\"https:\/\/www.ghostysky.com\/product\/agisoft-metashape-standard-educational-edition\/#primaryimage\"},\"image\":{\"@id\":\"https:\/\/www.ghostysky.com\/product\/agisoft-metashape-standard-educational-edition\/#primaryimage\"},\"thumbnailUrl\":\"https:\/\/www.ghostysky.com\/wp-content\/uploads\/2023\/03\/Agisoft-Standard-Edition.jpg\",\"datePublished\":\"2023-03-24T19:44:09+00:00\",\"dateModified\":\"2024-06-19T19:06:38+00:00\",\"description\":\"Agisoft Metashape Standard, Educationl Edition is a stand-alone software product that performs photogrammetric processing of digital images and generates 3D spatial data to be used in GIS applications, cultural heritage documentation, and visual effects production as well as for indirect measurements of objects of various scales.\",\"breadcrumb\":{\"@id\":\"https:\/\/www.ghostysky.com\/product\/agisoft-metashape-standard-educational-edition\/#breadcrumb\"},\"inLanguage\":\"fr-FR\",\"potentialAction\":[{\"@type\":\"ReadAction\",\"target\":[\"https:\/\/www.ghostysky.com\/product\/agisoft-metashape-standard-educational-edition\/\"]}]},{\"@type\":\"ImageObject\",\"inLanguage\":\"fr-FR\",\"@id\":\"https:\/\/www.ghostysky.com\/product\/agisoft-metashape-standard-educational-edition\/#primaryimage\",\"url\":\"https:\/\/www.ghostysky.com\/wp-content\/uploads\/2023\/03\/Agisoft-Standard-Edition.jpg\",\"contentUrl\":\"https:\/\/www.ghostysky.com\/wp-content\/uploads\/2023\/03\/Agisoft-Standard-Edition.jpg\",\"width\":798,\"height\":1000},{\"@type\":\"BreadcrumbList\",\"@id\":\"https:\/\/www.ghostysky.com\/product\/agisoft-metashape-standard-educational-edition\/#breadcrumb\",\"itemListElement\":[{\"@type\":\"ListItem\",\"position\":1,\"name\":\"Home\",\"item\":\"https:\/\/www.ghostysky.com\/\"},{\"@type\":\"ListItem\",\"position\":2,\"name\":\"Shop\",\"item\":\"https:\/\/www.ghostysky.com\/shop\/\"},{\"@type\":\"ListItem\",\"position\":3,\"name\":\"Agisoft Metashape Standard, Node-Locked Educational license, Single\"}]},{\"@type\":\"WebSite\",\"@id\":\"https:\/\/www.ghostysky.com\/#website\",\"url\":\"https:\/\/www.ghostysky.com\/\",\"name\":\"Ghostysky\",\"description\":\"Delivering professional drones and services\",\"publisher\":{\"@id\":\"https:\/\/www.ghostysky.com\/#organization\"},\"potentialAction\":[{\"@type\":\"SearchAction\",\"target\":{\"@type\":\"EntryPoint\",\"urlTemplate\":\"https:\/\/www.ghostysky.com\/?s={search_term_string}\"},\"query-input\":{\"@type\":\"PropertyValueSpecification\",\"valueRequired\":true,\"valueName\":\"search_term_string\"}}],\"inLanguage\":\"fr-FR\"},{\"@type\":\"Organization\",\"@id\":\"https:\/\/www.ghostysky.com\/#organization\",\"name\":\"Ghostysky\",\"url\":\"https:\/\/www.ghostysky.com\/\",\"logo\":{\"@type\":\"ImageObject\",\"inLanguage\":\"fr-FR\",\"@id\":\"https:\/\/www.ghostysky.com\/#\/schema\/logo\/image\/\",\"url\":\"https:\/\/www.ghostysky.com\/wp-content\/uploads\/2020\/06\/cropped-ghostyskylogo_text_white2.png\",\"contentUrl\":\"https:\/\/www.ghostysky.com\/wp-content\/uploads\/2020\/06\/cropped-ghostyskylogo_text_white2.png\",\"width\":169,\"height\":56,\"caption\":\"Ghostysky\"},\"image\":{\"@id\":\"https:\/\/www.ghostysky.com\/#\/schema\/logo\/image\/\"},\"sameAs\":[\"https:\/\/www.facebook.com\/people\/Ghostysky\/100057676170234\/\",\"https:\/\/x.com\/Gh0stysky\",\"https:\/\/www.linkedin.com\/company\/34739653\",\"https:\/\/www.instagram.com\/gh0stysky\"]}]}<\/script>\n<!-- \/ Yoast SEO plugin. -->","yoast_head_json":{"title":"Agisoft Metashape Standard, licence \u00e9ducative verrouill\u00e9e par n\u0153ud, unique -","description":"Agisoft Metashape Standard, Educationl Edition est un logiciel autonome qui effectue le traitement photogramm\u00e9trique d&#039;images num\u00e9riques et g\u00e9n\u00e8re des donn\u00e9es spatiales 3D \u00e0 utiliser dans les applications SIG, la documentation du patrimoine culturel et la production d&#039;effets visuels ainsi que pour les mesures indirectes d&#039;objets de diff\u00e9rentes \u00e9chelles.","robots":{"index":"index","follow":"follow","max-snippet":"max-snippet:-1","max-image-preview":"max-image-preview:large","max-video-preview":"max-video-preview:-1"},"canonical":"https:\/\/www.ghostysky.com\/fr\/product\/agisoft-metashape-standard-educational-edition\/","og_locale":"fr_FR","og_type":"article","og_title":"Agisoft Metashape Standard, Node-Locked Educational license, Single -","og_description":"Agisoft Metashape Standard, Educationl Edition is a stand-alone software product that performs photogrammetric processing of digital images and generates 3D spatial data to be used in GIS applications, cultural heritage documentation, and visual effects production as well as for indirect measurements of objects of various scales.","og_url":"https:\/\/www.ghostysky.com\/fr\/product\/agisoft-metashape-standard-educational-edition\/","og_site_name":"Ghostysky","article_publisher":"https:\/\/www.facebook.com\/people\/Ghostysky\/100057676170234\/","article_modified_time":"2024-06-19T19:06:38+00:00","og_image":[{"width":798,"height":1000,"url":"https:\/\/www.ghostysky.com\/wp-content\/uploads\/2023\/03\/Agisoft-Standard-Edition.jpg","type":"image\/jpeg"}],"twitter_card":"summary_large_image","twitter_site":"@Gh0stysky","twitter_misc":{"Dur\u00e9e de lecture estim\u00e9e":"2 minutes"},"schema":{"@context":"https:\/\/schema.org","@graph":[{"@type":"WebPage","@id":"https:\/\/www.ghostysky.com\/product\/agisoft-metashape-standard-educational-edition\/","url":"https:\/\/www.ghostysky.com\/product\/agisoft-metashape-standard-educational-edition\/","name":"Agisoft Metashape Standard, licence \u00e9ducative verrouill\u00e9e par n\u0153ud, unique -","isPartOf":{"@id":"https:\/\/www.ghostysky.com\/#website"},"primaryImageOfPage":{"@id":"https:\/\/www.ghostysky.com\/product\/agisoft-metashape-standard-educational-edition\/#primaryimage"},"image":{"@id":"https:\/\/www.ghostysky.com\/product\/agisoft-metashape-standard-educational-edition\/#primaryimage"},"thumbnailUrl":"https:\/\/www.ghostysky.com\/wp-content\/uploads\/2023\/03\/Agisoft-Standard-Edition.jpg","datePublished":"2023-03-24T19:44:09+00:00","dateModified":"2024-06-19T19:06:38+00:00","description":"Agisoft Metashape Standard, Educationl Edition est un logiciel autonome qui effectue le traitement photogramm\u00e9trique d&#039;images num\u00e9riques et g\u00e9n\u00e8re des donn\u00e9es spatiales 3D \u00e0 utiliser dans les applications SIG, la documentation du patrimoine culturel et la production d&#039;effets visuels ainsi que pour les mesures indirectes d&#039;objets de diff\u00e9rentes \u00e9chelles.","breadcrumb":{"@id":"https:\/\/www.ghostysky.com\/product\/agisoft-metashape-standard-educational-edition\/#breadcrumb"},"inLanguage":"fr-FR","potentialAction":[{"@type":"ReadAction","target":["https:\/\/www.ghostysky.com\/product\/agisoft-metashape-standard-educational-edition\/"]}]},{"@type":"ImageObject","inLanguage":"fr-FR","@id":"https:\/\/www.ghostysky.com\/product\/agisoft-metashape-standard-educational-edition\/#primaryimage","url":"https:\/\/www.ghostysky.com\/wp-content\/uploads\/2023\/03\/Agisoft-Standard-Edition.jpg","contentUrl":"https:\/\/www.ghostysky.com\/wp-content\/uploads\/2023\/03\/Agisoft-Standard-Edition.jpg","width":798,"height":1000},{"@type":"BreadcrumbList","@id":"https:\/\/www.ghostysky.com\/product\/agisoft-metashape-standard-educational-edition\/#breadcrumb","itemListElement":[{"@type":"ListItem","position":1,"name":"Home","item":"https:\/\/www.ghostysky.com\/"},{"@type":"ListItem","position":2,"name":"Shop","item":"https:\/\/www.ghostysky.com\/shop\/"},{"@type":"ListItem","position":3,"name":"Agisoft Metashape Standard, Node-Locked Educational license, Single"}]},{"@type":"WebSite","@id":"https:\/\/www.ghostysky.com\/#website","url":"https:\/\/www.ghostysky.com\/","name":"Ghostysky","description":"Livraison de drones et de services professionnels","publisher":{"@id":"https:\/\/www.ghostysky.com\/#organization"},"potentialAction":[{"@type":"SearchAction","target":{"@type":"EntryPoint","urlTemplate":"https:\/\/www.ghostysky.com\/?s={search_term_string}"},"query-input":{"@type":"PropertyValueSpecification","valueRequired":true,"valueName":"search_term_string"}}],"inLanguage":"fr-FR"},{"@type":"Organization","@id":"https:\/\/www.ghostysky.com\/#organization","name":"Ghostysky","url":"https:\/\/www.ghostysky.com\/","logo":{"@type":"ImageObject","inLanguage":"fr-FR","@id":"https:\/\/www.ghostysky.com\/#\/schema\/logo\/image\/","url":"https:\/\/www.ghostysky.com\/wp-content\/uploads\/2020\/06\/cropped-ghostyskylogo_text_white2.png","contentUrl":"https:\/\/www.ghostysky.com\/wp-content\/uploads\/2020\/06\/cropped-ghostyskylogo_text_white2.png","width":169,"height":56,"caption":"Ghostysky"},"image":{"@id":"https:\/\/www.ghostysky.com\/#\/schema\/logo\/image\/"},"sameAs":["https:\/\/www.facebook.com\/people\/Ghostysky\/100057676170234\/","https:\/\/x.com\/Gh0stysky","https:\/\/www.linkedin.com\/company\/34739653","https:\/\/www.instagram.com\/gh0stysky"]}]}},"_links":{"self":[{"href":"https:\/\/www.ghostysky.com\/fr\/wp-json\/wp\/v2\/product\/11288","targetHints":{"allow":["GET"]}}],"collection":[{"href":"https:\/\/www.ghostysky.com\/fr\/wp-json\/wp\/v2\/product"}],"about":[{"href":"https:\/\/www.ghostysky.com\/fr\/wp-json\/wp\/v2\/types\/product"}],"replies":[{"embeddable":true,"href":"https:\/\/www.ghostysky.com\/fr\/wp-json\/wp\/v2\/comments?post=11288"}],"wp:featuredmedia":[{"embeddable":true,"href":"https:\/\/www.ghostysky.com\/fr\/wp-json\/wp\/v2\/media\/11287"}],"wp:attachment":[{"href":"https:\/\/www.ghostysky.com\/fr\/wp-json\/wp\/v2\/media?parent=11288"}],"wp:term":[{"taxonomy":"product_brand","embeddable":true,"href":"https:\/\/www.ghostysky.com\/fr\/wp-json\/wp\/v2\/product_brand?post=11288"},{"taxonomy":"product_cat","embeddable":true,"href":"https:\/\/www.ghostysky.com\/fr\/wp-json\/wp\/v2\/product_cat?post=11288"},{"taxonomy":"product_tag","embeddable":true,"href":"https:\/\/www.ghostysky.com\/fr\/wp-json\/wp\/v2\/product_tag?post=11288"}],"curies":[{"name":"wp","href":"https:\/\/api.w.org\/{rel}","templated":true}]}}