{"id":11368,"date":"2023-04-05T17:36:34","date_gmt":"2023-04-05T17:36:34","guid":{"rendered":"https:\/\/www.ghostysky.com\/?post_type=product&#038;p=11368"},"modified":"2025-10-14T11:27:19","modified_gmt":"2025-10-14T11:27:19","slug":"fisherman-max-heavy-lift-fishing-drone","status":"publish","type":"product","link":"https:\/\/www.ghostysky.com\/fr\/product\/fisherman-max-heavy-lift-fishing-drone\/","title":{"rendered":"Drone de p\u00eache Fisherman MAX Heavy Lift (FD2)"},"content":{"rendered":"<div class=\"sc-ezbkAF A-dmbO pf-35559a8f09ea-388_ pf-r pf-r-eh\" data-pf-type=\"Row\">\n<div class=\"pf-c\">\n<div class=\"sc-gUQvok iVVDxu pf-35559a8f09ea-389_\" data-pf-type=\"Column\">\n<h3 tabindex=\"0\" spellcheck=\"false\" data-pf-type=\"Heading2\"><a href=\"https:\/\/www.ghostysky.com\/wp-content\/uploads\/2023\/04\/fisherman-max-fishing-drone-banner.webp\"><img fetchpriority=\"high\" decoding=\"async\" class=\"alignnone wp-image-11374 lazyload\" src=\"data:image\/gif;base64,R0lGODlhAQABAAAAACH5BAEKAAEALAAAAAABAAEAAAICTAEAOw==\" alt=\"\" width=\"800\" height=\"450\" sizes=\"(max-width: 800px) 100vw, 800px\" data-src=\"data:image\/gif;base64,R0lGODlhAQABAAAAACH5BAEKAAEALAAAAAABAAEAAAICTAEAOw==\" data-srcset=\"\" srcset=\"\"><\/a><\/h3>\n<h4 class=\"sc-dPiLbb cAoJbW pf-35559a8f09ea-391_\" tabindex=\"0\" spellcheck=\"false\" data-pf-type=\"Heading2\">Capacit\u00e9 d&#039;app\u00e2t de 7 LBS \/ 3,2 KG<\/h4>\n<p class=\"sc-bBHHxi fhourC pf-35559a8f09ea-393_\" tabindex=\"0\" spellcheck=\"false\" data-pf-type=\"Paragraph3\">Ciblez une plus grande vari\u00e9t\u00e9 d&#039;esp\u00e8ces avec un choix d&#039;app\u00e2ts plus large. Augmentez votre taux de r\u00e9ussite de p\u00eache.<\/p>\n<\/div>\n<\/div>\n<div class=\"pf-c\">\n<div class=\"sc-gUQvok iVVDxu pf-35559a8f09ea-395_\" data-pf-type=\"Column\">\n<h4 class=\"sc-dPiLbb cAoJbW pf-35559a8f09ea-397_\" tabindex=\"0\" spellcheck=\"false\" data-pf-type=\"Heading2\">Cam\u00e9ra 4K<\/h4>\n<p class=\"sc-bBHHxi fhourC pf-35559a8f09ea-399_\" tabindex=\"0\" spellcheck=\"false\" data-pf-type=\"Paragraph3\">Trouvez des spots de p\u00eache et enregistrez votre sortie de p\u00eache de toute une vie en 4K.<\/p>\n<\/div>\n<\/div>\n<div class=\"pf-c\">\n<div class=\"sc-gUQvok iVVDxu pf-35559a8f09ea-401_\" data-pf-type=\"Column\">\n<h4 class=\"sc-dPiLbb cAoJbW pf-35559a8f09ea-403_\" tabindex=\"0\" spellcheck=\"false\" data-pf-type=\"Heading2\">Affichage multicolore<\/h4>\n<p class=\"sc-bBHHxi fhourC pf-35559a8f09ea-405_\" tabindex=\"0\" spellcheck=\"false\" data-pf-type=\"Paragraph3\">Flux vid\u00e9o en direct pour augmenter la pr\u00e9cision du lancer d&#039;app\u00e2t sans utiliser de t\u00e9l\u00e9phone.<\/p>\n<\/div>\n<\/div>\n<\/div>\n<div class=\"sc-ezbkAF A-dmbO pf-35559a8f09ea-407_ pf-r pf-r-eh\" data-pf-type=\"Row\">\n<div class=\"pf-c\">\n<div class=\"sc-gUQvok iVVDxu pf-35559a8f09ea-408_\" data-pf-type=\"Column\">\n<h4 class=\"sc-dPiLbb cAoJbW pf-35559a8f09ea-410_\" tabindex=\"0\" spellcheck=\"false\" data-pf-type=\"Heading2\">Port\u00e9e de lancer de 1 MILE \/ 1,5 KM<\/h4>\n<p class=\"sc-bBHHxi fhourC pf-35559a8f09ea-412_\" tabindex=\"0\" spellcheck=\"false\" data-pf-type=\"Paragraph3\">Lancez des app\u00e2ts loin dans l\u2019oc\u00e9an sans utiliser de kayak.<\/p>\n<\/div>\n<\/div>\n<div class=\"pf-c\">\n<div class=\"sc-gUQvok iVVDxu pf-35559a8f09ea-414_\" data-pf-type=\"Column\">\n<h4 class=\"sc-dPiLbb cAoJbW pf-35559a8f09ea-416_\" tabindex=\"0\" spellcheck=\"false\" data-pf-type=\"Heading2\">Conception pliable<\/h4>\n<p class=\"sc-bBHHxi fhourC pf-35559a8f09ea-418_\" tabindex=\"0\" spellcheck=\"false\" data-pf-type=\"Paragraph3\">Super facile \u00e0 transporter \u00e0 la plage.<\/p>\n<\/div>\n<\/div>\n<div class=\"pf-c\">\n<div class=\"sc-gUQvok iVVDxu pf-35559a8f09ea-420_\" data-pf-type=\"Column\">\n<h4 class=\"sc-dPiLbb cAoJbW pf-35559a8f09ea-422_\" tabindex=\"0\" spellcheck=\"false\" data-pf-type=\"Heading2\">\u00c9tanch\u00e9it\u00e9 IP67<\/h4>\n<p class=\"sc-bBHHxi fhourC pf-35559a8f09ea-424_\" tabindex=\"0\" spellcheck=\"false\" data-pf-type=\"Paragraph3\">Avion \u00e9tanche 100% et t\u00e9l\u00e9commande r\u00e9sistante aux \u00e9claboussures.<\/p>\n<\/div>\n<\/div>\n<\/div>\n<div class=\"sc-ezbkAF A-dmbO pf-35559a8f09ea-426_ pf-r pf-r-eh\" data-pf-type=\"Row\">\n<div class=\"pf-c\">\n<div class=\"sc-gUQvok iVVDxu pf-35559a8f09ea-427_\" data-pf-type=\"Column\">\n<h4 class=\"sc-dPiLbb cAoJbW pf-35559a8f09ea-429_\" tabindex=\"0\" spellcheck=\"false\" data-pf-type=\"Heading2\">R\u00e9sistance au vent de niveau 6<\/h4>\n<p class=\"sc-bBHHxi fhourC pf-35559a8f09ea-431_\" tabindex=\"0\" spellcheck=\"false\" data-pf-type=\"Paragraph3\">Planez et volez de mani\u00e8re stable par vent fort avec des moteurs \u00e0 forte pouss\u00e9e.<\/p>\n<\/div>\n<\/div>\n<div class=\"pf-c\">\n<div class=\"sc-gUQvok iVVDxu pf-35559a8f09ea-433_\" data-pf-type=\"Column\">\n<h4 class=\"sc-dPiLbb cAoJbW pf-35559a8f09ea-435_\" tabindex=\"0\" spellcheck=\"false\" data-pf-type=\"Heading2\">Auto-Fish (B\u00eata)<\/h4>\n<p class=\"sc-bBHHxi fhourC pf-35559a8f09ea-437_\" tabindex=\"0\" spellcheck=\"false\" data-pf-type=\"Paragraph3\">Volez automatiquement vers les lieux de p\u00eache marqu\u00e9s sur l&#039;APP pour d\u00e9poser des app\u00e2ts.<\/p>\n<\/div>\n<\/div>\n<div class=\"pf-c\">\n<div class=\"sc-gUQvok iVVDxu pf-35559a8f09ea-439_\" data-pf-type=\"Column\">\n<h4 class=\"sc-dPiLbb cAoJbW pf-35559a8f09ea-441_\" tabindex=\"0\" spellcheck=\"false\" data-pf-type=\"Heading2\">Enregistrer Retour<\/h4>\n<p class=\"sc-bBHHxi fhourC pf-35559a8f09ea-443_\" tabindex=\"0\" spellcheck=\"false\" data-pf-type=\"Paragraph3\">D\u00e9posez automatiquement les app\u00e2ts et retournez \u00e0 la plage en cas d&#039;urgence.<\/p>\n<\/div>\n<h2 tabindex=\"0\" spellcheck=\"false\" data-pf-type=\"Heading2\"><\/h2>\n<h2 class=\"sc-dPiLbb cAoJbW pf-bc971570b2ab-4_\" tabindex=\"0\" spellcheck=\"false\" data-pf-type=\"Heading2\"><span style=\"text-decoration: underline;\">Caract\u00e9ristiques<\/span><\/h2>\n<div class=\"sc-ezbkAF A-dmbO pf-bc971570b2ab-6_ pf-r pf-r-eh\" data-pf-type=\"Row\">\n<div class=\"pf-c\">\n<div class=\"sc-gUQvok iVVDxu pf-bc971570b2ab-7_\" data-pf-type=\"Column\">\n<h4 class=\"sc-dPiLbb cAoJbW pf-bc971570b2ab-8_\" tabindex=\"0\" spellcheck=\"false\" data-pf-type=\"Heading2\">A\u00e9ronef<\/h4>\n<p class=\"sc-bBHHxi fhourC pf-bc971570b2ab-10_\" tabindex=\"0\" spellcheck=\"false\" data-pf-type=\"Paragraph3\">Indice d&#039;\u00e9tanch\u00e9it\u00e9 : IP67<br \/>\nPoids du drone (batterie incluse) : 7 lb \/ 3,2 kg<br \/>\nTaille (sans h\u00e9lice) : d\u00e9pli\u00e9 : 20*20*7,5 pouces \/ 522*522*192 mm ; pli\u00e9 : 12*10,5*7,5 pouces \/ 306*266*192 mm<br \/>\nVitesse de mont\u00e9e maximale : 7 mph \/ 3 m\/s<br \/>\nVitesse de descente maximale : 4,5 mph \/ 2 m\/s<br \/>\nVitesse de vol maximale : ATTI : 45 mph \/ 20 m\/s ; GPS : 22 mph \/ 10 m\/s<br \/>\nAngle d&#039;inclinaison maximal : 25\u00b0<br \/>\nAltitude de vol maximale : 1 mile \/ 1500 m<br \/>\nDistance de vol maximale : 1 mile \/ 1500 m<br \/>\nDistance maximale de transmission d&#039;image : 0,7 mile \/ 1200 m<br \/>\nCapacit\u00e9 de charge utile maximale : 7,7 lb \/ 3,5 kg<br \/>\nDur\u00e9e de vol : jusqu&#039;\u00e0 28 minutes (sans vent et sans charge)<br \/>\nR\u00e9sistance maximale \u00e0 la vitesse du vent : 40 mph \/ 18 m\/s \/ 35 n\u0153uds<br \/>\nPr\u00e9cision de vol stationnaire : \u00b11,6 pieds \/ \u00b10,5 m<br \/>\nSyst\u00e8me de positionnement par satellite : GPS\/Galileo<br \/>\nMoteur : 4114 ~ 400Kv<br \/>\nESC : 40A<br \/>\nH\u00e9lices : fibre de carbone #1655<br \/>\nFr\u00e9quence de fonctionnement : 2,405 ~ 2,475 GHz | 5,725 ~ 5,825 GHz<br \/>\nPuissance de l&#039;\u00e9metteur (EIRP) : &lt; 33 dBm (FCC), &lt; 20 dBm (CE) | &lt; 33 dBm (FCC), &lt; 14 dBm (CE)<br \/>\nTemp\u00e9rature de fonctionnement : 14\u2109 ~ 104\u2109 \/ -10\u2103 ~ 40\u2103<br \/>\nCertifications : CE\/FCC\/ROHS\/RCM<\/p>\n<\/div>\n<\/div>\n<div class=\"pf-c\">\n<div class=\"sc-gUQvok iVVDxu pf-bc971570b2ab-12_\" data-pf-type=\"Column\">\n<h4 class=\"sc-dPiLbb cAoJbW pf-bc971570b2ab-13_\" tabindex=\"0\" spellcheck=\"false\" data-pf-type=\"Heading2\">T\u00e9l\u00e9commande<\/h4>\n<p class=\"sc-bBHHxi fhourC pf-bc971570b2ab-15_\" tabindex=\"0\" spellcheck=\"false\" data-pf-type=\"Paragraph3\">Poids : 1,56 lb \/ 709 g<br \/>\nIndice d&#039;\u00e9tanch\u00e9it\u00e9 : IP54<br \/>\nTaille : 11*7,5*3 pouces \/ 276*190*74 mm<br \/>\nFr\u00e9quence de fonctionnement : 2,405-2,475 GHz ; 5,725 \u2013 5,825 GHz<br \/>\nPuissance de l&#039;\u00e9metteur (EIRP) : 2,405-2,475 GHz : &lt;26 dBm (FCC), &lt;20 dBm (CE)<br \/>\nLatence : 20 ms<br \/>\nBatterie : 3000 mAh<br \/>\nDur\u00e9e de travail : 4 heures<br \/>\nTemps de charge : 3 heures<br \/>\nEntr\u00e9e d&#039;alimentation : USB-C 5 V\/2 A<br \/>\nTaille de l&#039;\u00e9cran : 5 pouces<br \/>\nR\u00e9solution d&#039;\u00e9cran : 800*480 px<br \/>\nLuminosit\u00e9 de l&#039;\u00e9cran : 500 cd\/m2<br \/>\nFormat d&#039;image : 16:9<br \/>\nLangue : anglais<br \/>\nTemp\u00e9rature de fonctionnement : 14\u2109 ~ 104\u2109 \/ -10\u2103 ~ 40\u2103<\/p>\n<\/div>\n<\/div>\n<\/div>\n<div class=\"sc-ezbkAF A-dmbO pf-bc971570b2ab-17_ pf-r pf-r-eh\" data-pf-type=\"Row\">\n<div class=\"pf-c\">\n<div class=\"sc-gUQvok iVVDxu pf-bc971570b2ab-18_\" data-pf-type=\"Column\">\n<h4 class=\"sc-dPiLbb cAoJbW pf-bc971570b2ab-19_\" tabindex=\"0\" spellcheck=\"false\" data-pf-type=\"Heading2\">Batterie de vol<\/h4>\n<p class=\"sc-bBHHxi fhourC pf-bc971570b2ab-21_\" tabindex=\"0\" spellcheck=\"false\" data-pf-type=\"Paragraph3\">Capacit\u00e9 : 4500 mAh<br \/>\nTension : 22,2 V<br \/>\nType : LiPo 6S<br \/>\nTaille : 8,6*4,7*2,5 pouces \/ 219*119*65 mm<br \/>\nPoids : 2,8 lb \/ 1255 g<br \/>\nTemp\u00e9rature de fonctionnement : 32\u2109 ~ 104\u2109 \/ 0\u2103 ~ 40\u2103<br \/>\nTemps de charge : 80 minutes<br \/>\nCourant de charge maximal\u00a0: 8\u00a0A<\/p>\n<\/div>\n<\/div>\n<div class=\"pf-c\">\n<div class=\"sc-gUQvok iVVDxu pf-bc971570b2ab-23_\" data-pf-type=\"Column\">\n<h4 class=\"sc-dPiLbb cAoJbW pf-bc971570b2ab-24_\" tabindex=\"0\" spellcheck=\"false\" data-pf-type=\"Heading2\">Chargeur<\/h4>\n<p class=\"sc-bBHHxi fhourC pf-bc971570b2ab-26_\" tabindex=\"0\" spellcheck=\"false\" data-pf-type=\"Paragraph3\">Entr\u00e9e : 100 \u2013 240 V<br \/>\nSortie : 25,2 V<br \/>\nPuissance de charge maximale : 200 W<br \/>\nTypes de batteries et cellules pris en charge\u00a0: LiPo 6S<br \/>\nTaille : 5,6*4*2,4 pouces \/ 143*100*60 mm<br \/>\nC\u00e2ble d&#039;alimentation : 3,9 pieds \/ 1,2 m<br \/>\nC\u00e2ble de charge : 1,6 pieds \/ 0,5 m<br \/>\nPoids : 1 lb \/ 454,6 g<br \/>\nTemp\u00e9rature de fonctionnement : 32\u2109 ~ 140\u2109 \/ 0\u2103 ~ 60\u2103<br \/>\nTypes d&#039;adaptateur secteur disponibles\u00a0:<br \/>\nType A\u00a0: \u00c9tats-Unis, Canada, Mexique et Japon<br \/>\nType B : Europe, Am\u00e9rique du Sud et Asie<br \/>\nType G\u00a0: Royaume-Uni, Irlande, Malte et Singapour<br \/>\nType I : Australie et Nouvelle-Z\u00e9lande<\/p>\n<\/div>\n<\/div>\n<\/div>\n<div class=\"sc-ezbkAF A-dmbO pf-bc971570b2ab-28_ pf-r pf-r-eh\" data-pf-type=\"Row\">\n<div class=\"pf-c\">\n<div class=\"sc-gUQvok iVVDxu pf-bc971570b2ab-29_\" data-pf-type=\"Column\">\n<h4 class=\"sc-dPiLbb cAoJbW pf-bc971570b2ab-30_\" tabindex=\"0\" spellcheck=\"false\" data-pf-type=\"Heading2\">Cam\u00e9ra<\/h4>\n<p class=\"sc-bBHHxi fhourC pf-bc971570b2ab-32_\" tabindex=\"0\" spellcheck=\"false\" data-pf-type=\"Paragraph3\">Indice d&#039;\u00e9tanch\u00e9it\u00e9 : IP67<br \/>\nStabilisation : 1 axe (inclinaison)<br \/>\nPlage d&#039;inclinaison : -90\u00b0 \u00e0 0\u00b0<br \/>\nPoids : 0,38 lb \/ 176,5 g<br \/>\nTaille : 3,1*2,7*2,7 pouces \/ 79*69*70 mm<br \/>\nCapteur d&#039;image : SONY IMX377<br \/>\nObjectif : F4,53 mm f\/2,65, champ de vision : 92,6\u00b0<br \/>\nPlage ISO : 100 \u2013 3200<br \/>\nVitesse d&#039;obturation : 16 \u2013 1\/16000 s<br \/>\nR\u00e9solution vid\u00e9o\u00a0: 4K\u00a0: 30\u00a0ips | 2,7K\u00a0: 60\u00a0ips | 1080P\u00a0: 120\/60\/30\u00a0ips | 720P\u00a0: 240\/120\/60\u00a0ips<br \/>\nR\u00e9solution photo : 4000*3000 (4:3), 3840*2160 (16:9)<br \/>\nD\u00e9bit vid\u00e9o maximal\u00a0: 60\u00a0Mbps<br \/>\nFormat photo : JPEG \/ DNG (RAW)<br \/>\nFormat vid\u00e9o : MP4 \/ MOV<br \/>\nCarte m\u00e9moire prise en charge\u00a0: carte microSD d&#039;une capacit\u00e9 maximale de 128\u00a0Go, vitesse d&#039;\u00e9criture \u2265\u00a060\u00a0Mo\/s, utilisation recommand\u00e9e de classe\u00a010 ou sup\u00e9rieure et classification UHS-1<br \/>\nTemp\u00e9rature de fonctionnement : 14\u2109 ~ 104\u2109 \/ -10\u2103 \u2013 40\u00b0C<\/p>\n<\/div>\n<\/div>\n<div class=\"pf-c\">\n<div class=\"sc-gUQvok iVVDxu pf-bc971570b2ab-34_\" data-pf-type=\"Column\">\n<h4 class=\"sc-dPiLbb cAoJbW pf-bc971570b2ab-35_\" tabindex=\"0\" spellcheck=\"false\" data-pf-type=\"Heading2\">Qu&#039;y a-t-il dans la bo\u00eete ?<\/h4>\n<p class=\"sc-bBHHxi fhourC pf-bc971570b2ab-37_\" tabindex=\"0\" spellcheck=\"false\" data-pf-type=\"Paragraph3\">Avion x 1<br \/>\nT\u00e9l\u00e9commande x 1<br \/>\nBatterie de vol x 1<br \/>\nChargeur x 1<br \/>\nH\u00e9lices x 2 (paires)<br \/>\nAppareil photo x 1<br \/>\nLanceur d&#039;app\u00e2t double x 1<br \/>\nBarres flottantes x 1 (ensemble)<br \/>\nC\u00e2ble USB-C x 1<br \/>\nC\u00e2ble de charge x 1<br \/>\nAdaptateur secteur x 1<br \/>\n\u00c9tui de transport x 1<\/p>\n<\/div>\n<\/div>\n<\/div>\n<\/div>\n<\/div>","protected":false},"excerpt":{"rendered":"<p>Voici Fisherman Max. Le dernier-n\u00e9 de la flotte de drones de p\u00eache SwellPro, et le plus puissant. C&#039;est le drone de p\u00eache que les p\u00eacheurs du monde entier attendaient. Pourquoi\u00a0? Parce qu&#039;il peut maximiser tous les b\u00e9n\u00e9fices d&#039;une vie de p\u00eache sportive terrestre.<\/p>\n<ul>\n<li><span style=\"text-decoration: underline;\">Packs disponibles en version Basic et Advanced<\/span><\/li>\n<\/ul>","protected":false},"featured_media":11372,"comment_status":"open","ping_status":"closed","template":"","meta":[],"product_brand":[],"product_cat":[29,303,278],"product_tag":[517,428,279],"class_list":{"0":"post-11368","1":"product","2":"type-product","3":"status-publish","4":"has-post-thumbnail","6":"product_cat-drones","7":"product_cat-drones-sweellpro","8":"product_cat-swellpro","9":"product_tag-fisherma-max","10":"product_tag-other-applications","11":"product_tag-swellpro","13":"first","14":"onbackorder","15":"taxable","16":"shipping-taxable","17":"product-type-simple"},"yoast_head":"<!-- This site is optimized with the Yoast SEO plugin v27.1.1 - https:\/\/yoast.com\/product\/yoast-seo-wordpress\/ -->\n<title>Fisherman MAX Heavy Lift (FD2) Fishing Drone -<\/title>\n<meta name=\"description\" content=\"This is Fisherman Max. The newest member in SwellPro drone fishing fleet, and the most powerful one. It\u2019s the fishing drone that anglers all over the world have been waiting for. Why? Because it can maximize all the positive outcomes that a land-based game fishing of lifetime can have.\" \/>\n<meta name=\"robots\" content=\"index, follow, max-snippet:-1, max-image-preview:large, max-video-preview:-1\" \/>\n<link rel=\"canonical\" href=\"https:\/\/www.ghostysky.com\/fr\/product\/fisherman-max-heavy-lift-fishing-drone\/\" \/>\n<meta property=\"og:locale\" content=\"fr_FR\" \/>\n<meta property=\"og:type\" content=\"article\" \/>\n<meta property=\"og:title\" content=\"Fisherman MAX Heavy Lift (FD2) Fishing Drone -\" \/>\n<meta property=\"og:description\" content=\"This is Fisherman Max. The newest member in SwellPro drone fishing fleet, and the most powerful one. It\u2019s the fishing drone that anglers all over the world have been waiting for. Why? Because it can maximize all the positive outcomes that a land-based game fishing of lifetime can have.\" \/>\n<meta property=\"og:url\" content=\"https:\/\/www.ghostysky.com\/fr\/product\/fisherman-max-heavy-lift-fishing-drone\/\" \/>\n<meta property=\"og:site_name\" content=\"Ghostysky\" \/>\n<meta property=\"article:publisher\" content=\"https:\/\/www.facebook.com\/people\/Ghostysky\/100057676170234\/\" \/>\n<meta property=\"article:modified_time\" content=\"2025-10-14T11:27:19+00:00\" \/>\n<meta property=\"og:image\" content=\"https:\/\/www.ghostysky.com\/wp-content\/uploads\/2023\/04\/fisherman-max-main-photo-01_3000x.webp\" \/>\n\t<meta property=\"og:image:width\" content=\"1000\" \/>\n\t<meta property=\"og:image:height\" content=\"1000\" \/>\n\t<meta property=\"og:image:type\" content=\"image\/webp\" \/>\n<meta name=\"twitter:card\" content=\"summary_large_image\" \/>\n<meta name=\"twitter:site\" content=\"@Gh0stysky\" \/>\n<meta name=\"twitter:label1\" content=\"Dur\u00e9e de lecture estim\u00e9e\" \/>\n\t<meta name=\"twitter:data1\" content=\"4 minutes\" \/>\n<script type=\"application\/ld+json\" class=\"yoast-schema-graph\">{\"@context\":\"https:\/\/schema.org\",\"@graph\":[{\"@type\":\"WebPage\",\"@id\":\"https:\/\/www.ghostysky.com\/product\/fisherman-max-heavy-lift-fishing-drone\/\",\"url\":\"https:\/\/www.ghostysky.com\/product\/fisherman-max-heavy-lift-fishing-drone\/\",\"name\":\"Fisherman MAX Heavy Lift (FD2) Fishing Drone -\",\"isPartOf\":{\"@id\":\"https:\/\/www.ghostysky.com\/#website\"},\"primaryImageOfPage\":{\"@id\":\"https:\/\/www.ghostysky.com\/product\/fisherman-max-heavy-lift-fishing-drone\/#primaryimage\"},\"image\":{\"@id\":\"https:\/\/www.ghostysky.com\/product\/fisherman-max-heavy-lift-fishing-drone\/#primaryimage\"},\"thumbnailUrl\":\"https:\/\/www.ghostysky.com\/wp-content\/uploads\/2023\/04\/fisherman-max-main-photo-01_3000x.webp\",\"datePublished\":\"2023-04-05T17:36:34+00:00\",\"dateModified\":\"2025-10-14T11:27:19+00:00\",\"description\":\"This is Fisherman Max. The newest member in SwellPro drone fishing fleet, and the most powerful one. It\u2019s the fishing drone that anglers all over the world have been waiting for. Why? Because it can maximize all the positive outcomes that a land-based game fishing of lifetime can have.\",\"breadcrumb\":{\"@id\":\"https:\/\/www.ghostysky.com\/product\/fisherman-max-heavy-lift-fishing-drone\/#breadcrumb\"},\"inLanguage\":\"fr-FR\",\"potentialAction\":[{\"@type\":\"ReadAction\",\"target\":[\"https:\/\/www.ghostysky.com\/product\/fisherman-max-heavy-lift-fishing-drone\/\"]}]},{\"@type\":\"ImageObject\",\"inLanguage\":\"fr-FR\",\"@id\":\"https:\/\/www.ghostysky.com\/product\/fisherman-max-heavy-lift-fishing-drone\/#primaryimage\",\"url\":\"https:\/\/www.ghostysky.com\/wp-content\/uploads\/2023\/04\/fisherman-max-main-photo-01_3000x.webp\",\"contentUrl\":\"https:\/\/www.ghostysky.com\/wp-content\/uploads\/2023\/04\/fisherman-max-main-photo-01_3000x.webp\",\"width\":1000,\"height\":1000},{\"@type\":\"BreadcrumbList\",\"@id\":\"https:\/\/www.ghostysky.com\/product\/fisherman-max-heavy-lift-fishing-drone\/#breadcrumb\",\"itemListElement\":[{\"@type\":\"ListItem\",\"position\":1,\"name\":\"Home\",\"item\":\"https:\/\/www.ghostysky.com\/\"},{\"@type\":\"ListItem\",\"position\":2,\"name\":\"Shop\",\"item\":\"https:\/\/www.ghostysky.com\/shop\/\"},{\"@type\":\"ListItem\",\"position\":3,\"name\":\"Fisherman MAX Heavy Lift (FD2) Fishing Drone\"}]},{\"@type\":\"WebSite\",\"@id\":\"https:\/\/www.ghostysky.com\/#website\",\"url\":\"https:\/\/www.ghostysky.com\/\",\"name\":\"Ghostysky\",\"description\":\"Delivering professional drones and services\",\"publisher\":{\"@id\":\"https:\/\/www.ghostysky.com\/#organization\"},\"potentialAction\":[{\"@type\":\"SearchAction\",\"target\":{\"@type\":\"EntryPoint\",\"urlTemplate\":\"https:\/\/www.ghostysky.com\/?s={search_term_string}\"},\"query-input\":{\"@type\":\"PropertyValueSpecification\",\"valueRequired\":true,\"valueName\":\"search_term_string\"}}],\"inLanguage\":\"fr-FR\"},{\"@type\":\"Organization\",\"@id\":\"https:\/\/www.ghostysky.com\/#organization\",\"name\":\"Ghostysky\",\"url\":\"https:\/\/www.ghostysky.com\/\",\"logo\":{\"@type\":\"ImageObject\",\"inLanguage\":\"fr-FR\",\"@id\":\"https:\/\/www.ghostysky.com\/#\/schema\/logo\/image\/\",\"url\":\"https:\/\/www.ghostysky.com\/wp-content\/uploads\/2020\/06\/cropped-ghostyskylogo_text_white2.png\",\"contentUrl\":\"https:\/\/www.ghostysky.com\/wp-content\/uploads\/2020\/06\/cropped-ghostyskylogo_text_white2.png\",\"width\":169,\"height\":56,\"caption\":\"Ghostysky\"},\"image\":{\"@id\":\"https:\/\/www.ghostysky.com\/#\/schema\/logo\/image\/\"},\"sameAs\":[\"https:\/\/www.facebook.com\/people\/Ghostysky\/100057676170234\/\",\"https:\/\/x.com\/Gh0stysky\",\"https:\/\/www.linkedin.com\/company\/34739653\",\"https:\/\/www.instagram.com\/gh0stysky\"]}]}<\/script>\n<!-- \/ Yoast SEO plugin. -->","yoast_head_json":{"title":"Drone de p\u00eache Fisherman MAX Heavy Lift (FD2) -","description":"Voici Fisherman Max. Le dernier-n\u00e9 de la flotte de drones de p\u00eache SwellPro, et le plus puissant. C&#039;est le drone de p\u00eache que les p\u00eacheurs du monde entier attendaient. Pourquoi\u00a0? Parce qu&#039;il peut maximiser tous les b\u00e9n\u00e9fices d&#039;une vie de p\u00eache sportive terrestre.","robots":{"index":"index","follow":"follow","max-snippet":"max-snippet:-1","max-image-preview":"max-image-preview:large","max-video-preview":"max-video-preview:-1"},"canonical":"https:\/\/www.ghostysky.com\/fr\/product\/fisherman-max-heavy-lift-fishing-drone\/","og_locale":"fr_FR","og_type":"article","og_title":"Fisherman MAX Heavy Lift (FD2) Fishing Drone -","og_description":"This is Fisherman Max. The newest member in SwellPro drone fishing fleet, and the most powerful one. It\u2019s the fishing drone that anglers all over the world have been waiting for. Why? Because it can maximize all the positive outcomes that a land-based game fishing of lifetime can have.","og_url":"https:\/\/www.ghostysky.com\/fr\/product\/fisherman-max-heavy-lift-fishing-drone\/","og_site_name":"Ghostysky","article_publisher":"https:\/\/www.facebook.com\/people\/Ghostysky\/100057676170234\/","article_modified_time":"2025-10-14T11:27:19+00:00","og_image":[{"width":1000,"height":1000,"url":"https:\/\/www.ghostysky.com\/wp-content\/uploads\/2023\/04\/fisherman-max-main-photo-01_3000x.webp","type":"image\/webp"}],"twitter_card":"summary_large_image","twitter_site":"@Gh0stysky","twitter_misc":{"Dur\u00e9e de lecture estim\u00e9e":"4 minutes"},"schema":{"@context":"https:\/\/schema.org","@graph":[{"@type":"WebPage","@id":"https:\/\/www.ghostysky.com\/product\/fisherman-max-heavy-lift-fishing-drone\/","url":"https:\/\/www.ghostysky.com\/product\/fisherman-max-heavy-lift-fishing-drone\/","name":"Drone de p\u00eache Fisherman MAX Heavy Lift (FD2) -","isPartOf":{"@id":"https:\/\/www.ghostysky.com\/#website"},"primaryImageOfPage":{"@id":"https:\/\/www.ghostysky.com\/product\/fisherman-max-heavy-lift-fishing-drone\/#primaryimage"},"image":{"@id":"https:\/\/www.ghostysky.com\/product\/fisherman-max-heavy-lift-fishing-drone\/#primaryimage"},"thumbnailUrl":"https:\/\/www.ghostysky.com\/wp-content\/uploads\/2023\/04\/fisherman-max-main-photo-01_3000x.webp","datePublished":"2023-04-05T17:36:34+00:00","dateModified":"2025-10-14T11:27:19+00:00","description":"Voici Fisherman Max. Le dernier-n\u00e9 de la flotte de drones de p\u00eache SwellPro, et le plus puissant. C&#039;est le drone de p\u00eache que les p\u00eacheurs du monde entier attendaient. Pourquoi\u00a0? Parce qu&#039;il peut maximiser tous les b\u00e9n\u00e9fices d&#039;une vie de p\u00eache sportive terrestre.","breadcrumb":{"@id":"https:\/\/www.ghostysky.com\/product\/fisherman-max-heavy-lift-fishing-drone\/#breadcrumb"},"inLanguage":"fr-FR","potentialAction":[{"@type":"ReadAction","target":["https:\/\/www.ghostysky.com\/product\/fisherman-max-heavy-lift-fishing-drone\/"]}]},{"@type":"ImageObject","inLanguage":"fr-FR","@id":"https:\/\/www.ghostysky.com\/product\/fisherman-max-heavy-lift-fishing-drone\/#primaryimage","url":"https:\/\/www.ghostysky.com\/wp-content\/uploads\/2023\/04\/fisherman-max-main-photo-01_3000x.webp","contentUrl":"https:\/\/www.ghostysky.com\/wp-content\/uploads\/2023\/04\/fisherman-max-main-photo-01_3000x.webp","width":1000,"height":1000},{"@type":"BreadcrumbList","@id":"https:\/\/www.ghostysky.com\/product\/fisherman-max-heavy-lift-fishing-drone\/#breadcrumb","itemListElement":[{"@type":"ListItem","position":1,"name":"Home","item":"https:\/\/www.ghostysky.com\/"},{"@type":"ListItem","position":2,"name":"Shop","item":"https:\/\/www.ghostysky.com\/shop\/"},{"@type":"ListItem","position":3,"name":"Fisherman MAX Heavy Lift (FD2) Fishing Drone"}]},{"@type":"WebSite","@id":"https:\/\/www.ghostysky.com\/#website","url":"https:\/\/www.ghostysky.com\/","name":"Ghostysky","description":"Livraison de drones et de services professionnels","publisher":{"@id":"https:\/\/www.ghostysky.com\/#organization"},"potentialAction":[{"@type":"SearchAction","target":{"@type":"EntryPoint","urlTemplate":"https:\/\/www.ghostysky.com\/?s={search_term_string}"},"query-input":{"@type":"PropertyValueSpecification","valueRequired":true,"valueName":"search_term_string"}}],"inLanguage":"fr-FR"},{"@type":"Organization","@id":"https:\/\/www.ghostysky.com\/#organization","name":"Ghostysky","url":"https:\/\/www.ghostysky.com\/","logo":{"@type":"ImageObject","inLanguage":"fr-FR","@id":"https:\/\/www.ghostysky.com\/#\/schema\/logo\/image\/","url":"https:\/\/www.ghostysky.com\/wp-content\/uploads\/2020\/06\/cropped-ghostyskylogo_text_white2.png","contentUrl":"https:\/\/www.ghostysky.com\/wp-content\/uploads\/2020\/06\/cropped-ghostyskylogo_text_white2.png","width":169,"height":56,"caption":"Ghostysky"},"image":{"@id":"https:\/\/www.ghostysky.com\/#\/schema\/logo\/image\/"},"sameAs":["https:\/\/www.facebook.com\/people\/Ghostysky\/100057676170234\/","https:\/\/x.com\/Gh0stysky","https:\/\/www.linkedin.com\/company\/34739653","https:\/\/www.instagram.com\/gh0stysky"]}]}},"_links":{"self":[{"href":"https:\/\/www.ghostysky.com\/fr\/wp-json\/wp\/v2\/product\/11368","targetHints":{"allow":["GET"]}}],"collection":[{"href":"https:\/\/www.ghostysky.com\/fr\/wp-json\/wp\/v2\/product"}],"about":[{"href":"https:\/\/www.ghostysky.com\/fr\/wp-json\/wp\/v2\/types\/product"}],"replies":[{"embeddable":true,"href":"https:\/\/www.ghostysky.com\/fr\/wp-json\/wp\/v2\/comments?post=11368"}],"wp:featuredmedia":[{"embeddable":true,"href":"https:\/\/www.ghostysky.com\/fr\/wp-json\/wp\/v2\/media\/11372"}],"wp:attachment":[{"href":"https:\/\/www.ghostysky.com\/fr\/wp-json\/wp\/v2\/media?parent=11368"}],"wp:term":[{"taxonomy":"product_brand","embeddable":true,"href":"https:\/\/www.ghostysky.com\/fr\/wp-json\/wp\/v2\/product_brand?post=11368"},{"taxonomy":"product_cat","embeddable":true,"href":"https:\/\/www.ghostysky.com\/fr\/wp-json\/wp\/v2\/product_cat?post=11368"},{"taxonomy":"product_tag","embeddable":true,"href":"https:\/\/www.ghostysky.com\/fr\/wp-json\/wp\/v2\/product_tag?post=11368"}],"curies":[{"name":"wp","href":"https:\/\/api.w.org\/{rel}","templated":true}]}}