{"id":11439,"date":"2020-06-29T09:33:11","date_gmt":"2020-06-29T09:33:11","guid":{"rendered":"https:\/\/www.ghostysky.com\/?post_type=product&#038;p=11439"},"modified":"2024-04-20T10:26:18","modified_gmt":"2024-04-20T10:26:18","slug":"rgb61","status":"publish","type":"product","link":"https:\/\/www.ghostysky.com\/fr\/product\/rgb61\/","title":{"rendered":"Kit de charge utile Wingtra RGB61"},"content":{"rendered":"<ol>\n<li>Imagerie haute r\u00e9solution : la <a href=\"https:\/\/wingtra.com\/wp-content\/uploads\/Wingtra-Technical-Specifications.pdf\">Wingtra RG61<\/a> L&#039;appareil photo est dot\u00e9 d&#039;un impressionnant capteur d&#039;image de 61 m\u00e9gapixels, offrant une clart\u00e9 et un niveau de d\u00e9tail in\u00e9gal\u00e9s. Gr\u00e2ce \u00e0 cette haute r\u00e9solution, les professionnels peuvent capturer des donn\u00e9es avec une pr\u00e9cision exceptionnelle, permettant ainsi des cartographies, des inspections et des relev\u00e9s topographiques pr\u00e9cis.<\/li>\n<li>Technologie de capteur avanc\u00e9e\u00a0: Dot\u00e9e d&#039;une technologie de capteur avanc\u00e9e, la cam\u00e9ra RG61 garantit une qualit\u00e9 d&#039;image et une pr\u00e9cision des couleurs sup\u00e9rieures. Elle capture des couleurs \u00e9clatantes et r\u00e9alistes et reproduit fid\u00e8lement les d\u00e9tails subtils de l&#039;environnement, offrant ainsi aux utilisateurs des images pr\u00e9cises et r\u00e9alistes.<\/li>\n<li>Int\u00e9gration parfaite : La cam\u00e9ra RG61 s&#039;int\u00e8gre parfaitement \u00e0 la plateforme de drone WingtraOne, offrant une solution compl\u00e8te de cartographie a\u00e9rienne. La cam\u00e9ra et le drone fonctionnent en parfaite harmonie, offrant stabilit\u00e9, synchronisation et performances optimis\u00e9es pour une capture de donn\u00e9es fiable.<\/li>\n<li>Traitement de donn\u00e9es performant\u00a0: Le puissant logiciel de traitement de donn\u00e9es de Wingtra compl\u00e8te la cam\u00e9ra RG61, simplifiant ainsi le flux de travail, de la capture d&#039;images aux r\u00e9sultats finaux. Les utilisateurs peuvent g\u00e9n\u00e9rer efficacement des orthomosa\u00efques, des mod\u00e8les 3D et des nuages de points de haute qualit\u00e9, permettant ainsi des analyses et des analyses d\u00e9taill\u00e9es.<\/li>\n<li>Polyvalence et flexibilit\u00e9 d&#039;application\u00a0: La cam\u00e9ra RG61 s&#039;adapte \u00e0 un large \u00e9ventail d&#039;applications professionnelles, notamment l&#039;arpentage, l&#039;inspection des infrastructures, la surveillance environnementale, etc. Sa polyvalence permet aux utilisateurs d&#039;aborder divers projets avec pr\u00e9cision et confiance.<\/li>\n<li>Solution fiable et \u00e9prouv\u00e9e\u00a0: Wingtra est r\u00e9put\u00e9 pour ses solutions de cartographie a\u00e9rienne fiables et pr\u00e9cises. La cam\u00e9ra RG61 confirme cette r\u00e9putation, offrant aux professionnels un outil fiable pour leurs besoins de cartographie et de topographie, soutenu par l&#039;engagement d&#039;excellence de Wingtra.<\/li>\n<\/ol>\n<p>La cam\u00e9ra Wingtra RG61 est une solution r\u00e9volutionnaire pour les professionnels en qu\u00eate d&#039;une qualit\u00e9 d&#039;image exceptionnelle et d&#039;une capture de donn\u00e9es pr\u00e9cise pour leurs projets de cartographie a\u00e9rienne. Gr\u00e2ce \u00e0 son imagerie haute r\u00e9solution, \u00e0 sa technologie de capteur avanc\u00e9e, \u00e0 son int\u00e9gration transparente avec la plateforme WingtraOne et \u00e0 ses puissantes capacit\u00e9s de traitement des donn\u00e9es, la cam\u00e9ra RG61 permet aux utilisateurs d&#039;optimiser leurs flux de travail de cartographie a\u00e9rienne et d&#039;obtenir des r\u00e9sultats sans pr\u00e9c\u00e9dent.<\/p>\n<h4><span style=\"text-decoration: underline;\">CARACT\u00c9RISTIQUES<\/span><\/h4>\n<p><strong>Type de capteur<\/strong> -&gt; Plein format<br \/>\n<strong>Gamme GSD*<\/strong> -&gt; 0,7 \u2013 11 cm\/px<br \/>\n<strong>Couverture au GSD le plus bas<\/strong> -&gt; 110 ha \u00e0 45 m d&#039;altitude<br \/>\n<strong>R\u00e9solution<\/strong> -&gt; 61 MP<br \/>\n<strong>Meilleure pr\u00e9cision absolue**<\/strong> -&gt; 1 cm \/ 3 cm horizontal \/ vertical<br \/>\n<strong>Couverture \u00e0 120 m<\/strong> -&gt; 310 ha \u00e0 1,9 cm\/px GSD*<\/p>\n<h4><span style=\"text-decoration: underline;\"><strong>Mission plus rapide<\/strong><\/span><\/h4>\n<p>Vous avez un projet dont le temps est limit\u00e9\u00a0? Le RGB61 est con\u00e7u pour r\u00e9duire votre temps de travail. Le tout avec la pr\u00e9cision ultra-\u00e9lev\u00e9e \u00e0 laquelle les clients Wingtra font confiance.<br \/>\n| <strong>Missions 30% plus rapides que RX1R II*<\/strong> |<\/p>\n<h4><span style=\"text-decoration: underline;\"><strong>Une zone plus vaste cartographi\u00e9e<\/strong><\/span><\/h4>\n<p>Les grands projets ne font pas le poids face au RGB61, qui couvre plus de terrain avec un seul jeu de batteries charg\u00e9es.<br \/>\n| <strong>1,4 x plus de couverture que le RX1R II*<\/strong> |<\/p>\n<h4><span style=\"text-decoration: underline;\"><strong>Charge de donn\u00e9es plus l\u00e9g\u00e8re<\/strong><\/span><\/h4>\n<p>R\u00e9duisez consid\u00e9rablement votre temps de traitement. Chaque photo prise par le RGB61 est plus grande, ce qui permet au drone de parcourir moins de lignes et de prendre moins d&#039;images pour couvrir la m\u00eame zone.<br \/>\n| <strong>Charge de donn\u00e9es 40% sup\u00e9rieure \u00e0 celle du RX1R II*<\/strong> |<\/p>\n<p>* Charge utile de pointe pr\u00e9c\u00e9dente de Wingtra, aux m\u00eames r\u00e9glages de hauteur et de chevauchement.<\/p>\n<p>&nbsp;<\/p>\n<h4><span style=\"text-decoration: underline;\"><strong>Param\u00e8tres d&#039;\u00e9clairage intuitifs dans l&#039;application<\/strong><\/span><\/h4>\n<p>Par temps ensoleill\u00e9 ou nuageux, choisissez les niveaux d&#039;\u00e9clairage RGB61 directement dans l&#039;application. De plus, son objectif haute qualit\u00e9 offre une saturation des couleurs et un contraste am\u00e9lior\u00e9s pour des d\u00e9tails nets.<\/p>\n<section class=\"elementor-section elementor-top-section elementor-element elementor-element-1df9cd26 table-camera-comparison elementor-hidden-phone elementor-section-boxed elementor-section-height-default elementor-section-height-default\" data-id=\"1df9cd26\" data-element_type=\"section\">\n<div class=\"elementor-container elementor-column-gap-default\">\n<div class=\"elementor-row\">\n<div class=\"elementor-column elementor-col-33 elementor-top-column elementor-element elementor-element-3567b4c5\" data-id=\"3567b4c5\" data-element_type=\"column\">\n<div class=\"elementor-column-wrap elementor-element-populated\">\n<div>\n<div class=\"elementor-column elementor-col-50 elementor-inner-column elementor-element elementor-element-1a823599\" data-id=\"1a823599\" data-element_type=\"column\" data-settings=\"{&quot;background_background&quot;:&quot;classic&quot;}\">\n<div class=\"elementor-column-wrap elementor-element-populated\">\n<div class=\"elementor-widget-wrap\">\n<div class=\"elementor-element elementor-element-e38190b elementor-widget elementor-widget-image\" data-id=\"e38190b\" data-element_type=\"widget\" data-widget_type=\"image.default\">\n<div class=\"elementor-widget-container\"><a href=\"https:\/\/www.ghostysky.com\/wp-content\/uploads\/2023\/05\/in-app-settings-rgb61.webp\"><img fetchpriority=\"high\" decoding=\"async\" class=\"alignnone wp-image-11441 size-full lazyload\" src=\"data:image\/gif;base64,R0lGODlhAQABAAAAACH5BAEKAAEALAAAAAABAAEAAAICTAEAOw==\" alt=\"\" width=\"648\" height=\"473\" sizes=\"(max-width: 648px) 100vw, 648px\" data-src=\"data:image\/gif;base64,R0lGODlhAQABAAAAACH5BAEKAAEALAAAAAABAAEAAAICTAEAOw==\" data-srcset=\"\" srcset=\"\"><\/a><\/div>\n<\/div>\n<\/div>\n<\/div>\n<\/div>\n<\/div>\n<\/div>\n<\/div>\n<\/div>\n<\/div>\n<\/section>","protected":false},"excerpt":{"rendered":"<p>D\u00e9couvrez la cam\u00e9ra Wingtra RG61, une solution de cartographie a\u00e9rienne de pointe con\u00e7ue pour r\u00e9volutionner la fa\u00e7on dont les professionnels capturent et analysent les donn\u00e9es. Gr\u00e2ce \u00e0 ses fonctionnalit\u00e9s avanc\u00e9es et \u00e0 sa qualit\u00e9 d&#039;image exceptionnelle, la cam\u00e9ra RG61 \u00e9tablit de nouvelles normes de pr\u00e9cision et de fiabilit\u00e9, permettant aux utilisateurs d&#039;obtenir des r\u00e9sultats in\u00e9gal\u00e9s pour leurs projets de cartographie et de topographie a\u00e9riennes.<\/p>","protected":false},"featured_media":12568,"comment_status":"open","ping_status":"closed","template":"","meta":[],"product_brand":[],"product_cat":[167,36],"product_tag":[519,62,518,520,39],"class_list":{"0":"post-11439","1":"product","2":"type-product","3":"status-publish","4":"has-post-thumbnail","6":"product_cat-sensors-wingtraone","7":"product_cat-wingtraone","8":"product_tag-61mp","9":"product_tag-camera","10":"product_tag-rgb61","11":"product_tag-sony","12":"product_tag-wingtra","14":"first","15":"onbackorder","16":"taxable","17":"shipping-taxable","18":"product-type-simple"},"yoast_head":"<!-- This site is optimized with the Yoast SEO plugin v27.4 - https:\/\/yoast.com\/product\/yoast-seo-wordpress\/ -->\n<title>Wingtra RGB61 Payload kit - Ghostysky<\/title>\n<meta name=\"description\" content=\"A c\u00e2mera RGB61 da Wingtra \u00e9 um dispositivo avan\u00e7ado de captura de imagens projetado especificamente para aplica\u00e7\u00f5es de mapeamento a\u00e9reo de alta precis\u00e3o.\" \/>\n<meta name=\"robots\" content=\"index, follow, max-snippet:-1, max-image-preview:large, max-video-preview:-1\" \/>\n<link rel=\"canonical\" href=\"https:\/\/www.ghostysky.com\/fr\/product\/rgb61\/\" \/>\n<meta property=\"og:locale\" content=\"fr_FR\" \/>\n<meta property=\"og:type\" content=\"article\" \/>\n<meta property=\"og:title\" content=\"Wingtra RGB61 Payload kit - Ghostysky\" \/>\n<meta property=\"og:description\" content=\"A c\u00e2mera RGB61 da Wingtra \u00e9 um dispositivo avan\u00e7ado de captura de imagens projetado especificamente para aplica\u00e7\u00f5es de mapeamento a\u00e9reo de alta precis\u00e3o.\" \/>\n<meta property=\"og:url\" content=\"https:\/\/www.ghostysky.com\/fr\/product\/rgb61\/\" \/>\n<meta property=\"og:site_name\" content=\"Ghostysky\" \/>\n<meta property=\"article:publisher\" content=\"https:\/\/www.facebook.com\/people\/Ghostysky\/100057676170234\/\" \/>\n<meta property=\"article:modified_time\" content=\"2024-04-20T10:26:18+00:00\" \/>\n<meta property=\"og:image\" content=\"https:\/\/www.ghostysky.com\/wp-content\/uploads\/2023\/08\/RGB61-Camera-Wingtra-1-scaled.webp\" \/>\n\t<meta property=\"og:image:width\" content=\"2560\" \/>\n\t<meta property=\"og:image:height\" content=\"1708\" \/>\n\t<meta property=\"og:image:type\" content=\"image\/webp\" \/>\n<meta name=\"twitter:card\" content=\"summary_large_image\" \/>\n<meta name=\"twitter:site\" content=\"@Gh0stysky\" \/>\n<meta name=\"twitter:label1\" content=\"Dur\u00e9e de lecture estim\u00e9e\" \/>\n\t<meta name=\"twitter:data1\" content=\"3 minutes\" \/>\n<script type=\"application\/ld+json\" class=\"yoast-schema-graph\">{\"@context\":\"https:\\\/\\\/schema.org\",\"@graph\":[{\"@type\":\"WebPage\",\"@id\":\"https:\\\/\\\/www.ghostysky.com\\\/product\\\/rgb61\\\/\",\"url\":\"https:\\\/\\\/www.ghostysky.com\\\/product\\\/rgb61\\\/\",\"name\":\"Wingtra RGB61 Payload kit - Ghostysky\",\"isPartOf\":{\"@id\":\"https:\\\/\\\/www.ghostysky.com\\\/#website\"},\"primaryImageOfPage\":{\"@id\":\"https:\\\/\\\/www.ghostysky.com\\\/product\\\/rgb61\\\/#primaryimage\"},\"image\":{\"@id\":\"https:\\\/\\\/www.ghostysky.com\\\/product\\\/rgb61\\\/#primaryimage\"},\"thumbnailUrl\":\"https:\\\/\\\/www.ghostysky.com\\\/wp-content\\\/uploads\\\/2023\\\/08\\\/RGB61-Camera-Wingtra-1-scaled.webp\",\"datePublished\":\"2020-06-29T09:33:11+00:00\",\"dateModified\":\"2024-04-20T10:26:18+00:00\",\"description\":\"A c\u00e2mera RGB61 da Wingtra \u00e9 um dispositivo avan\u00e7ado de captura de imagens projetado especificamente para aplica\u00e7\u00f5es de mapeamento a\u00e9reo de alta precis\u00e3o.\",\"breadcrumb\":{\"@id\":\"https:\\\/\\\/www.ghostysky.com\\\/product\\\/rgb61\\\/#breadcrumb\"},\"inLanguage\":\"fr-FR\",\"potentialAction\":[{\"@type\":\"ReadAction\",\"target\":[\"https:\\\/\\\/www.ghostysky.com\\\/product\\\/rgb61\\\/\"]}]},{\"@type\":\"ImageObject\",\"inLanguage\":\"fr-FR\",\"@id\":\"https:\\\/\\\/www.ghostysky.com\\\/product\\\/rgb61\\\/#primaryimage\",\"url\":\"https:\\\/\\\/www.ghostysky.com\\\/wp-content\\\/uploads\\\/2023\\\/08\\\/RGB61-Camera-Wingtra-1-scaled.webp\",\"contentUrl\":\"https:\\\/\\\/www.ghostysky.com\\\/wp-content\\\/uploads\\\/2023\\\/08\\\/RGB61-Camera-Wingtra-1-scaled.webp\",\"width\":2560,\"height\":1708},{\"@type\":\"BreadcrumbList\",\"@id\":\"https:\\\/\\\/www.ghostysky.com\\\/product\\\/rgb61\\\/#breadcrumb\",\"itemListElement\":[{\"@type\":\"ListItem\",\"position\":1,\"name\":\"Home\",\"item\":\"https:\\\/\\\/www.ghostysky.com\\\/\"},{\"@type\":\"ListItem\",\"position\":2,\"name\":\"Shop\",\"item\":\"https:\\\/\\\/www.ghostysky.com\\\/shop\\\/\"},{\"@type\":\"ListItem\",\"position\":3,\"name\":\"Wingtra RGB61 Payload kit\"}]},{\"@type\":\"WebSite\",\"@id\":\"https:\\\/\\\/www.ghostysky.com\\\/#website\",\"url\":\"https:\\\/\\\/www.ghostysky.com\\\/\",\"name\":\"Ghostysky\",\"description\":\"Delivering professional drones and services\",\"publisher\":{\"@id\":\"https:\\\/\\\/www.ghostysky.com\\\/#organization\"},\"potentialAction\":[{\"@type\":\"SearchAction\",\"target\":{\"@type\":\"EntryPoint\",\"urlTemplate\":\"https:\\\/\\\/www.ghostysky.com\\\/?s={search_term_string}\"},\"query-input\":{\"@type\":\"PropertyValueSpecification\",\"valueRequired\":true,\"valueName\":\"search_term_string\"}}],\"inLanguage\":\"fr-FR\"},{\"@type\":\"Organization\",\"@id\":\"https:\\\/\\\/www.ghostysky.com\\\/#organization\",\"name\":\"Ghostysky\",\"url\":\"https:\\\/\\\/www.ghostysky.com\\\/\",\"logo\":{\"@type\":\"ImageObject\",\"inLanguage\":\"fr-FR\",\"@id\":\"https:\\\/\\\/www.ghostysky.com\\\/#\\\/schema\\\/logo\\\/image\\\/\",\"url\":\"https:\\\/\\\/www.ghostysky.com\\\/wp-content\\\/uploads\\\/2020\\\/06\\\/cropped-ghostyskylogo_text_white2.png\",\"contentUrl\":\"https:\\\/\\\/www.ghostysky.com\\\/wp-content\\\/uploads\\\/2020\\\/06\\\/cropped-ghostyskylogo_text_white2.png\",\"width\":169,\"height\":56,\"caption\":\"Ghostysky\"},\"image\":{\"@id\":\"https:\\\/\\\/www.ghostysky.com\\\/#\\\/schema\\\/logo\\\/image\\\/\"},\"sameAs\":[\"https:\\\/\\\/www.facebook.com\\\/people\\\/Ghostysky\\\/100057676170234\\\/\",\"https:\\\/\\\/x.com\\\/Gh0stysky\",\"https:\\\/\\\/www.linkedin.com\\\/company\\\/34739653\",\"https:\\\/\\\/www.instagram.com\\\/gh0stysky\"]}]}<\/script>\n<!-- \/ Yoast SEO plugin. -->","yoast_head_json":{"title":"Kit de charge utile Wingtra RGB61 - Ghostysky","description":"La cam\u00e9ra RGB61 de Wingtra est un appareil avanc\u00e9 de capture d&#039;images projet\u00e9 sp\u00e9cifiquement pour les applications de cartographie a\u00e9rienne de haute pr\u00e9cision.","robots":{"index":"index","follow":"follow","max-snippet":"max-snippet:-1","max-image-preview":"max-image-preview:large","max-video-preview":"max-video-preview:-1"},"canonical":"https:\/\/www.ghostysky.com\/fr\/product\/rgb61\/","og_locale":"fr_FR","og_type":"article","og_title":"Wingtra RGB61 Payload kit - Ghostysky","og_description":"A c\u00e2mera RGB61 da Wingtra \u00e9 um dispositivo avan\u00e7ado de captura de imagens projetado especificamente para aplica\u00e7\u00f5es de mapeamento a\u00e9reo de alta precis\u00e3o.","og_url":"https:\/\/www.ghostysky.com\/fr\/product\/rgb61\/","og_site_name":"Ghostysky","article_publisher":"https:\/\/www.facebook.com\/people\/Ghostysky\/100057676170234\/","article_modified_time":"2024-04-20T10:26:18+00:00","og_image":[{"width":2560,"height":1708,"url":"https:\/\/www.ghostysky.com\/wp-content\/uploads\/2023\/08\/RGB61-Camera-Wingtra-1-scaled.webp","type":"image\/webp"}],"twitter_card":"summary_large_image","twitter_site":"@Gh0stysky","twitter_misc":{"Dur\u00e9e de lecture estim\u00e9e":"3 minutes"},"schema":{"@context":"https:\/\/schema.org","@graph":[{"@type":"WebPage","@id":"https:\/\/www.ghostysky.com\/product\/rgb61\/","url":"https:\/\/www.ghostysky.com\/product\/rgb61\/","name":"Kit de charge utile Wingtra RGB61 - Ghostysky","isPartOf":{"@id":"https:\/\/www.ghostysky.com\/#website"},"primaryImageOfPage":{"@id":"https:\/\/www.ghostysky.com\/product\/rgb61\/#primaryimage"},"image":{"@id":"https:\/\/www.ghostysky.com\/product\/rgb61\/#primaryimage"},"thumbnailUrl":"https:\/\/www.ghostysky.com\/wp-content\/uploads\/2023\/08\/RGB61-Camera-Wingtra-1-scaled.webp","datePublished":"2020-06-29T09:33:11+00:00","dateModified":"2024-04-20T10:26:18+00:00","description":"La cam\u00e9ra RGB61 de Wingtra est un appareil avanc\u00e9 de capture d&#039;images projet\u00e9 sp\u00e9cifiquement pour les applications de cartographie a\u00e9rienne de haute pr\u00e9cision.","breadcrumb":{"@id":"https:\/\/www.ghostysky.com\/product\/rgb61\/#breadcrumb"},"inLanguage":"fr-FR","potentialAction":[{"@type":"ReadAction","target":["https:\/\/www.ghostysky.com\/product\/rgb61\/"]}]},{"@type":"ImageObject","inLanguage":"fr-FR","@id":"https:\/\/www.ghostysky.com\/product\/rgb61\/#primaryimage","url":"https:\/\/www.ghostysky.com\/wp-content\/uploads\/2023\/08\/RGB61-Camera-Wingtra-1-scaled.webp","contentUrl":"https:\/\/www.ghostysky.com\/wp-content\/uploads\/2023\/08\/RGB61-Camera-Wingtra-1-scaled.webp","width":2560,"height":1708},{"@type":"BreadcrumbList","@id":"https:\/\/www.ghostysky.com\/product\/rgb61\/#breadcrumb","itemListElement":[{"@type":"ListItem","position":1,"name":"Home","item":"https:\/\/www.ghostysky.com\/"},{"@type":"ListItem","position":2,"name":"Shop","item":"https:\/\/www.ghostysky.com\/shop\/"},{"@type":"ListItem","position":3,"name":"Wingtra RGB61 Payload kit"}]},{"@type":"WebSite","@id":"https:\/\/www.ghostysky.com\/#website","url":"https:\/\/www.ghostysky.com\/","name":"Ghostysky","description":"Livraison de drones et de services professionnels","publisher":{"@id":"https:\/\/www.ghostysky.com\/#organization"},"potentialAction":[{"@type":"SearchAction","target":{"@type":"EntryPoint","urlTemplate":"https:\/\/www.ghostysky.com\/?s={search_term_string}"},"query-input":{"@type":"PropertyValueSpecification","valueRequired":true,"valueName":"search_term_string"}}],"inLanguage":"fr-FR"},{"@type":"Organization","@id":"https:\/\/www.ghostysky.com\/#organization","name":"Ghostysky","url":"https:\/\/www.ghostysky.com\/","logo":{"@type":"ImageObject","inLanguage":"fr-FR","@id":"https:\/\/www.ghostysky.com\/#\/schema\/logo\/image\/","url":"https:\/\/www.ghostysky.com\/wp-content\/uploads\/2020\/06\/cropped-ghostyskylogo_text_white2.png","contentUrl":"https:\/\/www.ghostysky.com\/wp-content\/uploads\/2020\/06\/cropped-ghostyskylogo_text_white2.png","width":169,"height":56,"caption":"Ghostysky"},"image":{"@id":"https:\/\/www.ghostysky.com\/#\/schema\/logo\/image\/"},"sameAs":["https:\/\/www.facebook.com\/people\/Ghostysky\/100057676170234\/","https:\/\/x.com\/Gh0stysky","https:\/\/www.linkedin.com\/company\/34739653","https:\/\/www.instagram.com\/gh0stysky"]}]}},"_links":{"self":[{"href":"https:\/\/www.ghostysky.com\/fr\/wp-json\/wp\/v2\/product\/11439","targetHints":{"allow":["GET"]}}],"collection":[{"href":"https:\/\/www.ghostysky.com\/fr\/wp-json\/wp\/v2\/product"}],"about":[{"href":"https:\/\/www.ghostysky.com\/fr\/wp-json\/wp\/v2\/types\/product"}],"replies":[{"embeddable":true,"href":"https:\/\/www.ghostysky.com\/fr\/wp-json\/wp\/v2\/comments?post=11439"}],"version-history":[{"count":0,"href":"https:\/\/www.ghostysky.com\/fr\/wp-json\/wp\/v2\/product\/11439\/revisions"}],"wp:featuredmedia":[{"embeddable":true,"href":"https:\/\/www.ghostysky.com\/fr\/wp-json\/wp\/v2\/media\/12568"}],"wp:attachment":[{"href":"https:\/\/www.ghostysky.com\/fr\/wp-json\/wp\/v2\/media?parent=11439"}],"wp:term":[{"taxonomy":"product_brand","embeddable":true,"href":"https:\/\/www.ghostysky.com\/fr\/wp-json\/wp\/v2\/product_brand?post=11439"},{"taxonomy":"product_cat","embeddable":true,"href":"https:\/\/www.ghostysky.com\/fr\/wp-json\/wp\/v2\/product_cat?post=11439"},{"taxonomy":"product_tag","embeddable":true,"href":"https:\/\/www.ghostysky.com\/fr\/wp-json\/wp\/v2\/product_tag?post=11439"}],"curies":[{"name":"wp","href":"https:\/\/api.w.org\/{rel}","templated":true}]}}