{"id":11861,"date":"2023-08-02T18:42:24","date_gmt":"2023-08-02T18:42:24","guid":{"rendered":"https:\/\/www.ghostysky.com\/?post_type=product&#038;p=11861"},"modified":"2024-09-13T17:16:36","modified_gmt":"2024-09-13T17:16:36","slug":"agisoft-metashape-professional-node-locked-license-5-licenses-pack-for-one-end-user-copy","status":"publish","type":"product","link":"https:\/\/www.ghostysky.com\/fr\/product\/agisoft-metashape-professional-node-locked-license-5-licenses-pack-for-one-end-user-copy\/","title":{"rendered":"Agisoft Metashape Professional, licence Node-Locked, pack de 5 licences"},"content":{"rendered":"<p>POINTS FORTS DU PRODUIT<\/p>\n<div>\u2013 Triangulation photogramm\u00e9trique<\/div>\n<div>\u2013 G\u00e9n\u00e9ration de nuages de points denses<\/div>\n<div>\u2013 G\u00e9n\u00e9ration et texturation de mod\u00e8les 3D<\/div>\n<div>\u2013 Couture panoramique<\/div>\n<div>\u2013 Mod\u00e9lisation 4D pour sc\u00e8nes dynamiques<\/div>\n<div><\/div>\n<div><\/div>","protected":false},"excerpt":{"rendered":"<p><strong>Agisoft Metashape Professionnel<\/strong> Ce logiciel optimise les possibilit\u00e9s de la photogramm\u00e9trie. Il int\u00e8gre des technologies d&#039;apprentissage automatique pour l&#039;analyse et le post-traitement afin d&#039;obtenir des r\u00e9sultats d&#039;une pr\u00e9cision optimale. Licence perp\u00e9tuelle. Application de bureau avec licence fixe par n\u0153ud. Pack de 5 licences (1 appareil).<\/p>","protected":false},"featured_media":2454,"comment_status":"open","ping_status":"closed","template":"","meta":[],"product_brand":[],"product_cat":[172,31],"product_tag":[173,175,523,174,176,71],"class_list":{"0":"post-11861","1":"product","2":"type-product","3":"status-publish","4":"has-post-thumbnail","6":"product_cat-agisoft","7":"product_cat-software","8":"product_tag-agisoft","9":"product_tag-metashape","10":"product_tag-node-locked-license","11":"product_tag-photogrammetry","12":"product_tag-professional","13":"product_tag-software","15":"first","16":"instock","17":"taxable","18":"shipping-taxable","19":"product-type-simple"},"yoast_head":"<!-- This site is optimized with the Yoast SEO plugin v27.1.1 - https:\/\/yoast.com\/product\/yoast-seo-wordpress\/ -->\n<title>Agisoft Metashape Professional, Node-Locked license, 5 licenses pack<\/title>\n<meta name=\"description\" content=\"Agisoft Metashape Professional is software that maximizes the possibilities of photogrammetry. Agisoft Metashape Professional Node-Locked 5 licenses pack\" \/>\n<meta name=\"robots\" content=\"index, follow, max-snippet:-1, max-image-preview:large, max-video-preview:-1\" \/>\n<link rel=\"canonical\" href=\"https:\/\/www.ghostysky.com\/fr\/product\/agisoft-metashape-professional-node-locked-license-5-licenses-pack-for-one-end-user-copy\/\" \/>\n<meta property=\"og:locale\" content=\"fr_FR\" \/>\n<meta property=\"og:type\" content=\"article\" \/>\n<meta property=\"og:title\" content=\"Agisoft Metashape Professional, Node-Locked license, 5 licenses pack\" \/>\n<meta property=\"og:description\" content=\"Agisoft Metashape Professional is software that maximizes the possibilities of photogrammetry. Agisoft Metashape Professional Node-Locked 5 licenses pack\" \/>\n<meta property=\"og:url\" content=\"https:\/\/www.ghostysky.com\/fr\/product\/agisoft-metashape-professional-node-locked-license-5-licenses-pack-for-one-end-user-copy\/\" \/>\n<meta property=\"og:site_name\" content=\"Ghostysky\" \/>\n<meta property=\"article:publisher\" content=\"https:\/\/www.facebook.com\/people\/Ghostysky\/100057676170234\/\" \/>\n<meta property=\"article:modified_time\" content=\"2024-09-13T17:16:36+00:00\" \/>\n<meta property=\"og:image\" content=\"https:\/\/www.ghostysky.com\/wp-content\/uploads\/2021\/11\/Download-Agisoft-Metashape-Professional-1.7.jpg\" \/>\n\t<meta property=\"og:image:width\" content=\"470\" \/>\n\t<meta property=\"og:image:height\" content=\"470\" \/>\n\t<meta property=\"og:image:type\" content=\"image\/jpeg\" \/>\n<meta name=\"twitter:card\" content=\"summary_large_image\" \/>\n<meta name=\"twitter:site\" content=\"@Gh0stysky\" \/>\n<meta name=\"twitter:label1\" content=\"Dur\u00e9e de lecture estim\u00e9e\" \/>\n\t<meta name=\"twitter:data1\" content=\"1 minute\" \/>\n<script type=\"application\/ld+json\" class=\"yoast-schema-graph\">{\"@context\":\"https:\/\/schema.org\",\"@graph\":[{\"@type\":\"WebPage\",\"@id\":\"https:\/\/www.ghostysky.com\/product\/agisoft-metashape-professional-node-locked-license-5-licenses-pack-for-one-end-user-copy\/\",\"url\":\"https:\/\/www.ghostysky.com\/product\/agisoft-metashape-professional-node-locked-license-5-licenses-pack-for-one-end-user-copy\/\",\"name\":\"Agisoft Metashape Professional, Node-Locked license, 5 licenses pack\",\"isPartOf\":{\"@id\":\"https:\/\/www.ghostysky.com\/#website\"},\"primaryImageOfPage\":{\"@id\":\"https:\/\/www.ghostysky.com\/product\/agisoft-metashape-professional-node-locked-license-5-licenses-pack-for-one-end-user-copy\/#primaryimage\"},\"image\":{\"@id\":\"https:\/\/www.ghostysky.com\/product\/agisoft-metashape-professional-node-locked-license-5-licenses-pack-for-one-end-user-copy\/#primaryimage\"},\"thumbnailUrl\":\"https:\/\/www.ghostysky.com\/wp-content\/uploads\/2021\/11\/Download-Agisoft-Metashape-Professional-1.7.jpg\",\"datePublished\":\"2023-08-02T18:42:24+00:00\",\"dateModified\":\"2024-09-13T17:16:36+00:00\",\"description\":\"Agisoft Metashape Professional is software that maximizes the possibilities of photogrammetry. Agisoft Metashape Professional Node-Locked 5 licenses pack\",\"breadcrumb\":{\"@id\":\"https:\/\/www.ghostysky.com\/product\/agisoft-metashape-professional-node-locked-license-5-licenses-pack-for-one-end-user-copy\/#breadcrumb\"},\"inLanguage\":\"fr-FR\",\"potentialAction\":[{\"@type\":\"ReadAction\",\"target\":[\"https:\/\/www.ghostysky.com\/product\/agisoft-metashape-professional-node-locked-license-5-licenses-pack-for-one-end-user-copy\/\"]}]},{\"@type\":\"ImageObject\",\"inLanguage\":\"fr-FR\",\"@id\":\"https:\/\/www.ghostysky.com\/product\/agisoft-metashape-professional-node-locked-license-5-licenses-pack-for-one-end-user-copy\/#primaryimage\",\"url\":\"https:\/\/www.ghostysky.com\/wp-content\/uploads\/2021\/11\/Download-Agisoft-Metashape-Professional-1.7.jpg\",\"contentUrl\":\"https:\/\/www.ghostysky.com\/wp-content\/uploads\/2021\/11\/Download-Agisoft-Metashape-Professional-1.7.jpg\",\"width\":470,\"height\":470},{\"@type\":\"BreadcrumbList\",\"@id\":\"https:\/\/www.ghostysky.com\/product\/agisoft-metashape-professional-node-locked-license-5-licenses-pack-for-one-end-user-copy\/#breadcrumb\",\"itemListElement\":[{\"@type\":\"ListItem\",\"position\":1,\"name\":\"Home\",\"item\":\"https:\/\/www.ghostysky.com\/\"},{\"@type\":\"ListItem\",\"position\":2,\"name\":\"Shop\",\"item\":\"https:\/\/www.ghostysky.com\/shop\/\"},{\"@type\":\"ListItem\",\"position\":3,\"name\":\"Agisoft Metashape Professional, Node-Locked license, 5 licenses pack\"}]},{\"@type\":\"WebSite\",\"@id\":\"https:\/\/www.ghostysky.com\/#website\",\"url\":\"https:\/\/www.ghostysky.com\/\",\"name\":\"Ghostysky\",\"description\":\"Delivering professional drones and services\",\"publisher\":{\"@id\":\"https:\/\/www.ghostysky.com\/#organization\"},\"potentialAction\":[{\"@type\":\"SearchAction\",\"target\":{\"@type\":\"EntryPoint\",\"urlTemplate\":\"https:\/\/www.ghostysky.com\/?s={search_term_string}\"},\"query-input\":{\"@type\":\"PropertyValueSpecification\",\"valueRequired\":true,\"valueName\":\"search_term_string\"}}],\"inLanguage\":\"fr-FR\"},{\"@type\":\"Organization\",\"@id\":\"https:\/\/www.ghostysky.com\/#organization\",\"name\":\"Ghostysky\",\"url\":\"https:\/\/www.ghostysky.com\/\",\"logo\":{\"@type\":\"ImageObject\",\"inLanguage\":\"fr-FR\",\"@id\":\"https:\/\/www.ghostysky.com\/#\/schema\/logo\/image\/\",\"url\":\"https:\/\/www.ghostysky.com\/wp-content\/uploads\/2020\/06\/cropped-ghostyskylogo_text_white2.png\",\"contentUrl\":\"https:\/\/www.ghostysky.com\/wp-content\/uploads\/2020\/06\/cropped-ghostyskylogo_text_white2.png\",\"width\":169,\"height\":56,\"caption\":\"Ghostysky\"},\"image\":{\"@id\":\"https:\/\/www.ghostysky.com\/#\/schema\/logo\/image\/\"},\"sameAs\":[\"https:\/\/www.facebook.com\/people\/Ghostysky\/100057676170234\/\",\"https:\/\/x.com\/Gh0stysky\",\"https:\/\/www.linkedin.com\/company\/34739653\",\"https:\/\/www.instagram.com\/gh0stysky\"]}]}<\/script>\n<!-- \/ Yoast SEO plugin. -->","yoast_head_json":{"title":"Agisoft Metashape Professional, licence Node-Locked, pack de 5 licences","description":"Agisoft Metashape Professional est un logiciel qui optimise les possibilit\u00e9s de la photogramm\u00e9trie. Pack de 5 licences Agisoft Metashape Professional Node-Locked.","robots":{"index":"index","follow":"follow","max-snippet":"max-snippet:-1","max-image-preview":"max-image-preview:large","max-video-preview":"max-video-preview:-1"},"canonical":"https:\/\/www.ghostysky.com\/fr\/product\/agisoft-metashape-professional-node-locked-license-5-licenses-pack-for-one-end-user-copy\/","og_locale":"fr_FR","og_type":"article","og_title":"Agisoft Metashape Professional, Node-Locked license, 5 licenses pack","og_description":"Agisoft Metashape Professional is software that maximizes the possibilities of photogrammetry. Agisoft Metashape Professional Node-Locked 5 licenses pack","og_url":"https:\/\/www.ghostysky.com\/fr\/product\/agisoft-metashape-professional-node-locked-license-5-licenses-pack-for-one-end-user-copy\/","og_site_name":"Ghostysky","article_publisher":"https:\/\/www.facebook.com\/people\/Ghostysky\/100057676170234\/","article_modified_time":"2024-09-13T17:16:36+00:00","og_image":[{"width":470,"height":470,"url":"https:\/\/www.ghostysky.com\/wp-content\/uploads\/2021\/11\/Download-Agisoft-Metashape-Professional-1.7.jpg","type":"image\/jpeg"}],"twitter_card":"summary_large_image","twitter_site":"@Gh0stysky","twitter_misc":{"Dur\u00e9e de lecture estim\u00e9e":"1 minute"},"schema":{"@context":"https:\/\/schema.org","@graph":[{"@type":"WebPage","@id":"https:\/\/www.ghostysky.com\/product\/agisoft-metashape-professional-node-locked-license-5-licenses-pack-for-one-end-user-copy\/","url":"https:\/\/www.ghostysky.com\/product\/agisoft-metashape-professional-node-locked-license-5-licenses-pack-for-one-end-user-copy\/","name":"Agisoft Metashape Professional, licence Node-Locked, pack de 5 licences","isPartOf":{"@id":"https:\/\/www.ghostysky.com\/#website"},"primaryImageOfPage":{"@id":"https:\/\/www.ghostysky.com\/product\/agisoft-metashape-professional-node-locked-license-5-licenses-pack-for-one-end-user-copy\/#primaryimage"},"image":{"@id":"https:\/\/www.ghostysky.com\/product\/agisoft-metashape-professional-node-locked-license-5-licenses-pack-for-one-end-user-copy\/#primaryimage"},"thumbnailUrl":"https:\/\/www.ghostysky.com\/wp-content\/uploads\/2021\/11\/Download-Agisoft-Metashape-Professional-1.7.jpg","datePublished":"2023-08-02T18:42:24+00:00","dateModified":"2024-09-13T17:16:36+00:00","description":"Agisoft Metashape Professional est un logiciel qui optimise les possibilit\u00e9s de la photogramm\u00e9trie. Pack de 5 licences Agisoft Metashape Professional Node-Locked.","breadcrumb":{"@id":"https:\/\/www.ghostysky.com\/product\/agisoft-metashape-professional-node-locked-license-5-licenses-pack-for-one-end-user-copy\/#breadcrumb"},"inLanguage":"fr-FR","potentialAction":[{"@type":"ReadAction","target":["https:\/\/www.ghostysky.com\/product\/agisoft-metashape-professional-node-locked-license-5-licenses-pack-for-one-end-user-copy\/"]}]},{"@type":"ImageObject","inLanguage":"fr-FR","@id":"https:\/\/www.ghostysky.com\/product\/agisoft-metashape-professional-node-locked-license-5-licenses-pack-for-one-end-user-copy\/#primaryimage","url":"https:\/\/www.ghostysky.com\/wp-content\/uploads\/2021\/11\/Download-Agisoft-Metashape-Professional-1.7.jpg","contentUrl":"https:\/\/www.ghostysky.com\/wp-content\/uploads\/2021\/11\/Download-Agisoft-Metashape-Professional-1.7.jpg","width":470,"height":470},{"@type":"BreadcrumbList","@id":"https:\/\/www.ghostysky.com\/product\/agisoft-metashape-professional-node-locked-license-5-licenses-pack-for-one-end-user-copy\/#breadcrumb","itemListElement":[{"@type":"ListItem","position":1,"name":"Home","item":"https:\/\/www.ghostysky.com\/"},{"@type":"ListItem","position":2,"name":"Shop","item":"https:\/\/www.ghostysky.com\/shop\/"},{"@type":"ListItem","position":3,"name":"Agisoft Metashape Professional, Node-Locked license, 5 licenses pack"}]},{"@type":"WebSite","@id":"https:\/\/www.ghostysky.com\/#website","url":"https:\/\/www.ghostysky.com\/","name":"Ghostysky","description":"Livraison de drones et de services professionnels","publisher":{"@id":"https:\/\/www.ghostysky.com\/#organization"},"potentialAction":[{"@type":"SearchAction","target":{"@type":"EntryPoint","urlTemplate":"https:\/\/www.ghostysky.com\/?s={search_term_string}"},"query-input":{"@type":"PropertyValueSpecification","valueRequired":true,"valueName":"search_term_string"}}],"inLanguage":"fr-FR"},{"@type":"Organization","@id":"https:\/\/www.ghostysky.com\/#organization","name":"Ghostysky","url":"https:\/\/www.ghostysky.com\/","logo":{"@type":"ImageObject","inLanguage":"fr-FR","@id":"https:\/\/www.ghostysky.com\/#\/schema\/logo\/image\/","url":"https:\/\/www.ghostysky.com\/wp-content\/uploads\/2020\/06\/cropped-ghostyskylogo_text_white2.png","contentUrl":"https:\/\/www.ghostysky.com\/wp-content\/uploads\/2020\/06\/cropped-ghostyskylogo_text_white2.png","width":169,"height":56,"caption":"Ghostysky"},"image":{"@id":"https:\/\/www.ghostysky.com\/#\/schema\/logo\/image\/"},"sameAs":["https:\/\/www.facebook.com\/people\/Ghostysky\/100057676170234\/","https:\/\/x.com\/Gh0stysky","https:\/\/www.linkedin.com\/company\/34739653","https:\/\/www.instagram.com\/gh0stysky"]}]}},"_links":{"self":[{"href":"https:\/\/www.ghostysky.com\/fr\/wp-json\/wp\/v2\/product\/11861","targetHints":{"allow":["GET"]}}],"collection":[{"href":"https:\/\/www.ghostysky.com\/fr\/wp-json\/wp\/v2\/product"}],"about":[{"href":"https:\/\/www.ghostysky.com\/fr\/wp-json\/wp\/v2\/types\/product"}],"replies":[{"embeddable":true,"href":"https:\/\/www.ghostysky.com\/fr\/wp-json\/wp\/v2\/comments?post=11861"}],"wp:featuredmedia":[{"embeddable":true,"href":"https:\/\/www.ghostysky.com\/fr\/wp-json\/wp\/v2\/media\/2454"}],"wp:attachment":[{"href":"https:\/\/www.ghostysky.com\/fr\/wp-json\/wp\/v2\/media?parent=11861"}],"wp:term":[{"taxonomy":"product_brand","embeddable":true,"href":"https:\/\/www.ghostysky.com\/fr\/wp-json\/wp\/v2\/product_brand?post=11861"},{"taxonomy":"product_cat","embeddable":true,"href":"https:\/\/www.ghostysky.com\/fr\/wp-json\/wp\/v2\/product_cat?post=11861"},{"taxonomy":"product_tag","embeddable":true,"href":"https:\/\/www.ghostysky.com\/fr\/wp-json\/wp\/v2\/product_tag?post=11861"}],"curies":[{"name":"wp","href":"https:\/\/api.w.org\/{rel}","templated":true}]}}