{"id":11939,"date":"2023-08-03T21:51:40","date_gmt":"2023-08-03T21:51:40","guid":{"rendered":"https:\/\/www.ghostysky.com\/?post_type=product&#038;p=11939"},"modified":"2025-12-27T11:01:58","modified_gmt":"2025-12-27T11:01:58","slug":"dji-camera-protective-cover-and-gimbal-lock-for-mavic-pro-platinum","status":"publish","type":"product","link":"https:\/\/www.ghostysky.com\/fr\/product\/dji-camera-protective-cover-and-gimbal-lock-for-mavic-pro-platinum\/","title":{"rendered":"Housse de protection et verrou de nacelle pour cam\u00e9ra DJI pour Mavic Pro\/Platinum"},"content":{"rendered":"","protected":false},"excerpt":{"rendered":"<p>Con\u00e7u sp\u00e9cifiquement pour DJI Mavic Pro\/Platinum.<\/p>\n<p>Prot\u00e9gez le cardan et la cam\u00e9ra pendant le transport et le stockage.<\/p>\n<p>Facile \u00e0 installer et \u00e0 retirer.<\/p>\n<p><strong>Le forfait comprend:<\/strong><\/p>\n<ul>\n<li>1 x pince de verrouillage de cardan<\/li>\n<li>1 x Housse de cam\u00e9ra<\/li>\n<\/ul>\n<p>&nbsp;<\/p>","protected":false},"featured_media":11940,"comment_status":"open","ping_status":"closed","template":"","meta":[],"product_brand":[],"product_cat":[37,29,529],"product_tag":[42,531,251,530],"class_list":{"0":"post-11939","1":"product","2":"type-product","3":"status-publish","4":"has-post-thumbnail","6":"product_cat-dji","7":"product_cat-drones","8":"product_cat-other-accessories","9":"product_tag-dji","10":"product_tag-lock-gimbal","11":"product_tag-mavic-pro","12":"product_tag-protective-camera","14":"first","15":"instock","16":"taxable","17":"shipping-taxable","18":"purchasable","19":"product-type-simple"},"yoast_head":"<!-- This site is optimized with the Yoast SEO plugin v27.1.1 - https:\/\/yoast.com\/product\/yoast-seo-wordpress\/ -->\n<title>DJI camera protective cover and gimbal lock for Mavic Pro\/Platinum<\/title>\n<meta name=\"description\" content=\"Designed specifically for DJI Mavic Pro\/Platinum.Protect the gimbal and camera during transportation and storage.Easy to install and remove.\" \/>\n<meta name=\"robots\" content=\"index, follow, max-snippet:-1, max-image-preview:large, max-video-preview:-1\" \/>\n<link rel=\"canonical\" href=\"https:\/\/www.ghostysky.com\/fr\/product\/dji-camera-protective-cover-and-gimbal-lock-for-mavic-pro-platinum\/\" \/>\n<meta property=\"og:locale\" content=\"fr_FR\" \/>\n<meta property=\"og:type\" content=\"article\" \/>\n<meta property=\"og:title\" content=\"DJI camera protective cover and gimbal lock for Mavic Pro\/Platinum\" \/>\n<meta property=\"og:description\" content=\"Designed specifically for DJI Mavic Pro\/Platinum.Protect the gimbal and camera during transportation and storage.Easy to install and remove.\" \/>\n<meta property=\"og:url\" content=\"https:\/\/www.ghostysky.com\/fr\/product\/dji-camera-protective-cover-and-gimbal-lock-for-mavic-pro-platinum\/\" \/>\n<meta property=\"og:site_name\" content=\"Ghostysky\" \/>\n<meta property=\"article:publisher\" content=\"https:\/\/www.facebook.com\/people\/Ghostysky\/100057676170234\/\" \/>\n<meta property=\"article:modified_time\" content=\"2025-12-27T11:01:58+00:00\" \/>\n<meta property=\"og:image\" content=\"https:\/\/www.ghostysky.com\/wp-content\/uploads\/2023\/08\/Ghosty_MavicProGimbalProtectiveCover_LockClamp_5_1024x1024@2x.jpg\" \/>\n\t<meta property=\"og:image:width\" content=\"1000\" \/>\n\t<meta property=\"og:image:height\" content=\"1000\" \/>\n\t<meta property=\"og:image:type\" content=\"image\/jpeg\" \/>\n<meta name=\"twitter:card\" content=\"summary_large_image\" \/>\n<meta name=\"twitter:site\" content=\"@Gh0stysky\" \/>\n<script type=\"application\/ld+json\" class=\"yoast-schema-graph\">{\"@context\":\"https:\/\/schema.org\",\"@graph\":[{\"@type\":\"WebPage\",\"@id\":\"https:\/\/www.ghostysky.com\/product\/dji-camera-protective-cover-and-gimbal-lock-for-mavic-pro-platinum\/\",\"url\":\"https:\/\/www.ghostysky.com\/product\/dji-camera-protective-cover-and-gimbal-lock-for-mavic-pro-platinum\/\",\"name\":\"DJI camera protective cover and gimbal lock for Mavic Pro\/Platinum\",\"isPartOf\":{\"@id\":\"https:\/\/www.ghostysky.com\/#website\"},\"primaryImageOfPage\":{\"@id\":\"https:\/\/www.ghostysky.com\/product\/dji-camera-protective-cover-and-gimbal-lock-for-mavic-pro-platinum\/#primaryimage\"},\"image\":{\"@id\":\"https:\/\/www.ghostysky.com\/product\/dji-camera-protective-cover-and-gimbal-lock-for-mavic-pro-platinum\/#primaryimage\"},\"thumbnailUrl\":\"https:\/\/www.ghostysky.com\/wp-content\/uploads\/2023\/08\/Ghosty_MavicProGimbalProtectiveCover_LockClamp_5_1024x1024@2x.jpg\",\"datePublished\":\"2023-08-03T21:51:40+00:00\",\"dateModified\":\"2025-12-27T11:01:58+00:00\",\"description\":\"Designed specifically for DJI Mavic Pro\/Platinum.Protect the gimbal and camera during transportation and storage.Easy to install and remove.\",\"breadcrumb\":{\"@id\":\"https:\/\/www.ghostysky.com\/product\/dji-camera-protective-cover-and-gimbal-lock-for-mavic-pro-platinum\/#breadcrumb\"},\"inLanguage\":\"fr-FR\",\"potentialAction\":[{\"@type\":\"ReadAction\",\"target\":[\"https:\/\/www.ghostysky.com\/product\/dji-camera-protective-cover-and-gimbal-lock-for-mavic-pro-platinum\/\"]}]},{\"@type\":\"ImageObject\",\"inLanguage\":\"fr-FR\",\"@id\":\"https:\/\/www.ghostysky.com\/product\/dji-camera-protective-cover-and-gimbal-lock-for-mavic-pro-platinum\/#primaryimage\",\"url\":\"https:\/\/www.ghostysky.com\/wp-content\/uploads\/2023\/08\/Ghosty_MavicProGimbalProtectiveCover_LockClamp_5_1024x1024@2x.jpg\",\"contentUrl\":\"https:\/\/www.ghostysky.com\/wp-content\/uploads\/2023\/08\/Ghosty_MavicProGimbalProtectiveCover_LockClamp_5_1024x1024@2x.jpg\",\"width\":1000,\"height\":1000},{\"@type\":\"BreadcrumbList\",\"@id\":\"https:\/\/www.ghostysky.com\/product\/dji-camera-protective-cover-and-gimbal-lock-for-mavic-pro-platinum\/#breadcrumb\",\"itemListElement\":[{\"@type\":\"ListItem\",\"position\":1,\"name\":\"Home\",\"item\":\"https:\/\/www.ghostysky.com\/\"},{\"@type\":\"ListItem\",\"position\":2,\"name\":\"Shop\",\"item\":\"https:\/\/www.ghostysky.com\/shop\/\"},{\"@type\":\"ListItem\",\"position\":3,\"name\":\"DJI camera protective cover and gimbal lock for Mavic Pro\/Platinum\"}]},{\"@type\":\"WebSite\",\"@id\":\"https:\/\/www.ghostysky.com\/#website\",\"url\":\"https:\/\/www.ghostysky.com\/\",\"name\":\"Ghostysky\",\"description\":\"Delivering professional drones and services\",\"publisher\":{\"@id\":\"https:\/\/www.ghostysky.com\/#organization\"},\"potentialAction\":[{\"@type\":\"SearchAction\",\"target\":{\"@type\":\"EntryPoint\",\"urlTemplate\":\"https:\/\/www.ghostysky.com\/?s={search_term_string}\"},\"query-input\":{\"@type\":\"PropertyValueSpecification\",\"valueRequired\":true,\"valueName\":\"search_term_string\"}}],\"inLanguage\":\"fr-FR\"},{\"@type\":\"Organization\",\"@id\":\"https:\/\/www.ghostysky.com\/#organization\",\"name\":\"Ghostysky\",\"url\":\"https:\/\/www.ghostysky.com\/\",\"logo\":{\"@type\":\"ImageObject\",\"inLanguage\":\"fr-FR\",\"@id\":\"https:\/\/www.ghostysky.com\/#\/schema\/logo\/image\/\",\"url\":\"https:\/\/www.ghostysky.com\/wp-content\/uploads\/2020\/06\/cropped-ghostyskylogo_text_white2.png\",\"contentUrl\":\"https:\/\/www.ghostysky.com\/wp-content\/uploads\/2020\/06\/cropped-ghostyskylogo_text_white2.png\",\"width\":169,\"height\":56,\"caption\":\"Ghostysky\"},\"image\":{\"@id\":\"https:\/\/www.ghostysky.com\/#\/schema\/logo\/image\/\"},\"sameAs\":[\"https:\/\/www.facebook.com\/people\/Ghostysky\/100057676170234\/\",\"https:\/\/x.com\/Gh0stysky\",\"https:\/\/www.linkedin.com\/company\/34739653\",\"https:\/\/www.instagram.com\/gh0stysky\"]}]}<\/script>\n<!-- \/ Yoast SEO plugin. -->","yoast_head_json":{"title":"Housse de protection et verrou de nacelle pour cam\u00e9ra DJI pour Mavic Pro\/Platinum","description":"Con\u00e7u sp\u00e9cifiquement pour DJI Mavic Pro\/Platinum. Prot\u00e9gez le cardan et la cam\u00e9ra pendant le transport et le stockage. Facile \u00e0 installer et \u00e0 retirer.","robots":{"index":"index","follow":"follow","max-snippet":"max-snippet:-1","max-image-preview":"max-image-preview:large","max-video-preview":"max-video-preview:-1"},"canonical":"https:\/\/www.ghostysky.com\/fr\/product\/dji-camera-protective-cover-and-gimbal-lock-for-mavic-pro-platinum\/","og_locale":"fr_FR","og_type":"article","og_title":"DJI camera protective cover and gimbal lock for Mavic Pro\/Platinum","og_description":"Designed specifically for DJI Mavic Pro\/Platinum.Protect the gimbal and camera during transportation and storage.Easy to install and remove.","og_url":"https:\/\/www.ghostysky.com\/fr\/product\/dji-camera-protective-cover-and-gimbal-lock-for-mavic-pro-platinum\/","og_site_name":"Ghostysky","article_publisher":"https:\/\/www.facebook.com\/people\/Ghostysky\/100057676170234\/","article_modified_time":"2025-12-27T11:01:58+00:00","og_image":[{"width":1000,"height":1000,"url":"https:\/\/www.ghostysky.com\/wp-content\/uploads\/2023\/08\/Ghosty_MavicProGimbalProtectiveCover_LockClamp_5_1024x1024@2x.jpg","type":"image\/jpeg"}],"twitter_card":"summary_large_image","twitter_site":"@Gh0stysky","schema":{"@context":"https:\/\/schema.org","@graph":[{"@type":"WebPage","@id":"https:\/\/www.ghostysky.com\/product\/dji-camera-protective-cover-and-gimbal-lock-for-mavic-pro-platinum\/","url":"https:\/\/www.ghostysky.com\/product\/dji-camera-protective-cover-and-gimbal-lock-for-mavic-pro-platinum\/","name":"Housse de protection et verrou de nacelle pour cam\u00e9ra DJI pour Mavic Pro\/Platinum","isPartOf":{"@id":"https:\/\/www.ghostysky.com\/#website"},"primaryImageOfPage":{"@id":"https:\/\/www.ghostysky.com\/product\/dji-camera-protective-cover-and-gimbal-lock-for-mavic-pro-platinum\/#primaryimage"},"image":{"@id":"https:\/\/www.ghostysky.com\/product\/dji-camera-protective-cover-and-gimbal-lock-for-mavic-pro-platinum\/#primaryimage"},"thumbnailUrl":"https:\/\/www.ghostysky.com\/wp-content\/uploads\/2023\/08\/Ghosty_MavicProGimbalProtectiveCover_LockClamp_5_1024x1024@2x.jpg","datePublished":"2023-08-03T21:51:40+00:00","dateModified":"2025-12-27T11:01:58+00:00","description":"Con\u00e7u sp\u00e9cifiquement pour DJI Mavic Pro\/Platinum. Prot\u00e9gez le cardan et la cam\u00e9ra pendant le transport et le stockage. Facile \u00e0 installer et \u00e0 retirer.","breadcrumb":{"@id":"https:\/\/www.ghostysky.com\/product\/dji-camera-protective-cover-and-gimbal-lock-for-mavic-pro-platinum\/#breadcrumb"},"inLanguage":"fr-FR","potentialAction":[{"@type":"ReadAction","target":["https:\/\/www.ghostysky.com\/product\/dji-camera-protective-cover-and-gimbal-lock-for-mavic-pro-platinum\/"]}]},{"@type":"ImageObject","inLanguage":"fr-FR","@id":"https:\/\/www.ghostysky.com\/product\/dji-camera-protective-cover-and-gimbal-lock-for-mavic-pro-platinum\/#primaryimage","url":"https:\/\/www.ghostysky.com\/wp-content\/uploads\/2023\/08\/Ghosty_MavicProGimbalProtectiveCover_LockClamp_5_1024x1024@2x.jpg","contentUrl":"https:\/\/www.ghostysky.com\/wp-content\/uploads\/2023\/08\/Ghosty_MavicProGimbalProtectiveCover_LockClamp_5_1024x1024@2x.jpg","width":1000,"height":1000},{"@type":"BreadcrumbList","@id":"https:\/\/www.ghostysky.com\/product\/dji-camera-protective-cover-and-gimbal-lock-for-mavic-pro-platinum\/#breadcrumb","itemListElement":[{"@type":"ListItem","position":1,"name":"Home","item":"https:\/\/www.ghostysky.com\/"},{"@type":"ListItem","position":2,"name":"Shop","item":"https:\/\/www.ghostysky.com\/shop\/"},{"@type":"ListItem","position":3,"name":"DJI camera protective cover and gimbal lock for Mavic Pro\/Platinum"}]},{"@type":"WebSite","@id":"https:\/\/www.ghostysky.com\/#website","url":"https:\/\/www.ghostysky.com\/","name":"Ghostysky","description":"Livraison de drones et de services professionnels","publisher":{"@id":"https:\/\/www.ghostysky.com\/#organization"},"potentialAction":[{"@type":"SearchAction","target":{"@type":"EntryPoint","urlTemplate":"https:\/\/www.ghostysky.com\/?s={search_term_string}"},"query-input":{"@type":"PropertyValueSpecification","valueRequired":true,"valueName":"search_term_string"}}],"inLanguage":"fr-FR"},{"@type":"Organization","@id":"https:\/\/www.ghostysky.com\/#organization","name":"Ghostysky","url":"https:\/\/www.ghostysky.com\/","logo":{"@type":"ImageObject","inLanguage":"fr-FR","@id":"https:\/\/www.ghostysky.com\/#\/schema\/logo\/image\/","url":"https:\/\/www.ghostysky.com\/wp-content\/uploads\/2020\/06\/cropped-ghostyskylogo_text_white2.png","contentUrl":"https:\/\/www.ghostysky.com\/wp-content\/uploads\/2020\/06\/cropped-ghostyskylogo_text_white2.png","width":169,"height":56,"caption":"Ghostysky"},"image":{"@id":"https:\/\/www.ghostysky.com\/#\/schema\/logo\/image\/"},"sameAs":["https:\/\/www.facebook.com\/people\/Ghostysky\/100057676170234\/","https:\/\/x.com\/Gh0stysky","https:\/\/www.linkedin.com\/company\/34739653","https:\/\/www.instagram.com\/gh0stysky"]}]}},"_links":{"self":[{"href":"https:\/\/www.ghostysky.com\/fr\/wp-json\/wp\/v2\/product\/11939","targetHints":{"allow":["GET"]}}],"collection":[{"href":"https:\/\/www.ghostysky.com\/fr\/wp-json\/wp\/v2\/product"}],"about":[{"href":"https:\/\/www.ghostysky.com\/fr\/wp-json\/wp\/v2\/types\/product"}],"replies":[{"embeddable":true,"href":"https:\/\/www.ghostysky.com\/fr\/wp-json\/wp\/v2\/comments?post=11939"}],"wp:featuredmedia":[{"embeddable":true,"href":"https:\/\/www.ghostysky.com\/fr\/wp-json\/wp\/v2\/media\/11940"}],"wp:attachment":[{"href":"https:\/\/www.ghostysky.com\/fr\/wp-json\/wp\/v2\/media?parent=11939"}],"wp:term":[{"taxonomy":"product_brand","embeddable":true,"href":"https:\/\/www.ghostysky.com\/fr\/wp-json\/wp\/v2\/product_brand?post=11939"},{"taxonomy":"product_cat","embeddable":true,"href":"https:\/\/www.ghostysky.com\/fr\/wp-json\/wp\/v2\/product_cat?post=11939"},{"taxonomy":"product_tag","embeddable":true,"href":"https:\/\/www.ghostysky.com\/fr\/wp-json\/wp\/v2\/product_tag?post=11939"}],"curies":[{"name":"wp","href":"https:\/\/api.w.org\/{rel}","templated":true}]}}