{"id":11975,"date":"2023-08-04T17:45:18","date_gmt":"2023-08-04T17:45:18","guid":{"rendered":"https:\/\/www.ghostysky.com\/?post_type=product&#038;p=11975"},"modified":"2024-05-26T09:39:22","modified_gmt":"2024-05-26T09:39:22","slug":"dji-mavic-3-series-fly-more-kit","status":"publish","type":"product","link":"https:\/\/www.ghostysky.com\/fr\/product\/dji-mavic-3-series-fly-more-kit\/","title":{"rendered":"Kit Fly More pour la s\u00e9rie DJI Mavic 3"},"content":{"rendered":"<h3 class=\"style__title___PyMSD\">Regardez de plus pr\u00e8s<\/h3>\n<div class=\"style__body___hRZQQ layout-top-bottom section-container\">\n<article id=\"overview\" class=\"style__tab-content-item___feY-i style__overview-item___+Ra5W style__content-layout-show-hide___dH5fd style__active___z2rnN\">\n<div class=\"style__content-container___5Yesm\">\n<div>\n<div>\n<div class=\"product-detail-temp-specs\">\n<div class=\"temp-specs-table\">\n<div class=\"temp-specs-tbody\">\n<div class=\"temp-specs-tr\">\n<div class=\"temp-specs-td name\"><strong>Aper\u00e7u<\/strong><\/div>\n<div class=\"temp-specs-td value\">\n<p>Le kit DJI Mavic 3 Fly More comprend deux batteries de vol intelligentes, un concentrateur de charge de batterie de 100 W, un chargeur de voiture de 65 W, un sac de transport convertible et des h\u00e9lices \u00e0 faible bruit, offrant un support complet pour votre exp\u00e9rience de photographie a\u00e9rienne \u00e0 un meilleur prix que l&#039;achat de ces articles s\u00e9par\u00e9ment.<\/p>\n<p><em>1. Batterie de vol intelligente : une batterie de vol intelligente offre une dur\u00e9e de vol maximale de 46 minutes*, vous permettant d&#039;explorer davantage votre environnement et de voler avec une plus grande tranquillit\u00e9 d&#039;esprit.<\/em><\/p>\n<p><em>2. Station de charge de batterie 100 W\u00a0: \u00e9tend l&#039;interface de charge \u00e0 trois. Cette station am\u00e9liore l&#039;efficacit\u00e9 en chargeant les batteries s\u00e9quentiellement en fonction de leur niveau de charge restant, les batteries les plus charg\u00e9es \u00e9tant aliment\u00e9es en priorit\u00e9.<\/em><\/p>\n<p><em>3. Chargeur de voiture 65 W\u00a0: Indispensable en d\u00e9placement, ce chargeur de voiture 65 W permet de recharger diff\u00e9rents appareils en voiture. Il offre une puissance de sortie stable de 65 W et deux ports de sortie (USB-C et USB-A) pour charger simultan\u00e9ment la batterie de vol intelligente et la t\u00e9l\u00e9commande. Il prend \u00e9galement en charge les protocoles PPS et PD pour recharger votre smartphone, votre ordinateur portable et d&#039;autres appareils.<\/em><\/p>\n<p><em>4. H\u00e9lices \u00e0 faible bruit : chaque pale d&#039;h\u00e9lice a \u00e9t\u00e9 soumise \u00e0 des tests d&#039;\u00e9quilibrage dynamique pr\u00e9cis pour augmenter l&#039;efficacit\u00e9 a\u00e9rodynamique et produire moins de bruit.<\/em><\/p>\n<p><em>5. Sac de transport convertible : ce sac bien con\u00e7u peut \u00eatre utilis\u00e9 comme sac \u00e0 bandouli\u00e8re ou comme sac \u00e0 dos pour r\u00e9pondre \u00e0 vos besoins lors de courts voyages.<\/em><\/p>\n<\/div>\n<\/div>\n<div class=\"temp-specs-tr\">\n<div class=\"temp-specs-td name\">Conseils<\/div>\n<div class=\"temp-specs-td value\">\n<p>* Mesures effectu\u00e9es avec le Mavic 3 Classic volant \u00e0 une vitesse constante de 32,4 km\/h dans un environnement sans vent au niveau de la mer jusqu&#039;\u00e0 ce que la batterie atteigne 0%. Ces donn\u00e9es sont donn\u00e9es \u00e0 titre indicatif uniquement.<\/p>\n<\/div>\n<\/div>\n<div class=\"temp-specs-tr\">\n<div class=\"temp-specs-td name\"><strong>Dans la bo\u00eete<\/strong><\/div>\n<div class=\"temp-specs-td value\">\n<ul>\n<li>Batterie de vol intelligente DJI Mavic 3 \u00d7 2<\/li>\n<li>Station de charge de batterie DJI Mavic 3 100 W \u00d7 1<\/li>\n<li>Chargeur de voiture DJI 65 W \u00d7 1<\/li>\n<li>H\u00e9lices \u00e0 faible bruit DJI Mavic 3 (paire) \u00d7 3<\/li>\n<li>Sac de transport convertible DJI \u00d7 1<\/li>\n<\/ul>\n<\/div>\n<\/div>\n<div class=\"temp-specs-tr\">\n<div class=\"temp-specs-td name\"><strong>Compatibilit\u00e9<\/strong><\/div>\n<div class=\"temp-specs-td value\">\n<ul>\n<li>DJI Mavic 3 Classique<\/li>\n<li>DJI Mavic 3<\/li>\n<li>DJI Mavic 3 Cin\u00e9<\/li>\n<\/ul>\n<\/div>\n<\/div>\n<\/div>\n<\/div>\n<\/div>\n<\/div>\n<\/div>\n<\/div>\n<\/article>\n<\/div>","protected":false},"excerpt":{"rendered":"<p>Achetez ensemble et \u00e9conomisez. Comprend deux batteries, une station de charge de 100 W, un chargeur de voiture de 65 W, un sac de transport convertible et des h\u00e9lices.<\/p>","protected":false},"featured_media":11977,"comment_status":"open","ping_status":"closed","template":"","meta":[],"product_brand":[],"product_cat":[430,781,785,752,37,429,29,779,784],"product_tag":[535,435],"class_list":{"0":"post-11975","1":"product","2":"type-product","3":"status-publish","4":"has-post-thumbnail","6":"product_cat-accessories-dji-mavic3-ent","7":"product_cat-accessories-mavic-3-classic","8":"product_cat-accessories-mavic-3-pro","9":"product_cat-aerial-photography","10":"product_cat-dji","11":"product_cat-dji-mavic3-ent","12":"product_cat-drones","13":"product_cat-mavic-3-classic","14":"product_cat-mavic-3-pro","15":"product_tag-dji-mavic-3-series-fly-more-kit","16":"product_tag-dji-mavic3-accessories","18":"first","19":"instock","20":"taxable","21":"shipping-taxable","22":"purchasable","23":"product-type-simple"},"yoast_head":"<!-- This site is optimized with the Yoast SEO plugin v27.4 - https:\/\/yoast.com\/product\/yoast-seo-wordpress\/ -->\n<title>DJI Mavic 3 Series Fly More Kit<\/title>\n<meta name=\"description\" content=\"The DJI Mavic 3 Fly More Kit includes two Intelligent Flight Batteries, a 100W Battery Charging Hub, a 65W Car Charger, a Convertible Carrying Bag, and Low-Noise Propellers, providing comprehensive support for your aerial photography experience at a better price than buying these items separately.\" \/>\n<meta name=\"robots\" content=\"index, follow, max-snippet:-1, max-image-preview:large, max-video-preview:-1\" \/>\n<link rel=\"canonical\" href=\"https:\/\/www.ghostysky.com\/fr\/product\/dji-mavic-3-series-fly-more-kit\/\" \/>\n<meta property=\"og:locale\" content=\"fr_FR\" \/>\n<meta property=\"og:type\" content=\"article\" \/>\n<meta property=\"og:title\" content=\"DJI Mavic 3 Series Fly More Kit\" \/>\n<meta property=\"og:description\" content=\"The DJI Mavic 3 Fly More Kit includes two Intelligent Flight Batteries, a 100W Battery Charging Hub, a 65W Car Charger, a Convertible Carrying Bag, and Low-Noise Propellers, providing comprehensive support for your aerial photography experience at a better price than buying these items separately.\" \/>\n<meta property=\"og:url\" content=\"https:\/\/www.ghostysky.com\/fr\/product\/dji-mavic-3-series-fly-more-kit\/\" \/>\n<meta property=\"og:site_name\" content=\"Ghostysky\" \/>\n<meta property=\"article:publisher\" content=\"https:\/\/www.facebook.com\/people\/Ghostysky\/100057676170234\/\" \/>\n<meta property=\"article:modified_time\" content=\"2024-05-26T09:39:22+00:00\" \/>\n<meta property=\"og:image\" content=\"https:\/\/www.ghostysky.com\/wp-content\/uploads\/2023\/08\/DJI-Fly-More-Kit-scaled.jpg\" \/>\n\t<meta property=\"og:image:width\" content=\"2560\" \/>\n\t<meta property=\"og:image:height\" content=\"1707\" \/>\n\t<meta property=\"og:image:type\" content=\"image\/jpeg\" \/>\n<meta name=\"twitter:card\" content=\"summary_large_image\" \/>\n<meta name=\"twitter:site\" content=\"@Gh0stysky\" \/>\n<meta name=\"twitter:label1\" content=\"Dur\u00e9e de lecture estim\u00e9e\" \/>\n\t<meta name=\"twitter:data1\" content=\"2 minutes\" \/>\n<script type=\"application\/ld+json\" class=\"yoast-schema-graph\">{\"@context\":\"https:\\\/\\\/schema.org\",\"@graph\":[{\"@type\":\"WebPage\",\"@id\":\"https:\\\/\\\/www.ghostysky.com\\\/product\\\/dji-mavic-3-series-fly-more-kit\\\/\",\"url\":\"https:\\\/\\\/www.ghostysky.com\\\/product\\\/dji-mavic-3-series-fly-more-kit\\\/\",\"name\":\"DJI Mavic 3 Series Fly More Kit\",\"isPartOf\":{\"@id\":\"https:\\\/\\\/www.ghostysky.com\\\/#website\"},\"primaryImageOfPage\":{\"@id\":\"https:\\\/\\\/www.ghostysky.com\\\/product\\\/dji-mavic-3-series-fly-more-kit\\\/#primaryimage\"},\"image\":{\"@id\":\"https:\\\/\\\/www.ghostysky.com\\\/product\\\/dji-mavic-3-series-fly-more-kit\\\/#primaryimage\"},\"thumbnailUrl\":\"https:\\\/\\\/www.ghostysky.com\\\/wp-content\\\/uploads\\\/2023\\\/08\\\/DJI-Fly-More-Kit-scaled.jpg\",\"datePublished\":\"2023-08-04T17:45:18+00:00\",\"dateModified\":\"2024-05-26T09:39:22+00:00\",\"description\":\"The DJI Mavic 3 Fly More Kit includes two Intelligent Flight Batteries, a 100W Battery Charging Hub, a 65W Car Charger, a Convertible Carrying Bag, and Low-Noise Propellers, providing comprehensive support for your aerial photography experience at a better price than buying these items separately.\",\"breadcrumb\":{\"@id\":\"https:\\\/\\\/www.ghostysky.com\\\/product\\\/dji-mavic-3-series-fly-more-kit\\\/#breadcrumb\"},\"inLanguage\":\"fr-FR\",\"potentialAction\":[{\"@type\":\"ReadAction\",\"target\":[\"https:\\\/\\\/www.ghostysky.com\\\/product\\\/dji-mavic-3-series-fly-more-kit\\\/\"]}]},{\"@type\":\"ImageObject\",\"inLanguage\":\"fr-FR\",\"@id\":\"https:\\\/\\\/www.ghostysky.com\\\/product\\\/dji-mavic-3-series-fly-more-kit\\\/#primaryimage\",\"url\":\"https:\\\/\\\/www.ghostysky.com\\\/wp-content\\\/uploads\\\/2023\\\/08\\\/DJI-Fly-More-Kit-scaled.jpg\",\"contentUrl\":\"https:\\\/\\\/www.ghostysky.com\\\/wp-content\\\/uploads\\\/2023\\\/08\\\/DJI-Fly-More-Kit-scaled.jpg\",\"width\":2560,\"height\":1707},{\"@type\":\"BreadcrumbList\",\"@id\":\"https:\\\/\\\/www.ghostysky.com\\\/product\\\/dji-mavic-3-series-fly-more-kit\\\/#breadcrumb\",\"itemListElement\":[{\"@type\":\"ListItem\",\"position\":1,\"name\":\"Home\",\"item\":\"https:\\\/\\\/www.ghostysky.com\\\/\"},{\"@type\":\"ListItem\",\"position\":2,\"name\":\"Shop\",\"item\":\"https:\\\/\\\/www.ghostysky.com\\\/shop\\\/\"},{\"@type\":\"ListItem\",\"position\":3,\"name\":\"DJI Mavic 3 Series Fly More Kit\"}]},{\"@type\":\"WebSite\",\"@id\":\"https:\\\/\\\/www.ghostysky.com\\\/#website\",\"url\":\"https:\\\/\\\/www.ghostysky.com\\\/\",\"name\":\"Ghostysky\",\"description\":\"Delivering professional drones and robotics solutions\",\"publisher\":{\"@id\":\"https:\\\/\\\/www.ghostysky.com\\\/#organization\"},\"potentialAction\":[{\"@type\":\"SearchAction\",\"target\":{\"@type\":\"EntryPoint\",\"urlTemplate\":\"https:\\\/\\\/www.ghostysky.com\\\/?s={search_term_string}\"},\"query-input\":{\"@type\":\"PropertyValueSpecification\",\"valueRequired\":true,\"valueName\":\"search_term_string\"}}],\"inLanguage\":\"fr-FR\"},{\"@type\":\"Organization\",\"@id\":\"https:\\\/\\\/www.ghostysky.com\\\/#organization\",\"name\":\"Ghostysky\",\"url\":\"https:\\\/\\\/www.ghostysky.com\\\/\",\"logo\":{\"@type\":\"ImageObject\",\"inLanguage\":\"fr-FR\",\"@id\":\"https:\\\/\\\/www.ghostysky.com\\\/#\\\/schema\\\/logo\\\/image\\\/\",\"url\":\"https:\\\/\\\/www.ghostysky.com\\\/wp-content\\\/uploads\\\/2020\\\/06\\\/cropped-ghostyskylogo_text_white2.png\",\"contentUrl\":\"https:\\\/\\\/www.ghostysky.com\\\/wp-content\\\/uploads\\\/2020\\\/06\\\/cropped-ghostyskylogo_text_white2.png\",\"width\":169,\"height\":56,\"caption\":\"Ghostysky\"},\"image\":{\"@id\":\"https:\\\/\\\/www.ghostysky.com\\\/#\\\/schema\\\/logo\\\/image\\\/\"},\"sameAs\":[\"https:\\\/\\\/www.facebook.com\\\/people\\\/Ghostysky\\\/100057676170234\\\/\",\"https:\\\/\\\/x.com\\\/Gh0stysky\",\"https:\\\/\\\/www.linkedin.com\\\/company\\\/34739653\",\"https:\\\/\\\/www.instagram.com\\\/gh0stysky\"]}]}<\/script>\n<!-- \/ Yoast SEO plugin. -->","yoast_head_json":{"title":"Kit Fly More pour la s\u00e9rie DJI Mavic 3","description":"Le kit DJI Mavic 3 Fly More comprend deux batteries de vol intelligentes, un concentrateur de charge de batterie de 100 W, un chargeur de voiture de 65 W, un sac de transport convertible et des h\u00e9lices \u00e0 faible bruit, offrant un support complet pour votre exp\u00e9rience de photographie a\u00e9rienne \u00e0 un meilleur prix que l&#039;achat de ces articles s\u00e9par\u00e9ment.","robots":{"index":"index","follow":"follow","max-snippet":"max-snippet:-1","max-image-preview":"max-image-preview:large","max-video-preview":"max-video-preview:-1"},"canonical":"https:\/\/www.ghostysky.com\/fr\/product\/dji-mavic-3-series-fly-more-kit\/","og_locale":"fr_FR","og_type":"article","og_title":"DJI Mavic 3 Series Fly More Kit","og_description":"The DJI Mavic 3 Fly More Kit includes two Intelligent Flight Batteries, a 100W Battery Charging Hub, a 65W Car Charger, a Convertible Carrying Bag, and Low-Noise Propellers, providing comprehensive support for your aerial photography experience at a better price than buying these items separately.","og_url":"https:\/\/www.ghostysky.com\/fr\/product\/dji-mavic-3-series-fly-more-kit\/","og_site_name":"Ghostysky","article_publisher":"https:\/\/www.facebook.com\/people\/Ghostysky\/100057676170234\/","article_modified_time":"2024-05-26T09:39:22+00:00","og_image":[{"width":2560,"height":1707,"url":"https:\/\/www.ghostysky.com\/wp-content\/uploads\/2023\/08\/DJI-Fly-More-Kit-scaled.jpg","type":"image\/jpeg"}],"twitter_card":"summary_large_image","twitter_site":"@Gh0stysky","twitter_misc":{"Dur\u00e9e de lecture estim\u00e9e":"2 minutes"},"schema":{"@context":"https:\/\/schema.org","@graph":[{"@type":"WebPage","@id":"https:\/\/www.ghostysky.com\/product\/dji-mavic-3-series-fly-more-kit\/","url":"https:\/\/www.ghostysky.com\/product\/dji-mavic-3-series-fly-more-kit\/","name":"Kit Fly More pour la s\u00e9rie DJI Mavic 3","isPartOf":{"@id":"https:\/\/www.ghostysky.com\/#website"},"primaryImageOfPage":{"@id":"https:\/\/www.ghostysky.com\/product\/dji-mavic-3-series-fly-more-kit\/#primaryimage"},"image":{"@id":"https:\/\/www.ghostysky.com\/product\/dji-mavic-3-series-fly-more-kit\/#primaryimage"},"thumbnailUrl":"https:\/\/www.ghostysky.com\/wp-content\/uploads\/2023\/08\/DJI-Fly-More-Kit-scaled.jpg","datePublished":"2023-08-04T17:45:18+00:00","dateModified":"2024-05-26T09:39:22+00:00","description":"Le kit DJI Mavic 3 Fly More comprend deux batteries de vol intelligentes, un concentrateur de charge de batterie de 100 W, un chargeur de voiture de 65 W, un sac de transport convertible et des h\u00e9lices \u00e0 faible bruit, offrant un support complet pour votre exp\u00e9rience de photographie a\u00e9rienne \u00e0 un meilleur prix que l&#039;achat de ces articles s\u00e9par\u00e9ment.","breadcrumb":{"@id":"https:\/\/www.ghostysky.com\/product\/dji-mavic-3-series-fly-more-kit\/#breadcrumb"},"inLanguage":"fr-FR","potentialAction":[{"@type":"ReadAction","target":["https:\/\/www.ghostysky.com\/product\/dji-mavic-3-series-fly-more-kit\/"]}]},{"@type":"ImageObject","inLanguage":"fr-FR","@id":"https:\/\/www.ghostysky.com\/product\/dji-mavic-3-series-fly-more-kit\/#primaryimage","url":"https:\/\/www.ghostysky.com\/wp-content\/uploads\/2023\/08\/DJI-Fly-More-Kit-scaled.jpg","contentUrl":"https:\/\/www.ghostysky.com\/wp-content\/uploads\/2023\/08\/DJI-Fly-More-Kit-scaled.jpg","width":2560,"height":1707},{"@type":"BreadcrumbList","@id":"https:\/\/www.ghostysky.com\/product\/dji-mavic-3-series-fly-more-kit\/#breadcrumb","itemListElement":[{"@type":"ListItem","position":1,"name":"Home","item":"https:\/\/www.ghostysky.com\/"},{"@type":"ListItem","position":2,"name":"Shop","item":"https:\/\/www.ghostysky.com\/shop\/"},{"@type":"ListItem","position":3,"name":"DJI Mavic 3 Series Fly More Kit"}]},{"@type":"WebSite","@id":"https:\/\/www.ghostysky.com\/#website","url":"https:\/\/www.ghostysky.com\/","name":"Ghostysky","description":"Fourniture de solutions professionnelles en mati\u00e8re de drones et de robotique","publisher":{"@id":"https:\/\/www.ghostysky.com\/#organization"},"potentialAction":[{"@type":"SearchAction","target":{"@type":"EntryPoint","urlTemplate":"https:\/\/www.ghostysky.com\/?s={search_term_string}"},"query-input":{"@type":"PropertyValueSpecification","valueRequired":true,"valueName":"search_term_string"}}],"inLanguage":"fr-FR"},{"@type":"Organization","@id":"https:\/\/www.ghostysky.com\/#organization","name":"Ghostysky","url":"https:\/\/www.ghostysky.com\/","logo":{"@type":"ImageObject","inLanguage":"fr-FR","@id":"https:\/\/www.ghostysky.com\/#\/schema\/logo\/image\/","url":"https:\/\/www.ghostysky.com\/wp-content\/uploads\/2020\/06\/cropped-ghostyskylogo_text_white2.png","contentUrl":"https:\/\/www.ghostysky.com\/wp-content\/uploads\/2020\/06\/cropped-ghostyskylogo_text_white2.png","width":169,"height":56,"caption":"Ghostysky"},"image":{"@id":"https:\/\/www.ghostysky.com\/#\/schema\/logo\/image\/"},"sameAs":["https:\/\/www.facebook.com\/people\/Ghostysky\/100057676170234\/","https:\/\/x.com\/Gh0stysky","https:\/\/www.linkedin.com\/company\/34739653","https:\/\/www.instagram.com\/gh0stysky"]}]}},"_links":{"self":[{"href":"https:\/\/www.ghostysky.com\/fr\/wp-json\/wp\/v2\/product\/11975","targetHints":{"allow":["GET"]}}],"collection":[{"href":"https:\/\/www.ghostysky.com\/fr\/wp-json\/wp\/v2\/product"}],"about":[{"href":"https:\/\/www.ghostysky.com\/fr\/wp-json\/wp\/v2\/types\/product"}],"replies":[{"embeddable":true,"href":"https:\/\/www.ghostysky.com\/fr\/wp-json\/wp\/v2\/comments?post=11975"}],"version-history":[{"count":0,"href":"https:\/\/www.ghostysky.com\/fr\/wp-json\/wp\/v2\/product\/11975\/revisions"}],"wp:featuredmedia":[{"embeddable":true,"href":"https:\/\/www.ghostysky.com\/fr\/wp-json\/wp\/v2\/media\/11977"}],"wp:attachment":[{"href":"https:\/\/www.ghostysky.com\/fr\/wp-json\/wp\/v2\/media?parent=11975"}],"wp:term":[{"taxonomy":"product_brand","embeddable":true,"href":"https:\/\/www.ghostysky.com\/fr\/wp-json\/wp\/v2\/product_brand?post=11975"},{"taxonomy":"product_cat","embeddable":true,"href":"https:\/\/www.ghostysky.com\/fr\/wp-json\/wp\/v2\/product_cat?post=11975"},{"taxonomy":"product_tag","embeddable":true,"href":"https:\/\/www.ghostysky.com\/fr\/wp-json\/wp\/v2\/product_tag?post=11975"}],"curies":[{"name":"wp","href":"https:\/\/api.w.org\/{rel}","templated":true}]}}