{"id":1199,"date":"2020-06-29T08:03:30","date_gmt":"2020-06-29T08:03:30","guid":{"rendered":"http:\/\/stghosty.pt\/?post_type=product&#038;p=1199"},"modified":"2024-01-08T11:24:33","modified_gmt":"2024-01-08T11:24:33","slug":"wingtraone-vtol","status":"publish","type":"product","link":"https:\/\/www.ghostysky.com\/fr\/product\/wingtraone-vtol\/","title":{"rendered":"Avion VTOL WingtraOne GENII"},"content":{"rendered":"<p>Le Wingtra GENII PPK VTOL est un drone \u00e0 voilure fixe enti\u00e8rement autonome, sp\u00e9cialement con\u00e7u pour les lev\u00e9s topographiques longue distance. Enti\u00e8rement autonome, le Wingtra permet de planifier un vol gr\u00e2ce au logiciel intelligent WingtraPilot. D&#039;une simple pression sur un bouton, le Wingtra d\u00e9colle et capture automatiquement les donn\u00e9es topographiques.<\/p>\n<p class=\"translation-block\">Par exemple, en un seul vol d&#039;une heure, le WingtraOne peut couvrir 130 ha (320 ac), ce qui \u00e9quivaut \u00e0 240 terrains de football et fournir des cartes \u00e0 des GSD inf\u00e9rieurs \u00e0 1 cm\/px (0,4 in\/px) avec une pr\u00e9cision absolue jusqu&#039;\u00e0 1 cm (0,4 in).<br> Contrairement aux autres drones \u00e0 voilure fixe, le WingraOne peut d\u00e9coller verticalement comme un quadricopt\u00e8re, m\u00eame sur terrain difficile. Il n&#039;est donc plus n\u00e9cessaire de lancer l&#039;appareil \u00e0 la main ni d&#039;utiliser des catapultes, ce qui fait du Wingra la solution id\u00e9ale pour les zones de d\u00e9collage exigu\u00ebs.<\/p>\n<p>Capable de voler jusqu&#039;\u00e0 59 minutes, le Wingtra est con\u00e7u pour couvrir de longues distances, jusqu&#039;\u00e0 400 ha \u00e0 3 cm\/px. Le VTOL Wingtra est compatible avec diverses charges utiles, notamment le Sony QX1, le Sony RX1RII et le Micasense RedEdge.<br \/>\n<br style=\"\u201cline-height: 1;\" \/><strong>Statistiques cl\u00e9s de pr\u00e9cision\u00a0:<\/strong><\/p>\n<ul>\n<li>Jusqu&#039;\u00e0 0,7 cm\/px GSD<\/li>\n<li>Pr\u00e9cision absolue jusqu&#039;\u00e0 1 cm<\/li>\n<li>Couvre 400 ha \u00e0 3 cm\/px GSD<\/li>\n<li>Sans intervention : vraiment s\u00fbr et facile \u00e0 utiliser<\/li>\n<\/ul>\n<p><strong>Le Wingtra VTOL convient aux applications suivantes :<\/strong><\/p>\n<ul>\n<li>Arpentage<\/li>\n<li>L&#039;agriculture de pr\u00e9cision<\/li>\n<li>Inspection des infrastructures<\/li>\n<\/ul>\n<h4>Contenu<\/h4>\n<ul>\n<li>x1 drone WingtraOne GEN II<\/li>\n<li>x1 Housse de transport<\/li>\n<li>x1 Mallette de transport pour accessoires (bo\u00eete pilote)<\/li>\n<li>x1 Tablette incluant le logiciel de planification de vol WingtraPilot<\/li>\n<li>x1 Module de t\u00e9l\u00e9m\u00e9trie (2,4 GHz)<\/li>\n<li>x2 paires de piles<\/li>\n<li>x1 Station de recharge<\/li>\n<li>x1 An\u00e9mom\u00e8tre<\/li>\n<li>x1 adaptateur de carte SD<\/li>\n<li>x1 lecteur de carte Micro SD<\/li>\n<li>x1 Paire de b\u00e9quilles lat\u00e9rales<\/li>\n<li>x1 vSupport central<\/li>\n<li>x1 tournevis Torx T10<\/li>\n<li>x1 cl\u00e9 Torx T10<\/li>\n<\/ul>","protected":false},"excerpt":{"rendered":"<p>Le WingtraOne GENII est un drone de topographie professionnel \u00e0 d\u00e9collage et atterrissage verticaux (VTOL). Ses fonctionnalit\u00e9s uniques vous permettent de minimiser votre temps de vol et d&#039;\u00eatre plus productif, qu&#039;il s&#039;agisse d&#039;un projet sur le terrain ou de l&#039;analyse de vos donn\u00e9es au bureau. Le WingtraOne GENII offre une large couverture, une haute r\u00e9solution et une pr\u00e9cision allant jusqu&#039;\u00e0 1 cm (0,4 po).<\/p>\n<hr \/>","protected":false},"featured_media":2924,"comment_status":"open","ping_status":"closed","template":"","meta":[],"product_brand":[],"product_cat":[29,306,36],"product_tag":[425,424,38,423,426,422,41,39,40],"class_list":{"0":"post-1199","1":"product","2":"type-product","3":"status-publish","4":"has-post-thumbnail","6":"product_cat-drones","7":"product_cat-drones-wingtra","8":"product_cat-wingtraone","9":"product_tag-agriculture-field","10":"product_tag-construction","11":"product_tag-drone","12":"product_tag-mining-aggregates","13":"product_tag-researchenvironment","14":"product_tag-surveying-gis","15":"product_tag-vtol","16":"product_tag-wingtra","17":"product_tag-wingtraone","19":"first","20":"instock","21":"taxable","22":"shipping-taxable","23":"product-type-simple"},"yoast_head":"<!-- This site is optimized with the Yoast SEO plugin v27.4 - https:\/\/yoast.com\/product\/yoast-seo-wordpress\/ -->\n<title>WingtraOne GENII VTOL -<\/title>\n<meta name=\"description\" content=\"WingtraOne GENII\u00b4s is a professional VTOL (vertical take off and landing) surveying drone. It minimizes your time flight and get more work done.\" \/>\n<meta name=\"robots\" content=\"index, follow, max-snippet:-1, max-image-preview:large, max-video-preview:-1\" \/>\n<link rel=\"canonical\" href=\"https:\/\/www.ghostysky.com\/fr\/product\/wingtraone-vtol\/\" \/>\n<meta property=\"og:locale\" content=\"fr_FR\" \/>\n<meta property=\"og:type\" content=\"article\" \/>\n<meta property=\"og:title\" content=\"WingtraOne GENII VTOL -\" \/>\n<meta property=\"og:description\" content=\"WingtraOne GENII\u00b4s is a professional VTOL (vertical take off and landing) surveying drone. It minimizes your time flight and get more work done.\" \/>\n<meta property=\"og:url\" content=\"https:\/\/www.ghostysky.com\/fr\/product\/wingtraone-vtol\/\" \/>\n<meta property=\"og:site_name\" content=\"Ghostysky\" \/>\n<meta property=\"article:publisher\" content=\"https:\/\/www.facebook.com\/people\/Ghostysky\/100057676170234\/\" \/>\n<meta property=\"article:modified_time\" content=\"2024-01-08T11:24:33+00:00\" \/>\n<meta property=\"og:image\" content=\"https:\/\/www.ghostysky.com\/wp-content\/uploads\/2020\/06\/WingtraGen2.jpg\" \/>\n\t<meta property=\"og:image:width\" content=\"725\" \/>\n\t<meta property=\"og:image:height\" content=\"433\" \/>\n\t<meta property=\"og:image:type\" content=\"image\/jpeg\" \/>\n<meta name=\"twitter:card\" content=\"summary_large_image\" \/>\n<meta name=\"twitter:site\" content=\"@Gh0stysky\" \/>\n<meta name=\"twitter:label1\" content=\"Dur\u00e9e de lecture estim\u00e9e\" \/>\n\t<meta name=\"twitter:data1\" content=\"2 minutes\" \/>\n<script type=\"application\/ld+json\" class=\"yoast-schema-graph\">{\"@context\":\"https:\\\/\\\/schema.org\",\"@graph\":[{\"@type\":\"WebPage\",\"@id\":\"https:\\\/\\\/www.ghostysky.com\\\/product\\\/wingtraone-vtol\\\/\",\"url\":\"https:\\\/\\\/www.ghostysky.com\\\/product\\\/wingtraone-vtol\\\/\",\"name\":\"WingtraOne GENII VTOL -\",\"isPartOf\":{\"@id\":\"https:\\\/\\\/www.ghostysky.com\\\/#website\"},\"primaryImageOfPage\":{\"@id\":\"https:\\\/\\\/www.ghostysky.com\\\/product\\\/wingtraone-vtol\\\/#primaryimage\"},\"image\":{\"@id\":\"https:\\\/\\\/www.ghostysky.com\\\/product\\\/wingtraone-vtol\\\/#primaryimage\"},\"thumbnailUrl\":\"https:\\\/\\\/www.ghostysky.com\\\/wp-content\\\/uploads\\\/2020\\\/06\\\/WingtraGen2.jpg\",\"datePublished\":\"2020-06-29T08:03:30+00:00\",\"dateModified\":\"2024-01-08T11:24:33+00:00\",\"description\":\"WingtraOne GENII\u00b4s is a professional VTOL (vertical take off and landing) surveying drone. It minimizes your time flight and get more work done.\",\"breadcrumb\":{\"@id\":\"https:\\\/\\\/www.ghostysky.com\\\/product\\\/wingtraone-vtol\\\/#breadcrumb\"},\"inLanguage\":\"fr-FR\",\"potentialAction\":[{\"@type\":\"ReadAction\",\"target\":[\"https:\\\/\\\/www.ghostysky.com\\\/product\\\/wingtraone-vtol\\\/\"]}]},{\"@type\":\"ImageObject\",\"inLanguage\":\"fr-FR\",\"@id\":\"https:\\\/\\\/www.ghostysky.com\\\/product\\\/wingtraone-vtol\\\/#primaryimage\",\"url\":\"https:\\\/\\\/www.ghostysky.com\\\/wp-content\\\/uploads\\\/2020\\\/06\\\/WingtraGen2.jpg\",\"contentUrl\":\"https:\\\/\\\/www.ghostysky.com\\\/wp-content\\\/uploads\\\/2020\\\/06\\\/WingtraGen2.jpg\",\"width\":725,\"height\":433},{\"@type\":\"BreadcrumbList\",\"@id\":\"https:\\\/\\\/www.ghostysky.com\\\/product\\\/wingtraone-vtol\\\/#breadcrumb\",\"itemListElement\":[{\"@type\":\"ListItem\",\"position\":1,\"name\":\"Home\",\"item\":\"https:\\\/\\\/www.ghostysky.com\\\/\"},{\"@type\":\"ListItem\",\"position\":2,\"name\":\"Shop\",\"item\":\"https:\\\/\\\/www.ghostysky.com\\\/shop\\\/\"},{\"@type\":\"ListItem\",\"position\":3,\"name\":\"WingtraOne GENII VTOL\"}]},{\"@type\":\"WebSite\",\"@id\":\"https:\\\/\\\/www.ghostysky.com\\\/#website\",\"url\":\"https:\\\/\\\/www.ghostysky.com\\\/\",\"name\":\"Ghostysky\",\"description\":\"Delivering professional drones and services\",\"publisher\":{\"@id\":\"https:\\\/\\\/www.ghostysky.com\\\/#organization\"},\"potentialAction\":[{\"@type\":\"SearchAction\",\"target\":{\"@type\":\"EntryPoint\",\"urlTemplate\":\"https:\\\/\\\/www.ghostysky.com\\\/?s={search_term_string}\"},\"query-input\":{\"@type\":\"PropertyValueSpecification\",\"valueRequired\":true,\"valueName\":\"search_term_string\"}}],\"inLanguage\":\"fr-FR\"},{\"@type\":\"Organization\",\"@id\":\"https:\\\/\\\/www.ghostysky.com\\\/#organization\",\"name\":\"Ghostysky\",\"url\":\"https:\\\/\\\/www.ghostysky.com\\\/\",\"logo\":{\"@type\":\"ImageObject\",\"inLanguage\":\"fr-FR\",\"@id\":\"https:\\\/\\\/www.ghostysky.com\\\/#\\\/schema\\\/logo\\\/image\\\/\",\"url\":\"https:\\\/\\\/www.ghostysky.com\\\/wp-content\\\/uploads\\\/2020\\\/06\\\/cropped-ghostyskylogo_text_white2.png\",\"contentUrl\":\"https:\\\/\\\/www.ghostysky.com\\\/wp-content\\\/uploads\\\/2020\\\/06\\\/cropped-ghostyskylogo_text_white2.png\",\"width\":169,\"height\":56,\"caption\":\"Ghostysky\"},\"image\":{\"@id\":\"https:\\\/\\\/www.ghostysky.com\\\/#\\\/schema\\\/logo\\\/image\\\/\"},\"sameAs\":[\"https:\\\/\\\/www.facebook.com\\\/people\\\/Ghostysky\\\/100057676170234\\\/\",\"https:\\\/\\\/x.com\\\/Gh0stysky\",\"https:\\\/\\\/www.linkedin.com\\\/company\\\/34739653\",\"https:\\\/\\\/www.instagram.com\\\/gh0stysky\"]}]}<\/script>\n<!-- \/ Yoast SEO plugin. -->","yoast_head_json":{"title":"Avion VTOL WingtraOne GENII -","description":"Le WingtraOne GENII est un drone de surveillance professionnel \u00e0 d\u00e9collage et atterrissage verticaux (VTOL). Il r\u00e9duit votre temps de vol et optimise votre productivit\u00e9.","robots":{"index":"index","follow":"follow","max-snippet":"max-snippet:-1","max-image-preview":"max-image-preview:large","max-video-preview":"max-video-preview:-1"},"canonical":"https:\/\/www.ghostysky.com\/fr\/product\/wingtraone-vtol\/","og_locale":"fr_FR","og_type":"article","og_title":"WingtraOne GENII VTOL -","og_description":"WingtraOne GENII\u00b4s is a professional VTOL (vertical take off and landing) surveying drone. It minimizes your time flight and get more work done.","og_url":"https:\/\/www.ghostysky.com\/fr\/product\/wingtraone-vtol\/","og_site_name":"Ghostysky","article_publisher":"https:\/\/www.facebook.com\/people\/Ghostysky\/100057676170234\/","article_modified_time":"2024-01-08T11:24:33+00:00","og_image":[{"width":725,"height":433,"url":"https:\/\/www.ghostysky.com\/wp-content\/uploads\/2020\/06\/WingtraGen2.jpg","type":"image\/jpeg"}],"twitter_card":"summary_large_image","twitter_site":"@Gh0stysky","twitter_misc":{"Dur\u00e9e de lecture estim\u00e9e":"2 minutes"},"schema":{"@context":"https:\/\/schema.org","@graph":[{"@type":"WebPage","@id":"https:\/\/www.ghostysky.com\/product\/wingtraone-vtol\/","url":"https:\/\/www.ghostysky.com\/product\/wingtraone-vtol\/","name":"Avion VTOL WingtraOne GENII -","isPartOf":{"@id":"https:\/\/www.ghostysky.com\/#website"},"primaryImageOfPage":{"@id":"https:\/\/www.ghostysky.com\/product\/wingtraone-vtol\/#primaryimage"},"image":{"@id":"https:\/\/www.ghostysky.com\/product\/wingtraone-vtol\/#primaryimage"},"thumbnailUrl":"https:\/\/www.ghostysky.com\/wp-content\/uploads\/2020\/06\/WingtraGen2.jpg","datePublished":"2020-06-29T08:03:30+00:00","dateModified":"2024-01-08T11:24:33+00:00","description":"Le WingtraOne GENII est un drone de surveillance professionnel \u00e0 d\u00e9collage et atterrissage verticaux (VTOL). Il r\u00e9duit votre temps de vol et optimise votre productivit\u00e9.","breadcrumb":{"@id":"https:\/\/www.ghostysky.com\/product\/wingtraone-vtol\/#breadcrumb"},"inLanguage":"fr-FR","potentialAction":[{"@type":"ReadAction","target":["https:\/\/www.ghostysky.com\/product\/wingtraone-vtol\/"]}]},{"@type":"ImageObject","inLanguage":"fr-FR","@id":"https:\/\/www.ghostysky.com\/product\/wingtraone-vtol\/#primaryimage","url":"https:\/\/www.ghostysky.com\/wp-content\/uploads\/2020\/06\/WingtraGen2.jpg","contentUrl":"https:\/\/www.ghostysky.com\/wp-content\/uploads\/2020\/06\/WingtraGen2.jpg","width":725,"height":433},{"@type":"BreadcrumbList","@id":"https:\/\/www.ghostysky.com\/product\/wingtraone-vtol\/#breadcrumb","itemListElement":[{"@type":"ListItem","position":1,"name":"Home","item":"https:\/\/www.ghostysky.com\/"},{"@type":"ListItem","position":2,"name":"Shop","item":"https:\/\/www.ghostysky.com\/shop\/"},{"@type":"ListItem","position":3,"name":"WingtraOne GENII VTOL"}]},{"@type":"WebSite","@id":"https:\/\/www.ghostysky.com\/#website","url":"https:\/\/www.ghostysky.com\/","name":"Ghostysky","description":"Livraison de drones et de services professionnels","publisher":{"@id":"https:\/\/www.ghostysky.com\/#organization"},"potentialAction":[{"@type":"SearchAction","target":{"@type":"EntryPoint","urlTemplate":"https:\/\/www.ghostysky.com\/?s={search_term_string}"},"query-input":{"@type":"PropertyValueSpecification","valueRequired":true,"valueName":"search_term_string"}}],"inLanguage":"fr-FR"},{"@type":"Organization","@id":"https:\/\/www.ghostysky.com\/#organization","name":"Ghostysky","url":"https:\/\/www.ghostysky.com\/","logo":{"@type":"ImageObject","inLanguage":"fr-FR","@id":"https:\/\/www.ghostysky.com\/#\/schema\/logo\/image\/","url":"https:\/\/www.ghostysky.com\/wp-content\/uploads\/2020\/06\/cropped-ghostyskylogo_text_white2.png","contentUrl":"https:\/\/www.ghostysky.com\/wp-content\/uploads\/2020\/06\/cropped-ghostyskylogo_text_white2.png","width":169,"height":56,"caption":"Ghostysky"},"image":{"@id":"https:\/\/www.ghostysky.com\/#\/schema\/logo\/image\/"},"sameAs":["https:\/\/www.facebook.com\/people\/Ghostysky\/100057676170234\/","https:\/\/x.com\/Gh0stysky","https:\/\/www.linkedin.com\/company\/34739653","https:\/\/www.instagram.com\/gh0stysky"]}]}},"_links":{"self":[{"href":"https:\/\/www.ghostysky.com\/fr\/wp-json\/wp\/v2\/product\/1199","targetHints":{"allow":["GET"]}}],"collection":[{"href":"https:\/\/www.ghostysky.com\/fr\/wp-json\/wp\/v2\/product"}],"about":[{"href":"https:\/\/www.ghostysky.com\/fr\/wp-json\/wp\/v2\/types\/product"}],"replies":[{"embeddable":true,"href":"https:\/\/www.ghostysky.com\/fr\/wp-json\/wp\/v2\/comments?post=1199"}],"version-history":[{"count":0,"href":"https:\/\/www.ghostysky.com\/fr\/wp-json\/wp\/v2\/product\/1199\/revisions"}],"wp:featuredmedia":[{"embeddable":true,"href":"https:\/\/www.ghostysky.com\/fr\/wp-json\/wp\/v2\/media\/2924"}],"wp:attachment":[{"href":"https:\/\/www.ghostysky.com\/fr\/wp-json\/wp\/v2\/media?parent=1199"}],"wp:term":[{"taxonomy":"product_brand","embeddable":true,"href":"https:\/\/www.ghostysky.com\/fr\/wp-json\/wp\/v2\/product_brand?post=1199"},{"taxonomy":"product_cat","embeddable":true,"href":"https:\/\/www.ghostysky.com\/fr\/wp-json\/wp\/v2\/product_cat?post=1199"},{"taxonomy":"product_tag","embeddable":true,"href":"https:\/\/www.ghostysky.com\/fr\/wp-json\/wp\/v2\/product_tag?post=1199"}],"curies":[{"name":"wp","href":"https:\/\/api.w.org\/{rel}","templated":true}]}}