{"id":13479,"date":"2023-10-27T18:45:24","date_gmt":"2023-10-27T18:45:24","guid":{"rendered":"https:\/\/www.ghostysky.com\/?post_type=product&#038;p=13479"},"modified":"2024-02-05T17:37:58","modified_gmt":"2024-02-05T17:37:58","slug":"gcp-aerial-targets-pack-of-5-units-model-p-120cm","status":"publish","type":"product","link":"https:\/\/www.ghostysky.com\/fr\/product\/gcp-aerial-targets-pack-of-5-units-model-p-120cm\/","title":{"rendered":"Cibles a\u00e9riennes GCP (Pack de 5 unit\u00e9s) \u2013 Mod\u00e8le P (120 x 120 cm)"},"content":{"rendered":"<div class=\"a-row\">\n<div class=\"a-column a-span6\">\n<h1 class=\"a-size-medium a-spacing-small\">D\u00e9tails techniques<\/h1>\n<\/div>\n<\/div>\n<div class=\"a-expander-content a-expander-extend-content\" aria-expanded=\"true\">\n<div class=\"a-row a-expander-container a-expander-inline-container\">\n<div class=\"a-expander-content a-expander-section-content a-section-expander-inner\" aria-expanded=\"true\">\n<table id=\"productDetails_techSpec_section_1\" class=\"a-keyvalue prodDetTable\" role=\"presentation\">\n<tbody>\n<tr>\n<th class=\"a-color-secondary a-size-base prodDetSectionEntry\">Dimensions du colis de l&#039;article L x l x H<\/th>\n<td class=\"a-size-base prodDetAttrValue\">\u200e14,15 x 13,9 x 1,73 pouces<\/td>\n<\/tr>\n<tr>\n<th class=\"a-color-secondary a-size-base prodDetSectionEntry\">Poids du colis<\/th>\n<td class=\"a-size-base prodDetAttrValue\">0,75 kilogrammes<\/td>\n<\/tr>\n<tr>\n<th class=\"a-color-secondary a-size-base prodDetSectionEntry\">Dimensions de l&#039;article (L x l x H)<\/th>\n<td class=\"a-size-base prodDetAttrValue\">48 x 48 x 0,12 pouces<\/td>\n<\/tr>\n<tr>\n<th class=\"a-color-secondary a-size-base prodDetSectionEntry\">Nom de marque<\/th>\n<td class=\"a-size-base prodDetAttrValue\">FANT\u00d4ME<\/td>\n<\/tr>\n<tr>\n<th class=\"a-color-secondary a-size-base prodDetSectionEntry\">Nom du mod\u00e8le<\/th>\n<td class=\"a-size-base prodDetAttrValue\">Mod\u00e8le P<\/td>\n<\/tr>\n<tr>\n<th class=\"a-color-secondary a-size-base prodDetSectionEntry\">Couleur<\/th>\n<td class=\"a-size-base prodDetAttrValue\">Noir et blanc<\/td>\n<\/tr>\n<tr>\n<th class=\"a-color-secondary a-size-base prodDetSectionEntry\">Mat\u00e9riel<\/th>\n<td class=\"a-size-base prodDetAttrValue\">Maille en vinyle<\/td>\n<\/tr>\n<tr>\n<th class=\"a-color-secondary a-size-base prodDetSectionEntry\">Emballer<\/th>\n<td class=\"a-size-base prodDetAttrValue\">5 unit\u00e9s<\/td>\n<\/tr>\n<tr>\n<th class=\"a-color-secondary a-size-base prodDetSectionEntry\">Taille (cm)<\/th>\n<td class=\"a-size-base prodDetAttrValue\">121,92 cm x 121,92 cm<\/td>\n<\/tr>\n<\/tbody>\n<\/table>\n<\/div>\n<\/div>\n<\/div>","protected":false},"excerpt":{"rendered":"<p>Ces GCP l\u00e9gers et pliables sont faciles \u00e0 transporter. En cas de vent, utilisez simplement les 4 \u0153illets d&#039;angle pour fixer le GCP au sol et garantir sa stabilit\u00e9. Pour les relev\u00e9s topographiques, placez simplement le marqueur topographique dans la d\u00e9coupe centrale de 7,6 cm x 7,6 cm du GCP pour r\u00e9aliser une cartographie a\u00e9rienne pr\u00e9cise avec des coordonn\u00e9es pr\u00e9\u00e9tablies. Avec un format id\u00e9al de 120 cm x 120 cm, ces GCP sont parfaits pour la cartographie par drone. Donnez une nouvelle dimension \u00e0 votre cartographie par drone d\u00e8s aujourd&#039;hui gr\u00e2ce \u00e0 ce nouveau pack de 5 GCP\u00a0!<\/p>","protected":false},"featured_media":13484,"comment_status":"open","ping_status":"closed","template":"","meta":[],"product_brand":[],"product_cat":[461,559],"product_tag":[579,576,574,578],"class_list":{"0":"post-13479","1":"product","2":"type-product","3":"status-publish","4":"has-post-thumbnail","6":"product_cat-accessories-2","7":"product_cat-landing-pad-gcp-gound-targets","8":"product_tag-120cm","9":"product_tag-aerial-target","10":"product_tag-gcp","11":"product_tag-model-p","13":"first","14":"instock","15":"taxable","16":"shipping-taxable","17":"purchasable","18":"product-type-simple"},"yoast_head":"<!-- This site is optimized with the Yoast SEO plugin v27.4 - https:\/\/yoast.com\/product\/yoast-seo-wordpress\/ -->\n<title>GCP Aerial Targets (Pack of 5 units) - Model P (120x120cm)<\/title>\n<meta name=\"description\" content=\"Lightweight, foldable GCPs are easy to transport and carry. With 120cm by 120cm size, these GCPs are perfect for UAV mapping. 5Pack GCPs Model P (Passthrough).\" \/>\n<meta name=\"robots\" content=\"index, follow, max-snippet:-1, max-image-preview:large, max-video-preview:-1\" \/>\n<link rel=\"canonical\" href=\"https:\/\/www.ghostysky.com\/fr\/product\/gcp-aerial-targets-pack-of-5-units-model-p-120cm\/\" \/>\n<meta property=\"og:locale\" content=\"fr_FR\" \/>\n<meta property=\"og:type\" content=\"article\" \/>\n<meta property=\"og:title\" content=\"GCP Aerial Targets (Pack of 5 units) - Model P (120x120cm)\" \/>\n<meta property=\"og:description\" content=\"Lightweight, foldable GCPs are easy to transport and carry. With 120cm by 120cm size, these GCPs are perfect for UAV mapping. 5Pack GCPs Model P (Passthrough).\" \/>\n<meta property=\"og:url\" content=\"https:\/\/www.ghostysky.com\/fr\/product\/gcp-aerial-targets-pack-of-5-units-model-p-120cm\/\" \/>\n<meta property=\"og:site_name\" content=\"Ghostysky\" \/>\n<meta property=\"article:publisher\" content=\"https:\/\/www.facebook.com\/people\/Ghostysky\/100057676170234\/\" \/>\n<meta property=\"article:modified_time\" content=\"2024-02-05T17:37:58+00:00\" \/>\n<meta property=\"og:image\" content=\"https:\/\/www.ghostysky.com\/wp-content\/uploads\/2023\/10\/GCP_120cm_P_1.webp\" \/>\n\t<meta property=\"og:image:width\" content=\"1080\" \/>\n\t<meta property=\"og:image:height\" content=\"1056\" \/>\n\t<meta property=\"og:image:type\" content=\"image\/webp\" \/>\n<meta name=\"twitter:card\" content=\"summary_large_image\" \/>\n<meta name=\"twitter:site\" content=\"@Gh0stysky\" \/>\n<meta name=\"twitter:label1\" content=\"Dur\u00e9e de lecture estim\u00e9e\" \/>\n\t<meta name=\"twitter:data1\" content=\"1 minute\" \/>\n<script type=\"application\/ld+json\" class=\"yoast-schema-graph\">{\"@context\":\"https:\\\/\\\/schema.org\",\"@graph\":[{\"@type\":\"WebPage\",\"@id\":\"https:\\\/\\\/www.ghostysky.com\\\/product\\\/gcp-aerial-targets-pack-of-5-units-model-p-120cm\\\/\",\"url\":\"https:\\\/\\\/www.ghostysky.com\\\/product\\\/gcp-aerial-targets-pack-of-5-units-model-p-120cm\\\/\",\"name\":\"GCP Aerial Targets (Pack of 5 units) - Model P (120x120cm)\",\"isPartOf\":{\"@id\":\"https:\\\/\\\/www.ghostysky.com\\\/#website\"},\"primaryImageOfPage\":{\"@id\":\"https:\\\/\\\/www.ghostysky.com\\\/product\\\/gcp-aerial-targets-pack-of-5-units-model-p-120cm\\\/#primaryimage\"},\"image\":{\"@id\":\"https:\\\/\\\/www.ghostysky.com\\\/product\\\/gcp-aerial-targets-pack-of-5-units-model-p-120cm\\\/#primaryimage\"},\"thumbnailUrl\":\"https:\\\/\\\/www.ghostysky.com\\\/wp-content\\\/uploads\\\/2023\\\/10\\\/GCP_120cm_P_1.webp\",\"datePublished\":\"2023-10-27T18:45:24+00:00\",\"dateModified\":\"2024-02-05T17:37:58+00:00\",\"description\":\"Lightweight, foldable GCPs are easy to transport and carry. With 120cm by 120cm size, these GCPs are perfect for UAV mapping. 5Pack GCPs Model P (Passthrough).\",\"breadcrumb\":{\"@id\":\"https:\\\/\\\/www.ghostysky.com\\\/product\\\/gcp-aerial-targets-pack-of-5-units-model-p-120cm\\\/#breadcrumb\"},\"inLanguage\":\"fr-FR\",\"potentialAction\":[{\"@type\":\"ReadAction\",\"target\":[\"https:\\\/\\\/www.ghostysky.com\\\/product\\\/gcp-aerial-targets-pack-of-5-units-model-p-120cm\\\/\"]}]},{\"@type\":\"ImageObject\",\"inLanguage\":\"fr-FR\",\"@id\":\"https:\\\/\\\/www.ghostysky.com\\\/product\\\/gcp-aerial-targets-pack-of-5-units-model-p-120cm\\\/#primaryimage\",\"url\":\"https:\\\/\\\/www.ghostysky.com\\\/wp-content\\\/uploads\\\/2023\\\/10\\\/GCP_120cm_P_1.webp\",\"contentUrl\":\"https:\\\/\\\/www.ghostysky.com\\\/wp-content\\\/uploads\\\/2023\\\/10\\\/GCP_120cm_P_1.webp\",\"width\":1080,\"height\":1056},{\"@type\":\"BreadcrumbList\",\"@id\":\"https:\\\/\\\/www.ghostysky.com\\\/product\\\/gcp-aerial-targets-pack-of-5-units-model-p-120cm\\\/#breadcrumb\",\"itemListElement\":[{\"@type\":\"ListItem\",\"position\":1,\"name\":\"Home\",\"item\":\"https:\\\/\\\/www.ghostysky.com\\\/\"},{\"@type\":\"ListItem\",\"position\":2,\"name\":\"Shop\",\"item\":\"https:\\\/\\\/www.ghostysky.com\\\/shop\\\/\"},{\"@type\":\"ListItem\",\"position\":3,\"name\":\"GCP Aerial Targets (Pack of 5 units) &#8211; Model P (120x120cm)\"}]},{\"@type\":\"WebSite\",\"@id\":\"https:\\\/\\\/www.ghostysky.com\\\/#website\",\"url\":\"https:\\\/\\\/www.ghostysky.com\\\/\",\"name\":\"Ghostysky\",\"description\":\"Delivering professional drones and services\",\"publisher\":{\"@id\":\"https:\\\/\\\/www.ghostysky.com\\\/#organization\"},\"potentialAction\":[{\"@type\":\"SearchAction\",\"target\":{\"@type\":\"EntryPoint\",\"urlTemplate\":\"https:\\\/\\\/www.ghostysky.com\\\/?s={search_term_string}\"},\"query-input\":{\"@type\":\"PropertyValueSpecification\",\"valueRequired\":true,\"valueName\":\"search_term_string\"}}],\"inLanguage\":\"fr-FR\"},{\"@type\":\"Organization\",\"@id\":\"https:\\\/\\\/www.ghostysky.com\\\/#organization\",\"name\":\"Ghostysky\",\"url\":\"https:\\\/\\\/www.ghostysky.com\\\/\",\"logo\":{\"@type\":\"ImageObject\",\"inLanguage\":\"fr-FR\",\"@id\":\"https:\\\/\\\/www.ghostysky.com\\\/#\\\/schema\\\/logo\\\/image\\\/\",\"url\":\"https:\\\/\\\/www.ghostysky.com\\\/wp-content\\\/uploads\\\/2020\\\/06\\\/cropped-ghostyskylogo_text_white2.png\",\"contentUrl\":\"https:\\\/\\\/www.ghostysky.com\\\/wp-content\\\/uploads\\\/2020\\\/06\\\/cropped-ghostyskylogo_text_white2.png\",\"width\":169,\"height\":56,\"caption\":\"Ghostysky\"},\"image\":{\"@id\":\"https:\\\/\\\/www.ghostysky.com\\\/#\\\/schema\\\/logo\\\/image\\\/\"},\"sameAs\":[\"https:\\\/\\\/www.facebook.com\\\/people\\\/Ghostysky\\\/100057676170234\\\/\",\"https:\\\/\\\/x.com\\\/Gh0stysky\",\"https:\\\/\\\/www.linkedin.com\\\/company\\\/34739653\",\"https:\\\/\\\/www.instagram.com\\\/gh0stysky\"]}]}<\/script>\n<!-- \/ Yoast SEO plugin. -->","yoast_head_json":{"title":"Cibles a\u00e9riennes GCP (Pack de 5 unit\u00e9s) - Mod\u00e8le P (120x120cm)","description":"L\u00e9gers et pliables, ces GCP sont faciles \u00e0 transporter. Avec leurs dimensions de 120 cm x 120 cm, ils sont parfaits pour la cartographie par drone. Lot de 5 GCP Mod\u00e8le P (Passthrough).","robots":{"index":"index","follow":"follow","max-snippet":"max-snippet:-1","max-image-preview":"max-image-preview:large","max-video-preview":"max-video-preview:-1"},"canonical":"https:\/\/www.ghostysky.com\/fr\/product\/gcp-aerial-targets-pack-of-5-units-model-p-120cm\/","og_locale":"fr_FR","og_type":"article","og_title":"GCP Aerial Targets (Pack of 5 units) - Model P (120x120cm)","og_description":"Lightweight, foldable GCPs are easy to transport and carry. With 120cm by 120cm size, these GCPs are perfect for UAV mapping. 5Pack GCPs Model P (Passthrough).","og_url":"https:\/\/www.ghostysky.com\/fr\/product\/gcp-aerial-targets-pack-of-5-units-model-p-120cm\/","og_site_name":"Ghostysky","article_publisher":"https:\/\/www.facebook.com\/people\/Ghostysky\/100057676170234\/","article_modified_time":"2024-02-05T17:37:58+00:00","og_image":[{"width":1080,"height":1056,"url":"https:\/\/www.ghostysky.com\/wp-content\/uploads\/2023\/10\/GCP_120cm_P_1.webp","type":"image\/webp"}],"twitter_card":"summary_large_image","twitter_site":"@Gh0stysky","twitter_misc":{"Dur\u00e9e de lecture estim\u00e9e":"1 minute"},"schema":{"@context":"https:\/\/schema.org","@graph":[{"@type":"WebPage","@id":"https:\/\/www.ghostysky.com\/product\/gcp-aerial-targets-pack-of-5-units-model-p-120cm\/","url":"https:\/\/www.ghostysky.com\/product\/gcp-aerial-targets-pack-of-5-units-model-p-120cm\/","name":"Cibles a\u00e9riennes GCP (Pack de 5 unit\u00e9s) - Mod\u00e8le P (120x120cm)","isPartOf":{"@id":"https:\/\/www.ghostysky.com\/#website"},"primaryImageOfPage":{"@id":"https:\/\/www.ghostysky.com\/product\/gcp-aerial-targets-pack-of-5-units-model-p-120cm\/#primaryimage"},"image":{"@id":"https:\/\/www.ghostysky.com\/product\/gcp-aerial-targets-pack-of-5-units-model-p-120cm\/#primaryimage"},"thumbnailUrl":"https:\/\/www.ghostysky.com\/wp-content\/uploads\/2023\/10\/GCP_120cm_P_1.webp","datePublished":"2023-10-27T18:45:24+00:00","dateModified":"2024-02-05T17:37:58+00:00","description":"L\u00e9gers et pliables, ces GCP sont faciles \u00e0 transporter. Avec leurs dimensions de 120 cm x 120 cm, ils sont parfaits pour la cartographie par drone. Lot de 5 GCP Mod\u00e8le P (Passthrough).","breadcrumb":{"@id":"https:\/\/www.ghostysky.com\/product\/gcp-aerial-targets-pack-of-5-units-model-p-120cm\/#breadcrumb"},"inLanguage":"fr-FR","potentialAction":[{"@type":"ReadAction","target":["https:\/\/www.ghostysky.com\/product\/gcp-aerial-targets-pack-of-5-units-model-p-120cm\/"]}]},{"@type":"ImageObject","inLanguage":"fr-FR","@id":"https:\/\/www.ghostysky.com\/product\/gcp-aerial-targets-pack-of-5-units-model-p-120cm\/#primaryimage","url":"https:\/\/www.ghostysky.com\/wp-content\/uploads\/2023\/10\/GCP_120cm_P_1.webp","contentUrl":"https:\/\/www.ghostysky.com\/wp-content\/uploads\/2023\/10\/GCP_120cm_P_1.webp","width":1080,"height":1056},{"@type":"BreadcrumbList","@id":"https:\/\/www.ghostysky.com\/product\/gcp-aerial-targets-pack-of-5-units-model-p-120cm\/#breadcrumb","itemListElement":[{"@type":"ListItem","position":1,"name":"Home","item":"https:\/\/www.ghostysky.com\/"},{"@type":"ListItem","position":2,"name":"Shop","item":"https:\/\/www.ghostysky.com\/shop\/"},{"@type":"ListItem","position":3,"name":"GCP Aerial Targets (Pack of 5 units) &#8211; Model P (120x120cm)"}]},{"@type":"WebSite","@id":"https:\/\/www.ghostysky.com\/#website","url":"https:\/\/www.ghostysky.com\/","name":"Ghostysky","description":"Livraison de drones et de services professionnels","publisher":{"@id":"https:\/\/www.ghostysky.com\/#organization"},"potentialAction":[{"@type":"SearchAction","target":{"@type":"EntryPoint","urlTemplate":"https:\/\/www.ghostysky.com\/?s={search_term_string}"},"query-input":{"@type":"PropertyValueSpecification","valueRequired":true,"valueName":"search_term_string"}}],"inLanguage":"fr-FR"},{"@type":"Organization","@id":"https:\/\/www.ghostysky.com\/#organization","name":"Ghostysky","url":"https:\/\/www.ghostysky.com\/","logo":{"@type":"ImageObject","inLanguage":"fr-FR","@id":"https:\/\/www.ghostysky.com\/#\/schema\/logo\/image\/","url":"https:\/\/www.ghostysky.com\/wp-content\/uploads\/2020\/06\/cropped-ghostyskylogo_text_white2.png","contentUrl":"https:\/\/www.ghostysky.com\/wp-content\/uploads\/2020\/06\/cropped-ghostyskylogo_text_white2.png","width":169,"height":56,"caption":"Ghostysky"},"image":{"@id":"https:\/\/www.ghostysky.com\/#\/schema\/logo\/image\/"},"sameAs":["https:\/\/www.facebook.com\/people\/Ghostysky\/100057676170234\/","https:\/\/x.com\/Gh0stysky","https:\/\/www.linkedin.com\/company\/34739653","https:\/\/www.instagram.com\/gh0stysky"]}]}},"_links":{"self":[{"href":"https:\/\/www.ghostysky.com\/fr\/wp-json\/wp\/v2\/product\/13479","targetHints":{"allow":["GET"]}}],"collection":[{"href":"https:\/\/www.ghostysky.com\/fr\/wp-json\/wp\/v2\/product"}],"about":[{"href":"https:\/\/www.ghostysky.com\/fr\/wp-json\/wp\/v2\/types\/product"}],"replies":[{"embeddable":true,"href":"https:\/\/www.ghostysky.com\/fr\/wp-json\/wp\/v2\/comments?post=13479"}],"version-history":[{"count":0,"href":"https:\/\/www.ghostysky.com\/fr\/wp-json\/wp\/v2\/product\/13479\/revisions"}],"wp:featuredmedia":[{"embeddable":true,"href":"https:\/\/www.ghostysky.com\/fr\/wp-json\/wp\/v2\/media\/13484"}],"wp:attachment":[{"href":"https:\/\/www.ghostysky.com\/fr\/wp-json\/wp\/v2\/media?parent=13479"}],"wp:term":[{"taxonomy":"product_brand","embeddable":true,"href":"https:\/\/www.ghostysky.com\/fr\/wp-json\/wp\/v2\/product_brand?post=13479"},{"taxonomy":"product_cat","embeddable":true,"href":"https:\/\/www.ghostysky.com\/fr\/wp-json\/wp\/v2\/product_cat?post=13479"},{"taxonomy":"product_tag","embeddable":true,"href":"https:\/\/www.ghostysky.com\/fr\/wp-json\/wp\/v2\/product_tag?post=13479"}],"curies":[{"name":"wp","href":"https:\/\/api.w.org\/{rel}","templated":true}]}}