{"id":15057,"date":"2023-12-07T10:57:05","date_gmt":"2023-12-07T10:57:05","guid":{"rendered":"https:\/\/www.ghostysky.com\/?post_type=product&#038;p=15057"},"modified":"2024-01-26T08:46:30","modified_gmt":"2024-01-26T08:46:30","slug":"south-galaxy-g7-1598-channels-no-modem","status":"publish","type":"product","link":"https:\/\/www.ghostysky.com\/fr\/product\/south-galaxy-g7-1598-channels-no-modem\/","title":{"rendered":"South Galaxy G7 (1598 cha\u00eenes, sans modem)"},"content":{"rendered":"<p data-sourcepos=\"1:1-1:231\">Le South Galaxy G7 est un r\u00e9cepteur GNSS RTK robuste et polyvalent, dot\u00e9 d&#039;une unit\u00e9 de mesure inertielle (IMU) int\u00e9gr\u00e9e. Il offre une pr\u00e9cision centim\u00e9trique en mode RTK et convient \u00e0 diverses applications de topographie et de cartographie.<\/p>\n<p data-sourcepos=\"3:1-3:17\"><strong>Caract\u00e9ristiques principales :<\/strong><\/p>\n<ul data-sourcepos=\"5:1-16:0\">\n<li data-sourcepos=\"5:1-6:0\">\n<p data-sourcepos=\"5:3-5:159\"><strong>Multi-GNSS :<\/strong> Prend en charge les constellations de satellites GPS, GLONASS, Galileo, BeiDou (boussole), QZSS et SBAS pour une pr\u00e9cision et une disponibilit\u00e9 de positionnement am\u00e9lior\u00e9es.<\/p>\n<\/li>\n<li data-sourcepos=\"7:1-8:0\">\n<p data-sourcepos=\"7:3-7:129\"><strong>Mode RTK\u00a0:<\/strong> Atteint une pr\u00e9cision au centim\u00e8tre pr\u00e8s en utilisant des corrections en temps r\u00e9el provenant d&#039;une station de base ou d&#039;un service RTK r\u00e9seau.<\/p>\n<\/li>\n<li data-sourcepos=\"9:1-10:0\">\n<p data-sourcepos=\"9:3-9:147\"><strong>IMU int\u00e9gr\u00e9 :<\/strong> Compense les erreurs d&#039;orientation caus\u00e9es par l&#039;inclinaison et le mouvement, garantissant des mesures pr\u00e9cises m\u00eame dans des environnements difficiles.<\/p>\n<\/li>\n<li data-sourcepos=\"11:1-12:0\">\n<p data-sourcepos=\"11:3-11:171\"><strong>Mesures de haute pr\u00e9cision :<\/strong> Capable d&#039;une pr\u00e9cision inf\u00e9rieure au m\u00e8tre pour les mesures horizontales et verticales, r\u00e9pondant aux exigences des projets d&#039;arpentage et de cartographie exigeants.<\/p>\n<\/li>\n<li data-sourcepos=\"13:1-14:0\">\n<p data-sourcepos=\"13:3-13:179\"><strong>Applications polyvalentes :<\/strong> Convient \u00e0 diverses t\u00e2ches d&#039;arpentage, notamment la cartographie topographique, l&#039;am\u00e9nagement de chantiers de construction, les relev\u00e9s d&#039;ing\u00e9nierie et les applications de contr\u00f4le de machines.<\/p>\n<\/li>\n<li data-sourcepos=\"15:1-16:0\">\n<p data-sourcepos=\"15:3-15:136\"><strong>Conception durable :<\/strong> Enferm\u00e9 dans un bo\u00eetier robuste et \u00e9tanche, le South Galaxy G7 est con\u00e7u pour r\u00e9sister aux conditions ext\u00e9rieures difficiles.<\/p>\n<\/li>\n<\/ul>\n<p data-sourcepos=\"17:1-17:19\"><strong>Caract\u00e9ristiques:<\/strong><\/p>\n<ul data-sourcepos=\"19:1-38:0\">\n<li data-sourcepos=\"19:1-20:0\">\n<p data-sourcepos=\"19:3-19:118\"><strong>Bandes de fr\u00e9quences :<\/strong> Constellations de satellites Galileo, BDS (Beidou), GPS, Glonass, SBAS, IRNSS et QZSS.<\/p>\n<\/li>\n<li data-sourcepos=\"21:1-22:0\">\n<p data-sourcepos=\"21:3-21:29\"><strong>Cha\u00eenes satellite :<\/strong> Entre 1598 et 1760<\/p>\n<\/li>\n<li data-sourcepos=\"23:1-24:0\">\n<p data-sourcepos=\"23:3-23:116\"><strong>Pr\u00e9cision de positionnement :<\/strong> RTK\u00a0: &lt;\u00a01\u00a0cm (&lt;\u00a00,3\u00a0pi), statique\u00a0: &lt;\u00a05\u00a0cm (&lt;\u00a01,6\u00a0pi), RTK rapide\u00a0: &lt;\u00a03\u00a0cm (&lt;\u00a01\u00a0pi)<\/p>\n<\/li>\n<li data-sourcepos=\"25:1-26:0\">\n<p data-sourcepos=\"25:3-25:117\"><strong>Pr\u00e9cision horizontale :<\/strong> RTK\u00a0: &lt;\u00a03\u00a0mm (&lt;\u00a00,11\u00a0pi), statique\u00a0: &lt;\u00a010\u00a0mm (&lt;\u00a00,33\u00a0pi), RTK rapide\u00a0: &lt;\u00a015\u00a0mm (0,5\u00a0pi)<\/p>\n<\/li>\n<li data-sourcepos=\"27:1-28:0\">\n<p data-sourcepos=\"27:3-27:113\"><strong>Pr\u00e9cision verticale :<\/strong> RTK\u00a0: &lt;\u00a01\u00a0mm (&lt;\u00a00,03\u00a0pi), statique\u00a0: &lt;\u00a02\u00a0mm (&lt;\u00a00,07\u00a0pi), RTK rapide\u00a0: &lt;\u00a03\u00a0mm (0,1\u00a0pi)<\/p>\n<\/li>\n<li data-sourcepos=\"29:1-30:0\">\n<p data-sourcepos=\"29:3-29:27\"><strong>R\u00e9solution IMU :<\/strong> 0,01\u00b0<\/p>\n<\/li>\n<li data-sourcepos=\"31:1-32:0\">\n<p data-sourcepos=\"31:3-31:46\"><strong>Sortie de donn\u00e9es :<\/strong> RTCM 2.3\/3.0, RINEX 2.x\/3.x<\/p>\n<\/li>\n<li data-sourcepos=\"33:1-34:0\">\n<p data-sourcepos=\"33:3-33:61\"><strong>Temp\u00e9rature de fonctionnement :<\/strong> -40\u00b0C \u00e0 +60\u00b0C (-40\u00b0F \u00e0 +140\u00b0F)<\/p>\n<\/li>\n<li data-sourcepos=\"35:1-36:0\">\n<p data-sourcepos=\"35:3-35:59\"><strong>Temp\u00e9rature de stockage :<\/strong> -40\u00b0C \u00e0 +85\u00b0C (-40\u00b0F \u00e0 +185\u00b0F)<\/p>\n<\/li>\n<li data-sourcepos=\"37:1-38:0\">\n<p data-sourcepos=\"37:3-37:47\"><strong>Plage d&#039;humidit\u00e9 :<\/strong> 5% \u00e0 95%, sans condensation<\/p>\n<\/li>\n<\/ul>\n<p data-sourcepos=\"39:1-39:275\"><strong>Globalement, le South Galaxy G7 est un r\u00e9cepteur GNSS RTK puissant et polyvalent, id\u00e9al pour un large \u00e9ventail d&#039;applications de topographie et de cartographie. Sa taille compacte, sa construction robuste et ses mesures de haute pr\u00e9cision en font un outil pr\u00e9cieux pour les professionnels du terrain.<\/strong><\/p>","protected":false},"excerpt":{"rendered":"<p>Le South Galaxy G7 est un r\u00e9cepteur GNSS RTK polyvalent et robuste, dot\u00e9 d&#039;une unit\u00e9 de mesure inertielle (IMU) int\u00e9gr\u00e9e offrant une pr\u00e9cision centim\u00e9trique pour les applications de topographie et de cartographie. Il prend en charge plusieurs constellations GNSS, dont GPS, GLONASS, Galileo, BeiDou, QZSS et SBAS, et peut \u00eatre utilis\u00e9 en diff\u00e9rents modes, notamment RTK, statique et RTK rapide. Sa taille compacte, sa conception robuste et ses fonctionnalit\u00e9s compl\u00e8tes en font un outil pr\u00e9cieux pour les professionnels de la topographie et de la cartographie.<\/p>\n<ul>\n<li>1598 cha\u00eenes<\/li>\n<li>Pas de modem<\/li>\n<\/ul>","protected":false},"featured_media":15062,"comment_status":"open","ping_status":"closed","template":"","meta":[],"product_brand":[],"product_cat":[372,371],"product_tag":[597,603,596,598,595],"class_list":{"0":"post-15057","1":"product","2":"type-product","3":"status-publish","4":"has-post-thumbnail","6":"product_cat-receivers-south","7":"product_cat-south","8":"product_tag-1598-channels","9":"product_tag-g7-1598","10":"product_tag-galaxy-g7","11":"product_tag-no-modem","12":"product_tag-south-instruments","14":"first","15":"onbackorder","16":"taxable","17":"shipping-taxable","18":"product-type-simple"},"yoast_head":"<!-- This site is optimized with the Yoast SEO plugin v27.1.1 - https:\/\/yoast.com\/product\/yoast-seo-wordpress\/ -->\n<title>South Galaxy G7 (1598 channels, no modem) - Ghostysky<\/title>\n<meta name=\"description\" content=\"The South Galaxy G7 is a versatile and rugged GNSS RTK receiver with a built-in IMU (Inertial Measurement Unit) that provides centimeter-level accuracy for surveying and mapping applications. It supports multiple GNSS constellations, including GPS, GLONASS, Galileo, BeiDou, QZSS, and SBAS, and can be used in various modes, including RTK, static, and fast RTK. Its compact size, durable design, and comprehensive features make it a valuable tool for professionals in the surveying and mapping industry.1598 channelsNo Modem\" \/>\n<meta name=\"robots\" content=\"index, follow, max-snippet:-1, max-image-preview:large, max-video-preview:-1\" \/>\n<link rel=\"canonical\" href=\"https:\/\/www.ghostysky.com\/fr\/product\/south-galaxy-g7-1598-channels-no-modem\/\" \/>\n<meta property=\"og:locale\" content=\"fr_FR\" \/>\n<meta property=\"og:type\" content=\"article\" \/>\n<meta property=\"og:title\" content=\"South Galaxy G7 (1598 channels, no modem) - Ghostysky\" \/>\n<meta property=\"og:description\" content=\"The South Galaxy G7 is a versatile and rugged GNSS RTK receiver with a built-in IMU (Inertial Measurement Unit) that provides centimeter-level accuracy for surveying and mapping applications. It supports multiple GNSS constellations, including GPS, GLONASS, Galileo, BeiDou, QZSS, and SBAS, and can be used in various modes, including RTK, static, and fast RTK. Its compact size, durable design, and comprehensive features make it a valuable tool for professionals in the surveying and mapping industry.1598 channelsNo Modem\" \/>\n<meta property=\"og:url\" content=\"https:\/\/www.ghostysky.com\/fr\/product\/south-galaxy-g7-1598-channels-no-modem\/\" \/>\n<meta property=\"og:site_name\" content=\"Ghostysky\" \/>\n<meta property=\"article:publisher\" content=\"https:\/\/www.facebook.com\/people\/Ghostysky\/100057676170234\/\" \/>\n<meta property=\"article:modified_time\" content=\"2024-01-26T08:46:30+00:00\" \/>\n<meta property=\"og:image\" content=\"https:\/\/www.ghostysky.com\/wp-content\/uploads\/2023\/12\/South-Inst-Galaxy-G7_1.jpg\" \/>\n\t<meta property=\"og:image:width\" content=\"800\" \/>\n\t<meta property=\"og:image:height\" content=\"800\" \/>\n\t<meta property=\"og:image:type\" content=\"image\/jpeg\" \/>\n<meta name=\"twitter:card\" content=\"summary_large_image\" \/>\n<meta name=\"twitter:site\" content=\"@Gh0stysky\" \/>\n<meta name=\"twitter:label1\" content=\"Dur\u00e9e de lecture estim\u00e9e\" \/>\n\t<meta name=\"twitter:data1\" content=\"2 minutes\" \/>\n<script type=\"application\/ld+json\" class=\"yoast-schema-graph\">{\"@context\":\"https:\/\/schema.org\",\"@graph\":[{\"@type\":\"WebPage\",\"@id\":\"https:\/\/www.ghostysky.com\/product\/south-galaxy-g7-1598-channels-no-modem\/\",\"url\":\"https:\/\/www.ghostysky.com\/product\/south-galaxy-g7-1598-channels-no-modem\/\",\"name\":\"South Galaxy G7 (1598 channels, no modem) - Ghostysky\",\"isPartOf\":{\"@id\":\"https:\/\/www.ghostysky.com\/#website\"},\"primaryImageOfPage\":{\"@id\":\"https:\/\/www.ghostysky.com\/product\/south-galaxy-g7-1598-channels-no-modem\/#primaryimage\"},\"image\":{\"@id\":\"https:\/\/www.ghostysky.com\/product\/south-galaxy-g7-1598-channels-no-modem\/#primaryimage\"},\"thumbnailUrl\":\"https:\/\/www.ghostysky.com\/wp-content\/uploads\/2023\/12\/South-Inst-Galaxy-G7_1.jpg\",\"datePublished\":\"2023-12-07T10:57:05+00:00\",\"dateModified\":\"2024-01-26T08:46:30+00:00\",\"description\":\"The South Galaxy G7 is a versatile and rugged GNSS RTK receiver with a built-in IMU (Inertial Measurement Unit) that provides centimeter-level accuracy for surveying and mapping applications. It supports multiple GNSS constellations, including GPS, GLONASS, Galileo, BeiDou, QZSS, and SBAS, and can be used in various modes, including RTK, static, and fast RTK. Its compact size, durable design, and comprehensive features make it a valuable tool for professionals in the surveying and mapping industry.1598 channelsNo Modem\",\"breadcrumb\":{\"@id\":\"https:\/\/www.ghostysky.com\/product\/south-galaxy-g7-1598-channels-no-modem\/#breadcrumb\"},\"inLanguage\":\"fr-FR\",\"potentialAction\":[{\"@type\":\"ReadAction\",\"target\":[\"https:\/\/www.ghostysky.com\/product\/south-galaxy-g7-1598-channels-no-modem\/\"]}]},{\"@type\":\"ImageObject\",\"inLanguage\":\"fr-FR\",\"@id\":\"https:\/\/www.ghostysky.com\/product\/south-galaxy-g7-1598-channels-no-modem\/#primaryimage\",\"url\":\"https:\/\/www.ghostysky.com\/wp-content\/uploads\/2023\/12\/South-Inst-Galaxy-G7_1.jpg\",\"contentUrl\":\"https:\/\/www.ghostysky.com\/wp-content\/uploads\/2023\/12\/South-Inst-Galaxy-G7_1.jpg\",\"width\":800,\"height\":800},{\"@type\":\"BreadcrumbList\",\"@id\":\"https:\/\/www.ghostysky.com\/product\/south-galaxy-g7-1598-channels-no-modem\/#breadcrumb\",\"itemListElement\":[{\"@type\":\"ListItem\",\"position\":1,\"name\":\"Home\",\"item\":\"https:\/\/www.ghostysky.com\/\"},{\"@type\":\"ListItem\",\"position\":2,\"name\":\"Shop\",\"item\":\"https:\/\/www.ghostysky.com\/shop\/\"},{\"@type\":\"ListItem\",\"position\":3,\"name\":\"South Galaxy G7 (1598 channels, no modem)\"}]},{\"@type\":\"WebSite\",\"@id\":\"https:\/\/www.ghostysky.com\/#website\",\"url\":\"https:\/\/www.ghostysky.com\/\",\"name\":\"Ghostysky\",\"description\":\"Delivering professional drones and services\",\"publisher\":{\"@id\":\"https:\/\/www.ghostysky.com\/#organization\"},\"potentialAction\":[{\"@type\":\"SearchAction\",\"target\":{\"@type\":\"EntryPoint\",\"urlTemplate\":\"https:\/\/www.ghostysky.com\/?s={search_term_string}\"},\"query-input\":{\"@type\":\"PropertyValueSpecification\",\"valueRequired\":true,\"valueName\":\"search_term_string\"}}],\"inLanguage\":\"fr-FR\"},{\"@type\":\"Organization\",\"@id\":\"https:\/\/www.ghostysky.com\/#organization\",\"name\":\"Ghostysky\",\"url\":\"https:\/\/www.ghostysky.com\/\",\"logo\":{\"@type\":\"ImageObject\",\"inLanguage\":\"fr-FR\",\"@id\":\"https:\/\/www.ghostysky.com\/#\/schema\/logo\/image\/\",\"url\":\"https:\/\/www.ghostysky.com\/wp-content\/uploads\/2020\/06\/cropped-ghostyskylogo_text_white2.png\",\"contentUrl\":\"https:\/\/www.ghostysky.com\/wp-content\/uploads\/2020\/06\/cropped-ghostyskylogo_text_white2.png\",\"width\":169,\"height\":56,\"caption\":\"Ghostysky\"},\"image\":{\"@id\":\"https:\/\/www.ghostysky.com\/#\/schema\/logo\/image\/\"},\"sameAs\":[\"https:\/\/www.facebook.com\/people\/Ghostysky\/100057676170234\/\",\"https:\/\/x.com\/Gh0stysky\",\"https:\/\/www.linkedin.com\/company\/34739653\",\"https:\/\/www.instagram.com\/gh0stysky\"]}]}<\/script>\n<!-- \/ Yoast SEO plugin. -->","yoast_head_json":{"title":"South Galaxy G7 (1598 canaux, sans modem) - Ghostysky","description":"Le South Galaxy G7 est un r\u00e9cepteur GNSS RTK polyvalent et robuste, dot\u00e9 d&#039;une centrale inertielle (IMU) int\u00e9gr\u00e9e offrant une pr\u00e9cision centim\u00e9trique pour les applications de topographie et de cartographie. Il prend en charge plusieurs constellations GNSS, dont GPS, GLONASS, Galileo, BeiDou, QZSS et SBAS, et peut \u00eatre utilis\u00e9 en diff\u00e9rents modes, notamment RTK, statique et RTK rapide. Sa taille compacte, sa conception robuste et ses fonctionnalit\u00e9s compl\u00e8tes en font un outil pr\u00e9cieux pour les professionnels de la topographie et de la cartographie. 1598 canaux, sans modem.","robots":{"index":"index","follow":"follow","max-snippet":"max-snippet:-1","max-image-preview":"max-image-preview:large","max-video-preview":"max-video-preview:-1"},"canonical":"https:\/\/www.ghostysky.com\/fr\/product\/south-galaxy-g7-1598-channels-no-modem\/","og_locale":"fr_FR","og_type":"article","og_title":"South Galaxy G7 (1598 channels, no modem) - Ghostysky","og_description":"The South Galaxy G7 is a versatile and rugged GNSS RTK receiver with a built-in IMU (Inertial Measurement Unit) that provides centimeter-level accuracy for surveying and mapping applications. It supports multiple GNSS constellations, including GPS, GLONASS, Galileo, BeiDou, QZSS, and SBAS, and can be used in various modes, including RTK, static, and fast RTK. Its compact size, durable design, and comprehensive features make it a valuable tool for professionals in the surveying and mapping industry.1598 channelsNo Modem","og_url":"https:\/\/www.ghostysky.com\/fr\/product\/south-galaxy-g7-1598-channels-no-modem\/","og_site_name":"Ghostysky","article_publisher":"https:\/\/www.facebook.com\/people\/Ghostysky\/100057676170234\/","article_modified_time":"2024-01-26T08:46:30+00:00","og_image":[{"width":800,"height":800,"url":"https:\/\/www.ghostysky.com\/wp-content\/uploads\/2023\/12\/South-Inst-Galaxy-G7_1.jpg","type":"image\/jpeg"}],"twitter_card":"summary_large_image","twitter_site":"@Gh0stysky","twitter_misc":{"Dur\u00e9e de lecture estim\u00e9e":"2 minutes"},"schema":{"@context":"https:\/\/schema.org","@graph":[{"@type":"WebPage","@id":"https:\/\/www.ghostysky.com\/product\/south-galaxy-g7-1598-channels-no-modem\/","url":"https:\/\/www.ghostysky.com\/product\/south-galaxy-g7-1598-channels-no-modem\/","name":"South Galaxy G7 (1598 canaux, sans modem) - Ghostysky","isPartOf":{"@id":"https:\/\/www.ghostysky.com\/#website"},"primaryImageOfPage":{"@id":"https:\/\/www.ghostysky.com\/product\/south-galaxy-g7-1598-channels-no-modem\/#primaryimage"},"image":{"@id":"https:\/\/www.ghostysky.com\/product\/south-galaxy-g7-1598-channels-no-modem\/#primaryimage"},"thumbnailUrl":"https:\/\/www.ghostysky.com\/wp-content\/uploads\/2023\/12\/South-Inst-Galaxy-G7_1.jpg","datePublished":"2023-12-07T10:57:05+00:00","dateModified":"2024-01-26T08:46:30+00:00","description":"Le South Galaxy G7 est un r\u00e9cepteur GNSS RTK polyvalent et robuste, dot\u00e9 d&#039;une centrale inertielle (IMU) int\u00e9gr\u00e9e offrant une pr\u00e9cision centim\u00e9trique pour les applications de topographie et de cartographie. Il prend en charge plusieurs constellations GNSS, dont GPS, GLONASS, Galileo, BeiDou, QZSS et SBAS, et peut \u00eatre utilis\u00e9 en diff\u00e9rents modes, notamment RTK, statique et RTK rapide. Sa taille compacte, sa conception robuste et ses fonctionnalit\u00e9s compl\u00e8tes en font un outil pr\u00e9cieux pour les professionnels de la topographie et de la cartographie. 1598 canaux, sans modem.","breadcrumb":{"@id":"https:\/\/www.ghostysky.com\/product\/south-galaxy-g7-1598-channels-no-modem\/#breadcrumb"},"inLanguage":"fr-FR","potentialAction":[{"@type":"ReadAction","target":["https:\/\/www.ghostysky.com\/product\/south-galaxy-g7-1598-channels-no-modem\/"]}]},{"@type":"ImageObject","inLanguage":"fr-FR","@id":"https:\/\/www.ghostysky.com\/product\/south-galaxy-g7-1598-channels-no-modem\/#primaryimage","url":"https:\/\/www.ghostysky.com\/wp-content\/uploads\/2023\/12\/South-Inst-Galaxy-G7_1.jpg","contentUrl":"https:\/\/www.ghostysky.com\/wp-content\/uploads\/2023\/12\/South-Inst-Galaxy-G7_1.jpg","width":800,"height":800},{"@type":"BreadcrumbList","@id":"https:\/\/www.ghostysky.com\/product\/south-galaxy-g7-1598-channels-no-modem\/#breadcrumb","itemListElement":[{"@type":"ListItem","position":1,"name":"Home","item":"https:\/\/www.ghostysky.com\/"},{"@type":"ListItem","position":2,"name":"Shop","item":"https:\/\/www.ghostysky.com\/shop\/"},{"@type":"ListItem","position":3,"name":"South Galaxy G7 (1598 channels, no modem)"}]},{"@type":"WebSite","@id":"https:\/\/www.ghostysky.com\/#website","url":"https:\/\/www.ghostysky.com\/","name":"Ghostysky","description":"Livraison de drones et de services professionnels","publisher":{"@id":"https:\/\/www.ghostysky.com\/#organization"},"potentialAction":[{"@type":"SearchAction","target":{"@type":"EntryPoint","urlTemplate":"https:\/\/www.ghostysky.com\/?s={search_term_string}"},"query-input":{"@type":"PropertyValueSpecification","valueRequired":true,"valueName":"search_term_string"}}],"inLanguage":"fr-FR"},{"@type":"Organization","@id":"https:\/\/www.ghostysky.com\/#organization","name":"Ghostysky","url":"https:\/\/www.ghostysky.com\/","logo":{"@type":"ImageObject","inLanguage":"fr-FR","@id":"https:\/\/www.ghostysky.com\/#\/schema\/logo\/image\/","url":"https:\/\/www.ghostysky.com\/wp-content\/uploads\/2020\/06\/cropped-ghostyskylogo_text_white2.png","contentUrl":"https:\/\/www.ghostysky.com\/wp-content\/uploads\/2020\/06\/cropped-ghostyskylogo_text_white2.png","width":169,"height":56,"caption":"Ghostysky"},"image":{"@id":"https:\/\/www.ghostysky.com\/#\/schema\/logo\/image\/"},"sameAs":["https:\/\/www.facebook.com\/people\/Ghostysky\/100057676170234\/","https:\/\/x.com\/Gh0stysky","https:\/\/www.linkedin.com\/company\/34739653","https:\/\/www.instagram.com\/gh0stysky"]}]}},"_links":{"self":[{"href":"https:\/\/www.ghostysky.com\/fr\/wp-json\/wp\/v2\/product\/15057","targetHints":{"allow":["GET"]}}],"collection":[{"href":"https:\/\/www.ghostysky.com\/fr\/wp-json\/wp\/v2\/product"}],"about":[{"href":"https:\/\/www.ghostysky.com\/fr\/wp-json\/wp\/v2\/types\/product"}],"replies":[{"embeddable":true,"href":"https:\/\/www.ghostysky.com\/fr\/wp-json\/wp\/v2\/comments?post=15057"}],"wp:featuredmedia":[{"embeddable":true,"href":"https:\/\/www.ghostysky.com\/fr\/wp-json\/wp\/v2\/media\/15062"}],"wp:attachment":[{"href":"https:\/\/www.ghostysky.com\/fr\/wp-json\/wp\/v2\/media?parent=15057"}],"wp:term":[{"taxonomy":"product_brand","embeddable":true,"href":"https:\/\/www.ghostysky.com\/fr\/wp-json\/wp\/v2\/product_brand?post=15057"},{"taxonomy":"product_cat","embeddable":true,"href":"https:\/\/www.ghostysky.com\/fr\/wp-json\/wp\/v2\/product_cat?post=15057"},{"taxonomy":"product_tag","embeddable":true,"href":"https:\/\/www.ghostysky.com\/fr\/wp-json\/wp\/v2\/product_tag?post=15057"}],"curies":[{"name":"wp","href":"https:\/\/api.w.org\/{rel}","templated":true}]}}