{"id":15080,"date":"2023-12-07T11:37:59","date_gmt":"2023-12-07T11:37:59","guid":{"rendered":"https:\/\/www.ghostysky.com\/?post_type=product&#038;p=15080"},"modified":"2024-01-26T08:45:56","modified_gmt":"2024-01-26T08:45:56","slug":"south-galaxy-g2-1760-channels","status":"publish","type":"product","link":"https:\/\/www.ghostysky.com\/fr\/product\/south-galaxy-g2-1760-channels\/","title":{"rendered":"South Galaxy G2 (1760 cha\u00eenes)"},"content":{"rendered":"<p data-sourcepos=\"1:1-1:240\">Le Galaxy G2 de South Instruments est un r\u00e9cepteur GNSS de haute pr\u00e9cision con\u00e7u pour les applications professionnelles de topographie et de cartographie. Ses nombreuses fonctionnalit\u00e9s en font un outil polyvalent et fiable pour un large \u00e9ventail de t\u00e2ches, notamment\u00a0:<\/p>\n<ul data-sourcepos=\"3:1-14:0\">\n<li data-sourcepos=\"3:1-4:0\">\n<p data-sourcepos=\"3:3-3:221\"><strong>Positionnement RTK :<\/strong> Le Galaxy G2 atteint une pr\u00e9cision centim\u00e9trique en temps r\u00e9el gr\u00e2ce \u00e0 la technique RTK (cin\u00e9matique en temps r\u00e9el). Il est ainsi id\u00e9al pour des applications telles que l&#039;arpentage, la construction et l&#039;exploitation mini\u00e8re.<\/p>\n<\/li>\n<li data-sourcepos=\"5:1-6:0\">\n<p data-sourcepos=\"5:3-5:200\"><strong>Positionnement statique :<\/strong> Le Galaxy G2 peut \u00e9galement \u00eatre utilis\u00e9 pour le positionnement statique, avec une pr\u00e9cision inf\u00e9rieure au m\u00e8tre. Ceci est utile pour des applications telles que les lev\u00e9s de limites et la cartographie topographique.<\/p>\n<\/li>\n<li data-sourcepos=\"7:1-8:0\">\n<p data-sourcepos=\"7:3-7:199\"><strong>Positionnement diff\u00e9rentiel :<\/strong> Le Galaxy G2 peut \u00eatre utilis\u00e9 avec un r\u00e9seau CORS (Continuously Operating Reference Station) pour obtenir une pr\u00e9cision de positionnement en temps r\u00e9el sans avoir besoin d&#039;une station de base.<\/p>\n<\/li>\n<li data-sourcepos=\"9:1-10:0\">\n<p data-sourcepos=\"9:3-9:235\"><strong>Int\u00e9gration IMU :<\/strong> Le Galaxy G2 int\u00e8gre une unit\u00e9 de mesure inertielle (IMU) de nouvelle g\u00e9n\u00e9ration qui am\u00e9liore la stabilit\u00e9 et la pr\u00e9cision des mesures d&#039;inclinaison. Il en r\u00e9sulte de meilleures performances de positionnement dans les environnements difficiles.<\/p>\n<\/li>\n<li data-sourcepos=\"11:1-12:0\">\n<p data-sourcepos=\"11:3-11:263\"><strong>SoC avanc\u00e9\u00a0:<\/strong> Le Galaxy G2 int\u00e8gre un SoC (System-on-a-Chip) avanc\u00e9, une puce offrant l&#039;avantage d&#039;une int\u00e9gration \u00e9lev\u00e9e et d&#039;une faible consommation d&#039;\u00e9nergie. Cela lui permet d&#039;offrir une longue autonomie et des vitesses de traitement \u00e9lev\u00e9es.<\/p>\n<\/li>\n<li data-sourcepos=\"13:1-14:0\">\n<p data-sourcepos=\"13:3-13:212\"><strong>Interface conviviale :<\/strong> Le Galaxy G2 dispose d&#039;une interface conviviale qui facilite son utilisation et sa configuration. Il prend \u00e9galement en charge divers formats de donn\u00e9es et peut \u00eatre connect\u00e9 \u00e0 divers p\u00e9riph\u00e9riques.<\/p>\n<\/li>\n<\/ul>\n<p data-sourcepos=\"15:1-15:86\">Voici un tableau r\u00e9sumant les principales sp\u00e9cifications du South Instruments Galaxy G2\u00a0:<\/p>\n<h3 data-sourcepos=\"17:1-27:59\">Caract\u00e9ristiques<\/h3>\n<ul>\n<li data-sourcepos=\"17:1-27:59\">Constellations GNSS | GPS, GLONASS, BeiDou, Galileo<\/li>\n<li data-sourcepos=\"17:1-27:59\">Bandes de fr\u00e9quences | L1, L2, L5<\/li>\n<li data-sourcepos=\"17:1-27:59\">Suivi par satellite | 965 ou 1760 canaux<\/li>\n<li data-sourcepos=\"17:1-27:59\">Pr\u00e9cision de positionnement | RTK\u00a0: au centim\u00e8tre pr\u00e8s, statique\u00a0: inf\u00e9rieure au m\u00e8tre, diff\u00e9rentielle\u00a0: en temps r\u00e9el sans station de base<\/li>\n<li data-sourcepos=\"17:1-27:59\">Int\u00e9gration IMU | Oui<\/li>\n<li data-sourcepos=\"17:1-27:59\">SoC | SoC avanc\u00e9<\/li>\n<li data-sourcepos=\"17:1-27:59\">Autonomie de la batterie | Jusqu&#039;\u00e0 16 heures<\/li>\n<li data-sourcepos=\"17:1-27:59\">Formats de donn\u00e9es | RINEX, TXT, LOG, DXF, DWG<\/li>\n<li data-sourcepos=\"17:1-27:59\">P\u00e9riph\u00e9riques | Station totale, collecteur de donn\u00e9es, contr\u00f4leur<\/li>\n<\/ul>\n<p data-sourcepos=\"29:1-29:301\">Globalement, le Galaxy G2 de South Instruments est un r\u00e9cepteur GNSS de haute qualit\u00e9, parfaitement adapt\u00e9 \u00e0 un large \u00e9ventail d&#039;applications professionnelles de topographie et de cartographie. Il allie haute pr\u00e9cision, polyvalence et convivialit\u00e9, ce qui en fait un outil pr\u00e9cieux pour les g\u00e9om\u00e8tres et les cartographes.<\/p>","protected":false},"excerpt":{"rendered":"<p>Le Galaxy G2 de South Instruments est un r\u00e9cepteur GNSS de haute pr\u00e9cision con\u00e7u pour les applications professionnelles de topographie et de cartographie. Il allie technologie de pointe, fonctionnalit\u00e9s intuitives et capacit\u00e9s avanc\u00e9es pour une pr\u00e9cision centim\u00e9trique en temps r\u00e9el et subm\u00e9trique en mode statique.<\/p>\n<ul>\n<li>1760 cha\u00eenes<\/li>\n<\/ul>","protected":false},"featured_media":15079,"comment_status":"open","ping_status":"closed","template":"","meta":[],"product_brand":[],"product_cat":[372,371],"product_tag":[600,601,595],"class_list":{"0":"post-15080","1":"product","2":"type-product","3":"status-publish","4":"has-post-thumbnail","6":"product_cat-receivers-south","7":"product_cat-south","8":"product_tag-1760-channels","9":"product_tag-galaxy-g2","10":"product_tag-south-instruments","12":"first","13":"onbackorder","14":"taxable","15":"shipping-taxable","16":"product-type-simple"},"yoast_head":"<!-- This site is optimized with the Yoast SEO plugin v27.4 - https:\/\/yoast.com\/product\/yoast-seo-wordpress\/ -->\n<title>South Galaxy G2 (1760 channels) - Ghostysky<\/title>\n<meta name=\"description\" content=\"The South Instruments Galaxy G2 is a high-precision GNSS receiver designed for professional surveying and mapping applications. It offers a combination of cutting-edge technology, user-friendly features, and advanced capabilities to deliver centimeter-level accuracy in real-time and sub-meter accuracy in static mode.\" \/>\n<meta name=\"robots\" content=\"index, follow, max-snippet:-1, max-image-preview:large, max-video-preview:-1\" \/>\n<link rel=\"canonical\" href=\"https:\/\/www.ghostysky.com\/fr\/product\/south-galaxy-g2-1760-channels\/\" \/>\n<meta property=\"og:locale\" content=\"fr_FR\" \/>\n<meta property=\"og:type\" content=\"article\" \/>\n<meta property=\"og:title\" content=\"South Galaxy G2 (1760 channels) - Ghostysky\" \/>\n<meta property=\"og:description\" content=\"The South Instruments Galaxy G2 is a high-precision GNSS receiver designed for professional surveying and mapping applications. It offers a combination of cutting-edge technology, user-friendly features, and advanced capabilities to deliver centimeter-level accuracy in real-time and sub-meter accuracy in static mode.\" \/>\n<meta property=\"og:url\" content=\"https:\/\/www.ghostysky.com\/fr\/product\/south-galaxy-g2-1760-channels\/\" \/>\n<meta property=\"og:site_name\" content=\"Ghostysky\" \/>\n<meta property=\"article:publisher\" content=\"https:\/\/www.facebook.com\/people\/Ghostysky\/100057676170234\/\" \/>\n<meta property=\"article:modified_time\" content=\"2024-01-26T08:45:56+00:00\" \/>\n<meta property=\"og:image\" content=\"https:\/\/www.ghostysky.com\/wp-content\/uploads\/2023\/12\/south-galaxy-G2_1.jpg\" \/>\n\t<meta property=\"og:image:width\" content=\"800\" \/>\n\t<meta property=\"og:image:height\" content=\"800\" \/>\n\t<meta property=\"og:image:type\" content=\"image\/jpeg\" \/>\n<meta name=\"twitter:card\" content=\"summary_large_image\" \/>\n<meta name=\"twitter:site\" content=\"@Gh0stysky\" \/>\n<meta name=\"twitter:label1\" content=\"Dur\u00e9e de lecture estim\u00e9e\" \/>\n\t<meta name=\"twitter:data1\" content=\"2 minutes\" \/>\n<script type=\"application\/ld+json\" class=\"yoast-schema-graph\">{\"@context\":\"https:\\\/\\\/schema.org\",\"@graph\":[{\"@type\":\"WebPage\",\"@id\":\"https:\\\/\\\/www.ghostysky.com\\\/product\\\/south-galaxy-g2-1760-channels\\\/\",\"url\":\"https:\\\/\\\/www.ghostysky.com\\\/product\\\/south-galaxy-g2-1760-channels\\\/\",\"name\":\"South Galaxy G2 (1760 channels) - Ghostysky\",\"isPartOf\":{\"@id\":\"https:\\\/\\\/www.ghostysky.com\\\/#website\"},\"primaryImageOfPage\":{\"@id\":\"https:\\\/\\\/www.ghostysky.com\\\/product\\\/south-galaxy-g2-1760-channels\\\/#primaryimage\"},\"image\":{\"@id\":\"https:\\\/\\\/www.ghostysky.com\\\/product\\\/south-galaxy-g2-1760-channels\\\/#primaryimage\"},\"thumbnailUrl\":\"https:\\\/\\\/www.ghostysky.com\\\/wp-content\\\/uploads\\\/2023\\\/12\\\/south-galaxy-G2_1.jpg\",\"datePublished\":\"2023-12-07T11:37:59+00:00\",\"dateModified\":\"2024-01-26T08:45:56+00:00\",\"description\":\"The South Instruments Galaxy G2 is a high-precision GNSS receiver designed for professional surveying and mapping applications. It offers a combination of cutting-edge technology, user-friendly features, and advanced capabilities to deliver centimeter-level accuracy in real-time and sub-meter accuracy in static mode.\",\"breadcrumb\":{\"@id\":\"https:\\\/\\\/www.ghostysky.com\\\/product\\\/south-galaxy-g2-1760-channels\\\/#breadcrumb\"},\"inLanguage\":\"fr-FR\",\"potentialAction\":[{\"@type\":\"ReadAction\",\"target\":[\"https:\\\/\\\/www.ghostysky.com\\\/product\\\/south-galaxy-g2-1760-channels\\\/\"]}]},{\"@type\":\"ImageObject\",\"inLanguage\":\"fr-FR\",\"@id\":\"https:\\\/\\\/www.ghostysky.com\\\/product\\\/south-galaxy-g2-1760-channels\\\/#primaryimage\",\"url\":\"https:\\\/\\\/www.ghostysky.com\\\/wp-content\\\/uploads\\\/2023\\\/12\\\/south-galaxy-G2_1.jpg\",\"contentUrl\":\"https:\\\/\\\/www.ghostysky.com\\\/wp-content\\\/uploads\\\/2023\\\/12\\\/south-galaxy-G2_1.jpg\",\"width\":800,\"height\":800},{\"@type\":\"BreadcrumbList\",\"@id\":\"https:\\\/\\\/www.ghostysky.com\\\/product\\\/south-galaxy-g2-1760-channels\\\/#breadcrumb\",\"itemListElement\":[{\"@type\":\"ListItem\",\"position\":1,\"name\":\"Home\",\"item\":\"https:\\\/\\\/www.ghostysky.com\\\/\"},{\"@type\":\"ListItem\",\"position\":2,\"name\":\"Shop\",\"item\":\"https:\\\/\\\/www.ghostysky.com\\\/shop\\\/\"},{\"@type\":\"ListItem\",\"position\":3,\"name\":\"South Galaxy G2 (1760 channels)\"}]},{\"@type\":\"WebSite\",\"@id\":\"https:\\\/\\\/www.ghostysky.com\\\/#website\",\"url\":\"https:\\\/\\\/www.ghostysky.com\\\/\",\"name\":\"Ghostysky\",\"description\":\"Delivering professional drones and services\",\"publisher\":{\"@id\":\"https:\\\/\\\/www.ghostysky.com\\\/#organization\"},\"potentialAction\":[{\"@type\":\"SearchAction\",\"target\":{\"@type\":\"EntryPoint\",\"urlTemplate\":\"https:\\\/\\\/www.ghostysky.com\\\/?s={search_term_string}\"},\"query-input\":{\"@type\":\"PropertyValueSpecification\",\"valueRequired\":true,\"valueName\":\"search_term_string\"}}],\"inLanguage\":\"fr-FR\"},{\"@type\":\"Organization\",\"@id\":\"https:\\\/\\\/www.ghostysky.com\\\/#organization\",\"name\":\"Ghostysky\",\"url\":\"https:\\\/\\\/www.ghostysky.com\\\/\",\"logo\":{\"@type\":\"ImageObject\",\"inLanguage\":\"fr-FR\",\"@id\":\"https:\\\/\\\/www.ghostysky.com\\\/#\\\/schema\\\/logo\\\/image\\\/\",\"url\":\"https:\\\/\\\/www.ghostysky.com\\\/wp-content\\\/uploads\\\/2020\\\/06\\\/cropped-ghostyskylogo_text_white2.png\",\"contentUrl\":\"https:\\\/\\\/www.ghostysky.com\\\/wp-content\\\/uploads\\\/2020\\\/06\\\/cropped-ghostyskylogo_text_white2.png\",\"width\":169,\"height\":56,\"caption\":\"Ghostysky\"},\"image\":{\"@id\":\"https:\\\/\\\/www.ghostysky.com\\\/#\\\/schema\\\/logo\\\/image\\\/\"},\"sameAs\":[\"https:\\\/\\\/www.facebook.com\\\/people\\\/Ghostysky\\\/100057676170234\\\/\",\"https:\\\/\\\/x.com\\\/Gh0stysky\",\"https:\\\/\\\/www.linkedin.com\\\/company\\\/34739653\",\"https:\\\/\\\/www.instagram.com\\\/gh0stysky\"]}]}<\/script>\n<!-- \/ Yoast SEO plugin. -->","yoast_head_json":{"title":"South Galaxy G2 (1760 cha\u00eenes) - Ghostysky","description":"Le Galaxy G2 de South Instruments est un r\u00e9cepteur GNSS de haute pr\u00e9cision con\u00e7u pour les applications professionnelles de topographie et de cartographie. Il allie technologie de pointe, fonctionnalit\u00e9s intuitives et capacit\u00e9s avanc\u00e9es pour une pr\u00e9cision centim\u00e9trique en temps r\u00e9el et subm\u00e9trique en mode statique.","robots":{"index":"index","follow":"follow","max-snippet":"max-snippet:-1","max-image-preview":"max-image-preview:large","max-video-preview":"max-video-preview:-1"},"canonical":"https:\/\/www.ghostysky.com\/fr\/product\/south-galaxy-g2-1760-channels\/","og_locale":"fr_FR","og_type":"article","og_title":"South Galaxy G2 (1760 channels) - Ghostysky","og_description":"The South Instruments Galaxy G2 is a high-precision GNSS receiver designed for professional surveying and mapping applications. It offers a combination of cutting-edge technology, user-friendly features, and advanced capabilities to deliver centimeter-level accuracy in real-time and sub-meter accuracy in static mode.","og_url":"https:\/\/www.ghostysky.com\/fr\/product\/south-galaxy-g2-1760-channels\/","og_site_name":"Ghostysky","article_publisher":"https:\/\/www.facebook.com\/people\/Ghostysky\/100057676170234\/","article_modified_time":"2024-01-26T08:45:56+00:00","og_image":[{"width":800,"height":800,"url":"https:\/\/www.ghostysky.com\/wp-content\/uploads\/2023\/12\/south-galaxy-G2_1.jpg","type":"image\/jpeg"}],"twitter_card":"summary_large_image","twitter_site":"@Gh0stysky","twitter_misc":{"Dur\u00e9e de lecture estim\u00e9e":"2 minutes"},"schema":{"@context":"https:\/\/schema.org","@graph":[{"@type":"WebPage","@id":"https:\/\/www.ghostysky.com\/product\/south-galaxy-g2-1760-channels\/","url":"https:\/\/www.ghostysky.com\/product\/south-galaxy-g2-1760-channels\/","name":"South Galaxy G2 (1760 cha\u00eenes) - Ghostysky","isPartOf":{"@id":"https:\/\/www.ghostysky.com\/#website"},"primaryImageOfPage":{"@id":"https:\/\/www.ghostysky.com\/product\/south-galaxy-g2-1760-channels\/#primaryimage"},"image":{"@id":"https:\/\/www.ghostysky.com\/product\/south-galaxy-g2-1760-channels\/#primaryimage"},"thumbnailUrl":"https:\/\/www.ghostysky.com\/wp-content\/uploads\/2023\/12\/south-galaxy-G2_1.jpg","datePublished":"2023-12-07T11:37:59+00:00","dateModified":"2024-01-26T08:45:56+00:00","description":"Le Galaxy G2 de South Instruments est un r\u00e9cepteur GNSS de haute pr\u00e9cision con\u00e7u pour les applications professionnelles de topographie et de cartographie. Il allie technologie de pointe, fonctionnalit\u00e9s intuitives et capacit\u00e9s avanc\u00e9es pour une pr\u00e9cision centim\u00e9trique en temps r\u00e9el et subm\u00e9trique en mode statique.","breadcrumb":{"@id":"https:\/\/www.ghostysky.com\/product\/south-galaxy-g2-1760-channels\/#breadcrumb"},"inLanguage":"fr-FR","potentialAction":[{"@type":"ReadAction","target":["https:\/\/www.ghostysky.com\/product\/south-galaxy-g2-1760-channels\/"]}]},{"@type":"ImageObject","inLanguage":"fr-FR","@id":"https:\/\/www.ghostysky.com\/product\/south-galaxy-g2-1760-channels\/#primaryimage","url":"https:\/\/www.ghostysky.com\/wp-content\/uploads\/2023\/12\/south-galaxy-G2_1.jpg","contentUrl":"https:\/\/www.ghostysky.com\/wp-content\/uploads\/2023\/12\/south-galaxy-G2_1.jpg","width":800,"height":800},{"@type":"BreadcrumbList","@id":"https:\/\/www.ghostysky.com\/product\/south-galaxy-g2-1760-channels\/#breadcrumb","itemListElement":[{"@type":"ListItem","position":1,"name":"Home","item":"https:\/\/www.ghostysky.com\/"},{"@type":"ListItem","position":2,"name":"Shop","item":"https:\/\/www.ghostysky.com\/shop\/"},{"@type":"ListItem","position":3,"name":"South Galaxy G2 (1760 channels)"}]},{"@type":"WebSite","@id":"https:\/\/www.ghostysky.com\/#website","url":"https:\/\/www.ghostysky.com\/","name":"Ghostysky","description":"Livraison de drones et de services professionnels","publisher":{"@id":"https:\/\/www.ghostysky.com\/#organization"},"potentialAction":[{"@type":"SearchAction","target":{"@type":"EntryPoint","urlTemplate":"https:\/\/www.ghostysky.com\/?s={search_term_string}"},"query-input":{"@type":"PropertyValueSpecification","valueRequired":true,"valueName":"search_term_string"}}],"inLanguage":"fr-FR"},{"@type":"Organization","@id":"https:\/\/www.ghostysky.com\/#organization","name":"Ghostysky","url":"https:\/\/www.ghostysky.com\/","logo":{"@type":"ImageObject","inLanguage":"fr-FR","@id":"https:\/\/www.ghostysky.com\/#\/schema\/logo\/image\/","url":"https:\/\/www.ghostysky.com\/wp-content\/uploads\/2020\/06\/cropped-ghostyskylogo_text_white2.png","contentUrl":"https:\/\/www.ghostysky.com\/wp-content\/uploads\/2020\/06\/cropped-ghostyskylogo_text_white2.png","width":169,"height":56,"caption":"Ghostysky"},"image":{"@id":"https:\/\/www.ghostysky.com\/#\/schema\/logo\/image\/"},"sameAs":["https:\/\/www.facebook.com\/people\/Ghostysky\/100057676170234\/","https:\/\/x.com\/Gh0stysky","https:\/\/www.linkedin.com\/company\/34739653","https:\/\/www.instagram.com\/gh0stysky"]}]}},"_links":{"self":[{"href":"https:\/\/www.ghostysky.com\/fr\/wp-json\/wp\/v2\/product\/15080","targetHints":{"allow":["GET"]}}],"collection":[{"href":"https:\/\/www.ghostysky.com\/fr\/wp-json\/wp\/v2\/product"}],"about":[{"href":"https:\/\/www.ghostysky.com\/fr\/wp-json\/wp\/v2\/types\/product"}],"replies":[{"embeddable":true,"href":"https:\/\/www.ghostysky.com\/fr\/wp-json\/wp\/v2\/comments?post=15080"}],"version-history":[{"count":0,"href":"https:\/\/www.ghostysky.com\/fr\/wp-json\/wp\/v2\/product\/15080\/revisions"}],"wp:featuredmedia":[{"embeddable":true,"href":"https:\/\/www.ghostysky.com\/fr\/wp-json\/wp\/v2\/media\/15079"}],"wp:attachment":[{"href":"https:\/\/www.ghostysky.com\/fr\/wp-json\/wp\/v2\/media?parent=15080"}],"wp:term":[{"taxonomy":"product_brand","embeddable":true,"href":"https:\/\/www.ghostysky.com\/fr\/wp-json\/wp\/v2\/product_brand?post=15080"},{"taxonomy":"product_cat","embeddable":true,"href":"https:\/\/www.ghostysky.com\/fr\/wp-json\/wp\/v2\/product_cat?post=15080"},{"taxonomy":"product_tag","embeddable":true,"href":"https:\/\/www.ghostysky.com\/fr\/wp-json\/wp\/v2\/product_tag?post=15080"}],"curies":[{"name":"wp","href":"https:\/\/api.w.org\/{rel}","templated":true}]}}