{"id":15091,"date":"2023-12-07T11:49:48","date_gmt":"2023-12-07T11:49:48","guid":{"rendered":"https:\/\/www.ghostysky.com\/?post_type=product&#038;p=15091"},"modified":"2024-11-03T07:10:18","modified_gmt":"2024-11-03T07:10:18","slug":"south-galaxy-g3-1598-channels","status":"publish","type":"product","link":"https:\/\/www.ghostysky.com\/fr\/product\/south-galaxy-g3-1598-channels\/","title":{"rendered":"South Galaxy G3 (1598 cha\u00eenes)"},"content":{"rendered":"<p data-sourcepos=\"1:1-1:255\">Le Galaxy G3 de South Instruments est un r\u00e9cepteur GNSS hautes performances con\u00e7u pour les applications professionnelles de topographie et de cartographie. Il s&#039;appuie sur le succ\u00e8s de son pr\u00e9d\u00e9cesseur, le Galaxy G2, et offre une pr\u00e9cision, une polyvalence et une convivialit\u00e9 accrues.<\/p>\n<p data-sourcepos=\"3:1-3:17\"><strong>Caract\u00e9ristiques principales :<\/strong><\/p>\n<ul data-sourcepos=\"5:1-20:0\">\n<li data-sourcepos=\"5:1-6:0\">\n<p data-sourcepos=\"5:3-5:241\"><strong>Ultra-haute pr\u00e9cision :<\/strong> Atteint une pr\u00e9cision au centim\u00e8tre pr\u00e8s en temps r\u00e9el et une pr\u00e9cision inf\u00e9rieure au m\u00e8tre en mode statique, ce qui le rend adapt\u00e9 aux applications exigeantes telles que l&#039;arpentage de pr\u00e9cision, la construction et la cartographie des services publics souterrains.<\/p>\n<\/li>\n<li data-sourcepos=\"7:1-8:0\">\n<p data-sourcepos=\"7:3-7:230\"><strong>Prise en charge \u00e9tendue de la constellation\u00a0:<\/strong> Prend en charge les derni\u00e8res constellations du syst\u00e8me mondial de navigation par satellite (GNSS), notamment GPS, GLONASS, BeiDou, Galileo et QZSS, garantissant un positionnement fiable m\u00eame dans des environnements difficiles.<\/p>\n<\/li>\n<li data-sourcepos=\"9:1-10:0\">\n<p data-sourcepos=\"9:3-9:173\"><strong>1598 ou 1760 canaux\u00a0:<\/strong> Il utilise un grand nombre de canaux, lui permettant de suivre plusieurs satellites simultan\u00e9ment, am\u00e9liorant ainsi la pr\u00e9cision du positionnement et les temps de convergence rapides.<\/p>\n<\/li>\n<li data-sourcepos=\"11:1-12:0\">\n<p data-sourcepos=\"11:3-11:216\"><strong>Int\u00e9gration IMU avanc\u00e9e\u00a0:<\/strong> Dispose d&#039;une unit\u00e9 de mesure inertielle (IMU) de haute pr\u00e9cision pour une compensation d&#039;inclinaison robuste et une estimation d&#039;attitude en temps r\u00e9el, offrant un positionnement stable et fiable sur divers terrains.<\/p>\n<\/li>\n<li data-sourcepos=\"13:1-14:0\">\n<p data-sourcepos=\"13:3-13:193\"><strong>SoC puissant :<\/strong> \u00c9quip\u00e9 d&#039;un puissant syst\u00e8me sur puce (SoC) qui garantit une consommation d&#039;\u00e9nergie efficace, des vitesses de traitement rapides et une compatibilit\u00e9 avec des algorithmes de traitement de donn\u00e9es avanc\u00e9s.<\/p>\n<\/li>\n<li data-sourcepos=\"15:1-16:0\">\n<p data-sourcepos=\"15:3-15:157\"><strong>Interface conviviale :<\/strong> Utilise une interface graphique intuitive et conviviale pour une utilisation et une configuration faciles, m\u00eame pour les utilisateurs non techniques.<\/p>\n<\/li>\n<li data-sourcepos=\"17:1-18:0\">\n<p data-sourcepos=\"17:3-17:168\"><strong>Prise en charge des formats de donn\u00e9es\u00a0:<\/strong> Prend en charge une large gamme de formats de donn\u00e9es, notamment RINEX, TXT, LOG, DXF et DWG, pour une int\u00e9gration transparente avec diverses applications logicielles.<\/p>\n<\/li>\n<li data-sourcepos=\"19:1-20:0\">\n<p data-sourcepos=\"19:3-19:175\"><strong>Compatibilit\u00e9 avec les p\u00e9riph\u00e9riques :<\/strong> Peut \u00eatre connect\u00e9 de mani\u00e8re transparente \u00e0 divers p\u00e9riph\u00e9riques, tels que des stations totales, des collecteurs de donn\u00e9es et des contr\u00f4leurs, pour des fonctionnalit\u00e9s am\u00e9lior\u00e9es.<\/p>\n<\/li>\n<\/ul>\n<p data-sourcepos=\"21:1-21:17\"><strong>Applications:<\/strong><\/p>\n<ul data-sourcepos=\"23:1-31:161\">\n<li data-sourcepos=\"23:1-24:0\">\n<p data-sourcepos=\"23:3-23:160\"><strong>Arpentage :<\/strong> Localisez avec pr\u00e9cision les points, les limites et les structures, essentiels pour l&#039;enregistrement foncier, la d\u00e9limitation des propri\u00e9t\u00e9s et l&#039;am\u00e9nagement des chantiers de construction.<\/p>\n<\/li>\n<li data-sourcepos=\"25:1-26:0\">\n<p data-sourcepos=\"25:3-25:197\"><strong>Ing\u00e9nierie de la construction :<\/strong> Aide \u00e0 d\u00e9terminer avec pr\u00e9cision les pentes, les volumes et les \u00e9l\u00e9vations, facilitant ainsi la planification efficace du site, les calculs de terrassement et le suivi de l&#039;avancement des travaux de construction.<\/p>\n<\/li>\n<li data-sourcepos=\"27:1-28:0\">\n<p data-sourcepos=\"27:3-27:164\"><strong>Exploitation mini\u00e8re et creusement de tunnels :<\/strong> Fournit un positionnement pr\u00e9cis pour les op\u00e9rations souterraines, garantissant une planification mini\u00e8re, une excavation et une extraction des ressources s\u00fbres et efficaces.<\/p>\n<\/li>\n<li data-sourcepos=\"29:1-30:0\">\n<p data-sourcepos=\"29:3-29:158\"><strong>Arpentages des limites :<\/strong> D\u00e9termine les limites et les lignes de propri\u00e9t\u00e9 pr\u00e9cises, essentielles pour la v\u00e9rification de la propri\u00e9t\u00e9 fonci\u00e8re, les litiges juridiques et la gestion des servitudes.<\/p>\n<\/li>\n<li data-sourcepos=\"31:1-31:161\">\n<p data-sourcepos=\"31:3-31:161\"><strong>Cartographie topographique :<\/strong> Cr\u00e9e des profils d\u2019\u00e9l\u00e9vation et des cartes d\u00e9taill\u00e9s, essentiels au d\u00e9veloppement des infrastructures, aux \u00e9tudes environnementales et \u00e0 l\u2019exploration des ressources.<\/p>\n<\/li>\n<\/ul>\n<h3>Caract\u00e9ristiques<\/h3>\n<ul>\n<li>Cha\u00eenes \u2013 1598<\/li>\n<li>Capteur d&#039;inclinaison IMU \u2013 60\u00b0<\/li>\n<li>Modem Internet \u2013 Aucun<\/li>\n<li>Radio UHF \u2013 410 \u2013 470 MHz<\/li>\n<li>GPS L1, L1C, L2C, L2P, L<\/li>\n<li>GLONASS L1C\/A, L1P, L2C\/A, L2P, L3<\/li>\n<li>GALILEO E1, E5A, E5B, E6C, AltBOC<\/li>\n<li>BEIDOU BDS-2 : B1I, B2I, B3I, BDS-3 : B1I, B3I, B1C, B2A, B2B<\/li>\n<\/ul>\n<h3>Dans la bo\u00eete<\/h3>\n<ul>\n<li>1x antenne UHF TNC<\/li>\n<li>1x adaptateur secteur PD<\/li>\n<li>1x c\u00e2ble de donn\u00e9es TYP-C<\/li>\n<li>1x c\u00e2ble de charge TYP-C<\/li>\n<li>1x plaque de mesure<\/li>\n<li>1x Connecteur<\/li>\n<li>1x \u00e9tui de transport<\/li>\n<\/ul>","protected":false},"excerpt":{"rendered":"<p>Le Galaxy G3 de South Instruments est un r\u00e9cepteur GNSS hautes performances con\u00e7u pour les applications professionnelles de topographie et de cartographie. Il s&#039;appuie sur le succ\u00e8s de son pr\u00e9d\u00e9cesseur, le Galaxy G2, et offre une pr\u00e9cision, une polyvalence et une convivialit\u00e9 accrues.<\/p>\n<ul>\n<li>1598 cha\u00eenes<\/li>\n<\/ul>","protected":false},"featured_media":15095,"comment_status":"open","ping_status":"closed","template":"","meta":[],"product_brand":[],"product_cat":[372,371],"product_tag":[597,602,595],"class_list":{"0":"post-15091","1":"product","2":"type-product","3":"status-publish","4":"has-post-thumbnail","6":"product_cat-receivers-south","7":"product_cat-south","8":"product_tag-1598-channels","9":"product_tag-galaxy-g3","10":"product_tag-south-instruments","12":"first","13":"onbackorder","14":"taxable","15":"shipping-taxable","16":"product-type-simple"},"yoast_head":"<!-- This site is optimized with the Yoast SEO plugin v27.1.1 - https:\/\/yoast.com\/product\/yoast-seo-wordpress\/ -->\n<title>South Galaxy G3 (1598 channels) - Ghostysky<\/title>\n<meta name=\"description\" content=\"The South Instruments Galaxy G3 is a high-performance GNSS receiver designed for professional surveying and mapping applications. It builds upon the success of its predecessor, the Galaxy G2, offering enhanced accuracy, versatility, and user-friendliness.1598 channels\" \/>\n<meta name=\"robots\" content=\"index, follow, max-snippet:-1, max-image-preview:large, max-video-preview:-1\" \/>\n<link rel=\"canonical\" href=\"https:\/\/www.ghostysky.com\/fr\/product\/south-galaxy-g3-1598-channels\/\" \/>\n<meta property=\"og:locale\" content=\"fr_FR\" \/>\n<meta property=\"og:type\" content=\"article\" \/>\n<meta property=\"og:title\" content=\"South Galaxy G3 (1598 channels) - Ghostysky\" \/>\n<meta property=\"og:description\" content=\"The South Instruments Galaxy G3 is a high-performance GNSS receiver designed for professional surveying and mapping applications. It builds upon the success of its predecessor, the Galaxy G2, offering enhanced accuracy, versatility, and user-friendliness.1598 channels\" \/>\n<meta property=\"og:url\" content=\"https:\/\/www.ghostysky.com\/fr\/product\/south-galaxy-g3-1598-channels\/\" \/>\n<meta property=\"og:site_name\" content=\"Ghostysky\" \/>\n<meta property=\"article:publisher\" content=\"https:\/\/www.facebook.com\/people\/Ghostysky\/100057676170234\/\" \/>\n<meta property=\"article:modified_time\" content=\"2024-11-03T07:10:18+00:00\" \/>\n<meta property=\"og:image\" content=\"https:\/\/www.ghostysky.com\/wp-content\/uploads\/2023\/12\/SouthgalaxyG3_1.jpg\" \/>\n\t<meta property=\"og:image:width\" content=\"580\" \/>\n\t<meta property=\"og:image:height\" content=\"580\" \/>\n\t<meta property=\"og:image:type\" content=\"image\/jpeg\" \/>\n<meta name=\"twitter:card\" content=\"summary_large_image\" \/>\n<meta name=\"twitter:site\" content=\"@Gh0stysky\" \/>\n<meta name=\"twitter:label1\" content=\"Dur\u00e9e de lecture estim\u00e9e\" \/>\n\t<meta name=\"twitter:data1\" content=\"2 minutes\" \/>\n<script type=\"application\/ld+json\" class=\"yoast-schema-graph\">{\"@context\":\"https:\/\/schema.org\",\"@graph\":[{\"@type\":\"WebPage\",\"@id\":\"https:\/\/www.ghostysky.com\/product\/south-galaxy-g3-1598-channels\/\",\"url\":\"https:\/\/www.ghostysky.com\/product\/south-galaxy-g3-1598-channels\/\",\"name\":\"South Galaxy G3 (1598 channels) - Ghostysky\",\"isPartOf\":{\"@id\":\"https:\/\/www.ghostysky.com\/#website\"},\"primaryImageOfPage\":{\"@id\":\"https:\/\/www.ghostysky.com\/product\/south-galaxy-g3-1598-channels\/#primaryimage\"},\"image\":{\"@id\":\"https:\/\/www.ghostysky.com\/product\/south-galaxy-g3-1598-channels\/#primaryimage\"},\"thumbnailUrl\":\"https:\/\/www.ghostysky.com\/wp-content\/uploads\/2023\/12\/SouthgalaxyG3_1.jpg\",\"datePublished\":\"2023-12-07T11:49:48+00:00\",\"dateModified\":\"2024-11-03T07:10:18+00:00\",\"description\":\"The South Instruments Galaxy G3 is a high-performance GNSS receiver designed for professional surveying and mapping applications. It builds upon the success of its predecessor, the Galaxy G2, offering enhanced accuracy, versatility, and user-friendliness.1598 channels\",\"breadcrumb\":{\"@id\":\"https:\/\/www.ghostysky.com\/product\/south-galaxy-g3-1598-channels\/#breadcrumb\"},\"inLanguage\":\"fr-FR\",\"potentialAction\":[{\"@type\":\"ReadAction\",\"target\":[\"https:\/\/www.ghostysky.com\/product\/south-galaxy-g3-1598-channels\/\"]}]},{\"@type\":\"ImageObject\",\"inLanguage\":\"fr-FR\",\"@id\":\"https:\/\/www.ghostysky.com\/product\/south-galaxy-g3-1598-channels\/#primaryimage\",\"url\":\"https:\/\/www.ghostysky.com\/wp-content\/uploads\/2023\/12\/SouthgalaxyG3_1.jpg\",\"contentUrl\":\"https:\/\/www.ghostysky.com\/wp-content\/uploads\/2023\/12\/SouthgalaxyG3_1.jpg\",\"width\":580,\"height\":580},{\"@type\":\"BreadcrumbList\",\"@id\":\"https:\/\/www.ghostysky.com\/product\/south-galaxy-g3-1598-channels\/#breadcrumb\",\"itemListElement\":[{\"@type\":\"ListItem\",\"position\":1,\"name\":\"Home\",\"item\":\"https:\/\/www.ghostysky.com\/\"},{\"@type\":\"ListItem\",\"position\":2,\"name\":\"Shop\",\"item\":\"https:\/\/www.ghostysky.com\/shop\/\"},{\"@type\":\"ListItem\",\"position\":3,\"name\":\"South Galaxy G3 (1598 channels)\"}]},{\"@type\":\"WebSite\",\"@id\":\"https:\/\/www.ghostysky.com\/#website\",\"url\":\"https:\/\/www.ghostysky.com\/\",\"name\":\"Ghostysky\",\"description\":\"Delivering professional drones and services\",\"publisher\":{\"@id\":\"https:\/\/www.ghostysky.com\/#organization\"},\"potentialAction\":[{\"@type\":\"SearchAction\",\"target\":{\"@type\":\"EntryPoint\",\"urlTemplate\":\"https:\/\/www.ghostysky.com\/?s={search_term_string}\"},\"query-input\":{\"@type\":\"PropertyValueSpecification\",\"valueRequired\":true,\"valueName\":\"search_term_string\"}}],\"inLanguage\":\"fr-FR\"},{\"@type\":\"Organization\",\"@id\":\"https:\/\/www.ghostysky.com\/#organization\",\"name\":\"Ghostysky\",\"url\":\"https:\/\/www.ghostysky.com\/\",\"logo\":{\"@type\":\"ImageObject\",\"inLanguage\":\"fr-FR\",\"@id\":\"https:\/\/www.ghostysky.com\/#\/schema\/logo\/image\/\",\"url\":\"https:\/\/www.ghostysky.com\/wp-content\/uploads\/2020\/06\/cropped-ghostyskylogo_text_white2.png\",\"contentUrl\":\"https:\/\/www.ghostysky.com\/wp-content\/uploads\/2020\/06\/cropped-ghostyskylogo_text_white2.png\",\"width\":169,\"height\":56,\"caption\":\"Ghostysky\"},\"image\":{\"@id\":\"https:\/\/www.ghostysky.com\/#\/schema\/logo\/image\/\"},\"sameAs\":[\"https:\/\/www.facebook.com\/people\/Ghostysky\/100057676170234\/\",\"https:\/\/x.com\/Gh0stysky\",\"https:\/\/www.linkedin.com\/company\/34739653\",\"https:\/\/www.instagram.com\/gh0stysky\"]}]}<\/script>\n<!-- \/ Yoast SEO plugin. -->","yoast_head_json":{"title":"South Galaxy G3 (1598 cha\u00eenes) - Ghostysky","description":"Le Galaxy G3 de South Instruments est un r\u00e9cepteur GNSS hautes performances con\u00e7u pour les applications professionnelles de topographie et de cartographie. Il s&#039;appuie sur le succ\u00e8s de son pr\u00e9d\u00e9cesseur, le Galaxy G2, et offre une pr\u00e9cision, une polyvalence et une convivialit\u00e9 accrues. 1598 canaux","robots":{"index":"index","follow":"follow","max-snippet":"max-snippet:-1","max-image-preview":"max-image-preview:large","max-video-preview":"max-video-preview:-1"},"canonical":"https:\/\/www.ghostysky.com\/fr\/product\/south-galaxy-g3-1598-channels\/","og_locale":"fr_FR","og_type":"article","og_title":"South Galaxy G3 (1598 channels) - Ghostysky","og_description":"The South Instruments Galaxy G3 is a high-performance GNSS receiver designed for professional surveying and mapping applications. It builds upon the success of its predecessor, the Galaxy G2, offering enhanced accuracy, versatility, and user-friendliness.1598 channels","og_url":"https:\/\/www.ghostysky.com\/fr\/product\/south-galaxy-g3-1598-channels\/","og_site_name":"Ghostysky","article_publisher":"https:\/\/www.facebook.com\/people\/Ghostysky\/100057676170234\/","article_modified_time":"2024-11-03T07:10:18+00:00","og_image":[{"width":580,"height":580,"url":"https:\/\/www.ghostysky.com\/wp-content\/uploads\/2023\/12\/SouthgalaxyG3_1.jpg","type":"image\/jpeg"}],"twitter_card":"summary_large_image","twitter_site":"@Gh0stysky","twitter_misc":{"Dur\u00e9e de lecture estim\u00e9e":"2 minutes"},"schema":{"@context":"https:\/\/schema.org","@graph":[{"@type":"WebPage","@id":"https:\/\/www.ghostysky.com\/product\/south-galaxy-g3-1598-channels\/","url":"https:\/\/www.ghostysky.com\/product\/south-galaxy-g3-1598-channels\/","name":"South Galaxy G3 (1598 cha\u00eenes) - Ghostysky","isPartOf":{"@id":"https:\/\/www.ghostysky.com\/#website"},"primaryImageOfPage":{"@id":"https:\/\/www.ghostysky.com\/product\/south-galaxy-g3-1598-channels\/#primaryimage"},"image":{"@id":"https:\/\/www.ghostysky.com\/product\/south-galaxy-g3-1598-channels\/#primaryimage"},"thumbnailUrl":"https:\/\/www.ghostysky.com\/wp-content\/uploads\/2023\/12\/SouthgalaxyG3_1.jpg","datePublished":"2023-12-07T11:49:48+00:00","dateModified":"2024-11-03T07:10:18+00:00","description":"Le Galaxy G3 de South Instruments est un r\u00e9cepteur GNSS hautes performances con\u00e7u pour les applications professionnelles de topographie et de cartographie. Il s&#039;appuie sur le succ\u00e8s de son pr\u00e9d\u00e9cesseur, le Galaxy G2, et offre une pr\u00e9cision, une polyvalence et une convivialit\u00e9 accrues. 1598 canaux","breadcrumb":{"@id":"https:\/\/www.ghostysky.com\/product\/south-galaxy-g3-1598-channels\/#breadcrumb"},"inLanguage":"fr-FR","potentialAction":[{"@type":"ReadAction","target":["https:\/\/www.ghostysky.com\/product\/south-galaxy-g3-1598-channels\/"]}]},{"@type":"ImageObject","inLanguage":"fr-FR","@id":"https:\/\/www.ghostysky.com\/product\/south-galaxy-g3-1598-channels\/#primaryimage","url":"https:\/\/www.ghostysky.com\/wp-content\/uploads\/2023\/12\/SouthgalaxyG3_1.jpg","contentUrl":"https:\/\/www.ghostysky.com\/wp-content\/uploads\/2023\/12\/SouthgalaxyG3_1.jpg","width":580,"height":580},{"@type":"BreadcrumbList","@id":"https:\/\/www.ghostysky.com\/product\/south-galaxy-g3-1598-channels\/#breadcrumb","itemListElement":[{"@type":"ListItem","position":1,"name":"Home","item":"https:\/\/www.ghostysky.com\/"},{"@type":"ListItem","position":2,"name":"Shop","item":"https:\/\/www.ghostysky.com\/shop\/"},{"@type":"ListItem","position":3,"name":"South Galaxy G3 (1598 channels)"}]},{"@type":"WebSite","@id":"https:\/\/www.ghostysky.com\/#website","url":"https:\/\/www.ghostysky.com\/","name":"Ghostysky","description":"Livraison de drones et de services professionnels","publisher":{"@id":"https:\/\/www.ghostysky.com\/#organization"},"potentialAction":[{"@type":"SearchAction","target":{"@type":"EntryPoint","urlTemplate":"https:\/\/www.ghostysky.com\/?s={search_term_string}"},"query-input":{"@type":"PropertyValueSpecification","valueRequired":true,"valueName":"search_term_string"}}],"inLanguage":"fr-FR"},{"@type":"Organization","@id":"https:\/\/www.ghostysky.com\/#organization","name":"Ghostysky","url":"https:\/\/www.ghostysky.com\/","logo":{"@type":"ImageObject","inLanguage":"fr-FR","@id":"https:\/\/www.ghostysky.com\/#\/schema\/logo\/image\/","url":"https:\/\/www.ghostysky.com\/wp-content\/uploads\/2020\/06\/cropped-ghostyskylogo_text_white2.png","contentUrl":"https:\/\/www.ghostysky.com\/wp-content\/uploads\/2020\/06\/cropped-ghostyskylogo_text_white2.png","width":169,"height":56,"caption":"Ghostysky"},"image":{"@id":"https:\/\/www.ghostysky.com\/#\/schema\/logo\/image\/"},"sameAs":["https:\/\/www.facebook.com\/people\/Ghostysky\/100057676170234\/","https:\/\/x.com\/Gh0stysky","https:\/\/www.linkedin.com\/company\/34739653","https:\/\/www.instagram.com\/gh0stysky"]}]}},"_links":{"self":[{"href":"https:\/\/www.ghostysky.com\/fr\/wp-json\/wp\/v2\/product\/15091","targetHints":{"allow":["GET"]}}],"collection":[{"href":"https:\/\/www.ghostysky.com\/fr\/wp-json\/wp\/v2\/product"}],"about":[{"href":"https:\/\/www.ghostysky.com\/fr\/wp-json\/wp\/v2\/types\/product"}],"replies":[{"embeddable":true,"href":"https:\/\/www.ghostysky.com\/fr\/wp-json\/wp\/v2\/comments?post=15091"}],"wp:featuredmedia":[{"embeddable":true,"href":"https:\/\/www.ghostysky.com\/fr\/wp-json\/wp\/v2\/media\/15095"}],"wp:attachment":[{"href":"https:\/\/www.ghostysky.com\/fr\/wp-json\/wp\/v2\/media?parent=15091"}],"wp:term":[{"taxonomy":"product_brand","embeddable":true,"href":"https:\/\/www.ghostysky.com\/fr\/wp-json\/wp\/v2\/product_brand?post=15091"},{"taxonomy":"product_cat","embeddable":true,"href":"https:\/\/www.ghostysky.com\/fr\/wp-json\/wp\/v2\/product_cat?post=15091"},{"taxonomy":"product_tag","embeddable":true,"href":"https:\/\/www.ghostysky.com\/fr\/wp-json\/wp\/v2\/product_tag?post=15091"}],"curies":[{"name":"wp","href":"https:\/\/api.w.org\/{rel}","templated":true}]}}