{"id":15127,"date":"2023-12-13T16:00:02","date_gmt":"2023-12-13T16:00:02","guid":{"rendered":"https:\/\/www.ghostysky.com\/?post_type=product&#038;p=15127"},"modified":"2024-11-08T01:45:14","modified_gmt":"2024-11-08T01:45:14","slug":"bluemark-db120","status":"publish","type":"product","link":"https:\/\/www.ghostysky.com\/fr\/product\/bluemark-db120\/","title":{"rendered":"Bluemark DB120 (avec batterie interne)"},"content":{"rendered":"<h2><a href=\"https:\/\/uasdoc.faa.gov\/listDocs\/RID000000058\" target=\"_blank\" rel=\"noopener\"><img decoding=\"async\" class=\"alignnone wp-image-1862 lazy-loaded\" src=\"https:\/\/dronescout.co\/wp-content\/uploads\/2022\/09\/FAA_logo.webp\" sizes=\"(max-width: 111px) 100vw, 111px\" srcset=\"https:\/\/dronescout.co\/wp-content\/uploads\/2022\/09\/FAA_logo.webp 256w, https:\/\/dronescout.co\/wp-content\/uploads\/2022\/09\/FAA_logo-150x150.webp 150w, https:\/\/dronescout.co\/wp-content\/uploads\/2022\/09\/FAA_logo-100x100.webp 100w\" alt=\"\" width=\"111\" height=\"111\" data-lazy-type=\"image\" data-src=\"https:\/\/dronescout.co\/wp-content\/uploads\/2022\/09\/FAA_logo.webp\" data-srcset=\"\" \/><\/a>\u00a0<a href=\"https:\/\/uasdoc.faa.gov\/listDocs\/RID000000058\" target=\"_blank\" rel=\"noopener\">D\u00e9claration de conformit\u00e9 RID000000058<\/a><\/h2>\n<h3><a href=\"https:\/\/dronescout.co\/wp-content\/uploads\/2023\/09\/EU-DoC_standalone.pdf?v=35357b9c8fe4\"><img decoding=\"async\" class=\"alignnone wp-image-7235 size-full lazy-loaded\" src=\"https:\/\/dronescout.co\/wp-content\/uploads\/2023\/09\/CE_DOC.webp\" alt=\"\" width=\"111\" height=\"113\" data-lazy-type=\"image\" data-src=\"https:\/\/dronescout.co\/wp-content\/uploads\/2023\/09\/CE_DOC.webp\" \/><\/a><a href=\"https:\/\/dronescout.co\/wp-content\/uploads\/2023\/09\/EU-DoC_standalone.pdf?v=35357b9c8fe4\" target=\"_blank\" rel=\"noopener\">D\u00e9claration de conformit\u00e9 UE<\/a><\/h3>\n<h2>Caract\u00e9ristiques<\/h2>\n<p><strong>Approbation de la FAA :<\/strong><a href=\"https:\/\/uasdoc.faa.gov\/listDocs\/RID000000058\" target=\"_blank\" rel=\"noopener\">RID000000058<\/a><\/p>\n<p><strong><b>Radio \u00e0 courte port\u00e9e :\u00a0<\/b><\/strong>Bluetooth et WiFi 2,4 GHz, puissance de sortie (ERP) : + 20 dBm (100 mW)<\/p>\n<p><strong><b>Positionnement : <\/b><\/strong>GPS, GLONASS, pr\u00e9cision de positionnement de 2,5 m<\/p>\n<p><strong><b>Antennes: <\/b><\/strong>Antenne 0 dBi (antenne PCB omnidirectionnelle interne haute performance)<\/p>\n<p><strong><b>Batterie: <\/b><\/strong>LiPo 3,7 V 600 mAh, autonomie &gt; 3 heures<\/p>\n<p>charge, 5 V USB-C, 1 heure \u00e0 partir d&#039;un \u00e9tat d\u00e9charg\u00e9<\/p>\n<p><strong><b>Lumi\u00e8res LED : <\/b><\/strong>charge, niveau de batterie (4x), mode de configuration<\/p>\n<p><strong><b>Enceinte: <\/b><\/strong>plastique (nylon)<\/p>\n<p><strong><b>M\u00e9canisme de fixation : <\/b><\/strong>Vis 3M \u00e0 double verrouillage ou M5 utilisant les nez de vis<\/p>\n<p><strong><b>Indice de protection IP: <\/b><\/strong>IP43<\/p>\n<p><strong><b>Temp\u00e9rature de fonctionnement: <\/b><\/strong>-5\u00b0C \u00e0 +40\u00b0C<\/p>\n<p><strong><b>Dimensions: <\/b><\/strong>48 x 38 x 28 mm. Avec les vis, les dimensions sont de 48 x 51 x 28 mm.<\/p>\n<p><strong><b>Poids: <\/b><\/strong>25 grammes<\/p>","protected":false},"excerpt":{"rendered":"<p>Le DroneBeacon <strong>db120<\/strong> Il s&#039;agit d&#039;un transpondeur longue port\u00e9e, dit d&#039;identification \u00e0 distance directe ou par diffusion, \u00e9quip\u00e9 de son propre GPS et d&#039;une batterie. Un transpondeur est \u00e9galement appel\u00e9 module compl\u00e9mentaire, traceur, \u00e9tiquette ou plaque d&#039;immatriculation (sans fil). Le DroneBeacon peut \u00eatre fix\u00e9 \u00e0 n&#039;importe quel drone (grand public) gr\u00e2ce au ruban adh\u00e9sif double verrouillage 3M. <strong>Il est conforme aux normes (\u00e0 venir) de l&#039;UE et des \u00c9tats-Unis<\/strong>La FAA a approuv\u00e9 l&#039;utilisation du db120 aux \u00c9tats-Unis. De plus, le transpondeur est optimis\u00e9 pour une longue port\u00e9e gr\u00e2ce \u00e0 sa puissance d&#039;\u00e9mission et \u00e0 la conception de son antenne. Il prend \u00e9galement en charge tous les protocoles de transmission pour une flexibilit\u00e9 maximale.<\/p>\n<p><a href=\"https:\/\/www.easa.europa.eu\/en\/domains\/civil-drones-rpas\/open-category-civil-drones\">EASA \u2013 D\u00e9claration de conformit\u00e9<\/a><\/p>","protected":false},"featured_media":15147,"comment_status":"open","ping_status":"closed","template":"","meta":[],"product_brand":[],"product_cat":[461,604],"product_tag":[606,607,47,605],"class_list":{"0":"post-15127","1":"product","2":"type-product","3":"status-publish","4":"has-post-thumbnail","6":"product_cat-accessories-2","7":"product_cat-remote-id","8":"product_tag-bluemark","9":"product_tag-db120","10":"product_tag-drones","11":"product_tag-remote-id","13":"first","14":"instock","15":"taxable","16":"shipping-taxable","17":"purchasable","18":"product-type-simple"},"yoast_head":"<!-- This site is optimized with the Yoast SEO plugin v27.1.1 - https:\/\/yoast.com\/product\/yoast-seo-wordpress\/ -->\n<title>Bluemark DB120 (with internal battery) - Ghostysky<\/title>\n<meta name=\"description\" content=\"The DroneBeacon db120 is a so-called direct or broadcast Remote ID long-range transponder, equipped with its own GPS and battery. A transponder is also called add-on, tracker, tag or (wireless) number plate. The DroneBeacon can be attached to any (consumer) drone using the 3M dual-lock tape. It is compliant with the (upcoming) standards in the EU and USA. The FAA has approved the db120 for usage in the USA. Furthermore, the transponder is optimized for long range due to its transmit power and antenna design. It also supports all transmission protocols for maximum flexibility.\" \/>\n<meta name=\"robots\" content=\"index, follow, max-snippet:-1, max-image-preview:large, max-video-preview:-1\" \/>\n<link rel=\"canonical\" href=\"https:\/\/www.ghostysky.com\/fr\/product\/bluemark-db120\/\" \/>\n<meta property=\"og:locale\" content=\"fr_FR\" \/>\n<meta property=\"og:type\" content=\"article\" \/>\n<meta property=\"og:title\" content=\"Bluemark DB120 (with internal battery) - Ghostysky\" \/>\n<meta property=\"og:description\" content=\"The DroneBeacon db120 is a so-called direct or broadcast Remote ID long-range transponder, equipped with its own GPS and battery. A transponder is also called add-on, tracker, tag or (wireless) number plate. The DroneBeacon can be attached to any (consumer) drone using the 3M dual-lock tape. It is compliant with the (upcoming) standards in the EU and USA. The FAA has approved the db120 for usage in the USA. Furthermore, the transponder is optimized for long range due to its transmit power and antenna design. It also supports all transmission protocols for maximum flexibility.\" \/>\n<meta property=\"og:url\" content=\"https:\/\/www.ghostysky.com\/fr\/product\/bluemark-db120\/\" \/>\n<meta property=\"og:site_name\" content=\"Ghostysky\" \/>\n<meta property=\"article:publisher\" content=\"https:\/\/www.facebook.com\/people\/Ghostysky\/100057676170234\/\" \/>\n<meta property=\"article:modified_time\" content=\"2024-11-08T01:45:14+00:00\" \/>\n<meta property=\"og:image\" content=\"https:\/\/www.ghostysky.com\/wp-content\/uploads\/2023\/12\/ds120_Battery_1.jpg\" \/>\n\t<meta property=\"og:image:width\" content=\"768\" \/>\n\t<meta property=\"og:image:height\" content=\"576\" \/>\n\t<meta property=\"og:image:type\" content=\"image\/jpeg\" \/>\n<meta name=\"twitter:card\" content=\"summary_large_image\" \/>\n<meta name=\"twitter:site\" content=\"@Gh0stysky\" \/>\n<meta name=\"twitter:label1\" content=\"Dur\u00e9e de lecture estim\u00e9e\" \/>\n\t<meta name=\"twitter:data1\" content=\"2 minutes\" \/>\n<script type=\"application\/ld+json\" class=\"yoast-schema-graph\">{\"@context\":\"https:\/\/schema.org\",\"@graph\":[{\"@type\":\"WebPage\",\"@id\":\"https:\/\/www.ghostysky.com\/product\/bluemark-db120\/\",\"url\":\"https:\/\/www.ghostysky.com\/product\/bluemark-db120\/\",\"name\":\"Bluemark DB120 (with internal battery) - Ghostysky\",\"isPartOf\":{\"@id\":\"https:\/\/www.ghostysky.com\/#website\"},\"primaryImageOfPage\":{\"@id\":\"https:\/\/www.ghostysky.com\/product\/bluemark-db120\/#primaryimage\"},\"image\":{\"@id\":\"https:\/\/www.ghostysky.com\/product\/bluemark-db120\/#primaryimage\"},\"thumbnailUrl\":\"https:\/\/www.ghostysky.com\/wp-content\/uploads\/2023\/12\/ds120_Battery_1.jpg\",\"datePublished\":\"2023-12-13T16:00:02+00:00\",\"dateModified\":\"2024-11-08T01:45:14+00:00\",\"description\":\"The DroneBeacon db120 is a so-called direct or broadcast Remote ID long-range transponder, equipped with its own GPS and battery. A transponder is also called add-on, tracker, tag or (wireless) number plate. The DroneBeacon can be attached to any (consumer) drone using the 3M dual-lock tape. It is compliant with the (upcoming) standards in the EU and USA. The FAA has approved the db120 for usage in the USA. Furthermore, the transponder is optimized for long range due to its transmit power and antenna design. It also supports all transmission protocols for maximum flexibility.\",\"breadcrumb\":{\"@id\":\"https:\/\/www.ghostysky.com\/product\/bluemark-db120\/#breadcrumb\"},\"inLanguage\":\"fr-FR\",\"potentialAction\":[{\"@type\":\"ReadAction\",\"target\":[\"https:\/\/www.ghostysky.com\/product\/bluemark-db120\/\"]}]},{\"@type\":\"ImageObject\",\"inLanguage\":\"fr-FR\",\"@id\":\"https:\/\/www.ghostysky.com\/product\/bluemark-db120\/#primaryimage\",\"url\":\"https:\/\/www.ghostysky.com\/wp-content\/uploads\/2023\/12\/ds120_Battery_1.jpg\",\"contentUrl\":\"https:\/\/www.ghostysky.com\/wp-content\/uploads\/2023\/12\/ds120_Battery_1.jpg\",\"width\":768,\"height\":576},{\"@type\":\"BreadcrumbList\",\"@id\":\"https:\/\/www.ghostysky.com\/product\/bluemark-db120\/#breadcrumb\",\"itemListElement\":[{\"@type\":\"ListItem\",\"position\":1,\"name\":\"Home\",\"item\":\"https:\/\/www.ghostysky.com\/\"},{\"@type\":\"ListItem\",\"position\":2,\"name\":\"Shop\",\"item\":\"https:\/\/www.ghostysky.com\/shop\/\"},{\"@type\":\"ListItem\",\"position\":3,\"name\":\"Bluemark DB120 (with internal battery)\"}]},{\"@type\":\"WebSite\",\"@id\":\"https:\/\/www.ghostysky.com\/#website\",\"url\":\"https:\/\/www.ghostysky.com\/\",\"name\":\"Ghostysky\",\"description\":\"Delivering professional drones and services\",\"publisher\":{\"@id\":\"https:\/\/www.ghostysky.com\/#organization\"},\"potentialAction\":[{\"@type\":\"SearchAction\",\"target\":{\"@type\":\"EntryPoint\",\"urlTemplate\":\"https:\/\/www.ghostysky.com\/?s={search_term_string}\"},\"query-input\":{\"@type\":\"PropertyValueSpecification\",\"valueRequired\":true,\"valueName\":\"search_term_string\"}}],\"inLanguage\":\"fr-FR\"},{\"@type\":\"Organization\",\"@id\":\"https:\/\/www.ghostysky.com\/#organization\",\"name\":\"Ghostysky\",\"url\":\"https:\/\/www.ghostysky.com\/\",\"logo\":{\"@type\":\"ImageObject\",\"inLanguage\":\"fr-FR\",\"@id\":\"https:\/\/www.ghostysky.com\/#\/schema\/logo\/image\/\",\"url\":\"https:\/\/www.ghostysky.com\/wp-content\/uploads\/2020\/06\/cropped-ghostyskylogo_text_white2.png\",\"contentUrl\":\"https:\/\/www.ghostysky.com\/wp-content\/uploads\/2020\/06\/cropped-ghostyskylogo_text_white2.png\",\"width\":169,\"height\":56,\"caption\":\"Ghostysky\"},\"image\":{\"@id\":\"https:\/\/www.ghostysky.com\/#\/schema\/logo\/image\/\"},\"sameAs\":[\"https:\/\/www.facebook.com\/people\/Ghostysky\/100057676170234\/\",\"https:\/\/x.com\/Gh0stysky\",\"https:\/\/www.linkedin.com\/company\/34739653\",\"https:\/\/www.instagram.com\/gh0stysky\"]}]}<\/script>\n<!-- \/ Yoast SEO plugin. -->","yoast_head_json":{"title":"Bluemark DB120 (avec batterie interne) - Ghostysky","description":"Le DroneBeacon db120 est un transpondeur longue port\u00e9e \u00e0 identification \u00e0 distance directe ou par diffusion, \u00e9quip\u00e9 de son propre GPS et d&#039;une batterie. Un transpondeur est \u00e9galement appel\u00e9 module compl\u00e9mentaire, traceur, \u00e9tiquette ou plaque d&#039;immatriculation (sans fil). Le DroneBeacon peut \u00eatre fix\u00e9 \u00e0 tout drone (grand public) gr\u00e2ce au ruban adh\u00e9sif double verrouillage 3M. Il est conforme aux normes (\u00e0 venir) de l&#039;UE et des \u00c9tats-Unis. La FAA a homologu\u00e9 le db120 pour une utilisation aux \u00c9tats-Unis. De plus, sa puissance d&#039;\u00e9mission et la conception de son antenne optimisent sa port\u00e9e. Il prend \u00e9galement en charge tous les protocoles de transmission pour une flexibilit\u00e9 maximale.","robots":{"index":"index","follow":"follow","max-snippet":"max-snippet:-1","max-image-preview":"max-image-preview:large","max-video-preview":"max-video-preview:-1"},"canonical":"https:\/\/www.ghostysky.com\/fr\/product\/bluemark-db120\/","og_locale":"fr_FR","og_type":"article","og_title":"Bluemark DB120 (with internal battery) - Ghostysky","og_description":"The DroneBeacon db120 is a so-called direct or broadcast Remote ID long-range transponder, equipped with its own GPS and battery. A transponder is also called add-on, tracker, tag or (wireless) number plate. The DroneBeacon can be attached to any (consumer) drone using the 3M dual-lock tape. It is compliant with the (upcoming) standards in the EU and USA. The FAA has approved the db120 for usage in the USA. Furthermore, the transponder is optimized for long range due to its transmit power and antenna design. It also supports all transmission protocols for maximum flexibility.","og_url":"https:\/\/www.ghostysky.com\/fr\/product\/bluemark-db120\/","og_site_name":"Ghostysky","article_publisher":"https:\/\/www.facebook.com\/people\/Ghostysky\/100057676170234\/","article_modified_time":"2024-11-08T01:45:14+00:00","og_image":[{"width":768,"height":576,"url":"https:\/\/www.ghostysky.com\/wp-content\/uploads\/2023\/12\/ds120_Battery_1.jpg","type":"image\/jpeg"}],"twitter_card":"summary_large_image","twitter_site":"@Gh0stysky","twitter_misc":{"Dur\u00e9e de lecture estim\u00e9e":"2 minutes"},"schema":{"@context":"https:\/\/schema.org","@graph":[{"@type":"WebPage","@id":"https:\/\/www.ghostysky.com\/product\/bluemark-db120\/","url":"https:\/\/www.ghostysky.com\/product\/bluemark-db120\/","name":"Bluemark DB120 (avec batterie interne) - Ghostysky","isPartOf":{"@id":"https:\/\/www.ghostysky.com\/#website"},"primaryImageOfPage":{"@id":"https:\/\/www.ghostysky.com\/product\/bluemark-db120\/#primaryimage"},"image":{"@id":"https:\/\/www.ghostysky.com\/product\/bluemark-db120\/#primaryimage"},"thumbnailUrl":"https:\/\/www.ghostysky.com\/wp-content\/uploads\/2023\/12\/ds120_Battery_1.jpg","datePublished":"2023-12-13T16:00:02+00:00","dateModified":"2024-11-08T01:45:14+00:00","description":"Le DroneBeacon db120 est un transpondeur longue port\u00e9e \u00e0 identification \u00e0 distance directe ou par diffusion, \u00e9quip\u00e9 de son propre GPS et d&#039;une batterie. Un transpondeur est \u00e9galement appel\u00e9 module compl\u00e9mentaire, traceur, \u00e9tiquette ou plaque d&#039;immatriculation (sans fil). Le DroneBeacon peut \u00eatre fix\u00e9 \u00e0 tout drone (grand public) gr\u00e2ce au ruban adh\u00e9sif double verrouillage 3M. Il est conforme aux normes (\u00e0 venir) de l&#039;UE et des \u00c9tats-Unis. La FAA a homologu\u00e9 le db120 pour une utilisation aux \u00c9tats-Unis. De plus, sa puissance d&#039;\u00e9mission et la conception de son antenne optimisent sa port\u00e9e. Il prend \u00e9galement en charge tous les protocoles de transmission pour une flexibilit\u00e9 maximale.","breadcrumb":{"@id":"https:\/\/www.ghostysky.com\/product\/bluemark-db120\/#breadcrumb"},"inLanguage":"fr-FR","potentialAction":[{"@type":"ReadAction","target":["https:\/\/www.ghostysky.com\/product\/bluemark-db120\/"]}]},{"@type":"ImageObject","inLanguage":"fr-FR","@id":"https:\/\/www.ghostysky.com\/product\/bluemark-db120\/#primaryimage","url":"https:\/\/www.ghostysky.com\/wp-content\/uploads\/2023\/12\/ds120_Battery_1.jpg","contentUrl":"https:\/\/www.ghostysky.com\/wp-content\/uploads\/2023\/12\/ds120_Battery_1.jpg","width":768,"height":576},{"@type":"BreadcrumbList","@id":"https:\/\/www.ghostysky.com\/product\/bluemark-db120\/#breadcrumb","itemListElement":[{"@type":"ListItem","position":1,"name":"Home","item":"https:\/\/www.ghostysky.com\/"},{"@type":"ListItem","position":2,"name":"Shop","item":"https:\/\/www.ghostysky.com\/shop\/"},{"@type":"ListItem","position":3,"name":"Bluemark DB120 (with internal battery)"}]},{"@type":"WebSite","@id":"https:\/\/www.ghostysky.com\/#website","url":"https:\/\/www.ghostysky.com\/","name":"Ghostysky","description":"Livraison de drones et de services professionnels","publisher":{"@id":"https:\/\/www.ghostysky.com\/#organization"},"potentialAction":[{"@type":"SearchAction","target":{"@type":"EntryPoint","urlTemplate":"https:\/\/www.ghostysky.com\/?s={search_term_string}"},"query-input":{"@type":"PropertyValueSpecification","valueRequired":true,"valueName":"search_term_string"}}],"inLanguage":"fr-FR"},{"@type":"Organization","@id":"https:\/\/www.ghostysky.com\/#organization","name":"Ghostysky","url":"https:\/\/www.ghostysky.com\/","logo":{"@type":"ImageObject","inLanguage":"fr-FR","@id":"https:\/\/www.ghostysky.com\/#\/schema\/logo\/image\/","url":"https:\/\/www.ghostysky.com\/wp-content\/uploads\/2020\/06\/cropped-ghostyskylogo_text_white2.png","contentUrl":"https:\/\/www.ghostysky.com\/wp-content\/uploads\/2020\/06\/cropped-ghostyskylogo_text_white2.png","width":169,"height":56,"caption":"Ghostysky"},"image":{"@id":"https:\/\/www.ghostysky.com\/#\/schema\/logo\/image\/"},"sameAs":["https:\/\/www.facebook.com\/people\/Ghostysky\/100057676170234\/","https:\/\/x.com\/Gh0stysky","https:\/\/www.linkedin.com\/company\/34739653","https:\/\/www.instagram.com\/gh0stysky"]}]}},"_links":{"self":[{"href":"https:\/\/www.ghostysky.com\/fr\/wp-json\/wp\/v2\/product\/15127","targetHints":{"allow":["GET"]}}],"collection":[{"href":"https:\/\/www.ghostysky.com\/fr\/wp-json\/wp\/v2\/product"}],"about":[{"href":"https:\/\/www.ghostysky.com\/fr\/wp-json\/wp\/v2\/types\/product"}],"replies":[{"embeddable":true,"href":"https:\/\/www.ghostysky.com\/fr\/wp-json\/wp\/v2\/comments?post=15127"}],"wp:featuredmedia":[{"embeddable":true,"href":"https:\/\/www.ghostysky.com\/fr\/wp-json\/wp\/v2\/media\/15147"}],"wp:attachment":[{"href":"https:\/\/www.ghostysky.com\/fr\/wp-json\/wp\/v2\/media?parent=15127"}],"wp:term":[{"taxonomy":"product_brand","embeddable":true,"href":"https:\/\/www.ghostysky.com\/fr\/wp-json\/wp\/v2\/product_brand?post=15127"},{"taxonomy":"product_cat","embeddable":true,"href":"https:\/\/www.ghostysky.com\/fr\/wp-json\/wp\/v2\/product_cat?post=15127"},{"taxonomy":"product_tag","embeddable":true,"href":"https:\/\/www.ghostysky.com\/fr\/wp-json\/wp\/v2\/product_tag?post=15127"}],"curies":[{"name":"wp","href":"https:\/\/api.w.org\/{rel}","templated":true}]}}