{"id":15264,"date":"2023-12-19T10:52:14","date_gmt":"2023-12-19T10:52:14","guid":{"rendered":"https:\/\/www.ghostysky.com\/?post_type=product&#038;p=15264"},"modified":"2026-02-06T10:22:10","modified_gmt":"2026-02-06T10:22:10","slug":"professional-hard-case-for-yuneec-h520-h-plus-h3-h520e","status":"publish","type":"product","link":"https:\/\/www.ghostysky.com\/fr\/product\/professional-hard-case-for-yuneec-h520-h-plus-h3-h520e\/","title":{"rendered":"\u00c9tui rigide professionnel pour Yuneec H520, H Plus, H3, H520E"},"content":{"rendered":"<h2>\u00c9tui rigide Yuneec H520, H Plus, H3, H520E pour les professionnels !<\/h2>\n<ul>\n<li>Valise rigide noire, robuste, \u00e9tanche \u00e0 l&#039;eau et \u00e0 la poussi\u00e8re, avec roulettes et poign\u00e9e extensible, sp\u00e9cialement con\u00e7ue pour le Yuneec H520 Copter ou autres mod\u00e8les H Plus, H3 et H520E. Elle permet de transporter le H520 ou autres mod\u00e8les H Plus, H3 et H520E, y compris la t\u00e9l\u00e9commande ST16, 3 cam\u00e9ras, 8 batteries, 2 batteries ST16, des h\u00e9lices, une station de charge A10, des CGO-ET, E50 et E90 (chacun avec un compartiment), un pare-soleil, divers c\u00e2bles pour A10 et Copter, ainsi que des cartes m\u00e9moire.<\/li>\n<li>Le grand compartiment polyvalent au deuxi\u00e8me niveau de la valise offre \u00e9galement beaucoup d&#039;espace pour transporter des accessoires volumineux\/longs dans votre valise.<\/li>\n<li>La mousse (mousse noire lavable sur le dessus et grise sur le dessous) est fabriqu\u00e9e en mousse robuste de tr\u00e8s haute qualit\u00e9, de fabrication allemande (impression jet d&#039;eau et fraisage). Elle offre une protection parfaite contre les chocs et les vibrations et assure une s\u00e9curit\u00e9 maximale \u00e0 votre Yuneec H520. Que ce soit en voyage ou en soute, cette valise verrouillable est \u00e9quip\u00e9e d&#039;un cadenas TSA (en option, non inclus) et peut \u00eatre transport\u00e9e sans probl\u00e8me.<\/li>\n<li>La valise trolley noire p\u00e8se environ 9 kg et mesure 687 x 528 x 366 mm. Elle est certifi\u00e9e IP67 pour sa r\u00e9sistance \u00e0 l&#039;eau et \u00e0 la poussi\u00e8re.<\/li>\n<\/ul>","protected":false},"excerpt":{"rendered":"<p>Cet \u00e9tui rigide pour Yuneec H520, H Plus, H3, H520E r\u00e9pond \u00e0 toutes les exigences des organisations professionnelles telles que la police, les \u00e9quipes de recherche et de sauvetage, les services d&#039;incendie, les services d&#039;inspection, les vid\u00e9astes professionnels et bien d&#039;autres.<\/p>\n<p>Cette valise permet de transporter le\u00a0<strong>H520 ou autres H Plus, H3, H520E<\/strong> y compris le <strong>ST16 Supprimer le contr\u00f4le<\/strong>, <strong>\u00a03 cam\u00e9ras<\/strong>, <strong>8 piles<\/strong>, <strong>2 piles ST16<\/strong>, <strong>H\u00e9lices<\/strong>,<strong> Station de recharge A10<\/strong>, <strong>CGO-ET<\/strong>,<strong> E50 et E90<\/strong> (chacun a un compartiment), <strong>Pare-soleil<\/strong>, <strong>c\u00e2bles divers pour A10 et Copter<\/strong>, <strong>Cartes m\u00e9moire<\/strong>.<\/p>","protected":false},"featured_media":15272,"comment_status":"open","ping_status":"closed","template":"","meta":[],"product_brand":[],"product_cat":[119,118],"product_tag":[122,125,121,539],"class_list":{"0":"post-15264","1":"product","2":"type-product","3":"status-publish","4":"has-post-thumbnail","6":"product_cat-yuneec-accessories","7":"product_cat-yuneec","8":"product_tag-h520e","9":"product_tag-h520e-rtk","10":"product_tag-yuneec","11":"product_tag-yuneec-h520e-rtk","13":"first","14":"onbackorder","15":"taxable","16":"shipping-taxable","17":"product-type-simple"},"yoast_head":"<!-- This site is optimized with the Yoast SEO plugin v27.1.1 - https:\/\/yoast.com\/product\/yoast-seo-wordpress\/ -->\n<title>Professional Hard Case for Yuneec H520, H Plus, H3, H520E - Ghostysky<\/title>\n<meta name=\"description\" content=\"This Hard Case for Yuneec H520, H Plus, H3, H520E serve all requirements for professional organizations such like Police, Search and Rescue Teams, Fire departments, inspection services, professional videographers and many more.This case makes it possible to transport the\u00a0H520 or others H Plus, H3, H520E including the ST16 Remove Control, \u00a03 cameras, 8 batteries, 2x ST16 Batteries, Propellers, A10 Charging Station, CGO-ET, E50 and E90 (each one has one compartment), Sun Shade, diverse cables for A10 and Copter, Memory Cards.\" \/>\n<meta name=\"robots\" content=\"index, follow, max-snippet:-1, max-image-preview:large, max-video-preview:-1\" \/>\n<link rel=\"canonical\" href=\"https:\/\/www.ghostysky.com\/fr\/product\/professional-hard-case-for-yuneec-h520-h-plus-h3-h520e\/\" \/>\n<meta property=\"og:locale\" content=\"fr_FR\" \/>\n<meta property=\"og:type\" content=\"article\" \/>\n<meta property=\"og:title\" content=\"Professional Hard Case for Yuneec H520, H Plus, H3, H520E - Ghostysky\" \/>\n<meta property=\"og:description\" content=\"This Hard Case for Yuneec H520, H Plus, H3, H520E serve all requirements for professional organizations such like Police, Search and Rescue Teams, Fire departments, inspection services, professional videographers and many more.This case makes it possible to transport the\u00a0H520 or others H Plus, H3, H520E including the ST16 Remove Control, \u00a03 cameras, 8 batteries, 2x ST16 Batteries, Propellers, A10 Charging Station, CGO-ET, E50 and E90 (each one has one compartment), Sun Shade, diverse cables for A10 and Copter, Memory Cards.\" \/>\n<meta property=\"og:url\" content=\"https:\/\/www.ghostysky.com\/fr\/product\/professional-hard-case-for-yuneec-h520-h-plus-h3-h520e\/\" \/>\n<meta property=\"og:site_name\" content=\"Ghostysky\" \/>\n<meta property=\"article:publisher\" content=\"https:\/\/www.facebook.com\/people\/Ghostysky\/100057676170234\/\" \/>\n<meta property=\"article:modified_time\" content=\"2026-02-06T10:22:10+00:00\" \/>\n<meta property=\"og:image\" content=\"https:\/\/www.ghostysky.com\/wp-content\/uploads\/2023\/12\/HardCase-Yuneec-H520_1.jpg\" \/>\n\t<meta property=\"og:image:width\" content=\"575\" \/>\n\t<meta property=\"og:image:height\" content=\"600\" \/>\n\t<meta property=\"og:image:type\" content=\"image\/jpeg\" \/>\n<meta name=\"twitter:card\" content=\"summary_large_image\" \/>\n<meta name=\"twitter:site\" content=\"@Gh0stysky\" \/>\n<meta name=\"twitter:label1\" content=\"Dur\u00e9e de lecture estim\u00e9e\" \/>\n\t<meta name=\"twitter:data1\" content=\"2 minutes\" \/>\n<script type=\"application\/ld+json\" class=\"yoast-schema-graph\">{\"@context\":\"https:\/\/schema.org\",\"@graph\":[{\"@type\":\"WebPage\",\"@id\":\"https:\/\/www.ghostysky.com\/product\/professional-hard-case-for-yuneec-h520-h-plus-h3-h520e\/\",\"url\":\"https:\/\/www.ghostysky.com\/product\/professional-hard-case-for-yuneec-h520-h-plus-h3-h520e\/\",\"name\":\"Professional Hard Case for Yuneec H520, H Plus, H3, H520E - Ghostysky\",\"isPartOf\":{\"@id\":\"https:\/\/www.ghostysky.com\/#website\"},\"primaryImageOfPage\":{\"@id\":\"https:\/\/www.ghostysky.com\/product\/professional-hard-case-for-yuneec-h520-h-plus-h3-h520e\/#primaryimage\"},\"image\":{\"@id\":\"https:\/\/www.ghostysky.com\/product\/professional-hard-case-for-yuneec-h520-h-plus-h3-h520e\/#primaryimage\"},\"thumbnailUrl\":\"https:\/\/www.ghostysky.com\/wp-content\/uploads\/2023\/12\/HardCase-Yuneec-H520_1.jpg\",\"datePublished\":\"2023-12-19T10:52:14+00:00\",\"dateModified\":\"2026-02-06T10:22:10+00:00\",\"description\":\"This Hard Case for Yuneec H520, H Plus, H3, H520E serve all requirements for professional organizations such like Police, Search and Rescue Teams, Fire departments, inspection services, professional videographers and many more.This case makes it possible to transport the\u00a0H520 or others H Plus, H3, H520E including the ST16 Remove Control, \u00a03 cameras, 8 batteries, 2x ST16 Batteries, Propellers, A10 Charging Station, CGO-ET, E50 and E90 (each one has one compartment), Sun Shade, diverse cables for A10 and Copter, Memory Cards.\",\"breadcrumb\":{\"@id\":\"https:\/\/www.ghostysky.com\/product\/professional-hard-case-for-yuneec-h520-h-plus-h3-h520e\/#breadcrumb\"},\"inLanguage\":\"fr-FR\",\"potentialAction\":[{\"@type\":\"ReadAction\",\"target\":[\"https:\/\/www.ghostysky.com\/product\/professional-hard-case-for-yuneec-h520-h-plus-h3-h520e\/\"]}]},{\"@type\":\"ImageObject\",\"inLanguage\":\"fr-FR\",\"@id\":\"https:\/\/www.ghostysky.com\/product\/professional-hard-case-for-yuneec-h520-h-plus-h3-h520e\/#primaryimage\",\"url\":\"https:\/\/www.ghostysky.com\/wp-content\/uploads\/2023\/12\/HardCase-Yuneec-H520_1.jpg\",\"contentUrl\":\"https:\/\/www.ghostysky.com\/wp-content\/uploads\/2023\/12\/HardCase-Yuneec-H520_1.jpg\",\"width\":575,\"height\":600},{\"@type\":\"BreadcrumbList\",\"@id\":\"https:\/\/www.ghostysky.com\/product\/professional-hard-case-for-yuneec-h520-h-plus-h3-h520e\/#breadcrumb\",\"itemListElement\":[{\"@type\":\"ListItem\",\"position\":1,\"name\":\"Home\",\"item\":\"https:\/\/www.ghostysky.com\/\"},{\"@type\":\"ListItem\",\"position\":2,\"name\":\"Shop\",\"item\":\"https:\/\/www.ghostysky.com\/shop\/\"},{\"@type\":\"ListItem\",\"position\":3,\"name\":\"Professional Hard Case for Yuneec H520, H Plus, H3, H520E\"}]},{\"@type\":\"WebSite\",\"@id\":\"https:\/\/www.ghostysky.com\/#website\",\"url\":\"https:\/\/www.ghostysky.com\/\",\"name\":\"Ghostysky\",\"description\":\"Delivering professional drones and services\",\"publisher\":{\"@id\":\"https:\/\/www.ghostysky.com\/#organization\"},\"potentialAction\":[{\"@type\":\"SearchAction\",\"target\":{\"@type\":\"EntryPoint\",\"urlTemplate\":\"https:\/\/www.ghostysky.com\/?s={search_term_string}\"},\"query-input\":{\"@type\":\"PropertyValueSpecification\",\"valueRequired\":true,\"valueName\":\"search_term_string\"}}],\"inLanguage\":\"fr-FR\"},{\"@type\":\"Organization\",\"@id\":\"https:\/\/www.ghostysky.com\/#organization\",\"name\":\"Ghostysky\",\"url\":\"https:\/\/www.ghostysky.com\/\",\"logo\":{\"@type\":\"ImageObject\",\"inLanguage\":\"fr-FR\",\"@id\":\"https:\/\/www.ghostysky.com\/#\/schema\/logo\/image\/\",\"url\":\"https:\/\/www.ghostysky.com\/wp-content\/uploads\/2020\/06\/cropped-ghostyskylogo_text_white2.png\",\"contentUrl\":\"https:\/\/www.ghostysky.com\/wp-content\/uploads\/2020\/06\/cropped-ghostyskylogo_text_white2.png\",\"width\":169,\"height\":56,\"caption\":\"Ghostysky\"},\"image\":{\"@id\":\"https:\/\/www.ghostysky.com\/#\/schema\/logo\/image\/\"},\"sameAs\":[\"https:\/\/www.facebook.com\/people\/Ghostysky\/100057676170234\/\",\"https:\/\/x.com\/Gh0stysky\",\"https:\/\/www.linkedin.com\/company\/34739653\",\"https:\/\/www.instagram.com\/gh0stysky\"]}]}<\/script>\n<!-- \/ Yoast SEO plugin. -->","yoast_head_json":{"title":"\u00c9tui rigide professionnel pour Yuneec H520, H Plus, H3, H520E - Ghostysky","description":"Cet \u00e9tui rigide pour Yuneec H520, H Plus, H3, H520E r\u00e9pond \u00e0 toutes les exigences des organisations professionnelles telles que la police, les \u00e9quipes de recherche et de sauvetage, les services d&#039;incendie, les services d&#039;inspection, les vid\u00e9astes professionnels et bien d&#039;autres. Cet \u00e9tui permet de transporter le H520 ou d&#039;autres H Plus, H3, H520E, y compris le ST16 Remove Control, 3 cam\u00e9ras, 8 batteries, 2x batteries ST16, des h\u00e9lices, une station de charge A10, CGO-ET, E50 et E90 (chacun a un compartiment), un pare-soleil, divers c\u00e2bles pour A10 et Copter, des cartes m\u00e9moire.","robots":{"index":"index","follow":"follow","max-snippet":"max-snippet:-1","max-image-preview":"max-image-preview:large","max-video-preview":"max-video-preview:-1"},"canonical":"https:\/\/www.ghostysky.com\/fr\/product\/professional-hard-case-for-yuneec-h520-h-plus-h3-h520e\/","og_locale":"fr_FR","og_type":"article","og_title":"Professional Hard Case for Yuneec H520, H Plus, H3, H520E - Ghostysky","og_description":"This Hard Case for Yuneec H520, H Plus, H3, H520E serve all requirements for professional organizations such like Police, Search and Rescue Teams, Fire departments, inspection services, professional videographers and many more.This case makes it possible to transport the\u00a0H520 or others H Plus, H3, H520E including the ST16 Remove Control, \u00a03 cameras, 8 batteries, 2x ST16 Batteries, Propellers, A10 Charging Station, CGO-ET, E50 and E90 (each one has one compartment), Sun Shade, diverse cables for A10 and Copter, Memory Cards.","og_url":"https:\/\/www.ghostysky.com\/fr\/product\/professional-hard-case-for-yuneec-h520-h-plus-h3-h520e\/","og_site_name":"Ghostysky","article_publisher":"https:\/\/www.facebook.com\/people\/Ghostysky\/100057676170234\/","article_modified_time":"2026-02-06T10:22:10+00:00","og_image":[{"width":575,"height":600,"url":"https:\/\/www.ghostysky.com\/wp-content\/uploads\/2023\/12\/HardCase-Yuneec-H520_1.jpg","type":"image\/jpeg"}],"twitter_card":"summary_large_image","twitter_site":"@Gh0stysky","twitter_misc":{"Dur\u00e9e de lecture estim\u00e9e":"2 minutes"},"schema":{"@context":"https:\/\/schema.org","@graph":[{"@type":"WebPage","@id":"https:\/\/www.ghostysky.com\/product\/professional-hard-case-for-yuneec-h520-h-plus-h3-h520e\/","url":"https:\/\/www.ghostysky.com\/product\/professional-hard-case-for-yuneec-h520-h-plus-h3-h520e\/","name":"\u00c9tui rigide professionnel pour Yuneec H520, H Plus, H3, H520E - Ghostysky","isPartOf":{"@id":"https:\/\/www.ghostysky.com\/#website"},"primaryImageOfPage":{"@id":"https:\/\/www.ghostysky.com\/product\/professional-hard-case-for-yuneec-h520-h-plus-h3-h520e\/#primaryimage"},"image":{"@id":"https:\/\/www.ghostysky.com\/product\/professional-hard-case-for-yuneec-h520-h-plus-h3-h520e\/#primaryimage"},"thumbnailUrl":"https:\/\/www.ghostysky.com\/wp-content\/uploads\/2023\/12\/HardCase-Yuneec-H520_1.jpg","datePublished":"2023-12-19T10:52:14+00:00","dateModified":"2026-02-06T10:22:10+00:00","description":"Cet \u00e9tui rigide pour Yuneec H520, H Plus, H3, H520E r\u00e9pond \u00e0 toutes les exigences des organisations professionnelles telles que la police, les \u00e9quipes de recherche et de sauvetage, les services d&#039;incendie, les services d&#039;inspection, les vid\u00e9astes professionnels et bien d&#039;autres. Cet \u00e9tui permet de transporter le H520 ou d&#039;autres H Plus, H3, H520E, y compris le ST16 Remove Control, 3 cam\u00e9ras, 8 batteries, 2x batteries ST16, des h\u00e9lices, une station de charge A10, CGO-ET, E50 et E90 (chacun a un compartiment), un pare-soleil, divers c\u00e2bles pour A10 et Copter, des cartes m\u00e9moire.","breadcrumb":{"@id":"https:\/\/www.ghostysky.com\/product\/professional-hard-case-for-yuneec-h520-h-plus-h3-h520e\/#breadcrumb"},"inLanguage":"fr-FR","potentialAction":[{"@type":"ReadAction","target":["https:\/\/www.ghostysky.com\/product\/professional-hard-case-for-yuneec-h520-h-plus-h3-h520e\/"]}]},{"@type":"ImageObject","inLanguage":"fr-FR","@id":"https:\/\/www.ghostysky.com\/product\/professional-hard-case-for-yuneec-h520-h-plus-h3-h520e\/#primaryimage","url":"https:\/\/www.ghostysky.com\/wp-content\/uploads\/2023\/12\/HardCase-Yuneec-H520_1.jpg","contentUrl":"https:\/\/www.ghostysky.com\/wp-content\/uploads\/2023\/12\/HardCase-Yuneec-H520_1.jpg","width":575,"height":600},{"@type":"BreadcrumbList","@id":"https:\/\/www.ghostysky.com\/product\/professional-hard-case-for-yuneec-h520-h-plus-h3-h520e\/#breadcrumb","itemListElement":[{"@type":"ListItem","position":1,"name":"Home","item":"https:\/\/www.ghostysky.com\/"},{"@type":"ListItem","position":2,"name":"Shop","item":"https:\/\/www.ghostysky.com\/shop\/"},{"@type":"ListItem","position":3,"name":"Professional Hard Case for Yuneec H520, H Plus, H3, H520E"}]},{"@type":"WebSite","@id":"https:\/\/www.ghostysky.com\/#website","url":"https:\/\/www.ghostysky.com\/","name":"Ghostysky","description":"Livraison de drones et de services professionnels","publisher":{"@id":"https:\/\/www.ghostysky.com\/#organization"},"potentialAction":[{"@type":"SearchAction","target":{"@type":"EntryPoint","urlTemplate":"https:\/\/www.ghostysky.com\/?s={search_term_string}"},"query-input":{"@type":"PropertyValueSpecification","valueRequired":true,"valueName":"search_term_string"}}],"inLanguage":"fr-FR"},{"@type":"Organization","@id":"https:\/\/www.ghostysky.com\/#organization","name":"Ghostysky","url":"https:\/\/www.ghostysky.com\/","logo":{"@type":"ImageObject","inLanguage":"fr-FR","@id":"https:\/\/www.ghostysky.com\/#\/schema\/logo\/image\/","url":"https:\/\/www.ghostysky.com\/wp-content\/uploads\/2020\/06\/cropped-ghostyskylogo_text_white2.png","contentUrl":"https:\/\/www.ghostysky.com\/wp-content\/uploads\/2020\/06\/cropped-ghostyskylogo_text_white2.png","width":169,"height":56,"caption":"Ghostysky"},"image":{"@id":"https:\/\/www.ghostysky.com\/#\/schema\/logo\/image\/"},"sameAs":["https:\/\/www.facebook.com\/people\/Ghostysky\/100057676170234\/","https:\/\/x.com\/Gh0stysky","https:\/\/www.linkedin.com\/company\/34739653","https:\/\/www.instagram.com\/gh0stysky"]}]}},"_links":{"self":[{"href":"https:\/\/www.ghostysky.com\/fr\/wp-json\/wp\/v2\/product\/15264","targetHints":{"allow":["GET"]}}],"collection":[{"href":"https:\/\/www.ghostysky.com\/fr\/wp-json\/wp\/v2\/product"}],"about":[{"href":"https:\/\/www.ghostysky.com\/fr\/wp-json\/wp\/v2\/types\/product"}],"replies":[{"embeddable":true,"href":"https:\/\/www.ghostysky.com\/fr\/wp-json\/wp\/v2\/comments?post=15264"}],"wp:featuredmedia":[{"embeddable":true,"href":"https:\/\/www.ghostysky.com\/fr\/wp-json\/wp\/v2\/media\/15272"}],"wp:attachment":[{"href":"https:\/\/www.ghostysky.com\/fr\/wp-json\/wp\/v2\/media?parent=15264"}],"wp:term":[{"taxonomy":"product_brand","embeddable":true,"href":"https:\/\/www.ghostysky.com\/fr\/wp-json\/wp\/v2\/product_brand?post=15264"},{"taxonomy":"product_cat","embeddable":true,"href":"https:\/\/www.ghostysky.com\/fr\/wp-json\/wp\/v2\/product_cat?post=15264"},{"taxonomy":"product_tag","embeddable":true,"href":"https:\/\/www.ghostysky.com\/fr\/wp-json\/wp\/v2\/product_tag?post=15264"}],"curies":[{"name":"wp","href":"https:\/\/api.w.org\/{rel}","templated":true}]}}