{"id":15335,"date":"2023-12-28T17:08:47","date_gmt":"2023-12-28T17:08:47","guid":{"rendered":"https:\/\/www.ghostysky.com\/?post_type=product&#038;p=15335"},"modified":"2024-10-22T12:26:42","modified_gmt":"2024-10-22T12:26:42","slug":"dji-matrice-30t-worry-free-plus-combo","status":"publish","type":"product","link":"https:\/\/www.ghostysky.com\/fr\/product\/dji-matrice-30t-worry-free-plus-combo\/","title":{"rendered":"DJI Matrice 30T Combo sans souci Plus"},"content":{"rendered":"<p data-sourcepos=\"1:1-1:74\"><strong>DJI Matrice 30T\u00a0: un outil complet pour les applications d&#039;imagerie thermique<\/strong><\/p>\n<p data-sourcepos=\"3:1-3:321\">Le DJI Matrice 30T est un drone hautes performances sp\u00e9cialement con\u00e7u pour les applications exigeantes n\u00e9cessitant des capacit\u00e9s d&#039;imagerie thermique. Il associe une puissante cam\u00e9ra thermique, un zoom haute r\u00e9solution de 48 Mpx et un t\u00e9l\u00e9m\u00e8tre laser pour une collecte de donn\u00e9es a\u00e9riennes exceptionnelle dans des environnements difficiles.<\/p>\n<p data-sourcepos=\"5:1-5:37\"><strong>Cam\u00e9ra thermique impressionnante<\/strong><\/p>\n<p data-sourcepos=\"7:1-7:362\">Le c\u0153ur du Matrice 30T r\u00e9side dans sa cam\u00e9ra thermique avanc\u00e9e. Avec une r\u00e9solution de 640 \u00d7 512 et une port\u00e9e de d\u00e9tection de 14 m\u00e8tres, cette cam\u00e9ra excelle dans la d\u00e9tection des signatures thermiques, m\u00eame en conditions de faible luminosit\u00e9, de fum\u00e9e ou de brouillard. Elle est ainsi un outil pr\u00e9cieux pour les op\u00e9rations de recherche et de sauvetage, permettant de localiser rapidement les survivants dans les zones difficiles d&#039;acc\u00e8s.<\/p>\n<p data-sourcepos=\"9:1-9:52\"><strong>Cam\u00e9ra zoom haute r\u00e9solution pour des d\u00e9tails am\u00e9lior\u00e9s<\/strong><\/p>\n<p data-sourcepos=\"11:1-11:383\">Si l&#039;imagerie thermique est essentielle pour identifier les sources de chaleur, la cam\u00e9ra zoom haute r\u00e9solution 48 Mpx de la Matrice 30T est essentielle pour capturer des images d\u00e9taill\u00e9es \u00e0 distance. Gr\u00e2ce \u00e0 un zoom optique 20x et un zoom num\u00e9rique 200x, la cam\u00e9ra fournit des images et des vid\u00e9os nettes de loin, ce qui la rend id\u00e9ale pour l&#039;inspection des infrastructures, la surveillance des chantiers et la documentation d&#039;\u00e9v\u00e9nements.<\/p>\n<p data-sourcepos=\"13:1-13:55\"><strong>T\u00e9l\u00e9m\u00e8tre laser pr\u00e9cis pour des mesures pr\u00e9cises<\/strong><\/p>\n<p data-sourcepos=\"15:1-15:260\">Le t\u00e9l\u00e9m\u00e8tre laser du drone \u00e9tend ses capacit\u00e9s en fournissant des mesures de distance pr\u00e9cises jusqu&#039;\u00e0 1\u00a0200 m\u00e8tres. Cela permet au Matrice 30T de cartographier pr\u00e9cis\u00e9ment le terrain, d&#039;\u00e9valuer l&#039;\u00e9tat des structures et de recueillir des donn\u00e9es pr\u00e9cieuses pour diverses applications.<\/p>\n<p data-sourcepos=\"17:1-17:60\"><strong>Construction robuste et fiable pour une durabilit\u00e9 accrue<\/strong><\/p>\n<p data-sourcepos=\"19:1-19:308\">Le Matrice 30T est con\u00e7u pour r\u00e9sister aux rigueurs des missions exigeantes. Son indice de protection IP55 contre la poussi\u00e8re et l&#039;eau lui permet de fonctionner dans des environnements difficiles sans compromettre ses performances. Sa plage de temp\u00e9ratures de fonctionnement de -20 \u00b0C \u00e0 50 \u00b0C lui permet de fonctionner efficacement sous divers climats.<\/p>\n<p data-sourcepos=\"21:1-21:54\"><strong>Fonctionnalit\u00e9s de s\u00e9curit\u00e9 avanc\u00e9es pour une protection in\u00e9branlable<\/strong><\/p>\n<p data-sourcepos=\"23:1-23:189\">La s\u00e9curit\u00e9 est primordiale lors de l&#039;utilisation d&#039;un drone a\u00e9rien. Le Matrice 30T est \u00e9quip\u00e9 d&#039;un ensemble complet de dispositifs de s\u00e9curit\u00e9 garantissant un fonctionnement s\u00fbr et fiable. Parmi ceux-ci\u00a0:<\/p>\n<ul data-sourcepos=\"25:1-30:0\">\n<li data-sourcepos=\"25:1-26:0\">\n<p data-sourcepos=\"25:3-25:138\"><strong>\u00c9vitement d&#039;obstacles multi-capteurs :<\/strong> Plusieurs capteurs d\u00e9tectent et \u00e9vitent les obstacles, \u00e9vitant ainsi les collisions et garantissant une trajectoire de vol s\u00fbre.<\/p>\n<\/li>\n<li data-sourcepos=\"27:1-28:0\">\n<p data-sourcepos=\"27:3-27:187\"><strong>Syst\u00e8mes de d\u00e9tection redondants :<\/strong> Plusieurs capteurs redondants prot\u00e8gent les fonctions essentielles telles que la communication, la navigation et le contr\u00f4le de l&#039;altitude, minimisant ainsi le risque de perturbations de mission.<\/p>\n<\/li>\n<li data-sourcepos=\"29:1-30:0\">\n<p data-sourcepos=\"29:3-29:128\"><strong>R\u00e9cepteur ADS-B :<\/strong> Re\u00e7oit les signaux des avions \u00e0 proximit\u00e9, offrant ainsi une s\u00e9curit\u00e9 suppl\u00e9mentaire pour les op\u00e9rations coordonn\u00e9es dans un espace a\u00e9rien tr\u00e8s fr\u00e9quent\u00e9.<\/p>\n<\/li>\n<\/ul>\n<p data-sourcepos=\"31:1-31:58\"><strong>Fonctionnement convivial pour une ex\u00e9cution transparente de la mission<\/strong><\/p>\n<p data-sourcepos=\"33:1-33:393\">Malgr\u00e9 ses fonctionnalit\u00e9s avanc\u00e9es, le Matrice 30T est con\u00e7u pour une utilisation facile. La radiocommande intuitive DJI RC Plus est dot\u00e9e d&#039;un grand \u00e9cran \u00e0 contraste \u00e9lev\u00e9 et de commandes simplifi\u00e9es, facilitant son utilisation m\u00eame dans des conditions difficiles. Le drone est \u00e9galement \u00e9quip\u00e9 d&#039;une suite logicielle permettant de planifier et de g\u00e9rer les missions, ainsi que d&#039;analyser les donn\u00e9es recueillies pendant les vols.<\/p>\n<p data-sourcepos=\"35:1-35:58\"><strong>Diverses applications b\u00e9n\u00e9ficiant de l&#039;imagerie thermique<\/strong><\/p>\n<p data-sourcepos=\"37:1-37:105\">Les capacit\u00e9s d&#039;imagerie thermique du Matrice 30T en font un outil polyvalent pour une large gamme d&#039;applications :<\/p>\n<ul data-sourcepos=\"39:1-46:0\">\n<li data-sourcepos=\"39:1-40:0\">\n<p data-sourcepos=\"39:3-39:88\"><strong>Recherche et sauvetage :<\/strong> Localiser les survivants dans les zones sinistr\u00e9es ou dans des environnements difficiles.<\/p>\n<\/li>\n<li data-sourcepos=\"41:1-42:0\">\n<p data-sourcepos=\"41:3-41:88\"><strong>Inspection des lignes \u00e9lectriques :<\/strong> Identifier les dangers potentiels et garantir l\u2019int\u00e9grit\u00e9 du r\u00e9seau \u00e9lectrique.<\/p>\n<\/li>\n<li data-sourcepos=\"43:1-44:0\">\n<p data-sourcepos=\"43:3-43:82\"><strong>Inspection industrielle :<\/strong> Surveiller les machines pour d\u00e9tecter toute surchauffe ou autre anomalie.<\/p>\n<\/li>\n<li data-sourcepos=\"45:1-46:0\">\n<p data-sourcepos=\"45:3-45:82\"><strong>Suivi de chantier :<\/strong> \u00c9valuer les progr\u00e8s, d\u00e9tecter les d\u00e9fauts et assurer la s\u00e9curit\u00e9.<\/p>\n<\/li>\n<\/ul>\n<p data-sourcepos=\"47:1-47:63\"><strong>Conclusion\u00a0: Un outil polyvalent pour l&#039;excellence de l&#039;imagerie thermique<\/strong><\/p>\n<p data-sourcepos=\"49:1-49:504\">Le DJI Matrice 30T est un drone puissant et polyvalent qui r\u00e9volutionne l&#039;imagerie thermique pour les applications exigeantes. Ses capteurs haute r\u00e9solution, sa construction robuste, ses fonctions de s\u00e9curit\u00e9 avanc\u00e9es et sa simplicit\u00e9 d&#039;utilisation en font un atout pr\u00e9cieux pour les entreprises souhaitant am\u00e9liorer leur s\u00e9curit\u00e9, leur efficacit\u00e9 et leur productivit\u00e9 dans divers secteurs. Avec le Matrice 30T, vous pouvez relever des d\u00e9fis en toute confiance, sachant que vous disposez de l&#039;outil id\u00e9al.<\/p>\n<p data-sourcepos=\"43:1-43:511\"><a href=\"https:\/\/www.ghostysky.com\/wp-content\/uploads\/2023\/12\/DJI_M30_In_the_box.png\"><img fetchpriority=\"high\" decoding=\"async\" class=\"alignnone wp-image-15317 size-full lazyload\" src=\"data:image\/gif;base64,R0lGODlhAQABAAAAACH5BAEKAAEALAAAAAABAAEAAAICTAEAOw==\" alt=\"\" width=\"1520\" height=\"737\" data-src=\"https:\/\/www.ghostysky.com\/wp-content\/uploads\/2023\/12\/DJI_M30_In_the_box.png\"><\/a><\/p>\n<p data-sourcepos=\"43:1-43:511\"><strong>Comparer les versions<\/strong><\/p>\n<p data-sourcepos=\"43:1-43:511\"><a href=\"https:\/\/www.ghostysky.com\/wp-content\/uploads\/2023\/12\/Matrice30_30T_1.jpg\"><img decoding=\"async\" class=\"alignnone size-full wp-image-15329 lazyload\" src=\"data:image\/gif;base64,R0lGODlhAQABAAAAACH5BAEKAAEALAAAAAABAAEAAAICTAEAOw==\" alt=\"\" width=\"1420\" height=\"1060\" data-src=\"https:\/\/www.ghostysky.com\/wp-content\/uploads\/2023\/12\/Matrice30_30T_1.jpg\"><\/a><\/p>","protected":false},"excerpt":{"rendered":"<p>Le DJI Matrice 30T est la variante d&#039;imagerie thermique de la s\u00e9rie DJI Matrice 30. Il est con\u00e7u pour des applications exigeantes telles que la recherche et le sauvetage, la s\u00e9curit\u00e9 publique et l&#039;inspection des infrastructures critiques. Il est \u00e9quip\u00e9 d&#039;une puissante cam\u00e9ra \u00e0 zoom, d&#039;une cam\u00e9ra thermique haute r\u00e9solution et d&#039;un t\u00e9l\u00e9m\u00e8tre laser, permettant une capture compl\u00e8te des donn\u00e9es a\u00e9riennes, m\u00eame dans les environnements les plus difficiles.<\/p>\n<p><strong>Avec une limite de couverture \u00e9quivalente \u00e0 la valeur du produit, un nombre illimit\u00e9 de r\u00e9parations gratuites peut \u00eatre offert dans l&#039;ann\u00e9e suivant l&#039;activation du produit et comprend 1 service d&#039;entretien standard.<\/strong><\/p>","protected":false},"featured_media":15334,"comment_status":"open","ping_status":"closed","template":"","meta":[],"product_brand":[],"product_cat":[37,614,29,616],"product_tag":[38,620,618],"class_list":{"0":"post-15335","1":"product","2":"type-product","3":"status-publish","4":"has-post-thumbnail","6":"product_cat-dji","7":"product_cat-dji-matrice-30","8":"product_cat-drones","9":"product_cat-dji-matrice-30-drones","10":"product_tag-drone","11":"product_tag-matrice-30t","12":"product_tag-worry-free-plus-combo","14":"first","15":"onbackorder","16":"taxable","17":"shipping-taxable","18":"purchasable","19":"product-type-simple"},"yoast_head":"<!-- This site is optimized with the Yoast SEO plugin v27.1.1 - https:\/\/yoast.com\/product\/yoast-seo-wordpress\/ -->\n<title>DJI Matrice 30T Worry-Free Plus Combo - Ghostysky<\/title>\n<meta name=\"description\" content=\"The DJI Matrice 30T is the thermal imaging variant of the DJI Matrice 30 series. It is designed for demanding applications such as search and rescue, public safety, and critical infrastructure inspection. It features a powerful zoom camera, a high-resolution thermal camera, and a laser rangefinder, providing comprehensive aerial data capture in even the most challenging environments.\" \/>\n<meta name=\"robots\" content=\"index, follow, max-snippet:-1, max-image-preview:large, max-video-preview:-1\" \/>\n<link rel=\"canonical\" href=\"https:\/\/www.ghostysky.com\/fr\/product\/dji-matrice-30t-worry-free-plus-combo\/\" \/>\n<meta property=\"og:locale\" content=\"fr_FR\" \/>\n<meta property=\"og:type\" content=\"article\" \/>\n<meta property=\"og:title\" content=\"DJI Matrice 30T Worry-Free Plus Combo - Ghostysky\" \/>\n<meta property=\"og:description\" content=\"The DJI Matrice 30T is the thermal imaging variant of the DJI Matrice 30 series. It is designed for demanding applications such as search and rescue, public safety, and critical infrastructure inspection. It features a powerful zoom camera, a high-resolution thermal camera, and a laser rangefinder, providing comprehensive aerial data capture in even the most challenging environments.\" \/>\n<meta property=\"og:url\" content=\"https:\/\/www.ghostysky.com\/fr\/product\/dji-matrice-30t-worry-free-plus-combo\/\" \/>\n<meta property=\"og:site_name\" content=\"Ghostysky\" \/>\n<meta property=\"article:publisher\" content=\"https:\/\/www.facebook.com\/people\/Ghostysky\/100057676170234\/\" \/>\n<meta property=\"article:modified_time\" content=\"2024-10-22T12:26:42+00:00\" \/>\n<meta property=\"og:image\" content=\"https:\/\/www.ghostysky.com\/wp-content\/uploads\/2023\/12\/DJI_Matrice_30T_1.jpg\" \/>\n\t<meta property=\"og:image:width\" content=\"2560\" \/>\n\t<meta property=\"og:image:height\" content=\"2560\" \/>\n\t<meta property=\"og:image:type\" content=\"image\/jpeg\" \/>\n<meta name=\"twitter:card\" content=\"summary_large_image\" \/>\n<meta name=\"twitter:site\" content=\"@Gh0stysky\" \/>\n<meta name=\"twitter:label1\" content=\"Dur\u00e9e de lecture estim\u00e9e\" \/>\n\t<meta name=\"twitter:data1\" content=\"4 minutes\" \/>\n<script type=\"application\/ld+json\" class=\"yoast-schema-graph\">{\"@context\":\"https:\/\/schema.org\",\"@graph\":[{\"@type\":\"WebPage\",\"@id\":\"https:\/\/www.ghostysky.com\/product\/dji-matrice-30t-worry-free-plus-combo\/\",\"url\":\"https:\/\/www.ghostysky.com\/product\/dji-matrice-30t-worry-free-plus-combo\/\",\"name\":\"DJI Matrice 30T Worry-Free Plus Combo - Ghostysky\",\"isPartOf\":{\"@id\":\"https:\/\/www.ghostysky.com\/#website\"},\"primaryImageOfPage\":{\"@id\":\"https:\/\/www.ghostysky.com\/product\/dji-matrice-30t-worry-free-plus-combo\/#primaryimage\"},\"image\":{\"@id\":\"https:\/\/www.ghostysky.com\/product\/dji-matrice-30t-worry-free-plus-combo\/#primaryimage\"},\"thumbnailUrl\":\"https:\/\/www.ghostysky.com\/wp-content\/uploads\/2023\/12\/DJI_Matrice_30T_1.jpg\",\"datePublished\":\"2023-12-28T17:08:47+00:00\",\"dateModified\":\"2024-10-22T12:26:42+00:00\",\"description\":\"The DJI Matrice 30T is the thermal imaging variant of the DJI Matrice 30 series. It is designed for demanding applications such as search and rescue, public safety, and critical infrastructure inspection. It features a powerful zoom camera, a high-resolution thermal camera, and a laser rangefinder, providing comprehensive aerial data capture in even the most challenging environments.\",\"breadcrumb\":{\"@id\":\"https:\/\/www.ghostysky.com\/product\/dji-matrice-30t-worry-free-plus-combo\/#breadcrumb\"},\"inLanguage\":\"fr-FR\",\"potentialAction\":[{\"@type\":\"ReadAction\",\"target\":[\"https:\/\/www.ghostysky.com\/product\/dji-matrice-30t-worry-free-plus-combo\/\"]}]},{\"@type\":\"ImageObject\",\"inLanguage\":\"fr-FR\",\"@id\":\"https:\/\/www.ghostysky.com\/product\/dji-matrice-30t-worry-free-plus-combo\/#primaryimage\",\"url\":\"https:\/\/www.ghostysky.com\/wp-content\/uploads\/2023\/12\/DJI_Matrice_30T_1.jpg\",\"contentUrl\":\"https:\/\/www.ghostysky.com\/wp-content\/uploads\/2023\/12\/DJI_Matrice_30T_1.jpg\",\"width\":2560,\"height\":2560},{\"@type\":\"BreadcrumbList\",\"@id\":\"https:\/\/www.ghostysky.com\/product\/dji-matrice-30t-worry-free-plus-combo\/#breadcrumb\",\"itemListElement\":[{\"@type\":\"ListItem\",\"position\":1,\"name\":\"Home\",\"item\":\"https:\/\/www.ghostysky.com\/\"},{\"@type\":\"ListItem\",\"position\":2,\"name\":\"Shop\",\"item\":\"https:\/\/www.ghostysky.com\/shop\/\"},{\"@type\":\"ListItem\",\"position\":3,\"name\":\"DJI Matrice 30T Worry-Free Plus Combo\"}]},{\"@type\":\"WebSite\",\"@id\":\"https:\/\/www.ghostysky.com\/#website\",\"url\":\"https:\/\/www.ghostysky.com\/\",\"name\":\"Ghostysky\",\"description\":\"Delivering professional drones and services\",\"publisher\":{\"@id\":\"https:\/\/www.ghostysky.com\/#organization\"},\"potentialAction\":[{\"@type\":\"SearchAction\",\"target\":{\"@type\":\"EntryPoint\",\"urlTemplate\":\"https:\/\/www.ghostysky.com\/?s={search_term_string}\"},\"query-input\":{\"@type\":\"PropertyValueSpecification\",\"valueRequired\":true,\"valueName\":\"search_term_string\"}}],\"inLanguage\":\"fr-FR\"},{\"@type\":\"Organization\",\"@id\":\"https:\/\/www.ghostysky.com\/#organization\",\"name\":\"Ghostysky\",\"url\":\"https:\/\/www.ghostysky.com\/\",\"logo\":{\"@type\":\"ImageObject\",\"inLanguage\":\"fr-FR\",\"@id\":\"https:\/\/www.ghostysky.com\/#\/schema\/logo\/image\/\",\"url\":\"https:\/\/www.ghostysky.com\/wp-content\/uploads\/2020\/06\/cropped-ghostyskylogo_text_white2.png\",\"contentUrl\":\"https:\/\/www.ghostysky.com\/wp-content\/uploads\/2020\/06\/cropped-ghostyskylogo_text_white2.png\",\"width\":169,\"height\":56,\"caption\":\"Ghostysky\"},\"image\":{\"@id\":\"https:\/\/www.ghostysky.com\/#\/schema\/logo\/image\/\"},\"sameAs\":[\"https:\/\/www.facebook.com\/people\/Ghostysky\/100057676170234\/\",\"https:\/\/x.com\/Gh0stysky\",\"https:\/\/www.linkedin.com\/company\/34739653\",\"https:\/\/www.instagram.com\/gh0stysky\"]}]}<\/script>\n<!-- \/ Yoast SEO plugin. -->","yoast_head_json":{"title":"DJI Matrice 30T Worry-Free Plus Combo - Ghostysky","description":"Le DJI Matrice 30T est la variante d&#039;imagerie thermique de la s\u00e9rie DJI Matrice 30. Il est con\u00e7u pour des applications exigeantes telles que la recherche et le sauvetage, la s\u00e9curit\u00e9 publique et l&#039;inspection des infrastructures critiques. Il est \u00e9quip\u00e9 d&#039;une puissante cam\u00e9ra \u00e0 zoom, d&#039;une cam\u00e9ra thermique haute r\u00e9solution et d&#039;un t\u00e9l\u00e9m\u00e8tre laser, permettant une capture compl\u00e8te des donn\u00e9es a\u00e9riennes, m\u00eame dans les environnements les plus difficiles.","robots":{"index":"index","follow":"follow","max-snippet":"max-snippet:-1","max-image-preview":"max-image-preview:large","max-video-preview":"max-video-preview:-1"},"canonical":"https:\/\/www.ghostysky.com\/fr\/product\/dji-matrice-30t-worry-free-plus-combo\/","og_locale":"fr_FR","og_type":"article","og_title":"DJI Matrice 30T Worry-Free Plus Combo - Ghostysky","og_description":"The DJI Matrice 30T is the thermal imaging variant of the DJI Matrice 30 series. It is designed for demanding applications such as search and rescue, public safety, and critical infrastructure inspection. It features a powerful zoom camera, a high-resolution thermal camera, and a laser rangefinder, providing comprehensive aerial data capture in even the most challenging environments.","og_url":"https:\/\/www.ghostysky.com\/fr\/product\/dji-matrice-30t-worry-free-plus-combo\/","og_site_name":"Ghostysky","article_publisher":"https:\/\/www.facebook.com\/people\/Ghostysky\/100057676170234\/","article_modified_time":"2024-10-22T12:26:42+00:00","og_image":[{"width":2560,"height":2560,"url":"https:\/\/www.ghostysky.com\/wp-content\/uploads\/2023\/12\/DJI_Matrice_30T_1.jpg","type":"image\/jpeg"}],"twitter_card":"summary_large_image","twitter_site":"@Gh0stysky","twitter_misc":{"Dur\u00e9e de lecture estim\u00e9e":"4 minutes"},"schema":{"@context":"https:\/\/schema.org","@graph":[{"@type":"WebPage","@id":"https:\/\/www.ghostysky.com\/product\/dji-matrice-30t-worry-free-plus-combo\/","url":"https:\/\/www.ghostysky.com\/product\/dji-matrice-30t-worry-free-plus-combo\/","name":"DJI Matrice 30T Worry-Free Plus Combo - Ghostysky","isPartOf":{"@id":"https:\/\/www.ghostysky.com\/#website"},"primaryImageOfPage":{"@id":"https:\/\/www.ghostysky.com\/product\/dji-matrice-30t-worry-free-plus-combo\/#primaryimage"},"image":{"@id":"https:\/\/www.ghostysky.com\/product\/dji-matrice-30t-worry-free-plus-combo\/#primaryimage"},"thumbnailUrl":"https:\/\/www.ghostysky.com\/wp-content\/uploads\/2023\/12\/DJI_Matrice_30T_1.jpg","datePublished":"2023-12-28T17:08:47+00:00","dateModified":"2024-10-22T12:26:42+00:00","description":"Le DJI Matrice 30T est la variante d&#039;imagerie thermique de la s\u00e9rie DJI Matrice 30. Il est con\u00e7u pour des applications exigeantes telles que la recherche et le sauvetage, la s\u00e9curit\u00e9 publique et l&#039;inspection des infrastructures critiques. Il est \u00e9quip\u00e9 d&#039;une puissante cam\u00e9ra \u00e0 zoom, d&#039;une cam\u00e9ra thermique haute r\u00e9solution et d&#039;un t\u00e9l\u00e9m\u00e8tre laser, permettant une capture compl\u00e8te des donn\u00e9es a\u00e9riennes, m\u00eame dans les environnements les plus difficiles.","breadcrumb":{"@id":"https:\/\/www.ghostysky.com\/product\/dji-matrice-30t-worry-free-plus-combo\/#breadcrumb"},"inLanguage":"fr-FR","potentialAction":[{"@type":"ReadAction","target":["https:\/\/www.ghostysky.com\/product\/dji-matrice-30t-worry-free-plus-combo\/"]}]},{"@type":"ImageObject","inLanguage":"fr-FR","@id":"https:\/\/www.ghostysky.com\/product\/dji-matrice-30t-worry-free-plus-combo\/#primaryimage","url":"https:\/\/www.ghostysky.com\/wp-content\/uploads\/2023\/12\/DJI_Matrice_30T_1.jpg","contentUrl":"https:\/\/www.ghostysky.com\/wp-content\/uploads\/2023\/12\/DJI_Matrice_30T_1.jpg","width":2560,"height":2560},{"@type":"BreadcrumbList","@id":"https:\/\/www.ghostysky.com\/product\/dji-matrice-30t-worry-free-plus-combo\/#breadcrumb","itemListElement":[{"@type":"ListItem","position":1,"name":"Home","item":"https:\/\/www.ghostysky.com\/"},{"@type":"ListItem","position":2,"name":"Shop","item":"https:\/\/www.ghostysky.com\/shop\/"},{"@type":"ListItem","position":3,"name":"DJI Matrice 30T Worry-Free Plus Combo"}]},{"@type":"WebSite","@id":"https:\/\/www.ghostysky.com\/#website","url":"https:\/\/www.ghostysky.com\/","name":"Ghostysky","description":"Livraison de drones et de services professionnels","publisher":{"@id":"https:\/\/www.ghostysky.com\/#organization"},"potentialAction":[{"@type":"SearchAction","target":{"@type":"EntryPoint","urlTemplate":"https:\/\/www.ghostysky.com\/?s={search_term_string}"},"query-input":{"@type":"PropertyValueSpecification","valueRequired":true,"valueName":"search_term_string"}}],"inLanguage":"fr-FR"},{"@type":"Organization","@id":"https:\/\/www.ghostysky.com\/#organization","name":"Ghostysky","url":"https:\/\/www.ghostysky.com\/","logo":{"@type":"ImageObject","inLanguage":"fr-FR","@id":"https:\/\/www.ghostysky.com\/#\/schema\/logo\/image\/","url":"https:\/\/www.ghostysky.com\/wp-content\/uploads\/2020\/06\/cropped-ghostyskylogo_text_white2.png","contentUrl":"https:\/\/www.ghostysky.com\/wp-content\/uploads\/2020\/06\/cropped-ghostyskylogo_text_white2.png","width":169,"height":56,"caption":"Ghostysky"},"image":{"@id":"https:\/\/www.ghostysky.com\/#\/schema\/logo\/image\/"},"sameAs":["https:\/\/www.facebook.com\/people\/Ghostysky\/100057676170234\/","https:\/\/x.com\/Gh0stysky","https:\/\/www.linkedin.com\/company\/34739653","https:\/\/www.instagram.com\/gh0stysky"]}]}},"_links":{"self":[{"href":"https:\/\/www.ghostysky.com\/fr\/wp-json\/wp\/v2\/product\/15335","targetHints":{"allow":["GET"]}}],"collection":[{"href":"https:\/\/www.ghostysky.com\/fr\/wp-json\/wp\/v2\/product"}],"about":[{"href":"https:\/\/www.ghostysky.com\/fr\/wp-json\/wp\/v2\/types\/product"}],"replies":[{"embeddable":true,"href":"https:\/\/www.ghostysky.com\/fr\/wp-json\/wp\/v2\/comments?post=15335"}],"wp:featuredmedia":[{"embeddable":true,"href":"https:\/\/www.ghostysky.com\/fr\/wp-json\/wp\/v2\/media\/15334"}],"wp:attachment":[{"href":"https:\/\/www.ghostysky.com\/fr\/wp-json\/wp\/v2\/media?parent=15335"}],"wp:term":[{"taxonomy":"product_brand","embeddable":true,"href":"https:\/\/www.ghostysky.com\/fr\/wp-json\/wp\/v2\/product_brand?post=15335"},{"taxonomy":"product_cat","embeddable":true,"href":"https:\/\/www.ghostysky.com\/fr\/wp-json\/wp\/v2\/product_cat?post=15335"},{"taxonomy":"product_tag","embeddable":true,"href":"https:\/\/www.ghostysky.com\/fr\/wp-json\/wp\/v2\/product_tag?post=15335"}],"curies":[{"name":"wp","href":"https:\/\/api.w.org\/{rel}","templated":true}]}}