{"id":15347,"date":"2023-12-28T17:25:14","date_gmt":"2023-12-28T17:25:14","guid":{"rendered":"https:\/\/www.ghostysky.com\/?post_type=product&#038;p=15347"},"modified":"2024-07-16T10:19:12","modified_gmt":"2024-07-16T10:19:12","slug":"dji-matrice-350-rtk-worry-free-plus-combo","status":"publish","type":"product","link":"https:\/\/www.ghostysky.com\/fr\/product\/dji-matrice-350-rtk-worry-free-plus-combo\/","title":{"rendered":"DJI Matrice 350 RTK-Worry-Free Plus Combo"},"content":{"rendered":"<p data-sourcepos=\"3:1-3:32\"><strong>Charge utile robuste et polyvalente<\/strong><\/p>\n<p data-sourcepos=\"5:1-5:134\">Le syst\u00e8me de charge utile du Matrice 350 RTK est con\u00e7u pour \u00eatre flexible et adaptable. Il peut prendre en charge une large gamme de charges utiles, notamment\u00a0:<\/p>\n<ul data-sourcepos=\"7:1-14:0\">\n<li data-sourcepos=\"7:1-8:0\">\n<p data-sourcepos=\"7:3-7:110\"><strong>Cam\u00e9ras haute r\u00e9solution :<\/strong> Capturez des images et des vid\u00e9os d\u00e9taill\u00e9es pour les inspections, la cartographie et la documentation.<\/p>\n<\/li>\n<li data-sourcepos=\"9:1-10:0\">\n<p data-sourcepos=\"9:3-9:155\"><strong>Cam\u00e9ras thermiques :<\/strong> D\u00e9tectez les signatures thermiques dans des environnements difficiles pour la recherche et le sauvetage, l&#039;inspection des lignes \u00e9lectriques et la maintenance industrielle.<\/p>\n<\/li>\n<li data-sourcepos=\"11:1-12:0\">\n<p data-sourcepos=\"11:3-11:117\"><strong>Scanners LiDAR :<\/strong> Cr\u00e9ez des mod\u00e8les 3D d\u00e9taill\u00e9s pour les chantiers de construction, les op\u00e9rations mini\u00e8res et les \u00e9tudes environnementales.<\/p>\n<\/li>\n<li data-sourcepos=\"13:1-14:0\">\n<p data-sourcepos=\"13:3-13:114\"><strong>Cam\u00e9ras multispectrales :<\/strong> Analyser la sant\u00e9 de la v\u00e9g\u00e9tation, surveiller l\u2019\u00e9tat des cultures et \u00e9valuer les changements environnementaux.<\/p>\n<\/li>\n<\/ul>\n<p data-sourcepos=\"15:1-15:28\"><strong>Fonctionnalit\u00e9s de s\u00e9curit\u00e9 avanc\u00e9es<\/strong><\/p>\n<p data-sourcepos=\"17:1-17:98\">Le Matrice 350 RTK est dot\u00e9 de fonctionnalit\u00e9s de s\u00e9curit\u00e9 avanc\u00e9es pour garantir un fonctionnement fiable et s\u00fbr :<\/p>\n<ul data-sourcepos=\"19:1-26:0\">\n<li data-sourcepos=\"19:1-20:0\">\n<p data-sourcepos=\"19:3-19:135\"><strong>Syst\u00e8mes de d\u00e9tection redondants :<\/strong> Plusieurs capteurs prot\u00e8gent des fonctions critiques telles que la navigation, la communication et la pr\u00e9vention des collisions.<\/p>\n<\/li>\n<li data-sourcepos=\"21:1-22:0\">\n<p data-sourcepos=\"21:3-21:146\"><strong>\u00c9vitement d&#039;obstacles multidirectionnels :<\/strong> Une combinaison de capteurs d\u00e9tecte et \u00e9vite les obstacles dans toutes les directions, m\u00eame dans des environnements complexes.<\/p>\n<\/li>\n<li data-sourcepos=\"23:1-24:0\">\n<p data-sourcepos=\"23:3-23:128\"><strong>R\u00e9cepteur ADS-B :<\/strong> Re\u00e7oit les signaux des avions \u00e0 proximit\u00e9, offrant ainsi une s\u00e9curit\u00e9 suppl\u00e9mentaire pour les op\u00e9rations coordonn\u00e9es dans un espace a\u00e9rien tr\u00e8s fr\u00e9quent\u00e9.<\/p>\n<\/li>\n<li data-sourcepos=\"25:1-26:0\">\n<p data-sourcepos=\"25:3-25:158\"><strong>Protection \u00e0 s\u00e9curit\u00e9 int\u00e9gr\u00e9e :<\/strong> En cas de panne d&#039;un capteur ou d&#039;une communication, le drone retourne automatiquement \u00e0 un emplacement d\u00e9sign\u00e9 ou effectue un atterrissage en toute s\u00e9curit\u00e9.<\/p>\n<\/li>\n<\/ul>\n<p data-sourcepos=\"27:1-27:31\"><strong>Performances de vol puissantes<\/strong><\/p>\n<p data-sourcepos=\"29:1-29:109\">Le Matrice 350 RTK offre des performances de vol exceptionnelles, ce qui le rend adapt\u00e9 \u00e0 une large gamme de missions :<\/p>\n<ul data-sourcepos=\"31:1-38:0\">\n<li data-sourcepos=\"31:1-32:0\">\n<p data-sourcepos=\"31:3-31:131\"><strong>Capacit\u00e9 de charge utile :<\/strong> Une charge utile maximale de 2,7 kilogrammes permet au drone de transporter une vari\u00e9t\u00e9 de capteurs et d&#039;\u00e9quipements robustes.<\/p>\n<\/li>\n<li data-sourcepos=\"33:1-34:0\">\n<p data-sourcepos=\"33:3-33:120\"><strong>Dur\u00e9e de vol prolong\u00e9e :<\/strong> Jusqu&#039;\u00e0 55 minutes de temps de vol permettent des missions longue distance et une collecte de donn\u00e9es d\u00e9taill\u00e9es.<\/p>\n<\/li>\n<li data-sourcepos=\"35:1-36:0\">\n<p data-sourcepos=\"35:3-35:146\"><strong>Haute r\u00e9sistance au vent :<\/strong> Le drone peut fonctionner avec des vitesses de vent allant jusqu&#039;\u00e0 30 m\u00e8tres par seconde, garantissant ainsi la stabilit\u00e9 dans des conditions m\u00e9t\u00e9orologiques difficiles.<\/p>\n<\/li>\n<li data-sourcepos=\"37:1-38:0\">\n<p data-sourcepos=\"37:3-37:143\"><strong>Plafond d&#039;altitude :<\/strong> Une altitude de fonctionnement maximale de 7 000 m\u00e8tres permet d\u2019acc\u00e9der \u00e0 des zones de haute altitude pour des relev\u00e9s et des inspections a\u00e9riennes.<\/p>\n<\/li>\n<\/ul>\n<p data-sourcepos=\"39:1-39:36\"><strong>Conception modulaire pour la personnalisation<\/strong><\/p>\n<p data-sourcepos=\"41:1-41:105\">La conception modulaire du Matrice 350 RTK permet une personnalisation et une fixation faciles de charges utiles suppl\u00e9mentaires\u00a0:<\/p>\n<ul data-sourcepos=\"43:1-48:0\">\n<li data-sourcepos=\"43:1-44:0\">\n<p data-sourcepos=\"43:3-43:122\"><strong>Train d&#039;atterrissage modulaire :<\/strong> Permet l&#039;utilisation de trains d&#039;atterrissage sp\u00e9cialis\u00e9s pour diff\u00e9rents environnements, tels que la neige ou l&#039;eau.<\/p>\n<\/li>\n<li data-sourcepos=\"45:1-46:0\">\n<p data-sourcepos=\"45:3-45:103\"><strong>Points de montage suppl\u00e9mentaires :<\/strong> Offre une flexibilit\u00e9 pour la fixation de charges utiles ou d&#039;accessoires suppl\u00e9mentaires.<\/p>\n<\/li>\n<li data-sourcepos=\"47:1-48:0\">\n<p data-sourcepos=\"47:3-47:99\"><strong>Syst\u00e8me de batterie extensible :<\/strong> Permet des temps de vol prolong\u00e9s en connectant plusieurs batteries.<\/p>\n<\/li>\n<\/ul>\n<p data-sourcepos=\"49:1-49:32\"><strong>Syst\u00e8me de contr\u00f4le convivial<\/strong><\/p>\n<p data-sourcepos=\"51:1-51:70\">Le Matrice 350 RTK est con\u00e7u pour un fonctionnement intuitif et efficace :<\/p>\n<ul data-sourcepos=\"53:1-58:0\">\n<li data-sourcepos=\"53:1-54:0\">\n<p data-sourcepos=\"53:3-53:132\"><strong>T\u00e9l\u00e9commande DJI RC Plus :<\/strong> Dispose d&#039;un grand \u00e9cran tactile \u00e0 contraste \u00e9lev\u00e9 et de commandes simplifi\u00e9es pour une utilisation facile.<\/p>\n<\/li>\n<li data-sourcepos=\"55:1-56:0\">\n<p data-sourcepos=\"55:3-55:112\"><strong>Logiciel DJI Pilot :<\/strong> Fournit de puissantes capacit\u00e9s de planification de vol, de gestion de mission et d&#039;analyse de donn\u00e9es.<\/p>\n<\/li>\n<li data-sourcepos=\"57:1-58:0\">\n<p data-sourcepos=\"57:3-57:76\"><strong>Syst\u00e8me DJI SkyPort :<\/strong> Simplifie l&#039;installation et la configuration de la charge utile.<\/p>\n<\/li>\n<\/ul>\n<p data-sourcepos=\"59:1-59:30\"><strong>Large gamme d&#039;applications<\/strong><\/p>\n<p data-sourcepos=\"61:1-61:72\">Le DJI Matrice 350 RTK est un outil polyvalent pour une vari\u00e9t\u00e9 d&#039;industries :<\/p>\n<ul data-sourcepos=\"63:1-72:0\">\n<li data-sourcepos=\"63:1-64:0\">\n<p data-sourcepos=\"63:3-63:77\"><strong>\u00c9nergie:<\/strong> Inspection de lignes \u00e9lectriques, de parcs \u00e9oliens et d&#039;installations solaires.<\/p>\n<\/li>\n<li data-sourcepos=\"65:1-66:0\">\n<p data-sourcepos=\"65:3-65:98\"><strong>Construction:<\/strong> Suivi de chantiers, \u00e9valuation de l&#039;avancement des travaux et inspections de s\u00e9curit\u00e9.<\/p>\n<\/li>\n<li data-sourcepos=\"67:1-68:0\">\n<p data-sourcepos=\"67:3-67:98\"><strong>Inspection:<\/strong> Inspection des ponts, b\u00e2timents et autres structures pour d\u00e9tecter les d\u00e9fauts ou les anomalies.<\/p>\n<\/li>\n<li data-sourcepos=\"69:1-70:0\">\n<p data-sourcepos=\"69:3-69:89\"><strong>P\u00e9trole et gaz :<\/strong> Inspection de pipelines, de raffineries et d\u2019autres installations p\u00e9troli\u00e8res et gazi\u00e8res.<\/p>\n<\/li>\n<li data-sourcepos=\"71:1-72:0\">\n<p data-sourcepos=\"71:3-71:75\"><strong>Agriculture:<\/strong> Surveillance des cultures, analyse de l&#039;irrigation et cartographie des champs.<\/p>\n<\/li>\n<\/ul>\n<p data-sourcepos=\"73:1-73:385\">Globalement, le DJI Matrice 350 RTK est un drone puissant et polyvalent qui repousse les limites de la collecte de donn\u00e9es a\u00e9riennes pour les applications professionnelles exigeantes. Ses options de charge utile avanc\u00e9es, sa construction robuste et ses fonctionnalit\u00e9s de s\u00e9curit\u00e9 compl\u00e8tes en font un atout pr\u00e9cieux pour les entreprises cherchant \u00e0 am\u00e9liorer leur productivit\u00e9, leur efficacit\u00e9 et leur s\u00e9curit\u00e9 dans divers secteurs.<\/p>\n<p data-sourcepos=\"73:1-73:385\"><a href=\"https:\/\/www.ghostysky.com\/wp-content\/uploads\/2023\/12\/Matrice350rtk_In_the_box.jpg\"><img fetchpriority=\"high\" decoding=\"async\" class=\"alignnone size-full wp-image-15345 lazyload\" src=\"data:image\/gif;base64,R0lGODlhAQABAAAAACH5BAEKAAEALAAAAAABAAEAAAICTAEAOw==\" alt=\"\" width=\"1375\" height=\"711\" data-src=\"https:\/\/www.ghostysky.com\/wp-content\/uploads\/2023\/12\/Matrice350rtk_In_the_box.jpg\"><\/a><\/p>","protected":false},"excerpt":{"rendered":"<p>Le DJI Matrice 350 RTK est un drone hautes performances con\u00e7u pour des applications professionnelles dans divers secteurs, notamment l&#039;\u00e9nergie, la construction et l&#039;inspection. Il est dot\u00e9 d&#039;un syst\u00e8me de charge utile robuste et polyvalent, de fonctions de s\u00e9curit\u00e9 avanc\u00e9es et de performances de vol exceptionnelles.<\/p>\n<p><strong>Fournit jusqu&#039;\u00e0 deux remplacements abordables en cas de dommages accidentels.<\/strong><\/p>","protected":false},"featured_media":15344,"comment_status":"open","ping_status":"closed","template":"","meta":[],"product_brand":[],"product_cat":[37,621,623],"product_tag":[42,624,618],"class_list":{"0":"post-15347","1":"product","2":"type-product","3":"status-publish","4":"has-post-thumbnail","6":"product_cat-dji","7":"product_cat-dji-matrice-350-rtk","8":"product_cat-matrice-350-drones","9":"product_tag-dji","10":"product_tag-matrice-350-rtk","11":"product_tag-worry-free-plus-combo","13":"first","14":"onbackorder","15":"taxable","16":"shipping-taxable","17":"purchasable","18":"product-type-simple"},"yoast_head":"<!-- This site is optimized with the Yoast SEO plugin v27.1.1 - https:\/\/yoast.com\/product\/yoast-seo-wordpress\/ -->\n<title>DJI Matrice 350 RTK-Worry-Free Plus Combo - Ghostysky<\/title>\n<meta name=\"description\" content=\"The DJI Matrice 350 RTK is a high-performance drone designed for professional applications in various industries, including energy, construction, and inspection. It features a robust and versatile payload system, advanced safety features, and a powerful flight performance.\" \/>\n<meta name=\"robots\" content=\"index, follow, max-snippet:-1, max-image-preview:large, max-video-preview:-1\" \/>\n<link rel=\"canonical\" href=\"https:\/\/www.ghostysky.com\/fr\/product\/dji-matrice-350-rtk-worry-free-plus-combo\/\" \/>\n<meta property=\"og:locale\" content=\"fr_FR\" \/>\n<meta property=\"og:type\" content=\"article\" \/>\n<meta property=\"og:title\" content=\"DJI Matrice 350 RTK-Worry-Free Plus Combo - Ghostysky\" \/>\n<meta property=\"og:description\" content=\"The DJI Matrice 350 RTK is a high-performance drone designed for professional applications in various industries, including energy, construction, and inspection. It features a robust and versatile payload system, advanced safety features, and a powerful flight performance.\" \/>\n<meta property=\"og:url\" content=\"https:\/\/www.ghostysky.com\/fr\/product\/dji-matrice-350-rtk-worry-free-plus-combo\/\" \/>\n<meta property=\"og:site_name\" content=\"Ghostysky\" \/>\n<meta property=\"article:publisher\" content=\"https:\/\/www.facebook.com\/people\/Ghostysky\/100057676170234\/\" \/>\n<meta property=\"article:modified_time\" content=\"2024-07-16T10:19:12+00:00\" \/>\n<meta property=\"og:image\" content=\"https:\/\/www.ghostysky.com\/wp-content\/uploads\/2023\/12\/DJI_Matrice_350RTK_1.jpg\" \/>\n\t<meta property=\"og:image:width\" content=\"2560\" \/>\n\t<meta property=\"og:image:height\" content=\"2560\" \/>\n\t<meta property=\"og:image:type\" content=\"image\/jpeg\" \/>\n<meta name=\"twitter:card\" content=\"summary_large_image\" \/>\n<meta name=\"twitter:site\" content=\"@Gh0stysky\" \/>\n<meta name=\"twitter:label1\" content=\"Dur\u00e9e de lecture estim\u00e9e\" \/>\n\t<meta name=\"twitter:data1\" content=\"3 minutes\" \/>\n<script type=\"application\/ld+json\" class=\"yoast-schema-graph\">{\"@context\":\"https:\/\/schema.org\",\"@graph\":[{\"@type\":\"WebPage\",\"@id\":\"https:\/\/www.ghostysky.com\/product\/dji-matrice-350-rtk-worry-free-plus-combo\/\",\"url\":\"https:\/\/www.ghostysky.com\/product\/dji-matrice-350-rtk-worry-free-plus-combo\/\",\"name\":\"DJI Matrice 350 RTK-Worry-Free Plus Combo - Ghostysky\",\"isPartOf\":{\"@id\":\"https:\/\/www.ghostysky.com\/#website\"},\"primaryImageOfPage\":{\"@id\":\"https:\/\/www.ghostysky.com\/product\/dji-matrice-350-rtk-worry-free-plus-combo\/#primaryimage\"},\"image\":{\"@id\":\"https:\/\/www.ghostysky.com\/product\/dji-matrice-350-rtk-worry-free-plus-combo\/#primaryimage\"},\"thumbnailUrl\":\"https:\/\/www.ghostysky.com\/wp-content\/uploads\/2023\/12\/DJI_Matrice_350RTK_1.jpg\",\"datePublished\":\"2023-12-28T17:25:14+00:00\",\"dateModified\":\"2024-07-16T10:19:12+00:00\",\"description\":\"The DJI Matrice 350 RTK is a high-performance drone designed for professional applications in various industries, including energy, construction, and inspection. It features a robust and versatile payload system, advanced safety features, and a powerful flight performance.\",\"breadcrumb\":{\"@id\":\"https:\/\/www.ghostysky.com\/product\/dji-matrice-350-rtk-worry-free-plus-combo\/#breadcrumb\"},\"inLanguage\":\"fr-FR\",\"potentialAction\":[{\"@type\":\"ReadAction\",\"target\":[\"https:\/\/www.ghostysky.com\/product\/dji-matrice-350-rtk-worry-free-plus-combo\/\"]}]},{\"@type\":\"ImageObject\",\"inLanguage\":\"fr-FR\",\"@id\":\"https:\/\/www.ghostysky.com\/product\/dji-matrice-350-rtk-worry-free-plus-combo\/#primaryimage\",\"url\":\"https:\/\/www.ghostysky.com\/wp-content\/uploads\/2023\/12\/DJI_Matrice_350RTK_1.jpg\",\"contentUrl\":\"https:\/\/www.ghostysky.com\/wp-content\/uploads\/2023\/12\/DJI_Matrice_350RTK_1.jpg\",\"width\":2560,\"height\":2560},{\"@type\":\"BreadcrumbList\",\"@id\":\"https:\/\/www.ghostysky.com\/product\/dji-matrice-350-rtk-worry-free-plus-combo\/#breadcrumb\",\"itemListElement\":[{\"@type\":\"ListItem\",\"position\":1,\"name\":\"Home\",\"item\":\"https:\/\/www.ghostysky.com\/\"},{\"@type\":\"ListItem\",\"position\":2,\"name\":\"Shop\",\"item\":\"https:\/\/www.ghostysky.com\/shop\/\"},{\"@type\":\"ListItem\",\"position\":3,\"name\":\"DJI Matrice 350 RTK-Worry-Free Plus Combo\"}]},{\"@type\":\"WebSite\",\"@id\":\"https:\/\/www.ghostysky.com\/#website\",\"url\":\"https:\/\/www.ghostysky.com\/\",\"name\":\"Ghostysky\",\"description\":\"Delivering professional drones and services\",\"publisher\":{\"@id\":\"https:\/\/www.ghostysky.com\/#organization\"},\"potentialAction\":[{\"@type\":\"SearchAction\",\"target\":{\"@type\":\"EntryPoint\",\"urlTemplate\":\"https:\/\/www.ghostysky.com\/?s={search_term_string}\"},\"query-input\":{\"@type\":\"PropertyValueSpecification\",\"valueRequired\":true,\"valueName\":\"search_term_string\"}}],\"inLanguage\":\"fr-FR\"},{\"@type\":\"Organization\",\"@id\":\"https:\/\/www.ghostysky.com\/#organization\",\"name\":\"Ghostysky\",\"url\":\"https:\/\/www.ghostysky.com\/\",\"logo\":{\"@type\":\"ImageObject\",\"inLanguage\":\"fr-FR\",\"@id\":\"https:\/\/www.ghostysky.com\/#\/schema\/logo\/image\/\",\"url\":\"https:\/\/www.ghostysky.com\/wp-content\/uploads\/2020\/06\/cropped-ghostyskylogo_text_white2.png\",\"contentUrl\":\"https:\/\/www.ghostysky.com\/wp-content\/uploads\/2020\/06\/cropped-ghostyskylogo_text_white2.png\",\"width\":169,\"height\":56,\"caption\":\"Ghostysky\"},\"image\":{\"@id\":\"https:\/\/www.ghostysky.com\/#\/schema\/logo\/image\/\"},\"sameAs\":[\"https:\/\/www.facebook.com\/people\/Ghostysky\/100057676170234\/\",\"https:\/\/x.com\/Gh0stysky\",\"https:\/\/www.linkedin.com\/company\/34739653\",\"https:\/\/www.instagram.com\/gh0stysky\"]}]}<\/script>\n<!-- \/ Yoast SEO plugin. -->","yoast_head_json":{"title":"DJI Matrice 350 RTK-Worry-Free Plus Combo - Ghostysky","description":"Le DJI Matrice 350 RTK est un drone hautes performances con\u00e7u pour des applications professionnelles dans divers secteurs, notamment l&#039;\u00e9nergie, la construction et l&#039;inspection. Il est dot\u00e9 d&#039;un syst\u00e8me de charge utile robuste et polyvalent, de fonctions de s\u00e9curit\u00e9 avanc\u00e9es et de performances de vol exceptionnelles.","robots":{"index":"index","follow":"follow","max-snippet":"max-snippet:-1","max-image-preview":"max-image-preview:large","max-video-preview":"max-video-preview:-1"},"canonical":"https:\/\/www.ghostysky.com\/fr\/product\/dji-matrice-350-rtk-worry-free-plus-combo\/","og_locale":"fr_FR","og_type":"article","og_title":"DJI Matrice 350 RTK-Worry-Free Plus Combo - Ghostysky","og_description":"The DJI Matrice 350 RTK is a high-performance drone designed for professional applications in various industries, including energy, construction, and inspection. It features a robust and versatile payload system, advanced safety features, and a powerful flight performance.","og_url":"https:\/\/www.ghostysky.com\/fr\/product\/dji-matrice-350-rtk-worry-free-plus-combo\/","og_site_name":"Ghostysky","article_publisher":"https:\/\/www.facebook.com\/people\/Ghostysky\/100057676170234\/","article_modified_time":"2024-07-16T10:19:12+00:00","og_image":[{"width":2560,"height":2560,"url":"https:\/\/www.ghostysky.com\/wp-content\/uploads\/2023\/12\/DJI_Matrice_350RTK_1.jpg","type":"image\/jpeg"}],"twitter_card":"summary_large_image","twitter_site":"@Gh0stysky","twitter_misc":{"Dur\u00e9e de lecture estim\u00e9e":"3 minutes"},"schema":{"@context":"https:\/\/schema.org","@graph":[{"@type":"WebPage","@id":"https:\/\/www.ghostysky.com\/product\/dji-matrice-350-rtk-worry-free-plus-combo\/","url":"https:\/\/www.ghostysky.com\/product\/dji-matrice-350-rtk-worry-free-plus-combo\/","name":"DJI Matrice 350 RTK-Worry-Free Plus Combo - Ghostysky","isPartOf":{"@id":"https:\/\/www.ghostysky.com\/#website"},"primaryImageOfPage":{"@id":"https:\/\/www.ghostysky.com\/product\/dji-matrice-350-rtk-worry-free-plus-combo\/#primaryimage"},"image":{"@id":"https:\/\/www.ghostysky.com\/product\/dji-matrice-350-rtk-worry-free-plus-combo\/#primaryimage"},"thumbnailUrl":"https:\/\/www.ghostysky.com\/wp-content\/uploads\/2023\/12\/DJI_Matrice_350RTK_1.jpg","datePublished":"2023-12-28T17:25:14+00:00","dateModified":"2024-07-16T10:19:12+00:00","description":"Le DJI Matrice 350 RTK est un drone hautes performances con\u00e7u pour des applications professionnelles dans divers secteurs, notamment l&#039;\u00e9nergie, la construction et l&#039;inspection. Il est dot\u00e9 d&#039;un syst\u00e8me de charge utile robuste et polyvalent, de fonctions de s\u00e9curit\u00e9 avanc\u00e9es et de performances de vol exceptionnelles.","breadcrumb":{"@id":"https:\/\/www.ghostysky.com\/product\/dji-matrice-350-rtk-worry-free-plus-combo\/#breadcrumb"},"inLanguage":"fr-FR","potentialAction":[{"@type":"ReadAction","target":["https:\/\/www.ghostysky.com\/product\/dji-matrice-350-rtk-worry-free-plus-combo\/"]}]},{"@type":"ImageObject","inLanguage":"fr-FR","@id":"https:\/\/www.ghostysky.com\/product\/dji-matrice-350-rtk-worry-free-plus-combo\/#primaryimage","url":"https:\/\/www.ghostysky.com\/wp-content\/uploads\/2023\/12\/DJI_Matrice_350RTK_1.jpg","contentUrl":"https:\/\/www.ghostysky.com\/wp-content\/uploads\/2023\/12\/DJI_Matrice_350RTK_1.jpg","width":2560,"height":2560},{"@type":"BreadcrumbList","@id":"https:\/\/www.ghostysky.com\/product\/dji-matrice-350-rtk-worry-free-plus-combo\/#breadcrumb","itemListElement":[{"@type":"ListItem","position":1,"name":"Home","item":"https:\/\/www.ghostysky.com\/"},{"@type":"ListItem","position":2,"name":"Shop","item":"https:\/\/www.ghostysky.com\/shop\/"},{"@type":"ListItem","position":3,"name":"DJI Matrice 350 RTK-Worry-Free Plus Combo"}]},{"@type":"WebSite","@id":"https:\/\/www.ghostysky.com\/#website","url":"https:\/\/www.ghostysky.com\/","name":"Ghostysky","description":"Livraison de drones et de services professionnels","publisher":{"@id":"https:\/\/www.ghostysky.com\/#organization"},"potentialAction":[{"@type":"SearchAction","target":{"@type":"EntryPoint","urlTemplate":"https:\/\/www.ghostysky.com\/?s={search_term_string}"},"query-input":{"@type":"PropertyValueSpecification","valueRequired":true,"valueName":"search_term_string"}}],"inLanguage":"fr-FR"},{"@type":"Organization","@id":"https:\/\/www.ghostysky.com\/#organization","name":"Ghostysky","url":"https:\/\/www.ghostysky.com\/","logo":{"@type":"ImageObject","inLanguage":"fr-FR","@id":"https:\/\/www.ghostysky.com\/#\/schema\/logo\/image\/","url":"https:\/\/www.ghostysky.com\/wp-content\/uploads\/2020\/06\/cropped-ghostyskylogo_text_white2.png","contentUrl":"https:\/\/www.ghostysky.com\/wp-content\/uploads\/2020\/06\/cropped-ghostyskylogo_text_white2.png","width":169,"height":56,"caption":"Ghostysky"},"image":{"@id":"https:\/\/www.ghostysky.com\/#\/schema\/logo\/image\/"},"sameAs":["https:\/\/www.facebook.com\/people\/Ghostysky\/100057676170234\/","https:\/\/x.com\/Gh0stysky","https:\/\/www.linkedin.com\/company\/34739653","https:\/\/www.instagram.com\/gh0stysky"]}]}},"_links":{"self":[{"href":"https:\/\/www.ghostysky.com\/fr\/wp-json\/wp\/v2\/product\/15347","targetHints":{"allow":["GET"]}}],"collection":[{"href":"https:\/\/www.ghostysky.com\/fr\/wp-json\/wp\/v2\/product"}],"about":[{"href":"https:\/\/www.ghostysky.com\/fr\/wp-json\/wp\/v2\/types\/product"}],"replies":[{"embeddable":true,"href":"https:\/\/www.ghostysky.com\/fr\/wp-json\/wp\/v2\/comments?post=15347"}],"wp:featuredmedia":[{"embeddable":true,"href":"https:\/\/www.ghostysky.com\/fr\/wp-json\/wp\/v2\/media\/15344"}],"wp:attachment":[{"href":"https:\/\/www.ghostysky.com\/fr\/wp-json\/wp\/v2\/media?parent=15347"}],"wp:term":[{"taxonomy":"product_brand","embeddable":true,"href":"https:\/\/www.ghostysky.com\/fr\/wp-json\/wp\/v2\/product_brand?post=15347"},{"taxonomy":"product_cat","embeddable":true,"href":"https:\/\/www.ghostysky.com\/fr\/wp-json\/wp\/v2\/product_cat?post=15347"},{"taxonomy":"product_tag","embeddable":true,"href":"https:\/\/www.ghostysky.com\/fr\/wp-json\/wp\/v2\/product_tag?post=15347"}],"curies":[{"name":"wp","href":"https:\/\/api.w.org\/{rel}","templated":true}]}}