{"id":15375,"date":"2023-12-28T18:04:11","date_gmt":"2023-12-28T18:04:11","guid":{"rendered":"https:\/\/www.ghostysky.com\/?post_type=product&#038;p=15375"},"modified":"2024-11-05T11:40:13","modified_gmt":"2024-11-05T11:40:13","slug":"matrice-30-series-tb30-intelligent-flight-battery","status":"publish","type":"product","link":"https:\/\/www.ghostysky.com\/fr\/product\/matrice-30-series-tb30-intelligent-flight-battery\/","title":{"rendered":"Batterie de vol intelligente Matrice s\u00e9rie 30 TB30"},"content":{"rendered":"<div class=\"temp-specs-tr\">\n<div class=\"temp-specs-td name\"><strong>Aper\u00e7u<\/strong><\/div>\n<div class=\"temp-specs-td value\">\n<p>La batterie intelligente TB30 est auto-chauffante et peut \u00eatre charg\u00e9e jusqu&#039;\u00e0 400 cycles. Elle prend en charge le remplacement des modules \u00e0 chaud, ce qui permet de gagner du temps lors des t\u00e2ches critiques et de garantir le bon d\u00e9roulement des vols.<\/p>\n<\/div>\n<\/div>\n<div class=\"temp-specs-tr\">\n<div class=\"temp-specs-td name\"><strong>Points forts<\/strong><\/div>\n<div class=\"temp-specs-td value\">\n<ul>\n<li>Charge jusqu&#039;\u00e0 400 cycles et prend en charge le remplacement du module \u00e0 chaud.<\/li>\n<\/ul>\n<\/div>\n<\/div>\n<div class=\"temp-specs-tr\">\n<div class=\"temp-specs-td name\"><strong>Conseils<\/strong><\/div>\n<div class=\"temp-specs-td value\">\n<p>Stocker les batteries \u00e0 un niveau de charge \u00e9lev\u00e9 peut r\u00e9duire leur dur\u00e9e de vie. Consultez le manuel d&#039;utilisation de la station de batteries intelligente BS30.<\/p>\n<\/div>\n<\/div>\n<div class=\"temp-specs-tr\">\n<div class=\"temp-specs-td name\"><strong>Dans la bo\u00eete<\/strong><\/div>\n<div class=\"temp-specs-td value\">\n<ul>\n<li>Batterie de vol intelligente TB30 \u00d7 1<\/li>\n<\/ul>\n<\/div>\n<\/div>\n<div class=\"temp-specs-tr\">\n<div class=\"temp-specs-td name\"><strong>Caract\u00e9ristiques<\/strong><\/div>\n<div class=\"temp-specs-td value\">\n<ul>\n<li>Capacit\u00e9 : 5 880 mAh<\/li>\n<li>Poids : environ 685 g<\/li>\n<li>Tension : 26,1 V<\/li>\n<li>Temp\u00e9rature de fonctionnement : -20 \u00e0 50 \u00b0C (-4\u00b0 \u00e0 122\u00b0 F)<\/li>\n<\/ul>\n<\/div>\n<\/div>\n<div class=\"temp-specs-tr\">\n<div class=\"temp-specs-td name\"><strong>Compatibilit\u00e9<\/strong><\/div>\n<div class=\"temp-specs-td value\">\n<ul>\n<li>S\u00e9rie Matrice 30<\/li>\n<\/ul>\n<\/div>\n<\/div>","protected":false},"excerpt":{"rendered":"<p>La batterie de vol intelligente TB30 Matrice s\u00e9rie 30 est une batterie haute capacit\u00e9 et hautes performances con\u00e7ue pour les drones DJI Matrice s\u00e9rie 30. Elle offre une longue dur\u00e9e de vol, une d\u00e9charge puissante et des fonctions de s\u00e9curit\u00e9 avanc\u00e9es.<\/p>","protected":false},"featured_media":15378,"comment_status":"open","ping_status":"closed","template":"","meta":[],"product_brand":[],"product_cat":[615,614,29],"product_tag":[617,627,620],"class_list":{"0":"post-15375","1":"product","2":"type-product","3":"status-publish","4":"has-post-thumbnail","6":"product_cat-dji-matrice-30-accessories","7":"product_cat-dji-matrice-30","8":"product_cat-drones","9":"product_tag-matrice-30","10":"product_tag-matrice-30-series-tb30-intelligent-flight-battery","11":"product_tag-matrice-30t","13":"first","14":"instock","15":"taxable","16":"shipping-taxable","17":"purchasable","18":"product-type-simple"},"yoast_head":"<!-- This site is optimized with the Yoast SEO plugin v27.4 - https:\/\/yoast.com\/product\/yoast-seo-wordpress\/ -->\n<title>Matrice 30 Series TB30 Intelligent Flight Battery - Ghostysky<\/title>\n<meta name=\"description\" content=\"The Matrice 30 Series TB30 Intelligent Flight Battery is a high-capacity and high-performance battery designed for the DJI Matrice 30 series of drones. It features a long flight time, a powerful discharge rate, and advanced safety features.\" \/>\n<meta name=\"robots\" content=\"index, follow, max-snippet:-1, max-image-preview:large, max-video-preview:-1\" \/>\n<link rel=\"canonical\" href=\"https:\/\/www.ghostysky.com\/fr\/product\/matrice-30-series-tb30-intelligent-flight-battery\/\" \/>\n<meta property=\"og:locale\" content=\"fr_FR\" \/>\n<meta property=\"og:type\" content=\"article\" \/>\n<meta property=\"og:title\" content=\"Matrice 30 Series TB30 Intelligent Flight Battery - Ghostysky\" \/>\n<meta property=\"og:description\" content=\"The Matrice 30 Series TB30 Intelligent Flight Battery is a high-capacity and high-performance battery designed for the DJI Matrice 30 series of drones. It features a long flight time, a powerful discharge rate, and advanced safety features.\" \/>\n<meta property=\"og:url\" content=\"https:\/\/www.ghostysky.com\/fr\/product\/matrice-30-series-tb30-intelligent-flight-battery\/\" \/>\n<meta property=\"og:site_name\" content=\"Ghostysky\" \/>\n<meta property=\"article:publisher\" content=\"https:\/\/www.facebook.com\/people\/Ghostysky\/100057676170234\/\" \/>\n<meta property=\"article:modified_time\" content=\"2024-11-05T11:40:13+00:00\" \/>\n<meta property=\"og:image\" content=\"https:\/\/www.ghostysky.com\/wp-content\/uploads\/2023\/12\/Matrice-30_bat_1-scaled.jpg\" \/>\n\t<meta property=\"og:image:width\" content=\"3840\" \/>\n\t<meta property=\"og:image:height\" content=\"2560\" \/>\n\t<meta property=\"og:image:type\" content=\"image\/jpeg\" \/>\n<meta name=\"twitter:card\" content=\"summary_large_image\" \/>\n<meta name=\"twitter:site\" content=\"@Gh0stysky\" \/>\n<meta name=\"twitter:label1\" content=\"Dur\u00e9e de lecture estim\u00e9e\" \/>\n\t<meta name=\"twitter:data1\" content=\"1 minute\" \/>\n<script type=\"application\/ld+json\" class=\"yoast-schema-graph\">{\"@context\":\"https:\\\/\\\/schema.org\",\"@graph\":[{\"@type\":\"WebPage\",\"@id\":\"https:\\\/\\\/www.ghostysky.com\\\/product\\\/matrice-30-series-tb30-intelligent-flight-battery\\\/\",\"url\":\"https:\\\/\\\/www.ghostysky.com\\\/product\\\/matrice-30-series-tb30-intelligent-flight-battery\\\/\",\"name\":\"Matrice 30 Series TB30 Intelligent Flight Battery - Ghostysky\",\"isPartOf\":{\"@id\":\"https:\\\/\\\/www.ghostysky.com\\\/#website\"},\"primaryImageOfPage\":{\"@id\":\"https:\\\/\\\/www.ghostysky.com\\\/product\\\/matrice-30-series-tb30-intelligent-flight-battery\\\/#primaryimage\"},\"image\":{\"@id\":\"https:\\\/\\\/www.ghostysky.com\\\/product\\\/matrice-30-series-tb30-intelligent-flight-battery\\\/#primaryimage\"},\"thumbnailUrl\":\"https:\\\/\\\/www.ghostysky.com\\\/wp-content\\\/uploads\\\/2023\\\/12\\\/Matrice-30_bat_1-scaled.jpg\",\"datePublished\":\"2023-12-28T18:04:11+00:00\",\"dateModified\":\"2024-11-05T11:40:13+00:00\",\"description\":\"The Matrice 30 Series TB30 Intelligent Flight Battery is a high-capacity and high-performance battery designed for the DJI Matrice 30 series of drones. It features a long flight time, a powerful discharge rate, and advanced safety features.\",\"breadcrumb\":{\"@id\":\"https:\\\/\\\/www.ghostysky.com\\\/product\\\/matrice-30-series-tb30-intelligent-flight-battery\\\/#breadcrumb\"},\"inLanguage\":\"fr-FR\",\"potentialAction\":[{\"@type\":\"ReadAction\",\"target\":[\"https:\\\/\\\/www.ghostysky.com\\\/product\\\/matrice-30-series-tb30-intelligent-flight-battery\\\/\"]}]},{\"@type\":\"ImageObject\",\"inLanguage\":\"fr-FR\",\"@id\":\"https:\\\/\\\/www.ghostysky.com\\\/product\\\/matrice-30-series-tb30-intelligent-flight-battery\\\/#primaryimage\",\"url\":\"https:\\\/\\\/www.ghostysky.com\\\/wp-content\\\/uploads\\\/2023\\\/12\\\/Matrice-30_bat_1-scaled.jpg\",\"contentUrl\":\"https:\\\/\\\/www.ghostysky.com\\\/wp-content\\\/uploads\\\/2023\\\/12\\\/Matrice-30_bat_1-scaled.jpg\",\"width\":3840,\"height\":2560},{\"@type\":\"BreadcrumbList\",\"@id\":\"https:\\\/\\\/www.ghostysky.com\\\/product\\\/matrice-30-series-tb30-intelligent-flight-battery\\\/#breadcrumb\",\"itemListElement\":[{\"@type\":\"ListItem\",\"position\":1,\"name\":\"Home\",\"item\":\"https:\\\/\\\/www.ghostysky.com\\\/\"},{\"@type\":\"ListItem\",\"position\":2,\"name\":\"Shop\",\"item\":\"https:\\\/\\\/www.ghostysky.com\\\/shop\\\/\"},{\"@type\":\"ListItem\",\"position\":3,\"name\":\"Matrice 30 Series TB30 Intelligent Flight Battery\"}]},{\"@type\":\"WebSite\",\"@id\":\"https:\\\/\\\/www.ghostysky.com\\\/#website\",\"url\":\"https:\\\/\\\/www.ghostysky.com\\\/\",\"name\":\"Ghostysky\",\"description\":\"Delivering professional drones and services\",\"publisher\":{\"@id\":\"https:\\\/\\\/www.ghostysky.com\\\/#organization\"},\"potentialAction\":[{\"@type\":\"SearchAction\",\"target\":{\"@type\":\"EntryPoint\",\"urlTemplate\":\"https:\\\/\\\/www.ghostysky.com\\\/?s={search_term_string}\"},\"query-input\":{\"@type\":\"PropertyValueSpecification\",\"valueRequired\":true,\"valueName\":\"search_term_string\"}}],\"inLanguage\":\"fr-FR\"},{\"@type\":\"Organization\",\"@id\":\"https:\\\/\\\/www.ghostysky.com\\\/#organization\",\"name\":\"Ghostysky\",\"url\":\"https:\\\/\\\/www.ghostysky.com\\\/\",\"logo\":{\"@type\":\"ImageObject\",\"inLanguage\":\"fr-FR\",\"@id\":\"https:\\\/\\\/www.ghostysky.com\\\/#\\\/schema\\\/logo\\\/image\\\/\",\"url\":\"https:\\\/\\\/www.ghostysky.com\\\/wp-content\\\/uploads\\\/2020\\\/06\\\/cropped-ghostyskylogo_text_white2.png\",\"contentUrl\":\"https:\\\/\\\/www.ghostysky.com\\\/wp-content\\\/uploads\\\/2020\\\/06\\\/cropped-ghostyskylogo_text_white2.png\",\"width\":169,\"height\":56,\"caption\":\"Ghostysky\"},\"image\":{\"@id\":\"https:\\\/\\\/www.ghostysky.com\\\/#\\\/schema\\\/logo\\\/image\\\/\"},\"sameAs\":[\"https:\\\/\\\/www.facebook.com\\\/people\\\/Ghostysky\\\/100057676170234\\\/\",\"https:\\\/\\\/x.com\\\/Gh0stysky\",\"https:\\\/\\\/www.linkedin.com\\\/company\\\/34739653\",\"https:\\\/\\\/www.instagram.com\\\/gh0stysky\"]}]}<\/script>\n<!-- \/ Yoast SEO plugin. -->","yoast_head_json":{"title":"Batterie de vol intelligente Matrice 30 Series TB30 - Ghostysky","description":"La batterie de vol intelligente TB30 Matrice s\u00e9rie 30 est une batterie haute capacit\u00e9 et hautes performances con\u00e7ue pour les drones DJI Matrice s\u00e9rie 30. Elle offre une longue dur\u00e9e de vol, une d\u00e9charge puissante et des fonctions de s\u00e9curit\u00e9 avanc\u00e9es.","robots":{"index":"index","follow":"follow","max-snippet":"max-snippet:-1","max-image-preview":"max-image-preview:large","max-video-preview":"max-video-preview:-1"},"canonical":"https:\/\/www.ghostysky.com\/fr\/product\/matrice-30-series-tb30-intelligent-flight-battery\/","og_locale":"fr_FR","og_type":"article","og_title":"Matrice 30 Series TB30 Intelligent Flight Battery - Ghostysky","og_description":"The Matrice 30 Series TB30 Intelligent Flight Battery is a high-capacity and high-performance battery designed for the DJI Matrice 30 series of drones. It features a long flight time, a powerful discharge rate, and advanced safety features.","og_url":"https:\/\/www.ghostysky.com\/fr\/product\/matrice-30-series-tb30-intelligent-flight-battery\/","og_site_name":"Ghostysky","article_publisher":"https:\/\/www.facebook.com\/people\/Ghostysky\/100057676170234\/","article_modified_time":"2024-11-05T11:40:13+00:00","og_image":[{"width":3840,"height":2560,"url":"https:\/\/www.ghostysky.com\/wp-content\/uploads\/2023\/12\/Matrice-30_bat_1-scaled.jpg","type":"image\/jpeg"}],"twitter_card":"summary_large_image","twitter_site":"@Gh0stysky","twitter_misc":{"Dur\u00e9e de lecture estim\u00e9e":"1 minute"},"schema":{"@context":"https:\/\/schema.org","@graph":[{"@type":"WebPage","@id":"https:\/\/www.ghostysky.com\/product\/matrice-30-series-tb30-intelligent-flight-battery\/","url":"https:\/\/www.ghostysky.com\/product\/matrice-30-series-tb30-intelligent-flight-battery\/","name":"Batterie de vol intelligente Matrice 30 Series TB30 - Ghostysky","isPartOf":{"@id":"https:\/\/www.ghostysky.com\/#website"},"primaryImageOfPage":{"@id":"https:\/\/www.ghostysky.com\/product\/matrice-30-series-tb30-intelligent-flight-battery\/#primaryimage"},"image":{"@id":"https:\/\/www.ghostysky.com\/product\/matrice-30-series-tb30-intelligent-flight-battery\/#primaryimage"},"thumbnailUrl":"https:\/\/www.ghostysky.com\/wp-content\/uploads\/2023\/12\/Matrice-30_bat_1-scaled.jpg","datePublished":"2023-12-28T18:04:11+00:00","dateModified":"2024-11-05T11:40:13+00:00","description":"La batterie de vol intelligente TB30 Matrice s\u00e9rie 30 est une batterie haute capacit\u00e9 et hautes performances con\u00e7ue pour les drones DJI Matrice s\u00e9rie 30. Elle offre une longue dur\u00e9e de vol, une d\u00e9charge puissante et des fonctions de s\u00e9curit\u00e9 avanc\u00e9es.","breadcrumb":{"@id":"https:\/\/www.ghostysky.com\/product\/matrice-30-series-tb30-intelligent-flight-battery\/#breadcrumb"},"inLanguage":"fr-FR","potentialAction":[{"@type":"ReadAction","target":["https:\/\/www.ghostysky.com\/product\/matrice-30-series-tb30-intelligent-flight-battery\/"]}]},{"@type":"ImageObject","inLanguage":"fr-FR","@id":"https:\/\/www.ghostysky.com\/product\/matrice-30-series-tb30-intelligent-flight-battery\/#primaryimage","url":"https:\/\/www.ghostysky.com\/wp-content\/uploads\/2023\/12\/Matrice-30_bat_1-scaled.jpg","contentUrl":"https:\/\/www.ghostysky.com\/wp-content\/uploads\/2023\/12\/Matrice-30_bat_1-scaled.jpg","width":3840,"height":2560},{"@type":"BreadcrumbList","@id":"https:\/\/www.ghostysky.com\/product\/matrice-30-series-tb30-intelligent-flight-battery\/#breadcrumb","itemListElement":[{"@type":"ListItem","position":1,"name":"Home","item":"https:\/\/www.ghostysky.com\/"},{"@type":"ListItem","position":2,"name":"Shop","item":"https:\/\/www.ghostysky.com\/shop\/"},{"@type":"ListItem","position":3,"name":"Matrice 30 Series TB30 Intelligent Flight Battery"}]},{"@type":"WebSite","@id":"https:\/\/www.ghostysky.com\/#website","url":"https:\/\/www.ghostysky.com\/","name":"Ghostysky","description":"Livraison de drones et de services professionnels","publisher":{"@id":"https:\/\/www.ghostysky.com\/#organization"},"potentialAction":[{"@type":"SearchAction","target":{"@type":"EntryPoint","urlTemplate":"https:\/\/www.ghostysky.com\/?s={search_term_string}"},"query-input":{"@type":"PropertyValueSpecification","valueRequired":true,"valueName":"search_term_string"}}],"inLanguage":"fr-FR"},{"@type":"Organization","@id":"https:\/\/www.ghostysky.com\/#organization","name":"Ghostysky","url":"https:\/\/www.ghostysky.com\/","logo":{"@type":"ImageObject","inLanguage":"fr-FR","@id":"https:\/\/www.ghostysky.com\/#\/schema\/logo\/image\/","url":"https:\/\/www.ghostysky.com\/wp-content\/uploads\/2020\/06\/cropped-ghostyskylogo_text_white2.png","contentUrl":"https:\/\/www.ghostysky.com\/wp-content\/uploads\/2020\/06\/cropped-ghostyskylogo_text_white2.png","width":169,"height":56,"caption":"Ghostysky"},"image":{"@id":"https:\/\/www.ghostysky.com\/#\/schema\/logo\/image\/"},"sameAs":["https:\/\/www.facebook.com\/people\/Ghostysky\/100057676170234\/","https:\/\/x.com\/Gh0stysky","https:\/\/www.linkedin.com\/company\/34739653","https:\/\/www.instagram.com\/gh0stysky"]}]}},"_links":{"self":[{"href":"https:\/\/www.ghostysky.com\/fr\/wp-json\/wp\/v2\/product\/15375","targetHints":{"allow":["GET"]}}],"collection":[{"href":"https:\/\/www.ghostysky.com\/fr\/wp-json\/wp\/v2\/product"}],"about":[{"href":"https:\/\/www.ghostysky.com\/fr\/wp-json\/wp\/v2\/types\/product"}],"replies":[{"embeddable":true,"href":"https:\/\/www.ghostysky.com\/fr\/wp-json\/wp\/v2\/comments?post=15375"}],"version-history":[{"count":0,"href":"https:\/\/www.ghostysky.com\/fr\/wp-json\/wp\/v2\/product\/15375\/revisions"}],"wp:featuredmedia":[{"embeddable":true,"href":"https:\/\/www.ghostysky.com\/fr\/wp-json\/wp\/v2\/media\/15378"}],"wp:attachment":[{"href":"https:\/\/www.ghostysky.com\/fr\/wp-json\/wp\/v2\/media?parent=15375"}],"wp:term":[{"taxonomy":"product_brand","embeddable":true,"href":"https:\/\/www.ghostysky.com\/fr\/wp-json\/wp\/v2\/product_brand?post=15375"},{"taxonomy":"product_cat","embeddable":true,"href":"https:\/\/www.ghostysky.com\/fr\/wp-json\/wp\/v2\/product_cat?post=15375"},{"taxonomy":"product_tag","embeddable":true,"href":"https:\/\/www.ghostysky.com\/fr\/wp-json\/wp\/v2\/product_tag?post=15375"}],"curies":[{"name":"wp","href":"https:\/\/api.w.org\/{rel}","templated":true}]}}