{"id":15379,"date":"2023-12-28T18:12:02","date_gmt":"2023-12-28T18:12:02","guid":{"rendered":"https:\/\/www.ghostysky.com\/?post_type=product&#038;p=15379"},"modified":"2026-02-02T12:30:37","modified_gmt":"2026-02-02T12:30:37","slug":"transport-case-for-matrice-m30-series","status":"publish","type":"product","link":"https:\/\/www.ghostysky.com\/fr\/product\/transport-case-for-matrice-m30-series\/","title":{"rendered":"Mallette de transport pour la s\u00e9rie Matrice M30"},"content":{"rendered":"<p><strong>Personnalisez votre coque\u00a0! Au moment du paiement, vous pouvez demander la gravure laser d&#039;un logo, d&#039;un motif ou d&#039;un texte.<\/strong><\/p>\n<p>&nbsp;<\/p>\n<p>Cet \u00e9tui en r\u00e9sine l\u00e9ger, r\u00e9sistant aux chocs et \u00e9tanche est sp\u00e9cialement con\u00e7u pour transporter et prot\u00e9ger le DJI M30T et ses accessoires.<\/p>\n<p>L&#039;\u00e9tui est dot\u00e9 d&#039;un int\u00e9rieur en mousse d\u00e9coup\u00e9 sur mesure qui s&#039;adapte \u00e0 : la carrosserie de l&#039;avion, la t\u00e9l\u00e9commande DJI RC Plus, la batterie TB30 et divers\/divers.<\/p>\n<p>HPRC5200R est le premier et le seul \u00e9tui de protection qui se transforme en sac \u00e0 dos en quelques secondes.<\/p>\n<p>Au fond de la valise se trouve un panneau amovible facilement rempla\u00e7able par un rembourrage souple. Le kit pour transformer rapidement et facilement la valise en sac \u00e0 dos comprend\u00a0: bretelles, plaque, dossier, vis et cl\u00e9 Allen. Tout le n\u00e9cessaire, pr\u00eat \u00e0 l&#039;emploi.<\/p>\n<p>Le joint torique interne, qui court sur tout le p\u00e9rim\u00e8tre du couvercle, est en EPDM expans\u00e9 et garantit l&#039;\u00e9tanch\u00e9it\u00e9 du bo\u00eetier<strong>\u00a0<\/strong>qualit\u00e9s.<\/p>\n<p>Le Vector Panel augmente la protection du mat\u00e9riel stock\u00e9 et permet une organisation rapide et facile de l&#039;espace.<\/p>\n<p>&nbsp;<\/p>\n<p><strong>Dimensions<\/strong><\/p>\n<p>dimensions int\u00e9rieures 772x302x210(mm) \u2013 30,39\u00d711,89\u00d78,26 (po)<br \/>\ndimensions ext\u00e9rieures 802x355x246,7(mm) \u2013 31,57\u00d713,97\u00d79,71 (po)<\/p>\n<p>couvercle : 62 (mm) \u2013 2,44 (po) I fond 164 (mm) \u2013 6,45 (po)<\/p>","protected":false},"excerpt":{"rendered":"<p>Cet \u00e9tui en r\u00e9sine l\u00e9ger, r\u00e9sistant aux chocs et \u00e9tanche est sp\u00e9cialement con\u00e7u pour transporter et prot\u00e9ger le DJI M30T et ses accessoires<\/p>","protected":false},"featured_media":15383,"comment_status":"open","ping_status":"closed","template":"","meta":[],"product_brand":[],"product_cat":[615,37,614,29],"product_tag":[628,629],"class_list":{"0":"post-15379","1":"product","2":"type-product","3":"status-publish","4":"has-post-thumbnail","6":"product_cat-dji-matrice-30-accessories","7":"product_cat-dji","8":"product_cat-dji-matrice-30","9":"product_cat-drones","10":"product_tag-hprc5200r-for-dji-m30t","11":"product_tag-transport-case-for-matrice-m30-series","13":"first","14":"outofstock","15":"taxable","16":"shipping-taxable","17":"product-type-simple"},"yoast_head":"<!-- This site is optimized with the Yoast SEO plugin v27.1.1 - https:\/\/yoast.com\/product\/yoast-seo-wordpress\/ -->\n<title>Transport Case for Matrice M30 Series - Ghostysky<\/title>\n<meta name=\"description\" content=\"This lightweight, impact-resistant and watertight resin case is specifically designed to carry and protect the DJI M30T and its accessories\" \/>\n<meta name=\"robots\" content=\"index, follow, max-snippet:-1, max-image-preview:large, max-video-preview:-1\" \/>\n<link rel=\"canonical\" href=\"https:\/\/www.ghostysky.com\/fr\/product\/transport-case-for-matrice-m30-series\/\" \/>\n<meta property=\"og:locale\" content=\"fr_FR\" \/>\n<meta property=\"og:type\" content=\"article\" \/>\n<meta property=\"og:title\" content=\"Transport Case for Matrice M30 Series - Ghostysky\" \/>\n<meta property=\"og:description\" content=\"This lightweight, impact-resistant and watertight resin case is specifically designed to carry and protect the DJI M30T and its accessories\" \/>\n<meta property=\"og:url\" content=\"https:\/\/www.ghostysky.com\/fr\/product\/transport-case-for-matrice-m30-series\/\" \/>\n<meta property=\"og:site_name\" content=\"Ghostysky\" \/>\n<meta property=\"article:publisher\" content=\"https:\/\/www.facebook.com\/people\/Ghostysky\/100057676170234\/\" \/>\n<meta property=\"article:modified_time\" content=\"2026-02-02T12:30:37+00:00\" \/>\n<meta property=\"og:image\" content=\"https:\/\/www.ghostysky.com\/wp-content\/uploads\/2023\/12\/TransportCaseM30_1.jpg\" \/>\n\t<meta property=\"og:image:width\" content=\"960\" \/>\n\t<meta property=\"og:image:height\" content=\"960\" \/>\n\t<meta property=\"og:image:type\" content=\"image\/jpeg\" \/>\n<meta name=\"twitter:card\" content=\"summary_large_image\" \/>\n<meta name=\"twitter:site\" content=\"@Gh0stysky\" \/>\n<meta name=\"twitter:label1\" content=\"Dur\u00e9e de lecture estim\u00e9e\" \/>\n\t<meta name=\"twitter:data1\" content=\"2 minutes\" \/>\n<script type=\"application\/ld+json\" class=\"yoast-schema-graph\">{\"@context\":\"https:\/\/schema.org\",\"@graph\":[{\"@type\":\"WebPage\",\"@id\":\"https:\/\/www.ghostysky.com\/product\/transport-case-for-matrice-m30-series\/\",\"url\":\"https:\/\/www.ghostysky.com\/product\/transport-case-for-matrice-m30-series\/\",\"name\":\"Transport Case for Matrice M30 Series - Ghostysky\",\"isPartOf\":{\"@id\":\"https:\/\/www.ghostysky.com\/#website\"},\"primaryImageOfPage\":{\"@id\":\"https:\/\/www.ghostysky.com\/product\/transport-case-for-matrice-m30-series\/#primaryimage\"},\"image\":{\"@id\":\"https:\/\/www.ghostysky.com\/product\/transport-case-for-matrice-m30-series\/#primaryimage\"},\"thumbnailUrl\":\"https:\/\/www.ghostysky.com\/wp-content\/uploads\/2023\/12\/TransportCaseM30_1.jpg\",\"datePublished\":\"2023-12-28T18:12:02+00:00\",\"dateModified\":\"2026-02-02T12:30:37+00:00\",\"description\":\"This lightweight, impact-resistant and watertight resin case is specifically designed to carry and protect the DJI M30T and its accessories\",\"breadcrumb\":{\"@id\":\"https:\/\/www.ghostysky.com\/product\/transport-case-for-matrice-m30-series\/#breadcrumb\"},\"inLanguage\":\"fr-FR\",\"potentialAction\":[{\"@type\":\"ReadAction\",\"target\":[\"https:\/\/www.ghostysky.com\/product\/transport-case-for-matrice-m30-series\/\"]}]},{\"@type\":\"ImageObject\",\"inLanguage\":\"fr-FR\",\"@id\":\"https:\/\/www.ghostysky.com\/product\/transport-case-for-matrice-m30-series\/#primaryimage\",\"url\":\"https:\/\/www.ghostysky.com\/wp-content\/uploads\/2023\/12\/TransportCaseM30_1.jpg\",\"contentUrl\":\"https:\/\/www.ghostysky.com\/wp-content\/uploads\/2023\/12\/TransportCaseM30_1.jpg\",\"width\":960,\"height\":960},{\"@type\":\"BreadcrumbList\",\"@id\":\"https:\/\/www.ghostysky.com\/product\/transport-case-for-matrice-m30-series\/#breadcrumb\",\"itemListElement\":[{\"@type\":\"ListItem\",\"position\":1,\"name\":\"Home\",\"item\":\"https:\/\/www.ghostysky.com\/\"},{\"@type\":\"ListItem\",\"position\":2,\"name\":\"Shop\",\"item\":\"https:\/\/www.ghostysky.com\/shop\/\"},{\"@type\":\"ListItem\",\"position\":3,\"name\":\"Transport Case for Matrice M30 Series\"}]},{\"@type\":\"WebSite\",\"@id\":\"https:\/\/www.ghostysky.com\/#website\",\"url\":\"https:\/\/www.ghostysky.com\/\",\"name\":\"Ghostysky\",\"description\":\"Delivering professional drones and services\",\"publisher\":{\"@id\":\"https:\/\/www.ghostysky.com\/#organization\"},\"potentialAction\":[{\"@type\":\"SearchAction\",\"target\":{\"@type\":\"EntryPoint\",\"urlTemplate\":\"https:\/\/www.ghostysky.com\/?s={search_term_string}\"},\"query-input\":{\"@type\":\"PropertyValueSpecification\",\"valueRequired\":true,\"valueName\":\"search_term_string\"}}],\"inLanguage\":\"fr-FR\"},{\"@type\":\"Organization\",\"@id\":\"https:\/\/www.ghostysky.com\/#organization\",\"name\":\"Ghostysky\",\"url\":\"https:\/\/www.ghostysky.com\/\",\"logo\":{\"@type\":\"ImageObject\",\"inLanguage\":\"fr-FR\",\"@id\":\"https:\/\/www.ghostysky.com\/#\/schema\/logo\/image\/\",\"url\":\"https:\/\/www.ghostysky.com\/wp-content\/uploads\/2020\/06\/cropped-ghostyskylogo_text_white2.png\",\"contentUrl\":\"https:\/\/www.ghostysky.com\/wp-content\/uploads\/2020\/06\/cropped-ghostyskylogo_text_white2.png\",\"width\":169,\"height\":56,\"caption\":\"Ghostysky\"},\"image\":{\"@id\":\"https:\/\/www.ghostysky.com\/#\/schema\/logo\/image\/\"},\"sameAs\":[\"https:\/\/www.facebook.com\/people\/Ghostysky\/100057676170234\/\",\"https:\/\/x.com\/Gh0stysky\",\"https:\/\/www.linkedin.com\/company\/34739653\",\"https:\/\/www.instagram.com\/gh0stysky\"]}]}<\/script>\n<!-- \/ Yoast SEO plugin. -->","yoast_head_json":{"title":"Mallette de transport pour Matrice s\u00e9rie M30 - Ghostysky","description":"Cet \u00e9tui en r\u00e9sine l\u00e9ger, r\u00e9sistant aux chocs et \u00e9tanche est sp\u00e9cialement con\u00e7u pour transporter et prot\u00e9ger le DJI M30T et ses accessoires","robots":{"index":"index","follow":"follow","max-snippet":"max-snippet:-1","max-image-preview":"max-image-preview:large","max-video-preview":"max-video-preview:-1"},"canonical":"https:\/\/www.ghostysky.com\/fr\/product\/transport-case-for-matrice-m30-series\/","og_locale":"fr_FR","og_type":"article","og_title":"Transport Case for Matrice M30 Series - Ghostysky","og_description":"This lightweight, impact-resistant and watertight resin case is specifically designed to carry and protect the DJI M30T and its accessories","og_url":"https:\/\/www.ghostysky.com\/fr\/product\/transport-case-for-matrice-m30-series\/","og_site_name":"Ghostysky","article_publisher":"https:\/\/www.facebook.com\/people\/Ghostysky\/100057676170234\/","article_modified_time":"2026-02-02T12:30:37+00:00","og_image":[{"width":960,"height":960,"url":"https:\/\/www.ghostysky.com\/wp-content\/uploads\/2023\/12\/TransportCaseM30_1.jpg","type":"image\/jpeg"}],"twitter_card":"summary_large_image","twitter_site":"@Gh0stysky","twitter_misc":{"Dur\u00e9e de lecture estim\u00e9e":"2 minutes"},"schema":{"@context":"https:\/\/schema.org","@graph":[{"@type":"WebPage","@id":"https:\/\/www.ghostysky.com\/product\/transport-case-for-matrice-m30-series\/","url":"https:\/\/www.ghostysky.com\/product\/transport-case-for-matrice-m30-series\/","name":"Mallette de transport pour Matrice s\u00e9rie M30 - Ghostysky","isPartOf":{"@id":"https:\/\/www.ghostysky.com\/#website"},"primaryImageOfPage":{"@id":"https:\/\/www.ghostysky.com\/product\/transport-case-for-matrice-m30-series\/#primaryimage"},"image":{"@id":"https:\/\/www.ghostysky.com\/product\/transport-case-for-matrice-m30-series\/#primaryimage"},"thumbnailUrl":"https:\/\/www.ghostysky.com\/wp-content\/uploads\/2023\/12\/TransportCaseM30_1.jpg","datePublished":"2023-12-28T18:12:02+00:00","dateModified":"2026-02-02T12:30:37+00:00","description":"Cet \u00e9tui en r\u00e9sine l\u00e9ger, r\u00e9sistant aux chocs et \u00e9tanche est sp\u00e9cialement con\u00e7u pour transporter et prot\u00e9ger le DJI M30T et ses accessoires","breadcrumb":{"@id":"https:\/\/www.ghostysky.com\/product\/transport-case-for-matrice-m30-series\/#breadcrumb"},"inLanguage":"fr-FR","potentialAction":[{"@type":"ReadAction","target":["https:\/\/www.ghostysky.com\/product\/transport-case-for-matrice-m30-series\/"]}]},{"@type":"ImageObject","inLanguage":"fr-FR","@id":"https:\/\/www.ghostysky.com\/product\/transport-case-for-matrice-m30-series\/#primaryimage","url":"https:\/\/www.ghostysky.com\/wp-content\/uploads\/2023\/12\/TransportCaseM30_1.jpg","contentUrl":"https:\/\/www.ghostysky.com\/wp-content\/uploads\/2023\/12\/TransportCaseM30_1.jpg","width":960,"height":960},{"@type":"BreadcrumbList","@id":"https:\/\/www.ghostysky.com\/product\/transport-case-for-matrice-m30-series\/#breadcrumb","itemListElement":[{"@type":"ListItem","position":1,"name":"Home","item":"https:\/\/www.ghostysky.com\/"},{"@type":"ListItem","position":2,"name":"Shop","item":"https:\/\/www.ghostysky.com\/shop\/"},{"@type":"ListItem","position":3,"name":"Transport Case for Matrice M30 Series"}]},{"@type":"WebSite","@id":"https:\/\/www.ghostysky.com\/#website","url":"https:\/\/www.ghostysky.com\/","name":"Ghostysky","description":"Livraison de drones et de services professionnels","publisher":{"@id":"https:\/\/www.ghostysky.com\/#organization"},"potentialAction":[{"@type":"SearchAction","target":{"@type":"EntryPoint","urlTemplate":"https:\/\/www.ghostysky.com\/?s={search_term_string}"},"query-input":{"@type":"PropertyValueSpecification","valueRequired":true,"valueName":"search_term_string"}}],"inLanguage":"fr-FR"},{"@type":"Organization","@id":"https:\/\/www.ghostysky.com\/#organization","name":"Ghostysky","url":"https:\/\/www.ghostysky.com\/","logo":{"@type":"ImageObject","inLanguage":"fr-FR","@id":"https:\/\/www.ghostysky.com\/#\/schema\/logo\/image\/","url":"https:\/\/www.ghostysky.com\/wp-content\/uploads\/2020\/06\/cropped-ghostyskylogo_text_white2.png","contentUrl":"https:\/\/www.ghostysky.com\/wp-content\/uploads\/2020\/06\/cropped-ghostyskylogo_text_white2.png","width":169,"height":56,"caption":"Ghostysky"},"image":{"@id":"https:\/\/www.ghostysky.com\/#\/schema\/logo\/image\/"},"sameAs":["https:\/\/www.facebook.com\/people\/Ghostysky\/100057676170234\/","https:\/\/x.com\/Gh0stysky","https:\/\/www.linkedin.com\/company\/34739653","https:\/\/www.instagram.com\/gh0stysky"]}]}},"_links":{"self":[{"href":"https:\/\/www.ghostysky.com\/fr\/wp-json\/wp\/v2\/product\/15379","targetHints":{"allow":["GET"]}}],"collection":[{"href":"https:\/\/www.ghostysky.com\/fr\/wp-json\/wp\/v2\/product"}],"about":[{"href":"https:\/\/www.ghostysky.com\/fr\/wp-json\/wp\/v2\/types\/product"}],"replies":[{"embeddable":true,"href":"https:\/\/www.ghostysky.com\/fr\/wp-json\/wp\/v2\/comments?post=15379"}],"wp:featuredmedia":[{"embeddable":true,"href":"https:\/\/www.ghostysky.com\/fr\/wp-json\/wp\/v2\/media\/15383"}],"wp:attachment":[{"href":"https:\/\/www.ghostysky.com\/fr\/wp-json\/wp\/v2\/media?parent=15379"}],"wp:term":[{"taxonomy":"product_brand","embeddable":true,"href":"https:\/\/www.ghostysky.com\/fr\/wp-json\/wp\/v2\/product_brand?post=15379"},{"taxonomy":"product_cat","embeddable":true,"href":"https:\/\/www.ghostysky.com\/fr\/wp-json\/wp\/v2\/product_cat?post=15379"},{"taxonomy":"product_tag","embeddable":true,"href":"https:\/\/www.ghostysky.com\/fr\/wp-json\/wp\/v2\/product_tag?post=15379"}],"curies":[{"name":"wp","href":"https:\/\/api.w.org\/{rel}","templated":true}]}}