{"id":15429,"date":"2023-12-28T21:56:26","date_gmt":"2023-12-28T21:56:26","guid":{"rendered":"https:\/\/www.ghostysky.com\/?post_type=product&#038;p=15429"},"modified":"2024-05-25T10:18:26","modified_gmt":"2024-05-25T10:18:26","slug":"zenmuse-h20n-worry-free-basic-combo","status":"publish","type":"product","link":"https:\/\/www.ghostysky.com\/fr\/product\/zenmuse-h20n-worry-free-basic-combo\/","title":{"rendered":"DJI Zenmuse H20N Worry-Free Basic Combo"},"content":{"rendered":"<p data-sourcepos=\"3:1-3:17\"><strong>Caract\u00e9ristiques principales :<\/strong><\/p>\n<ul data-sourcepos=\"5:1-16:0\">\n<li data-sourcepos=\"5:1-6:0\">\n<p data-sourcepos=\"5:3-5:223\"><strong>Appareil photo zoom haute r\u00e9solution 20\u00a0MP\u00a0:<\/strong> Le Zenmuse H20N dispose d&#039;une cam\u00e9ra zoom haute r\u00e9solution de 20 MP avec zoom optique 20x et zoom num\u00e9rique 2x, permettant aux op\u00e9rateurs de capturer des images et des vid\u00e9os ultra d\u00e9taill\u00e9es \u00e0 distance.<\/p>\n<\/li>\n<li data-sourcepos=\"7:1-8:0\">\n<p data-sourcepos=\"7:3-7:195\"><strong>Capteurs thermiques doubles :<\/strong> Le Zenmuse H20N int\u00e8gre deux capteurs thermiques avec une r\u00e9solution thermique de 640 x 512 et une fr\u00e9quence d&#039;images de 30 Hz, offrant aux op\u00e9rateurs des capacit\u00e9s d&#039;imagerie thermique pr\u00e9cises.<\/p>\n<\/li>\n<li data-sourcepos=\"9:1-10:0\">\n<p data-sourcepos=\"9:3-9:218\"><strong>Affichage synchronis\u00e9 en \u00e9cran partag\u00e9\u00a0:<\/strong> Le Zenmuse H20N offre une vue synchronis\u00e9e en \u00e9cran partag\u00e9 des images visuelles et thermiques, permettant aux op\u00e9rateurs de comparer et d&#039;analyser de mani\u00e8re transparente les informations des deux capteurs.<\/p>\n<\/li>\n<li data-sourcepos=\"11:1-12:0\">\n<p data-sourcepos=\"11:3-11:221\"><strong>Zoom automatique pour les fonctions thermiques\u00a0:<\/strong> Le Zenmuse H20N dispose d&#039;une fonction de zoom automatique pour les fonctions thermiques, zoomant automatiquement sur les objets d\u00e9tect\u00e9s par les capteurs thermiques, mettant en \u00e9vidence les anomalies ou les zones d&#039;int\u00e9r\u00eat.<\/p>\n<\/li>\n<li data-sourcepos=\"13:1-14:0\">\n<p data-sourcepos=\"13:3-13:168\"><strong>T\u00e9l\u00e9m\u00e8tre laser :<\/strong> Le Zenmuse H20N int\u00e8gre un t\u00e9l\u00e9m\u00e8tre laser d&#039;une port\u00e9e allant jusqu&#039;\u00e0 1 200 m\u00e8tres, offrant aux op\u00e9rateurs des mesures de distance pr\u00e9cises.<\/p>\n<\/li>\n<li data-sourcepos=\"15:1-16:0\">\n<p data-sourcepos=\"15:3-15:178\"><strong>Int\u00e9gration transparente avec les drones DJI\u00a0:<\/strong> Le Zenmuse H20N s&#039;int\u00e8gre parfaitement aux drones DJI, en exploitant les syst\u00e8mes de contr\u00f4le de vol et les fonctionnalit\u00e9s de gestion de la charge utile du drone.<\/p>\n<\/li>\n<\/ul>\n<p data-sourcepos=\"17:1-17:13\"><strong>Avantages:<\/strong><\/p>\n<ul data-sourcepos=\"19:1-30:0\">\n<li data-sourcepos=\"19:1-20:0\">\n<p data-sourcepos=\"19:3-19:172\"><strong>Imagerie et vid\u00e9o haute r\u00e9solution\u00a0:<\/strong> Le Zenmuse H20N capture des images et des vid\u00e9os haute r\u00e9solution, fournissant aux op\u00e9rateurs des donn\u00e9es d\u00e9taill\u00e9es pour une vari\u00e9t\u00e9 d&#039;applications.<\/p>\n<\/li>\n<li data-sourcepos=\"21:1-22:0\">\n<p data-sourcepos=\"21:3-21:171\"><strong>Collecte compl\u00e8te de donn\u00e9es :<\/strong> La combinaison de donn\u00e9es visuelles, thermiques et t\u00e9l\u00e9m\u00e9triques permet aux op\u00e9rateurs de recueillir des informations compl\u00e8tes sur l&#039;environnement.<\/p>\n<\/li>\n<li data-sourcepos=\"23:1-24:0\">\n<p data-sourcepos=\"23:3-23:164\"><strong>Connaissance am\u00e9lior\u00e9e de la situation :<\/strong> Les capacit\u00e9s d\u2019imagerie thermique am\u00e9liorent la connaissance de la situation, permettant aux op\u00e9rateurs d\u2019identifier les dangers ou les anomalies potentiels.<\/p>\n<\/li>\n<li data-sourcepos=\"25:1-26:0\">\n<p data-sourcepos=\"25:3-25:134\"><strong>D\u00e9tection automatique des fonctionnalit\u00e9s\u00a0:<\/strong> La fonction de zoom automatique pour les fonctions thermiques simplifie l&#039;analyse des donn\u00e9es et r\u00e9duit la charge de travail de l&#039;op\u00e9rateur.<\/p>\n<\/li>\n<li data-sourcepos=\"27:1-28:0\">\n<p data-sourcepos=\"27:3-27:169\"><strong>Mesures de distance pr\u00e9cises :<\/strong> Le t\u00e9l\u00e9m\u00e8tre laser fournit aux op\u00e9rateurs des mesures de distance pr\u00e9cises pour \u00e9viter les obstacles et une analyse des donn\u00e9es plus pr\u00e9cise.<\/p>\n<\/li>\n<li data-sourcepos=\"29:1-30:0\">\n<p data-sourcepos=\"29:3-29:166\"><strong>Int\u00e9gration transparente et facilit\u00e9 d&#039;utilisation :<\/strong> Le Zenmuse H20N est con\u00e7u pour une utilisation facile et une int\u00e9gration transparente avec les drones DJI, simplifiant le fonctionnement et le flux de travail.<\/p>\n<\/li>\n<\/ul>\n<p data-sourcepos=\"31:1-31:401\">Globalement, le Zenmuse H20N est un outil exceptionnel pour les op\u00e9rateurs de drones professionnels qui ont besoin d&#039;un syst\u00e8me de cam\u00e9ra a\u00e9rienne performant, polyvalent et riche en donn\u00e9es pour leurs missions. Il combine imagerie haute r\u00e9solution, deux capteurs thermiques et un t\u00e9l\u00e9m\u00e8tre laser, permettant aux op\u00e9rateurs de capturer des donn\u00e9es d\u00e9taill\u00e9es, d&#039;am\u00e9liorer leur connaissance de la situation et de prendre des d\u00e9cisions \u00e9clair\u00e9es dans diverses applications.<\/p>\n<p data-sourcepos=\"31:1-31:401\"><a href=\"https:\/\/www.ghostysky.com\/wp-content\/uploads\/2023\/12\/H20N_inthebox.jpg\"><img fetchpriority=\"high\" decoding=\"async\" class=\"alignnone size-full wp-image-15430 lazyload\" src=\"data:image\/gif;base64,R0lGODlhAQABAAAAACH5BAEKAAEALAAAAAABAAEAAAICTAEAOw==\" alt=\"\" width=\"1440\" height=\"382\" data-src=\"data:image\/gif;base64,R0lGODlhAQABAAAAACH5BAEKAAEALAAAAAABAAEAAAICTAEAOw==\"><\/a><\/p>","protected":false},"excerpt":{"rendered":"<p>Le DJI Zenmuse H20N est un syst\u00e8me de cam\u00e9ra a\u00e9rienne polyvalent et puissant, con\u00e7u pour les op\u00e9rateurs de drones professionnels qui ont besoin d&#039;images haute r\u00e9solution et de capacit\u00e9s compl\u00e8tes de collecte de donn\u00e9es pour un large \u00e9ventail d&#039;applications. Il associe une cam\u00e9ra zoom haute r\u00e9solution de 20 Mpx \u00e0 deux capteurs thermiques, offrant une flexibilit\u00e9 et une polyvalence exceptionnelles pour une vari\u00e9t\u00e9 de missions a\u00e9riennes.<\/p>\n<ul>\n<li>Vision nocturne Starlight<\/li>\n<li>Zoom optique hybride 20\u00d7<\/li>\n<li>Cam\u00e9ra thermique 640 \u00d7 512 px<\/li>\n<li>T\u00e9l\u00e9m\u00e8tre laser port\u00e9e maximale 1200 m<\/li>\n<li>Zoom synchronis\u00e9 sur \u00e9cran partag\u00e9<\/li>\n<li>Am\u00e9lioration intelligente de la sc\u00e8ne nocturne<\/li>\n<\/ul>\n<p><strong>Jusqu&#039;\u00e0 deux remplacements payants peuvent \u00eatre propos\u00e9s dans l&#039;ann\u00e9e suivant l&#039;activation du produit.<\/strong><\/p>","protected":false},"featured_media":15434,"comment_status":"open","ping_status":"closed","template":"","meta":[],"product_brand":[],"product_cat":[622,37,621,29],"product_tag":[42,624,639],"class_list":{"0":"post-15429","1":"product","2":"type-product","3":"status-publish","4":"has-post-thumbnail","6":"product_cat-matrice-350-accessories","7":"product_cat-dji","8":"product_cat-dji-matrice-350-rtk","9":"product_cat-drones","10":"product_tag-dji","11":"product_tag-matrice-350-rtk","12":"product_tag-zenmuse-h20n-worry-free-basic-combo","14":"first","15":"onbackorder","16":"taxable","17":"shipping-taxable","18":"purchasable","19":"product-type-simple"},"yoast_head":"<!-- This site is optimized with the Yoast SEO plugin v27.1.1 - https:\/\/yoast.com\/product\/yoast-seo-wordpress\/ -->\n<title>DJI Zenmuse H20N Worry-Free Basic Combo - Ghostysky<\/title>\n<meta name=\"description\" content=\"The DJI Zenmuse H20N is a versatile and powerful aerial camera system designed for professional drone operators who require high-resolution imagery and comprehensive data collection capabilities for a wide range of applications. It combines a high-resolution 20MP zoom camera with dual thermal sensors, delivering exceptional flexibility and versatility for a variety of aerial missions.\" \/>\n<meta name=\"robots\" content=\"index, follow, max-snippet:-1, max-image-preview:large, max-video-preview:-1\" \/>\n<link rel=\"canonical\" href=\"https:\/\/www.ghostysky.com\/fr\/product\/zenmuse-h20n-worry-free-basic-combo\/\" \/>\n<meta property=\"og:locale\" content=\"fr_FR\" \/>\n<meta property=\"og:type\" content=\"article\" \/>\n<meta property=\"og:title\" content=\"DJI Zenmuse H20N Worry-Free Basic Combo - Ghostysky\" \/>\n<meta property=\"og:description\" content=\"The DJI Zenmuse H20N is a versatile and powerful aerial camera system designed for professional drone operators who require high-resolution imagery and comprehensive data collection capabilities for a wide range of applications. It combines a high-resolution 20MP zoom camera with dual thermal sensors, delivering exceptional flexibility and versatility for a variety of aerial missions.\" \/>\n<meta property=\"og:url\" content=\"https:\/\/www.ghostysky.com\/fr\/product\/zenmuse-h20n-worry-free-basic-combo\/\" \/>\n<meta property=\"og:site_name\" content=\"Ghostysky\" \/>\n<meta property=\"article:publisher\" content=\"https:\/\/www.facebook.com\/people\/Ghostysky\/100057676170234\/\" \/>\n<meta property=\"article:modified_time\" content=\"2024-05-25T10:18:26+00:00\" \/>\n<meta property=\"og:image\" content=\"https:\/\/www.ghostysky.com\/wp-content\/uploads\/2023\/12\/H20N_1.jpg\" \/>\n\t<meta property=\"og:image:width\" content=\"2560\" \/>\n\t<meta property=\"og:image:height\" content=\"2560\" \/>\n\t<meta property=\"og:image:type\" content=\"image\/jpeg\" \/>\n<meta name=\"twitter:card\" content=\"summary_large_image\" \/>\n<meta name=\"twitter:site\" content=\"@Gh0stysky\" \/>\n<meta name=\"twitter:label1\" content=\"Dur\u00e9e de lecture estim\u00e9e\" \/>\n\t<meta name=\"twitter:data1\" content=\"2 minutes\" \/>\n<script type=\"application\/ld+json\" class=\"yoast-schema-graph\">{\"@context\":\"https:\/\/schema.org\",\"@graph\":[{\"@type\":\"WebPage\",\"@id\":\"https:\/\/www.ghostysky.com\/product\/zenmuse-h20n-worry-free-basic-combo\/\",\"url\":\"https:\/\/www.ghostysky.com\/product\/zenmuse-h20n-worry-free-basic-combo\/\",\"name\":\"DJI Zenmuse H20N Worry-Free Basic Combo - Ghostysky\",\"isPartOf\":{\"@id\":\"https:\/\/www.ghostysky.com\/#website\"},\"primaryImageOfPage\":{\"@id\":\"https:\/\/www.ghostysky.com\/product\/zenmuse-h20n-worry-free-basic-combo\/#primaryimage\"},\"image\":{\"@id\":\"https:\/\/www.ghostysky.com\/product\/zenmuse-h20n-worry-free-basic-combo\/#primaryimage\"},\"thumbnailUrl\":\"https:\/\/www.ghostysky.com\/wp-content\/uploads\/2023\/12\/H20N_1.jpg\",\"datePublished\":\"2023-12-28T21:56:26+00:00\",\"dateModified\":\"2024-05-25T10:18:26+00:00\",\"description\":\"The DJI Zenmuse H20N is a versatile and powerful aerial camera system designed for professional drone operators who require high-resolution imagery and comprehensive data collection capabilities for a wide range of applications. It combines a high-resolution 20MP zoom camera with dual thermal sensors, delivering exceptional flexibility and versatility for a variety of aerial missions.\",\"breadcrumb\":{\"@id\":\"https:\/\/www.ghostysky.com\/product\/zenmuse-h20n-worry-free-basic-combo\/#breadcrumb\"},\"inLanguage\":\"fr-FR\",\"potentialAction\":[{\"@type\":\"ReadAction\",\"target\":[\"https:\/\/www.ghostysky.com\/product\/zenmuse-h20n-worry-free-basic-combo\/\"]}]},{\"@type\":\"ImageObject\",\"inLanguage\":\"fr-FR\",\"@id\":\"https:\/\/www.ghostysky.com\/product\/zenmuse-h20n-worry-free-basic-combo\/#primaryimage\",\"url\":\"https:\/\/www.ghostysky.com\/wp-content\/uploads\/2023\/12\/H20N_1.jpg\",\"contentUrl\":\"https:\/\/www.ghostysky.com\/wp-content\/uploads\/2023\/12\/H20N_1.jpg\",\"width\":2560,\"height\":2560},{\"@type\":\"BreadcrumbList\",\"@id\":\"https:\/\/www.ghostysky.com\/product\/zenmuse-h20n-worry-free-basic-combo\/#breadcrumb\",\"itemListElement\":[{\"@type\":\"ListItem\",\"position\":1,\"name\":\"Home\",\"item\":\"https:\/\/www.ghostysky.com\/\"},{\"@type\":\"ListItem\",\"position\":2,\"name\":\"Shop\",\"item\":\"https:\/\/www.ghostysky.com\/shop\/\"},{\"@type\":\"ListItem\",\"position\":3,\"name\":\"DJI Zenmuse H20N Worry-Free Basic Combo\"}]},{\"@type\":\"WebSite\",\"@id\":\"https:\/\/www.ghostysky.com\/#website\",\"url\":\"https:\/\/www.ghostysky.com\/\",\"name\":\"Ghostysky\",\"description\":\"Delivering professional drones and services\",\"publisher\":{\"@id\":\"https:\/\/www.ghostysky.com\/#organization\"},\"potentialAction\":[{\"@type\":\"SearchAction\",\"target\":{\"@type\":\"EntryPoint\",\"urlTemplate\":\"https:\/\/www.ghostysky.com\/?s={search_term_string}\"},\"query-input\":{\"@type\":\"PropertyValueSpecification\",\"valueRequired\":true,\"valueName\":\"search_term_string\"}}],\"inLanguage\":\"fr-FR\"},{\"@type\":\"Organization\",\"@id\":\"https:\/\/www.ghostysky.com\/#organization\",\"name\":\"Ghostysky\",\"url\":\"https:\/\/www.ghostysky.com\/\",\"logo\":{\"@type\":\"ImageObject\",\"inLanguage\":\"fr-FR\",\"@id\":\"https:\/\/www.ghostysky.com\/#\/schema\/logo\/image\/\",\"url\":\"https:\/\/www.ghostysky.com\/wp-content\/uploads\/2020\/06\/cropped-ghostyskylogo_text_white2.png\",\"contentUrl\":\"https:\/\/www.ghostysky.com\/wp-content\/uploads\/2020\/06\/cropped-ghostyskylogo_text_white2.png\",\"width\":169,\"height\":56,\"caption\":\"Ghostysky\"},\"image\":{\"@id\":\"https:\/\/www.ghostysky.com\/#\/schema\/logo\/image\/\"},\"sameAs\":[\"https:\/\/www.facebook.com\/people\/Ghostysky\/100057676170234\/\",\"https:\/\/x.com\/Gh0stysky\",\"https:\/\/www.linkedin.com\/company\/34739653\",\"https:\/\/www.instagram.com\/gh0stysky\"]}]}<\/script>\n<!-- \/ Yoast SEO plugin. -->","yoast_head_json":{"title":"DJI Zenmuse H20N Worry-Free Basic Combo - Ghostysky","description":"Le DJI Zenmuse H20N est un syst\u00e8me de cam\u00e9ra a\u00e9rienne polyvalent et puissant, con\u00e7u pour les op\u00e9rateurs de drones professionnels qui ont besoin d&#039;images haute r\u00e9solution et de capacit\u00e9s compl\u00e8tes de collecte de donn\u00e9es pour un large \u00e9ventail d&#039;applications. Il associe une cam\u00e9ra zoom haute r\u00e9solution de 20 Mpx \u00e0 deux capteurs thermiques, offrant une flexibilit\u00e9 et une polyvalence exceptionnelles pour une vari\u00e9t\u00e9 de missions a\u00e9riennes.","robots":{"index":"index","follow":"follow","max-snippet":"max-snippet:-1","max-image-preview":"max-image-preview:large","max-video-preview":"max-video-preview:-1"},"canonical":"https:\/\/www.ghostysky.com\/fr\/product\/zenmuse-h20n-worry-free-basic-combo\/","og_locale":"fr_FR","og_type":"article","og_title":"DJI Zenmuse H20N Worry-Free Basic Combo - Ghostysky","og_description":"The DJI Zenmuse H20N is a versatile and powerful aerial camera system designed for professional drone operators who require high-resolution imagery and comprehensive data collection capabilities for a wide range of applications. It combines a high-resolution 20MP zoom camera with dual thermal sensors, delivering exceptional flexibility and versatility for a variety of aerial missions.","og_url":"https:\/\/www.ghostysky.com\/fr\/product\/zenmuse-h20n-worry-free-basic-combo\/","og_site_name":"Ghostysky","article_publisher":"https:\/\/www.facebook.com\/people\/Ghostysky\/100057676170234\/","article_modified_time":"2024-05-25T10:18:26+00:00","og_image":[{"width":2560,"height":2560,"url":"https:\/\/www.ghostysky.com\/wp-content\/uploads\/2023\/12\/H20N_1.jpg","type":"image\/jpeg"}],"twitter_card":"summary_large_image","twitter_site":"@Gh0stysky","twitter_misc":{"Dur\u00e9e de lecture estim\u00e9e":"2 minutes"},"schema":{"@context":"https:\/\/schema.org","@graph":[{"@type":"WebPage","@id":"https:\/\/www.ghostysky.com\/product\/zenmuse-h20n-worry-free-basic-combo\/","url":"https:\/\/www.ghostysky.com\/product\/zenmuse-h20n-worry-free-basic-combo\/","name":"DJI Zenmuse H20N Worry-Free Basic Combo - Ghostysky","isPartOf":{"@id":"https:\/\/www.ghostysky.com\/#website"},"primaryImageOfPage":{"@id":"https:\/\/www.ghostysky.com\/product\/zenmuse-h20n-worry-free-basic-combo\/#primaryimage"},"image":{"@id":"https:\/\/www.ghostysky.com\/product\/zenmuse-h20n-worry-free-basic-combo\/#primaryimage"},"thumbnailUrl":"https:\/\/www.ghostysky.com\/wp-content\/uploads\/2023\/12\/H20N_1.jpg","datePublished":"2023-12-28T21:56:26+00:00","dateModified":"2024-05-25T10:18:26+00:00","description":"Le DJI Zenmuse H20N est un syst\u00e8me de cam\u00e9ra a\u00e9rienne polyvalent et puissant, con\u00e7u pour les op\u00e9rateurs de drones professionnels qui ont besoin d&#039;images haute r\u00e9solution et de capacit\u00e9s compl\u00e8tes de collecte de donn\u00e9es pour un large \u00e9ventail d&#039;applications. Il associe une cam\u00e9ra zoom haute r\u00e9solution de 20 Mpx \u00e0 deux capteurs thermiques, offrant une flexibilit\u00e9 et une polyvalence exceptionnelles pour une vari\u00e9t\u00e9 de missions a\u00e9riennes.","breadcrumb":{"@id":"https:\/\/www.ghostysky.com\/product\/zenmuse-h20n-worry-free-basic-combo\/#breadcrumb"},"inLanguage":"fr-FR","potentialAction":[{"@type":"ReadAction","target":["https:\/\/www.ghostysky.com\/product\/zenmuse-h20n-worry-free-basic-combo\/"]}]},{"@type":"ImageObject","inLanguage":"fr-FR","@id":"https:\/\/www.ghostysky.com\/product\/zenmuse-h20n-worry-free-basic-combo\/#primaryimage","url":"https:\/\/www.ghostysky.com\/wp-content\/uploads\/2023\/12\/H20N_1.jpg","contentUrl":"https:\/\/www.ghostysky.com\/wp-content\/uploads\/2023\/12\/H20N_1.jpg","width":2560,"height":2560},{"@type":"BreadcrumbList","@id":"https:\/\/www.ghostysky.com\/product\/zenmuse-h20n-worry-free-basic-combo\/#breadcrumb","itemListElement":[{"@type":"ListItem","position":1,"name":"Home","item":"https:\/\/www.ghostysky.com\/"},{"@type":"ListItem","position":2,"name":"Shop","item":"https:\/\/www.ghostysky.com\/shop\/"},{"@type":"ListItem","position":3,"name":"DJI Zenmuse H20N Worry-Free Basic Combo"}]},{"@type":"WebSite","@id":"https:\/\/www.ghostysky.com\/#website","url":"https:\/\/www.ghostysky.com\/","name":"Ghostysky","description":"Livraison de drones et de services professionnels","publisher":{"@id":"https:\/\/www.ghostysky.com\/#organization"},"potentialAction":[{"@type":"SearchAction","target":{"@type":"EntryPoint","urlTemplate":"https:\/\/www.ghostysky.com\/?s={search_term_string}"},"query-input":{"@type":"PropertyValueSpecification","valueRequired":true,"valueName":"search_term_string"}}],"inLanguage":"fr-FR"},{"@type":"Organization","@id":"https:\/\/www.ghostysky.com\/#organization","name":"Ghostysky","url":"https:\/\/www.ghostysky.com\/","logo":{"@type":"ImageObject","inLanguage":"fr-FR","@id":"https:\/\/www.ghostysky.com\/#\/schema\/logo\/image\/","url":"https:\/\/www.ghostysky.com\/wp-content\/uploads\/2020\/06\/cropped-ghostyskylogo_text_white2.png","contentUrl":"https:\/\/www.ghostysky.com\/wp-content\/uploads\/2020\/06\/cropped-ghostyskylogo_text_white2.png","width":169,"height":56,"caption":"Ghostysky"},"image":{"@id":"https:\/\/www.ghostysky.com\/#\/schema\/logo\/image\/"},"sameAs":["https:\/\/www.facebook.com\/people\/Ghostysky\/100057676170234\/","https:\/\/x.com\/Gh0stysky","https:\/\/www.linkedin.com\/company\/34739653","https:\/\/www.instagram.com\/gh0stysky"]}]}},"_links":{"self":[{"href":"https:\/\/www.ghostysky.com\/fr\/wp-json\/wp\/v2\/product\/15429","targetHints":{"allow":["GET"]}}],"collection":[{"href":"https:\/\/www.ghostysky.com\/fr\/wp-json\/wp\/v2\/product"}],"about":[{"href":"https:\/\/www.ghostysky.com\/fr\/wp-json\/wp\/v2\/types\/product"}],"replies":[{"embeddable":true,"href":"https:\/\/www.ghostysky.com\/fr\/wp-json\/wp\/v2\/comments?post=15429"}],"wp:featuredmedia":[{"embeddable":true,"href":"https:\/\/www.ghostysky.com\/fr\/wp-json\/wp\/v2\/media\/15434"}],"wp:attachment":[{"href":"https:\/\/www.ghostysky.com\/fr\/wp-json\/wp\/v2\/media?parent=15429"}],"wp:term":[{"taxonomy":"product_brand","embeddable":true,"href":"https:\/\/www.ghostysky.com\/fr\/wp-json\/wp\/v2\/product_brand?post=15429"},{"taxonomy":"product_cat","embeddable":true,"href":"https:\/\/www.ghostysky.com\/fr\/wp-json\/wp\/v2\/product_cat?post=15429"},{"taxonomy":"product_tag","embeddable":true,"href":"https:\/\/www.ghostysky.com\/fr\/wp-json\/wp\/v2\/product_tag?post=15429"}],"curies":[{"name":"wp","href":"https:\/\/api.w.org\/{rel}","templated":true}]}}