{"id":15448,"date":"2023-12-28T22:28:22","date_gmt":"2023-12-28T22:28:22","guid":{"rendered":"https:\/\/www.ghostysky.com\/?post_type=product&#038;p=15448"},"modified":"2024-05-25T10:19:58","modified_gmt":"2024-05-25T10:19:58","slug":"zenmuse-h20t","status":"publish","type":"product","link":"https:\/\/www.ghostysky.com\/fr\/product\/zenmuse-h20t\/","title":{"rendered":"DJI Zenmuse H20T"},"content":{"rendered":"<p data-sourcepos=\"3:1-3:17\"><strong>Caract\u00e9ristiques principales :<\/strong><\/p>\n<ul data-sourcepos=\"5:1-16:0\">\n<li data-sourcepos=\"5:1-6:0\">\n<p data-sourcepos=\"5:3-5:197\"><strong>Appareil photo zoom haute r\u00e9solution 20\u00a0MP\u00a0:<\/strong> Le Zenmuse H20T dispose d&#039;un appareil photo zoom haute r\u00e9solution de 20 MP avec zoom optique 20x et zoom num\u00e9rique 2x, capturant des images et des vid\u00e9os \u00e9poustouflantes \u00e0 distance.<\/p>\n<\/li>\n<li data-sourcepos=\"7:1-8:0\">\n<p data-sourcepos=\"7:3-7:209\"><strong>Capteur thermique 640 x 512\u00a0:<\/strong> Le Zenmuse H20T int\u00e8gre un capteur thermique haute r\u00e9solution 640 x 512 avec un zoom lin\u00e9aire 16x et une fr\u00e9quence d&#039;images de 30 Hz, offrant aux op\u00e9rateurs des capacit\u00e9s d&#039;imagerie thermique pr\u00e9cises.<\/p>\n<\/li>\n<li data-sourcepos=\"9:1-10:0\">\n<p data-sourcepos=\"9:3-9:192\"><strong>T\u00e9l\u00e9m\u00e8tre laser de 1\u00a0200 m\u00e8tres\u00a0:<\/strong> Le Zenmuse H20T comprend un t\u00e9l\u00e9m\u00e8tre laser de 1 200 m\u00e8tres, fournissant des mesures de distance pr\u00e9cises pour \u00e9viter les obstacles et une analyse des donn\u00e9es plus pr\u00e9cise.<\/p>\n<\/li>\n<li data-sourcepos=\"11:1-12:0\">\n<p data-sourcepos=\"11:3-11:218\"><strong>Affichage synchronis\u00e9 en \u00e9cran partag\u00e9\u00a0:<\/strong> Le Zenmuse H20T offre une vue synchronis\u00e9e en \u00e9cran partag\u00e9 des images visuelles et thermiques, permettant aux op\u00e9rateurs de comparer et d&#039;analyser de mani\u00e8re transparente les informations des deux capteurs.<\/p>\n<\/li>\n<li data-sourcepos=\"13:1-14:0\">\n<p data-sourcepos=\"13:3-13:221\"><strong>Zoom automatique pour les fonctions thermiques\u00a0:<\/strong> Le Zenmuse H20T dispose d&#039;une fonction de zoom automatique pour les fonctions thermiques, zoomant automatiquement sur les objets d\u00e9tect\u00e9s par les capteurs thermiques, mettant en \u00e9vidence les anomalies ou les zones d&#039;int\u00e9r\u00eat.<\/p>\n<\/li>\n<li data-sourcepos=\"15:1-16:0\">\n<p data-sourcepos=\"15:3-15:178\"><strong>Int\u00e9gration transparente avec les drones DJI\u00a0:<\/strong> Le Zenmuse H20T s&#039;int\u00e8gre parfaitement aux drones DJI, en exploitant les syst\u00e8mes de contr\u00f4le de vol et les fonctionnalit\u00e9s de gestion de la charge utile du drone.<\/p>\n<\/li>\n<\/ul>\n<p data-sourcepos=\"17:1-17:13\"><strong>Avantages:<\/strong><\/p>\n<ul data-sourcepos=\"19:1-28:0\">\n<li data-sourcepos=\"19:1-20:0\">\n<p data-sourcepos=\"19:3-19:228\"><strong>Imagerie thermique et analyse de donn\u00e9es am\u00e9lior\u00e9es\u00a0:<\/strong> Le capteur thermique haute r\u00e9solution et la fonction de zoom automatique du Zenmuse H20T permettent aux op\u00e9rateurs de capturer des images thermiques d\u00e9taill\u00e9es et d&#039;identifier rapidement les dangers ou anomalies potentiels.<\/p>\n<\/li>\n<li data-sourcepos=\"21:1-22:0\">\n<p data-sourcepos=\"21:3-21:214\"><strong>Mesures de distance pr\u00e9cises :<\/strong> Le t\u00e9l\u00e9m\u00e8tre laser de 1 200 m\u00e8tres fournit aux op\u00e9rateurs des mesures de distance pr\u00e9cises pour \u00e9viter les obstacles, calculer la surface et le volume et garantir une analyse pr\u00e9cise des donn\u00e9es.<\/p>\n<\/li>\n<li data-sourcepos=\"23:1-24:0\">\n<p data-sourcepos=\"23:3-23:230\"><strong>Connaissance am\u00e9lior\u00e9e de la situation :<\/strong> La combinaison de l\u2019imagerie thermique et visuelle, associ\u00e9e au t\u00e9l\u00e9m\u00e8tre laser, am\u00e9liore la connaissance de la situation et permet aux op\u00e9rateurs de prendre des d\u00e9cisions \u00e9clair\u00e9es dans des environnements difficiles.<\/p>\n<\/li>\n<li data-sourcepos=\"25:1-26:0\">\n<p data-sourcepos=\"25:3-25:194\"><strong>Int\u00e9gration transparente pour plus d\u2019efficacit\u00e9\u00a0:<\/strong> L&#039;int\u00e9gration transparente du Zenmuse H20T avec les drones DJI simplifie le fonctionnement et le flux de travail, permettant aux op\u00e9rateurs de se concentrer sur la collecte et l&#039;analyse des donn\u00e9es.<\/p>\n<\/li>\n<li data-sourcepos=\"27:1-28:0\">\n<p data-sourcepos=\"27:3-27:319\"><strong>Polyvalence pour diverses applications :<\/strong> Les capacit\u00e9s avanc\u00e9es d&#039;imagerie thermique, le t\u00e9l\u00e9m\u00e8tre laser et le syst\u00e8me de cam\u00e9ra polyvalent du Zenmuse H20T le rendent parfaitement adapt\u00e9 \u00e0 une large gamme d&#039;applications professionnelles, notamment la recherche et le sauvetage, l&#039;inspection des infrastructures, l&#039;agriculture de pr\u00e9cision et la surveillance de la faune.<\/p>\n<\/li>\n<\/ul>\n<p data-sourcepos=\"29:1-29:391\">Globalement, la Zenmuse H20T est un syst\u00e8me de cam\u00e9ra a\u00e9rienne puissant et complet, con\u00e7u pour les op\u00e9rateurs de drones professionnels qui ont besoin d&#039;imagerie thermique haute r\u00e9solution, de donn\u00e9es de t\u00e9l\u00e9m\u00e8tre laser pr\u00e9cises et d&#039;une int\u00e9gration transparente avec les drones DJI. Elle permet aux op\u00e9rateurs de capturer des donn\u00e9es d\u00e9taill\u00e9es, d&#039;am\u00e9liorer leur connaissance de la situation et de prendre des d\u00e9cisions \u00e9clair\u00e9es dans diverses applications exigeantes.<\/p>\n<p data-sourcepos=\"29:1-29:391\"><a href=\"https:\/\/www.ghostysky.com\/wp-content\/uploads\/2023\/12\/h20t_inthebox.jpg\"><img fetchpriority=\"high\" decoding=\"async\" class=\"alignnone size-full wp-image-15451 lazyload\" src=\"data:image\/gif;base64,R0lGODlhAQABAAAAACH5BAEKAAEALAAAAAABAAEAAAICTAEAOw==\" alt=\"\" width=\"1393\" height=\"388\" data-src=\"data:image\/gif;base64,R0lGODlhAQABAAAAACH5BAEKAAEALAAAAAABAAEAAAICTAEAOw==\"><\/a><\/p>","protected":false},"excerpt":{"rendered":"<p>Le DJI Zenmuse H20T est un syst\u00e8me de cam\u00e9ra a\u00e9rienne avanc\u00e9 con\u00e7u pour les op\u00e9rateurs de drones professionnels qui ont besoin d&#039;une imagerie thermique haute r\u00e9solution, de capacit\u00e9s de t\u00e9l\u00e9m\u00e8tre laser et d&#039;une int\u00e9gration transparente avec les drones DJI pour une large gamme d&#039;applications, notamment la recherche et le sauvetage, l&#039;inspection des infrastructures, l&#039;agriculture de pr\u00e9cision et la surveillance de la faune.<\/p>\n<ul>\n<li>Appareil photo zoom 20 MP<\/li>\n<li>Appareil photo grand angle de 12 MP<\/li>\n<li>T\u00e9l\u00e9m\u00e8tre laser 1200 m<\/li>\n<li>Cam\u00e9ra thermique radiom\u00e9trique 640 \u00d7 512 px<\/li>\n<\/ul>","protected":false},"featured_media":15450,"comment_status":"open","ping_status":"closed","template":"","meta":[],"product_brand":[],"product_cat":[622,37,621,29],"product_tag":[42,624,643],"class_list":{"0":"post-15448","1":"product","2":"type-product","3":"status-publish","4":"has-post-thumbnail","6":"product_cat-matrice-350-accessories","7":"product_cat-dji","8":"product_cat-dji-matrice-350-rtk","9":"product_cat-drones","10":"product_tag-dji","11":"product_tag-matrice-350-rtk","12":"product_tag-zenmuse-h20t","14":"first","15":"onbackorder","16":"taxable","17":"shipping-taxable","18":"purchasable","19":"product-type-simple"},"yoast_head":"<!-- This site is optimized with the Yoast SEO plugin v27.1.1 - https:\/\/yoast.com\/product\/yoast-seo-wordpress\/ -->\n<title>DJI Zenmuse H20T - Ghostysky<\/title>\n<meta name=\"description\" content=\"The DJI Zenmuse H20T is an advanced aerial camera system designed for professional drone operators who require high-resolution thermal imaging, laser rangefinder capabilities, and seamless integration with DJI drones for a wide range of applications, including search and rescue, infrastructure inspection, precision agriculture, and wildlife monitoring.\" \/>\n<meta name=\"robots\" content=\"index, follow, max-snippet:-1, max-image-preview:large, max-video-preview:-1\" \/>\n<link rel=\"canonical\" href=\"https:\/\/www.ghostysky.com\/fr\/product\/zenmuse-h20t\/\" \/>\n<meta property=\"og:locale\" content=\"fr_FR\" \/>\n<meta property=\"og:type\" content=\"article\" \/>\n<meta property=\"og:title\" content=\"DJI Zenmuse H20T - Ghostysky\" \/>\n<meta property=\"og:description\" content=\"The DJI Zenmuse H20T is an advanced aerial camera system designed for professional drone operators who require high-resolution thermal imaging, laser rangefinder capabilities, and seamless integration with DJI drones for a wide range of applications, including search and rescue, infrastructure inspection, precision agriculture, and wildlife monitoring.\" \/>\n<meta property=\"og:url\" content=\"https:\/\/www.ghostysky.com\/fr\/product\/zenmuse-h20t\/\" \/>\n<meta property=\"og:site_name\" content=\"Ghostysky\" \/>\n<meta property=\"article:publisher\" content=\"https:\/\/www.facebook.com\/people\/Ghostysky\/100057676170234\/\" \/>\n<meta property=\"article:modified_time\" content=\"2024-05-25T10:19:58+00:00\" \/>\n<meta property=\"og:image\" content=\"https:\/\/www.ghostysky.com\/wp-content\/uploads\/2023\/12\/h20t_1.jpg\" \/>\n\t<meta property=\"og:image:width\" content=\"2560\" \/>\n\t<meta property=\"og:image:height\" content=\"2560\" \/>\n\t<meta property=\"og:image:type\" content=\"image\/jpeg\" \/>\n<meta name=\"twitter:card\" content=\"summary_large_image\" \/>\n<meta name=\"twitter:site\" content=\"@Gh0stysky\" \/>\n<meta name=\"twitter:label1\" content=\"Dur\u00e9e de lecture estim\u00e9e\" \/>\n\t<meta name=\"twitter:data1\" content=\"2 minutes\" \/>\n<script type=\"application\/ld+json\" class=\"yoast-schema-graph\">{\"@context\":\"https:\/\/schema.org\",\"@graph\":[{\"@type\":\"WebPage\",\"@id\":\"https:\/\/www.ghostysky.com\/product\/zenmuse-h20t\/\",\"url\":\"https:\/\/www.ghostysky.com\/product\/zenmuse-h20t\/\",\"name\":\"DJI Zenmuse H20T - Ghostysky\",\"isPartOf\":{\"@id\":\"https:\/\/www.ghostysky.com\/#website\"},\"primaryImageOfPage\":{\"@id\":\"https:\/\/www.ghostysky.com\/product\/zenmuse-h20t\/#primaryimage\"},\"image\":{\"@id\":\"https:\/\/www.ghostysky.com\/product\/zenmuse-h20t\/#primaryimage\"},\"thumbnailUrl\":\"https:\/\/www.ghostysky.com\/wp-content\/uploads\/2023\/12\/h20t_1.jpg\",\"datePublished\":\"2023-12-28T22:28:22+00:00\",\"dateModified\":\"2024-05-25T10:19:58+00:00\",\"description\":\"The DJI Zenmuse H20T is an advanced aerial camera system designed for professional drone operators who require high-resolution thermal imaging, laser rangefinder capabilities, and seamless integration with DJI drones for a wide range of applications, including search and rescue, infrastructure inspection, precision agriculture, and wildlife monitoring.\",\"breadcrumb\":{\"@id\":\"https:\/\/www.ghostysky.com\/product\/zenmuse-h20t\/#breadcrumb\"},\"inLanguage\":\"fr-FR\",\"potentialAction\":[{\"@type\":\"ReadAction\",\"target\":[\"https:\/\/www.ghostysky.com\/product\/zenmuse-h20t\/\"]}]},{\"@type\":\"ImageObject\",\"inLanguage\":\"fr-FR\",\"@id\":\"https:\/\/www.ghostysky.com\/product\/zenmuse-h20t\/#primaryimage\",\"url\":\"https:\/\/www.ghostysky.com\/wp-content\/uploads\/2023\/12\/h20t_1.jpg\",\"contentUrl\":\"https:\/\/www.ghostysky.com\/wp-content\/uploads\/2023\/12\/h20t_1.jpg\",\"width\":2560,\"height\":2560},{\"@type\":\"BreadcrumbList\",\"@id\":\"https:\/\/www.ghostysky.com\/product\/zenmuse-h20t\/#breadcrumb\",\"itemListElement\":[{\"@type\":\"ListItem\",\"position\":1,\"name\":\"Home\",\"item\":\"https:\/\/www.ghostysky.com\/\"},{\"@type\":\"ListItem\",\"position\":2,\"name\":\"Shop\",\"item\":\"https:\/\/www.ghostysky.com\/shop\/\"},{\"@type\":\"ListItem\",\"position\":3,\"name\":\"DJI Zenmuse H20T\"}]},{\"@type\":\"WebSite\",\"@id\":\"https:\/\/www.ghostysky.com\/#website\",\"url\":\"https:\/\/www.ghostysky.com\/\",\"name\":\"Ghostysky\",\"description\":\"Delivering professional drones and services\",\"publisher\":{\"@id\":\"https:\/\/www.ghostysky.com\/#organization\"},\"potentialAction\":[{\"@type\":\"SearchAction\",\"target\":{\"@type\":\"EntryPoint\",\"urlTemplate\":\"https:\/\/www.ghostysky.com\/?s={search_term_string}\"},\"query-input\":{\"@type\":\"PropertyValueSpecification\",\"valueRequired\":true,\"valueName\":\"search_term_string\"}}],\"inLanguage\":\"fr-FR\"},{\"@type\":\"Organization\",\"@id\":\"https:\/\/www.ghostysky.com\/#organization\",\"name\":\"Ghostysky\",\"url\":\"https:\/\/www.ghostysky.com\/\",\"logo\":{\"@type\":\"ImageObject\",\"inLanguage\":\"fr-FR\",\"@id\":\"https:\/\/www.ghostysky.com\/#\/schema\/logo\/image\/\",\"url\":\"https:\/\/www.ghostysky.com\/wp-content\/uploads\/2020\/06\/cropped-ghostyskylogo_text_white2.png\",\"contentUrl\":\"https:\/\/www.ghostysky.com\/wp-content\/uploads\/2020\/06\/cropped-ghostyskylogo_text_white2.png\",\"width\":169,\"height\":56,\"caption\":\"Ghostysky\"},\"image\":{\"@id\":\"https:\/\/www.ghostysky.com\/#\/schema\/logo\/image\/\"},\"sameAs\":[\"https:\/\/www.facebook.com\/people\/Ghostysky\/100057676170234\/\",\"https:\/\/x.com\/Gh0stysky\",\"https:\/\/www.linkedin.com\/company\/34739653\",\"https:\/\/www.instagram.com\/gh0stysky\"]}]}<\/script>\n<!-- \/ Yoast SEO plugin. -->","yoast_head_json":{"title":"DJI Zenmuse H20T - Ghostysky","description":"Le DJI Zenmuse H20T est un syst\u00e8me de cam\u00e9ra a\u00e9rienne avanc\u00e9 con\u00e7u pour les op\u00e9rateurs de drones professionnels qui ont besoin d&#039;une imagerie thermique haute r\u00e9solution, de capacit\u00e9s de t\u00e9l\u00e9m\u00e8tre laser et d&#039;une int\u00e9gration transparente avec les drones DJI pour une large gamme d&#039;applications, notamment la recherche et le sauvetage, l&#039;inspection des infrastructures, l&#039;agriculture de pr\u00e9cision et la surveillance de la faune.","robots":{"index":"index","follow":"follow","max-snippet":"max-snippet:-1","max-image-preview":"max-image-preview:large","max-video-preview":"max-video-preview:-1"},"canonical":"https:\/\/www.ghostysky.com\/fr\/product\/zenmuse-h20t\/","og_locale":"fr_FR","og_type":"article","og_title":"DJI Zenmuse H20T - Ghostysky","og_description":"The DJI Zenmuse H20T is an advanced aerial camera system designed for professional drone operators who require high-resolution thermal imaging, laser rangefinder capabilities, and seamless integration with DJI drones for a wide range of applications, including search and rescue, infrastructure inspection, precision agriculture, and wildlife monitoring.","og_url":"https:\/\/www.ghostysky.com\/fr\/product\/zenmuse-h20t\/","og_site_name":"Ghostysky","article_publisher":"https:\/\/www.facebook.com\/people\/Ghostysky\/100057676170234\/","article_modified_time":"2024-05-25T10:19:58+00:00","og_image":[{"width":2560,"height":2560,"url":"https:\/\/www.ghostysky.com\/wp-content\/uploads\/2023\/12\/h20t_1.jpg","type":"image\/jpeg"}],"twitter_card":"summary_large_image","twitter_site":"@Gh0stysky","twitter_misc":{"Dur\u00e9e de lecture estim\u00e9e":"2 minutes"},"schema":{"@context":"https:\/\/schema.org","@graph":[{"@type":"WebPage","@id":"https:\/\/www.ghostysky.com\/product\/zenmuse-h20t\/","url":"https:\/\/www.ghostysky.com\/product\/zenmuse-h20t\/","name":"DJI Zenmuse H20T - Ghostysky","isPartOf":{"@id":"https:\/\/www.ghostysky.com\/#website"},"primaryImageOfPage":{"@id":"https:\/\/www.ghostysky.com\/product\/zenmuse-h20t\/#primaryimage"},"image":{"@id":"https:\/\/www.ghostysky.com\/product\/zenmuse-h20t\/#primaryimage"},"thumbnailUrl":"https:\/\/www.ghostysky.com\/wp-content\/uploads\/2023\/12\/h20t_1.jpg","datePublished":"2023-12-28T22:28:22+00:00","dateModified":"2024-05-25T10:19:58+00:00","description":"Le DJI Zenmuse H20T est un syst\u00e8me de cam\u00e9ra a\u00e9rienne avanc\u00e9 con\u00e7u pour les op\u00e9rateurs de drones professionnels qui ont besoin d&#039;une imagerie thermique haute r\u00e9solution, de capacit\u00e9s de t\u00e9l\u00e9m\u00e8tre laser et d&#039;une int\u00e9gration transparente avec les drones DJI pour une large gamme d&#039;applications, notamment la recherche et le sauvetage, l&#039;inspection des infrastructures, l&#039;agriculture de pr\u00e9cision et la surveillance de la faune.","breadcrumb":{"@id":"https:\/\/www.ghostysky.com\/product\/zenmuse-h20t\/#breadcrumb"},"inLanguage":"fr-FR","potentialAction":[{"@type":"ReadAction","target":["https:\/\/www.ghostysky.com\/product\/zenmuse-h20t\/"]}]},{"@type":"ImageObject","inLanguage":"fr-FR","@id":"https:\/\/www.ghostysky.com\/product\/zenmuse-h20t\/#primaryimage","url":"https:\/\/www.ghostysky.com\/wp-content\/uploads\/2023\/12\/h20t_1.jpg","contentUrl":"https:\/\/www.ghostysky.com\/wp-content\/uploads\/2023\/12\/h20t_1.jpg","width":2560,"height":2560},{"@type":"BreadcrumbList","@id":"https:\/\/www.ghostysky.com\/product\/zenmuse-h20t\/#breadcrumb","itemListElement":[{"@type":"ListItem","position":1,"name":"Home","item":"https:\/\/www.ghostysky.com\/"},{"@type":"ListItem","position":2,"name":"Shop","item":"https:\/\/www.ghostysky.com\/shop\/"},{"@type":"ListItem","position":3,"name":"DJI Zenmuse H20T"}]},{"@type":"WebSite","@id":"https:\/\/www.ghostysky.com\/#website","url":"https:\/\/www.ghostysky.com\/","name":"Ghostysky","description":"Livraison de drones et de services professionnels","publisher":{"@id":"https:\/\/www.ghostysky.com\/#organization"},"potentialAction":[{"@type":"SearchAction","target":{"@type":"EntryPoint","urlTemplate":"https:\/\/www.ghostysky.com\/?s={search_term_string}"},"query-input":{"@type":"PropertyValueSpecification","valueRequired":true,"valueName":"search_term_string"}}],"inLanguage":"fr-FR"},{"@type":"Organization","@id":"https:\/\/www.ghostysky.com\/#organization","name":"Ghostysky","url":"https:\/\/www.ghostysky.com\/","logo":{"@type":"ImageObject","inLanguage":"fr-FR","@id":"https:\/\/www.ghostysky.com\/#\/schema\/logo\/image\/","url":"https:\/\/www.ghostysky.com\/wp-content\/uploads\/2020\/06\/cropped-ghostyskylogo_text_white2.png","contentUrl":"https:\/\/www.ghostysky.com\/wp-content\/uploads\/2020\/06\/cropped-ghostyskylogo_text_white2.png","width":169,"height":56,"caption":"Ghostysky"},"image":{"@id":"https:\/\/www.ghostysky.com\/#\/schema\/logo\/image\/"},"sameAs":["https:\/\/www.facebook.com\/people\/Ghostysky\/100057676170234\/","https:\/\/x.com\/Gh0stysky","https:\/\/www.linkedin.com\/company\/34739653","https:\/\/www.instagram.com\/gh0stysky"]}]}},"_links":{"self":[{"href":"https:\/\/www.ghostysky.com\/fr\/wp-json\/wp\/v2\/product\/15448","targetHints":{"allow":["GET"]}}],"collection":[{"href":"https:\/\/www.ghostysky.com\/fr\/wp-json\/wp\/v2\/product"}],"about":[{"href":"https:\/\/www.ghostysky.com\/fr\/wp-json\/wp\/v2\/types\/product"}],"replies":[{"embeddable":true,"href":"https:\/\/www.ghostysky.com\/fr\/wp-json\/wp\/v2\/comments?post=15448"}],"wp:featuredmedia":[{"embeddable":true,"href":"https:\/\/www.ghostysky.com\/fr\/wp-json\/wp\/v2\/media\/15450"}],"wp:attachment":[{"href":"https:\/\/www.ghostysky.com\/fr\/wp-json\/wp\/v2\/media?parent=15448"}],"wp:term":[{"taxonomy":"product_brand","embeddable":true,"href":"https:\/\/www.ghostysky.com\/fr\/wp-json\/wp\/v2\/product_brand?post=15448"},{"taxonomy":"product_cat","embeddable":true,"href":"https:\/\/www.ghostysky.com\/fr\/wp-json\/wp\/v2\/product_cat?post=15448"},{"taxonomy":"product_tag","embeddable":true,"href":"https:\/\/www.ghostysky.com\/fr\/wp-json\/wp\/v2\/product_tag?post=15448"}],"curies":[{"name":"wp","href":"https:\/\/api.w.org\/{rel}","templated":true}]}}