{"id":15455,"date":"2023-12-29T17:43:29","date_gmt":"2023-12-29T17:43:29","guid":{"rendered":"https:\/\/www.ghostysky.com\/?post_type=product&#038;p=15455"},"modified":"2023-12-29T21:03:26","modified_gmt":"2023-12-29T21:03:26","slug":"dronescout-ds230","status":"publish","type":"product","link":"https:\/\/www.ghostysky.com\/fr\/product\/dronescout-ds230\/","title":{"rendered":"DroneScout DS230"},"content":{"rendered":"<p>Le r\u00e9cepteur DroneScout prend en charge tous les protocoles de transmission (Bluetooth Legacy, Bluetooth Longue Port\u00e9e, WiFi NaN et WiFi Beacon) et toutes les bandes de fr\u00e9quences (2,4, 5,2 et 5,8 GHz). De plus, DroneScout utilise la technologie Power of Ethernet (PoE 802.3af\/at) pour la connectivit\u00e9 et l&#039;alimentation.<\/p>\n<p>Ce produit est destin\u00e9 aux int\u00e9grateurs syst\u00e8me souhaitant int\u00e9grer le r\u00e9cepteur DroneScout \u00e0 leur produit. Techniquement, les informations d&#039;identification \u00e0 distance re\u00e7ues par DroneScout sont transmises au format JSON \u00e0 un courtier MQTT. Un code source de r\u00e9f\u00e9rence est fourni pour traiter les informations re\u00e7ues. En interne, le r\u00e9cepteur utilise le framework Open Drone ID, compatible avec les normes DIN EN 4709-002 (UE) et ASTM F3411-22a-RID-B (\u00c9tats-Unis).<\/p>\n<h3>Applications du r\u00e9cepteur d&#039;identification \u00e0 distance DroneScout<\/h3>\n<p>Les informations des balises peuvent \u00eatre utilis\u00e9es par le grand public, les forces de l&#039;ordre et les drones pour mieux appr\u00e9hender l&#039;espace a\u00e9rien environnant. Les r\u00e9cepteurs d&#039;identification \u00e0 distance sont utilis\u00e9s dans le domaine de la s\u00e9curit\u00e9 et de la s\u00fbret\u00e9. Ils peuvent \u00eatre utilis\u00e9s par les agences de renseignement de s\u00e9curit\u00e9 int\u00e9ress\u00e9es par la pr\u00e9sence de drones \u00e0 proximit\u00e9, ou par les a\u00e9roports souhaitant d\u00e9tecter des drones \u00e0 proximit\u00e9 pour \u00e9viter des situations dangereuses.<\/p>\n<div id=\"sensor\" class=\"vc_row wpb_row vc_row-fluid riven-overview vc_custom_1668598884661 vc_row-has-fill opn-active\" data-op-gutter=\"\" data-opn_enable_overlay=\"\" data-opn_hide_navigation=\"\">\n<div class=\"wpb_column vc_column_container vc_col-sm-12\">\n<div class=\"vc_column-inner\">\n<div class=\"wpb_wrapper\">\n<div class=\"wpb_text_column wpb_content_element\">\n<div class=\"wpb_wrapper\">\n<h3><strong>R\u00e9cepteur d&#039;identification \u00e0 distance DS230<\/strong><\/h3>\n<\/div>\n<\/div>\n<\/div>\n<\/div>\n<\/div>\n<\/div>\n<div class=\"vc_row wpb_row vc_row-fluid\" data-op-gutter=\"\" data-opn_enable_overlay=\"\" data-opn_hide_navigation=\"\">\n<div class=\"wpb_column vc_column_container vc_col-sm-6\">\n<div class=\"vc_column-inner\">\n<div class=\"wpb_wrapper\">\n<div class=\"wpb_text_column wpb_content_element\">\n<div class=\"wpb_wrapper\">\n<p><strong><b>Radio \u00e0 courte port\u00e9e<\/b><\/strong><\/p>\n<ul>\n<li>Bluetooth 2,4 GHz<\/li>\n<li>Wi-Fi 2,4 GHz, 5,2 GHz, 5,8 GHz<\/li>\n<\/ul>\n<p><strong><b>Antennes<\/b><\/strong><\/p>\n<ul>\n<li>Antennes 5 dBi (connecteur N, 1 antenne Bluetooth, 2 antennes Wi-Fi tribande). Rempla\u00e7ables par d&#039;autres antennes.<\/li>\n<\/ul>\n<p><strong>Zone de d\u00e9tection<\/strong><\/p>\n<ul>\n<li>80 km<sup>2<\/sup>\u00a0Rayon de 5 km. Voir \u00e9galement la section 1.9 du manuel. La zone de d\u00e9tection r\u00e9elle peut \u00eatre plus ou moins grande selon le lieu d&#039;installation, comme la hauteur et l&#039;obstruction des grands b\u00e2timents.<\/li>\n<\/ul>\n<p><strong><b>Pouvoir<\/b><\/strong><\/p>\n<ul>\n<li>PoE (Power over Ethernet) : 802.3af\/at<\/li>\n<\/ul>\n<p><strong><b>Consommation moyenne de courant<\/b><\/strong><\/p>\n<ul>\n<li>&lt; 5 W<\/li>\n<\/ul>\n<p><strong><b>Connectivit\u00e9<\/b><\/strong><\/p>\n<ul>\n<li>Interface Ethernet 10\/100M\/1000M<\/li>\n<\/ul>\n<p><strong><b>Enceinte<\/b><\/strong><\/p>\n<ul>\n<li>plastique<\/li>\n<\/ul>\n<p><strong><b>M\u00e9canisme de fixation<\/b><\/strong><\/p>\n<ul>\n<li>support de m\u00e2t pour installation sur m\u00e2t ou murale<\/li>\n<\/ul>\n<p><strong><b>Indice de protection IP<\/b><\/strong><\/p>\n<ul>\n<li>IP67<\/li>\n<\/ul>\n<p><strong><b>Temp\u00e9rature de fonctionnement<\/b><\/strong><\/p>\n<ul>\n<li>-20\u00b0C \u00e0 +40\u00b0C<\/li>\n<\/ul>\n<p><strong><b>Dimensions<\/b><\/strong><\/p>\n<ul>\n<li>27,2 x 27,6 x 9,6 (sans antennes).<\/li>\n<\/ul>\n<p><strong><b>Poids<\/b><\/strong><\/p>\n<ul>\n<li>1,4 kg (avec support de m\u00e2t 1,9 kg)<\/li>\n<\/ul>\n<\/div>\n<\/div>\n<\/div>\n<\/div>\n<\/div>\n<\/div>","protected":false},"excerpt":{"rendered":"<p>DroneScout est un r\u00e9cepteur d&#039;identification \u00e0 distance (directe\/diffus\u00e9e) qui re\u00e7oit les signaux d&#039;identification \u00e0 distance. Un r\u00e9cepteur est \u00e9galement appel\u00e9 capteur ou radar. L&#039;UE et les \u00c9tats-Unis pr\u00e9voient de nouvelles r\u00e9glementations rendant l&#039;identification \u00e0 distance obligatoire pour les drones de plus de 250 grammes. Techniquement, l&#039;identification \u00e0 distance est appel\u00e9e Direct Remote ID (DRI) dans l&#039;UE et Broadcast Remote ID aux \u00c9tats-Unis.<\/p>","protected":false},"featured_media":15461,"comment_status":"open","ping_status":"closed","template":"","meta":[],"product_brand":[],"product_cat":[461,604],"product_tag":[644,645],"class_list":{"0":"post-15455","1":"product","2":"type-product","3":"status-publish","4":"has-post-thumbnail","6":"product_cat-accessories-2","7":"product_cat-remote-id","8":"product_tag-dronescout","9":"product_tag-ds230","11":"first","12":"onbackorder","13":"taxable","14":"shipping-taxable","15":"purchasable","16":"product-type-simple"},"yoast_head":"<!-- This site is optimized with the Yoast SEO plugin v27.1.1 - https:\/\/yoast.com\/product\/yoast-seo-wordpress\/ -->\n<title>DroneScout DS230 - Ghostysky<\/title>\n<meta name=\"description\" content=\"DroneScout is a (direct\/broadcast) Remote ID receiver that receives Remote ID signals. A receiver is also called sensor or radar. The EU and USA are planning new rules that make Remote ID mandatory for drones over 250 grams weight. Technically Remote ID is called Direct Remote ID (DRI) in the EU and Broadcast Remote ID in the USA.\" \/>\n<meta name=\"robots\" content=\"index, follow, max-snippet:-1, max-image-preview:large, max-video-preview:-1\" \/>\n<link rel=\"canonical\" href=\"https:\/\/www.ghostysky.com\/fr\/product\/dronescout-ds230\/\" \/>\n<meta property=\"og:locale\" content=\"fr_FR\" \/>\n<meta property=\"og:type\" content=\"article\" \/>\n<meta property=\"og:title\" content=\"DroneScout DS230 - Ghostysky\" \/>\n<meta property=\"og:description\" content=\"DroneScout is a (direct\/broadcast) Remote ID receiver that receives Remote ID signals. A receiver is also called sensor or radar. The EU and USA are planning new rules that make Remote ID mandatory for drones over 250 grams weight. Technically Remote ID is called Direct Remote ID (DRI) in the EU and Broadcast Remote ID in the USA.\" \/>\n<meta property=\"og:url\" content=\"https:\/\/www.ghostysky.com\/fr\/product\/dronescout-ds230\/\" \/>\n<meta property=\"og:site_name\" content=\"Ghostysky\" \/>\n<meta property=\"article:publisher\" content=\"https:\/\/www.facebook.com\/people\/Ghostysky\/100057676170234\/\" \/>\n<meta property=\"article:modified_time\" content=\"2023-12-29T21:03:26+00:00\" \/>\n<meta property=\"og:image\" content=\"https:\/\/www.ghostysky.com\/wp-content\/uploads\/2023\/12\/DS230_0.jpg\" \/>\n\t<meta property=\"og:image:width\" content=\"576\" \/>\n\t<meta property=\"og:image:height\" content=\"768\" \/>\n\t<meta property=\"og:image:type\" content=\"image\/jpeg\" \/>\n<meta name=\"twitter:card\" content=\"summary_large_image\" \/>\n<meta name=\"twitter:site\" content=\"@Gh0stysky\" \/>\n<meta name=\"twitter:label1\" content=\"Dur\u00e9e de lecture estim\u00e9e\" \/>\n\t<meta name=\"twitter:data1\" content=\"2 minutes\" \/>\n<script type=\"application\/ld+json\" class=\"yoast-schema-graph\">{\"@context\":\"https:\/\/schema.org\",\"@graph\":[{\"@type\":\"WebPage\",\"@id\":\"https:\/\/www.ghostysky.com\/product\/dronescout-ds230\/\",\"url\":\"https:\/\/www.ghostysky.com\/product\/dronescout-ds230\/\",\"name\":\"DroneScout DS230 - Ghostysky\",\"isPartOf\":{\"@id\":\"https:\/\/www.ghostysky.com\/#website\"},\"primaryImageOfPage\":{\"@id\":\"https:\/\/www.ghostysky.com\/product\/dronescout-ds230\/#primaryimage\"},\"image\":{\"@id\":\"https:\/\/www.ghostysky.com\/product\/dronescout-ds230\/#primaryimage\"},\"thumbnailUrl\":\"https:\/\/www.ghostysky.com\/wp-content\/uploads\/2023\/12\/DS230_0.jpg\",\"datePublished\":\"2023-12-29T17:43:29+00:00\",\"dateModified\":\"2023-12-29T21:03:26+00:00\",\"description\":\"DroneScout is a (direct\/broadcast) Remote ID receiver that receives Remote ID signals. A receiver is also called sensor or radar. The EU and USA are planning new rules that make Remote ID mandatory for drones over 250 grams weight. Technically Remote ID is called Direct Remote ID (DRI) in the EU and Broadcast Remote ID in the USA.\",\"breadcrumb\":{\"@id\":\"https:\/\/www.ghostysky.com\/product\/dronescout-ds230\/#breadcrumb\"},\"inLanguage\":\"fr-FR\",\"potentialAction\":[{\"@type\":\"ReadAction\",\"target\":[\"https:\/\/www.ghostysky.com\/product\/dronescout-ds230\/\"]}]},{\"@type\":\"ImageObject\",\"inLanguage\":\"fr-FR\",\"@id\":\"https:\/\/www.ghostysky.com\/product\/dronescout-ds230\/#primaryimage\",\"url\":\"https:\/\/www.ghostysky.com\/wp-content\/uploads\/2023\/12\/DS230_0.jpg\",\"contentUrl\":\"https:\/\/www.ghostysky.com\/wp-content\/uploads\/2023\/12\/DS230_0.jpg\",\"width\":576,\"height\":768},{\"@type\":\"BreadcrumbList\",\"@id\":\"https:\/\/www.ghostysky.com\/product\/dronescout-ds230\/#breadcrumb\",\"itemListElement\":[{\"@type\":\"ListItem\",\"position\":1,\"name\":\"Home\",\"item\":\"https:\/\/www.ghostysky.com\/\"},{\"@type\":\"ListItem\",\"position\":2,\"name\":\"Shop\",\"item\":\"https:\/\/www.ghostysky.com\/shop\/\"},{\"@type\":\"ListItem\",\"position\":3,\"name\":\"DroneScout DS230\"}]},{\"@type\":\"WebSite\",\"@id\":\"https:\/\/www.ghostysky.com\/#website\",\"url\":\"https:\/\/www.ghostysky.com\/\",\"name\":\"Ghostysky\",\"description\":\"Delivering professional drones and services\",\"publisher\":{\"@id\":\"https:\/\/www.ghostysky.com\/#organization\"},\"potentialAction\":[{\"@type\":\"SearchAction\",\"target\":{\"@type\":\"EntryPoint\",\"urlTemplate\":\"https:\/\/www.ghostysky.com\/?s={search_term_string}\"},\"query-input\":{\"@type\":\"PropertyValueSpecification\",\"valueRequired\":true,\"valueName\":\"search_term_string\"}}],\"inLanguage\":\"fr-FR\"},{\"@type\":\"Organization\",\"@id\":\"https:\/\/www.ghostysky.com\/#organization\",\"name\":\"Ghostysky\",\"url\":\"https:\/\/www.ghostysky.com\/\",\"logo\":{\"@type\":\"ImageObject\",\"inLanguage\":\"fr-FR\",\"@id\":\"https:\/\/www.ghostysky.com\/#\/schema\/logo\/image\/\",\"url\":\"https:\/\/www.ghostysky.com\/wp-content\/uploads\/2020\/06\/cropped-ghostyskylogo_text_white2.png\",\"contentUrl\":\"https:\/\/www.ghostysky.com\/wp-content\/uploads\/2020\/06\/cropped-ghostyskylogo_text_white2.png\",\"width\":169,\"height\":56,\"caption\":\"Ghostysky\"},\"image\":{\"@id\":\"https:\/\/www.ghostysky.com\/#\/schema\/logo\/image\/\"},\"sameAs\":[\"https:\/\/www.facebook.com\/people\/Ghostysky\/100057676170234\/\",\"https:\/\/x.com\/Gh0stysky\",\"https:\/\/www.linkedin.com\/company\/34739653\",\"https:\/\/www.instagram.com\/gh0stysky\"]}]}<\/script>\n<!-- \/ Yoast SEO plugin. -->","yoast_head_json":{"title":"DroneScout DS230 - Ghostysky","description":"DroneScout est un r\u00e9cepteur d&#039;identification \u00e0 distance (directe\/diffus\u00e9e) qui re\u00e7oit les signaux d&#039;identification \u00e0 distance. Un r\u00e9cepteur est \u00e9galement appel\u00e9 capteur ou radar. L&#039;UE et les \u00c9tats-Unis pr\u00e9voient de nouvelles r\u00e9glementations rendant l&#039;identification \u00e0 distance obligatoire pour les drones de plus de 250 grammes. Techniquement, l&#039;identification \u00e0 distance est appel\u00e9e Direct Remote ID (DRI) dans l&#039;UE et Broadcast Remote ID aux \u00c9tats-Unis.","robots":{"index":"index","follow":"follow","max-snippet":"max-snippet:-1","max-image-preview":"max-image-preview:large","max-video-preview":"max-video-preview:-1"},"canonical":"https:\/\/www.ghostysky.com\/fr\/product\/dronescout-ds230\/","og_locale":"fr_FR","og_type":"article","og_title":"DroneScout DS230 - Ghostysky","og_description":"DroneScout is a (direct\/broadcast) Remote ID receiver that receives Remote ID signals. A receiver is also called sensor or radar. The EU and USA are planning new rules that make Remote ID mandatory for drones over 250 grams weight. Technically Remote ID is called Direct Remote ID (DRI) in the EU and Broadcast Remote ID in the USA.","og_url":"https:\/\/www.ghostysky.com\/fr\/product\/dronescout-ds230\/","og_site_name":"Ghostysky","article_publisher":"https:\/\/www.facebook.com\/people\/Ghostysky\/100057676170234\/","article_modified_time":"2023-12-29T21:03:26+00:00","og_image":[{"width":576,"height":768,"url":"https:\/\/www.ghostysky.com\/wp-content\/uploads\/2023\/12\/DS230_0.jpg","type":"image\/jpeg"}],"twitter_card":"summary_large_image","twitter_site":"@Gh0stysky","twitter_misc":{"Dur\u00e9e de lecture estim\u00e9e":"2 minutes"},"schema":{"@context":"https:\/\/schema.org","@graph":[{"@type":"WebPage","@id":"https:\/\/www.ghostysky.com\/product\/dronescout-ds230\/","url":"https:\/\/www.ghostysky.com\/product\/dronescout-ds230\/","name":"DroneScout DS230 - Ghostysky","isPartOf":{"@id":"https:\/\/www.ghostysky.com\/#website"},"primaryImageOfPage":{"@id":"https:\/\/www.ghostysky.com\/product\/dronescout-ds230\/#primaryimage"},"image":{"@id":"https:\/\/www.ghostysky.com\/product\/dronescout-ds230\/#primaryimage"},"thumbnailUrl":"https:\/\/www.ghostysky.com\/wp-content\/uploads\/2023\/12\/DS230_0.jpg","datePublished":"2023-12-29T17:43:29+00:00","dateModified":"2023-12-29T21:03:26+00:00","description":"DroneScout est un r\u00e9cepteur d&#039;identification \u00e0 distance (directe\/diffus\u00e9e) qui re\u00e7oit les signaux d&#039;identification \u00e0 distance. Un r\u00e9cepteur est \u00e9galement appel\u00e9 capteur ou radar. L&#039;UE et les \u00c9tats-Unis pr\u00e9voient de nouvelles r\u00e9glementations rendant l&#039;identification \u00e0 distance obligatoire pour les drones de plus de 250 grammes. Techniquement, l&#039;identification \u00e0 distance est appel\u00e9e Direct Remote ID (DRI) dans l&#039;UE et Broadcast Remote ID aux \u00c9tats-Unis.","breadcrumb":{"@id":"https:\/\/www.ghostysky.com\/product\/dronescout-ds230\/#breadcrumb"},"inLanguage":"fr-FR","potentialAction":[{"@type":"ReadAction","target":["https:\/\/www.ghostysky.com\/product\/dronescout-ds230\/"]}]},{"@type":"ImageObject","inLanguage":"fr-FR","@id":"https:\/\/www.ghostysky.com\/product\/dronescout-ds230\/#primaryimage","url":"https:\/\/www.ghostysky.com\/wp-content\/uploads\/2023\/12\/DS230_0.jpg","contentUrl":"https:\/\/www.ghostysky.com\/wp-content\/uploads\/2023\/12\/DS230_0.jpg","width":576,"height":768},{"@type":"BreadcrumbList","@id":"https:\/\/www.ghostysky.com\/product\/dronescout-ds230\/#breadcrumb","itemListElement":[{"@type":"ListItem","position":1,"name":"Home","item":"https:\/\/www.ghostysky.com\/"},{"@type":"ListItem","position":2,"name":"Shop","item":"https:\/\/www.ghostysky.com\/shop\/"},{"@type":"ListItem","position":3,"name":"DroneScout DS230"}]},{"@type":"WebSite","@id":"https:\/\/www.ghostysky.com\/#website","url":"https:\/\/www.ghostysky.com\/","name":"Ghostysky","description":"Livraison de drones et de services professionnels","publisher":{"@id":"https:\/\/www.ghostysky.com\/#organization"},"potentialAction":[{"@type":"SearchAction","target":{"@type":"EntryPoint","urlTemplate":"https:\/\/www.ghostysky.com\/?s={search_term_string}"},"query-input":{"@type":"PropertyValueSpecification","valueRequired":true,"valueName":"search_term_string"}}],"inLanguage":"fr-FR"},{"@type":"Organization","@id":"https:\/\/www.ghostysky.com\/#organization","name":"Ghostysky","url":"https:\/\/www.ghostysky.com\/","logo":{"@type":"ImageObject","inLanguage":"fr-FR","@id":"https:\/\/www.ghostysky.com\/#\/schema\/logo\/image\/","url":"https:\/\/www.ghostysky.com\/wp-content\/uploads\/2020\/06\/cropped-ghostyskylogo_text_white2.png","contentUrl":"https:\/\/www.ghostysky.com\/wp-content\/uploads\/2020\/06\/cropped-ghostyskylogo_text_white2.png","width":169,"height":56,"caption":"Ghostysky"},"image":{"@id":"https:\/\/www.ghostysky.com\/#\/schema\/logo\/image\/"},"sameAs":["https:\/\/www.facebook.com\/people\/Ghostysky\/100057676170234\/","https:\/\/x.com\/Gh0stysky","https:\/\/www.linkedin.com\/company\/34739653","https:\/\/www.instagram.com\/gh0stysky"]}]}},"_links":{"self":[{"href":"https:\/\/www.ghostysky.com\/fr\/wp-json\/wp\/v2\/product\/15455","targetHints":{"allow":["GET"]}}],"collection":[{"href":"https:\/\/www.ghostysky.com\/fr\/wp-json\/wp\/v2\/product"}],"about":[{"href":"https:\/\/www.ghostysky.com\/fr\/wp-json\/wp\/v2\/types\/product"}],"replies":[{"embeddable":true,"href":"https:\/\/www.ghostysky.com\/fr\/wp-json\/wp\/v2\/comments?post=15455"}],"wp:featuredmedia":[{"embeddable":true,"href":"https:\/\/www.ghostysky.com\/fr\/wp-json\/wp\/v2\/media\/15461"}],"wp:attachment":[{"href":"https:\/\/www.ghostysky.com\/fr\/wp-json\/wp\/v2\/media?parent=15455"}],"wp:term":[{"taxonomy":"product_brand","embeddable":true,"href":"https:\/\/www.ghostysky.com\/fr\/wp-json\/wp\/v2\/product_brand?post=15455"},{"taxonomy":"product_cat","embeddable":true,"href":"https:\/\/www.ghostysky.com\/fr\/wp-json\/wp\/v2\/product_cat?post=15455"},{"taxonomy":"product_tag","embeddable":true,"href":"https:\/\/www.ghostysky.com\/fr\/wp-json\/wp\/v2\/product_tag?post=15455"}],"curies":[{"name":"wp","href":"https:\/\/api.w.org\/{rel}","templated":true}]}}