{"id":15585,"date":"2024-01-05T18:52:29","date_gmt":"2024-01-05T18:52:29","guid":{"rendered":"https:\/\/www.ghostysky.com\/?post_type=product&#038;p=15585"},"modified":"2025-10-14T11:43:31","modified_gmt":"2025-10-14T11:43:31","slug":"gs-130x-lidar","status":"publish","type":"product","link":"https:\/\/www.ghostysky.com\/fr\/product\/gs-130x-lidar\/","title":{"rendered":"Lidar GS-130X (AGS302)"},"content":{"rendered":"<h3><strong>Syst\u00e8me de balayage LiDAR pour drone Geosun gAirHawk s\u00e9rie GS-130X<\/strong><\/h3>\n<div dir=\"auto\">Le syst\u00e8me de num\u00e9risation LiDAR pour drone GS-130X int\u00e8gre le capteur laser Hesai XT32 et toutes les unit\u00e9s int\u00e9gr\u00e9es pour cr\u00e9er un look futuriste pour vos services de solutions LiDAR diversifi\u00e9s. Se distingue par une forte p\u00e9n\u00e9tration et une faible divergence de faisceau dans la m\u00eame classe de syst\u00e8me de num\u00e9risation LiDAR pour drone pour offrir de meilleures performances dans toutes les zones de v\u00e9g\u00e9tation.<\/div>\n<div dir=\"auto\">\n<h3><strong>Sp\u00e9cification<\/strong><\/h3>\n<table border=\"1\" cellspacing=\"0\" cellpadding=\"0\">\n<tbody>\n<tr>\n<td colspan=\"3\">\n<table border=\"1\" cellspacing=\"0\" cellpadding=\"0\">\n<tbody>\n<tr>\n<td colspan=\"3\">\u00a0Syst\u00e8me de balayage LiDAR pour drone gAirHawk GS-130X<\/td>\n<\/tr>\n<tr>\n<td><\/td>\n<td>Nom de l&#039;article<\/td>\n<td>Param\u00e8tres du syst\u00e8me<\/td>\n<\/tr>\n<tr>\n<td rowspan=\"7\">Param\u00e8tres du GS-130X<\/td>\n<td>Poids<\/td>\n<td>1,26 kg<\/td>\n<\/tr>\n<tr>\n<td>Pr\u00e9cision de mesure<\/td>\n<td>Moins de 0,1 m \u00e0 120 m<\/td>\n<\/tr>\n<tr>\n<td>Temp\u00e9rature de fonctionnement<\/td>\n<td>-20\u2103~+65\u2103<\/td>\n<\/tr>\n<tr>\n<td>Plage de puissance<\/td>\n<td>12V-24V<\/td>\n<\/tr>\n<tr>\n<td>Consommation<\/td>\n<td>10 W<\/td>\n<\/tr>\n<tr>\n<td>Plateforme de transport<\/td>\n<td>DJI M300 et autres drones de marque<\/td>\n<\/tr>\n<tr>\n<td>Stockage<\/td>\n<td>Stockage de 64 Go, prise en charge maximale d&#039;une carte TF de 128 Go<\/td>\n<\/tr>\n<tr>\n<td rowspan=\"8\">Unit\u00e9 Lidar<\/p>\n<p>&nbsp;<\/td>\n<td>Plage de mesure<\/td>\n<td>R\u00e9flectivit\u00e9 0,3 m-120 m \u00e0 10%<\/td>\n<\/tr>\n<tr>\n<td>Cours de laser<\/td>\n<td>905 nm Classe 1 (CEI 60825-1:2014)<\/td>\n<\/tr>\n<tr>\n<td>Canal<\/td>\n<td>32 canaux<\/td>\n<\/tr>\n<tr>\n<td>Pr\u00e9cision de la port\u00e9e<\/td>\n<td>\u00b11 cm (valeur typique)<\/td>\n<\/tr>\n<tr>\n<td>Fr\u00e9quence de balayage<\/td>\n<td>10 Hz, 20 Hz<\/td>\n<\/tr>\n<tr>\n<td>donn\u00e9es<\/td>\n<td>Double \u00e9cho 1\u00a0280\u00a0000 points\/s<\/td>\n<\/tr>\n<tr>\n<td>Champ de vision<\/td>\n<td>360\u00b0, r\u00e9glable<\/td>\n<\/tr>\n<tr>\n<td>Capteur laser<\/td>\n<td>HESAI XT32<\/td>\n<\/tr>\n<tr>\n<td rowspan=\"6\">Unit\u00e9 de point de vente<\/td>\n<td>Fr\u00e9quence de mise \u00e0 jour<\/td>\n<td>200 Hz<\/td>\n<\/tr>\n<tr>\n<td>Pr\u00e9cision du cap<\/td>\n<td>0,017\u00b0<\/td>\n<\/tr>\n<tr>\n<td>Pr\u00e9cision de la hauteur<\/td>\n<td>0,005\u00b0<\/td>\n<\/tr>\n<tr>\n<td>Pr\u00e9cision de roulement<\/td>\n<td>0,005\u00b0<\/td>\n<\/tr>\n<tr>\n<td>Pr\u00e9cision de la position<\/td>\n<td>\u2264 0,05 m<\/td>\n<\/tr>\n<tr>\n<td>Type de signal GNSS<\/td>\n<td>GPSL1\/L2\/L5 GLONASSL1\/L2 BDS B1\/B2\/B3 GAL E1\/E5a\/5b<\/td>\n<\/tr>\n<tr>\n<td rowspan=\"2\">Pr\u00e9traitement<\/p>\n<p>logiciel<\/td>\n<td>Logiciel de point de vente<\/td>\n<td>Informations de sortie : position, vitesse, attitude<\/td>\n<\/tr>\n<tr>\n<td>Logiciel de nuage de points<\/td>\n<td>Format des donn\u00e9es de nuage de points de sortie\u00a0: format LAS, format TXT personnalis\u00e9<\/td>\n<\/tr>\n<tr>\n<td rowspan=\"3\">Appareil photo (int\u00e9gr\u00e9)<\/td>\n<td>Distance focale (mm)<\/td>\n<td>16<\/td>\n<\/tr>\n<tr>\n<td>Champ de vision<\/td>\n<td>83 degr\u00e9s<\/td>\n<\/tr>\n<tr>\n<td>Pixel effectif<\/td>\n<td>26 MP<\/td>\n<\/tr>\n<\/tbody>\n<\/table>\n<\/td>\n<\/tr>\n<\/tbody>\n<\/table>\n<p>&nbsp;<\/p>\n<p><strong>Emballer<\/strong><\/p>\n<p>Le syst\u00e8me de num\u00e9risation LiDAR UAV GS-130X est emball\u00e9 dans une valise avec une doublure en mat\u00e9riau EVA \u00e0 l&#039;int\u00e9rieur, puis recouvert d&#039;une bo\u00eete en carton rigide.<\/p>\n<p>L&#039;ensemble du syst\u00e8me de num\u00e9risation LiDAR pour drone convient au transport a\u00e9rien et maritime.<\/p>\n<p><a href=\"https:\/\/www.ghostysky.com\/wp-content\/uploads\/2024\/01\/Geosun_GS-130X_Package_1.jpg\"><img fetchpriority=\"high\" decoding=\"async\" class=\"alignnone wp-image-15587 size-full lazyload\" src=\"data:image\/gif;base64,R0lGODlhAQABAAAAACH5BAEKAAEALAAAAAABAAEAAAICTAEAOw==\" alt=\"\" width=\"680\" height=\"510\" data-src=\"https:\/\/www.ghostysky.com\/wp-content\/uploads\/2024\/01\/Geosun_GS-130X_Package_1.jpg\"><\/a> <a href=\"https:\/\/www.ghostysky.com\/wp-content\/uploads\/2024\/01\/Geosun_GS-130X_Package_2.jpg\"><img decoding=\"async\" class=\"alignnone wp-image-15586 size-full lazyload\" src=\"data:image\/gif;base64,R0lGODlhAQABAAAAACH5BAEKAAEALAAAAAABAAEAAAICTAEAOw==\" alt=\"\" width=\"680\" height=\"510\" data-src=\"https:\/\/www.ghostysky.com\/wp-content\/uploads\/2024\/01\/Geosun_GS-130X_Package_2.jpg\"><\/a><\/p>\n<p><strong>Sp\u00e9cifications des versions POS<\/strong><\/p>\n<table border=\"1\" cellspacing=\"0\" cellpadding=\"0\">\n<tbody>\n<tr>\n<td rowspan=\"8\">\u00a0Unit\u00e9 POS 301<\/td>\n<td>Fr\u00e9quence de mise \u00e0 jour<\/td>\n<td>200 Hz<\/td>\n<\/tr>\n<tr>\n<td>Pr\u00e9cision du cap<\/td>\n<td>0,080\u00b0<\/td>\n<\/tr>\n<tr>\n<td>Pr\u00e9cision de la hauteur<\/td>\n<td>0,025\u00b0<\/td>\n<\/tr>\n<tr>\n<td>Pr\u00e9cision de roulement<\/td>\n<td>0,025\u00b0<\/td>\n<\/tr>\n<tr>\n<td>Pr\u00e9cision de la position<\/td>\n<td>\u2264 0,05 m<\/td>\n<\/tr>\n<tr>\n<td>Type de signal GNSS<\/td>\n<td>GPSL1\/L2 GLONASSL1\/L2 BDS B1\/B2a\/B3<\/td>\n<\/tr>\n<tr>\n<td>Carte m\u00e8re GNSS<\/td>\n<td>Unicorecomm<\/td>\n<\/tr>\n<tr>\n<td>Type de point de vente<\/td>\n<td>AGS 301<\/td>\n<\/tr>\n<\/tbody>\n<\/table>\n<table border=\"1\" cellspacing=\"0\" cellpadding=\"0\">\n<tbody>\n<tr>\n<td rowspan=\"8\">Unit\u00e9 POS 302<\/td>\n<td>Fr\u00e9quence de mise \u00e0 jour<\/td>\n<td>200 Hz<\/td>\n<\/tr>\n<tr>\n<td>Pr\u00e9cision du cap<\/td>\n<td>0,040\u00b0<\/td>\n<\/tr>\n<tr>\n<td>Pr\u00e9cision de la hauteur<\/td>\n<td>0,015\u00b0<\/td>\n<\/tr>\n<tr>\n<td>Pr\u00e9cision de roulement<\/td>\n<td>0,015\u00b0<\/td>\n<\/tr>\n<tr>\n<td>Pr\u00e9cision de la position<\/td>\n<td>\u2264 0,05 m<\/td>\n<\/tr>\n<tr>\n<td>Type de signal GNSS<\/td>\n<td>GPSL1\/L2 GLONASSL1\/L2 BDS B1\/B2a\/B3<\/td>\n<\/tr>\n<tr>\n<td>Carte m\u00e8re GNSS<\/td>\n<td>OEM 719<\/td>\n<\/tr>\n<tr>\n<td>Type de point de vente<\/td>\n<td>AGS 302<\/td>\n<\/tr>\n<\/tbody>\n<\/table>\n<table border=\"1\" cellspacing=\"0\" cellpadding=\"0\">\n<tbody>\n<tr>\n<td rowspan=\"8\">Unit\u00e9 POS 303<\/td>\n<td>Fr\u00e9quence de mise \u00e0 jour<\/td>\n<td>200 Hz<\/td>\n<\/tr>\n<tr>\n<td>Pr\u00e9cision du cap<\/td>\n<td>0,017\u00b0<\/td>\n<\/tr>\n<tr>\n<td>Pr\u00e9cision de la hauteur<\/td>\n<td>0,005\u00b0<\/td>\n<\/tr>\n<tr>\n<td>Pr\u00e9cision de roulement<\/td>\n<td>0,005\u00b0<\/td>\n<\/tr>\n<tr>\n<td>Pr\u00e9cision de la position<\/td>\n<td>\u2264 0,05 m<\/td>\n<\/tr>\n<tr>\n<td>Type de signal GNSS<\/td>\n<td>GPSL1\/L2 GLONASSL1\/L2 BDS B1\/B2a\/B3<\/td>\n<\/tr>\n<tr>\n<td>Carte m\u00e8re GNSS<\/td>\n<td>OEM 719<\/td>\n<\/tr>\n<tr>\n<td>Type de point de vente<\/td>\n<td>AGS 303<\/td>\n<\/tr>\n<\/tbody>\n<\/table>\n<\/div>","protected":false},"excerpt":{"rendered":"<p>Le <strong>Geosun GS-130X<\/strong> Il s&#039;agit d&#039;un syst\u00e8me de num\u00e9risation LiDAR compact et l\u00e9ger, montable sur drone, con\u00e7u pour la collecte de donn\u00e9es 3D d\u00e9taill\u00e9es \u00e0 partir de perspectives a\u00e9riennes. Il int\u00e8gre un scanner laser Hesai XT-32 hautes performances avec un syst\u00e8me de positionnement GNSS et IMU, permettant ainsi une cartographie et des relev\u00e9s topographiques de haute pr\u00e9cision en temps r\u00e9el depuis des drones.<\/p>\n<p><strong>Caract\u00e9ristiques principales<\/strong><\/p>\n<ul>\n<li>Conception l\u00e9g\u00e8re et compacte<\/li>\n<li>Des solutions mobiles et a\u00e9riennes sont disponibles<\/li>\n<li>Jusqu&#039;\u00e0 1 280 000 points par seconde (retours doubles)<\/li>\n<li>Divergence du faisceau de 0,03\u00b0 \u00d7 0,03\u00b0<\/li>\n<li>POS AGS302<\/li>\n<\/ul>\n<p><strong>Compris<\/strong><\/p>\n<ul>\n<li>Capteur laser : Hesai XT-32<\/li>\n<li>Syst\u00e8me de point de vente : Geosun AGS 302 (GNSS + IMU)<\/li>\n<li>Appareil photo : Appareil photo RVB 26 M Pixels<\/li>\n<li>Logiciel\u00a0: logiciel de post-traitement gAirHawk (Pepertual<br \/>\nlicence)<\/li>\n<\/ul>\n<p><strong>Compatibilit\u00e9:<\/strong> DJI Matrice 300\/350 RTK et Yuneec H850RTK<\/p>","protected":false},"featured_media":15588,"comment_status":"open","ping_status":"closed","template":"","meta":[],"product_brand":[],"product_cat":[650,705],"product_tag":[658,651,657,401],"class_list":{"0":"post-15585","1":"product","2":"type-product","3":"status-publish","4":"has-post-thumbnail","6":"product_cat-geosun","7":"product_cat-sensors","8":"product_tag-ags302","9":"product_tag-geosun","10":"product_tag-gs-130x","11":"product_tag-lidar","13":"first","14":"onbackorder","15":"taxable","16":"shipping-taxable","17":"purchasable","18":"product-type-simple"},"yoast_head":"<!-- This site is optimized with the Yoast SEO plugin v27.1.1 - https:\/\/yoast.com\/product\/yoast-seo-wordpress\/ -->\n<title>GS-130X Lidar (AGS302) - Ghostysky<\/title>\n<meta name=\"description\" content=\"The Geosun GS-130X is a compact and lightweight UAV-mountable LiDAR scanning system designed for collecting detailed 3D data from aerial perspectives. It integrates a high-performance Hesai XT-32 laser scanner with a GNSS and IMU positioning system, enabling real-time, high-precision mapping and surveying from drones.\" \/>\n<meta name=\"robots\" content=\"index, follow, max-snippet:-1, max-image-preview:large, max-video-preview:-1\" \/>\n<link rel=\"canonical\" href=\"https:\/\/www.ghostysky.com\/fr\/product\/gs-130x-lidar\/\" \/>\n<meta property=\"og:locale\" content=\"fr_FR\" \/>\n<meta property=\"og:type\" content=\"article\" \/>\n<meta property=\"og:title\" content=\"GS-130X Lidar (AGS302) - Ghostysky\" \/>\n<meta property=\"og:description\" content=\"The Geosun GS-130X is a compact and lightweight UAV-mountable LiDAR scanning system designed for collecting detailed 3D data from aerial perspectives. It integrates a high-performance Hesai XT-32 laser scanner with a GNSS and IMU positioning system, enabling real-time, high-precision mapping and surveying from drones.\" \/>\n<meta property=\"og:url\" content=\"https:\/\/www.ghostysky.com\/fr\/product\/gs-130x-lidar\/\" \/>\n<meta property=\"og:site_name\" content=\"Ghostysky\" \/>\n<meta property=\"article:publisher\" content=\"https:\/\/www.facebook.com\/people\/Ghostysky\/100057676170234\/\" \/>\n<meta property=\"article:modified_time\" content=\"2025-10-14T11:43:31+00:00\" \/>\n<meta property=\"og:image\" content=\"https:\/\/www.ghostysky.com\/wp-content\/uploads\/2024\/01\/Geosun_GS-130X_4-scaled.jpg\" \/>\n\t<meta property=\"og:image:width\" content=\"2902\" \/>\n\t<meta property=\"og:image:height\" content=\"2814\" \/>\n\t<meta property=\"og:image:type\" content=\"image\/jpeg\" \/>\n<meta name=\"twitter:card\" content=\"summary_large_image\" \/>\n<meta name=\"twitter:site\" content=\"@Gh0stysky\" \/>\n<meta name=\"twitter:label1\" content=\"Dur\u00e9e de lecture estim\u00e9e\" \/>\n\t<meta name=\"twitter:data1\" content=\"2 minutes\" \/>\n<script type=\"application\/ld+json\" class=\"yoast-schema-graph\">{\"@context\":\"https:\/\/schema.org\",\"@graph\":[{\"@type\":\"WebPage\",\"@id\":\"https:\/\/www.ghostysky.com\/product\/gs-130x-lidar\/\",\"url\":\"https:\/\/www.ghostysky.com\/product\/gs-130x-lidar\/\",\"name\":\"GS-130X Lidar (AGS302) - Ghostysky\",\"isPartOf\":{\"@id\":\"https:\/\/www.ghostysky.com\/#website\"},\"primaryImageOfPage\":{\"@id\":\"https:\/\/www.ghostysky.com\/product\/gs-130x-lidar\/#primaryimage\"},\"image\":{\"@id\":\"https:\/\/www.ghostysky.com\/product\/gs-130x-lidar\/#primaryimage\"},\"thumbnailUrl\":\"https:\/\/www.ghostysky.com\/wp-content\/uploads\/2024\/01\/Geosun_GS-130X_4-scaled.jpg\",\"datePublished\":\"2024-01-05T18:52:29+00:00\",\"dateModified\":\"2025-10-14T11:43:31+00:00\",\"description\":\"The Geosun GS-130X is a compact and lightweight UAV-mountable LiDAR scanning system designed for collecting detailed 3D data from aerial perspectives. It integrates a high-performance Hesai XT-32 laser scanner with a GNSS and IMU positioning system, enabling real-time, high-precision mapping and surveying from drones.\",\"breadcrumb\":{\"@id\":\"https:\/\/www.ghostysky.com\/product\/gs-130x-lidar\/#breadcrumb\"},\"inLanguage\":\"fr-FR\",\"potentialAction\":[{\"@type\":\"ReadAction\",\"target\":[\"https:\/\/www.ghostysky.com\/product\/gs-130x-lidar\/\"]}]},{\"@type\":\"ImageObject\",\"inLanguage\":\"fr-FR\",\"@id\":\"https:\/\/www.ghostysky.com\/product\/gs-130x-lidar\/#primaryimage\",\"url\":\"https:\/\/www.ghostysky.com\/wp-content\/uploads\/2024\/01\/Geosun_GS-130X_4-scaled.jpg\",\"contentUrl\":\"https:\/\/www.ghostysky.com\/wp-content\/uploads\/2024\/01\/Geosun_GS-130X_4-scaled.jpg\",\"width\":2902,\"height\":2814},{\"@type\":\"BreadcrumbList\",\"@id\":\"https:\/\/www.ghostysky.com\/product\/gs-130x-lidar\/#breadcrumb\",\"itemListElement\":[{\"@type\":\"ListItem\",\"position\":1,\"name\":\"Home\",\"item\":\"https:\/\/www.ghostysky.com\/\"},{\"@type\":\"ListItem\",\"position\":2,\"name\":\"Shop\",\"item\":\"https:\/\/www.ghostysky.com\/shop\/\"},{\"@type\":\"ListItem\",\"position\":3,\"name\":\"GS-130X Lidar (AGS302)\"}]},{\"@type\":\"WebSite\",\"@id\":\"https:\/\/www.ghostysky.com\/#website\",\"url\":\"https:\/\/www.ghostysky.com\/\",\"name\":\"Ghostysky\",\"description\":\"Delivering professional drones and services\",\"publisher\":{\"@id\":\"https:\/\/www.ghostysky.com\/#organization\"},\"potentialAction\":[{\"@type\":\"SearchAction\",\"target\":{\"@type\":\"EntryPoint\",\"urlTemplate\":\"https:\/\/www.ghostysky.com\/?s={search_term_string}\"},\"query-input\":{\"@type\":\"PropertyValueSpecification\",\"valueRequired\":true,\"valueName\":\"search_term_string\"}}],\"inLanguage\":\"fr-FR\"},{\"@type\":\"Organization\",\"@id\":\"https:\/\/www.ghostysky.com\/#organization\",\"name\":\"Ghostysky\",\"url\":\"https:\/\/www.ghostysky.com\/\",\"logo\":{\"@type\":\"ImageObject\",\"inLanguage\":\"fr-FR\",\"@id\":\"https:\/\/www.ghostysky.com\/#\/schema\/logo\/image\/\",\"url\":\"https:\/\/www.ghostysky.com\/wp-content\/uploads\/2020\/06\/cropped-ghostyskylogo_text_white2.png\",\"contentUrl\":\"https:\/\/www.ghostysky.com\/wp-content\/uploads\/2020\/06\/cropped-ghostyskylogo_text_white2.png\",\"width\":169,\"height\":56,\"caption\":\"Ghostysky\"},\"image\":{\"@id\":\"https:\/\/www.ghostysky.com\/#\/schema\/logo\/image\/\"},\"sameAs\":[\"https:\/\/www.facebook.com\/people\/Ghostysky\/100057676170234\/\",\"https:\/\/x.com\/Gh0stysky\",\"https:\/\/www.linkedin.com\/company\/34739653\",\"https:\/\/www.instagram.com\/gh0stysky\"]}]}<\/script>\n<!-- \/ Yoast SEO plugin. -->","yoast_head_json":{"title":"Lidar GS-130X (AGS302) - Ghostysky","description":"Le Geosun GS-130X est un syst\u00e8me de num\u00e9risation LiDAR compact et l\u00e9ger, montable sur drone, con\u00e7u pour collecter des donn\u00e9es 3D d\u00e9taill\u00e9es \u00e0 partir de perspectives a\u00e9riennes. Il int\u00e8gre un scanner laser Hesai XT-32 haute performance avec un syst\u00e8me de positionnement GNSS et IMU, permettant ainsi une cartographie et des relev\u00e9s topographiques de haute pr\u00e9cision en temps r\u00e9el depuis des drones.","robots":{"index":"index","follow":"follow","max-snippet":"max-snippet:-1","max-image-preview":"max-image-preview:large","max-video-preview":"max-video-preview:-1"},"canonical":"https:\/\/www.ghostysky.com\/fr\/product\/gs-130x-lidar\/","og_locale":"fr_FR","og_type":"article","og_title":"GS-130X Lidar (AGS302) - Ghostysky","og_description":"The Geosun GS-130X is a compact and lightweight UAV-mountable LiDAR scanning system designed for collecting detailed 3D data from aerial perspectives. It integrates a high-performance Hesai XT-32 laser scanner with a GNSS and IMU positioning system, enabling real-time, high-precision mapping and surveying from drones.","og_url":"https:\/\/www.ghostysky.com\/fr\/product\/gs-130x-lidar\/","og_site_name":"Ghostysky","article_publisher":"https:\/\/www.facebook.com\/people\/Ghostysky\/100057676170234\/","article_modified_time":"2025-10-14T11:43:31+00:00","og_image":[{"width":2902,"height":2814,"url":"https:\/\/www.ghostysky.com\/wp-content\/uploads\/2024\/01\/Geosun_GS-130X_4-scaled.jpg","type":"image\/jpeg"}],"twitter_card":"summary_large_image","twitter_site":"@Gh0stysky","twitter_misc":{"Dur\u00e9e de lecture estim\u00e9e":"2 minutes"},"schema":{"@context":"https:\/\/schema.org","@graph":[{"@type":"WebPage","@id":"https:\/\/www.ghostysky.com\/product\/gs-130x-lidar\/","url":"https:\/\/www.ghostysky.com\/product\/gs-130x-lidar\/","name":"Lidar GS-130X (AGS302) - Ghostysky","isPartOf":{"@id":"https:\/\/www.ghostysky.com\/#website"},"primaryImageOfPage":{"@id":"https:\/\/www.ghostysky.com\/product\/gs-130x-lidar\/#primaryimage"},"image":{"@id":"https:\/\/www.ghostysky.com\/product\/gs-130x-lidar\/#primaryimage"},"thumbnailUrl":"https:\/\/www.ghostysky.com\/wp-content\/uploads\/2024\/01\/Geosun_GS-130X_4-scaled.jpg","datePublished":"2024-01-05T18:52:29+00:00","dateModified":"2025-10-14T11:43:31+00:00","description":"Le Geosun GS-130X est un syst\u00e8me de num\u00e9risation LiDAR compact et l\u00e9ger, montable sur drone, con\u00e7u pour collecter des donn\u00e9es 3D d\u00e9taill\u00e9es \u00e0 partir de perspectives a\u00e9riennes. Il int\u00e8gre un scanner laser Hesai XT-32 haute performance avec un syst\u00e8me de positionnement GNSS et IMU, permettant ainsi une cartographie et des relev\u00e9s topographiques de haute pr\u00e9cision en temps r\u00e9el depuis des drones.","breadcrumb":{"@id":"https:\/\/www.ghostysky.com\/product\/gs-130x-lidar\/#breadcrumb"},"inLanguage":"fr-FR","potentialAction":[{"@type":"ReadAction","target":["https:\/\/www.ghostysky.com\/product\/gs-130x-lidar\/"]}]},{"@type":"ImageObject","inLanguage":"fr-FR","@id":"https:\/\/www.ghostysky.com\/product\/gs-130x-lidar\/#primaryimage","url":"https:\/\/www.ghostysky.com\/wp-content\/uploads\/2024\/01\/Geosun_GS-130X_4-scaled.jpg","contentUrl":"https:\/\/www.ghostysky.com\/wp-content\/uploads\/2024\/01\/Geosun_GS-130X_4-scaled.jpg","width":2902,"height":2814},{"@type":"BreadcrumbList","@id":"https:\/\/www.ghostysky.com\/product\/gs-130x-lidar\/#breadcrumb","itemListElement":[{"@type":"ListItem","position":1,"name":"Home","item":"https:\/\/www.ghostysky.com\/"},{"@type":"ListItem","position":2,"name":"Shop","item":"https:\/\/www.ghostysky.com\/shop\/"},{"@type":"ListItem","position":3,"name":"GS-130X Lidar (AGS302)"}]},{"@type":"WebSite","@id":"https:\/\/www.ghostysky.com\/#website","url":"https:\/\/www.ghostysky.com\/","name":"Ghostysky","description":"Livraison de drones et de services professionnels","publisher":{"@id":"https:\/\/www.ghostysky.com\/#organization"},"potentialAction":[{"@type":"SearchAction","target":{"@type":"EntryPoint","urlTemplate":"https:\/\/www.ghostysky.com\/?s={search_term_string}"},"query-input":{"@type":"PropertyValueSpecification","valueRequired":true,"valueName":"search_term_string"}}],"inLanguage":"fr-FR"},{"@type":"Organization","@id":"https:\/\/www.ghostysky.com\/#organization","name":"Ghostysky","url":"https:\/\/www.ghostysky.com\/","logo":{"@type":"ImageObject","inLanguage":"fr-FR","@id":"https:\/\/www.ghostysky.com\/#\/schema\/logo\/image\/","url":"https:\/\/www.ghostysky.com\/wp-content\/uploads\/2020\/06\/cropped-ghostyskylogo_text_white2.png","contentUrl":"https:\/\/www.ghostysky.com\/wp-content\/uploads\/2020\/06\/cropped-ghostyskylogo_text_white2.png","width":169,"height":56,"caption":"Ghostysky"},"image":{"@id":"https:\/\/www.ghostysky.com\/#\/schema\/logo\/image\/"},"sameAs":["https:\/\/www.facebook.com\/people\/Ghostysky\/100057676170234\/","https:\/\/x.com\/Gh0stysky","https:\/\/www.linkedin.com\/company\/34739653","https:\/\/www.instagram.com\/gh0stysky"]}]}},"_links":{"self":[{"href":"https:\/\/www.ghostysky.com\/fr\/wp-json\/wp\/v2\/product\/15585","targetHints":{"allow":["GET"]}}],"collection":[{"href":"https:\/\/www.ghostysky.com\/fr\/wp-json\/wp\/v2\/product"}],"about":[{"href":"https:\/\/www.ghostysky.com\/fr\/wp-json\/wp\/v2\/types\/product"}],"replies":[{"embeddable":true,"href":"https:\/\/www.ghostysky.com\/fr\/wp-json\/wp\/v2\/comments?post=15585"}],"wp:featuredmedia":[{"embeddable":true,"href":"https:\/\/www.ghostysky.com\/fr\/wp-json\/wp\/v2\/media\/15588"}],"wp:attachment":[{"href":"https:\/\/www.ghostysky.com\/fr\/wp-json\/wp\/v2\/media?parent=15585"}],"wp:term":[{"taxonomy":"product_brand","embeddable":true,"href":"https:\/\/www.ghostysky.com\/fr\/wp-json\/wp\/v2\/product_brand?post=15585"},{"taxonomy":"product_cat","embeddable":true,"href":"https:\/\/www.ghostysky.com\/fr\/wp-json\/wp\/v2\/product_cat?post=15585"},{"taxonomy":"product_tag","embeddable":true,"href":"https:\/\/www.ghostysky.com\/fr\/wp-json\/wp\/v2\/product_tag?post=15585"}],"curies":[{"name":"wp","href":"https:\/\/api.w.org\/{rel}","templated":true}]}}