{"id":15594,"date":"2024-01-05T19:23:53","date_gmt":"2024-01-05T19:23:53","guid":{"rendered":"https:\/\/www.ghostysky.com\/?post_type=product&#038;p=15594"},"modified":"2025-10-14T11:44:17","modified_gmt":"2025-10-14T11:44:17","slug":"gs-260x-lidar","status":"publish","type":"product","link":"https:\/\/www.ghostysky.com\/fr\/product\/gs-260x-lidar\/","title":{"rendered":"Lidar GS-260X"},"content":{"rendered":"<h3><strong>Syst\u00e8me de num\u00e9risation LiDAR pour drone Geosun gAirHawk GS-260X <\/strong><\/h3>\n<p>Le gAirHawk GS-260X est un syst\u00e8me d&#039;acquisition de donn\u00e9es LiDAR de nuage de points compact et de milieu de gamme, int\u00e9grant un scanner laser HESAI XTM2X, un syst\u00e8me de positionnement et de d\u00e9termination d&#039;attitude GNSS et IMU, ainsi qu&#039;une unit\u00e9 de contr\u00f4le de stockage. Il est capable de collecter en temps r\u00e9el, de mani\u00e8re dynamique et massive des donn\u00e9es de nuage de points de haute pr\u00e9cision et des images riches. Il est largement utilis\u00e9 pour l&#039;acquisition d&#039;informations spatiales 3D dans les domaines de la topographie, de l&#039;\u00e9lectricit\u00e9, de la foresterie, de l&#039;agriculture et de l&#039;am\u00e9nagement du territoire.<\/p>\n<h3 dir=\"auto\"><b>Sp\u00e9cification<\/b><\/h3>\n<table border=\"1\" cellspacing=\"0\" cellpadding=\"0\">\n<tbody>\n<tr>\n<td colspan=\"3\">\n<table border=\"1\" cellspacing=\"0\" cellpadding=\"0\">\n<tbody>\n<tr>\n<td colspan=\"3\">Syst\u00e8me de balayage LiDAR pour drone gAirHawk GS-260X<\/td>\n<\/tr>\n<tr>\n<td><\/td>\n<td>Nom de l&#039;article<\/td>\n<td>Param\u00e8tres du syst\u00e8me<\/td>\n<\/tr>\n<tr>\n<td rowspan=\"7\">Syst\u00e8me de balayage LiDAR pour drone<br \/>\nGS-260X<\/td>\n<td>Poids<\/td>\n<td>1,15 kg<\/td>\n<\/tr>\n<tr>\n<td>Pr\u00e9cision de mesure<\/td>\n<td>Moins de 0,1 m\/0,05 m (\u00e0 150 m)<\/td>\n<\/tr>\n<tr>\n<td>Temp\u00e9rature de fonctionnement<\/td>\n<td>-20\u2103~+65\u2103<\/td>\n<\/tr>\n<tr>\n<td>Plage de puissance<\/td>\n<td>12V-24V<\/td>\n<\/tr>\n<tr>\n<td>Consommation<\/td>\n<td>10 W<\/td>\n<\/tr>\n<tr>\n<td>Plateforme de transport<\/td>\n<td>GS-800, DJI M300, M600 PRO et autres marques<\/td>\n<\/tr>\n<tr>\n<td>Stockage<\/td>\n<td>Stockage de 64 Go, prise en charge maximale d&#039;une carte TF de 128 Go<\/td>\n<\/tr>\n<tr>\n<td rowspan=\"8\">Unit\u00e9 Lidar<\/td>\n<td>Plage de mesure<\/td>\n<td>R\u00e9flectivit\u00e9 80 m \u00e0 10% (max. 300 m)<\/td>\n<\/tr>\n<tr>\n<td>Cours de laser<\/td>\n<td>905 nm Classe 1 (CEI 60825-1:2014)<\/td>\n<\/tr>\n<tr>\n<td>Canal<\/td>\n<td>32 canaux<\/td>\n<\/tr>\n<tr>\n<td>Pr\u00e9cision de la port\u00e9e<\/td>\n<td>\u00b11 cm (valeur typique)<\/td>\n<\/tr>\n<tr>\n<td>Fr\u00e9quence de balayage<\/td>\n<td>10 Hz, 20 Hz<\/td>\n<\/tr>\n<tr>\n<td>donn\u00e9es<\/td>\n<td>Trible-\u00e9cho 1 920 000 points\/s<\/td>\n<\/tr>\n<tr>\n<td>Champ de vision<\/td>\n<td>360\u00b0, r\u00e9glable<\/td>\n<\/tr>\n<tr>\n<td>Capteur laser<\/td>\n<td>HESAI XTM2X<\/td>\n<\/tr>\n<tr>\n<td rowspan=\"6\">Unit\u00e9 de point de vente<\/td>\n<td>Fr\u00e9quence de mise \u00e0 jour<\/td>\n<td>200 Hz<\/td>\n<\/tr>\n<tr>\n<td>Pr\u00e9cision du cap<\/td>\n<td>0,017\u00b0<\/td>\n<\/tr>\n<tr>\n<td>Pr\u00e9cision de la hauteur<\/td>\n<td>0,005\u00b0<\/td>\n<\/tr>\n<tr>\n<td>Pr\u00e9cision de roulement<\/td>\n<td>0,005\u00b0<\/td>\n<\/tr>\n<tr>\n<td>Pr\u00e9cision de la position<\/td>\n<td>\u2264 0,05 m<\/td>\n<\/tr>\n<tr>\n<td>Type de signal GNSS<\/td>\n<td>GPSL1\/L2\/L5 GLONASSL1\/L2 BDS B1\/B2\/B3 GAL E1\/E5a\/5b<\/td>\n<\/tr>\n<tr>\n<td rowspan=\"2\">Logiciel de pr\u00e9traitement<\/td>\n<td>Logiciel de point de vente<\/td>\n<td>Informations de sortie : position, vitesse, attitude<\/td>\n<\/tr>\n<tr>\n<td>Logiciel de nuage de points<\/td>\n<td>Format des donn\u00e9es de nuage de points de sortie\u00a0: format LAS, format TXT personnalis\u00e9<\/td>\n<\/tr>\n<tr>\n<td rowspan=\"3\">Cam\u00e9ra (int\u00e9gr\u00e9e)<\/td>\n<td>Champ de vision<\/td>\n<td>83 degr\u00e9s<\/td>\n<\/tr>\n<tr>\n<td>Pixel effectif<\/td>\n<td>26 m\u00e9gapixels<\/td>\n<\/tr>\n<tr>\n<td>Distance focale (mm)<\/td>\n<td>16<\/td>\n<\/tr>\n<\/tbody>\n<\/table>\n<\/td>\n<\/tr>\n<\/tbody>\n<\/table>\n<h3>Emballer<\/h3>\n<p><a href=\"https:\/\/www.ghostysky.com\/wp-content\/uploads\/2024\/01\/Geosun_GS-260X_Package_1.jpg\"><img fetchpriority=\"high\" decoding=\"async\" class=\"alignnone wp-image-15596 size-full lazyload\" src=\"data:image\/gif;base64,R0lGODlhAQABAAAAACH5BAEKAAEALAAAAAABAAEAAAICTAEAOw==\" alt=\"\" width=\"680\" height=\"510\" data-src=\"data:image\/gif;base64,R0lGODlhAQABAAAAACH5BAEKAAEALAAAAAABAAEAAAICTAEAOw==\"><\/a> <a href=\"https:\/\/www.ghostysky.com\/wp-content\/uploads\/2024\/01\/Geosun_GS-260X_Package_2.jpg\"><img decoding=\"async\" class=\"alignnone size-full wp-image-15595 lazyload\" src=\"data:image\/gif;base64,R0lGODlhAQABAAAAACH5BAEKAAEALAAAAAABAAEAAAICTAEAOw==\" alt=\"\" width=\"680\" height=\"510\" data-src=\"data:image\/gif;base64,R0lGODlhAQABAAAAACH5BAEKAAEALAAAAAABAAEAAAICTAEAOw==\"><\/a><\/p>","protected":false},"excerpt":{"rendered":"<p>Le <strong>Geosun GS-260X<\/strong> Il s&#039;agit d&#039;un syst\u00e8me d&#039;acquisition de donn\u00e9es LiDAR haut de gamme par nuages de points, sp\u00e9cialement con\u00e7u pour les drones. Il int\u00e8gre un scanner laser HESAI Pandar XT M2X hautes performances, un syst\u00e8me de positionnement GNSS et IMU, ainsi qu&#039;une unit\u00e9 de contr\u00f4le de stockage, permettant l&#039;acquisition et le traitement de donn\u00e9es 3D haute pr\u00e9cision en temps r\u00e9el.<\/p>\n<p><strong>Caract\u00e9ristiques principales<\/strong><\/p>\n<ul>\n<li>Conception l\u00e9g\u00e8re et compacte<\/li>\n<li>3 retours<\/li>\n<li>Port\u00e9e de d\u00e9tection maximale de 300 m<\/li>\n<li>Des solutions mobiles et a\u00e9riennes sont disponibles<\/li>\n<\/ul>\n<p><strong>Compris<\/strong><\/p>\n<ul>\n<li>Capteur laser : Hesai XT-M2X<\/li>\n<li>Syst\u00e8me de point de vente : Geosun AGS 303 (GNSS + IMU)<\/li>\n<li>Appareil photo : Appareil photo RVB 26 M Pixels<\/li>\n<li>Logiciel\u00a0: logiciel de post-traitement gAirHawk (Pepertual<br \/>\nlicence)<\/li>\n<\/ul>\n<p><strong>Compatibilit\u00e9:<\/strong> DJI Matrice 300\/350 RTK et Yuneec H850RTK<\/p>","protected":false},"featured_media":15597,"comment_status":"open","ping_status":"closed","template":"","meta":[],"product_brand":[],"product_cat":[650,705],"product_tag":[651,660,401],"class_list":{"0":"post-15594","1":"product","2":"type-product","3":"status-publish","4":"has-post-thumbnail","6":"product_cat-geosun","7":"product_cat-sensors","8":"product_tag-geosun","9":"product_tag-gs-260x","10":"product_tag-lidar","12":"first","13":"onbackorder","14":"taxable","15":"shipping-taxable","16":"purchasable","17":"product-type-simple"},"yoast_head":"<!-- This site is optimized with the Yoast SEO plugin v27.1.1 - https:\/\/yoast.com\/product\/yoast-seo-wordpress\/ -->\n<title>GS-260X Lidar - Ghostysky<\/title>\n<meta name=\"description\" content=\"The Geosun GS-260X is a high-end LiDAR point cloud data acquisition system that is specifically designed for unmanned aerial vehicles (UAVs). It integrates a high-performance HESAI Pandar XT M2X laser scanner, a GNSS and IMU positioning system, and a storage control unit, enabling real-time, high-precision 3D data acquisition and processing.\" \/>\n<meta name=\"robots\" content=\"index, follow, max-snippet:-1, max-image-preview:large, max-video-preview:-1\" \/>\n<link rel=\"canonical\" href=\"https:\/\/www.ghostysky.com\/fr\/product\/gs-260x-lidar\/\" \/>\n<meta property=\"og:locale\" content=\"fr_FR\" \/>\n<meta property=\"og:type\" content=\"article\" \/>\n<meta property=\"og:title\" content=\"GS-260X Lidar - Ghostysky\" \/>\n<meta property=\"og:description\" content=\"The Geosun GS-260X is a high-end LiDAR point cloud data acquisition system that is specifically designed for unmanned aerial vehicles (UAVs). It integrates a high-performance HESAI Pandar XT M2X laser scanner, a GNSS and IMU positioning system, and a storage control unit, enabling real-time, high-precision 3D data acquisition and processing.\" \/>\n<meta property=\"og:url\" content=\"https:\/\/www.ghostysky.com\/fr\/product\/gs-260x-lidar\/\" \/>\n<meta property=\"og:site_name\" content=\"Ghostysky\" \/>\n<meta property=\"article:publisher\" content=\"https:\/\/www.facebook.com\/people\/Ghostysky\/100057676170234\/\" \/>\n<meta property=\"article:modified_time\" content=\"2025-10-14T11:44:17+00:00\" \/>\n<meta property=\"og:image\" content=\"https:\/\/www.ghostysky.com\/wp-content\/uploads\/2024\/01\/Geosun_GS-260X_4-scaled.jpg\" \/>\n\t<meta property=\"og:image:width\" content=\"5184\" \/>\n\t<meta property=\"og:image:height\" content=\"3456\" \/>\n\t<meta property=\"og:image:type\" content=\"image\/jpeg\" \/>\n<meta name=\"twitter:card\" content=\"summary_large_image\" \/>\n<meta name=\"twitter:site\" content=\"@Gh0stysky\" \/>\n<meta name=\"twitter:label1\" content=\"Dur\u00e9e de lecture estim\u00e9e\" \/>\n\t<meta name=\"twitter:data1\" content=\"2 minutes\" \/>\n<script type=\"application\/ld+json\" class=\"yoast-schema-graph\">{\"@context\":\"https:\/\/schema.org\",\"@graph\":[{\"@type\":\"WebPage\",\"@id\":\"https:\/\/www.ghostysky.com\/product\/gs-260x-lidar\/\",\"url\":\"https:\/\/www.ghostysky.com\/product\/gs-260x-lidar\/\",\"name\":\"GS-260X Lidar - Ghostysky\",\"isPartOf\":{\"@id\":\"https:\/\/www.ghostysky.com\/#website\"},\"primaryImageOfPage\":{\"@id\":\"https:\/\/www.ghostysky.com\/product\/gs-260x-lidar\/#primaryimage\"},\"image\":{\"@id\":\"https:\/\/www.ghostysky.com\/product\/gs-260x-lidar\/#primaryimage\"},\"thumbnailUrl\":\"https:\/\/www.ghostysky.com\/wp-content\/uploads\/2024\/01\/Geosun_GS-260X_4-scaled.jpg\",\"datePublished\":\"2024-01-05T19:23:53+00:00\",\"dateModified\":\"2025-10-14T11:44:17+00:00\",\"description\":\"The Geosun GS-260X is a high-end LiDAR point cloud data acquisition system that is specifically designed for unmanned aerial vehicles (UAVs). It integrates a high-performance HESAI Pandar XT M2X laser scanner, a GNSS and IMU positioning system, and a storage control unit, enabling real-time, high-precision 3D data acquisition and processing.\",\"breadcrumb\":{\"@id\":\"https:\/\/www.ghostysky.com\/product\/gs-260x-lidar\/#breadcrumb\"},\"inLanguage\":\"fr-FR\",\"potentialAction\":[{\"@type\":\"ReadAction\",\"target\":[\"https:\/\/www.ghostysky.com\/product\/gs-260x-lidar\/\"]}]},{\"@type\":\"ImageObject\",\"inLanguage\":\"fr-FR\",\"@id\":\"https:\/\/www.ghostysky.com\/product\/gs-260x-lidar\/#primaryimage\",\"url\":\"https:\/\/www.ghostysky.com\/wp-content\/uploads\/2024\/01\/Geosun_GS-260X_4-scaled.jpg\",\"contentUrl\":\"https:\/\/www.ghostysky.com\/wp-content\/uploads\/2024\/01\/Geosun_GS-260X_4-scaled.jpg\",\"width\":5184,\"height\":3456},{\"@type\":\"BreadcrumbList\",\"@id\":\"https:\/\/www.ghostysky.com\/product\/gs-260x-lidar\/#breadcrumb\",\"itemListElement\":[{\"@type\":\"ListItem\",\"position\":1,\"name\":\"Home\",\"item\":\"https:\/\/www.ghostysky.com\/\"},{\"@type\":\"ListItem\",\"position\":2,\"name\":\"Shop\",\"item\":\"https:\/\/www.ghostysky.com\/shop\/\"},{\"@type\":\"ListItem\",\"position\":3,\"name\":\"GS-260X Lidar\"}]},{\"@type\":\"WebSite\",\"@id\":\"https:\/\/www.ghostysky.com\/#website\",\"url\":\"https:\/\/www.ghostysky.com\/\",\"name\":\"Ghostysky\",\"description\":\"Delivering professional drones and services\",\"publisher\":{\"@id\":\"https:\/\/www.ghostysky.com\/#organization\"},\"potentialAction\":[{\"@type\":\"SearchAction\",\"target\":{\"@type\":\"EntryPoint\",\"urlTemplate\":\"https:\/\/www.ghostysky.com\/?s={search_term_string}\"},\"query-input\":{\"@type\":\"PropertyValueSpecification\",\"valueRequired\":true,\"valueName\":\"search_term_string\"}}],\"inLanguage\":\"fr-FR\"},{\"@type\":\"Organization\",\"@id\":\"https:\/\/www.ghostysky.com\/#organization\",\"name\":\"Ghostysky\",\"url\":\"https:\/\/www.ghostysky.com\/\",\"logo\":{\"@type\":\"ImageObject\",\"inLanguage\":\"fr-FR\",\"@id\":\"https:\/\/www.ghostysky.com\/#\/schema\/logo\/image\/\",\"url\":\"https:\/\/www.ghostysky.com\/wp-content\/uploads\/2020\/06\/cropped-ghostyskylogo_text_white2.png\",\"contentUrl\":\"https:\/\/www.ghostysky.com\/wp-content\/uploads\/2020\/06\/cropped-ghostyskylogo_text_white2.png\",\"width\":169,\"height\":56,\"caption\":\"Ghostysky\"},\"image\":{\"@id\":\"https:\/\/www.ghostysky.com\/#\/schema\/logo\/image\/\"},\"sameAs\":[\"https:\/\/www.facebook.com\/people\/Ghostysky\/100057676170234\/\",\"https:\/\/x.com\/Gh0stysky\",\"https:\/\/www.linkedin.com\/company\/34739653\",\"https:\/\/www.instagram.com\/gh0stysky\"]}]}<\/script>\n<!-- \/ Yoast SEO plugin. -->","yoast_head_json":{"title":"Lidar GS-260X - Ghostysky","description":"Le Geosun GS-260X est un syst\u00e8me d&#039;acquisition de donn\u00e9es LiDAR haut de gamme, sp\u00e9cialement con\u00e7u pour les drones. Il int\u00e8gre un scanner laser HESAI Pandar XT M2X hautes performances, un syst\u00e8me de positionnement GNSS et IMU, ainsi qu&#039;une unit\u00e9 de contr\u00f4le de stockage, permettant l&#039;acquisition et le traitement de donn\u00e9es 3D haute pr\u00e9cision en temps r\u00e9el.","robots":{"index":"index","follow":"follow","max-snippet":"max-snippet:-1","max-image-preview":"max-image-preview:large","max-video-preview":"max-video-preview:-1"},"canonical":"https:\/\/www.ghostysky.com\/fr\/product\/gs-260x-lidar\/","og_locale":"fr_FR","og_type":"article","og_title":"GS-260X Lidar - Ghostysky","og_description":"The Geosun GS-260X is a high-end LiDAR point cloud data acquisition system that is specifically designed for unmanned aerial vehicles (UAVs). It integrates a high-performance HESAI Pandar XT M2X laser scanner, a GNSS and IMU positioning system, and a storage control unit, enabling real-time, high-precision 3D data acquisition and processing.","og_url":"https:\/\/www.ghostysky.com\/fr\/product\/gs-260x-lidar\/","og_site_name":"Ghostysky","article_publisher":"https:\/\/www.facebook.com\/people\/Ghostysky\/100057676170234\/","article_modified_time":"2025-10-14T11:44:17+00:00","og_image":[{"width":5184,"height":3456,"url":"https:\/\/www.ghostysky.com\/wp-content\/uploads\/2024\/01\/Geosun_GS-260X_4-scaled.jpg","type":"image\/jpeg"}],"twitter_card":"summary_large_image","twitter_site":"@Gh0stysky","twitter_misc":{"Dur\u00e9e de lecture estim\u00e9e":"2 minutes"},"schema":{"@context":"https:\/\/schema.org","@graph":[{"@type":"WebPage","@id":"https:\/\/www.ghostysky.com\/product\/gs-260x-lidar\/","url":"https:\/\/www.ghostysky.com\/product\/gs-260x-lidar\/","name":"Lidar GS-260X - Ghostysky","isPartOf":{"@id":"https:\/\/www.ghostysky.com\/#website"},"primaryImageOfPage":{"@id":"https:\/\/www.ghostysky.com\/product\/gs-260x-lidar\/#primaryimage"},"image":{"@id":"https:\/\/www.ghostysky.com\/product\/gs-260x-lidar\/#primaryimage"},"thumbnailUrl":"https:\/\/www.ghostysky.com\/wp-content\/uploads\/2024\/01\/Geosun_GS-260X_4-scaled.jpg","datePublished":"2024-01-05T19:23:53+00:00","dateModified":"2025-10-14T11:44:17+00:00","description":"Le Geosun GS-260X est un syst\u00e8me d&#039;acquisition de donn\u00e9es LiDAR haut de gamme, sp\u00e9cialement con\u00e7u pour les drones. Il int\u00e8gre un scanner laser HESAI Pandar XT M2X hautes performances, un syst\u00e8me de positionnement GNSS et IMU, ainsi qu&#039;une unit\u00e9 de contr\u00f4le de stockage, permettant l&#039;acquisition et le traitement de donn\u00e9es 3D haute pr\u00e9cision en temps r\u00e9el.","breadcrumb":{"@id":"https:\/\/www.ghostysky.com\/product\/gs-260x-lidar\/#breadcrumb"},"inLanguage":"fr-FR","potentialAction":[{"@type":"ReadAction","target":["https:\/\/www.ghostysky.com\/product\/gs-260x-lidar\/"]}]},{"@type":"ImageObject","inLanguage":"fr-FR","@id":"https:\/\/www.ghostysky.com\/product\/gs-260x-lidar\/#primaryimage","url":"https:\/\/www.ghostysky.com\/wp-content\/uploads\/2024\/01\/Geosun_GS-260X_4-scaled.jpg","contentUrl":"https:\/\/www.ghostysky.com\/wp-content\/uploads\/2024\/01\/Geosun_GS-260X_4-scaled.jpg","width":5184,"height":3456},{"@type":"BreadcrumbList","@id":"https:\/\/www.ghostysky.com\/product\/gs-260x-lidar\/#breadcrumb","itemListElement":[{"@type":"ListItem","position":1,"name":"Home","item":"https:\/\/www.ghostysky.com\/"},{"@type":"ListItem","position":2,"name":"Shop","item":"https:\/\/www.ghostysky.com\/shop\/"},{"@type":"ListItem","position":3,"name":"GS-260X Lidar"}]},{"@type":"WebSite","@id":"https:\/\/www.ghostysky.com\/#website","url":"https:\/\/www.ghostysky.com\/","name":"Ghostysky","description":"Livraison de drones et de services professionnels","publisher":{"@id":"https:\/\/www.ghostysky.com\/#organization"},"potentialAction":[{"@type":"SearchAction","target":{"@type":"EntryPoint","urlTemplate":"https:\/\/www.ghostysky.com\/?s={search_term_string}"},"query-input":{"@type":"PropertyValueSpecification","valueRequired":true,"valueName":"search_term_string"}}],"inLanguage":"fr-FR"},{"@type":"Organization","@id":"https:\/\/www.ghostysky.com\/#organization","name":"Ghostysky","url":"https:\/\/www.ghostysky.com\/","logo":{"@type":"ImageObject","inLanguage":"fr-FR","@id":"https:\/\/www.ghostysky.com\/#\/schema\/logo\/image\/","url":"https:\/\/www.ghostysky.com\/wp-content\/uploads\/2020\/06\/cropped-ghostyskylogo_text_white2.png","contentUrl":"https:\/\/www.ghostysky.com\/wp-content\/uploads\/2020\/06\/cropped-ghostyskylogo_text_white2.png","width":169,"height":56,"caption":"Ghostysky"},"image":{"@id":"https:\/\/www.ghostysky.com\/#\/schema\/logo\/image\/"},"sameAs":["https:\/\/www.facebook.com\/people\/Ghostysky\/100057676170234\/","https:\/\/x.com\/Gh0stysky","https:\/\/www.linkedin.com\/company\/34739653","https:\/\/www.instagram.com\/gh0stysky"]}]}},"_links":{"self":[{"href":"https:\/\/www.ghostysky.com\/fr\/wp-json\/wp\/v2\/product\/15594","targetHints":{"allow":["GET"]}}],"collection":[{"href":"https:\/\/www.ghostysky.com\/fr\/wp-json\/wp\/v2\/product"}],"about":[{"href":"https:\/\/www.ghostysky.com\/fr\/wp-json\/wp\/v2\/types\/product"}],"replies":[{"embeddable":true,"href":"https:\/\/www.ghostysky.com\/fr\/wp-json\/wp\/v2\/comments?post=15594"}],"wp:featuredmedia":[{"embeddable":true,"href":"https:\/\/www.ghostysky.com\/fr\/wp-json\/wp\/v2\/media\/15597"}],"wp:attachment":[{"href":"https:\/\/www.ghostysky.com\/fr\/wp-json\/wp\/v2\/media?parent=15594"}],"wp:term":[{"taxonomy":"product_brand","embeddable":true,"href":"https:\/\/www.ghostysky.com\/fr\/wp-json\/wp\/v2\/product_brand?post=15594"},{"taxonomy":"product_cat","embeddable":true,"href":"https:\/\/www.ghostysky.com\/fr\/wp-json\/wp\/v2\/product_cat?post=15594"},{"taxonomy":"product_tag","embeddable":true,"href":"https:\/\/www.ghostysky.com\/fr\/wp-json\/wp\/v2\/product_tag?post=15594"}],"curies":[{"name":"wp","href":"https:\/\/api.w.org\/{rel}","templated":true}]}}