{"id":15621,"date":"2024-01-05T20:13:49","date_gmt":"2024-01-05T20:13:49","guid":{"rendered":"https:\/\/www.ghostysky.com\/?post_type=product&#038;p=15621"},"modified":"2025-10-14T11:51:06","modified_gmt":"2025-10-14T11:51:06","slug":"gs-1500n-lidar","status":"publish","type":"product","link":"https:\/\/www.ghostysky.com\/fr\/product\/gs-1500n-lidar\/","title":{"rendered":"Lidar GS-1500N (AGS 303)"},"content":{"rendered":"<h3><strong>Syst\u00e8me de num\u00e9risation LiDAR Geosun gAirHawk s\u00e9rie GS-1500N<\/strong><\/h3>\n<p>Le gAirHawk GS-1500N est un syst\u00e8me d&#039;acquisition de donn\u00e9es LiDAR longue port\u00e9e compact, int\u00e9grant un scanner laser longue port\u00e9e FT-800, un syst\u00e8me de positionnement et de d\u00e9termination d&#039;attitude GNSS et IMU, ainsi qu&#039;une unit\u00e9 de contr\u00f4le de stockage. Il est capable de collecter en temps r\u00e9el, de mani\u00e8re dynamique et massive des donn\u00e9es de nuages de points de haute pr\u00e9cision et des images riches. Il est largement utilis\u00e9 pour l&#039;acquisition d&#039;informations spatiales 3D dans les domaines de la topographie, de l&#039;\u00e9lectricit\u00e9, de la foresterie, de l&#039;agriculture et de l&#039;am\u00e9nagement du territoire.<\/p>\n<h3><strong>Sp\u00e9cification\u00a0<\/strong><\/h3>\n<table border=\"1\" cellspacing=\"0\" cellpadding=\"0\">\n<tbody>\n<tr>\n<td colspan=\"3\">Syst\u00e8me de num\u00e9risation LiDAR gAirHawk GS-1500N<\/td>\n<\/tr>\n<tr>\n<td><\/td>\n<td>Nom de l&#039;article<\/td>\n<td>Param\u00e8tres du syst\u00e8me<\/td>\n<\/tr>\n<tr>\n<td rowspan=\"6\">Param\u00e8tres du GS-1500NP<\/td>\n<td>Poids<\/td>\n<td>2,2 kg<\/td>\n<\/tr>\n<tr>\n<td>Temp\u00e9rature de fonctionnement<\/td>\n<td>-20\u2103~+60\u2103<\/td>\n<\/tr>\n<tr>\n<td>Plage de puissance<\/td>\n<td>12 V - 24 V<\/td>\n<\/tr>\n<tr>\n<td>Consommation<\/td>\n<td>65 W<\/td>\n<\/tr>\n<tr>\n<td>Plateforme de transport<\/td>\n<td>Drone multirotor 6 Aixs, VTOL<\/td>\n<\/tr>\n<tr>\n<td>Stockage<\/td>\n<td>Stockage de 64 Go, prise en charge maximale d&#039;une carte TF de 128 Go<\/td>\n<\/tr>\n<tr>\n<td rowspan=\"9\">Unit\u00e9 laser<\/p>\n<p>&nbsp;<\/td>\n<td>Plage de mesure<\/td>\n<td>1500 m \u00e0 80%<\/td>\n<\/tr>\n<tr>\n<td>Cours de laser<\/td>\n<td>1535 nm Classe 1 (CEI 60825-1:2014)<\/td>\n<\/tr>\n<tr>\n<td>Num\u00e9ro de ligne laser<\/td>\n<td>FT-800 \u00e0 faisceau unique<\/td>\n<\/tr>\n<tr>\n<td>Pr\u00e9cision de mesure<\/td>\n<td><span style=\"font-family: arial, helvetica, sans-serif;\">5 mm \u00e0 100 m<\/span><\/td>\n<\/tr>\n<tr>\n<td>Port\u00e9e maximale<\/td>\n<td>1500 m<\/td>\n<\/tr>\n<tr>\n<td>Retour<\/td>\n<td>5 \u00e9chos<\/td>\n<\/tr>\n<tr>\n<td>Fr\u00e9quence de balayage<\/td>\n<td>50 Hz-2000 Hz<\/td>\n<\/tr>\n<tr>\n<td>Divergence du faisceau<\/td>\n<td>0,3 mrad<\/td>\n<\/tr>\n<tr>\n<td>Champ de vision<\/td>\n<td>100\u00b0, r\u00e9glable<\/td>\n<\/tr>\n<tr>\n<td rowspan=\"7\">Unit\u00e9 de point de vente<\/td>\n<td>Fr\u00e9quence de mise \u00e0 jour<\/td>\n<td>200 Hz<\/td>\n<\/tr>\n<tr>\n<td>Pr\u00e9cision du cap<\/td>\n<td>0,010\u00b0<\/td>\n<\/tr>\n<tr>\n<td>Pr\u00e9cision de la hauteur<\/td>\n<td>0,003\u00b0<\/td>\n<\/tr>\n<tr>\n<td>Pr\u00e9cision de roulement<\/td>\n<td>0,003\u00b0<\/td>\n<\/tr>\n<tr>\n<td>Pr\u00e9cision de la position<\/td>\n<td>Horizontal : 0,01 m, Vertical : 0,02 m<\/td>\n<\/tr>\n<tr>\n<td>Type de signal GNSS<\/td>\n<td>GPSL1\/L2\/L5 GLONASSL1\/L2 BDS B1\/B2\/B3 GAL E1\/E5a\/5b<\/td>\n<\/tr>\n<tr>\n<td>Unit\u00e9 de mesure inertielle (IMU)<\/td>\n<td><span style=\"font-family: arial, helvetica, sans-serif;\">gSpin 410<\/span><\/td>\n<\/tr>\n<tr>\n<td rowspan=\"2\">Logiciel de pr\u00e9traitement<\/td>\n<td>Logiciel de point de vente<\/td>\n<td>Informations de sortie : position, vitesse, attitude<\/td>\n<\/tr>\n<tr>\n<td>Logiciel de nuage de points<\/td>\n<td>Format des donn\u00e9es de nuage de points de sortie\u00a0: format LAS, format TXT personnalis\u00e9<\/td>\n<\/tr>\n<tr>\n<td rowspan=\"3\">Appareil photo (int\u00e9gr\u00e9)<\/td>\n<td>Champ de vision<\/td>\n<td>48*33 degr\u00e9s<\/td>\n<\/tr>\n<tr>\n<td>Pixel effectif<\/td>\n<td>45 MP (appareil photo plein format)<\/td>\n<\/tr>\n<tr>\n<td>distance focale (mm)<\/td>\n<td>16<\/td>\n<\/tr>\n<\/tbody>\n<\/table>\n<h3><b>Pack de syst\u00e8me de balayage LiDAR gAirHawk GS-1500N<\/b><\/h3>\n<p>Le syst\u00e8me de num\u00e9risation LiDAR gAirHawk GS-1500N est emball\u00e9 dans une valise avec une doublure en mat\u00e9riau EVA \u00e0 l&#039;int\u00e9rieur, puis recouvert d&#039;une bo\u00eete en carton rigide.<\/p>\n<p>L&#039;emballage du syst\u00e8me de num\u00e9risation LiDAR pour drone convient au transport a\u00e9rien et maritime.<\/p>\n<p><a href=\"https:\/\/www.ghostysky.com\/wp-content\/uploads\/2024\/01\/Geosun_GS-1500N_Package_1.jpg\"><img fetchpriority=\"high\" decoding=\"async\" class=\"alignnone size-full wp-image-15624 lazyload\" src=\"data:image\/gif;base64,R0lGODlhAQABAAAAACH5BAEKAAEALAAAAAABAAEAAAICTAEAOw==\" alt=\"\" width=\"680\" height=\"510\" data-src=\"data:image\/gif;base64,R0lGODlhAQABAAAAACH5BAEKAAEALAAAAAABAAEAAAICTAEAOw==\"><\/a><\/p>","protected":false},"excerpt":{"rendered":"<p>Le <strong>Geosun GS-1500N<\/strong> est un syst\u00e8me d&#039;acquisition de donn\u00e9es de nuages de points LiDAR longue port\u00e9e et haute pr\u00e9cision, sp\u00e9cialement con\u00e7u pour les applications de drones. Il int\u00e8gre un syst\u00e8me haute performance. <strong>Scanner laser FT-800<\/strong>, un syst\u00e8me de positionnement GNSS et IMU, ainsi qu&#039;une unit\u00e9 de contr\u00f4le de stockage, permettant une cartographie et une topographie de haute pr\u00e9cision en temps r\u00e9el \u00e0 partir de drones.<\/p>\n<p><strong>Caract\u00e9ristiques principales<\/strong><\/p>\n<ul>\n<li>Port\u00e9e de d\u00e9tection maximale de 800 m<\/li>\n<li>Jusqu&#039;\u00e0 500 kHz PRR<\/li>\n<li>210 lignes max<\/li>\n<li>Pour les drones et les a\u00e9ronefs habit\u00e9s<\/li>\n<\/ul>\n<p><strong>Compris<\/strong><\/p>\n<ul>\n<li>Capteur laser\u00a0: LuoJiaYY FT800H<\/li>\n<li>Syst\u00e8me de point de vente : Geosun AGS 303 (GNSS + IMU)<\/li>\n<li>Appareil photo : Appareil photo RVB 26 M Pixels<\/li>\n<li>Logiciel\u00a0: logiciel de post-traitement gAirHawk (licence perp\u00e9tuelle)<\/li>\n<\/ul>\n<p><strong>Compatibilit\u00e9:<\/strong> DJI Matrice 300\/350 RTK et Yuneec H850RTK<\/p>","protected":false},"featured_media":15622,"comment_status":"open","ping_status":"closed","template":"","meta":[],"product_brand":[],"product_cat":[650,705],"product_tag":[651,665,401],"class_list":{"0":"post-15621","1":"product","2":"type-product","3":"status-publish","4":"has-post-thumbnail","6":"product_cat-geosun","7":"product_cat-sensors","8":"product_tag-geosun","9":"product_tag-gs-1500n","10":"product_tag-lidar","12":"first","13":"onbackorder","14":"taxable","15":"shipping-taxable","16":"purchasable","17":"product-type-simple"},"yoast_head":"<!-- This site is optimized with the Yoast SEO plugin v27.4 - https:\/\/yoast.com\/product\/yoast-seo-wordpress\/ -->\n<title>GS-1500N Lidar (AGS 303) - Ghostysky<\/title>\n<meta name=\"description\" content=\"The Geosun GS-1500N is a long-range, high-precision LiDAR point cloud data acquisition system specifically designed for UAV applications. It integrates a high-performance FT-800 laser scanner, a GNSS and IMU positioning system, and a storage control unit, enabling real-time, high-precision mapping and surveying from drones.\" \/>\n<meta name=\"robots\" content=\"index, follow, max-snippet:-1, max-image-preview:large, max-video-preview:-1\" \/>\n<link rel=\"canonical\" href=\"https:\/\/www.ghostysky.com\/fr\/product\/gs-1500n-lidar\/\" \/>\n<meta property=\"og:locale\" content=\"fr_FR\" \/>\n<meta property=\"og:type\" content=\"article\" \/>\n<meta property=\"og:title\" content=\"GS-1500N Lidar (AGS 303) - Ghostysky\" \/>\n<meta property=\"og:description\" content=\"The Geosun GS-1500N is a long-range, high-precision LiDAR point cloud data acquisition system specifically designed for UAV applications. It integrates a high-performance FT-800 laser scanner, a GNSS and IMU positioning system, and a storage control unit, enabling real-time, high-precision mapping and surveying from drones.\" \/>\n<meta property=\"og:url\" content=\"https:\/\/www.ghostysky.com\/fr\/product\/gs-1500n-lidar\/\" \/>\n<meta property=\"og:site_name\" content=\"Ghostysky\" \/>\n<meta property=\"article:publisher\" content=\"https:\/\/www.facebook.com\/people\/Ghostysky\/100057676170234\/\" \/>\n<meta property=\"article:modified_time\" content=\"2025-10-14T11:51:06+00:00\" \/>\n<meta property=\"og:image\" content=\"https:\/\/www.ghostysky.com\/wp-content\/uploads\/2024\/01\/Geosun_GS-1500N_1.jpg\" \/>\n\t<meta property=\"og:image:width\" content=\"480\" \/>\n\t<meta property=\"og:image:height\" content=\"640\" \/>\n\t<meta property=\"og:image:type\" content=\"image\/jpeg\" \/>\n<meta name=\"twitter:card\" content=\"summary_large_image\" \/>\n<meta name=\"twitter:site\" content=\"@Gh0stysky\" \/>\n<meta name=\"twitter:label1\" content=\"Dur\u00e9e de lecture estim\u00e9e\" \/>\n\t<meta name=\"twitter:data1\" content=\"2 minutes\" \/>\n<script type=\"application\/ld+json\" class=\"yoast-schema-graph\">{\"@context\":\"https:\\\/\\\/schema.org\",\"@graph\":[{\"@type\":\"WebPage\",\"@id\":\"https:\\\/\\\/www.ghostysky.com\\\/product\\\/gs-1500n-lidar\\\/\",\"url\":\"https:\\\/\\\/www.ghostysky.com\\\/product\\\/gs-1500n-lidar\\\/\",\"name\":\"GS-1500N Lidar (AGS 303) - Ghostysky\",\"isPartOf\":{\"@id\":\"https:\\\/\\\/www.ghostysky.com\\\/#website\"},\"primaryImageOfPage\":{\"@id\":\"https:\\\/\\\/www.ghostysky.com\\\/product\\\/gs-1500n-lidar\\\/#primaryimage\"},\"image\":{\"@id\":\"https:\\\/\\\/www.ghostysky.com\\\/product\\\/gs-1500n-lidar\\\/#primaryimage\"},\"thumbnailUrl\":\"https:\\\/\\\/www.ghostysky.com\\\/wp-content\\\/uploads\\\/2024\\\/01\\\/Geosun_GS-1500N_1.jpg\",\"datePublished\":\"2024-01-05T20:13:49+00:00\",\"dateModified\":\"2025-10-14T11:51:06+00:00\",\"description\":\"The Geosun GS-1500N is a long-range, high-precision LiDAR point cloud data acquisition system specifically designed for UAV applications. It integrates a high-performance FT-800 laser scanner, a GNSS and IMU positioning system, and a storage control unit, enabling real-time, high-precision mapping and surveying from drones.\",\"breadcrumb\":{\"@id\":\"https:\\\/\\\/www.ghostysky.com\\\/product\\\/gs-1500n-lidar\\\/#breadcrumb\"},\"inLanguage\":\"fr-FR\",\"potentialAction\":[{\"@type\":\"ReadAction\",\"target\":[\"https:\\\/\\\/www.ghostysky.com\\\/product\\\/gs-1500n-lidar\\\/\"]}]},{\"@type\":\"ImageObject\",\"inLanguage\":\"fr-FR\",\"@id\":\"https:\\\/\\\/www.ghostysky.com\\\/product\\\/gs-1500n-lidar\\\/#primaryimage\",\"url\":\"https:\\\/\\\/www.ghostysky.com\\\/wp-content\\\/uploads\\\/2024\\\/01\\\/Geosun_GS-1500N_1.jpg\",\"contentUrl\":\"https:\\\/\\\/www.ghostysky.com\\\/wp-content\\\/uploads\\\/2024\\\/01\\\/Geosun_GS-1500N_1.jpg\",\"width\":480,\"height\":640},{\"@type\":\"BreadcrumbList\",\"@id\":\"https:\\\/\\\/www.ghostysky.com\\\/product\\\/gs-1500n-lidar\\\/#breadcrumb\",\"itemListElement\":[{\"@type\":\"ListItem\",\"position\":1,\"name\":\"Home\",\"item\":\"https:\\\/\\\/www.ghostysky.com\\\/\"},{\"@type\":\"ListItem\",\"position\":2,\"name\":\"Shop\",\"item\":\"https:\\\/\\\/www.ghostysky.com\\\/shop\\\/\"},{\"@type\":\"ListItem\",\"position\":3,\"name\":\"GS-1500N Lidar (AGS 303)\"}]},{\"@type\":\"WebSite\",\"@id\":\"https:\\\/\\\/www.ghostysky.com\\\/#website\",\"url\":\"https:\\\/\\\/www.ghostysky.com\\\/\",\"name\":\"Ghostysky\",\"description\":\"Delivering professional drones and robotics solutions\",\"publisher\":{\"@id\":\"https:\\\/\\\/www.ghostysky.com\\\/#organization\"},\"potentialAction\":[{\"@type\":\"SearchAction\",\"target\":{\"@type\":\"EntryPoint\",\"urlTemplate\":\"https:\\\/\\\/www.ghostysky.com\\\/?s={search_term_string}\"},\"query-input\":{\"@type\":\"PropertyValueSpecification\",\"valueRequired\":true,\"valueName\":\"search_term_string\"}}],\"inLanguage\":\"fr-FR\"},{\"@type\":\"Organization\",\"@id\":\"https:\\\/\\\/www.ghostysky.com\\\/#organization\",\"name\":\"Ghostysky\",\"url\":\"https:\\\/\\\/www.ghostysky.com\\\/\",\"logo\":{\"@type\":\"ImageObject\",\"inLanguage\":\"fr-FR\",\"@id\":\"https:\\\/\\\/www.ghostysky.com\\\/#\\\/schema\\\/logo\\\/image\\\/\",\"url\":\"https:\\\/\\\/www.ghostysky.com\\\/wp-content\\\/uploads\\\/2020\\\/06\\\/cropped-ghostyskylogo_text_white2.png\",\"contentUrl\":\"https:\\\/\\\/www.ghostysky.com\\\/wp-content\\\/uploads\\\/2020\\\/06\\\/cropped-ghostyskylogo_text_white2.png\",\"width\":169,\"height\":56,\"caption\":\"Ghostysky\"},\"image\":{\"@id\":\"https:\\\/\\\/www.ghostysky.com\\\/#\\\/schema\\\/logo\\\/image\\\/\"},\"sameAs\":[\"https:\\\/\\\/www.facebook.com\\\/people\\\/Ghostysky\\\/100057676170234\\\/\",\"https:\\\/\\\/x.com\\\/Gh0stysky\",\"https:\\\/\\\/www.linkedin.com\\\/company\\\/34739653\",\"https:\\\/\\\/www.instagram.com\\\/gh0stysky\"]}]}<\/script>\n<!-- \/ Yoast SEO plugin. -->","yoast_head_json":{"title":"Lidar GS-1500N (AGS 303) - Ghostysky","description":"Le Geosun GS-1500N est un syst\u00e8me d&#039;acquisition de donn\u00e9es LiDAR longue port\u00e9e et haute pr\u00e9cision, sp\u00e9cialement con\u00e7u pour les applications par drones. Il int\u00e8gre un scanner laser FT-800 haute performance, un syst\u00e8me de positionnement GNSS et IMU, ainsi qu&#039;une unit\u00e9 de contr\u00f4le de stockage, permettant ainsi une cartographie et des relev\u00e9s topographiques de haute pr\u00e9cision en temps r\u00e9el depuis des drones.","robots":{"index":"index","follow":"follow","max-snippet":"max-snippet:-1","max-image-preview":"max-image-preview:large","max-video-preview":"max-video-preview:-1"},"canonical":"https:\/\/www.ghostysky.com\/fr\/product\/gs-1500n-lidar\/","og_locale":"fr_FR","og_type":"article","og_title":"GS-1500N Lidar (AGS 303) - Ghostysky","og_description":"The Geosun GS-1500N is a long-range, high-precision LiDAR point cloud data acquisition system specifically designed for UAV applications. It integrates a high-performance FT-800 laser scanner, a GNSS and IMU positioning system, and a storage control unit, enabling real-time, high-precision mapping and surveying from drones.","og_url":"https:\/\/www.ghostysky.com\/fr\/product\/gs-1500n-lidar\/","og_site_name":"Ghostysky","article_publisher":"https:\/\/www.facebook.com\/people\/Ghostysky\/100057676170234\/","article_modified_time":"2025-10-14T11:51:06+00:00","og_image":[{"width":480,"height":640,"url":"https:\/\/www.ghostysky.com\/wp-content\/uploads\/2024\/01\/Geosun_GS-1500N_1.jpg","type":"image\/jpeg"}],"twitter_card":"summary_large_image","twitter_site":"@Gh0stysky","twitter_misc":{"Dur\u00e9e de lecture estim\u00e9e":"2 minutes"},"schema":{"@context":"https:\/\/schema.org","@graph":[{"@type":"WebPage","@id":"https:\/\/www.ghostysky.com\/product\/gs-1500n-lidar\/","url":"https:\/\/www.ghostysky.com\/product\/gs-1500n-lidar\/","name":"Lidar GS-1500N (AGS 303) - Ghostysky","isPartOf":{"@id":"https:\/\/www.ghostysky.com\/#website"},"primaryImageOfPage":{"@id":"https:\/\/www.ghostysky.com\/product\/gs-1500n-lidar\/#primaryimage"},"image":{"@id":"https:\/\/www.ghostysky.com\/product\/gs-1500n-lidar\/#primaryimage"},"thumbnailUrl":"https:\/\/www.ghostysky.com\/wp-content\/uploads\/2024\/01\/Geosun_GS-1500N_1.jpg","datePublished":"2024-01-05T20:13:49+00:00","dateModified":"2025-10-14T11:51:06+00:00","description":"Le Geosun GS-1500N est un syst\u00e8me d&#039;acquisition de donn\u00e9es LiDAR longue port\u00e9e et haute pr\u00e9cision, sp\u00e9cialement con\u00e7u pour les applications par drones. Il int\u00e8gre un scanner laser FT-800 haute performance, un syst\u00e8me de positionnement GNSS et IMU, ainsi qu&#039;une unit\u00e9 de contr\u00f4le de stockage, permettant ainsi une cartographie et des relev\u00e9s topographiques de haute pr\u00e9cision en temps r\u00e9el depuis des drones.","breadcrumb":{"@id":"https:\/\/www.ghostysky.com\/product\/gs-1500n-lidar\/#breadcrumb"},"inLanguage":"fr-FR","potentialAction":[{"@type":"ReadAction","target":["https:\/\/www.ghostysky.com\/product\/gs-1500n-lidar\/"]}]},{"@type":"ImageObject","inLanguage":"fr-FR","@id":"https:\/\/www.ghostysky.com\/product\/gs-1500n-lidar\/#primaryimage","url":"https:\/\/www.ghostysky.com\/wp-content\/uploads\/2024\/01\/Geosun_GS-1500N_1.jpg","contentUrl":"https:\/\/www.ghostysky.com\/wp-content\/uploads\/2024\/01\/Geosun_GS-1500N_1.jpg","width":480,"height":640},{"@type":"BreadcrumbList","@id":"https:\/\/www.ghostysky.com\/product\/gs-1500n-lidar\/#breadcrumb","itemListElement":[{"@type":"ListItem","position":1,"name":"Home","item":"https:\/\/www.ghostysky.com\/"},{"@type":"ListItem","position":2,"name":"Shop","item":"https:\/\/www.ghostysky.com\/shop\/"},{"@type":"ListItem","position":3,"name":"GS-1500N Lidar (AGS 303)"}]},{"@type":"WebSite","@id":"https:\/\/www.ghostysky.com\/#website","url":"https:\/\/www.ghostysky.com\/","name":"Ghostysky","description":"Fourniture de solutions professionnelles en mati\u00e8re de drones et de robotique","publisher":{"@id":"https:\/\/www.ghostysky.com\/#organization"},"potentialAction":[{"@type":"SearchAction","target":{"@type":"EntryPoint","urlTemplate":"https:\/\/www.ghostysky.com\/?s={search_term_string}"},"query-input":{"@type":"PropertyValueSpecification","valueRequired":true,"valueName":"search_term_string"}}],"inLanguage":"fr-FR"},{"@type":"Organization","@id":"https:\/\/www.ghostysky.com\/#organization","name":"Ghostysky","url":"https:\/\/www.ghostysky.com\/","logo":{"@type":"ImageObject","inLanguage":"fr-FR","@id":"https:\/\/www.ghostysky.com\/#\/schema\/logo\/image\/","url":"https:\/\/www.ghostysky.com\/wp-content\/uploads\/2020\/06\/cropped-ghostyskylogo_text_white2.png","contentUrl":"https:\/\/www.ghostysky.com\/wp-content\/uploads\/2020\/06\/cropped-ghostyskylogo_text_white2.png","width":169,"height":56,"caption":"Ghostysky"},"image":{"@id":"https:\/\/www.ghostysky.com\/#\/schema\/logo\/image\/"},"sameAs":["https:\/\/www.facebook.com\/people\/Ghostysky\/100057676170234\/","https:\/\/x.com\/Gh0stysky","https:\/\/www.linkedin.com\/company\/34739653","https:\/\/www.instagram.com\/gh0stysky"]}]}},"_links":{"self":[{"href":"https:\/\/www.ghostysky.com\/fr\/wp-json\/wp\/v2\/product\/15621","targetHints":{"allow":["GET"]}}],"collection":[{"href":"https:\/\/www.ghostysky.com\/fr\/wp-json\/wp\/v2\/product"}],"about":[{"href":"https:\/\/www.ghostysky.com\/fr\/wp-json\/wp\/v2\/types\/product"}],"replies":[{"embeddable":true,"href":"https:\/\/www.ghostysky.com\/fr\/wp-json\/wp\/v2\/comments?post=15621"}],"version-history":[{"count":0,"href":"https:\/\/www.ghostysky.com\/fr\/wp-json\/wp\/v2\/product\/15621\/revisions"}],"wp:featuredmedia":[{"embeddable":true,"href":"https:\/\/www.ghostysky.com\/fr\/wp-json\/wp\/v2\/media\/15622"}],"wp:attachment":[{"href":"https:\/\/www.ghostysky.com\/fr\/wp-json\/wp\/v2\/media?parent=15621"}],"wp:term":[{"taxonomy":"product_brand","embeddable":true,"href":"https:\/\/www.ghostysky.com\/fr\/wp-json\/wp\/v2\/product_brand?post=15621"},{"taxonomy":"product_cat","embeddable":true,"href":"https:\/\/www.ghostysky.com\/fr\/wp-json\/wp\/v2\/product_cat?post=15621"},{"taxonomy":"product_tag","embeddable":true,"href":"https:\/\/www.ghostysky.com\/fr\/wp-json\/wp\/v2\/product_tag?post=15621"}],"curies":[{"name":"wp","href":"https:\/\/api.w.org\/{rel}","templated":true}]}}