{"id":15625,"date":"2024-01-05T20:23:48","date_gmt":"2024-01-05T20:23:48","guid":{"rendered":"https:\/\/www.ghostysky.com\/?post_type=product&#038;p=15625"},"modified":"2025-10-14T11:51:34","modified_gmt":"2025-10-14T11:51:34","slug":"gs-2000n-lidar","status":"publish","type":"product","link":"https:\/\/www.ghostysky.com\/fr\/product\/gs-2000n-lidar\/","title":{"rendered":"Lidar GS-2000N"},"content":{"rendered":"<h3><strong>Syst\u00e8me de num\u00e9risation LiDAR Geosun gAirHawk s\u00e9rie GS-2000N<\/strong><\/h3>\n<p>Le syst\u00e8me de balayage LiDAR pour drone gAirHawk GS-2000N est un syst\u00e8me d&#039;acquisition de donn\u00e9es LiDAR longue port\u00e9e compact, int\u00e9grant un scanner laser longue port\u00e9e FT-1500H, un syst\u00e8me de positionnement et de d\u00e9termination d&#039;attitude GNSS et IMU, ainsi qu&#039;une unit\u00e9 de contr\u00f4le de stockage. Il est capable de collecter en temps r\u00e9el, de mani\u00e8re dynamique et massive des donn\u00e9es de nuages de points de haute pr\u00e9cision et des images riches. Il est largement utilis\u00e9 pour l&#039;acquisition d&#039;informations spatiales 3D dans les domaines de la topographie, de l&#039;\u00e9lectricit\u00e9, de la foresterie, de l&#039;agriculture et de l&#039;am\u00e9nagement du territoire.<\/p>\n<h3><strong>Sp\u00e9cification<\/strong><\/h3>\n<table border=\"1\" cellspacing=\"0\" cellpadding=\"0\">\n<tbody>\n<tr>\n<td colspan=\"3\">Syst\u00e8me de num\u00e9risation LiDAR gAirHawk GS-2000N<\/td>\n<\/tr>\n<tr>\n<td><\/td>\n<td>Nom de l&#039;article<\/td>\n<td>Param\u00e8tres du syst\u00e8me<\/td>\n<\/tr>\n<tr>\n<td rowspan=\"6\">GS-2000N<\/p>\n<p>Param\u00e8tres<\/td>\n<td>Poids<\/td>\n<td>3,2 kg<\/td>\n<\/tr>\n<tr>\n<td>Temp\u00e9rature de fonctionnement<\/td>\n<td>-20\u2103~+60\u2103<\/td>\n<\/tr>\n<tr>\n<td>Plage de puissance<\/td>\n<td>12 V - 24 V<\/td>\n<\/tr>\n<tr>\n<td>Consommation<\/td>\n<td>65 W<\/td>\n<\/tr>\n<tr>\n<td>Plateforme de transport<\/td>\n<td>Drone multirotor 6 Aixs<\/td>\n<\/tr>\n<tr>\n<td>Stockage<\/td>\n<td>Stockage de 64 Go, prise en charge maximale d&#039;une carte TF de 128 Go<\/td>\n<\/tr>\n<tr>\n<td rowspan=\"9\">Unit\u00e9 Lidar<\/p>\n<p align=\"center\">\n<\/td>\n<td>Plage de mesure<\/td>\n<td>2000 m \u00e0 80%<\/td>\n<\/tr>\n<tr>\n<td>Cours de laser<\/td>\n<td>1550 nm Classe 1 (CEI 60825-1:2014)<\/td>\n<\/tr>\n<tr>\n<td>Num\u00e9ro de ligne laser<\/td>\n<td>FT-1500H \u00e0 faisceau unique<\/td>\n<\/tr>\n<tr>\n<td>Pr\u00e9cision de mesure<\/td>\n<td>3 mm \u00e0 100 m<\/td>\n<\/tr>\n<tr>\n<td>Port\u00e9e maximale<\/td>\n<td>2000 m<\/td>\n<\/tr>\n<tr>\n<td>Retour<\/td>\n<td>Sept \u00e9chos<\/td>\n<\/tr>\n<tr>\n<td>Fr\u00e9quence de balayage<\/td>\n<td>10 Hz-200 Hz<\/td>\n<\/tr>\n<tr>\n<td>Divergence du faisceau<\/td>\n<td>0,3 mrad<\/td>\n<\/tr>\n<tr>\n<td>Champ de vision<\/td>\n<td>75\u00b0-90\u00b0, r\u00e9glable<\/td>\n<\/tr>\n<tr>\n<td rowspan=\"7\">Unit\u00e9 de point de vente<\/td>\n<td>Fr\u00e9quence de mise \u00e0 jour<\/td>\n<td>200 Hz<\/td>\n<\/tr>\n<tr>\n<td>Pr\u00e9cision du cap<\/td>\n<td>0,010\u00b0<\/td>\n<\/tr>\n<tr>\n<td>Pr\u00e9cision de la hauteur<\/td>\n<td>0,003\u00b0<\/td>\n<\/tr>\n<tr>\n<td>Pr\u00e9cision de roulement<\/td>\n<td>0,003\u00b0<\/td>\n<\/tr>\n<tr>\n<td>Pr\u00e9cision de la position<\/td>\n<td>Horizontal : 0,02 m, Vertical : 0,03 m<\/td>\n<\/tr>\n<tr>\n<td>Type de signal GNSS<\/td>\n<td>GPSL1\/L2\/L5 GLONASSL1\/L2 BDS B1\/B2\/B3 GAL E1\/E5a\/5b<\/td>\n<\/tr>\n<tr>\n<td>Unit\u00e9 de mesure inertielle (IMU)<\/td>\n<td><span style=\"font-family: arial, helvetica, sans-serif;\">gSpin 410<\/span><\/td>\n<\/tr>\n<tr>\n<td rowspan=\"2\">Logiciel de pr\u00e9traitement<\/td>\n<td>Logiciel de point de vente<\/td>\n<td>Informations de sortie : position, vitesse, attitude<\/td>\n<\/tr>\n<tr>\n<td>Logiciel de nuage de points<\/td>\n<td>Format des donn\u00e9es de nuage de points de sortie\u00a0: format LAS, format TXT personnalis\u00e9<\/td>\n<\/tr>\n<tr>\n<td rowspan=\"3\">Appareil photo (int\u00e9gr\u00e9)<\/td>\n<td>Champ de vision<\/td>\n<td>48 * 33 degr\u00e9s<\/td>\n<\/tr>\n<tr>\n<td>Pixel effectif<\/td>\n<td>45 MP (appareil photo plein format)<\/td>\n<\/tr>\n<tr>\n<td>\u00a0distance focale (mm)<\/td>\n<td>16<\/td>\n<\/tr>\n<\/tbody>\n<\/table>\n<h3><strong>Emballer<\/strong><\/h3>\n<p>Le syst\u00e8me de num\u00e9risation LiDAR est emball\u00e9 dans une valise avec une doublure en mat\u00e9riau EVA \u00e0 l&#039;int\u00e9rieur, puis recouvert d&#039;une bo\u00eete en carton rigide.<\/p>\n<p>L&#039;emballage du syst\u00e8me de num\u00e9risation LiDAR pour drone convient au transport a\u00e9rien et maritime.<\/p>\n<p><a href=\"https:\/\/www.ghostysky.com\/wp-content\/uploads\/2024\/01\/Geosun_GS-2000N_Package_1.jpg\"><img fetchpriority=\"high\" decoding=\"async\" class=\"alignnone size-full wp-image-15627 lazyload\" src=\"data:image\/gif;base64,R0lGODlhAQABAAAAACH5BAEKAAEALAAAAAABAAEAAAICTAEAOw==\" alt=\"\" width=\"680\" height=\"510\" data-src=\"data:image\/gif;base64,R0lGODlhAQABAAAAACH5BAEKAAEALAAAAAABAAEAAAICTAEAOw==\"><\/a> <a href=\"https:\/\/www.ghostysky.com\/wp-content\/uploads\/2024\/01\/Geosun_GS-2000N_Package_2.jpg\"><img decoding=\"async\" class=\"alignnone size-full wp-image-15626 lazyload\" src=\"data:image\/gif;base64,R0lGODlhAQABAAAAACH5BAEKAAEALAAAAAABAAEAAAICTAEAOw==\" alt=\"\" width=\"680\" height=\"510\" data-src=\"data:image\/gif;base64,R0lGODlhAQABAAAAACH5BAEKAAEALAAAAAABAAEAAAICTAEAOw==\"><\/a><\/p>","protected":false},"excerpt":{"rendered":"<p>Le <strong>Geosun GS-2000N<\/strong> est un syst\u00e8me d&#039;acquisition de donn\u00e9es LiDAR haut de gamme et longue port\u00e9e, sp\u00e9cialement con\u00e7u pour les applications de cartographie et de topographie longue distance. Il int\u00e8gre un processeur hautes performances. <strong>Scanner laser HESAI PandarXT M2<\/strong>, un syst\u00e8me de positionnement GNSS et IMU, ainsi qu&#039;une unit\u00e9 de contr\u00f4le de stockage, permettant l&#039;acquisition et le traitement de donn\u00e9es 3D en temps r\u00e9el et de haute pr\u00e9cision.<\/p>\n<p><strong>Caract\u00e9ristiques principales<\/strong><\/p>\n<ul>\n<li>Port\u00e9e de d\u00e9tection maximale de 1\u00a0500\u00a0m<\/li>\n<li>Jusqu&#039;\u00e0 2 000 kHz PRR<\/li>\n<li>300 lignes max<\/li>\n<li>Pour les drones et les a\u00e9ronefs habit\u00e9s<\/li>\n<\/ul>\n<p><strong>Compris<\/strong><\/p>\n<ul>\n<li>Capteur laser\u00a0: LuoJiaYY 1500<\/li>\n<li>Syst\u00e8me de point de vente : Geosun AGS 304 (GNSS + IMU)<\/li>\n<li>Appareil photo : Appareil photo RVB plein format 45 M Pixels<\/li>\n<li>Logiciel\u00a0: logiciel de post-traitement gAirHawk (licence perp\u00e9tuelle)<\/li>\n<\/ul>\n<p><strong>Compatibilit\u00e9:<\/strong> DJI Matrice 300\/350 RTK et Yuneec H850RTK<\/p>","protected":false},"featured_media":15630,"comment_status":"open","ping_status":"closed","template":"","meta":[],"product_brand":[],"product_cat":[650,705],"product_tag":[651,666,401],"class_list":{"0":"post-15625","1":"product","2":"type-product","3":"status-publish","4":"has-post-thumbnail","6":"product_cat-geosun","7":"product_cat-sensors","8":"product_tag-geosun","9":"product_tag-gs-2000n","10":"product_tag-lidar","12":"first","13":"onbackorder","14":"taxable","15":"shipping-taxable","16":"purchasable","17":"product-type-simple"},"yoast_head":"<!-- This site is optimized with the Yoast SEO plugin v27.4 - https:\/\/yoast.com\/product\/yoast-seo-wordpress\/ -->\n<title>GS-2000N Lidar - Ghostysky<\/title>\n<meta name=\"description\" content=\"The Geosun GS-2000N is a high-end, long-range LiDAR point cloud data acquisition system specifically designed for long-distance mapping and surveying applications. It integrates a high-performance HESAI PandarXT M2 laser scanner, a GNSS and IMU positioning system, and a storage control unit, enabling real-time, high-precision 3D data acquisition and processing.\" \/>\n<meta name=\"robots\" content=\"index, follow, max-snippet:-1, max-image-preview:large, max-video-preview:-1\" \/>\n<link rel=\"canonical\" href=\"https:\/\/www.ghostysky.com\/fr\/product\/gs-2000n-lidar\/\" \/>\n<meta property=\"og:locale\" content=\"fr_FR\" \/>\n<meta property=\"og:type\" content=\"article\" \/>\n<meta property=\"og:title\" content=\"GS-2000N Lidar - Ghostysky\" \/>\n<meta property=\"og:description\" content=\"The Geosun GS-2000N is a high-end, long-range LiDAR point cloud data acquisition system specifically designed for long-distance mapping and surveying applications. It integrates a high-performance HESAI PandarXT M2 laser scanner, a GNSS and IMU positioning system, and a storage control unit, enabling real-time, high-precision 3D data acquisition and processing.\" \/>\n<meta property=\"og:url\" content=\"https:\/\/www.ghostysky.com\/fr\/product\/gs-2000n-lidar\/\" \/>\n<meta property=\"og:site_name\" content=\"Ghostysky\" \/>\n<meta property=\"article:publisher\" content=\"https:\/\/www.facebook.com\/people\/Ghostysky\/100057676170234\/\" \/>\n<meta property=\"article:modified_time\" content=\"2025-10-14T11:51:34+00:00\" \/>\n<meta property=\"og:image\" content=\"https:\/\/www.ghostysky.com\/wp-content\/uploads\/2024\/01\/Geosun_GS-2000N_1.jpg\" \/>\n\t<meta property=\"og:image:width\" content=\"1804\" \/>\n\t<meta property=\"og:image:height\" content=\"1804\" \/>\n\t<meta property=\"og:image:type\" content=\"image\/jpeg\" \/>\n<meta name=\"twitter:card\" content=\"summary_large_image\" \/>\n<meta name=\"twitter:site\" content=\"@Gh0stysky\" \/>\n<meta name=\"twitter:label1\" content=\"Dur\u00e9e de lecture estim\u00e9e\" \/>\n\t<meta name=\"twitter:data1\" content=\"2 minutes\" \/>\n<script type=\"application\/ld+json\" class=\"yoast-schema-graph\">{\"@context\":\"https:\\\/\\\/schema.org\",\"@graph\":[{\"@type\":\"WebPage\",\"@id\":\"https:\\\/\\\/www.ghostysky.com\\\/product\\\/gs-2000n-lidar\\\/\",\"url\":\"https:\\\/\\\/www.ghostysky.com\\\/product\\\/gs-2000n-lidar\\\/\",\"name\":\"GS-2000N Lidar - Ghostysky\",\"isPartOf\":{\"@id\":\"https:\\\/\\\/www.ghostysky.com\\\/#website\"},\"primaryImageOfPage\":{\"@id\":\"https:\\\/\\\/www.ghostysky.com\\\/product\\\/gs-2000n-lidar\\\/#primaryimage\"},\"image\":{\"@id\":\"https:\\\/\\\/www.ghostysky.com\\\/product\\\/gs-2000n-lidar\\\/#primaryimage\"},\"thumbnailUrl\":\"https:\\\/\\\/www.ghostysky.com\\\/wp-content\\\/uploads\\\/2024\\\/01\\\/Geosun_GS-2000N_1.jpg\",\"datePublished\":\"2024-01-05T20:23:48+00:00\",\"dateModified\":\"2025-10-14T11:51:34+00:00\",\"description\":\"The Geosun GS-2000N is a high-end, long-range LiDAR point cloud data acquisition system specifically designed for long-distance mapping and surveying applications. It integrates a high-performance HESAI PandarXT M2 laser scanner, a GNSS and IMU positioning system, and a storage control unit, enabling real-time, high-precision 3D data acquisition and processing.\",\"breadcrumb\":{\"@id\":\"https:\\\/\\\/www.ghostysky.com\\\/product\\\/gs-2000n-lidar\\\/#breadcrumb\"},\"inLanguage\":\"fr-FR\",\"potentialAction\":[{\"@type\":\"ReadAction\",\"target\":[\"https:\\\/\\\/www.ghostysky.com\\\/product\\\/gs-2000n-lidar\\\/\"]}]},{\"@type\":\"ImageObject\",\"inLanguage\":\"fr-FR\",\"@id\":\"https:\\\/\\\/www.ghostysky.com\\\/product\\\/gs-2000n-lidar\\\/#primaryimage\",\"url\":\"https:\\\/\\\/www.ghostysky.com\\\/wp-content\\\/uploads\\\/2024\\\/01\\\/Geosun_GS-2000N_1.jpg\",\"contentUrl\":\"https:\\\/\\\/www.ghostysky.com\\\/wp-content\\\/uploads\\\/2024\\\/01\\\/Geosun_GS-2000N_1.jpg\",\"width\":1804,\"height\":1804},{\"@type\":\"BreadcrumbList\",\"@id\":\"https:\\\/\\\/www.ghostysky.com\\\/product\\\/gs-2000n-lidar\\\/#breadcrumb\",\"itemListElement\":[{\"@type\":\"ListItem\",\"position\":1,\"name\":\"Home\",\"item\":\"https:\\\/\\\/www.ghostysky.com\\\/\"},{\"@type\":\"ListItem\",\"position\":2,\"name\":\"Shop\",\"item\":\"https:\\\/\\\/www.ghostysky.com\\\/shop\\\/\"},{\"@type\":\"ListItem\",\"position\":3,\"name\":\"GS-2000N Lidar\"}]},{\"@type\":\"WebSite\",\"@id\":\"https:\\\/\\\/www.ghostysky.com\\\/#website\",\"url\":\"https:\\\/\\\/www.ghostysky.com\\\/\",\"name\":\"Ghostysky\",\"description\":\"Delivering professional drones and robotics solutions\",\"publisher\":{\"@id\":\"https:\\\/\\\/www.ghostysky.com\\\/#organization\"},\"potentialAction\":[{\"@type\":\"SearchAction\",\"target\":{\"@type\":\"EntryPoint\",\"urlTemplate\":\"https:\\\/\\\/www.ghostysky.com\\\/?s={search_term_string}\"},\"query-input\":{\"@type\":\"PropertyValueSpecification\",\"valueRequired\":true,\"valueName\":\"search_term_string\"}}],\"inLanguage\":\"fr-FR\"},{\"@type\":\"Organization\",\"@id\":\"https:\\\/\\\/www.ghostysky.com\\\/#organization\",\"name\":\"Ghostysky\",\"url\":\"https:\\\/\\\/www.ghostysky.com\\\/\",\"logo\":{\"@type\":\"ImageObject\",\"inLanguage\":\"fr-FR\",\"@id\":\"https:\\\/\\\/www.ghostysky.com\\\/#\\\/schema\\\/logo\\\/image\\\/\",\"url\":\"https:\\\/\\\/www.ghostysky.com\\\/wp-content\\\/uploads\\\/2020\\\/06\\\/cropped-ghostyskylogo_text_white2.png\",\"contentUrl\":\"https:\\\/\\\/www.ghostysky.com\\\/wp-content\\\/uploads\\\/2020\\\/06\\\/cropped-ghostyskylogo_text_white2.png\",\"width\":169,\"height\":56,\"caption\":\"Ghostysky\"},\"image\":{\"@id\":\"https:\\\/\\\/www.ghostysky.com\\\/#\\\/schema\\\/logo\\\/image\\\/\"},\"sameAs\":[\"https:\\\/\\\/www.facebook.com\\\/people\\\/Ghostysky\\\/100057676170234\\\/\",\"https:\\\/\\\/x.com\\\/Gh0stysky\",\"https:\\\/\\\/www.linkedin.com\\\/company\\\/34739653\",\"https:\\\/\\\/www.instagram.com\\\/gh0stysky\"]}]}<\/script>\n<!-- \/ Yoast SEO plugin. -->","yoast_head_json":{"title":"Lidar GS-2000N - Ghostysky","description":"Le Geosun GS-2000N est un syst\u00e8me d&#039;acquisition de donn\u00e9es LiDAR haut de gamme et longue port\u00e9e, sp\u00e9cialement con\u00e7u pour les applications de cartographie et de topographie longue distance. Il int\u00e8gre un scanner laser HESAI PandarXT M2 hautes performances, un syst\u00e8me de positionnement GNSS et IMU, ainsi qu&#039;une unit\u00e9 de contr\u00f4le de stockage, permettant l&#039;acquisition et le traitement de donn\u00e9es 3D haute pr\u00e9cision en temps r\u00e9el.","robots":{"index":"index","follow":"follow","max-snippet":"max-snippet:-1","max-image-preview":"max-image-preview:large","max-video-preview":"max-video-preview:-1"},"canonical":"https:\/\/www.ghostysky.com\/fr\/product\/gs-2000n-lidar\/","og_locale":"fr_FR","og_type":"article","og_title":"GS-2000N Lidar - Ghostysky","og_description":"The Geosun GS-2000N is a high-end, long-range LiDAR point cloud data acquisition system specifically designed for long-distance mapping and surveying applications. It integrates a high-performance HESAI PandarXT M2 laser scanner, a GNSS and IMU positioning system, and a storage control unit, enabling real-time, high-precision 3D data acquisition and processing.","og_url":"https:\/\/www.ghostysky.com\/fr\/product\/gs-2000n-lidar\/","og_site_name":"Ghostysky","article_publisher":"https:\/\/www.facebook.com\/people\/Ghostysky\/100057676170234\/","article_modified_time":"2025-10-14T11:51:34+00:00","og_image":[{"width":1804,"height":1804,"url":"https:\/\/www.ghostysky.com\/wp-content\/uploads\/2024\/01\/Geosun_GS-2000N_1.jpg","type":"image\/jpeg"}],"twitter_card":"summary_large_image","twitter_site":"@Gh0stysky","twitter_misc":{"Dur\u00e9e de lecture estim\u00e9e":"2 minutes"},"schema":{"@context":"https:\/\/schema.org","@graph":[{"@type":"WebPage","@id":"https:\/\/www.ghostysky.com\/product\/gs-2000n-lidar\/","url":"https:\/\/www.ghostysky.com\/product\/gs-2000n-lidar\/","name":"Lidar GS-2000N - Ghostysky","isPartOf":{"@id":"https:\/\/www.ghostysky.com\/#website"},"primaryImageOfPage":{"@id":"https:\/\/www.ghostysky.com\/product\/gs-2000n-lidar\/#primaryimage"},"image":{"@id":"https:\/\/www.ghostysky.com\/product\/gs-2000n-lidar\/#primaryimage"},"thumbnailUrl":"https:\/\/www.ghostysky.com\/wp-content\/uploads\/2024\/01\/Geosun_GS-2000N_1.jpg","datePublished":"2024-01-05T20:23:48+00:00","dateModified":"2025-10-14T11:51:34+00:00","description":"Le Geosun GS-2000N est un syst\u00e8me d&#039;acquisition de donn\u00e9es LiDAR haut de gamme et longue port\u00e9e, sp\u00e9cialement con\u00e7u pour les applications de cartographie et de topographie longue distance. Il int\u00e8gre un scanner laser HESAI PandarXT M2 hautes performances, un syst\u00e8me de positionnement GNSS et IMU, ainsi qu&#039;une unit\u00e9 de contr\u00f4le de stockage, permettant l&#039;acquisition et le traitement de donn\u00e9es 3D haute pr\u00e9cision en temps r\u00e9el.","breadcrumb":{"@id":"https:\/\/www.ghostysky.com\/product\/gs-2000n-lidar\/#breadcrumb"},"inLanguage":"fr-FR","potentialAction":[{"@type":"ReadAction","target":["https:\/\/www.ghostysky.com\/product\/gs-2000n-lidar\/"]}]},{"@type":"ImageObject","inLanguage":"fr-FR","@id":"https:\/\/www.ghostysky.com\/product\/gs-2000n-lidar\/#primaryimage","url":"https:\/\/www.ghostysky.com\/wp-content\/uploads\/2024\/01\/Geosun_GS-2000N_1.jpg","contentUrl":"https:\/\/www.ghostysky.com\/wp-content\/uploads\/2024\/01\/Geosun_GS-2000N_1.jpg","width":1804,"height":1804},{"@type":"BreadcrumbList","@id":"https:\/\/www.ghostysky.com\/product\/gs-2000n-lidar\/#breadcrumb","itemListElement":[{"@type":"ListItem","position":1,"name":"Home","item":"https:\/\/www.ghostysky.com\/"},{"@type":"ListItem","position":2,"name":"Shop","item":"https:\/\/www.ghostysky.com\/shop\/"},{"@type":"ListItem","position":3,"name":"GS-2000N Lidar"}]},{"@type":"WebSite","@id":"https:\/\/www.ghostysky.com\/#website","url":"https:\/\/www.ghostysky.com\/","name":"Ghostysky","description":"Fourniture de solutions professionnelles en mati\u00e8re de drones et de robotique","publisher":{"@id":"https:\/\/www.ghostysky.com\/#organization"},"potentialAction":[{"@type":"SearchAction","target":{"@type":"EntryPoint","urlTemplate":"https:\/\/www.ghostysky.com\/?s={search_term_string}"},"query-input":{"@type":"PropertyValueSpecification","valueRequired":true,"valueName":"search_term_string"}}],"inLanguage":"fr-FR"},{"@type":"Organization","@id":"https:\/\/www.ghostysky.com\/#organization","name":"Ghostysky","url":"https:\/\/www.ghostysky.com\/","logo":{"@type":"ImageObject","inLanguage":"fr-FR","@id":"https:\/\/www.ghostysky.com\/#\/schema\/logo\/image\/","url":"https:\/\/www.ghostysky.com\/wp-content\/uploads\/2020\/06\/cropped-ghostyskylogo_text_white2.png","contentUrl":"https:\/\/www.ghostysky.com\/wp-content\/uploads\/2020\/06\/cropped-ghostyskylogo_text_white2.png","width":169,"height":56,"caption":"Ghostysky"},"image":{"@id":"https:\/\/www.ghostysky.com\/#\/schema\/logo\/image\/"},"sameAs":["https:\/\/www.facebook.com\/people\/Ghostysky\/100057676170234\/","https:\/\/x.com\/Gh0stysky","https:\/\/www.linkedin.com\/company\/34739653","https:\/\/www.instagram.com\/gh0stysky"]}]}},"_links":{"self":[{"href":"https:\/\/www.ghostysky.com\/fr\/wp-json\/wp\/v2\/product\/15625","targetHints":{"allow":["GET"]}}],"collection":[{"href":"https:\/\/www.ghostysky.com\/fr\/wp-json\/wp\/v2\/product"}],"about":[{"href":"https:\/\/www.ghostysky.com\/fr\/wp-json\/wp\/v2\/types\/product"}],"replies":[{"embeddable":true,"href":"https:\/\/www.ghostysky.com\/fr\/wp-json\/wp\/v2\/comments?post=15625"}],"version-history":[{"count":0,"href":"https:\/\/www.ghostysky.com\/fr\/wp-json\/wp\/v2\/product\/15625\/revisions"}],"wp:featuredmedia":[{"embeddable":true,"href":"https:\/\/www.ghostysky.com\/fr\/wp-json\/wp\/v2\/media\/15630"}],"wp:attachment":[{"href":"https:\/\/www.ghostysky.com\/fr\/wp-json\/wp\/v2\/media?parent=15625"}],"wp:term":[{"taxonomy":"product_brand","embeddable":true,"href":"https:\/\/www.ghostysky.com\/fr\/wp-json\/wp\/v2\/product_brand?post=15625"},{"taxonomy":"product_cat","embeddable":true,"href":"https:\/\/www.ghostysky.com\/fr\/wp-json\/wp\/v2\/product_cat?post=15625"},{"taxonomy":"product_tag","embeddable":true,"href":"https:\/\/www.ghostysky.com\/fr\/wp-json\/wp\/v2\/product_tag?post=15625"}],"curies":[{"name":"wp","href":"https:\/\/api.w.org\/{rel}","templated":true}]}}