{"id":15964,"date":"2024-02-10T10:54:44","date_gmt":"2024-02-10T10:54:44","guid":{"rendered":"https:\/\/www.ghostysky.com\/?post_type=product&#038;p=15964"},"modified":"2024-03-17T09:44:15","modified_gmt":"2024-03-17T09:44:15","slug":"gm-academic-license","status":"publish","type":"product","link":"https:\/\/www.ghostysky.com\/fr\/product\/gm-academic-license\/","title":{"rendered":"Licence acad\u00e9mique GM"},"content":{"rendered":"<p data-sourcepos=\"11:1-11:76\"><strong>Voici quelques-uns des avantages de l\u2019utilisation de Global Mapper dans un cadre universitaire\u00a0:<\/strong><\/p>\n<ul data-sourcepos=\"13:1-16:0\">\n<li data-sourcepos=\"13:1-13:181\">Il s&#039;agit d&#039;un logiciel SIG puissant et polyvalent qui peut \u00eatre utilis\u00e9 pour une grande vari\u00e9t\u00e9 de t\u00e2ches, telles que la cr\u00e9ation de cartes, l&#039;analyse de donn\u00e9es et la visualisation de relations spatiales.<\/li>\n<li data-sourcepos=\"14:1-14:87\">Il est facile \u00e0 apprendre et \u00e0 utiliser, m\u00eame pour les \u00e9tudiants n\u2019ayant aucune exp\u00e9rience pr\u00e9alable avec les SIG.<\/li>\n<\/ul>","protected":false},"excerpt":{"rendered":"<p><strong>Licence acad\u00e9mique Global Mapper<\/strong> est accessible aux \u00e9tablissements d&#039;enseignement sup\u00e9rieur accr\u00e9dit\u00e9s, notamment les coll\u00e8ges, les universit\u00e9s et les \u00e9coles techniques.<\/p>\n<ul data-sourcepos=\"3:1-8:0\">\n<li data-sourcepos=\"5:1-5:225\">\u00a0Inclut toutes les fonctionnalit\u00e9s de l&#039;\u00e9dition standard de Global Mapper, ainsi que certaines fonctionnalit\u00e9s suppl\u00e9mentaires utiles pour une utilisation acad\u00e9mique, telles que la possibilit\u00e9 de cr\u00e9er des mod\u00e8les 3D et d&#039;exporter des donn\u00e9es vers une vari\u00e9t\u00e9 de formats.<\/li>\n<li data-sourcepos=\"6:1-6:164\">Peut \u00eatre utilis\u00e9 \u00e0 des fins p\u00e9dagogiques uniquement. Cela signifie que les \u00e9tudiants peuvent l&#039;utiliser pour r\u00e9aliser leurs devoirs, mais pas \u00e0 des fins commerciales.<\/li>\n<li data-sourcepos=\"7:1-8:0\">Peut \u00eatre install\u00e9 sur les ordinateurs d&#039;une salle de classe ou d&#039;un laboratoire, ainsi que sur les ordinateurs personnels des \u00e9tudiants.<\/li>\n<\/ul>\n<div class=\"attachment-container search-images\">\n<div class=\"image-container hide-from-message-actions ng-star-inserted\">\n<div class=\"overlay-container ng-star-inserted\"><\/div>\n<\/div>\n<\/div>","protected":false},"featured_media":15965,"comment_status":"open","ping_status":"closed","template":"","meta":[],"product_brand":[],"product_cat":[670,31],"product_tag":[678,677],"class_list":{"0":"post-15964","1":"product","2":"type-product","3":"status-publish","4":"has-post-thumbnail","6":"product_cat-blue-marble","7":"product_cat-software","8":"product_tag-global-mapper","9":"product_tag-global-mapper-academic-license","11":"first","12":"instock","13":"taxable","14":"shipping-taxable","15":"product-type-simple"},"yoast_head":"<!-- This site is optimized with the Yoast SEO plugin v27.4 - https:\/\/yoast.com\/product\/yoast-seo-wordpress\/ -->\n<title>GM Academic License - Ghostysky<\/title>\n<meta name=\"description\" content=\"Global Mapper Academic License is available to accredited institutions of higher education. This includes colleges, universities, and technical schools.\u00a0Includes all the features of the Global Mapper Standard Edition, plus some additional features that are useful for academic use, such as the ability to create 3D models and export data to a variety of formats.\" \/>\n<meta name=\"robots\" content=\"index, follow, max-snippet:-1, max-image-preview:large, max-video-preview:-1\" \/>\n<link rel=\"canonical\" href=\"https:\/\/www.ghostysky.com\/fr\/product\/gm-academic-license\/\" \/>\n<meta property=\"og:locale\" content=\"fr_FR\" \/>\n<meta property=\"og:type\" content=\"article\" \/>\n<meta property=\"og:title\" content=\"GM Academic License - Ghostysky\" \/>\n<meta property=\"og:description\" content=\"Global Mapper Academic License is available to accredited institutions of higher education. This includes colleges, universities, and technical schools.\u00a0Includes all the features of the Global Mapper Standard Edition, plus some additional features that are useful for academic use, such as the ability to create 3D models and export data to a variety of formats.\" \/>\n<meta property=\"og:url\" content=\"https:\/\/www.ghostysky.com\/fr\/product\/gm-academic-license\/\" \/>\n<meta property=\"og:site_name\" content=\"Ghostysky\" \/>\n<meta property=\"article:publisher\" content=\"https:\/\/www.facebook.com\/people\/Ghostysky\/100057676170234\/\" \/>\n<meta property=\"article:modified_time\" content=\"2024-03-17T09:44:15+00:00\" \/>\n<meta property=\"og:image\" content=\"https:\/\/www.ghostysky.com\/wp-content\/uploads\/2024\/02\/GlobalMapperAcademicLicense.png\" \/>\n\t<meta property=\"og:image:width\" content=\"1500\" \/>\n\t<meta property=\"og:image:height\" content=\"1299\" \/>\n\t<meta property=\"og:image:type\" content=\"image\/png\" \/>\n<meta name=\"twitter:card\" content=\"summary_large_image\" \/>\n<meta name=\"twitter:site\" content=\"@Gh0stysky\" \/>\n<meta name=\"twitter:label1\" content=\"Dur\u00e9e de lecture estim\u00e9e\" \/>\n\t<meta name=\"twitter:data1\" content=\"1 minute\" \/>\n<script type=\"application\/ld+json\" class=\"yoast-schema-graph\">{\"@context\":\"https:\\\/\\\/schema.org\",\"@graph\":[{\"@type\":\"WebPage\",\"@id\":\"https:\\\/\\\/www.ghostysky.com\\\/product\\\/gm-academic-license\\\/\",\"url\":\"https:\\\/\\\/www.ghostysky.com\\\/product\\\/gm-academic-license\\\/\",\"name\":\"GM Academic License - Ghostysky\",\"isPartOf\":{\"@id\":\"https:\\\/\\\/www.ghostysky.com\\\/#website\"},\"primaryImageOfPage\":{\"@id\":\"https:\\\/\\\/www.ghostysky.com\\\/product\\\/gm-academic-license\\\/#primaryimage\"},\"image\":{\"@id\":\"https:\\\/\\\/www.ghostysky.com\\\/product\\\/gm-academic-license\\\/#primaryimage\"},\"thumbnailUrl\":\"https:\\\/\\\/www.ghostysky.com\\\/wp-content\\\/uploads\\\/2024\\\/02\\\/GlobalMapperAcademicLicense.png\",\"datePublished\":\"2024-02-10T10:54:44+00:00\",\"dateModified\":\"2024-03-17T09:44:15+00:00\",\"description\":\"Global Mapper Academic License is available to accredited institutions of higher education. This includes colleges, universities, and technical schools.\u00a0Includes all the features of the Global Mapper Standard Edition, plus some additional features that are useful for academic use, such as the ability to create 3D models and export data to a variety of formats.\",\"breadcrumb\":{\"@id\":\"https:\\\/\\\/www.ghostysky.com\\\/product\\\/gm-academic-license\\\/#breadcrumb\"},\"inLanguage\":\"fr-FR\",\"potentialAction\":[{\"@type\":\"ReadAction\",\"target\":[\"https:\\\/\\\/www.ghostysky.com\\\/product\\\/gm-academic-license\\\/\"]}]},{\"@type\":\"ImageObject\",\"inLanguage\":\"fr-FR\",\"@id\":\"https:\\\/\\\/www.ghostysky.com\\\/product\\\/gm-academic-license\\\/#primaryimage\",\"url\":\"https:\\\/\\\/www.ghostysky.com\\\/wp-content\\\/uploads\\\/2024\\\/02\\\/GlobalMapperAcademicLicense.png\",\"contentUrl\":\"https:\\\/\\\/www.ghostysky.com\\\/wp-content\\\/uploads\\\/2024\\\/02\\\/GlobalMapperAcademicLicense.png\",\"width\":1500,\"height\":1299},{\"@type\":\"BreadcrumbList\",\"@id\":\"https:\\\/\\\/www.ghostysky.com\\\/product\\\/gm-academic-license\\\/#breadcrumb\",\"itemListElement\":[{\"@type\":\"ListItem\",\"position\":1,\"name\":\"Home\",\"item\":\"https:\\\/\\\/www.ghostysky.com\\\/\"},{\"@type\":\"ListItem\",\"position\":2,\"name\":\"Shop\",\"item\":\"https:\\\/\\\/www.ghostysky.com\\\/shop\\\/\"},{\"@type\":\"ListItem\",\"position\":3,\"name\":\"GM Academic License\"}]},{\"@type\":\"WebSite\",\"@id\":\"https:\\\/\\\/www.ghostysky.com\\\/#website\",\"url\":\"https:\\\/\\\/www.ghostysky.com\\\/\",\"name\":\"Ghostysky\",\"description\":\"Delivering professional drones and services\",\"publisher\":{\"@id\":\"https:\\\/\\\/www.ghostysky.com\\\/#organization\"},\"potentialAction\":[{\"@type\":\"SearchAction\",\"target\":{\"@type\":\"EntryPoint\",\"urlTemplate\":\"https:\\\/\\\/www.ghostysky.com\\\/?s={search_term_string}\"},\"query-input\":{\"@type\":\"PropertyValueSpecification\",\"valueRequired\":true,\"valueName\":\"search_term_string\"}}],\"inLanguage\":\"fr-FR\"},{\"@type\":\"Organization\",\"@id\":\"https:\\\/\\\/www.ghostysky.com\\\/#organization\",\"name\":\"Ghostysky\",\"url\":\"https:\\\/\\\/www.ghostysky.com\\\/\",\"logo\":{\"@type\":\"ImageObject\",\"inLanguage\":\"fr-FR\",\"@id\":\"https:\\\/\\\/www.ghostysky.com\\\/#\\\/schema\\\/logo\\\/image\\\/\",\"url\":\"https:\\\/\\\/www.ghostysky.com\\\/wp-content\\\/uploads\\\/2020\\\/06\\\/cropped-ghostyskylogo_text_white2.png\",\"contentUrl\":\"https:\\\/\\\/www.ghostysky.com\\\/wp-content\\\/uploads\\\/2020\\\/06\\\/cropped-ghostyskylogo_text_white2.png\",\"width\":169,\"height\":56,\"caption\":\"Ghostysky\"},\"image\":{\"@id\":\"https:\\\/\\\/www.ghostysky.com\\\/#\\\/schema\\\/logo\\\/image\\\/\"},\"sameAs\":[\"https:\\\/\\\/www.facebook.com\\\/people\\\/Ghostysky\\\/100057676170234\\\/\",\"https:\\\/\\\/x.com\\\/Gh0stysky\",\"https:\\\/\\\/www.linkedin.com\\\/company\\\/34739653\",\"https:\\\/\\\/www.instagram.com\\\/gh0stysky\"]}]}<\/script>\n<!-- \/ Yoast SEO plugin. -->","yoast_head_json":{"title":"Licence acad\u00e9mique GM - Ghostysky","description":"La licence acad\u00e9mique de Global Mapper est disponible pour les \u00e9tablissements d&#039;enseignement sup\u00e9rieur accr\u00e9dit\u00e9s, notamment les grandes \u00e9coles, les universit\u00e9s et les \u00e9coles techniques. Elle inclut toutes les fonctionnalit\u00e9s de l&#039;\u00e9dition Standard de Global Mapper, ainsi que des fonctionnalit\u00e9s suppl\u00e9mentaires utiles \u00e0 un usage acad\u00e9mique, comme la cr\u00e9ation de mod\u00e8les 3D et l&#039;exportation de donn\u00e9es vers divers formats.","robots":{"index":"index","follow":"follow","max-snippet":"max-snippet:-1","max-image-preview":"max-image-preview:large","max-video-preview":"max-video-preview:-1"},"canonical":"https:\/\/www.ghostysky.com\/fr\/product\/gm-academic-license\/","og_locale":"fr_FR","og_type":"article","og_title":"GM Academic License - Ghostysky","og_description":"Global Mapper Academic License is available to accredited institutions of higher education. This includes colleges, universities, and technical schools.\u00a0Includes all the features of the Global Mapper Standard Edition, plus some additional features that are useful for academic use, such as the ability to create 3D models and export data to a variety of formats.","og_url":"https:\/\/www.ghostysky.com\/fr\/product\/gm-academic-license\/","og_site_name":"Ghostysky","article_publisher":"https:\/\/www.facebook.com\/people\/Ghostysky\/100057676170234\/","article_modified_time":"2024-03-17T09:44:15+00:00","og_image":[{"width":1500,"height":1299,"url":"https:\/\/www.ghostysky.com\/wp-content\/uploads\/2024\/02\/GlobalMapperAcademicLicense.png","type":"image\/png"}],"twitter_card":"summary_large_image","twitter_site":"@Gh0stysky","twitter_misc":{"Dur\u00e9e de lecture estim\u00e9e":"1 minute"},"schema":{"@context":"https:\/\/schema.org","@graph":[{"@type":"WebPage","@id":"https:\/\/www.ghostysky.com\/product\/gm-academic-license\/","url":"https:\/\/www.ghostysky.com\/product\/gm-academic-license\/","name":"Licence acad\u00e9mique GM - Ghostysky","isPartOf":{"@id":"https:\/\/www.ghostysky.com\/#website"},"primaryImageOfPage":{"@id":"https:\/\/www.ghostysky.com\/product\/gm-academic-license\/#primaryimage"},"image":{"@id":"https:\/\/www.ghostysky.com\/product\/gm-academic-license\/#primaryimage"},"thumbnailUrl":"https:\/\/www.ghostysky.com\/wp-content\/uploads\/2024\/02\/GlobalMapperAcademicLicense.png","datePublished":"2024-02-10T10:54:44+00:00","dateModified":"2024-03-17T09:44:15+00:00","description":"La licence acad\u00e9mique de Global Mapper est disponible pour les \u00e9tablissements d&#039;enseignement sup\u00e9rieur accr\u00e9dit\u00e9s, notamment les grandes \u00e9coles, les universit\u00e9s et les \u00e9coles techniques. Elle inclut toutes les fonctionnalit\u00e9s de l&#039;\u00e9dition Standard de Global Mapper, ainsi que des fonctionnalit\u00e9s suppl\u00e9mentaires utiles \u00e0 un usage acad\u00e9mique, comme la cr\u00e9ation de mod\u00e8les 3D et l&#039;exportation de donn\u00e9es vers divers formats.","breadcrumb":{"@id":"https:\/\/www.ghostysky.com\/product\/gm-academic-license\/#breadcrumb"},"inLanguage":"fr-FR","potentialAction":[{"@type":"ReadAction","target":["https:\/\/www.ghostysky.com\/product\/gm-academic-license\/"]}]},{"@type":"ImageObject","inLanguage":"fr-FR","@id":"https:\/\/www.ghostysky.com\/product\/gm-academic-license\/#primaryimage","url":"https:\/\/www.ghostysky.com\/wp-content\/uploads\/2024\/02\/GlobalMapperAcademicLicense.png","contentUrl":"https:\/\/www.ghostysky.com\/wp-content\/uploads\/2024\/02\/GlobalMapperAcademicLicense.png","width":1500,"height":1299},{"@type":"BreadcrumbList","@id":"https:\/\/www.ghostysky.com\/product\/gm-academic-license\/#breadcrumb","itemListElement":[{"@type":"ListItem","position":1,"name":"Home","item":"https:\/\/www.ghostysky.com\/"},{"@type":"ListItem","position":2,"name":"Shop","item":"https:\/\/www.ghostysky.com\/shop\/"},{"@type":"ListItem","position":3,"name":"GM Academic License"}]},{"@type":"WebSite","@id":"https:\/\/www.ghostysky.com\/#website","url":"https:\/\/www.ghostysky.com\/","name":"Ghostysky","description":"Livraison de drones et de services professionnels","publisher":{"@id":"https:\/\/www.ghostysky.com\/#organization"},"potentialAction":[{"@type":"SearchAction","target":{"@type":"EntryPoint","urlTemplate":"https:\/\/www.ghostysky.com\/?s={search_term_string}"},"query-input":{"@type":"PropertyValueSpecification","valueRequired":true,"valueName":"search_term_string"}}],"inLanguage":"fr-FR"},{"@type":"Organization","@id":"https:\/\/www.ghostysky.com\/#organization","name":"Ghostysky","url":"https:\/\/www.ghostysky.com\/","logo":{"@type":"ImageObject","inLanguage":"fr-FR","@id":"https:\/\/www.ghostysky.com\/#\/schema\/logo\/image\/","url":"https:\/\/www.ghostysky.com\/wp-content\/uploads\/2020\/06\/cropped-ghostyskylogo_text_white2.png","contentUrl":"https:\/\/www.ghostysky.com\/wp-content\/uploads\/2020\/06\/cropped-ghostyskylogo_text_white2.png","width":169,"height":56,"caption":"Ghostysky"},"image":{"@id":"https:\/\/www.ghostysky.com\/#\/schema\/logo\/image\/"},"sameAs":["https:\/\/www.facebook.com\/people\/Ghostysky\/100057676170234\/","https:\/\/x.com\/Gh0stysky","https:\/\/www.linkedin.com\/company\/34739653","https:\/\/www.instagram.com\/gh0stysky"]}]}},"_links":{"self":[{"href":"https:\/\/www.ghostysky.com\/fr\/wp-json\/wp\/v2\/product\/15964","targetHints":{"allow":["GET"]}}],"collection":[{"href":"https:\/\/www.ghostysky.com\/fr\/wp-json\/wp\/v2\/product"}],"about":[{"href":"https:\/\/www.ghostysky.com\/fr\/wp-json\/wp\/v2\/types\/product"}],"replies":[{"embeddable":true,"href":"https:\/\/www.ghostysky.com\/fr\/wp-json\/wp\/v2\/comments?post=15964"}],"version-history":[{"count":0,"href":"https:\/\/www.ghostysky.com\/fr\/wp-json\/wp\/v2\/product\/15964\/revisions"}],"wp:featuredmedia":[{"embeddable":true,"href":"https:\/\/www.ghostysky.com\/fr\/wp-json\/wp\/v2\/media\/15965"}],"wp:attachment":[{"href":"https:\/\/www.ghostysky.com\/fr\/wp-json\/wp\/v2\/media?parent=15964"}],"wp:term":[{"taxonomy":"product_brand","embeddable":true,"href":"https:\/\/www.ghostysky.com\/fr\/wp-json\/wp\/v2\/product_brand?post=15964"},{"taxonomy":"product_cat","embeddable":true,"href":"https:\/\/www.ghostysky.com\/fr\/wp-json\/wp\/v2\/product_cat?post=15964"},{"taxonomy":"product_tag","embeddable":true,"href":"https:\/\/www.ghostysky.com\/fr\/wp-json\/wp\/v2\/product_tag?post=15964"}],"curies":[{"name":"wp","href":"https:\/\/api.w.org\/{rel}","templated":true}]}}