{"id":15967,"date":"2024-02-10T10:57:40","date_gmt":"2024-02-10T10:57:40","guid":{"rendered":"https:\/\/www.ghostysky.com\/?post_type=product&#038;p=15967"},"modified":"2024-07-28T19:53:09","modified_gmt":"2024-07-28T19:53:09","slug":"gm-upgrade-to-pro-single-user-floating-license","status":"publish","type":"product","link":"https:\/\/www.ghostysky.com\/fr\/product\/gm-upgrade-to-pro-single-user-floating-license\/","title":{"rendered":"Licence flottante GM (Upgrade-to-Pro) pour utilisateur unique"},"content":{"rendered":"<p data-sourcepos=\"9:1-9:98\"><strong>Global Mapper Pro<\/strong> est un outil puissant qui peut \u00eatre utilis\u00e9 pour une large gamme d&#039;applications, notamment\u00a0:<\/p>\n<ul data-sourcepos=\"11:1-11:68\">\n<li data-sourcepos=\"11:1-11:68\"><strong>Topographie et cartographie :<\/strong>\u00a0Global Mapper Pro peut \u00eatre utilis\u00e9 pour cr\u00e9er des cartes et des relev\u00e9s pr\u00e9cis \u00e0 partir de diverses sources de donn\u00e9es, notamment l&#039;imagerie, le LiDAR et le GPS.<\/li>\n<li data-sourcepos=\"12:1-12:111\"><strong>Mod\u00e9lisation 3D :<\/strong>\u00a0Global Mapper Pro peut \u00eatre utilis\u00e9 pour cr\u00e9er des mod\u00e8les 3D de terrain, de b\u00e2timents et d&#039;autres fonctionnalit\u00e9s.<\/li>\n<li data-sourcepos=\"13:1-13:142\"><strong>Planification et analyse du site :<\/strong>\u00a0Global Mapper Pro peut \u00eatre utilis\u00e9 pour analyser le terrain, identifier les dangers potentiels et planifier des projets de d\u00e9veloppement.<\/li>\n<li data-sourcepos=\"14:1-15:0\"><strong>Surveillance environnementale :<\/strong>\u00a0Global Mapper Pro peut \u00eatre utilis\u00e9 pour surveiller les changements de l&#039;environnement au fil du temps.<\/li>\n<\/ul>\n<p data-sourcepos=\"16:1-17:37\">Si vous \u00eates un professionnel g\u00e9ospatial qui a besoin d\u2019outils avanc\u00e9s pour travailler avec des images, du terrain et des donn\u00e9es LiDAR, alors Global Mapper Pro est une excellente option.<\/p>\n<div>\n<div class=\"row\">\n<h3>Global Mapper Pro<\/h3>\n<hr \/>\n<p><strong>Toutes les excellentes fonctionnalit\u00e9s de la version standard plus\u2026<\/strong><\/p>\n<div>\n<div class=\"row\">\n<div>\n<div><img decoding=\"async\" src=\"data:image\/gif;base64,R0lGODlhAQABAAAAACH5BAEKAAEALAAAAAABAAEAAAICTAEAOw==\" class=\"lazyload\" data-src=\"https:\/\/www.bluemarblegeo.com\/wp-content\/uploads\/2023\/09\/green-plus.svg\"> Peinture de terrain<\/div>\n<\/div>\n<\/div>\n<div class=\"row\">\n<div>\n<div><img decoding=\"async\" src=\"data:image\/gif;base64,R0lGODlhAQABAAAAACH5BAEKAAEALAAAAAABAAEAAAICTAEAOw==\" class=\"lazyload\" data-src=\"https:\/\/www.bluemarblegeo.com\/wp-content\/uploads\/2023\/09\/green-plus.svg\"> Calcul de la ligne de rupture<\/div>\n<\/div>\n<\/div>\n<div class=\"row\">\n<div>\n<div><img decoding=\"async\" src=\"data:image\/gif;base64,R0lGODlhAQABAAAAACH5BAEKAAEALAAAAAABAAEAAAICTAEAOw==\" class=\"lazyload\" data-src=\"https:\/\/www.bluemarblegeo.com\/wp-content\/uploads\/2023\/09\/green-plus.svg\"> Interrogation, \u00e9dition, segmentation et filtrage avanc\u00e9s des nuages de points lidar et 3D<\/div>\n<\/div>\n<\/div>\n<div class=\"row\">\n<div>\n<div><img decoding=\"async\" src=\"data:image\/gif;base64,R0lGODlhAQABAAAAACH5BAEKAAEALAAAAAABAAEAAAICTAEAOw==\" class=\"lazyload\" data-src=\"https:\/\/www.bluemarblegeo.com\/wp-content\/uploads\/2023\/09\/green-plus.svg\"> Classification automatique des donn\u00e9es de nuages de points, y compris le sol, la v\u00e9g\u00e9tation, les b\u00e2timents, les lignes \u00e9lectriques et les poteaux<\/div>\n<\/div>\n<\/div>\n<div class=\"row\">\n<div>\n<div><img decoding=\"async\" src=\"data:image\/gif;base64,R0lGODlhAQABAAAAACH5BAEKAAEALAAAAAABAAEAAAICTAEAOw==\" class=\"lazyload\" data-src=\"https:\/\/www.bluemarblegeo.com\/wp-content\/uploads\/2023\/09\/green-plus.svg\"> Extraction de caract\u00e9ristiques vectorielles \u00e0 partir de donn\u00e9es de nuages de points classifi\u00e9s<\/div>\n<\/div>\n<\/div>\n<div class=\"row\">\n<div>\n<div><img decoding=\"async\" src=\"data:image\/gif;base64,R0lGODlhAQABAAAAACH5BAEKAAEALAAAAAABAAEAAAICTAEAOw==\" class=\"lazyload\" data-src=\"https:\/\/www.bluemarblegeo.com\/wp-content\/uploads\/2023\/09\/green-plus.svg\"> Identification et suppression du bruit Lidar<\/div>\n<\/div>\n<\/div>\n<div class=\"row\">\n<div>\n<div><img decoding=\"async\" src=\"data:image\/gif;base64,R0lGODlhAQABAAAAACH5BAEKAAEALAAAAAABAAEAAAICTAEAOw==\" class=\"lazyload\" data-src=\"https:\/\/www.bluemarblegeo.com\/wp-content\/uploads\/2023\/09\/green-plus.svg\"> Variographie et krigeage<\/div>\n<\/div>\n<\/div>\n<div class=\"row\">\n<div>\n<div><img decoding=\"async\" src=\"data:image\/gif;base64,R0lGODlhAQABAAAAACH5BAEKAAEALAAAAAABAAEAAAICTAEAOw==\" class=\"lazyload\" data-src=\"https:\/\/www.bluemarblegeo.com\/wp-content\/uploads\/2023\/09\/green-plus.svg\"> Amincissement du nuage de points et rectification verticale et horizontale des donn\u00e9es du nuage de points<\/div>\n<\/div>\n<\/div>\n<div class=\"row\">\n<div>\n<div><img decoding=\"async\" src=\"data:image\/gif;base64,R0lGODlhAQABAAAAACH5BAEKAAEALAAAAAABAAEAAAICTAEAOw==\" class=\"lazyload\" data-src=\"https:\/\/www.bluemarblegeo.com\/wp-content\/uploads\/2023\/09\/green-plus.svg\"> Alignement automatique des nuages de points superpos\u00e9s<\/div>\n<\/div>\n<\/div>\n<div class=\"row\">\n<div>\n<div><img decoding=\"async\" src=\"data:image\/gif;base64,R0lGODlhAQABAAAAACH5BAEKAAEALAAAAAABAAEAAAICTAEAOw==\" class=\"lazyload\" data-src=\"https:\/\/www.bluemarblegeo.com\/wp-content\/uploads\/2023\/09\/green-plus.svg\"> Analyse visuelle des donn\u00e9es de nuages de points, notamment par densit\u00e9 locale, hauteur au-dessus du sol, intensit\u00e9 et classification<\/div>\n<\/div>\n<\/div>\n<div class=\"row\">\n<div>\n<div><img decoding=\"async\" src=\"data:image\/gif;base64,R0lGODlhAQABAAAAACH5BAEKAAEALAAAAAABAAEAAAICTAEAOw==\" class=\"lazyload\" data-src=\"https:\/\/www.bluemarblegeo.com\/wp-content\/uploads\/2023\/09\/green-plus.svg\"> Profilage de nuages de points<\/div>\n<\/div>\n<\/div>\n<div class=\"row\">\n<div>\n<div><img decoding=\"async\" src=\"data:image\/gif;base64,R0lGODlhAQABAAAAACH5BAEKAAEALAAAAAABAAEAAAICTAEAOw==\" class=\"lazyload\" data-src=\"https:\/\/www.bluemarblegeo.com\/wp-content\/uploads\/2023\/09\/green-plus.svg\"> Pixels to Points\u00ae \u2013 Traitement d&#039;images par drone\/UAV pour cr\u00e9er des nuages de points 3D, des orthoimages et des mod\u00e8les 3D<\/div>\n<\/div>\n<\/div>\n<div class=\"row\">\n<div>\n<div><img decoding=\"async\" src=\"data:image\/gif;base64,R0lGODlhAQABAAAAACH5BAEKAAEALAAAAAABAAEAAAICTAEAOw==\" class=\"lazyload\" data-src=\"https:\/\/www.bluemarblegeo.com\/wp-content\/uploads\/2023\/09\/green-plus.svg\"> Vectorisation automatis\u00e9e avanc\u00e9e de l&#039;imagerie et du terrain<\/div>\n<\/div>\n<\/div>\n<div class=\"row\">\n<div>\n<div><img decoding=\"async\" src=\"data:image\/gif;base64,R0lGODlhAQABAAAAACH5BAEKAAEALAAAAAABAAEAAAICTAEAOw==\" class=\"lazyload\" data-src=\"https:\/\/www.bluemarblegeo.com\/wp-content\/uploads\/2023\/09\/green-plus.svg\"> Prise en charge des appareils RTK et affichage de la constellation de satellites<\/div>\n<\/div>\n<\/div>\n<div class=\"row\">\n<div>\n<div><img decoding=\"async\" src=\"data:image\/gif;base64,R0lGODlhAQABAAAAACH5BAEKAAEALAAAAAABAAEAAAICTAEAOw==\" class=\"lazyload\" data-src=\"https:\/\/www.bluemarblegeo.com\/wp-content\/uploads\/2023\/09\/green-plus.svg\"> \u00c9diteur int\u00e9gr\u00e9 pour les scripts Global Mapper<\/div>\n<\/div>\n<\/div>\n<div class=\"row\">\n<div>\n<div><img decoding=\"async\" src=\"data:image\/gif;base64,R0lGODlhAQABAAAAACH5BAEKAAEALAAAAAABAAEAAAICTAEAOw==\" class=\"lazyload\" data-src=\"https:\/\/www.bluemarblegeo.com\/wp-content\/uploads\/2023\/09\/green-plus.svg\"> Prise en charge des scripts Python<\/div>\n<\/div>\n<\/div>\n<div class=\"row\">\n<div>\n<div><img decoding=\"async\" src=\"data:image\/gif;base64,R0lGODlhAQABAAAAACH5BAEKAAEALAAAAAABAAEAAAICTAEAOw==\" class=\"lazyload\" data-src=\"https:\/\/www.bluemarblegeo.com\/wp-content\/uploads\/2023\/09\/green-plus.svg\"> Outil de cr\u00e9ation de scripts pour enregistrer les actions dans Global Mapper Script<\/div>\n<\/div>\n<\/div>\n<div class=\"row\">\n<div>\n<div><img decoding=\"async\" src=\"data:image\/gif;base64,R0lGODlhAQABAAAAACH5BAEKAAEALAAAAAABAAEAAAICTAEAOw==\" class=\"lazyload\" data-src=\"https:\/\/www.bluemarblegeo.com\/wp-content\/uploads\/2023\/09\/green-plus.svg\"> Fusion simplifi\u00e9e des donn\u00e9es mobiles<\/div>\n<\/div>\n<\/div>\n<\/div>\n<\/div>\n<\/div>","protected":false},"excerpt":{"rendered":"<div class=\"avatar-gutter ng-tns-c3609015057-52 ng-star-inserted\">\n<div class=\"gutter ng-star-inserted\">\n<div class=\"avatar-gutter ng-tns-c3609015057-52 ng-star-inserted\">\n<div class=\"gutter ng-star-inserted\">\n<p data-sourcepos=\"1:1-1:110\"><strong>Global Mapper Pro<\/strong> Global Mapper Pro est un logiciel g\u00e9ospatial avanc\u00e9 con\u00e7u pour les professionnels qui recherchent plus que les fonctionnalit\u00e9s de base de Global Mapper. Il comprend une large gamme d&#039;outils pour travailler avec l&#039;imagerie, le terrain et les donn\u00e9es LiDAR. Parmi les fonctionnalit\u00e9s cl\u00e9s de Global Mapper Pro, on trouve\u00a0:<\/p>\n<ul data-sourcepos=\"3:1-3:91\">\n<li data-sourcepos=\"3:1-3:91\"><strong>Pixels en points\u00a0:<\/strong>\u00a0Cet outil vous permet de cr\u00e9er des nuages de points 3D, des orthoimages et des maillages 3D \u00e0 partir d&#039;images collect\u00e9es par drone ou UAV.<\/li>\n<li data-sourcepos=\"4:1-4:93\"><strong>Peinture de terrain :<\/strong>\u00a0Cet outil vous permet de modifier manuellement les mod\u00e8les num\u00e9riques de terrain (MNT).<\/li>\n<li data-sourcepos=\"5:1-5:44\"><strong>G\u00e9n\u00e9rer des lignes de rupture \u00e0 partir de la grille de terrain\u00a0:<\/strong>\u00a0Cet outil cr\u00e9e des entit\u00e9s lin\u00e9aires vectorielles \u00e0 des changements distincts d&#039;altitude\/pente.<\/li>\n<li data-sourcepos=\"6:1-6:105\"><strong>Vectoriser le raster :<\/strong>\u00a0Cet outil extrait et lisse les zones vectorielles des images raster et des couches de terrain.<\/li>\n<li data-sourcepos=\"7:1-8:0\"><strong>Traitement LiDAR avanc\u00e9\u00a0:<\/strong>\u00a0Global Mapper Pro comprend un certain nombre d&#039;outils permettant de travailler avec des donn\u00e9es LiDAR, tels que la classification des nuages de points, le filtrage,<\/li>\n<\/ul>\n<\/div>\n<\/div>\n<div class=\"response-container-content ng-tns-c3609015057-52\">\n<div class=\"response-content ng-trigger ng-trigger-responsePopulation ng-tns-c3609015057-52 ng-animate-disabled\">\n<div class=\"markdown markdown-main-panel ui-v2-enabled\" dir=\"ltr\">\n<p>\u2013&gt;&gt; <strong>La licence flottante mono-utilisateur est compatible avec le bureau \u00e0 distance (RDP), ce qui est pratique pour les utilisateurs travaillant entre plusieurs emplacements.<\/strong>\u00a0&lt;&lt;\u2013<\/p>\n<p><span style=\"text-decoration: underline;\"><strong>(Mise \u00e0 niveau de la licence de la version Standard vers la version Pro)<\/strong><\/span><\/p>\n<\/div>\n<\/div>\n<\/div>\n<\/div>\n<\/div>","protected":false},"featured_media":15943,"comment_status":"open","ping_status":"closed","template":"","meta":[],"product_brand":[],"product_cat":[670,31],"product_tag":[525,675,676],"class_list":{"0":"post-15967","1":"product","2":"type-product","3":"status-publish","4":"has-post-thumbnail","6":"product_cat-blue-marble","7":"product_cat-software","8":"product_tag-floating-license","9":"product_tag-global-mapper-pro","10":"product_tag-upgrade-license","12":"first","13":"instock","14":"taxable","15":"shipping-taxable","16":"product-type-simple"},"yoast_head":"<!-- This site is optimized with the Yoast SEO plugin v27.1.1 - https:\/\/yoast.com\/product\/yoast-seo-wordpress\/ -->\n<title>GM (Upgrade-to-Pro) Single User - Floating License - Ghostysky<\/title>\n<meta name=\"description\" content=\"Global Mapper Pro is an advanced geospatial software program designed for professionals who need more than the basic features of Global Mapper. It includes a wide range of tools for working with imagery, terrain, and LiDAR data.\" \/>\n<meta name=\"robots\" content=\"index, follow, max-snippet:-1, max-image-preview:large, max-video-preview:-1\" \/>\n<link rel=\"canonical\" href=\"https:\/\/www.ghostysky.com\/fr\/product\/gm-upgrade-to-pro-single-user-floating-license\/\" \/>\n<meta property=\"og:locale\" content=\"fr_FR\" \/>\n<meta property=\"og:type\" content=\"article\" \/>\n<meta property=\"og:title\" content=\"GM (Upgrade-to-Pro) Single User - Floating License - Ghostysky\" \/>\n<meta property=\"og:description\" content=\"Global Mapper Pro is an advanced geospatial software program designed for professionals who need more than the basic features of Global Mapper. It includes a wide range of tools for working with imagery, terrain, and LiDAR data.\" \/>\n<meta property=\"og:url\" content=\"https:\/\/www.ghostysky.com\/fr\/product\/gm-upgrade-to-pro-single-user-floating-license\/\" \/>\n<meta property=\"og:site_name\" content=\"Ghostysky\" \/>\n<meta property=\"article:publisher\" content=\"https:\/\/www.facebook.com\/people\/Ghostysky\/100057676170234\/\" \/>\n<meta property=\"article:modified_time\" content=\"2024-07-28T19:53:09+00:00\" \/>\n<meta property=\"og:image\" content=\"https:\/\/www.ghostysky.com\/wp-content\/uploads\/2024\/02\/GlobalMapperPro.png\" \/>\n\t<meta property=\"og:image:width\" content=\"1500\" \/>\n\t<meta property=\"og:image:height\" content=\"1299\" \/>\n\t<meta property=\"og:image:type\" content=\"image\/png\" \/>\n<meta name=\"twitter:card\" content=\"summary_large_image\" \/>\n<meta name=\"twitter:site\" content=\"@Gh0stysky\" \/>\n<meta name=\"twitter:label1\" content=\"Dur\u00e9e de lecture estim\u00e9e\" \/>\n\t<meta name=\"twitter:data1\" content=\"5 minutes\" \/>\n<script type=\"application\/ld+json\" class=\"yoast-schema-graph\">{\"@context\":\"https:\/\/schema.org\",\"@graph\":[{\"@type\":\"WebPage\",\"@id\":\"https:\/\/www.ghostysky.com\/product\/gm-upgrade-to-pro-single-user-floating-license\/\",\"url\":\"https:\/\/www.ghostysky.com\/product\/gm-upgrade-to-pro-single-user-floating-license\/\",\"name\":\"GM (Upgrade-to-Pro) Single User - Floating License - Ghostysky\",\"isPartOf\":{\"@id\":\"https:\/\/www.ghostysky.com\/#website\"},\"primaryImageOfPage\":{\"@id\":\"https:\/\/www.ghostysky.com\/product\/gm-upgrade-to-pro-single-user-floating-license\/#primaryimage\"},\"image\":{\"@id\":\"https:\/\/www.ghostysky.com\/product\/gm-upgrade-to-pro-single-user-floating-license\/#primaryimage\"},\"thumbnailUrl\":\"https:\/\/www.ghostysky.com\/wp-content\/uploads\/2024\/02\/GlobalMapperPro.png\",\"datePublished\":\"2024-02-10T10:57:40+00:00\",\"dateModified\":\"2024-07-28T19:53:09+00:00\",\"description\":\"Global Mapper Pro is an advanced geospatial software program designed for professionals who need more than the basic features of Global Mapper. It includes a wide range of tools for working with imagery, terrain, and LiDAR data.\",\"breadcrumb\":{\"@id\":\"https:\/\/www.ghostysky.com\/product\/gm-upgrade-to-pro-single-user-floating-license\/#breadcrumb\"},\"inLanguage\":\"fr-FR\",\"potentialAction\":[{\"@type\":\"ReadAction\",\"target\":[\"https:\/\/www.ghostysky.com\/product\/gm-upgrade-to-pro-single-user-floating-license\/\"]}]},{\"@type\":\"ImageObject\",\"inLanguage\":\"fr-FR\",\"@id\":\"https:\/\/www.ghostysky.com\/product\/gm-upgrade-to-pro-single-user-floating-license\/#primaryimage\",\"url\":\"https:\/\/www.ghostysky.com\/wp-content\/uploads\/2024\/02\/GlobalMapperPro.png\",\"contentUrl\":\"https:\/\/www.ghostysky.com\/wp-content\/uploads\/2024\/02\/GlobalMapperPro.png\",\"width\":1500,\"height\":1299},{\"@type\":\"BreadcrumbList\",\"@id\":\"https:\/\/www.ghostysky.com\/product\/gm-upgrade-to-pro-single-user-floating-license\/#breadcrumb\",\"itemListElement\":[{\"@type\":\"ListItem\",\"position\":1,\"name\":\"Home\",\"item\":\"https:\/\/www.ghostysky.com\/\"},{\"@type\":\"ListItem\",\"position\":2,\"name\":\"Shop\",\"item\":\"https:\/\/www.ghostysky.com\/shop\/\"},{\"@type\":\"ListItem\",\"position\":3,\"name\":\"GM (Upgrade-to-Pro) Single User &#8211; Floating License\"}]},{\"@type\":\"WebSite\",\"@id\":\"https:\/\/www.ghostysky.com\/#website\",\"url\":\"https:\/\/www.ghostysky.com\/\",\"name\":\"Ghostysky\",\"description\":\"Delivering professional drones and services\",\"publisher\":{\"@id\":\"https:\/\/www.ghostysky.com\/#organization\"},\"potentialAction\":[{\"@type\":\"SearchAction\",\"target\":{\"@type\":\"EntryPoint\",\"urlTemplate\":\"https:\/\/www.ghostysky.com\/?s={search_term_string}\"},\"query-input\":{\"@type\":\"PropertyValueSpecification\",\"valueRequired\":true,\"valueName\":\"search_term_string\"}}],\"inLanguage\":\"fr-FR\"},{\"@type\":\"Organization\",\"@id\":\"https:\/\/www.ghostysky.com\/#organization\",\"name\":\"Ghostysky\",\"url\":\"https:\/\/www.ghostysky.com\/\",\"logo\":{\"@type\":\"ImageObject\",\"inLanguage\":\"fr-FR\",\"@id\":\"https:\/\/www.ghostysky.com\/#\/schema\/logo\/image\/\",\"url\":\"https:\/\/www.ghostysky.com\/wp-content\/uploads\/2020\/06\/cropped-ghostyskylogo_text_white2.png\",\"contentUrl\":\"https:\/\/www.ghostysky.com\/wp-content\/uploads\/2020\/06\/cropped-ghostyskylogo_text_white2.png\",\"width\":169,\"height\":56,\"caption\":\"Ghostysky\"},\"image\":{\"@id\":\"https:\/\/www.ghostysky.com\/#\/schema\/logo\/image\/\"},\"sameAs\":[\"https:\/\/www.facebook.com\/people\/Ghostysky\/100057676170234\/\",\"https:\/\/x.com\/Gh0stysky\",\"https:\/\/www.linkedin.com\/company\/34739653\",\"https:\/\/www.instagram.com\/gh0stysky\"]}]}<\/script>\n<!-- \/ Yoast SEO plugin. -->","yoast_head_json":{"title":"Licence flottante GM (mise \u00e0 niveau vers Pro) pour utilisateur unique - Ghostysky","description":"Global Mapper Pro est un logiciel g\u00e9ospatial avanc\u00e9 con\u00e7u pour les professionnels qui recherchent plus que les fonctionnalit\u00e9s de base de Global Mapper. Il comprend une large gamme d&#039;outils pour travailler avec l&#039;imagerie, le terrain et les donn\u00e9es LiDAR.","robots":{"index":"index","follow":"follow","max-snippet":"max-snippet:-1","max-image-preview":"max-image-preview:large","max-video-preview":"max-video-preview:-1"},"canonical":"https:\/\/www.ghostysky.com\/fr\/product\/gm-upgrade-to-pro-single-user-floating-license\/","og_locale":"fr_FR","og_type":"article","og_title":"GM (Upgrade-to-Pro) Single User - Floating License - Ghostysky","og_description":"Global Mapper Pro is an advanced geospatial software program designed for professionals who need more than the basic features of Global Mapper. It includes a wide range of tools for working with imagery, terrain, and LiDAR data.","og_url":"https:\/\/www.ghostysky.com\/fr\/product\/gm-upgrade-to-pro-single-user-floating-license\/","og_site_name":"Ghostysky","article_publisher":"https:\/\/www.facebook.com\/people\/Ghostysky\/100057676170234\/","article_modified_time":"2024-07-28T19:53:09+00:00","og_image":[{"width":1500,"height":1299,"url":"https:\/\/www.ghostysky.com\/wp-content\/uploads\/2024\/02\/GlobalMapperPro.png","type":"image\/png"}],"twitter_card":"summary_large_image","twitter_site":"@Gh0stysky","twitter_misc":{"Dur\u00e9e de lecture estim\u00e9e":"5 minutes"},"schema":{"@context":"https:\/\/schema.org","@graph":[{"@type":"WebPage","@id":"https:\/\/www.ghostysky.com\/product\/gm-upgrade-to-pro-single-user-floating-license\/","url":"https:\/\/www.ghostysky.com\/product\/gm-upgrade-to-pro-single-user-floating-license\/","name":"Licence flottante GM (mise \u00e0 niveau vers Pro) pour utilisateur unique - Ghostysky","isPartOf":{"@id":"https:\/\/www.ghostysky.com\/#website"},"primaryImageOfPage":{"@id":"https:\/\/www.ghostysky.com\/product\/gm-upgrade-to-pro-single-user-floating-license\/#primaryimage"},"image":{"@id":"https:\/\/www.ghostysky.com\/product\/gm-upgrade-to-pro-single-user-floating-license\/#primaryimage"},"thumbnailUrl":"https:\/\/www.ghostysky.com\/wp-content\/uploads\/2024\/02\/GlobalMapperPro.png","datePublished":"2024-02-10T10:57:40+00:00","dateModified":"2024-07-28T19:53:09+00:00","description":"Global Mapper Pro est un logiciel g\u00e9ospatial avanc\u00e9 con\u00e7u pour les professionnels qui recherchent plus que les fonctionnalit\u00e9s de base de Global Mapper. Il comprend une large gamme d&#039;outils pour travailler avec l&#039;imagerie, le terrain et les donn\u00e9es LiDAR.","breadcrumb":{"@id":"https:\/\/www.ghostysky.com\/product\/gm-upgrade-to-pro-single-user-floating-license\/#breadcrumb"},"inLanguage":"fr-FR","potentialAction":[{"@type":"ReadAction","target":["https:\/\/www.ghostysky.com\/product\/gm-upgrade-to-pro-single-user-floating-license\/"]}]},{"@type":"ImageObject","inLanguage":"fr-FR","@id":"https:\/\/www.ghostysky.com\/product\/gm-upgrade-to-pro-single-user-floating-license\/#primaryimage","url":"https:\/\/www.ghostysky.com\/wp-content\/uploads\/2024\/02\/GlobalMapperPro.png","contentUrl":"https:\/\/www.ghostysky.com\/wp-content\/uploads\/2024\/02\/GlobalMapperPro.png","width":1500,"height":1299},{"@type":"BreadcrumbList","@id":"https:\/\/www.ghostysky.com\/product\/gm-upgrade-to-pro-single-user-floating-license\/#breadcrumb","itemListElement":[{"@type":"ListItem","position":1,"name":"Home","item":"https:\/\/www.ghostysky.com\/"},{"@type":"ListItem","position":2,"name":"Shop","item":"https:\/\/www.ghostysky.com\/shop\/"},{"@type":"ListItem","position":3,"name":"GM (Upgrade-to-Pro) Single User &#8211; Floating License"}]},{"@type":"WebSite","@id":"https:\/\/www.ghostysky.com\/#website","url":"https:\/\/www.ghostysky.com\/","name":"Ghostysky","description":"Livraison de drones et de services professionnels","publisher":{"@id":"https:\/\/www.ghostysky.com\/#organization"},"potentialAction":[{"@type":"SearchAction","target":{"@type":"EntryPoint","urlTemplate":"https:\/\/www.ghostysky.com\/?s={search_term_string}"},"query-input":{"@type":"PropertyValueSpecification","valueRequired":true,"valueName":"search_term_string"}}],"inLanguage":"fr-FR"},{"@type":"Organization","@id":"https:\/\/www.ghostysky.com\/#organization","name":"Ghostysky","url":"https:\/\/www.ghostysky.com\/","logo":{"@type":"ImageObject","inLanguage":"fr-FR","@id":"https:\/\/www.ghostysky.com\/#\/schema\/logo\/image\/","url":"https:\/\/www.ghostysky.com\/wp-content\/uploads\/2020\/06\/cropped-ghostyskylogo_text_white2.png","contentUrl":"https:\/\/www.ghostysky.com\/wp-content\/uploads\/2020\/06\/cropped-ghostyskylogo_text_white2.png","width":169,"height":56,"caption":"Ghostysky"},"image":{"@id":"https:\/\/www.ghostysky.com\/#\/schema\/logo\/image\/"},"sameAs":["https:\/\/www.facebook.com\/people\/Ghostysky\/100057676170234\/","https:\/\/x.com\/Gh0stysky","https:\/\/www.linkedin.com\/company\/34739653","https:\/\/www.instagram.com\/gh0stysky"]}]}},"_links":{"self":[{"href":"https:\/\/www.ghostysky.com\/fr\/wp-json\/wp\/v2\/product\/15967","targetHints":{"allow":["GET"]}}],"collection":[{"href":"https:\/\/www.ghostysky.com\/fr\/wp-json\/wp\/v2\/product"}],"about":[{"href":"https:\/\/www.ghostysky.com\/fr\/wp-json\/wp\/v2\/types\/product"}],"replies":[{"embeddable":true,"href":"https:\/\/www.ghostysky.com\/fr\/wp-json\/wp\/v2\/comments?post=15967"}],"wp:featuredmedia":[{"embeddable":true,"href":"https:\/\/www.ghostysky.com\/fr\/wp-json\/wp\/v2\/media\/15943"}],"wp:attachment":[{"href":"https:\/\/www.ghostysky.com\/fr\/wp-json\/wp\/v2\/media?parent=15967"}],"wp:term":[{"taxonomy":"product_brand","embeddable":true,"href":"https:\/\/www.ghostysky.com\/fr\/wp-json\/wp\/v2\/product_brand?post=15967"},{"taxonomy":"product_cat","embeddable":true,"href":"https:\/\/www.ghostysky.com\/fr\/wp-json\/wp\/v2\/product_cat?post=15967"},{"taxonomy":"product_tag","embeddable":true,"href":"https:\/\/www.ghostysky.com\/fr\/wp-json\/wp\/v2\/product_tag?post=15967"}],"curies":[{"name":"wp","href":"https:\/\/api.w.org\/{rel}","templated":true}]}}