{"id":15969,"date":"2024-02-10T11:17:26","date_gmt":"2024-02-10T11:17:26","guid":{"rendered":"https:\/\/www.ghostysky.com\/?post_type=product&#038;p=15969"},"modified":"2024-03-17T09:43:50","modified_gmt":"2024-03-17T09:43:50","slug":"geographic-calculator-single-user-node-locked","status":"publish","type":"product","link":"https:\/\/www.ghostysky.com\/fr\/product\/geographic-calculator-single-user-node-locked\/","title":{"rendered":"Calculatrice g\u00e9ographique \u2013 Utilisateur unique, n\u0153ud verrouill\u00e9"},"content":{"rendered":"<p data-sourcepos=\"7:1-7:109\"><strong>Calculatrice g\u00e9ographique<\/strong> Permet la conversion entre une grande vari\u00e9t\u00e9 de syst\u00e8mes de coordonn\u00e9es, notamment la latitude\/longitude, les coordonn\u00e9es UTM et les coordonn\u00e9es du plan d&#039;\u00e9tat. Il permet \u00e9galement de convertir les coordonn\u00e9es entre diff\u00e9rents r\u00e9f\u00e9rentiels, tels que WGS84 et NAD83. De plus, Geographic Calculator prend en charge la conversion entre divers formats de fichiers g\u00e9ospatiaux, tels que les shapefiles, KML et GPX.<\/p>\n<p data-sourcepos=\"9:1-9:91\">La calculatrice g\u00e9ographique est un outil polyvalent qui peut \u00eatre utilis\u00e9 pour une vari\u00e9t\u00e9 de t\u00e2ches, telles que\u00a0:<\/p>\n<ul data-sourcepos=\"11:1-15:0\">\n<li data-sourcepos=\"11:1-11:17\"><strong>Planifier un voyage<\/strong><\/li>\n<li data-sourcepos=\"12:1-12:20\"><strong>Cartographier une propri\u00e9t\u00e9<\/strong><\/li>\n<li data-sourcepos=\"13:1-13:27\"><strong>Analyse des donn\u00e9es g\u00e9ospatiales<\/strong><\/li>\n<li data-sourcepos=\"14:1-15:0\"><strong>Cr\u00e9er des cartes<\/strong><\/li>\n<\/ul>\n<p data-sourcepos=\"16:1-16:125\">La Calculatrice G\u00e9ographique est disponible pour Windows, macOS et Linux. Ce logiciel est payant, mais une version d&#039;essai gratuite est disponible.<\/p>\n<p data-sourcepos=\"18:1-18:33\">Dans l\u2019ensemble, Geographic Calculator est un outil puissant et facile \u00e0 utiliser qui peut \u00eatre utilis\u00e9 pour une vari\u00e9t\u00e9 de t\u00e2ches g\u00e9ospatiales.<\/p>","protected":false},"excerpt":{"rendered":"<p><span class=\"citation-0 citation-end-0 animating\"><strong>Calculatrice g\u00e9ographique<\/strong> est un logiciel g\u00e9od\u00e9sique puissant pour la conversion pr\u00e9cise de coordonn\u00e9es, la transformation de donn\u00e9es et la traduction de fichiers.<\/span><span class=\"animating\"> Il est con\u00e7u pour les professionnels du SIG,<\/span><span class=\"animating\"> g\u00e9om\u00e8tres,<\/span><span class=\"animating\"> ing\u00e9nieurs,<\/span><span class=\"animating\"> et toute personne qui travaille avec des donn\u00e9es g\u00e9ospatiales.<\/span><\/p>\n<p>\u2013&gt;&gt; <strong>Cette licence est verrouill\u00e9e sur un seul ordinateur et ne peut pas \u00eatre accessible \u00e0 distance.<\/strong> &lt;&lt;\u2013<\/p>\n<p>&nbsp;<\/p>","protected":false},"featured_media":15970,"comment_status":"open","ping_status":"closed","template":"","meta":[],"product_brand":[],"product_cat":[670,31],"product_tag":[680,679],"class_list":{"0":"post-15969","1":"product","2":"type-product","3":"status-publish","4":"has-post-thumbnail","6":"product_cat-blue-marble","7":"product_cat-software","8":"product_tag-blue-marble","9":"product_tag-geographic-calculator","11":"first","12":"instock","13":"taxable","14":"shipping-taxable","15":"product-type-simple"},"yoast_head":"<!-- This site is optimized with the Yoast SEO plugin v27.1.1 - https:\/\/yoast.com\/product\/yoast-seo-wordpress\/ -->\n<title>Geographic Calculator - Single User, Node Locked - Ghostysky<\/title>\n<meta name=\"description\" content=\"Geographic Calculator is a powerful geodetic software for accurate coordinate conversion, datum transformation, and file translation. It is designed for GIS professionals, surveyors, engineers, and anyone who works with geospatial data.\" \/>\n<meta name=\"robots\" content=\"index, follow, max-snippet:-1, max-image-preview:large, max-video-preview:-1\" \/>\n<link rel=\"canonical\" href=\"https:\/\/www.ghostysky.com\/fr\/product\/geographic-calculator-single-user-node-locked\/\" \/>\n<meta property=\"og:locale\" content=\"fr_FR\" \/>\n<meta property=\"og:type\" content=\"article\" \/>\n<meta property=\"og:title\" content=\"Geographic Calculator - Single User, Node Locked - Ghostysky\" \/>\n<meta property=\"og:description\" content=\"Geographic Calculator is a powerful geodetic software for accurate coordinate conversion, datum transformation, and file translation. It is designed for GIS professionals, surveyors, engineers, and anyone who works with geospatial data.\" \/>\n<meta property=\"og:url\" content=\"https:\/\/www.ghostysky.com\/fr\/product\/geographic-calculator-single-user-node-locked\/\" \/>\n<meta property=\"og:site_name\" content=\"Ghostysky\" \/>\n<meta property=\"article:publisher\" content=\"https:\/\/www.facebook.com\/people\/Ghostysky\/100057676170234\/\" \/>\n<meta property=\"article:modified_time\" content=\"2024-03-17T09:43:50+00:00\" \/>\n<meta property=\"og:image\" content=\"https:\/\/www.ghostysky.com\/wp-content\/uploads\/2024\/02\/GeographicCalculator.png\" \/>\n\t<meta property=\"og:image:width\" content=\"1500\" \/>\n\t<meta property=\"og:image:height\" content=\"1299\" \/>\n\t<meta property=\"og:image:type\" content=\"image\/png\" \/>\n<meta name=\"twitter:card\" content=\"summary_large_image\" \/>\n<meta name=\"twitter:site\" content=\"@Gh0stysky\" \/>\n<meta name=\"twitter:label1\" content=\"Dur\u00e9e de lecture estim\u00e9e\" \/>\n\t<meta name=\"twitter:data1\" content=\"1 minute\" \/>\n<script type=\"application\/ld+json\" class=\"yoast-schema-graph\">{\"@context\":\"https:\/\/schema.org\",\"@graph\":[{\"@type\":\"WebPage\",\"@id\":\"https:\/\/www.ghostysky.com\/product\/geographic-calculator-single-user-node-locked\/\",\"url\":\"https:\/\/www.ghostysky.com\/product\/geographic-calculator-single-user-node-locked\/\",\"name\":\"Geographic Calculator - Single User, Node Locked - Ghostysky\",\"isPartOf\":{\"@id\":\"https:\/\/www.ghostysky.com\/#website\"},\"primaryImageOfPage\":{\"@id\":\"https:\/\/www.ghostysky.com\/product\/geographic-calculator-single-user-node-locked\/#primaryimage\"},\"image\":{\"@id\":\"https:\/\/www.ghostysky.com\/product\/geographic-calculator-single-user-node-locked\/#primaryimage\"},\"thumbnailUrl\":\"https:\/\/www.ghostysky.com\/wp-content\/uploads\/2024\/02\/GeographicCalculator.png\",\"datePublished\":\"2024-02-10T11:17:26+00:00\",\"dateModified\":\"2024-03-17T09:43:50+00:00\",\"description\":\"Geographic Calculator is a powerful geodetic software for accurate coordinate conversion, datum transformation, and file translation. It is designed for GIS professionals, surveyors, engineers, and anyone who works with geospatial data.\",\"breadcrumb\":{\"@id\":\"https:\/\/www.ghostysky.com\/product\/geographic-calculator-single-user-node-locked\/#breadcrumb\"},\"inLanguage\":\"fr-FR\",\"potentialAction\":[{\"@type\":\"ReadAction\",\"target\":[\"https:\/\/www.ghostysky.com\/product\/geographic-calculator-single-user-node-locked\/\"]}]},{\"@type\":\"ImageObject\",\"inLanguage\":\"fr-FR\",\"@id\":\"https:\/\/www.ghostysky.com\/product\/geographic-calculator-single-user-node-locked\/#primaryimage\",\"url\":\"https:\/\/www.ghostysky.com\/wp-content\/uploads\/2024\/02\/GeographicCalculator.png\",\"contentUrl\":\"https:\/\/www.ghostysky.com\/wp-content\/uploads\/2024\/02\/GeographicCalculator.png\",\"width\":1500,\"height\":1299},{\"@type\":\"BreadcrumbList\",\"@id\":\"https:\/\/www.ghostysky.com\/product\/geographic-calculator-single-user-node-locked\/#breadcrumb\",\"itemListElement\":[{\"@type\":\"ListItem\",\"position\":1,\"name\":\"Home\",\"item\":\"https:\/\/www.ghostysky.com\/\"},{\"@type\":\"ListItem\",\"position\":2,\"name\":\"Shop\",\"item\":\"https:\/\/www.ghostysky.com\/shop\/\"},{\"@type\":\"ListItem\",\"position\":3,\"name\":\"Geographic Calculator &#8211; Single User, Node Locked\"}]},{\"@type\":\"WebSite\",\"@id\":\"https:\/\/www.ghostysky.com\/#website\",\"url\":\"https:\/\/www.ghostysky.com\/\",\"name\":\"Ghostysky\",\"description\":\"Delivering professional drones and services\",\"publisher\":{\"@id\":\"https:\/\/www.ghostysky.com\/#organization\"},\"potentialAction\":[{\"@type\":\"SearchAction\",\"target\":{\"@type\":\"EntryPoint\",\"urlTemplate\":\"https:\/\/www.ghostysky.com\/?s={search_term_string}\"},\"query-input\":{\"@type\":\"PropertyValueSpecification\",\"valueRequired\":true,\"valueName\":\"search_term_string\"}}],\"inLanguage\":\"fr-FR\"},{\"@type\":\"Organization\",\"@id\":\"https:\/\/www.ghostysky.com\/#organization\",\"name\":\"Ghostysky\",\"url\":\"https:\/\/www.ghostysky.com\/\",\"logo\":{\"@type\":\"ImageObject\",\"inLanguage\":\"fr-FR\",\"@id\":\"https:\/\/www.ghostysky.com\/#\/schema\/logo\/image\/\",\"url\":\"https:\/\/www.ghostysky.com\/wp-content\/uploads\/2020\/06\/cropped-ghostyskylogo_text_white2.png\",\"contentUrl\":\"https:\/\/www.ghostysky.com\/wp-content\/uploads\/2020\/06\/cropped-ghostyskylogo_text_white2.png\",\"width\":169,\"height\":56,\"caption\":\"Ghostysky\"},\"image\":{\"@id\":\"https:\/\/www.ghostysky.com\/#\/schema\/logo\/image\/\"},\"sameAs\":[\"https:\/\/www.facebook.com\/people\/Ghostysky\/100057676170234\/\",\"https:\/\/x.com\/Gh0stysky\",\"https:\/\/www.linkedin.com\/company\/34739653\",\"https:\/\/www.instagram.com\/gh0stysky\"]}]}<\/script>\n<!-- \/ Yoast SEO plugin. -->","yoast_head_json":{"title":"Calculatrice g\u00e9ographique - Utilisateur unique, n\u0153ud verrouill\u00e9 - Ghostysky","description":"Geographic Calculator est un puissant logiciel g\u00e9od\u00e9sique permettant la conversion pr\u00e9cise de coordonn\u00e9es, la transformation de donn\u00e9es et la traduction de fichiers. Il est con\u00e7u pour les professionnels des SIG, les g\u00e9om\u00e8tres, les ing\u00e9nieurs et toute personne travaillant avec des donn\u00e9es g\u00e9ospatiales.","robots":{"index":"index","follow":"follow","max-snippet":"max-snippet:-1","max-image-preview":"max-image-preview:large","max-video-preview":"max-video-preview:-1"},"canonical":"https:\/\/www.ghostysky.com\/fr\/product\/geographic-calculator-single-user-node-locked\/","og_locale":"fr_FR","og_type":"article","og_title":"Geographic Calculator - Single User, Node Locked - Ghostysky","og_description":"Geographic Calculator is a powerful geodetic software for accurate coordinate conversion, datum transformation, and file translation. It is designed for GIS professionals, surveyors, engineers, and anyone who works with geospatial data.","og_url":"https:\/\/www.ghostysky.com\/fr\/product\/geographic-calculator-single-user-node-locked\/","og_site_name":"Ghostysky","article_publisher":"https:\/\/www.facebook.com\/people\/Ghostysky\/100057676170234\/","article_modified_time":"2024-03-17T09:43:50+00:00","og_image":[{"width":1500,"height":1299,"url":"https:\/\/www.ghostysky.com\/wp-content\/uploads\/2024\/02\/GeographicCalculator.png","type":"image\/png"}],"twitter_card":"summary_large_image","twitter_site":"@Gh0stysky","twitter_misc":{"Dur\u00e9e de lecture estim\u00e9e":"1 minute"},"schema":{"@context":"https:\/\/schema.org","@graph":[{"@type":"WebPage","@id":"https:\/\/www.ghostysky.com\/product\/geographic-calculator-single-user-node-locked\/","url":"https:\/\/www.ghostysky.com\/product\/geographic-calculator-single-user-node-locked\/","name":"Calculatrice g\u00e9ographique - Utilisateur unique, n\u0153ud verrouill\u00e9 - Ghostysky","isPartOf":{"@id":"https:\/\/www.ghostysky.com\/#website"},"primaryImageOfPage":{"@id":"https:\/\/www.ghostysky.com\/product\/geographic-calculator-single-user-node-locked\/#primaryimage"},"image":{"@id":"https:\/\/www.ghostysky.com\/product\/geographic-calculator-single-user-node-locked\/#primaryimage"},"thumbnailUrl":"https:\/\/www.ghostysky.com\/wp-content\/uploads\/2024\/02\/GeographicCalculator.png","datePublished":"2024-02-10T11:17:26+00:00","dateModified":"2024-03-17T09:43:50+00:00","description":"Geographic Calculator est un puissant logiciel g\u00e9od\u00e9sique permettant la conversion pr\u00e9cise de coordonn\u00e9es, la transformation de donn\u00e9es et la traduction de fichiers. Il est con\u00e7u pour les professionnels des SIG, les g\u00e9om\u00e8tres, les ing\u00e9nieurs et toute personne travaillant avec des donn\u00e9es g\u00e9ospatiales.","breadcrumb":{"@id":"https:\/\/www.ghostysky.com\/product\/geographic-calculator-single-user-node-locked\/#breadcrumb"},"inLanguage":"fr-FR","potentialAction":[{"@type":"ReadAction","target":["https:\/\/www.ghostysky.com\/product\/geographic-calculator-single-user-node-locked\/"]}]},{"@type":"ImageObject","inLanguage":"fr-FR","@id":"https:\/\/www.ghostysky.com\/product\/geographic-calculator-single-user-node-locked\/#primaryimage","url":"https:\/\/www.ghostysky.com\/wp-content\/uploads\/2024\/02\/GeographicCalculator.png","contentUrl":"https:\/\/www.ghostysky.com\/wp-content\/uploads\/2024\/02\/GeographicCalculator.png","width":1500,"height":1299},{"@type":"BreadcrumbList","@id":"https:\/\/www.ghostysky.com\/product\/geographic-calculator-single-user-node-locked\/#breadcrumb","itemListElement":[{"@type":"ListItem","position":1,"name":"Home","item":"https:\/\/www.ghostysky.com\/"},{"@type":"ListItem","position":2,"name":"Shop","item":"https:\/\/www.ghostysky.com\/shop\/"},{"@type":"ListItem","position":3,"name":"Geographic Calculator &#8211; Single User, Node Locked"}]},{"@type":"WebSite","@id":"https:\/\/www.ghostysky.com\/#website","url":"https:\/\/www.ghostysky.com\/","name":"Ghostysky","description":"Livraison de drones et de services professionnels","publisher":{"@id":"https:\/\/www.ghostysky.com\/#organization"},"potentialAction":[{"@type":"SearchAction","target":{"@type":"EntryPoint","urlTemplate":"https:\/\/www.ghostysky.com\/?s={search_term_string}"},"query-input":{"@type":"PropertyValueSpecification","valueRequired":true,"valueName":"search_term_string"}}],"inLanguage":"fr-FR"},{"@type":"Organization","@id":"https:\/\/www.ghostysky.com\/#organization","name":"Ghostysky","url":"https:\/\/www.ghostysky.com\/","logo":{"@type":"ImageObject","inLanguage":"fr-FR","@id":"https:\/\/www.ghostysky.com\/#\/schema\/logo\/image\/","url":"https:\/\/www.ghostysky.com\/wp-content\/uploads\/2020\/06\/cropped-ghostyskylogo_text_white2.png","contentUrl":"https:\/\/www.ghostysky.com\/wp-content\/uploads\/2020\/06\/cropped-ghostyskylogo_text_white2.png","width":169,"height":56,"caption":"Ghostysky"},"image":{"@id":"https:\/\/www.ghostysky.com\/#\/schema\/logo\/image\/"},"sameAs":["https:\/\/www.facebook.com\/people\/Ghostysky\/100057676170234\/","https:\/\/x.com\/Gh0stysky","https:\/\/www.linkedin.com\/company\/34739653","https:\/\/www.instagram.com\/gh0stysky"]}]}},"_links":{"self":[{"href":"https:\/\/www.ghostysky.com\/fr\/wp-json\/wp\/v2\/product\/15969","targetHints":{"allow":["GET"]}}],"collection":[{"href":"https:\/\/www.ghostysky.com\/fr\/wp-json\/wp\/v2\/product"}],"about":[{"href":"https:\/\/www.ghostysky.com\/fr\/wp-json\/wp\/v2\/types\/product"}],"replies":[{"embeddable":true,"href":"https:\/\/www.ghostysky.com\/fr\/wp-json\/wp\/v2\/comments?post=15969"}],"wp:featuredmedia":[{"embeddable":true,"href":"https:\/\/www.ghostysky.com\/fr\/wp-json\/wp\/v2\/media\/15970"}],"wp:attachment":[{"href":"https:\/\/www.ghostysky.com\/fr\/wp-json\/wp\/v2\/media?parent=15969"}],"wp:term":[{"taxonomy":"product_brand","embeddable":true,"href":"https:\/\/www.ghostysky.com\/fr\/wp-json\/wp\/v2\/product_brand?post=15969"},{"taxonomy":"product_cat","embeddable":true,"href":"https:\/\/www.ghostysky.com\/fr\/wp-json\/wp\/v2\/product_cat?post=15969"},{"taxonomy":"product_tag","embeddable":true,"href":"https:\/\/www.ghostysky.com\/fr\/wp-json\/wp\/v2\/product_tag?post=15969"}],"curies":[{"name":"wp","href":"https:\/\/api.w.org\/{rel}","templated":true}]}}