{"id":15981,"date":"2024-02-10T11:45:52","date_gmt":"2024-02-10T11:45:52","guid":{"rendered":"https:\/\/www.ghostysky.com\/?post_type=product&#038;p=15981"},"modified":"2024-03-17T09:43:27","modified_gmt":"2024-03-17T09:43:27","slug":"global-mapper-standard-sdk","status":"publish","type":"product","link":"https:\/\/www.ghostysky.com\/fr\/product\/global-mapper-standard-sdk\/","title":{"rendered":"SDK standard Global Mapper"},"content":{"rendered":"<p data-sourcepos=\"1:1-1:140\">Le SDK Global Mapper est une bo\u00eete \u00e0 outils qui vous permet d&#039;ajouter de puissantes fonctionnalit\u00e9s g\u00e9ospatiales \u00e0 vos applications logicielles. Voici un bref r\u00e9sum\u00e9\u00a0:<\/p>\n<p data-sourcepos=\"3:1-3:17\"><strong>Ce qu&#039;il fait :<\/strong><\/p>\n<ul data-sourcepos=\"5:1-5:82\">\n<li data-sourcepos=\"5:1-5:82\">Donne acc\u00e8s \u00e0 de nombreuses fonctions de l&#039;application de bureau Global Mapper, telles que\u00a0:\n<ul data-sourcepos=\"6:5-8:5\">\n<li data-sourcepos=\"6:5-6:72\">Affichage et manipulation de donn\u00e9es g\u00e9ospatiales (cartes, images, LiDAR)<\/li>\n<li data-sourcepos=\"7:5-7:54\">Effectuer des calculs et des conversions g\u00e9od\u00e9siques<\/li>\n<li data-sourcepos=\"8:5-8:5\">\u00c9dition et cr\u00e9ation de formats de donn\u00e9es g\u00e9ospatiales<\/li>\n<\/ul>\n<\/li>\n<li data-sourcepos=\"9:1-9:55\">S&#039;int\u00e8gre aux applications existantes ou personnalis\u00e9es<\/li>\n<li data-sourcepos=\"10:1-10:32\">Fonctionne sur la plate-forme Windows avec diff\u00e9rents langages de programmation<\/li>\n<\/ul>\n<p data-sourcepos=\"12:1-12:17\"><strong>Caract\u00e9ristiques principales :<\/strong><\/p>\n<ul data-sourcepos=\"14:1-15:17\">\n<li data-sourcepos=\"14:1-14:25\">Prend en charge les donn\u00e9es 2D et 3D<\/li>\n<li data-sourcepos=\"15:1-15:17\">G\u00e8re divers formats de fichiers (raster, vecteur, LiDAR)<\/li>\n<li data-sourcepos=\"16:1-16:63\">Inclut des capacit\u00e9s de traitement LiDAR avanc\u00e9es (version Pro)<\/li>\n<li data-sourcepos=\"17:1-18:0\">Propose une licence d&#039;\u00e9valuation gratuite et des licences commerciales payantes<\/li>\n<\/ul>\n<p data-sourcepos=\"19:1-19:16\"><strong>Qui l&#039;utilise :<\/strong><\/p>\n<ul data-sourcepos=\"21:1-24:0\">\n<li data-sourcepos=\"21:1-21:54\">D\u00e9veloppeurs de logiciels cr\u00e9ant des applications g\u00e9ospatiales<\/li>\n<li data-sourcepos=\"22:1-22:45\">Les professionnels du SIG \u00e9tendent leurs flux de travail<\/li>\n<li data-sourcepos=\"23:1-24:0\">Les chercheurs ont besoin d&#039;outils g\u00e9ospatiaux avanc\u00e9s<\/li>\n<\/ul>","protected":false},"excerpt":{"rendered":"<p>La bo\u00eete \u00e0 outils de d\u00e9veloppement de logiciels standard Global Mapper (\u00e9galement connue sous le nom d&#039;API) permet \u00e0 un d\u00e9veloppeur de travailler avec le SDK pour d\u00e9velopper des applications personnalis\u00e9es.<\/p>","protected":false},"featured_media":15982,"comment_status":"open","ping_status":"closed","template":"","meta":[],"product_brand":[],"product_cat":[670,31],"product_tag":[682,683],"class_list":{"0":"post-15981","1":"product","2":"type-product","3":"status-publish","4":"has-post-thumbnail","6":"product_cat-blue-marble","7":"product_cat-software","8":"product_tag-global-mapper-standard-sdk","9":"product_tag-software-development-kits","11":"first","12":"instock","13":"taxable","14":"shipping-taxable","15":"product-type-simple"},"yoast_head":"<!-- This site is optimized with the Yoast SEO plugin v27.1.1 - https:\/\/yoast.com\/product\/yoast-seo-wordpress\/ -->\n<title>Global Mapper Standard SDK - Ghostysky<\/title>\n<meta name=\"description\" content=\"The Global Mapper Standard Software Developer Toolkit (also known as an API) entitles one developer to work with the SDK to develop custom applications.\" \/>\n<meta name=\"robots\" content=\"index, follow, max-snippet:-1, max-image-preview:large, max-video-preview:-1\" \/>\n<link rel=\"canonical\" href=\"https:\/\/www.ghostysky.com\/fr\/product\/global-mapper-standard-sdk\/\" \/>\n<meta property=\"og:locale\" content=\"fr_FR\" \/>\n<meta property=\"og:type\" content=\"article\" \/>\n<meta property=\"og:title\" content=\"Global Mapper Standard SDK - Ghostysky\" \/>\n<meta property=\"og:description\" content=\"The Global Mapper Standard Software Developer Toolkit (also known as an API) entitles one developer to work with the SDK to develop custom applications.\" \/>\n<meta property=\"og:url\" content=\"https:\/\/www.ghostysky.com\/fr\/product\/global-mapper-standard-sdk\/\" \/>\n<meta property=\"og:site_name\" content=\"Ghostysky\" \/>\n<meta property=\"article:publisher\" content=\"https:\/\/www.facebook.com\/people\/Ghostysky\/100057676170234\/\" \/>\n<meta property=\"article:modified_time\" content=\"2024-03-17T09:43:27+00:00\" \/>\n<meta property=\"og:image\" content=\"https:\/\/www.ghostysky.com\/wp-content\/uploads\/2024\/02\/GlobalMapperSDK.png\" \/>\n\t<meta property=\"og:image:width\" content=\"1500\" \/>\n\t<meta property=\"og:image:height\" content=\"1299\" \/>\n\t<meta property=\"og:image:type\" content=\"image\/png\" \/>\n<meta name=\"twitter:card\" content=\"summary_large_image\" \/>\n<meta name=\"twitter:site\" content=\"@Gh0stysky\" \/>\n<meta name=\"twitter:label1\" content=\"Dur\u00e9e de lecture estim\u00e9e\" \/>\n\t<meta name=\"twitter:data1\" content=\"1 minute\" \/>\n<script type=\"application\/ld+json\" class=\"yoast-schema-graph\">{\"@context\":\"https:\/\/schema.org\",\"@graph\":[{\"@type\":\"WebPage\",\"@id\":\"https:\/\/www.ghostysky.com\/product\/global-mapper-standard-sdk\/\",\"url\":\"https:\/\/www.ghostysky.com\/product\/global-mapper-standard-sdk\/\",\"name\":\"Global Mapper Standard SDK - Ghostysky\",\"isPartOf\":{\"@id\":\"https:\/\/www.ghostysky.com\/#website\"},\"primaryImageOfPage\":{\"@id\":\"https:\/\/www.ghostysky.com\/product\/global-mapper-standard-sdk\/#primaryimage\"},\"image\":{\"@id\":\"https:\/\/www.ghostysky.com\/product\/global-mapper-standard-sdk\/#primaryimage\"},\"thumbnailUrl\":\"https:\/\/www.ghostysky.com\/wp-content\/uploads\/2024\/02\/GlobalMapperSDK.png\",\"datePublished\":\"2024-02-10T11:45:52+00:00\",\"dateModified\":\"2024-03-17T09:43:27+00:00\",\"description\":\"The Global Mapper Standard Software Developer Toolkit (also known as an API) entitles one developer to work with the SDK to develop custom applications.\",\"breadcrumb\":{\"@id\":\"https:\/\/www.ghostysky.com\/product\/global-mapper-standard-sdk\/#breadcrumb\"},\"inLanguage\":\"fr-FR\",\"potentialAction\":[{\"@type\":\"ReadAction\",\"target\":[\"https:\/\/www.ghostysky.com\/product\/global-mapper-standard-sdk\/\"]}]},{\"@type\":\"ImageObject\",\"inLanguage\":\"fr-FR\",\"@id\":\"https:\/\/www.ghostysky.com\/product\/global-mapper-standard-sdk\/#primaryimage\",\"url\":\"https:\/\/www.ghostysky.com\/wp-content\/uploads\/2024\/02\/GlobalMapperSDK.png\",\"contentUrl\":\"https:\/\/www.ghostysky.com\/wp-content\/uploads\/2024\/02\/GlobalMapperSDK.png\",\"width\":1500,\"height\":1299},{\"@type\":\"BreadcrumbList\",\"@id\":\"https:\/\/www.ghostysky.com\/product\/global-mapper-standard-sdk\/#breadcrumb\",\"itemListElement\":[{\"@type\":\"ListItem\",\"position\":1,\"name\":\"Home\",\"item\":\"https:\/\/www.ghostysky.com\/\"},{\"@type\":\"ListItem\",\"position\":2,\"name\":\"Shop\",\"item\":\"https:\/\/www.ghostysky.com\/shop\/\"},{\"@type\":\"ListItem\",\"position\":3,\"name\":\"Global Mapper Standard SDK\"}]},{\"@type\":\"WebSite\",\"@id\":\"https:\/\/www.ghostysky.com\/#website\",\"url\":\"https:\/\/www.ghostysky.com\/\",\"name\":\"Ghostysky\",\"description\":\"Delivering professional drones and services\",\"publisher\":{\"@id\":\"https:\/\/www.ghostysky.com\/#organization\"},\"potentialAction\":[{\"@type\":\"SearchAction\",\"target\":{\"@type\":\"EntryPoint\",\"urlTemplate\":\"https:\/\/www.ghostysky.com\/?s={search_term_string}\"},\"query-input\":{\"@type\":\"PropertyValueSpecification\",\"valueRequired\":true,\"valueName\":\"search_term_string\"}}],\"inLanguage\":\"fr-FR\"},{\"@type\":\"Organization\",\"@id\":\"https:\/\/www.ghostysky.com\/#organization\",\"name\":\"Ghostysky\",\"url\":\"https:\/\/www.ghostysky.com\/\",\"logo\":{\"@type\":\"ImageObject\",\"inLanguage\":\"fr-FR\",\"@id\":\"https:\/\/www.ghostysky.com\/#\/schema\/logo\/image\/\",\"url\":\"https:\/\/www.ghostysky.com\/wp-content\/uploads\/2020\/06\/cropped-ghostyskylogo_text_white2.png\",\"contentUrl\":\"https:\/\/www.ghostysky.com\/wp-content\/uploads\/2020\/06\/cropped-ghostyskylogo_text_white2.png\",\"width\":169,\"height\":56,\"caption\":\"Ghostysky\"},\"image\":{\"@id\":\"https:\/\/www.ghostysky.com\/#\/schema\/logo\/image\/\"},\"sameAs\":[\"https:\/\/www.facebook.com\/people\/Ghostysky\/100057676170234\/\",\"https:\/\/x.com\/Gh0stysky\",\"https:\/\/www.linkedin.com\/company\/34739653\",\"https:\/\/www.instagram.com\/gh0stysky\"]}]}<\/script>\n<!-- \/ Yoast SEO plugin. -->","yoast_head_json":{"title":"Kit de d\u00e9veloppement logiciel (SDK) standard Global Mapper - Ghostysky","description":"La bo\u00eete \u00e0 outils de d\u00e9veloppement de logiciels standard Global Mapper (\u00e9galement connue sous le nom d&#039;API) permet \u00e0 un d\u00e9veloppeur de travailler avec le SDK pour d\u00e9velopper des applications personnalis\u00e9es.","robots":{"index":"index","follow":"follow","max-snippet":"max-snippet:-1","max-image-preview":"max-image-preview:large","max-video-preview":"max-video-preview:-1"},"canonical":"https:\/\/www.ghostysky.com\/fr\/product\/global-mapper-standard-sdk\/","og_locale":"fr_FR","og_type":"article","og_title":"Global Mapper Standard SDK - Ghostysky","og_description":"The Global Mapper Standard Software Developer Toolkit (also known as an API) entitles one developer to work with the SDK to develop custom applications.","og_url":"https:\/\/www.ghostysky.com\/fr\/product\/global-mapper-standard-sdk\/","og_site_name":"Ghostysky","article_publisher":"https:\/\/www.facebook.com\/people\/Ghostysky\/100057676170234\/","article_modified_time":"2024-03-17T09:43:27+00:00","og_image":[{"width":1500,"height":1299,"url":"https:\/\/www.ghostysky.com\/wp-content\/uploads\/2024\/02\/GlobalMapperSDK.png","type":"image\/png"}],"twitter_card":"summary_large_image","twitter_site":"@Gh0stysky","twitter_misc":{"Dur\u00e9e de lecture estim\u00e9e":"1 minute"},"schema":{"@context":"https:\/\/schema.org","@graph":[{"@type":"WebPage","@id":"https:\/\/www.ghostysky.com\/product\/global-mapper-standard-sdk\/","url":"https:\/\/www.ghostysky.com\/product\/global-mapper-standard-sdk\/","name":"Kit de d\u00e9veloppement logiciel (SDK) standard Global Mapper - Ghostysky","isPartOf":{"@id":"https:\/\/www.ghostysky.com\/#website"},"primaryImageOfPage":{"@id":"https:\/\/www.ghostysky.com\/product\/global-mapper-standard-sdk\/#primaryimage"},"image":{"@id":"https:\/\/www.ghostysky.com\/product\/global-mapper-standard-sdk\/#primaryimage"},"thumbnailUrl":"https:\/\/www.ghostysky.com\/wp-content\/uploads\/2024\/02\/GlobalMapperSDK.png","datePublished":"2024-02-10T11:45:52+00:00","dateModified":"2024-03-17T09:43:27+00:00","description":"La bo\u00eete \u00e0 outils de d\u00e9veloppement de logiciels standard Global Mapper (\u00e9galement connue sous le nom d&#039;API) permet \u00e0 un d\u00e9veloppeur de travailler avec le SDK pour d\u00e9velopper des applications personnalis\u00e9es.","breadcrumb":{"@id":"https:\/\/www.ghostysky.com\/product\/global-mapper-standard-sdk\/#breadcrumb"},"inLanguage":"fr-FR","potentialAction":[{"@type":"ReadAction","target":["https:\/\/www.ghostysky.com\/product\/global-mapper-standard-sdk\/"]}]},{"@type":"ImageObject","inLanguage":"fr-FR","@id":"https:\/\/www.ghostysky.com\/product\/global-mapper-standard-sdk\/#primaryimage","url":"https:\/\/www.ghostysky.com\/wp-content\/uploads\/2024\/02\/GlobalMapperSDK.png","contentUrl":"https:\/\/www.ghostysky.com\/wp-content\/uploads\/2024\/02\/GlobalMapperSDK.png","width":1500,"height":1299},{"@type":"BreadcrumbList","@id":"https:\/\/www.ghostysky.com\/product\/global-mapper-standard-sdk\/#breadcrumb","itemListElement":[{"@type":"ListItem","position":1,"name":"Home","item":"https:\/\/www.ghostysky.com\/"},{"@type":"ListItem","position":2,"name":"Shop","item":"https:\/\/www.ghostysky.com\/shop\/"},{"@type":"ListItem","position":3,"name":"Global Mapper Standard SDK"}]},{"@type":"WebSite","@id":"https:\/\/www.ghostysky.com\/#website","url":"https:\/\/www.ghostysky.com\/","name":"Ghostysky","description":"Livraison de drones et de services professionnels","publisher":{"@id":"https:\/\/www.ghostysky.com\/#organization"},"potentialAction":[{"@type":"SearchAction","target":{"@type":"EntryPoint","urlTemplate":"https:\/\/www.ghostysky.com\/?s={search_term_string}"},"query-input":{"@type":"PropertyValueSpecification","valueRequired":true,"valueName":"search_term_string"}}],"inLanguage":"fr-FR"},{"@type":"Organization","@id":"https:\/\/www.ghostysky.com\/#organization","name":"Ghostysky","url":"https:\/\/www.ghostysky.com\/","logo":{"@type":"ImageObject","inLanguage":"fr-FR","@id":"https:\/\/www.ghostysky.com\/#\/schema\/logo\/image\/","url":"https:\/\/www.ghostysky.com\/wp-content\/uploads\/2020\/06\/cropped-ghostyskylogo_text_white2.png","contentUrl":"https:\/\/www.ghostysky.com\/wp-content\/uploads\/2020\/06\/cropped-ghostyskylogo_text_white2.png","width":169,"height":56,"caption":"Ghostysky"},"image":{"@id":"https:\/\/www.ghostysky.com\/#\/schema\/logo\/image\/"},"sameAs":["https:\/\/www.facebook.com\/people\/Ghostysky\/100057676170234\/","https:\/\/x.com\/Gh0stysky","https:\/\/www.linkedin.com\/company\/34739653","https:\/\/www.instagram.com\/gh0stysky"]}]}},"_links":{"self":[{"href":"https:\/\/www.ghostysky.com\/fr\/wp-json\/wp\/v2\/product\/15981","targetHints":{"allow":["GET"]}}],"collection":[{"href":"https:\/\/www.ghostysky.com\/fr\/wp-json\/wp\/v2\/product"}],"about":[{"href":"https:\/\/www.ghostysky.com\/fr\/wp-json\/wp\/v2\/types\/product"}],"replies":[{"embeddable":true,"href":"https:\/\/www.ghostysky.com\/fr\/wp-json\/wp\/v2\/comments?post=15981"}],"wp:featuredmedia":[{"embeddable":true,"href":"https:\/\/www.ghostysky.com\/fr\/wp-json\/wp\/v2\/media\/15982"}],"wp:attachment":[{"href":"https:\/\/www.ghostysky.com\/fr\/wp-json\/wp\/v2\/media?parent=15981"}],"wp:term":[{"taxonomy":"product_brand","embeddable":true,"href":"https:\/\/www.ghostysky.com\/fr\/wp-json\/wp\/v2\/product_brand?post=15981"},{"taxonomy":"product_cat","embeddable":true,"href":"https:\/\/www.ghostysky.com\/fr\/wp-json\/wp\/v2\/product_cat?post=15981"},{"taxonomy":"product_tag","embeddable":true,"href":"https:\/\/www.ghostysky.com\/fr\/wp-json\/wp\/v2\/product_tag?post=15981"}],"curies":[{"name":"wp","href":"https:\/\/api.w.org\/{rel}","templated":true}]}}