{"id":15996,"date":"2024-02-10T12:11:45","date_gmt":"2024-02-10T12:11:45","guid":{"rendered":"https:\/\/www.ghostysky.com\/?post_type=product&#038;p=15996"},"modified":"2024-11-15T10:12:43","modified_gmt":"2024-11-15T10:12:43","slug":"gm-standard-and-pro-maintenance-support","status":"publish","type":"product","link":"https:\/\/www.ghostysky.com\/fr\/product\/gm-standard-and-pro-maintenance-support\/","title":{"rendered":"GM (Standard et Pro) \u2013 Maintenance et support"},"content":{"rendered":"<p>Tous les achats de nouveaux produits incluent <strong>un an de service de maintenance et d&#039;assistance (M&amp;S)<\/strong>, qui commence \u00e0 la date de paiement de l&#039;achat initial. Apr\u00e8s l&#039;achat ou le renouvellement d&#039;une licence M&amp;S, les utilisateurs ont le droit de t\u00e9l\u00e9charger et d&#039;obtenir une licence pour toutes les mises \u00e0 jour du logiciel publi\u00e9es pendant cette p\u00e9riode. M&amp;S inclut \u00e9galement l&#039;acc\u00e8s au support technique et aux licences. \u00c0 l&#039;issue de la p\u00e9riode de douze mois, les utilisateurs ont la possibilit\u00e9 de renouveler leurs services M&amp;S, ce qui leur permet de conserver leur niveau d&#039;acc\u00e8s et de support initial.<\/p>\n<p>\u00c0 l&#039;approche de la fin de leur contrat M&amp;S de douze mois, les utilisateurs seront contact\u00e9s par e-mail pour leur proposer de renouveler le service. Si M&amp;S n&#039;est pas renouvel\u00e9 mais est rachet\u00e9 ult\u00e9rieurement, le contrat sera r\u00e9troactif \u00e0 la date de renouvellement initiale, un an apr\u00e8s l&#039;achat initial.<\/p>","protected":false},"excerpt":{"rendered":"<p>Prolongation pour <strong>Maintenance et support <\/strong>des versions Global Mapper Standard et Pro pour une p\u00e9riode de 12 mois.<\/p>","protected":false},"featured_media":15997,"comment_status":"open","ping_status":"closed","template":"","meta":[],"product_brand":[],"product_cat":[670,31],"product_tag":[678,687],"class_list":{"0":"post-15996","1":"product","2":"type-product","3":"status-publish","4":"has-post-thumbnail","6":"product_cat-blue-marble","7":"product_cat-software","8":"product_tag-global-mapper","9":"product_tag-gm-maintenance-support","11":"first","12":"instock","13":"taxable","14":"shipping-taxable","15":"product-type-simple"},"yoast_head":"<!-- This site is optimized with the Yoast SEO plugin v27.4 - https:\/\/yoast.com\/product\/yoast-seo-wordpress\/ -->\n<title>GM (Standard and Pro) - Maintenance &amp; Support - Ghostysky<\/title>\n<meta name=\"description\" content=\"Extension for Maintenance &amp; Support of Global Mapper Standard and Pro versions for 12 months period.\" \/>\n<meta name=\"robots\" content=\"index, follow, max-snippet:-1, max-image-preview:large, max-video-preview:-1\" \/>\n<link rel=\"canonical\" href=\"https:\/\/www.ghostysky.com\/fr\/product\/gm-standard-and-pro-maintenance-support\/\" \/>\n<meta property=\"og:locale\" content=\"fr_FR\" \/>\n<meta property=\"og:type\" content=\"article\" \/>\n<meta property=\"og:title\" content=\"GM (Standard and Pro) - Maintenance &amp; Support - Ghostysky\" \/>\n<meta property=\"og:description\" content=\"Extension for Maintenance &amp; Support of Global Mapper Standard and Pro versions for 12 months period.\" \/>\n<meta property=\"og:url\" content=\"https:\/\/www.ghostysky.com\/fr\/product\/gm-standard-and-pro-maintenance-support\/\" \/>\n<meta property=\"og:site_name\" content=\"Ghostysky\" \/>\n<meta property=\"article:publisher\" content=\"https:\/\/www.facebook.com\/people\/Ghostysky\/100057676170234\/\" \/>\n<meta property=\"article:modified_time\" content=\"2024-11-15T10:12:43+00:00\" \/>\n<meta property=\"og:image\" content=\"https:\/\/www.ghostysky.com\/wp-content\/uploads\/2024\/02\/Maintenance-and-support.jpg\" \/>\n\t<meta property=\"og:image:width\" content=\"1280\" \/>\n\t<meta property=\"og:image:height\" content=\"720\" \/>\n\t<meta property=\"og:image:type\" content=\"image\/jpeg\" \/>\n<meta name=\"twitter:card\" content=\"summary_large_image\" \/>\n<meta name=\"twitter:site\" content=\"@Gh0stysky\" \/>\n<meta name=\"twitter:label1\" content=\"Dur\u00e9e de lecture estim\u00e9e\" \/>\n\t<meta name=\"twitter:data1\" content=\"1 minute\" \/>\n<script type=\"application\/ld+json\" class=\"yoast-schema-graph\">{\"@context\":\"https:\\\/\\\/schema.org\",\"@graph\":[{\"@type\":\"WebPage\",\"@id\":\"https:\\\/\\\/www.ghostysky.com\\\/product\\\/gm-standard-and-pro-maintenance-support\\\/\",\"url\":\"https:\\\/\\\/www.ghostysky.com\\\/product\\\/gm-standard-and-pro-maintenance-support\\\/\",\"name\":\"GM (Standard and Pro) - Maintenance & Support - Ghostysky\",\"isPartOf\":{\"@id\":\"https:\\\/\\\/www.ghostysky.com\\\/#website\"},\"primaryImageOfPage\":{\"@id\":\"https:\\\/\\\/www.ghostysky.com\\\/product\\\/gm-standard-and-pro-maintenance-support\\\/#primaryimage\"},\"image\":{\"@id\":\"https:\\\/\\\/www.ghostysky.com\\\/product\\\/gm-standard-and-pro-maintenance-support\\\/#primaryimage\"},\"thumbnailUrl\":\"https:\\\/\\\/www.ghostysky.com\\\/wp-content\\\/uploads\\\/2024\\\/02\\\/Maintenance-and-support.jpg\",\"datePublished\":\"2024-02-10T12:11:45+00:00\",\"dateModified\":\"2024-11-15T10:12:43+00:00\",\"description\":\"Extension for Maintenance & Support of Global Mapper Standard and Pro versions for 12 months period.\",\"breadcrumb\":{\"@id\":\"https:\\\/\\\/www.ghostysky.com\\\/product\\\/gm-standard-and-pro-maintenance-support\\\/#breadcrumb\"},\"inLanguage\":\"fr-FR\",\"potentialAction\":[{\"@type\":\"ReadAction\",\"target\":[\"https:\\\/\\\/www.ghostysky.com\\\/product\\\/gm-standard-and-pro-maintenance-support\\\/\"]}]},{\"@type\":\"ImageObject\",\"inLanguage\":\"fr-FR\",\"@id\":\"https:\\\/\\\/www.ghostysky.com\\\/product\\\/gm-standard-and-pro-maintenance-support\\\/#primaryimage\",\"url\":\"https:\\\/\\\/www.ghostysky.com\\\/wp-content\\\/uploads\\\/2024\\\/02\\\/Maintenance-and-support.jpg\",\"contentUrl\":\"https:\\\/\\\/www.ghostysky.com\\\/wp-content\\\/uploads\\\/2024\\\/02\\\/Maintenance-and-support.jpg\",\"width\":1280,\"height\":720},{\"@type\":\"BreadcrumbList\",\"@id\":\"https:\\\/\\\/www.ghostysky.com\\\/product\\\/gm-standard-and-pro-maintenance-support\\\/#breadcrumb\",\"itemListElement\":[{\"@type\":\"ListItem\",\"position\":1,\"name\":\"Home\",\"item\":\"https:\\\/\\\/www.ghostysky.com\\\/\"},{\"@type\":\"ListItem\",\"position\":2,\"name\":\"Shop\",\"item\":\"https:\\\/\\\/www.ghostysky.com\\\/shop\\\/\"},{\"@type\":\"ListItem\",\"position\":3,\"name\":\"GM (Standard and Pro) &#8211; Maintenance &#038; Support\"}]},{\"@type\":\"WebSite\",\"@id\":\"https:\\\/\\\/www.ghostysky.com\\\/#website\",\"url\":\"https:\\\/\\\/www.ghostysky.com\\\/\",\"name\":\"Ghostysky\",\"description\":\"Delivering professional drones and services\",\"publisher\":{\"@id\":\"https:\\\/\\\/www.ghostysky.com\\\/#organization\"},\"potentialAction\":[{\"@type\":\"SearchAction\",\"target\":{\"@type\":\"EntryPoint\",\"urlTemplate\":\"https:\\\/\\\/www.ghostysky.com\\\/?s={search_term_string}\"},\"query-input\":{\"@type\":\"PropertyValueSpecification\",\"valueRequired\":true,\"valueName\":\"search_term_string\"}}],\"inLanguage\":\"fr-FR\"},{\"@type\":\"Organization\",\"@id\":\"https:\\\/\\\/www.ghostysky.com\\\/#organization\",\"name\":\"Ghostysky\",\"url\":\"https:\\\/\\\/www.ghostysky.com\\\/\",\"logo\":{\"@type\":\"ImageObject\",\"inLanguage\":\"fr-FR\",\"@id\":\"https:\\\/\\\/www.ghostysky.com\\\/#\\\/schema\\\/logo\\\/image\\\/\",\"url\":\"https:\\\/\\\/www.ghostysky.com\\\/wp-content\\\/uploads\\\/2020\\\/06\\\/cropped-ghostyskylogo_text_white2.png\",\"contentUrl\":\"https:\\\/\\\/www.ghostysky.com\\\/wp-content\\\/uploads\\\/2020\\\/06\\\/cropped-ghostyskylogo_text_white2.png\",\"width\":169,\"height\":56,\"caption\":\"Ghostysky\"},\"image\":{\"@id\":\"https:\\\/\\\/www.ghostysky.com\\\/#\\\/schema\\\/logo\\\/image\\\/\"},\"sameAs\":[\"https:\\\/\\\/www.facebook.com\\\/people\\\/Ghostysky\\\/100057676170234\\\/\",\"https:\\\/\\\/x.com\\\/Gh0stysky\",\"https:\\\/\\\/www.linkedin.com\\\/company\\\/34739653\",\"https:\\\/\\\/www.instagram.com\\\/gh0stysky\"]}]}<\/script>\n<!-- \/ Yoast SEO plugin. -->","yoast_head_json":{"title":"GM (Standard et Pro) - Maintenance et support - Ghostysky","description":"Extension de la maintenance et du support des versions Global Mapper Standard et Pro pour une p\u00e9riode de 12 mois.","robots":{"index":"index","follow":"follow","max-snippet":"max-snippet:-1","max-image-preview":"max-image-preview:large","max-video-preview":"max-video-preview:-1"},"canonical":"https:\/\/www.ghostysky.com\/fr\/product\/gm-standard-and-pro-maintenance-support\/","og_locale":"fr_FR","og_type":"article","og_title":"GM (Standard and Pro) - Maintenance & Support - Ghostysky","og_description":"Extension for Maintenance & Support of Global Mapper Standard and Pro versions for 12 months period.","og_url":"https:\/\/www.ghostysky.com\/fr\/product\/gm-standard-and-pro-maintenance-support\/","og_site_name":"Ghostysky","article_publisher":"https:\/\/www.facebook.com\/people\/Ghostysky\/100057676170234\/","article_modified_time":"2024-11-15T10:12:43+00:00","og_image":[{"width":1280,"height":720,"url":"https:\/\/www.ghostysky.com\/wp-content\/uploads\/2024\/02\/Maintenance-and-support.jpg","type":"image\/jpeg"}],"twitter_card":"summary_large_image","twitter_site":"@Gh0stysky","twitter_misc":{"Dur\u00e9e de lecture estim\u00e9e":"1 minute"},"schema":{"@context":"https:\/\/schema.org","@graph":[{"@type":"WebPage","@id":"https:\/\/www.ghostysky.com\/product\/gm-standard-and-pro-maintenance-support\/","url":"https:\/\/www.ghostysky.com\/product\/gm-standard-and-pro-maintenance-support\/","name":"GM (Standard et Pro) - Maintenance et support - Ghostysky","isPartOf":{"@id":"https:\/\/www.ghostysky.com\/#website"},"primaryImageOfPage":{"@id":"https:\/\/www.ghostysky.com\/product\/gm-standard-and-pro-maintenance-support\/#primaryimage"},"image":{"@id":"https:\/\/www.ghostysky.com\/product\/gm-standard-and-pro-maintenance-support\/#primaryimage"},"thumbnailUrl":"https:\/\/www.ghostysky.com\/wp-content\/uploads\/2024\/02\/Maintenance-and-support.jpg","datePublished":"2024-02-10T12:11:45+00:00","dateModified":"2024-11-15T10:12:43+00:00","description":"Extension de la maintenance et du support des versions Global Mapper Standard et Pro pour une p\u00e9riode de 12 mois.","breadcrumb":{"@id":"https:\/\/www.ghostysky.com\/product\/gm-standard-and-pro-maintenance-support\/#breadcrumb"},"inLanguage":"fr-FR","potentialAction":[{"@type":"ReadAction","target":["https:\/\/www.ghostysky.com\/product\/gm-standard-and-pro-maintenance-support\/"]}]},{"@type":"ImageObject","inLanguage":"fr-FR","@id":"https:\/\/www.ghostysky.com\/product\/gm-standard-and-pro-maintenance-support\/#primaryimage","url":"https:\/\/www.ghostysky.com\/wp-content\/uploads\/2024\/02\/Maintenance-and-support.jpg","contentUrl":"https:\/\/www.ghostysky.com\/wp-content\/uploads\/2024\/02\/Maintenance-and-support.jpg","width":1280,"height":720},{"@type":"BreadcrumbList","@id":"https:\/\/www.ghostysky.com\/product\/gm-standard-and-pro-maintenance-support\/#breadcrumb","itemListElement":[{"@type":"ListItem","position":1,"name":"Home","item":"https:\/\/www.ghostysky.com\/"},{"@type":"ListItem","position":2,"name":"Shop","item":"https:\/\/www.ghostysky.com\/shop\/"},{"@type":"ListItem","position":3,"name":"GM (Standard and Pro) &#8211; Maintenance &#038; Support"}]},{"@type":"WebSite","@id":"https:\/\/www.ghostysky.com\/#website","url":"https:\/\/www.ghostysky.com\/","name":"Ghostysky","description":"Livraison de drones et de services professionnels","publisher":{"@id":"https:\/\/www.ghostysky.com\/#organization"},"potentialAction":[{"@type":"SearchAction","target":{"@type":"EntryPoint","urlTemplate":"https:\/\/www.ghostysky.com\/?s={search_term_string}"},"query-input":{"@type":"PropertyValueSpecification","valueRequired":true,"valueName":"search_term_string"}}],"inLanguage":"fr-FR"},{"@type":"Organization","@id":"https:\/\/www.ghostysky.com\/#organization","name":"Ghostysky","url":"https:\/\/www.ghostysky.com\/","logo":{"@type":"ImageObject","inLanguage":"fr-FR","@id":"https:\/\/www.ghostysky.com\/#\/schema\/logo\/image\/","url":"https:\/\/www.ghostysky.com\/wp-content\/uploads\/2020\/06\/cropped-ghostyskylogo_text_white2.png","contentUrl":"https:\/\/www.ghostysky.com\/wp-content\/uploads\/2020\/06\/cropped-ghostyskylogo_text_white2.png","width":169,"height":56,"caption":"Ghostysky"},"image":{"@id":"https:\/\/www.ghostysky.com\/#\/schema\/logo\/image\/"},"sameAs":["https:\/\/www.facebook.com\/people\/Ghostysky\/100057676170234\/","https:\/\/x.com\/Gh0stysky","https:\/\/www.linkedin.com\/company\/34739653","https:\/\/www.instagram.com\/gh0stysky"]}]}},"_links":{"self":[{"href":"https:\/\/www.ghostysky.com\/fr\/wp-json\/wp\/v2\/product\/15996","targetHints":{"allow":["GET"]}}],"collection":[{"href":"https:\/\/www.ghostysky.com\/fr\/wp-json\/wp\/v2\/product"}],"about":[{"href":"https:\/\/www.ghostysky.com\/fr\/wp-json\/wp\/v2\/types\/product"}],"replies":[{"embeddable":true,"href":"https:\/\/www.ghostysky.com\/fr\/wp-json\/wp\/v2\/comments?post=15996"}],"version-history":[{"count":0,"href":"https:\/\/www.ghostysky.com\/fr\/wp-json\/wp\/v2\/product\/15996\/revisions"}],"wp:featuredmedia":[{"embeddable":true,"href":"https:\/\/www.ghostysky.com\/fr\/wp-json\/wp\/v2\/media\/15997"}],"wp:attachment":[{"href":"https:\/\/www.ghostysky.com\/fr\/wp-json\/wp\/v2\/media?parent=15996"}],"wp:term":[{"taxonomy":"product_brand","embeddable":true,"href":"https:\/\/www.ghostysky.com\/fr\/wp-json\/wp\/v2\/product_brand?post=15996"},{"taxonomy":"product_cat","embeddable":true,"href":"https:\/\/www.ghostysky.com\/fr\/wp-json\/wp\/v2\/product_cat?post=15996"},{"taxonomy":"product_tag","embeddable":true,"href":"https:\/\/www.ghostysky.com\/fr\/wp-json\/wp\/v2\/product_tag?post=15996"}],"curies":[{"name":"wp","href":"https:\/\/api.w.org\/{rel}","templated":true}]}}