{"id":16187,"date":"2024-02-12T15:35:35","date_gmt":"2024-02-12T15:35:35","guid":{"rendered":"https:\/\/www.ghostysky.com\/?post_type=product&#038;p=16187"},"modified":"2024-12-13T11:06:20","modified_gmt":"2024-12-13T11:06:20","slug":"wingtra-lidar","status":"publish","type":"product","link":"https:\/\/www.ghostysky.com\/fr\/product\/wingtra-lidar\/","title":{"rendered":"Lidar Wingtra"},"content":{"rendered":"<div class=\"elementor-element elementor-element-60ec13d headline-xxxl elementor-widget elementor-widget-heading\" data-id=\"60ec13d\" data-element_type=\"widget\" data-widget_type=\"heading.default\">\n<div class=\"elementor-widget-container\">\n<h3 class=\"elementor-heading-title elementor-size-default\">Maximiser l&#039;efficacit\u00e9<\/h3>\n<\/div>\n<\/div>\n<div class=\"elementor-element elementor-element-b7fd633 elementor-icon-list--layout-traditional elementor-list-item-link-full_width elementor-widget elementor-widget-icon-list\" data-id=\"b7fd633\" data-element_type=\"widget\" data-widget_type=\"icon-list.default\">\n<div class=\"elementor-widget-container\">\n<ul class=\"elementor-icon-list-items\">\n<li class=\"elementor-icon-list-item\"><span class=\"elementor-icon-list-text\">Cartographiez rapidement jusqu&#039;\u00e0 360 ha (890 ac) \u00e0 90 m (295 pi) d&#039;altitude.<\/span><\/li>\n<li class=\"elementor-icon-list-item\"><span class=\"elementor-icon-list-text\">Aucun calibrage n\u00e9cessaire avec une initialisation rapide d&#039;une minute.<\/span><\/li>\n<li class=\"elementor-icon-list-item\"><span class=\"elementor-icon-list-text\">Post-traitement rationalis\u00e9 avec l&#039;application Wingtra LIDAR pour un traitement des donn\u00e9es plus rapide.<\/span><\/li>\n<\/ul>\n<p>&nbsp;<\/p>\n<div class=\"elementor-element elementor-element-83eee4a headline-xxxl elementor-widget elementor-widget-heading\" data-id=\"83eee4a\" data-element_type=\"widget\" data-widget_type=\"heading.default\">\n<div class=\"elementor-widget-container\">\n<h3 class=\"elementor-heading-title elementor-size-default\">Simplifiez votre flux de travail<\/h3>\n<\/div>\n<\/div>\n<div class=\"elementor-element elementor-element-09e4cad elementor-icon-list--layout-traditional elementor-list-item-link-full_width elementor-widget elementor-widget-icon-list\" data-id=\"09e4cad\" data-element_type=\"widget\" data-widget_type=\"icon-list.default\">\n<div class=\"elementor-widget-container\">\n<ul class=\"elementor-icon-list-items\">\n<li class=\"elementor-icon-list-item\"><span class=\"elementor-icon-list-text\">Collecte et traitement fluides des donn\u00e9es pour tous les niveaux d&#039;expertise.<\/span><\/li>\n<li class=\"elementor-icon-list-item\"><span class=\"elementor-icon-list-text\">Passez \u00e0 la photogramm\u00e9trie lorsque vous en avez besoin gr\u00e2ce \u00e0 notre plate-forme GEN II plug-and-play facile \u00e0 utiliser.<\/span><\/li>\n<li class=\"elementor-icon-list-item\"><span class=\"elementor-icon-list-text\">D\u00e9collez et atterrissez n&#039;importe o\u00f9 gr\u00e2ce \u00e0 la capacit\u00e9 VTOL.<\/span><\/li>\n<\/ul>\n<p>&nbsp;<\/p>\n<div class=\"elementor-element elementor-element-660395b headline-xxxl elementor-widget elementor-widget-heading\" data-id=\"660395b\" data-element_type=\"widget\" data-widget_type=\"heading.default\">\n<div class=\"elementor-widget-container\">\n<h3 class=\"elementor-heading-title elementor-size-default\">Obtenez des informations pr\u00e9cises et fiables<\/h3>\n<\/div>\n<\/div>\n<div class=\"elementor-element elementor-element-e1ed0b5 elementor-icon-list--layout-traditional elementor-list-item-link-full_width elementor-widget elementor-widget-icon-list\" data-id=\"e1ed0b5\" data-element_type=\"widget\" data-widget_type=\"icon-list.default\">\n<div class=\"elementor-widget-container\">\n<ul class=\"elementor-icon-list-items\">\n<li class=\"elementor-icon-list-item\"><span class=\"elementor-icon-list-text\">J&#039;ai confiance que vous y parviendrez du premier coup.<\/span><\/li>\n<li class=\"elementor-icon-list-item\"><span class=\"elementor-icon-list-text\">Concevez des projets bas\u00e9s sur des donn\u00e9es de haute pr\u00e9cision et \u00e9liminez les retouches co\u00fbteuses.<\/span><\/li>\n<li class=\"elementor-icon-list-item\"><span class=\"elementor-icon-list-text\">Capteur Hesai de premier ordre et kit LIDAR IMU d&#039;Inertial Labs pour une pr\u00e9cision exceptionnelle.<\/span><\/li>\n<\/ul>\n<p>&nbsp;<\/p>\n<div class=\"elementor-element elementor-element-491fc6a headline-xxl elementor-widget elementor-widget-heading\" data-id=\"491fc6a\" data-element_type=\"widget\" data-widget_type=\"heading.default\">\n<div class=\"elementor-widget-container\">\n<h3 class=\"elementor-heading-title elementor-size-default\">Sp\u00e9cifications techniques<\/h3>\n<\/div>\n<\/div>\n<div class=\"elementor-element elementor-element-973cb91 eael-table-align-center eael-dt-th-align-left elementor-widget elementor-widget-eael-data-table\" data-id=\"973cb91\" data-element_type=\"widget\" data-widget_type=\"eael-data-table.default\">\n<div class=\"elementor-widget-container\">\n<div id=\"eael-data-table-973cb91\" class=\"eael-data-table-wrap\" data-table_id=\"973cb91\" data-custom_responsive=\"false\">\n<table id=\"eael-data-table-39013a5\" class=\"tablesorter eael-data-table center\">\n<thead>\n<tr class=\"table-header\">\n<th id=\"\" class=\"sorting sorting-none\" colspan=\"\"><\/th>\n<th id=\"\" class=\"sorting sorting-none\" colspan=\"\">\n<div class=\"camera-table-header\">\n<div class=\"main\">\n<div class=\"title\">LIDAR<\/div>\n<\/div>\n<div class=\"tagline\">Facile \u00e0 utiliser<\/div>\n<\/div>\n<\/th>\n<\/tr>\n<\/thead>\n<tbody>\n<tr>\n<td id=\"\" class=\"\" colspan=\"\" rowspan=\"\">\n<div class=\"td-content-wrapper\">\n<div class=\"td-content\"><strong>Id\u00e9al pour<\/strong><\/div>\n<\/div>\n<\/td>\n<td id=\"\" class=\"\" colspan=\"\" rowspan=\"\">\n<div class=\"td-content-wrapper\">\n<div class=\"td-content\">Relev\u00e9s de terrain, reconstruction du sol et de la v\u00e9g\u00e9tation sous-jacente<\/div>\n<\/div>\n<\/td>\n<\/tr>\n<tr>\n<td id=\"\" class=\"\" colspan=\"\" rowspan=\"\">\n<div class=\"td-content-wrapper\">\n<div class=\"td-content\"><strong>Principales caract\u00e9ristiques de qualit\u00e9<\/strong><\/div>\n<\/div>\n<\/td>\n<td id=\"\" class=\"\" colspan=\"\" rowspan=\"\">\n<div class=\"td-content-wrapper\">\n<div class=\"td-content\">Cartographier le terrain sous la v\u00e9g\u00e9tation<\/div>\n<\/div>\n<\/td>\n<\/tr>\n<tr>\n<td id=\"\" class=\"\" colspan=\"\" rowspan=\"\">\n<div class=\"td-content-wrapper\">\n<div class=\"td-content\"><strong>Scanner laser<\/strong><\/div>\n<\/div>\n<\/td>\n<td id=\"\" class=\"\" colspan=\"\" rowspan=\"\">\n<div class=\"td-content-wrapper\">\n<div class=\"td-content\">Hesai XT32M2X<\/div>\n<\/div>\n<\/td>\n<\/tr>\n<tr>\n<td id=\"\" class=\"\" colspan=\"\" rowspan=\"\">\n<div class=\"td-content-wrapper\">\n<div class=\"td-content\"><strong>Unit\u00e9 de mesure inertielle<\/strong><\/div>\n<\/div>\n<\/td>\n<td id=\"\" class=\"\" colspan=\"\" rowspan=\"\">\n<div class=\"td-content-wrapper\">\n<div class=\"td-content\">IMU-P de qualit\u00e9 tactique d&#039;Inertial Labs<\/div>\n<\/div>\n<\/td>\n<\/tr>\n<tr>\n<td id=\"\" class=\"\" colspan=\"\" rowspan=\"\">\n<div class=\"td-content-wrapper\">\n<div class=\"td-content\"><strong>Syst\u00e8me GNSS<\/strong><\/div>\n<\/div>\n<\/td>\n<td id=\"\" class=\"\" colspan=\"\" rowspan=\"\">\n<div class=\"td-content-wrapper\">\n<div class=\"td-content\">NovAtel OEM7500<\/div>\n<\/div>\n<\/td>\n<\/tr>\n<tr>\n<td id=\"\" class=\"\" colspan=\"\" rowspan=\"\">\n<div class=\"td-content-wrapper\">\n<div class=\"td-content\"><strong>Densit\u00e9 de points efficace dans le livrable \u00e0 90 m<br \/>\nAGL avec chevauchement lat\u00e9ral 50%<\/strong><\/div>\n<\/div>\n<\/td>\n<td id=\"\" class=\"\" colspan=\"\" rowspan=\"\">\n<div class=\"td-content-wrapper\">\n<div class=\"td-content\">Surface dure : ~110 pts\/m2 (aller simple)<br \/>\nV\u00e9g\u00e9tation basse : jusqu&#039;\u00e0 220 pts\/m2 (double retour)<br \/>\nV\u00e9g\u00e9tation haute : jusqu&#039;\u00e0 330 pts\/m2 (triple retour)<\/div>\n<\/div>\n<\/td>\n<\/tr>\n<tr>\n<td id=\"\" class=\"\" colspan=\"\" rowspan=\"\">\n<div class=\"td-content-wrapper\">\n<div class=\"td-content\"><strong>Couverture maximale \u00e0 90 m (300 pi)<\/strong><\/div>\n<\/div>\n<\/td>\n<td id=\"\" class=\"\" colspan=\"\" rowspan=\"\">\n<div class=\"td-content-wrapper\">\n<div class=\"td-content\">Jusqu&#039;\u00e0 360 ha (890 ac) avec chevauchement lat\u00e9ral 30%<\/div>\n<\/div>\n<\/td>\n<\/tr>\n<tr>\n<td id=\"\" class=\"\" colspan=\"\" rowspan=\"\">\n<div class=\"td-content-wrapper\">\n<div class=\"td-content\"><strong>Pr\u00e9cision absolue verticale \u00e0 90 m (RMS)<\/strong><\/div>\n<\/div>\n<\/td>\n<td id=\"\" class=\"\" colspan=\"\" rowspan=\"\">\n<div class=\"td-content-wrapper\">\n<div class=\"td-content\">Jusqu&#039;\u00e0 3 cm (1,2 po)<\/div>\n<\/div>\n<\/td>\n<\/tr>\n<\/tbody>\n<\/table>\n<\/div>\n<\/div>\n<\/div>\n<\/div>\n<\/div>\n<\/div>\n<\/div>\n<\/div>\n<\/div>","protected":false},"excerpt":{"rendered":"<p class=\"translation-block\"><strong>Le LIDAR Wingtra<\/strong> \u00e9tablit de nouvelles normes en mati\u00e8re de cartographie a\u00e9rienne. <strong>Son capteur LiDAR haute performance<\/strong> s&#039;int\u00e8gre parfaitement au <strong>drone WingtraOne<\/strong> , d\u00e9j\u00e0 pl\u00e9biscit\u00e9 par Wingtra. Cette puissante combinaison offre\u00a0:<\/p>\n<ul data-sourcepos=\"9:1-13:0\">\n<li data-sourcepos=\"9:1-9:137\"><strong>Pr\u00e9cision exceptionnelle :<\/strong>\u00a0Capturez des donn\u00e9es avec\u00a0<strong>Pr\u00e9cision verticale de 3 cm (1,2 po)<\/strong>\u00a0v\u00e9rifi\u00e9 par des clients de premier plan, ce qui en fait un produit haut de gamme.<\/li>\n<li data-sourcepos=\"10:1-10:146\"><strong>Fonctionnement sans effort :<\/strong>\u00a0Le\u00a0<strong>syst\u00e8me enti\u00e8rement int\u00e9gr\u00e9<\/strong>\u00a0simplifie la collecte de donn\u00e9es LiDAR, la rendant accessible aux professionnels de tous niveaux.<\/li>\n<li data-sourcepos=\"11:1-11:131\"><strong>Une efficacit\u00e9 in\u00e9gal\u00e9e :<\/strong>\u00a0Couvrir de vastes zones avec\u00a0<strong>des temps de vol plus longs et des bandes plus larges<\/strong>, r\u00e9duisant ainsi le temps et le co\u00fbt global du projet.<\/li>\n<li data-sourcepos=\"12:1-13:0\" class=\"translation-block\"><strong>Robuste et fiable :<\/strong> la <strong>plate-forme \u00e9prouv\u00e9e WingtraOne<\/strong> garantit un fonctionnement fiable m\u00eame dans des conditions difficiles.<\/li>\n<\/ul>","protected":false},"featured_media":16244,"comment_status":"open","ping_status":"closed","template":"","meta":[],"product_brand":[],"product_cat":[29,167,36],"product_tag":[401,39,40],"class_list":{"0":"post-16187","1":"product","2":"type-product","3":"status-publish","4":"has-post-thumbnail","6":"product_cat-drones","7":"product_cat-sensors-wingtraone","8":"product_cat-wingtraone","9":"product_tag-lidar","10":"product_tag-wingtra","11":"product_tag-wingtraone","13":"first","14":"onbackorder","15":"taxable","16":"shipping-taxable","17":"product-type-simple"},"yoast_head":"<!-- This site is optimized with the Yoast SEO plugin v27.4 - https:\/\/yoast.com\/product\/yoast-seo-wordpress\/ -->\n<title>Wingtra Lidar - Ghostysky<\/title>\n<meta name=\"description\" content=\"Wingtra LIDAR sets new standards in aerial mapping. Experience unmatched efficiency with user-friendliness and reliability to win more bids and improve construction project designs.\" \/>\n<meta name=\"robots\" content=\"index, follow, max-snippet:-1, max-image-preview:large, max-video-preview:-1\" \/>\n<link rel=\"canonical\" href=\"https:\/\/www.ghostysky.com\/fr\/product\/wingtra-lidar\/\" \/>\n<meta property=\"og:locale\" content=\"fr_FR\" \/>\n<meta property=\"og:type\" content=\"article\" \/>\n<meta property=\"og:title\" content=\"Wingtra Lidar - Ghostysky\" \/>\n<meta property=\"og:description\" content=\"Wingtra LIDAR sets new standards in aerial mapping. Experience unmatched efficiency with user-friendliness and reliability to win more bids and improve construction project designs.\" \/>\n<meta property=\"og:url\" content=\"https:\/\/www.ghostysky.com\/fr\/product\/wingtra-lidar\/\" \/>\n<meta property=\"og:site_name\" content=\"Ghostysky\" \/>\n<meta property=\"article:publisher\" content=\"https:\/\/www.facebook.com\/people\/Ghostysky\/100057676170234\/\" \/>\n<meta property=\"article:modified_time\" content=\"2024-12-13T11:06:20+00:00\" \/>\n<meta property=\"og:image\" content=\"https:\/\/www.ghostysky.com\/wp-content\/uploads\/2024\/02\/202401-Wingtra-LIDAR-3D-front-scaled.jpg\" \/>\n\t<meta property=\"og:image:width\" content=\"4096\" \/>\n\t<meta property=\"og:image:height\" content=\"2048\" \/>\n\t<meta property=\"og:image:type\" content=\"image\/jpeg\" \/>\n<meta name=\"twitter:card\" content=\"summary_large_image\" \/>\n<meta name=\"twitter:site\" content=\"@Gh0stysky\" \/>\n<meta name=\"twitter:label1\" content=\"Dur\u00e9e de lecture estim\u00e9e\" \/>\n\t<meta name=\"twitter:data1\" content=\"1 minute\" \/>\n<script type=\"application\/ld+json\" class=\"yoast-schema-graph\">{\"@context\":\"https:\\\/\\\/schema.org\",\"@graph\":[{\"@type\":\"WebPage\",\"@id\":\"https:\\\/\\\/www.ghostysky.com\\\/product\\\/wingtra-lidar\\\/\",\"url\":\"https:\\\/\\\/www.ghostysky.com\\\/product\\\/wingtra-lidar\\\/\",\"name\":\"Wingtra Lidar - Ghostysky\",\"isPartOf\":{\"@id\":\"https:\\\/\\\/www.ghostysky.com\\\/#website\"},\"primaryImageOfPage\":{\"@id\":\"https:\\\/\\\/www.ghostysky.com\\\/product\\\/wingtra-lidar\\\/#primaryimage\"},\"image\":{\"@id\":\"https:\\\/\\\/www.ghostysky.com\\\/product\\\/wingtra-lidar\\\/#primaryimage\"},\"thumbnailUrl\":\"https:\\\/\\\/www.ghostysky.com\\\/wp-content\\\/uploads\\\/2024\\\/02\\\/202401-Wingtra-LIDAR-3D-front-scaled.jpg\",\"datePublished\":\"2024-02-12T15:35:35+00:00\",\"dateModified\":\"2024-12-13T11:06:20+00:00\",\"description\":\"Wingtra LIDAR sets new standards in aerial mapping. Experience unmatched efficiency with user-friendliness and reliability to win more bids and improve construction project designs.\",\"breadcrumb\":{\"@id\":\"https:\\\/\\\/www.ghostysky.com\\\/product\\\/wingtra-lidar\\\/#breadcrumb\"},\"inLanguage\":\"fr-FR\",\"potentialAction\":[{\"@type\":\"ReadAction\",\"target\":[\"https:\\\/\\\/www.ghostysky.com\\\/product\\\/wingtra-lidar\\\/\"]}]},{\"@type\":\"ImageObject\",\"inLanguage\":\"fr-FR\",\"@id\":\"https:\\\/\\\/www.ghostysky.com\\\/product\\\/wingtra-lidar\\\/#primaryimage\",\"url\":\"https:\\\/\\\/www.ghostysky.com\\\/wp-content\\\/uploads\\\/2024\\\/02\\\/202401-Wingtra-LIDAR-3D-front-scaled.jpg\",\"contentUrl\":\"https:\\\/\\\/www.ghostysky.com\\\/wp-content\\\/uploads\\\/2024\\\/02\\\/202401-Wingtra-LIDAR-3D-front-scaled.jpg\",\"width\":4096,\"height\":2048},{\"@type\":\"BreadcrumbList\",\"@id\":\"https:\\\/\\\/www.ghostysky.com\\\/product\\\/wingtra-lidar\\\/#breadcrumb\",\"itemListElement\":[{\"@type\":\"ListItem\",\"position\":1,\"name\":\"Home\",\"item\":\"https:\\\/\\\/www.ghostysky.com\\\/\"},{\"@type\":\"ListItem\",\"position\":2,\"name\":\"Shop\",\"item\":\"https:\\\/\\\/www.ghostysky.com\\\/shop\\\/\"},{\"@type\":\"ListItem\",\"position\":3,\"name\":\"Wingtra Lidar\"}]},{\"@type\":\"WebSite\",\"@id\":\"https:\\\/\\\/www.ghostysky.com\\\/#website\",\"url\":\"https:\\\/\\\/www.ghostysky.com\\\/\",\"name\":\"Ghostysky\",\"description\":\"Delivering professional drones and services\",\"publisher\":{\"@id\":\"https:\\\/\\\/www.ghostysky.com\\\/#organization\"},\"potentialAction\":[{\"@type\":\"SearchAction\",\"target\":{\"@type\":\"EntryPoint\",\"urlTemplate\":\"https:\\\/\\\/www.ghostysky.com\\\/?s={search_term_string}\"},\"query-input\":{\"@type\":\"PropertyValueSpecification\",\"valueRequired\":true,\"valueName\":\"search_term_string\"}}],\"inLanguage\":\"fr-FR\"},{\"@type\":\"Organization\",\"@id\":\"https:\\\/\\\/www.ghostysky.com\\\/#organization\",\"name\":\"Ghostysky\",\"url\":\"https:\\\/\\\/www.ghostysky.com\\\/\",\"logo\":{\"@type\":\"ImageObject\",\"inLanguage\":\"fr-FR\",\"@id\":\"https:\\\/\\\/www.ghostysky.com\\\/#\\\/schema\\\/logo\\\/image\\\/\",\"url\":\"https:\\\/\\\/www.ghostysky.com\\\/wp-content\\\/uploads\\\/2020\\\/06\\\/cropped-ghostyskylogo_text_white2.png\",\"contentUrl\":\"https:\\\/\\\/www.ghostysky.com\\\/wp-content\\\/uploads\\\/2020\\\/06\\\/cropped-ghostyskylogo_text_white2.png\",\"width\":169,\"height\":56,\"caption\":\"Ghostysky\"},\"image\":{\"@id\":\"https:\\\/\\\/www.ghostysky.com\\\/#\\\/schema\\\/logo\\\/image\\\/\"},\"sameAs\":[\"https:\\\/\\\/www.facebook.com\\\/people\\\/Ghostysky\\\/100057676170234\\\/\",\"https:\\\/\\\/x.com\\\/Gh0stysky\",\"https:\\\/\\\/www.linkedin.com\\\/company\\\/34739653\",\"https:\\\/\\\/www.instagram.com\\\/gh0stysky\"]}]}<\/script>\n<!-- \/ Yoast SEO plugin. -->","yoast_head_json":{"title":"Wingtra Lidar - Ghostysky","description":"Wingtra LIDAR \u00e9tablit de nouvelles normes en cartographie a\u00e9rienne. B\u00e9n\u00e9ficiez d&#039;une efficacit\u00e9 in\u00e9gal\u00e9e, d&#039;une convivialit\u00e9 et d&#039;une fiabilit\u00e9 in\u00e9gal\u00e9es pour remporter davantage d&#039;appels d&#039;offres et am\u00e9liorer la conception de vos projets de construction.","robots":{"index":"index","follow":"follow","max-snippet":"max-snippet:-1","max-image-preview":"max-image-preview:large","max-video-preview":"max-video-preview:-1"},"canonical":"https:\/\/www.ghostysky.com\/fr\/product\/wingtra-lidar\/","og_locale":"fr_FR","og_type":"article","og_title":"Wingtra Lidar - Ghostysky","og_description":"Wingtra LIDAR sets new standards in aerial mapping. Experience unmatched efficiency with user-friendliness and reliability to win more bids and improve construction project designs.","og_url":"https:\/\/www.ghostysky.com\/fr\/product\/wingtra-lidar\/","og_site_name":"Ghostysky","article_publisher":"https:\/\/www.facebook.com\/people\/Ghostysky\/100057676170234\/","article_modified_time":"2024-12-13T11:06:20+00:00","og_image":[{"width":4096,"height":2048,"url":"https:\/\/www.ghostysky.com\/wp-content\/uploads\/2024\/02\/202401-Wingtra-LIDAR-3D-front-scaled.jpg","type":"image\/jpeg"}],"twitter_card":"summary_large_image","twitter_site":"@Gh0stysky","twitter_misc":{"Dur\u00e9e de lecture estim\u00e9e":"1 minute"},"schema":{"@context":"https:\/\/schema.org","@graph":[{"@type":"WebPage","@id":"https:\/\/www.ghostysky.com\/product\/wingtra-lidar\/","url":"https:\/\/www.ghostysky.com\/product\/wingtra-lidar\/","name":"Wingtra Lidar - Ghostysky","isPartOf":{"@id":"https:\/\/www.ghostysky.com\/#website"},"primaryImageOfPage":{"@id":"https:\/\/www.ghostysky.com\/product\/wingtra-lidar\/#primaryimage"},"image":{"@id":"https:\/\/www.ghostysky.com\/product\/wingtra-lidar\/#primaryimage"},"thumbnailUrl":"https:\/\/www.ghostysky.com\/wp-content\/uploads\/2024\/02\/202401-Wingtra-LIDAR-3D-front-scaled.jpg","datePublished":"2024-02-12T15:35:35+00:00","dateModified":"2024-12-13T11:06:20+00:00","description":"Wingtra LIDAR \u00e9tablit de nouvelles normes en cartographie a\u00e9rienne. B\u00e9n\u00e9ficiez d&#039;une efficacit\u00e9 in\u00e9gal\u00e9e, d&#039;une convivialit\u00e9 et d&#039;une fiabilit\u00e9 in\u00e9gal\u00e9es pour remporter davantage d&#039;appels d&#039;offres et am\u00e9liorer la conception de vos projets de construction.","breadcrumb":{"@id":"https:\/\/www.ghostysky.com\/product\/wingtra-lidar\/#breadcrumb"},"inLanguage":"fr-FR","potentialAction":[{"@type":"ReadAction","target":["https:\/\/www.ghostysky.com\/product\/wingtra-lidar\/"]}]},{"@type":"ImageObject","inLanguage":"fr-FR","@id":"https:\/\/www.ghostysky.com\/product\/wingtra-lidar\/#primaryimage","url":"https:\/\/www.ghostysky.com\/wp-content\/uploads\/2024\/02\/202401-Wingtra-LIDAR-3D-front-scaled.jpg","contentUrl":"https:\/\/www.ghostysky.com\/wp-content\/uploads\/2024\/02\/202401-Wingtra-LIDAR-3D-front-scaled.jpg","width":4096,"height":2048},{"@type":"BreadcrumbList","@id":"https:\/\/www.ghostysky.com\/product\/wingtra-lidar\/#breadcrumb","itemListElement":[{"@type":"ListItem","position":1,"name":"Home","item":"https:\/\/www.ghostysky.com\/"},{"@type":"ListItem","position":2,"name":"Shop","item":"https:\/\/www.ghostysky.com\/shop\/"},{"@type":"ListItem","position":3,"name":"Wingtra Lidar"}]},{"@type":"WebSite","@id":"https:\/\/www.ghostysky.com\/#website","url":"https:\/\/www.ghostysky.com\/","name":"Ghostysky","description":"Livraison de drones et de services professionnels","publisher":{"@id":"https:\/\/www.ghostysky.com\/#organization"},"potentialAction":[{"@type":"SearchAction","target":{"@type":"EntryPoint","urlTemplate":"https:\/\/www.ghostysky.com\/?s={search_term_string}"},"query-input":{"@type":"PropertyValueSpecification","valueRequired":true,"valueName":"search_term_string"}}],"inLanguage":"fr-FR"},{"@type":"Organization","@id":"https:\/\/www.ghostysky.com\/#organization","name":"Ghostysky","url":"https:\/\/www.ghostysky.com\/","logo":{"@type":"ImageObject","inLanguage":"fr-FR","@id":"https:\/\/www.ghostysky.com\/#\/schema\/logo\/image\/","url":"https:\/\/www.ghostysky.com\/wp-content\/uploads\/2020\/06\/cropped-ghostyskylogo_text_white2.png","contentUrl":"https:\/\/www.ghostysky.com\/wp-content\/uploads\/2020\/06\/cropped-ghostyskylogo_text_white2.png","width":169,"height":56,"caption":"Ghostysky"},"image":{"@id":"https:\/\/www.ghostysky.com\/#\/schema\/logo\/image\/"},"sameAs":["https:\/\/www.facebook.com\/people\/Ghostysky\/100057676170234\/","https:\/\/x.com\/Gh0stysky","https:\/\/www.linkedin.com\/company\/34739653","https:\/\/www.instagram.com\/gh0stysky"]}]}},"_links":{"self":[{"href":"https:\/\/www.ghostysky.com\/fr\/wp-json\/wp\/v2\/product\/16187","targetHints":{"allow":["GET"]}}],"collection":[{"href":"https:\/\/www.ghostysky.com\/fr\/wp-json\/wp\/v2\/product"}],"about":[{"href":"https:\/\/www.ghostysky.com\/fr\/wp-json\/wp\/v2\/types\/product"}],"replies":[{"embeddable":true,"href":"https:\/\/www.ghostysky.com\/fr\/wp-json\/wp\/v2\/comments?post=16187"}],"wp:featuredmedia":[{"embeddable":true,"href":"https:\/\/www.ghostysky.com\/fr\/wp-json\/wp\/v2\/media\/16244"}],"wp:attachment":[{"href":"https:\/\/www.ghostysky.com\/fr\/wp-json\/wp\/v2\/media?parent=16187"}],"wp:term":[{"taxonomy":"product_brand","embeddable":true,"href":"https:\/\/www.ghostysky.com\/fr\/wp-json\/wp\/v2\/product_brand?post=16187"},{"taxonomy":"product_cat","embeddable":true,"href":"https:\/\/www.ghostysky.com\/fr\/wp-json\/wp\/v2\/product_cat?post=16187"},{"taxonomy":"product_tag","embeddable":true,"href":"https:\/\/www.ghostysky.com\/fr\/wp-json\/wp\/v2\/product_tag?post=16187"}],"curies":[{"name":"wp","href":"https:\/\/api.w.org\/{rel}","templated":true}]}}