{"id":16577,"date":"2024-02-21T09:48:10","date_gmt":"2024-02-21T09:48:10","guid":{"rendered":"https:\/\/www.ghostysky.com\/?post_type=product&#038;p=16577"},"modified":"2025-10-14T11:26:03","modified_gmt":"2025-10-14T11:26:03","slug":"splashdrone-4-fishing-edition","status":"publish","type":"product","link":"https:\/\/www.ghostysky.com\/fr\/product\/splashdrone-4-fishing-edition\/","title":{"rendered":"SplashDrone 4 \u00c9dition P\u00eache"},"content":{"rendered":"<p data-sourcepos=\"4:1-4:73\">Voici quelques-unes des autres fonctionnalit\u00e9s du SplashDrone 4 Fishing Edition\u00a0:<\/p>\n<ul data-sourcepos=\"6:1-12:0\">\n<li data-sourcepos=\"6:1-6:68\">GPS\/GLONASS de qualit\u00e9 industrielle pour un positionnement et un suivi pr\u00e9cis<\/li>\n<li data-sourcepos=\"7:1-7:43\">Barom\u00e8tre et gyroscope pour un vol stable<\/li>\n<li data-sourcepos=\"8:1-8:50\">Une vari\u00e9t\u00e9 de capteurs pour vous aider \u00e0 \u00e9viter les obstacles<\/li>\n<li data-sourcepos=\"9:1-9:60\">Cam\u00e9ra 4K avec cardan \u00e0 1 axe pour des images a\u00e9riennes \u00e9poustouflantes<\/li>\n<li data-sourcepos=\"10:1-10:52\">Jusqu&#039;\u00e0 25 minutes de temps de vol sur une seule charge<\/li>\n<li data-sourcepos=\"11:1-12:0\">Garantie d&#039;un an<\/li>\n<\/ul>\n<p data-sourcepos=\"13:1-13:188\">Le SplashDrone 4 \u00c9dition P\u00eache est un excellent moyen d&#039;am\u00e9liorer vos comp\u00e9tences de p\u00eache. Gr\u00e2ce \u00e0 ses fonctionnalit\u00e9s avanc\u00e9es et \u00e0 sa conception intuitive, il vous permet de trouver plus de poissons et de les attraper plus facilement.<\/p>","protected":false},"excerpt":{"rendered":"<p>Le SplashDrone 4 \u00c9dition P\u00eache est un drone \u00e9tanche multifonction con\u00e7u pour les p\u00eacheurs de tous niveaux. Il est \u00e9quip\u00e9 d&#039;un lanceur PL1-S d&#039;une capacit\u00e9 de levage de 2 kg, vous permettant de lancer facilement votre ligne dans les endroits difficiles d&#039;acc\u00e8s. De plus, il est \u00e9tanche \u00e0 l&#039;eau sal\u00e9e (IP67)\u00a0: vous n&#039;avez donc pas \u00e0 craindre de l&#039;endommager en cas d&#039;\u00e9claboussures ou d&#039;immersion. De plus, gr\u00e2ce \u00e0 sa r\u00e9sistance au vent de niveau 7, vous pouvez le piloter m\u00eame dans les conditions les plus difficiles.<\/p>\n<ul>\n<li><span style=\"text-decoration: underline;\">Possibilit\u00e9 d&#039;ajouter des cam\u00e9ras sur le drone<\/span><\/li>\n<\/ul>","protected":false},"featured_media":16578,"comment_status":"open","ping_status":"closed","template":"","meta":[],"product_brand":[],"product_cat":[29,303,278],"product_tag":[698,335],"class_list":{"0":"post-16577","1":"product","2":"type-product","3":"status-publish","4":"has-post-thumbnail","6":"product_cat-drones","7":"product_cat-drones-sweellpro","8":"product_cat-swellpro","9":"product_tag-fishing-edition","10":"product_tag-splashdrone-4","12":"first","13":"instock","14":"taxable","15":"shipping-taxable","16":"product-type-simple"},"yoast_head":"<!-- This site is optimized with the Yoast SEO plugin v27.4 - https:\/\/yoast.com\/product\/yoast-seo-wordpress\/ -->\n<title>SplashDrone 4 Fishing Edition -<\/title>\n<meta name=\"description\" content=\"The SplashDrone 4 Fishing Edition is a multi-functional waterproof drone designed for anglers of all skill levels. It comes with a PL1-S bait release that has a 4lbs\/2kg bait lift capacity, so you can easily cast your line to hard-to-reach spots. The drone is also IP67 saltwater-proof, so you don&#039;t have to worry about damaging it if it gets splashed or submerged. And with its level 7 wind resistance, you can fly it in even the toughest conditions.\" \/>\n<meta name=\"robots\" content=\"index, follow, max-snippet:-1, max-image-preview:large, max-video-preview:-1\" \/>\n<link rel=\"canonical\" href=\"https:\/\/www.ghostysky.com\/fr\/product\/splashdrone-4-fishing-edition\/\" \/>\n<meta property=\"og:locale\" content=\"fr_FR\" \/>\n<meta property=\"og:type\" content=\"article\" \/>\n<meta property=\"og:title\" content=\"SplashDrone 4 Fishing Edition -\" \/>\n<meta property=\"og:description\" content=\"The SplashDrone 4 Fishing Edition is a multi-functional waterproof drone designed for anglers of all skill levels. It comes with a PL1-S bait release that has a 4lbs\/2kg bait lift capacity, so you can easily cast your line to hard-to-reach spots. The drone is also IP67 saltwater-proof, so you don&#039;t have to worry about damaging it if it gets splashed or submerged. And with its level 7 wind resistance, you can fly it in even the toughest conditions.\" \/>\n<meta property=\"og:url\" content=\"https:\/\/www.ghostysky.com\/fr\/product\/splashdrone-4-fishing-edition\/\" \/>\n<meta property=\"og:site_name\" content=\"Ghostysky\" \/>\n<meta property=\"article:publisher\" content=\"https:\/\/www.facebook.com\/people\/Ghostysky\/100057676170234\/\" \/>\n<meta property=\"article:modified_time\" content=\"2025-10-14T11:26:03+00:00\" \/>\n<meta property=\"og:image\" content=\"https:\/\/www.ghostysky.com\/wp-content\/uploads\/2024\/02\/GH-splashdrone-4-fishing-bundle_2.jpg\" \/>\n\t<meta property=\"og:image:width\" content=\"800\" \/>\n\t<meta property=\"og:image:height\" content=\"800\" \/>\n\t<meta property=\"og:image:type\" content=\"image\/jpeg\" \/>\n<meta name=\"twitter:card\" content=\"summary_large_image\" \/>\n<meta name=\"twitter:site\" content=\"@Gh0stysky\" \/>\n<meta name=\"twitter:label1\" content=\"Dur\u00e9e de lecture estim\u00e9e\" \/>\n\t<meta name=\"twitter:data1\" content=\"1 minute\" \/>\n<script type=\"application\/ld+json\" class=\"yoast-schema-graph\">{\"@context\":\"https:\\\/\\\/schema.org\",\"@graph\":[{\"@type\":\"WebPage\",\"@id\":\"https:\\\/\\\/www.ghostysky.com\\\/product\\\/splashdrone-4-fishing-edition\\\/\",\"url\":\"https:\\\/\\\/www.ghostysky.com\\\/product\\\/splashdrone-4-fishing-edition\\\/\",\"name\":\"SplashDrone 4 Fishing Edition -\",\"isPartOf\":{\"@id\":\"https:\\\/\\\/www.ghostysky.com\\\/#website\"},\"primaryImageOfPage\":{\"@id\":\"https:\\\/\\\/www.ghostysky.com\\\/product\\\/splashdrone-4-fishing-edition\\\/#primaryimage\"},\"image\":{\"@id\":\"https:\\\/\\\/www.ghostysky.com\\\/product\\\/splashdrone-4-fishing-edition\\\/#primaryimage\"},\"thumbnailUrl\":\"https:\\\/\\\/www.ghostysky.com\\\/wp-content\\\/uploads\\\/2024\\\/02\\\/GH-splashdrone-4-fishing-bundle_2.jpg\",\"datePublished\":\"2024-02-21T09:48:10+00:00\",\"dateModified\":\"2025-10-14T11:26:03+00:00\",\"description\":\"The SplashDrone 4 Fishing Edition is a multi-functional waterproof drone designed for anglers of all skill levels. It comes with a PL1-S bait release that has a 4lbs\\\/2kg bait lift capacity, so you can easily cast your line to hard-to-reach spots. The drone is also IP67 saltwater-proof, so you don't have to worry about damaging it if it gets splashed or submerged. And with its level 7 wind resistance, you can fly it in even the toughest conditions.\",\"breadcrumb\":{\"@id\":\"https:\\\/\\\/www.ghostysky.com\\\/product\\\/splashdrone-4-fishing-edition\\\/#breadcrumb\"},\"inLanguage\":\"fr-FR\",\"potentialAction\":[{\"@type\":\"ReadAction\",\"target\":[\"https:\\\/\\\/www.ghostysky.com\\\/product\\\/splashdrone-4-fishing-edition\\\/\"]}]},{\"@type\":\"ImageObject\",\"inLanguage\":\"fr-FR\",\"@id\":\"https:\\\/\\\/www.ghostysky.com\\\/product\\\/splashdrone-4-fishing-edition\\\/#primaryimage\",\"url\":\"https:\\\/\\\/www.ghostysky.com\\\/wp-content\\\/uploads\\\/2024\\\/02\\\/GH-splashdrone-4-fishing-bundle_2.jpg\",\"contentUrl\":\"https:\\\/\\\/www.ghostysky.com\\\/wp-content\\\/uploads\\\/2024\\\/02\\\/GH-splashdrone-4-fishing-bundle_2.jpg\",\"width\":800,\"height\":800},{\"@type\":\"BreadcrumbList\",\"@id\":\"https:\\\/\\\/www.ghostysky.com\\\/product\\\/splashdrone-4-fishing-edition\\\/#breadcrumb\",\"itemListElement\":[{\"@type\":\"ListItem\",\"position\":1,\"name\":\"Home\",\"item\":\"https:\\\/\\\/www.ghostysky.com\\\/\"},{\"@type\":\"ListItem\",\"position\":2,\"name\":\"Shop\",\"item\":\"https:\\\/\\\/www.ghostysky.com\\\/shop\\\/\"},{\"@type\":\"ListItem\",\"position\":3,\"name\":\"SplashDrone 4 Fishing Edition\"}]},{\"@type\":\"WebSite\",\"@id\":\"https:\\\/\\\/www.ghostysky.com\\\/#website\",\"url\":\"https:\\\/\\\/www.ghostysky.com\\\/\",\"name\":\"Ghostysky\",\"description\":\"Delivering professional drones and robotics solutions\",\"publisher\":{\"@id\":\"https:\\\/\\\/www.ghostysky.com\\\/#organization\"},\"potentialAction\":[{\"@type\":\"SearchAction\",\"target\":{\"@type\":\"EntryPoint\",\"urlTemplate\":\"https:\\\/\\\/www.ghostysky.com\\\/?s={search_term_string}\"},\"query-input\":{\"@type\":\"PropertyValueSpecification\",\"valueRequired\":true,\"valueName\":\"search_term_string\"}}],\"inLanguage\":\"fr-FR\"},{\"@type\":\"Organization\",\"@id\":\"https:\\\/\\\/www.ghostysky.com\\\/#organization\",\"name\":\"Ghostysky\",\"url\":\"https:\\\/\\\/www.ghostysky.com\\\/\",\"logo\":{\"@type\":\"ImageObject\",\"inLanguage\":\"fr-FR\",\"@id\":\"https:\\\/\\\/www.ghostysky.com\\\/#\\\/schema\\\/logo\\\/image\\\/\",\"url\":\"https:\\\/\\\/www.ghostysky.com\\\/wp-content\\\/uploads\\\/2020\\\/06\\\/cropped-ghostyskylogo_text_white2.png\",\"contentUrl\":\"https:\\\/\\\/www.ghostysky.com\\\/wp-content\\\/uploads\\\/2020\\\/06\\\/cropped-ghostyskylogo_text_white2.png\",\"width\":169,\"height\":56,\"caption\":\"Ghostysky\"},\"image\":{\"@id\":\"https:\\\/\\\/www.ghostysky.com\\\/#\\\/schema\\\/logo\\\/image\\\/\"},\"sameAs\":[\"https:\\\/\\\/www.facebook.com\\\/people\\\/Ghostysky\\\/100057676170234\\\/\",\"https:\\\/\\\/x.com\\\/Gh0stysky\",\"https:\\\/\\\/www.linkedin.com\\\/company\\\/34739653\",\"https:\\\/\\\/www.instagram.com\\\/gh0stysky\"]}]}<\/script>\n<!-- \/ Yoast SEO plugin. -->","yoast_head_json":{"title":"SplashDrone 4 \u00c9dition P\u00eache -","description":"Le SplashDrone 4 \u00c9dition P\u00eache est un drone \u00e9tanche multifonction con\u00e7u pour les p\u00eacheurs de tous niveaux. Il est \u00e9quip\u00e9 d&#039;un lanceur PL1-S d&#039;une capacit\u00e9 de levage de 2 kg, vous permettant de lancer facilement votre ligne dans les endroits difficiles d&#039;acc\u00e8s. De plus, il est \u00e9tanche \u00e0 l&#039;eau sal\u00e9e (IP67)\u00a0: vous n&#039;avez donc pas \u00e0 craindre de l&#039;endommager en cas d&#039;\u00e9claboussures ou d&#039;immersion. De plus, gr\u00e2ce \u00e0 sa r\u00e9sistance au vent de niveau 7, vous pouvez le piloter m\u00eame dans les conditions les plus difficiles.","robots":{"index":"index","follow":"follow","max-snippet":"max-snippet:-1","max-image-preview":"max-image-preview:large","max-video-preview":"max-video-preview:-1"},"canonical":"https:\/\/www.ghostysky.com\/fr\/product\/splashdrone-4-fishing-edition\/","og_locale":"fr_FR","og_type":"article","og_title":"SplashDrone 4 Fishing Edition -","og_description":"The SplashDrone 4 Fishing Edition is a multi-functional waterproof drone designed for anglers of all skill levels. It comes with a PL1-S bait release that has a 4lbs\/2kg bait lift capacity, so you can easily cast your line to hard-to-reach spots. The drone is also IP67 saltwater-proof, so you don't have to worry about damaging it if it gets splashed or submerged. And with its level 7 wind resistance, you can fly it in even the toughest conditions.","og_url":"https:\/\/www.ghostysky.com\/fr\/product\/splashdrone-4-fishing-edition\/","og_site_name":"Ghostysky","article_publisher":"https:\/\/www.facebook.com\/people\/Ghostysky\/100057676170234\/","article_modified_time":"2025-10-14T11:26:03+00:00","og_image":[{"width":800,"height":800,"url":"https:\/\/www.ghostysky.com\/wp-content\/uploads\/2024\/02\/GH-splashdrone-4-fishing-bundle_2.jpg","type":"image\/jpeg"}],"twitter_card":"summary_large_image","twitter_site":"@Gh0stysky","twitter_misc":{"Dur\u00e9e de lecture estim\u00e9e":"1 minute"},"schema":{"@context":"https:\/\/schema.org","@graph":[{"@type":"WebPage","@id":"https:\/\/www.ghostysky.com\/product\/splashdrone-4-fishing-edition\/","url":"https:\/\/www.ghostysky.com\/product\/splashdrone-4-fishing-edition\/","name":"SplashDrone 4 \u00c9dition P\u00eache -","isPartOf":{"@id":"https:\/\/www.ghostysky.com\/#website"},"primaryImageOfPage":{"@id":"https:\/\/www.ghostysky.com\/product\/splashdrone-4-fishing-edition\/#primaryimage"},"image":{"@id":"https:\/\/www.ghostysky.com\/product\/splashdrone-4-fishing-edition\/#primaryimage"},"thumbnailUrl":"https:\/\/www.ghostysky.com\/wp-content\/uploads\/2024\/02\/GH-splashdrone-4-fishing-bundle_2.jpg","datePublished":"2024-02-21T09:48:10+00:00","dateModified":"2025-10-14T11:26:03+00:00","description":"Le SplashDrone 4 \u00c9dition P\u00eache est un drone \u00e9tanche multifonction con\u00e7u pour les p\u00eacheurs de tous niveaux. Il est \u00e9quip\u00e9 d&#039;un lanceur PL1-S d&#039;une capacit\u00e9 de levage de 2 kg, vous permettant de lancer facilement votre ligne dans les endroits difficiles d&#039;acc\u00e8s. De plus, il est \u00e9tanche \u00e0 l&#039;eau sal\u00e9e (IP67)\u00a0: vous n&#039;avez donc pas \u00e0 craindre de l&#039;endommager en cas d&#039;\u00e9claboussures ou d&#039;immersion. De plus, gr\u00e2ce \u00e0 sa r\u00e9sistance au vent de niveau 7, vous pouvez le piloter m\u00eame dans les conditions les plus difficiles.","breadcrumb":{"@id":"https:\/\/www.ghostysky.com\/product\/splashdrone-4-fishing-edition\/#breadcrumb"},"inLanguage":"fr-FR","potentialAction":[{"@type":"ReadAction","target":["https:\/\/www.ghostysky.com\/product\/splashdrone-4-fishing-edition\/"]}]},{"@type":"ImageObject","inLanguage":"fr-FR","@id":"https:\/\/www.ghostysky.com\/product\/splashdrone-4-fishing-edition\/#primaryimage","url":"https:\/\/www.ghostysky.com\/wp-content\/uploads\/2024\/02\/GH-splashdrone-4-fishing-bundle_2.jpg","contentUrl":"https:\/\/www.ghostysky.com\/wp-content\/uploads\/2024\/02\/GH-splashdrone-4-fishing-bundle_2.jpg","width":800,"height":800},{"@type":"BreadcrumbList","@id":"https:\/\/www.ghostysky.com\/product\/splashdrone-4-fishing-edition\/#breadcrumb","itemListElement":[{"@type":"ListItem","position":1,"name":"Home","item":"https:\/\/www.ghostysky.com\/"},{"@type":"ListItem","position":2,"name":"Shop","item":"https:\/\/www.ghostysky.com\/shop\/"},{"@type":"ListItem","position":3,"name":"SplashDrone 4 Fishing Edition"}]},{"@type":"WebSite","@id":"https:\/\/www.ghostysky.com\/#website","url":"https:\/\/www.ghostysky.com\/","name":"Ghostysky","description":"Fourniture de solutions professionnelles en mati\u00e8re de drones et de robotique","publisher":{"@id":"https:\/\/www.ghostysky.com\/#organization"},"potentialAction":[{"@type":"SearchAction","target":{"@type":"EntryPoint","urlTemplate":"https:\/\/www.ghostysky.com\/?s={search_term_string}"},"query-input":{"@type":"PropertyValueSpecification","valueRequired":true,"valueName":"search_term_string"}}],"inLanguage":"fr-FR"},{"@type":"Organization","@id":"https:\/\/www.ghostysky.com\/#organization","name":"Ghostysky","url":"https:\/\/www.ghostysky.com\/","logo":{"@type":"ImageObject","inLanguage":"fr-FR","@id":"https:\/\/www.ghostysky.com\/#\/schema\/logo\/image\/","url":"https:\/\/www.ghostysky.com\/wp-content\/uploads\/2020\/06\/cropped-ghostyskylogo_text_white2.png","contentUrl":"https:\/\/www.ghostysky.com\/wp-content\/uploads\/2020\/06\/cropped-ghostyskylogo_text_white2.png","width":169,"height":56,"caption":"Ghostysky"},"image":{"@id":"https:\/\/www.ghostysky.com\/#\/schema\/logo\/image\/"},"sameAs":["https:\/\/www.facebook.com\/people\/Ghostysky\/100057676170234\/","https:\/\/x.com\/Gh0stysky","https:\/\/www.linkedin.com\/company\/34739653","https:\/\/www.instagram.com\/gh0stysky"]}]}},"_links":{"self":[{"href":"https:\/\/www.ghostysky.com\/fr\/wp-json\/wp\/v2\/product\/16577","targetHints":{"allow":["GET"]}}],"collection":[{"href":"https:\/\/www.ghostysky.com\/fr\/wp-json\/wp\/v2\/product"}],"about":[{"href":"https:\/\/www.ghostysky.com\/fr\/wp-json\/wp\/v2\/types\/product"}],"replies":[{"embeddable":true,"href":"https:\/\/www.ghostysky.com\/fr\/wp-json\/wp\/v2\/comments?post=16577"}],"version-history":[{"count":0,"href":"https:\/\/www.ghostysky.com\/fr\/wp-json\/wp\/v2\/product\/16577\/revisions"}],"wp:featuredmedia":[{"embeddable":true,"href":"https:\/\/www.ghostysky.com\/fr\/wp-json\/wp\/v2\/media\/16578"}],"wp:attachment":[{"href":"https:\/\/www.ghostysky.com\/fr\/wp-json\/wp\/v2\/media?parent=16577"}],"wp:term":[{"taxonomy":"product_brand","embeddable":true,"href":"https:\/\/www.ghostysky.com\/fr\/wp-json\/wp\/v2\/product_brand?post=16577"},{"taxonomy":"product_cat","embeddable":true,"href":"https:\/\/www.ghostysky.com\/fr\/wp-json\/wp\/v2\/product_cat?post=16577"},{"taxonomy":"product_tag","embeddable":true,"href":"https:\/\/www.ghostysky.com\/fr\/wp-json\/wp\/v2\/product_tag?post=16577"}],"curies":[{"name":"wp","href":"https:\/\/api.w.org\/{rel}","templated":true}]}}