{"id":16642,"date":"2024-02-24T09:33:48","date_gmt":"2024-02-24T09:33:48","guid":{"rendered":"https:\/\/www.ghostysky.com\/?post_type=product&#038;p=16642"},"modified":"2025-10-14T11:53:59","modified_gmt":"2025-10-14T11:53:59","slug":"ms400-4-bands-multispectral-camera","status":"publish","type":"product","link":"https:\/\/www.ghostysky.com\/fr\/product\/ms400-4-bands-multispectral-camera\/","title":{"rendered":"Cam\u00e9ra multispectrale MS400 (4 bandes)"},"content":{"rendered":"<p><b>Product features<\/b><\/p>\n<ul>\n<li>4 Multispectral &amp; 1 RGB<\/li>\n<li>1.3M &amp; 8M pixels<\/li>\n<li>12bit Global &amp; 8bit Rolling Shutter<\/li>\n<li>Gigabit Ethernet\/TTL serial port<\/li>\n<li>Standard downlink light sensor (DLS)<\/li>\n<li>\u2264175g aluminum alloy lightweight body<\/li>\n<li>\u22647W@12V power supply, 64G TF card<\/li>\n<li>Convenient parameter setting in WEB interface under WIFI connection<\/li>\n<li>Multiple triggering modes: external, timed, and overlap rate<\/li>\n<li>Compatible with multiple small UAV platforms<\/li>\n<\/ul>\n<p><strong>Technical parameter<\/strong><\/p>\n<ul>\n<li><strong>Configuration<\/strong>: 4 multi-spectral channels + 1 RGB channel<\/li>\n<li><strong>Target surface size Multi-spectrum &amp; RGB<\/strong>: 1\/4&#8243;<\/li>\n<li><strong>Effective pixels Multi-spectral<\/strong>: 1.3Mpx; RGB: 8.0Mpx<\/li>\n<li><strong>Shutter type Multi-spectral<\/strong>: global; RGB: roll-off<\/li>\n<li><strong>Quantization Bit Multi-spectral<\/strong>: 12bit; RGB: 8bit<\/li>\n<li><strong>Field of view Multi-spectral<\/strong>: 36.7\u00b0 x 31.3\u00b0; RGB: 37.5\u00b0 x 28.6\u00b0<\/li>\n<li><strong>Ground resolution Multi-spectral<\/strong>: 6.23cm@h120m; RGB: 2.49cm@h120m<\/li>\n<li><strong>Coverage width Multi-spectral<\/strong>: 80m\u00d767m@h120m; RGB: 82m\u00d761m@h120m<\/li>\n<li><strong>Spectral channel <sup>[1] <\/sup><\/strong> 555nm@27nm,660nm@22nm, 720nm@10nm,840nm@30nm, RGB<\/li>\n<li><strong>Optical Window<\/strong>: Optical Glass Window<\/li>\n<li><strong>Dimensions<\/strong>: \u226455mm\u00d765mm\u00d750mm<\/li>\n<li><strong>Weight<\/strong>: \u2264175g<\/li>\n<li><strong>Mounting interface<\/strong>: 7\u00d7M3<\/li>\n<li><strong>Power supply<\/strong>: 12V (please contact Yuchen marketing staff for details if other voltage is used)<\/li>\n<li><strong>Power consumption<\/strong>: \u22647W@12V<\/li>\n<li><strong>Image format Multi-spectrum<\/strong>: 16bit raw TIFF &amp; 8bit reflectivity JPEG; RGB: 8bit JPEG (including GPS, ambient light information)<\/li>\n<li><strong>Video Format<\/strong>:<\/li>\n<li><strong>Storage media Standard and maximum<\/strong>: support 64G capacity (transfer speed U3 and above rating) micro SD card<\/li>\n<li><strong>Processing Software<\/strong>: Yusense Map\/Yusense Map Plus\/Yusense Net<\/li>\n<li><strong>Parameter settings<\/strong>: WIFI (WEB interface access)\/Ethernet\/UART<\/li>\n<li><strong>Shooting<\/strong>: Trigger External Trigger, Timer Trigger, Overlap Rate Trigger<\/li>\n<li><strong>Shooting frequency<\/strong>: 1Hz (related to the actual read\/write speed of storage media)<\/li>\n<li><strong>Working environment temperature<\/strong>: -10\u2103~+50\u2103(Relative wind speed\u22651m\/s)<\/li>\n<li><strong>Storage Ambient Temperature<\/strong>: -30\u2103~+70\u2103<\/li>\n<li><strong>Ambient Humidity<\/strong>: RH(%)\u226485%(non-condensing)<\/li>\n<li><strong>Product Certification<\/strong>: CE, FCC, RoHS<\/li>\n<\/ul>\n<p data-sourcepos=\"18:1-18:29\"><strong>Benefits for agriculture:<\/strong><\/p>\n<ul data-sourcepos=\"20:1-24:0\">\n<li data-sourcepos=\"20:1-20:92\"><strong>Crop health monitoring:<\/strong>\u00a0Identify nutrient deficiencies, diseases, and stress early on.<\/li>\n<li data-sourcepos=\"21:1-21:60\"><strong>Yield estimation:<\/strong>\u00a0Predict crop yields more accurately.<\/li>\n<li data-sourcepos=\"22:1-22:127\"><strong>Variable rate application:<\/strong>\u00a0Optimize fertilizer and water usage based on specific needs of different areas within a field.<\/li>\n<li data-sourcepos=\"23:1-24:0\"><strong>Precision scouting:<\/strong>\u00a0Target problem areas efficiently for further investigation.<\/li>\n<\/ul>\n<p data-sourcepos=\"25:1-25:30\"><strong>Additional considerations:<\/strong><\/p>\n<ul data-sourcepos=\"27:1-30:0\">\n<li data-sourcepos=\"27:1-27:63\">The MS400 is compatible with various\u00a0<strong>small UAV platforms<\/strong>.<\/li>\n<li data-sourcepos=\"28:1-28:92\">It requires\u00a0<strong>Yusense Map or Yusense Map Plus software<\/strong>\u00a0for data processing and analysis.<\/li>\n<li data-sourcepos=\"29:1-30:0\">While the product description mentions customization options for spectral bands, specific details and pricing might require contacting Yusense directly.<\/li>\n<\/ul>\n<p data-sourcepos=\"31:1-31:207\">Overall, the Yusense MS400 offers a <strong>powerful and affordable<\/strong> solution for farmers and agricultural professionals looking to leverage multispectral imaging for improved crop management and decision-making.<\/p>\n<p data-sourcepos=\"31:1-31:207\"><strong>Applications<\/strong><\/p>\n<p data-sourcepos=\"31:1-31:207\"><img fetchpriority=\"high\" decoding=\"async\" class=\"wp-image-16650 size-full alignleft lazyload\" style=\"color: #0000ee;\" src=\"data:image\/gif;base64,R0lGODlhAQABAAAAACH5BAEKAAEALAAAAAABAAEAAAICTAEAOw==\" alt=\"\" width=\"600\" height=\"347\" data-src=\"https:\/\/www.ghostysky.com\/wp-content\/uploads\/2024\/02\/GH_YUSENSE_MS400_Description1.jpg\"><\/p>\n<p><b>Vegetation growth assessment<\/b><\/p>\n<p>Using NDVI, LAI and other vegetation factors, we quantitatively describe the consistency of the vegetation canopy state at different spatial scales, assist the characteristic spectra of vegetation in different health states, quantitatively assess the vegetation&#8217;s longevity, and provide data support for irrigation, fertilizer application, plant protection, and yield assessment.<\/p>\n<p>&nbsp;<\/p>\n<p data-sourcepos=\"31:1-31:207\"><img decoding=\"async\" class=\"wp-image-16649 size-full alignright lazyload\" src=\"data:image\/gif;base64,R0lGODlhAQABAAAAACH5BAEKAAEALAAAAAABAAEAAAICTAEAOw==\" alt=\"\" width=\"600\" height=\"347\" data-src=\"https:\/\/www.ghostysky.com\/wp-content\/uploads\/2024\/02\/GH_YUSENSE_MS400_Description2.jpg\"><img decoding=\"async\" class=\"wp-image-16648 size-full alignleft lazyload\" src=\"data:image\/gif;base64,R0lGODlhAQABAAAAACH5BAEKAAEALAAAAAABAAEAAAICTAEAOw==\" alt=\"\" width=\"600\" height=\"347\" data-src=\"https:\/\/www.ghostysky.com\/wp-content\/uploads\/2024\/02\/GH_YUSENSE_MS400_Description3.jpg\"><img loading=\"lazy\" decoding=\"async\" class=\"wp-image-16647 size-full alignright lazyload\" src=\"data:image\/gif;base64,R0lGODlhAQABAAAAACH5BAEKAAEALAAAAAABAAEAAAICTAEAOw==\" alt=\"\" width=\"600\" height=\"347\" data-src=\"https:\/\/www.ghostysky.com\/wp-content\/uploads\/2024\/02\/GH_YUSENSE_MS400_Description4.jpg\"><\/p>\n<p>&nbsp;<\/p>\n<p>&nbsp;<\/p>\n<p><b>Seedling rate assessment<\/b><\/p>\n<p>Based on the spectral differences between crops, weeds, soil and other environments, it can complete the precise identification of crop seedlings and plant segmentation, quantitatively assess the area of crop plants within a unit area, and measure the regional seedling emergence rate, providing data support for scientific research and breeding, and agricultural seedling replenishment.<\/p>\n<p data-sourcepos=\"31:1-31:207\"><b>Pest and Disease Assessment<\/b><\/p>\n<p>Based on the characteristic spectra of pests and diseases and crop growth, we can quantitatively determine the severity of pests and diseases and the spatial distribution of crop health status, providing data support for disaster assessment, crop yield estimation, and agriculture, forestry and plant protection.<\/p>\n<p>&nbsp;<\/p>\n<p>&nbsp;<\/p>\n<p>&nbsp;<\/p>\n<p><b>Crop Failure Assessment<\/b><\/p>\n<p>Based on the differences in canopy spectra and leaf texture of vegetation, a crop collapse assessment model is constructed, which, combined with statistical data from ground sampling points, quantitatively describes the degree of crop collapse and the spatial distribution of different degrees of collapse, and provides data support for disaster assessment, crop yield estimation, and so on.<\/p>\n","protected":false},"excerpt":{"rendered":"<p>Le Yusense MS400 est un <strong>cam\u00e9ra multispectrale l\u00e9g\u00e8re et \u00e9conomique<\/strong> con\u00e7u sp\u00e9cifiquement pour <strong>applications agricoles<\/strong>Il capture les donn\u00e9es dans <strong>quatre bandes multispectrales<\/strong> et un <strong>canal RVB haute r\u00e9solution<\/strong>, fournissant des informations pr\u00e9cieuses aux agriculteurs et aux professionnels de l\u2019agriculture.<\/p>","protected":false},"featured_media":16646,"comment_status":"open","ping_status":"closed","template":"","meta":[],"product_brand":[],"product_cat":[705,706],"product_tag":[708,709,66,707],"class_list":{"0":"post-16642","1":"product","2":"type-product","3":"status-publish","4":"has-post-thumbnail","6":"product_cat-sensors","7":"product_cat-yusense","8":"product_tag-4-bands","9":"product_tag-ms400","10":"product_tag-multispectral-camera","11":"product_tag-yusense","13":"first","14":"onbackorder","15":"taxable","16":"shipping-taxable","17":"product-type-simple"},"yoast_head":"<!-- This site is optimized with the Yoast SEO plugin v27.1.1 - https:\/\/yoast.com\/product\/yoast-seo-wordpress\/ -->\n<title>MS400 (4-Bands) Multispectral Camera - Ghostysky<\/title>\n<meta name=\"description\" content=\"The Yusense MS400 is a lightweight and cost-effective multispectral camera designed specifically for agricultural applications. It captures data in four multispectral bands and one high-resolution RGB channel, providing valuable insights for farmers and agricultural professionals.\" \/>\n<meta name=\"robots\" content=\"index, follow, max-snippet:-1, max-image-preview:large, max-video-preview:-1\" \/>\n<link rel=\"canonical\" href=\"https:\/\/www.ghostysky.com\/fr\/product\/ms400-4-bands-multispectral-camera\/\" \/>\n<meta property=\"og:locale\" content=\"fr_FR\" \/>\n<meta property=\"og:type\" content=\"article\" \/>\n<meta property=\"og:title\" content=\"MS400 (4-Bands) Multispectral Camera - Ghostysky\" \/>\n<meta property=\"og:description\" content=\"The Yusense MS400 is a lightweight and cost-effective multispectral camera designed specifically for agricultural applications. It captures data in four multispectral bands and one high-resolution RGB channel, providing valuable insights for farmers and agricultural professionals.\" \/>\n<meta property=\"og:url\" content=\"https:\/\/www.ghostysky.com\/fr\/product\/ms400-4-bands-multispectral-camera\/\" \/>\n<meta property=\"og:site_name\" content=\"Ghostysky\" \/>\n<meta property=\"article:publisher\" content=\"https:\/\/www.facebook.com\/people\/Ghostysky\/100057676170234\/\" \/>\n<meta property=\"article:modified_time\" content=\"2025-10-14T11:53:59+00:00\" \/>\n<meta property=\"og:image\" content=\"https:\/\/www.ghostysky.com\/wp-content\/uploads\/2024\/02\/GH_YUSENSE_MS400_1.jpg\" \/>\n\t<meta property=\"og:image:width\" content=\"450\" \/>\n\t<meta property=\"og:image:height\" content=\"450\" \/>\n\t<meta property=\"og:image:type\" content=\"image\/jpeg\" \/>\n<meta name=\"twitter:card\" content=\"summary_large_image\" \/>\n<meta name=\"twitter:site\" content=\"@Gh0stysky\" \/>\n<meta name=\"twitter:label1\" content=\"Dur\u00e9e de lecture estim\u00e9e\" \/>\n\t<meta name=\"twitter:data1\" content=\"4 minutes\" \/>\n<script type=\"application\/ld+json\" class=\"yoast-schema-graph\">{\"@context\":\"https:\/\/schema.org\",\"@graph\":[{\"@type\":\"WebPage\",\"@id\":\"https:\/\/www.ghostysky.com\/product\/ms400-4-bands-multispectral-camera\/\",\"url\":\"https:\/\/www.ghostysky.com\/product\/ms400-4-bands-multispectral-camera\/\",\"name\":\"MS400 (4-Bands) Multispectral Camera - Ghostysky\",\"isPartOf\":{\"@id\":\"https:\/\/www.ghostysky.com\/#website\"},\"primaryImageOfPage\":{\"@id\":\"https:\/\/www.ghostysky.com\/product\/ms400-4-bands-multispectral-camera\/#primaryimage\"},\"image\":{\"@id\":\"https:\/\/www.ghostysky.com\/product\/ms400-4-bands-multispectral-camera\/#primaryimage\"},\"thumbnailUrl\":\"https:\/\/www.ghostysky.com\/wp-content\/uploads\/2024\/02\/GH_YUSENSE_MS400_1.jpg\",\"datePublished\":\"2024-02-24T09:33:48+00:00\",\"dateModified\":\"2025-10-14T11:53:59+00:00\",\"description\":\"The Yusense MS400 is a lightweight and cost-effective multispectral camera designed specifically for agricultural applications. It captures data in four multispectral bands and one high-resolution RGB channel, providing valuable insights for farmers and agricultural professionals.\",\"breadcrumb\":{\"@id\":\"https:\/\/www.ghostysky.com\/product\/ms400-4-bands-multispectral-camera\/#breadcrumb\"},\"inLanguage\":\"fr-FR\",\"potentialAction\":[{\"@type\":\"ReadAction\",\"target\":[\"https:\/\/www.ghostysky.com\/product\/ms400-4-bands-multispectral-camera\/\"]}]},{\"@type\":\"ImageObject\",\"inLanguage\":\"fr-FR\",\"@id\":\"https:\/\/www.ghostysky.com\/product\/ms400-4-bands-multispectral-camera\/#primaryimage\",\"url\":\"https:\/\/www.ghostysky.com\/wp-content\/uploads\/2024\/02\/GH_YUSENSE_MS400_1.jpg\",\"contentUrl\":\"https:\/\/www.ghostysky.com\/wp-content\/uploads\/2024\/02\/GH_YUSENSE_MS400_1.jpg\",\"width\":450,\"height\":450},{\"@type\":\"BreadcrumbList\",\"@id\":\"https:\/\/www.ghostysky.com\/product\/ms400-4-bands-multispectral-camera\/#breadcrumb\",\"itemListElement\":[{\"@type\":\"ListItem\",\"position\":1,\"name\":\"Home\",\"item\":\"https:\/\/www.ghostysky.com\/\"},{\"@type\":\"ListItem\",\"position\":2,\"name\":\"Shop\",\"item\":\"https:\/\/www.ghostysky.com\/shop\/\"},{\"@type\":\"ListItem\",\"position\":3,\"name\":\"MS400 (4-Bands) Multispectral Camera\"}]},{\"@type\":\"WebSite\",\"@id\":\"https:\/\/www.ghostysky.com\/#website\",\"url\":\"https:\/\/www.ghostysky.com\/\",\"name\":\"Ghostysky\",\"description\":\"Delivering professional drones and services\",\"publisher\":{\"@id\":\"https:\/\/www.ghostysky.com\/#organization\"},\"potentialAction\":[{\"@type\":\"SearchAction\",\"target\":{\"@type\":\"EntryPoint\",\"urlTemplate\":\"https:\/\/www.ghostysky.com\/?s={search_term_string}\"},\"query-input\":{\"@type\":\"PropertyValueSpecification\",\"valueRequired\":true,\"valueName\":\"search_term_string\"}}],\"inLanguage\":\"fr-FR\"},{\"@type\":\"Organization\",\"@id\":\"https:\/\/www.ghostysky.com\/#organization\",\"name\":\"Ghostysky\",\"url\":\"https:\/\/www.ghostysky.com\/\",\"logo\":{\"@type\":\"ImageObject\",\"inLanguage\":\"fr-FR\",\"@id\":\"https:\/\/www.ghostysky.com\/#\/schema\/logo\/image\/\",\"url\":\"https:\/\/www.ghostysky.com\/wp-content\/uploads\/2020\/06\/cropped-ghostyskylogo_text_white2.png\",\"contentUrl\":\"https:\/\/www.ghostysky.com\/wp-content\/uploads\/2020\/06\/cropped-ghostyskylogo_text_white2.png\",\"width\":169,\"height\":56,\"caption\":\"Ghostysky\"},\"image\":{\"@id\":\"https:\/\/www.ghostysky.com\/#\/schema\/logo\/image\/\"},\"sameAs\":[\"https:\/\/www.facebook.com\/people\/Ghostysky\/100057676170234\/\",\"https:\/\/x.com\/Gh0stysky\",\"https:\/\/www.linkedin.com\/company\/34739653\",\"https:\/\/www.instagram.com\/gh0stysky\"]}]}<\/script>\n<!-- \/ Yoast SEO plugin. -->","yoast_head_json":{"title":"Cam\u00e9ra multispectrale MS400 (4 bandes) - Ghostysky","description":"La Yusense MS400 est une cam\u00e9ra multispectrale l\u00e9g\u00e8re et \u00e9conomique, sp\u00e9cialement con\u00e7ue pour les applications agricoles. Elle capture des donn\u00e9es sur quatre bandes multispectrales et un canal RVB haute r\u00e9solution, fournissant ainsi des informations pr\u00e9cieuses aux agriculteurs et aux professionnels du secteur agricole.","robots":{"index":"index","follow":"follow","max-snippet":"max-snippet:-1","max-image-preview":"max-image-preview:large","max-video-preview":"max-video-preview:-1"},"canonical":"https:\/\/www.ghostysky.com\/fr\/product\/ms400-4-bands-multispectral-camera\/","og_locale":"fr_FR","og_type":"article","og_title":"MS400 (4-Bands) Multispectral Camera - Ghostysky","og_description":"The Yusense MS400 is a lightweight and cost-effective multispectral camera designed specifically for agricultural applications. It captures data in four multispectral bands and one high-resolution RGB channel, providing valuable insights for farmers and agricultural professionals.","og_url":"https:\/\/www.ghostysky.com\/fr\/product\/ms400-4-bands-multispectral-camera\/","og_site_name":"Ghostysky","article_publisher":"https:\/\/www.facebook.com\/people\/Ghostysky\/100057676170234\/","article_modified_time":"2025-10-14T11:53:59+00:00","og_image":[{"width":450,"height":450,"url":"https:\/\/www.ghostysky.com\/wp-content\/uploads\/2024\/02\/GH_YUSENSE_MS400_1.jpg","type":"image\/jpeg"}],"twitter_card":"summary_large_image","twitter_site":"@Gh0stysky","twitter_misc":{"Dur\u00e9e de lecture estim\u00e9e":"4 minutes"},"schema":{"@context":"https:\/\/schema.org","@graph":[{"@type":"WebPage","@id":"https:\/\/www.ghostysky.com\/product\/ms400-4-bands-multispectral-camera\/","url":"https:\/\/www.ghostysky.com\/product\/ms400-4-bands-multispectral-camera\/","name":"Cam\u00e9ra multispectrale MS400 (4 bandes) - Ghostysky","isPartOf":{"@id":"https:\/\/www.ghostysky.com\/#website"},"primaryImageOfPage":{"@id":"https:\/\/www.ghostysky.com\/product\/ms400-4-bands-multispectral-camera\/#primaryimage"},"image":{"@id":"https:\/\/www.ghostysky.com\/product\/ms400-4-bands-multispectral-camera\/#primaryimage"},"thumbnailUrl":"https:\/\/www.ghostysky.com\/wp-content\/uploads\/2024\/02\/GH_YUSENSE_MS400_1.jpg","datePublished":"2024-02-24T09:33:48+00:00","dateModified":"2025-10-14T11:53:59+00:00","description":"La Yusense MS400 est une cam\u00e9ra multispectrale l\u00e9g\u00e8re et \u00e9conomique, sp\u00e9cialement con\u00e7ue pour les applications agricoles. Elle capture des donn\u00e9es sur quatre bandes multispectrales et un canal RVB haute r\u00e9solution, fournissant ainsi des informations pr\u00e9cieuses aux agriculteurs et aux professionnels du secteur agricole.","breadcrumb":{"@id":"https:\/\/www.ghostysky.com\/product\/ms400-4-bands-multispectral-camera\/#breadcrumb"},"inLanguage":"fr-FR","potentialAction":[{"@type":"ReadAction","target":["https:\/\/www.ghostysky.com\/product\/ms400-4-bands-multispectral-camera\/"]}]},{"@type":"ImageObject","inLanguage":"fr-FR","@id":"https:\/\/www.ghostysky.com\/product\/ms400-4-bands-multispectral-camera\/#primaryimage","url":"https:\/\/www.ghostysky.com\/wp-content\/uploads\/2024\/02\/GH_YUSENSE_MS400_1.jpg","contentUrl":"https:\/\/www.ghostysky.com\/wp-content\/uploads\/2024\/02\/GH_YUSENSE_MS400_1.jpg","width":450,"height":450},{"@type":"BreadcrumbList","@id":"https:\/\/www.ghostysky.com\/product\/ms400-4-bands-multispectral-camera\/#breadcrumb","itemListElement":[{"@type":"ListItem","position":1,"name":"Home","item":"https:\/\/www.ghostysky.com\/"},{"@type":"ListItem","position":2,"name":"Shop","item":"https:\/\/www.ghostysky.com\/shop\/"},{"@type":"ListItem","position":3,"name":"MS400 (4-Bands) Multispectral Camera"}]},{"@type":"WebSite","@id":"https:\/\/www.ghostysky.com\/#website","url":"https:\/\/www.ghostysky.com\/","name":"Ghostysky","description":"Livraison de drones et de services professionnels","publisher":{"@id":"https:\/\/www.ghostysky.com\/#organization"},"potentialAction":[{"@type":"SearchAction","target":{"@type":"EntryPoint","urlTemplate":"https:\/\/www.ghostysky.com\/?s={search_term_string}"},"query-input":{"@type":"PropertyValueSpecification","valueRequired":true,"valueName":"search_term_string"}}],"inLanguage":"fr-FR"},{"@type":"Organization","@id":"https:\/\/www.ghostysky.com\/#organization","name":"Ghostysky","url":"https:\/\/www.ghostysky.com\/","logo":{"@type":"ImageObject","inLanguage":"fr-FR","@id":"https:\/\/www.ghostysky.com\/#\/schema\/logo\/image\/","url":"https:\/\/www.ghostysky.com\/wp-content\/uploads\/2020\/06\/cropped-ghostyskylogo_text_white2.png","contentUrl":"https:\/\/www.ghostysky.com\/wp-content\/uploads\/2020\/06\/cropped-ghostyskylogo_text_white2.png","width":169,"height":56,"caption":"Ghostysky"},"image":{"@id":"https:\/\/www.ghostysky.com\/#\/schema\/logo\/image\/"},"sameAs":["https:\/\/www.facebook.com\/people\/Ghostysky\/100057676170234\/","https:\/\/x.com\/Gh0stysky","https:\/\/www.linkedin.com\/company\/34739653","https:\/\/www.instagram.com\/gh0stysky"]}]}},"_links":{"self":[{"href":"https:\/\/www.ghostysky.com\/fr\/wp-json\/wp\/v2\/product\/16642","targetHints":{"allow":["GET"]}}],"collection":[{"href":"https:\/\/www.ghostysky.com\/fr\/wp-json\/wp\/v2\/product"}],"about":[{"href":"https:\/\/www.ghostysky.com\/fr\/wp-json\/wp\/v2\/types\/product"}],"replies":[{"embeddable":true,"href":"https:\/\/www.ghostysky.com\/fr\/wp-json\/wp\/v2\/comments?post=16642"}],"wp:featuredmedia":[{"embeddable":true,"href":"https:\/\/www.ghostysky.com\/fr\/wp-json\/wp\/v2\/media\/16646"}],"wp:attachment":[{"href":"https:\/\/www.ghostysky.com\/fr\/wp-json\/wp\/v2\/media?parent=16642"}],"wp:term":[{"taxonomy":"product_brand","embeddable":true,"href":"https:\/\/www.ghostysky.com\/fr\/wp-json\/wp\/v2\/product_brand?post=16642"},{"taxonomy":"product_cat","embeddable":true,"href":"https:\/\/www.ghostysky.com\/fr\/wp-json\/wp\/v2\/product_cat?post=16642"},{"taxonomy":"product_tag","embeddable":true,"href":"https:\/\/www.ghostysky.com\/fr\/wp-json\/wp\/v2\/product_tag?post=16642"}],"curies":[{"name":"wp","href":"https:\/\/api.w.org\/{rel}","templated":true}]}}