{"id":16660,"date":"2024-02-24T10:27:38","date_gmt":"2024-02-24T10:27:38","guid":{"rendered":"https:\/\/www.ghostysky.com\/?post_type=product&#038;p=16660"},"modified":"2025-10-14T11:52:23","modified_gmt":"2025-10-14T11:52:23","slug":"ms600-advanced-v2-6-bands-multispectral-camera","status":"publish","type":"product","link":"https:\/\/www.ghostysky.com\/fr\/product\/ms600-advanced-v2-6-bands-multispectral-camera\/","title":{"rendered":"Cam\u00e9ra multispectrale MS600 Advanced V2 (6 bandes)"},"content":{"rendered":"<p data-sourcepos=\"5:1-5:17\"><strong>Caract\u00e9ristiques principales :<\/strong><\/p>\n<ul data-sourcepos=\"7:1-14:0\">\n<li data-sourcepos=\"7:1-7:70\"><strong>Six bandes spectrales :<\/strong>\u00a0450 nm, 555 nm, 660 nm, 720 nm, 750 nm et 840 nm<\/li>\n<li data-sourcepos=\"8:1-8:39\"><strong>R\u00e9solution de 1,2 m\u00e9gapixel par bande<\/strong><\/li>\n<li data-sourcepos=\"9:1-9:84\"><strong>Capteur d&#039;obturation global<\/strong>\u00a0pour capturer des images claires m\u00eame dans des sc\u00e9narios \u00e0 mouvement rapide<\/li>\n<li data-sourcepos=\"10:1-10:96\"><strong>Capteur de lumi\u00e8re descendante (DLS)<\/strong>\u00a0pour une correction pr\u00e9cise des donn\u00e9es dans des conditions d&#039;\u00e9clairage variables<\/li>\n<li data-sourcepos=\"11:1-11:47\"><strong>Module GPS int\u00e9gr\u00e9<\/strong>\u00a0pour g\u00e9olocaliser les images<\/li>\n<li data-sourcepos=\"12:1-12:82\"><strong>Interface DJI SkyPort<\/strong>\u00a0pour une int\u00e9gration transparente avec les drones DJI M300 et M350<\/li>\n<li data-sourcepos=\"13:1-14:0\"><strong>Conception compacte et l\u00e9g\u00e8re<\/strong>\u00a0pour une int\u00e9gration facile avec diverses plateformes<\/li>\n<\/ul>\n<p data-sourcepos=\"15:1-15:17\"><strong>Applications:<\/strong><\/p>\n<ul data-sourcepos=\"17:1-21:0\">\n<li data-sourcepos=\"17:1-17:130\"><strong>L&#039;agriculture de pr\u00e9cision :<\/strong>\u00a0Surveillance de la sant\u00e9 des cultures, d\u00e9tection des ravageurs et des maladies, estimation du rendement, gestion des engrais et de l&#039;eau<\/li>\n<li data-sourcepos=\"18:1-18:102\"><strong>Surveillance foresti\u00e8re :<\/strong>\u00a0\u00c9valuation de la sant\u00e9 des arbres, d\u00e9tection de la d\u00e9forestation, gestion des ressources foresti\u00e8res<\/li>\n<li data-sourcepos=\"19:1-19:110\"><strong>Surveillance environnementale :<\/strong>\u00a0Surveillance de la qualit\u00e9 de l&#039;eau, suivi du niveau de pollution, analyse des changements d&#039;occupation du sol<\/li>\n<li data-sourcepos=\"20:1-21:0\"><strong>Cartographie g\u00e9ologique :<\/strong>\u00a0Exploration mini\u00e8re, analyse des sols, identification des ressources<\/li>\n<\/ul>\n<p data-sourcepos=\"22:1-22:13\"><strong>Avantages:<\/strong><\/p>\n<ul data-sourcepos=\"24:1-28:0\">\n<li data-sourcepos=\"24:1-24:111\"><strong>Collecte de donn\u00e9es am\u00e9lior\u00e9e :<\/strong>\u00a0Capturez des informations au-del\u00e0 du spectre visible pour une analyse plus compl\u00e8te<\/li>\n<li data-sourcepos=\"25:1-25:110\"><strong>Am\u00e9lioration de la prise de d\u00e9cision :<\/strong>\u00a0Obtenez des informations pr\u00e9cieuses \u00e0 partir des donn\u00e9es pour optimiser les pratiques et la gestion des ressources<\/li>\n<li data-sourcepos=\"26:1-26:75\"><strong>Efficacit\u00e9 accrue :<\/strong>\u00a0Automatiser les flux de travail de collecte et d&#039;analyse des donn\u00e9es<\/li>\n<li data-sourcepos=\"27:1-28:0\"><strong>Co\u00fbts r\u00e9duits :<\/strong>\u00a0Gagnez du temps et de l&#039;argent en utilisant des interventions cibl\u00e9es bas\u00e9es sur des donn\u00e9es pr\u00e9cises<\/li>\n<\/ul>\n<p data-sourcepos=\"29:1-29:160\"><strong>Dans l\u2019ensemble, la Yusense MS600 Advanced V2 est une cam\u00e9ra multispectrale polyvalente et puissante qui peut \u00eatre un outil pr\u00e9cieux pour les professionnels de divers secteurs.<\/strong><\/p>\n<div class=\"woocommerce-tabs wc-tabs-wrapper\">\n<div id=\"tab-description\" class=\"woocommerce-Tabs-panel woocommerce-Tabs-panel--description panel entry-content wc-tab\" role=\"tabpanel\" aria-labelledby=\"tab-title-description\">\n<p><strong>Applications<\/strong><\/p>\n<p><b>\u00c9valuation de la croissance de la v\u00e9g\u00e9tation<\/b><\/p>\n<p>En utilisant le NDVI, le LAI et d&#039;autres facteurs de v\u00e9g\u00e9tation, nous d\u00e9crivons quantitativement la coh\u00e9rence de l&#039;\u00e9tat du couvert v\u00e9g\u00e9tal \u00e0 diff\u00e9rentes \u00e9chelles spatiales, aidons les spectres caract\u00e9ristiques de la v\u00e9g\u00e9tation dans diff\u00e9rents \u00e9tats de sant\u00e9, \u00e9valuons quantitativement la long\u00e9vit\u00e9 de la v\u00e9g\u00e9tation et fournissons des donn\u00e9es de support pour l&#039;irrigation, l&#039;application d&#039;engrais, la protection des plantes et l&#039;\u00e9valuation du rendement.<\/p>\n<p><a href=\"https:\/\/www.ghostysky.com\/fr\/storage\/2024\/02\/GH_MS600-V2_1.jpg\/\"><img fetchpriority=\"high\" decoding=\"async\" class=\"wp-image-16659 size-full aligncenter lazyload\" src=\"data:image\/gif;base64,R0lGODlhAQABAAAAACH5BAEKAAEALAAAAAABAAEAAAICTAEAOw==\" alt=\"\" width=\"600\" height=\"347\" data-src=\"data:image\/gif;base64,R0lGODlhAQABAAAAACH5BAEKAAEALAAAAAABAAEAAAICTAEAOw==\"><\/a><\/p>\n<p><b>Surveillance des plans d&#039;eau \u00e0 odeur noire<\/b><\/p>\n<p>En r\u00e9f\u00e9rence \u00e0 la norme d&#039;\u00e9valuation des masses d&#039;eau noires malodorantes de surface, nous utilisons des spectres caract\u00e9ristiques pour construire des indices de classification, r\u00e9aliser des statistiques d&#039;inversion gradu\u00e9e et d&#039;information spatiale des masses d&#039;eau noires malodorantes, aider \u00e0 analyser l&#039;impact des eaux us\u00e9es domestiques et industrielles sur les masses d&#039;eau environnantes et aider \u00e0 l&#039;enqu\u00eate sur les sources de pollution et \u00e0 l&#039;\u00e9valuation de l&#039;environnement aquatique.<\/p>\n<p><a href=\"https:\/\/www.ghostysky.com\/fr\/storage\/2024\/02\/GH_MS600-V2_2.jpg\/\"><img decoding=\"async\" class=\"wp-image-16658 size-full aligncenter lazyload\" src=\"data:image\/gif;base64,R0lGODlhAQABAAAAACH5BAEKAAEALAAAAAABAAEAAAICTAEAOw==\" alt=\"\" width=\"600\" height=\"347\" data-src=\"data:image\/gif;base64,R0lGODlhAQABAAAAACH5BAEKAAEALAAAAAABAAEAAAICTAEAOw==\"><\/a><\/p>\n<p><b>\u00c9valuation de la couverture<\/b><\/p>\n<p>Sur la base du spectre d&#039;empreintes digitales de la v\u00e9g\u00e9tation pour construire un indice de v\u00e9g\u00e9tation, compl\u00e9ter la distribution spatiale et les statistiques de superficie de la v\u00e9g\u00e9tation cible dans la zone d\u00e9sign\u00e9e et fournir des donn\u00e9es quantitatives sur la couverture v\u00e9g\u00e9tale pour la recherche scientifique et la production dans l&#039;agriculture, la foresterie et les prairies, l&#039;\u00e9cologie et d&#039;autres domaines.<\/p>\n<p><a href=\"https:\/\/www.ghostysky.com\/fr\/storage\/2024\/02\/GH_MS600-V2_3.jpg\/\"><img decoding=\"async\" class=\"wp-image-16657 size-full aligncenter lazyload\" src=\"data:image\/gif;base64,R0lGODlhAQABAAAAACH5BAEKAAEALAAAAAABAAEAAAICTAEAOw==\" alt=\"\" width=\"600\" height=\"347\" data-src=\"data:image\/gif;base64,R0lGODlhAQABAAAAACH5BAEKAAEALAAAAAABAAEAAAICTAEAOw==\"><\/a><\/p>\n<p><b>Surveillance des pins d\u00e9color\u00e9s sur pied<\/b><\/p>\n<p>Utilisation compl\u00e8te des informations spectrales et de texture pour r\u00e9aliser une suppression efficace des arri\u00e8re-plans environnementaux tels que le sol, l&#039;herbe morte et l&#039;identification de haute pr\u00e9cision des arbres sur pied d\u00e9color\u00e9s, en extrayant avec pr\u00e9cision des informations sur l&#039;emplacement, la distribution spatiale et la zone de canop\u00e9e des arbres sur pied d\u00e9color\u00e9s, et en fournissant un support de donn\u00e9es pour la gestion des arbres infect\u00e9s.<\/p>\n<p><a href=\"https:\/\/www.ghostysky.com\/fr\/storage\/2024\/02\/GH_MS600-V2_4.jpg\/\"><img loading=\"lazy\" decoding=\"async\" class=\"size-full wp-image-16656 aligncenter lazyload\" src=\"data:image\/gif;base64,R0lGODlhAQABAAAAACH5BAEKAAEALAAAAAABAAEAAAICTAEAOw==\" alt=\"\" width=\"600\" height=\"347\" data-src=\"data:image\/gif;base64,R0lGODlhAQABAAAAACH5BAEKAAEALAAAAAABAAEAAAICTAEAOw==\"><\/a><\/p>\n<\/div>\n<\/div>","protected":false},"excerpt":{"rendered":"<p>La Yusense MS600 Advanced V2 est une cam\u00e9ra multispectrale haute r\u00e9solution con\u00e7ue pour capturer des donn\u00e9es dans six bandes spectrales sp\u00e9cifiques. Ces bandes vont au-del\u00e0 du spectre RVB classique et fournissent des informations pr\u00e9cieuses pour diverses applications en agriculture, foresterie, surveillance environnementale, etc.<\/p>","protected":false},"featured_media":16655,"comment_status":"open","ping_status":"closed","template":"","meta":[],"product_brand":[],"product_cat":[705,706],"product_tag":[711,712,66,707],"class_list":{"0":"post-16660","1":"product","2":"type-product","3":"status-publish","4":"has-post-thumbnail","6":"product_cat-sensors","7":"product_cat-yusense","8":"product_tag-6-bands","9":"product_tag-ms-600-advanced-v2","10":"product_tag-multispectral-camera","11":"product_tag-yusense","13":"first","14":"onbackorder","15":"taxable","16":"shipping-taxable","17":"product-type-simple"},"yoast_head":"<!-- This site is optimized with the Yoast SEO plugin v27.1.1 - https:\/\/yoast.com\/product\/yoast-seo-wordpress\/ -->\n<title>MS600 Advanced V2 (6-bands) Multispectral Camera - Ghostysky<\/title>\n<meta name=\"description\" content=\"The Yusense MS600 Advanced V2 is a high-resolution multispectral camera designed for capturing data in six specific spectral bands. These bands go beyond the typical RGB spectrum, providing valuable information for various applications in agriculture, forestry, environmental monitoring, and more.\" \/>\n<meta name=\"robots\" content=\"index, follow, max-snippet:-1, max-image-preview:large, max-video-preview:-1\" \/>\n<link rel=\"canonical\" href=\"https:\/\/www.ghostysky.com\/fr\/product\/ms600-advanced-v2-6-bands-multispectral-camera\/\" \/>\n<meta property=\"og:locale\" content=\"fr_FR\" \/>\n<meta property=\"og:type\" content=\"article\" \/>\n<meta property=\"og:title\" content=\"MS600 Advanced V2 (6-bands) Multispectral Camera - Ghostysky\" \/>\n<meta property=\"og:description\" content=\"The Yusense MS600 Advanced V2 is a high-resolution multispectral camera designed for capturing data in six specific spectral bands. These bands go beyond the typical RGB spectrum, providing valuable information for various applications in agriculture, forestry, environmental monitoring, and more.\" \/>\n<meta property=\"og:url\" content=\"https:\/\/www.ghostysky.com\/fr\/product\/ms600-advanced-v2-6-bands-multispectral-camera\/\" \/>\n<meta property=\"og:site_name\" content=\"Ghostysky\" \/>\n<meta property=\"article:publisher\" content=\"https:\/\/www.facebook.com\/people\/Ghostysky\/100057676170234\/\" \/>\n<meta property=\"article:modified_time\" content=\"2025-10-14T11:52:23+00:00\" \/>\n<meta property=\"og:image\" content=\"https:\/\/www.ghostysky.com\/wp-content\/uploads\/2024\/02\/GH_MS600V2_1.jpg\" \/>\n\t<meta property=\"og:image:width\" content=\"450\" \/>\n\t<meta property=\"og:image:height\" content=\"450\" \/>\n\t<meta property=\"og:image:type\" content=\"image\/jpeg\" \/>\n<meta name=\"twitter:card\" content=\"summary_large_image\" \/>\n<meta name=\"twitter:site\" content=\"@Gh0stysky\" \/>\n<meta name=\"twitter:label1\" content=\"Dur\u00e9e de lecture estim\u00e9e\" \/>\n\t<meta name=\"twitter:data1\" content=\"3 minutes\" \/>\n<script type=\"application\/ld+json\" class=\"yoast-schema-graph\">{\"@context\":\"https:\/\/schema.org\",\"@graph\":[{\"@type\":\"WebPage\",\"@id\":\"https:\/\/www.ghostysky.com\/product\/ms600-advanced-v2-6-bands-multispectral-camera\/\",\"url\":\"https:\/\/www.ghostysky.com\/product\/ms600-advanced-v2-6-bands-multispectral-camera\/\",\"name\":\"MS600 Advanced V2 (6-bands) Multispectral Camera - Ghostysky\",\"isPartOf\":{\"@id\":\"https:\/\/www.ghostysky.com\/#website\"},\"primaryImageOfPage\":{\"@id\":\"https:\/\/www.ghostysky.com\/product\/ms600-advanced-v2-6-bands-multispectral-camera\/#primaryimage\"},\"image\":{\"@id\":\"https:\/\/www.ghostysky.com\/product\/ms600-advanced-v2-6-bands-multispectral-camera\/#primaryimage\"},\"thumbnailUrl\":\"https:\/\/www.ghostysky.com\/wp-content\/uploads\/2024\/02\/GH_MS600V2_1.jpg\",\"datePublished\":\"2024-02-24T10:27:38+00:00\",\"dateModified\":\"2025-10-14T11:52:23+00:00\",\"description\":\"The Yusense MS600 Advanced V2 is a high-resolution multispectral camera designed for capturing data in six specific spectral bands. These bands go beyond the typical RGB spectrum, providing valuable information for various applications in agriculture, forestry, environmental monitoring, and more.\",\"breadcrumb\":{\"@id\":\"https:\/\/www.ghostysky.com\/product\/ms600-advanced-v2-6-bands-multispectral-camera\/#breadcrumb\"},\"inLanguage\":\"fr-FR\",\"potentialAction\":[{\"@type\":\"ReadAction\",\"target\":[\"https:\/\/www.ghostysky.com\/product\/ms600-advanced-v2-6-bands-multispectral-camera\/\"]}]},{\"@type\":\"ImageObject\",\"inLanguage\":\"fr-FR\",\"@id\":\"https:\/\/www.ghostysky.com\/product\/ms600-advanced-v2-6-bands-multispectral-camera\/#primaryimage\",\"url\":\"https:\/\/www.ghostysky.com\/wp-content\/uploads\/2024\/02\/GH_MS600V2_1.jpg\",\"contentUrl\":\"https:\/\/www.ghostysky.com\/wp-content\/uploads\/2024\/02\/GH_MS600V2_1.jpg\",\"width\":450,\"height\":450},{\"@type\":\"BreadcrumbList\",\"@id\":\"https:\/\/www.ghostysky.com\/product\/ms600-advanced-v2-6-bands-multispectral-camera\/#breadcrumb\",\"itemListElement\":[{\"@type\":\"ListItem\",\"position\":1,\"name\":\"Home\",\"item\":\"https:\/\/www.ghostysky.com\/\"},{\"@type\":\"ListItem\",\"position\":2,\"name\":\"Shop\",\"item\":\"https:\/\/www.ghostysky.com\/shop\/\"},{\"@type\":\"ListItem\",\"position\":3,\"name\":\"MS600 Advanced V2 (6-bands) Multispectral Camera\"}]},{\"@type\":\"WebSite\",\"@id\":\"https:\/\/www.ghostysky.com\/#website\",\"url\":\"https:\/\/www.ghostysky.com\/\",\"name\":\"Ghostysky\",\"description\":\"Delivering professional drones and services\",\"publisher\":{\"@id\":\"https:\/\/www.ghostysky.com\/#organization\"},\"potentialAction\":[{\"@type\":\"SearchAction\",\"target\":{\"@type\":\"EntryPoint\",\"urlTemplate\":\"https:\/\/www.ghostysky.com\/?s={search_term_string}\"},\"query-input\":{\"@type\":\"PropertyValueSpecification\",\"valueRequired\":true,\"valueName\":\"search_term_string\"}}],\"inLanguage\":\"fr-FR\"},{\"@type\":\"Organization\",\"@id\":\"https:\/\/www.ghostysky.com\/#organization\",\"name\":\"Ghostysky\",\"url\":\"https:\/\/www.ghostysky.com\/\",\"logo\":{\"@type\":\"ImageObject\",\"inLanguage\":\"fr-FR\",\"@id\":\"https:\/\/www.ghostysky.com\/#\/schema\/logo\/image\/\",\"url\":\"https:\/\/www.ghostysky.com\/wp-content\/uploads\/2020\/06\/cropped-ghostyskylogo_text_white2.png\",\"contentUrl\":\"https:\/\/www.ghostysky.com\/wp-content\/uploads\/2020\/06\/cropped-ghostyskylogo_text_white2.png\",\"width\":169,\"height\":56,\"caption\":\"Ghostysky\"},\"image\":{\"@id\":\"https:\/\/www.ghostysky.com\/#\/schema\/logo\/image\/\"},\"sameAs\":[\"https:\/\/www.facebook.com\/people\/Ghostysky\/100057676170234\/\",\"https:\/\/x.com\/Gh0stysky\",\"https:\/\/www.linkedin.com\/company\/34739653\",\"https:\/\/www.instagram.com\/gh0stysky\"]}]}<\/script>\n<!-- \/ Yoast SEO plugin. -->","yoast_head_json":{"title":"Cam\u00e9ra multispectrale MS600 Advanced V2 (6 bandes) - Ghostysky","description":"La Yusense MS600 Advanced V2 est une cam\u00e9ra multispectrale haute r\u00e9solution con\u00e7ue pour capturer des donn\u00e9es dans six bandes spectrales sp\u00e9cifiques. Ces bandes vont au-del\u00e0 du spectre RVB classique et fournissent des informations pr\u00e9cieuses pour diverses applications en agriculture, foresterie, surveillance environnementale, etc.","robots":{"index":"index","follow":"follow","max-snippet":"max-snippet:-1","max-image-preview":"max-image-preview:large","max-video-preview":"max-video-preview:-1"},"canonical":"https:\/\/www.ghostysky.com\/fr\/product\/ms600-advanced-v2-6-bands-multispectral-camera\/","og_locale":"fr_FR","og_type":"article","og_title":"MS600 Advanced V2 (6-bands) Multispectral Camera - Ghostysky","og_description":"The Yusense MS600 Advanced V2 is a high-resolution multispectral camera designed for capturing data in six specific spectral bands. These bands go beyond the typical RGB spectrum, providing valuable information for various applications in agriculture, forestry, environmental monitoring, and more.","og_url":"https:\/\/www.ghostysky.com\/fr\/product\/ms600-advanced-v2-6-bands-multispectral-camera\/","og_site_name":"Ghostysky","article_publisher":"https:\/\/www.facebook.com\/people\/Ghostysky\/100057676170234\/","article_modified_time":"2025-10-14T11:52:23+00:00","og_image":[{"width":450,"height":450,"url":"https:\/\/www.ghostysky.com\/wp-content\/uploads\/2024\/02\/GH_MS600V2_1.jpg","type":"image\/jpeg"}],"twitter_card":"summary_large_image","twitter_site":"@Gh0stysky","twitter_misc":{"Dur\u00e9e de lecture estim\u00e9e":"3 minutes"},"schema":{"@context":"https:\/\/schema.org","@graph":[{"@type":"WebPage","@id":"https:\/\/www.ghostysky.com\/product\/ms600-advanced-v2-6-bands-multispectral-camera\/","url":"https:\/\/www.ghostysky.com\/product\/ms600-advanced-v2-6-bands-multispectral-camera\/","name":"Cam\u00e9ra multispectrale MS600 Advanced V2 (6 bandes) - Ghostysky","isPartOf":{"@id":"https:\/\/www.ghostysky.com\/#website"},"primaryImageOfPage":{"@id":"https:\/\/www.ghostysky.com\/product\/ms600-advanced-v2-6-bands-multispectral-camera\/#primaryimage"},"image":{"@id":"https:\/\/www.ghostysky.com\/product\/ms600-advanced-v2-6-bands-multispectral-camera\/#primaryimage"},"thumbnailUrl":"https:\/\/www.ghostysky.com\/wp-content\/uploads\/2024\/02\/GH_MS600V2_1.jpg","datePublished":"2024-02-24T10:27:38+00:00","dateModified":"2025-10-14T11:52:23+00:00","description":"La Yusense MS600 Advanced V2 est une cam\u00e9ra multispectrale haute r\u00e9solution con\u00e7ue pour capturer des donn\u00e9es dans six bandes spectrales sp\u00e9cifiques. Ces bandes vont au-del\u00e0 du spectre RVB classique et fournissent des informations pr\u00e9cieuses pour diverses applications en agriculture, foresterie, surveillance environnementale, etc.","breadcrumb":{"@id":"https:\/\/www.ghostysky.com\/product\/ms600-advanced-v2-6-bands-multispectral-camera\/#breadcrumb"},"inLanguage":"fr-FR","potentialAction":[{"@type":"ReadAction","target":["https:\/\/www.ghostysky.com\/product\/ms600-advanced-v2-6-bands-multispectral-camera\/"]}]},{"@type":"ImageObject","inLanguage":"fr-FR","@id":"https:\/\/www.ghostysky.com\/product\/ms600-advanced-v2-6-bands-multispectral-camera\/#primaryimage","url":"https:\/\/www.ghostysky.com\/wp-content\/uploads\/2024\/02\/GH_MS600V2_1.jpg","contentUrl":"https:\/\/www.ghostysky.com\/wp-content\/uploads\/2024\/02\/GH_MS600V2_1.jpg","width":450,"height":450},{"@type":"BreadcrumbList","@id":"https:\/\/www.ghostysky.com\/product\/ms600-advanced-v2-6-bands-multispectral-camera\/#breadcrumb","itemListElement":[{"@type":"ListItem","position":1,"name":"Home","item":"https:\/\/www.ghostysky.com\/"},{"@type":"ListItem","position":2,"name":"Shop","item":"https:\/\/www.ghostysky.com\/shop\/"},{"@type":"ListItem","position":3,"name":"MS600 Advanced V2 (6-bands) Multispectral Camera"}]},{"@type":"WebSite","@id":"https:\/\/www.ghostysky.com\/#website","url":"https:\/\/www.ghostysky.com\/","name":"Ghostysky","description":"Livraison de drones et de services professionnels","publisher":{"@id":"https:\/\/www.ghostysky.com\/#organization"},"potentialAction":[{"@type":"SearchAction","target":{"@type":"EntryPoint","urlTemplate":"https:\/\/www.ghostysky.com\/?s={search_term_string}"},"query-input":{"@type":"PropertyValueSpecification","valueRequired":true,"valueName":"search_term_string"}}],"inLanguage":"fr-FR"},{"@type":"Organization","@id":"https:\/\/www.ghostysky.com\/#organization","name":"Ghostysky","url":"https:\/\/www.ghostysky.com\/","logo":{"@type":"ImageObject","inLanguage":"fr-FR","@id":"https:\/\/www.ghostysky.com\/#\/schema\/logo\/image\/","url":"https:\/\/www.ghostysky.com\/wp-content\/uploads\/2020\/06\/cropped-ghostyskylogo_text_white2.png","contentUrl":"https:\/\/www.ghostysky.com\/wp-content\/uploads\/2020\/06\/cropped-ghostyskylogo_text_white2.png","width":169,"height":56,"caption":"Ghostysky"},"image":{"@id":"https:\/\/www.ghostysky.com\/#\/schema\/logo\/image\/"},"sameAs":["https:\/\/www.facebook.com\/people\/Ghostysky\/100057676170234\/","https:\/\/x.com\/Gh0stysky","https:\/\/www.linkedin.com\/company\/34739653","https:\/\/www.instagram.com\/gh0stysky"]}]}},"_links":{"self":[{"href":"https:\/\/www.ghostysky.com\/fr\/wp-json\/wp\/v2\/product\/16660","targetHints":{"allow":["GET"]}}],"collection":[{"href":"https:\/\/www.ghostysky.com\/fr\/wp-json\/wp\/v2\/product"}],"about":[{"href":"https:\/\/www.ghostysky.com\/fr\/wp-json\/wp\/v2\/types\/product"}],"replies":[{"embeddable":true,"href":"https:\/\/www.ghostysky.com\/fr\/wp-json\/wp\/v2\/comments?post=16660"}],"wp:featuredmedia":[{"embeddable":true,"href":"https:\/\/www.ghostysky.com\/fr\/wp-json\/wp\/v2\/media\/16655"}],"wp:attachment":[{"href":"https:\/\/www.ghostysky.com\/fr\/wp-json\/wp\/v2\/media?parent=16660"}],"wp:term":[{"taxonomy":"product_brand","embeddable":true,"href":"https:\/\/www.ghostysky.com\/fr\/wp-json\/wp\/v2\/product_brand?post=16660"},{"taxonomy":"product_cat","embeddable":true,"href":"https:\/\/www.ghostysky.com\/fr\/wp-json\/wp\/v2\/product_cat?post=16660"},{"taxonomy":"product_tag","embeddable":true,"href":"https:\/\/www.ghostysky.com\/fr\/wp-json\/wp\/v2\/product_tag?post=16660"}],"curies":[{"name":"wp","href":"https:\/\/api.w.org\/{rel}","templated":true}]}}