{"id":16684,"date":"2024-02-24T11:36:38","date_gmt":"2024-02-24T11:36:38","guid":{"rendered":"https:\/\/www.ghostysky.com\/?post_type=product&#038;p=16684"},"modified":"2025-10-14T11:38:23","modified_gmt":"2025-10-14T11:38:23","slug":"aq600-5-bands-multispectral-camera","status":"publish","type":"product","link":"https:\/\/www.ghostysky.com\/fr\/product\/aq600-5-bands-multispectral-camera\/","title":{"rendered":"Cam\u00e9ra multispectrale AQ600 (5 bandes)"},"content":{"rendered":"<p><strong>Caract\u00e9ristiques du produit<\/strong><\/p>\n<ul>\n<li>Port r\u00e9seau Gigabit\/port s\u00e9rie TTL<\/li>\n<li>Imagerie simultan\u00e9e de tous les canaux dans les 1 s les plus rapides<\/li>\n<li>Inversion spectrale en temps r\u00e9el embarqu\u00e9e, sortie vid\u00e9o<\/li>\n<li>Capteur de lumi\u00e8re descendante standard (DLS)<\/li>\n<li>Compatible avec de nombreux types de plateformes de drones \u00e0 rotor et \u00e0 voilure fixe | Plateforme de transport\u00a0: petit drone multirotor ou drone \u00e0 voilure fixe<\/li>\n<\/ul>\n<p><strong>Sp\u00e9cifications techniques<\/strong><\/p>\n<ul>\n<li><strong>M\u00e9thode de combinaison<\/strong>: 5 canaux multispectraux + 1 canal RVB<\/li>\n<li><strong>Taille de la cible<\/strong>: Multispectral 1\/1,8\u201d | RVB 1\/2,3\u201d<\/li>\n<li><strong>Pixels effectifs<\/strong>: Multispectral 3,2 Mpx | RVB 12,3 Mpx<\/li>\n<li><strong>Type d&#039;obturateur<\/strong>: Multispectral \u2013 global | RVB \u2013 obturateur roulant<\/li>\n<li><strong>Nombre\u00a0<\/strong>de\u00a0<strong>Bits de quantification<\/strong>: Multispectral 12 bits | RVB 8 bits<\/li>\n<li><strong>Champ de vision\u00a0<\/strong>(<strong>Champ de vision<\/strong>): Multispectral 48,8\u00b0\u00d737,5\u00b0 | RVB 47,4\u00b0\u00d736,4\u00b0<\/li>\n<li><strong>R\u00e9solution au sol<\/strong>: Multispectral 5,28 cm \u00e0 120 m | RVB 2,60 cm \u00e0 120 m<\/li>\n<li><strong>Largeur de couverture<\/strong>: Multispectral 109m\u00d782m@h120m | RVB 106m\u00d779m@h120m<\/li>\n<li><strong>Canal spectral<\/strong>: 450 nm \u00e0 30 nm, 555 nm \u00e0 27 nm, 660 nm \u00e0 22 nm, 720 nm \u00e0 10 nm, 840 nm \u00e0 30 nm, RVB<\/li>\n<li><strong>Fen\u00eatre optique<\/strong>: Fen\u00eatre en verre optique saphir<\/li>\n<li><strong>Taille de l&#039;h\u00f4te<\/strong>\u00a0(L x l x H) : \u2264 80 mm \u00d7 80 mm \u00d7 78 mm<\/li>\n<li><strong>Poids de l&#039;h\u00f4te<\/strong>: \u2264415g<\/li>\n<li><strong>Interface d&#039;installation<\/strong>: 8\u00d7M3<\/li>\n<li><strong>Aliment\u00e9 par<\/strong>: 12V (veuillez nous contacter pour une alimentation avec d&#039;autres tensions)<\/li>\n<li><strong>Consommation d&#039;\u00e9nergie<\/strong>: \u226416 W \u00e0 12 V<\/li>\n<li><strong>Format d&#039;image<\/strong>: Multispectral \u2013 TIFF original 16 bits et JPEG de r\u00e9flectance 8 bits | RVB \u2013 JPEG 8 bits (y compris GPS, informations sur la lumi\u00e8re ambiante)<\/li>\n<li><strong>Format vid\u00e9o<\/strong>: MP4<\/li>\n<li><strong>Supports de stockage<\/strong>:Configuration standard 128 Go, prend en charge jusqu&#039;\u00e0 2 To de p\u00e9riph\u00e9rique de stockage USB3.1<\/li>\n<li><strong>Logiciel de traitement<\/strong>: Carte Yusense\/Carte Yusense Plus<\/li>\n<li><strong>Param\u00e8tres<\/strong>: Wi-Fi (acc\u00e8s \u00e0 l&#039;interface WEB) \/ Ethernet \/ UART<\/li>\n<li><strong>D\u00e9clencheur de tir<\/strong>:D\u00e9clencheur externe, d\u00e9clencheur de synchronisation, d\u00e9clencheur de taux de chevauchement, d\u00e9clencheur en cascade<\/li>\n<li><strong>Fr\u00e9quence de prise de vue<\/strong>Mode photo \u2013 1 Hz (en fonction de la vitesse de lecture et d&#039;\u00e9criture r\u00e9elle du support de stockage) | Mode vid\u00e9o \u2013 20 Hz<\/li>\n<li><strong>Temp\u00e9rature de fonctionnement<\/strong>: -10\u2103 \u00e0 +50\u2103 (vitesse du vent relatif \u22651m\/s)<\/li>\n<li><strong>Temp\u00e9rature de l&#039;environnement de stockage<\/strong>: -30\u2103 \u00e0 +70\u2103<\/li>\n<li><strong>Humidit\u00e9 de l&#039;environnement<\/strong>: RH(%) \u2264 85%(sans condensation)<\/li>\n<li><strong>Produit certifi\u00e9<\/strong>: CE, FCC, RoHS<\/li>\n<\/ul>\n<p data-sourcepos=\"3:1-3:250\"><strong>Applications<\/strong><\/p>\n<ul data-sourcepos=\"5:1-9:0\">\n<li data-sourcepos=\"5:1-5:100\"><strong>L&#039;agriculture de pr\u00e9cision :<\/strong>\u00a0\u00c9valuer la sant\u00e9 des cultures, d\u00e9tecter les ravageurs et les maladies, optimiser l\u2019utilisation des ressources.<\/li>\n<li data-sourcepos=\"6:1-6:94\"><strong>Surveillance foresti\u00e8re :<\/strong>\u00a0Surveiller la sant\u00e9 des arbres, d\u00e9tecter la d\u00e9forestation, g\u00e9rer les ressources foresti\u00e8res.<\/li>\n<li data-sourcepos=\"7:1-7:98\"><strong>Surveillance environnementale :<\/strong>\u00a0Suivre la qualit\u00e9 de l\u2019eau, surveiller la pollution, \u00e9valuer les changements de couverture terrestre.<\/li>\n<li data-sourcepos=\"8:1-9:0\"><strong>Reconnaissance de la cible :<\/strong>\u00a0Identifier les objets et les mat\u00e9riaux en fonction de leurs signatures spectrales uniques.<\/li>\n<\/ul>\n<p><strong>Dans l\u2019ensemble, le Yusense AQ600 est une solution de cam\u00e9ra multispectrale puissante et polyvalente pour les professionnels cherchant \u00e0 tirer parti de la capture de donn\u00e9es spectrales avanc\u00e9es pour diverses applications dans l\u2019agriculture, la foresterie, la surveillance de l\u2019environnement et au-del\u00e0.<\/strong><\/p>\n<p>&nbsp;<\/p>\n<p><strong>Applications<\/strong><\/p>\n<p><b>\u00c9valuation de la croissance de la v\u00e9g\u00e9tation<\/b><\/p>\n<p>En utilisant le NDVI, le LAI et d&#039;autres facteurs de v\u00e9g\u00e9tation, nous d\u00e9crivons quantitativement la coh\u00e9rence de l&#039;\u00e9tat du couvert v\u00e9g\u00e9tal \u00e0 diff\u00e9rentes \u00e9chelles spatiales, aidons les spectres caract\u00e9ristiques de la v\u00e9g\u00e9tation dans diff\u00e9rents \u00e9tats de sant\u00e9, \u00e9valuons quantitativement la long\u00e9vit\u00e9 de la v\u00e9g\u00e9tation et fournissons des donn\u00e9es de support pour l&#039;irrigation, l&#039;application d&#039;engrais, la protection des plantes et l&#039;\u00e9valuation du rendement.<\/p>\n<p><a href=\"https:\/\/www.ghostysky.com\/wp-content\/uploads\/2024\/02\/GH_MS600-V2_1.jpg\"><img fetchpriority=\"high\" decoding=\"async\" class=\"wp-image-16659 size-full aligncenter lazyload\" src=\"data:image\/gif;base64,R0lGODlhAQABAAAAACH5BAEKAAEALAAAAAABAAEAAAICTAEAOw==\" alt=\"\" width=\"600\" height=\"347\" data-src=\"data:image\/gif;base64,R0lGODlhAQABAAAAACH5BAEKAAEALAAAAAABAAEAAAICTAEAOw==\"><\/a><\/p>\n<p><b>Surveillance des plans d&#039;eau \u00e0 odeur noire<\/b><\/p>\n<p>En r\u00e9f\u00e9rence \u00e0 la norme d&#039;\u00e9valuation des masses d&#039;eau noires malodorantes de surface, nous utilisons des spectres caract\u00e9ristiques pour construire des indices de classification, r\u00e9aliser des statistiques d&#039;inversion gradu\u00e9e et d&#039;information spatiale des masses d&#039;eau noires malodorantes, aider \u00e0 analyser l&#039;impact des eaux us\u00e9es domestiques et industrielles sur les masses d&#039;eau environnantes et aider \u00e0 l&#039;enqu\u00eate sur les sources de pollution et \u00e0 l&#039;\u00e9valuation de l&#039;environnement aquatique.<\/p>\n<p><a href=\"https:\/\/www.ghostysky.com\/wp-content\/uploads\/2024\/02\/GH_MS600-V2_2.jpg\"><img decoding=\"async\" class=\"wp-image-16658 size-full aligncenter lazyload\" src=\"data:image\/gif;base64,R0lGODlhAQABAAAAACH5BAEKAAEALAAAAAABAAEAAAICTAEAOw==\" alt=\"\" width=\"600\" height=\"347\" data-src=\"data:image\/gif;base64,R0lGODlhAQABAAAAACH5BAEKAAEALAAAAAABAAEAAAICTAEAOw==\"><\/a><\/p>\n<p><b>\u00c9valuation de la couverture<\/b><\/p>\n<p>Sur la base du spectre d&#039;empreintes digitales de la v\u00e9g\u00e9tation pour construire un indice de v\u00e9g\u00e9tation, compl\u00e9ter la distribution spatiale et les statistiques de superficie de la v\u00e9g\u00e9tation cible dans la zone d\u00e9sign\u00e9e et fournir des donn\u00e9es quantitatives sur la couverture v\u00e9g\u00e9tale pour la recherche scientifique et la production dans l&#039;agriculture, la foresterie et les prairies, l&#039;\u00e9cologie et d&#039;autres domaines.<\/p>\n<p><a href=\"https:\/\/www.ghostysky.com\/wp-content\/uploads\/2024\/02\/GH_MS600-V2_3.jpg\"><img decoding=\"async\" class=\"wp-image-16657 size-full aligncenter lazyload\" src=\"data:image\/gif;base64,R0lGODlhAQABAAAAACH5BAEKAAEALAAAAAABAAEAAAICTAEAOw==\" alt=\"\" width=\"600\" height=\"347\" data-src=\"data:image\/gif;base64,R0lGODlhAQABAAAAACH5BAEKAAEALAAAAAABAAEAAAICTAEAOw==\"><\/a><\/p>\n<p><b>Surveillance des pins d\u00e9color\u00e9s sur pied<\/b><\/p>\n<p>Utilisation compl\u00e8te des informations spectrales et de texture pour r\u00e9aliser une suppression efficace des arri\u00e8re-plans environnementaux tels que le sol, l&#039;herbe morte et l&#039;identification de haute pr\u00e9cision des arbres sur pied d\u00e9color\u00e9s, en extrayant avec pr\u00e9cision des informations sur l&#039;emplacement, la distribution spatiale et la zone de canop\u00e9e des arbres sur pied d\u00e9color\u00e9s, et en fournissant un support de donn\u00e9es pour la gestion des arbres infect\u00e9s.<\/p>\n<p><a href=\"https:\/\/www.ghostysky.com\/wp-content\/uploads\/2024\/02\/GH_MS600-V2_4.jpg\"><img loading=\"lazy\" decoding=\"async\" class=\"size-full wp-image-16656 aligncenter lazyload\" src=\"data:image\/gif;base64,R0lGODlhAQABAAAAACH5BAEKAAEALAAAAAABAAEAAAICTAEAOw==\" alt=\"\" width=\"600\" height=\"347\" data-src=\"data:image\/gif;base64,R0lGODlhAQABAAAAACH5BAEKAAEALAAAAAABAAEAAAICTAEAOw==\"><\/a><\/p>","protected":false},"excerpt":{"rendered":"<p>La Yusense AQ600 est une cam\u00e9ra multispectrale professionnelle con\u00e7ue pour <strong>v\u00e9hicules a\u00e9riens sans pilote (UAV)<\/strong>Il capture les donn\u00e9es dans <strong>cinq bandes spectrales distinctes<\/strong> au-del\u00e0 du spectre RVB standard, fournissant des informations pr\u00e9cieuses pour diverses applications.<\/p>","protected":false},"featured_media":16688,"comment_status":"open","ping_status":"closed","template":"","meta":[],"product_brand":[],"product_cat":[705,706],"product_tag":[716,715,66,707],"class_list":{"0":"post-16684","1":"product","2":"type-product","3":"status-publish","4":"has-post-thumbnail","6":"product_cat-sensors","7":"product_cat-yusense","8":"product_tag-5-bands","9":"product_tag-aq600","10":"product_tag-multispectral-camera","11":"product_tag-yusense","13":"first","14":"onbackorder","15":"taxable","16":"shipping-taxable","17":"product-type-simple"},"yoast_head":"<!-- This site is optimized with the Yoast SEO plugin v27.4 - https:\/\/yoast.com\/product\/yoast-seo-wordpress\/ -->\n<title>AQ600 (5-bands) Multispectral Camera - Ghostysky<\/title>\n<meta name=\"description\" content=\"The Yusense AQ600 is a professional multispectral camera designed for unmanned aerial vehicles (UAVs). It captures data in five distinct spectral bands beyond the standard RGB spectrum, providing valuable insights for various applications\" \/>\n<meta name=\"robots\" content=\"index, follow, max-snippet:-1, max-image-preview:large, max-video-preview:-1\" \/>\n<link rel=\"canonical\" href=\"https:\/\/www.ghostysky.com\/fr\/product\/aq600-5-bands-multispectral-camera\/\" \/>\n<meta property=\"og:locale\" content=\"fr_FR\" \/>\n<meta property=\"og:type\" content=\"article\" \/>\n<meta property=\"og:title\" content=\"AQ600 (5-bands) Multispectral Camera - Ghostysky\" \/>\n<meta property=\"og:description\" content=\"The Yusense AQ600 is a professional multispectral camera designed for unmanned aerial vehicles (UAVs). It captures data in five distinct spectral bands beyond the standard RGB spectrum, providing valuable insights for various applications\" \/>\n<meta property=\"og:url\" content=\"https:\/\/www.ghostysky.com\/fr\/product\/aq600-5-bands-multispectral-camera\/\" \/>\n<meta property=\"og:site_name\" content=\"Ghostysky\" \/>\n<meta property=\"article:publisher\" content=\"https:\/\/www.facebook.com\/people\/Ghostysky\/100057676170234\/\" \/>\n<meta property=\"article:modified_time\" content=\"2025-10-14T11:38:23+00:00\" \/>\n<meta property=\"og:image\" content=\"https:\/\/www.ghostysky.com\/wp-content\/uploads\/2024\/02\/GH_AQ600_1.jpg\" \/>\n\t<meta property=\"og:image:width\" content=\"450\" \/>\n\t<meta property=\"og:image:height\" content=\"450\" \/>\n\t<meta property=\"og:image:type\" content=\"image\/jpeg\" \/>\n<meta name=\"twitter:card\" content=\"summary_large_image\" \/>\n<meta name=\"twitter:site\" content=\"@Gh0stysky\" \/>\n<meta name=\"twitter:label1\" content=\"Dur\u00e9e de lecture estim\u00e9e\" \/>\n\t<meta name=\"twitter:data1\" content=\"4 minutes\" \/>\n<script type=\"application\/ld+json\" class=\"yoast-schema-graph\">{\"@context\":\"https:\\\/\\\/schema.org\",\"@graph\":[{\"@type\":\"WebPage\",\"@id\":\"https:\\\/\\\/www.ghostysky.com\\\/product\\\/aq600-5-bands-multispectral-camera\\\/\",\"url\":\"https:\\\/\\\/www.ghostysky.com\\\/product\\\/aq600-5-bands-multispectral-camera\\\/\",\"name\":\"AQ600 (5-bands) Multispectral Camera - Ghostysky\",\"isPartOf\":{\"@id\":\"https:\\\/\\\/www.ghostysky.com\\\/#website\"},\"primaryImageOfPage\":{\"@id\":\"https:\\\/\\\/www.ghostysky.com\\\/product\\\/aq600-5-bands-multispectral-camera\\\/#primaryimage\"},\"image\":{\"@id\":\"https:\\\/\\\/www.ghostysky.com\\\/product\\\/aq600-5-bands-multispectral-camera\\\/#primaryimage\"},\"thumbnailUrl\":\"https:\\\/\\\/www.ghostysky.com\\\/wp-content\\\/uploads\\\/2024\\\/02\\\/GH_AQ600_1.jpg\",\"datePublished\":\"2024-02-24T11:36:38+00:00\",\"dateModified\":\"2025-10-14T11:38:23+00:00\",\"description\":\"The Yusense AQ600 is a professional multispectral camera designed for unmanned aerial vehicles (UAVs). It captures data in five distinct spectral bands beyond the standard RGB spectrum, providing valuable insights for various applications\",\"breadcrumb\":{\"@id\":\"https:\\\/\\\/www.ghostysky.com\\\/product\\\/aq600-5-bands-multispectral-camera\\\/#breadcrumb\"},\"inLanguage\":\"fr-FR\",\"potentialAction\":[{\"@type\":\"ReadAction\",\"target\":[\"https:\\\/\\\/www.ghostysky.com\\\/product\\\/aq600-5-bands-multispectral-camera\\\/\"]}]},{\"@type\":\"ImageObject\",\"inLanguage\":\"fr-FR\",\"@id\":\"https:\\\/\\\/www.ghostysky.com\\\/product\\\/aq600-5-bands-multispectral-camera\\\/#primaryimage\",\"url\":\"https:\\\/\\\/www.ghostysky.com\\\/wp-content\\\/uploads\\\/2024\\\/02\\\/GH_AQ600_1.jpg\",\"contentUrl\":\"https:\\\/\\\/www.ghostysky.com\\\/wp-content\\\/uploads\\\/2024\\\/02\\\/GH_AQ600_1.jpg\",\"width\":450,\"height\":450},{\"@type\":\"BreadcrumbList\",\"@id\":\"https:\\\/\\\/www.ghostysky.com\\\/product\\\/aq600-5-bands-multispectral-camera\\\/#breadcrumb\",\"itemListElement\":[{\"@type\":\"ListItem\",\"position\":1,\"name\":\"Home\",\"item\":\"https:\\\/\\\/www.ghostysky.com\\\/\"},{\"@type\":\"ListItem\",\"position\":2,\"name\":\"Shop\",\"item\":\"https:\\\/\\\/www.ghostysky.com\\\/shop\\\/\"},{\"@type\":\"ListItem\",\"position\":3,\"name\":\"AQ600 (5-bands) Multispectral Camera\"}]},{\"@type\":\"WebSite\",\"@id\":\"https:\\\/\\\/www.ghostysky.com\\\/#website\",\"url\":\"https:\\\/\\\/www.ghostysky.com\\\/\",\"name\":\"Ghostysky\",\"description\":\"Delivering professional drones and robotics solutions\",\"publisher\":{\"@id\":\"https:\\\/\\\/www.ghostysky.com\\\/#organization\"},\"potentialAction\":[{\"@type\":\"SearchAction\",\"target\":{\"@type\":\"EntryPoint\",\"urlTemplate\":\"https:\\\/\\\/www.ghostysky.com\\\/?s={search_term_string}\"},\"query-input\":{\"@type\":\"PropertyValueSpecification\",\"valueRequired\":true,\"valueName\":\"search_term_string\"}}],\"inLanguage\":\"fr-FR\"},{\"@type\":\"Organization\",\"@id\":\"https:\\\/\\\/www.ghostysky.com\\\/#organization\",\"name\":\"Ghostysky\",\"url\":\"https:\\\/\\\/www.ghostysky.com\\\/\",\"logo\":{\"@type\":\"ImageObject\",\"inLanguage\":\"fr-FR\",\"@id\":\"https:\\\/\\\/www.ghostysky.com\\\/#\\\/schema\\\/logo\\\/image\\\/\",\"url\":\"https:\\\/\\\/www.ghostysky.com\\\/wp-content\\\/uploads\\\/2020\\\/06\\\/cropped-ghostyskylogo_text_white2.png\",\"contentUrl\":\"https:\\\/\\\/www.ghostysky.com\\\/wp-content\\\/uploads\\\/2020\\\/06\\\/cropped-ghostyskylogo_text_white2.png\",\"width\":169,\"height\":56,\"caption\":\"Ghostysky\"},\"image\":{\"@id\":\"https:\\\/\\\/www.ghostysky.com\\\/#\\\/schema\\\/logo\\\/image\\\/\"},\"sameAs\":[\"https:\\\/\\\/www.facebook.com\\\/people\\\/Ghostysky\\\/100057676170234\\\/\",\"https:\\\/\\\/x.com\\\/Gh0stysky\",\"https:\\\/\\\/www.linkedin.com\\\/company\\\/34739653\",\"https:\\\/\\\/www.instagram.com\\\/gh0stysky\"]}]}<\/script>\n<!-- \/ Yoast SEO plugin. -->","yoast_head_json":{"title":"Cam\u00e9ra multispectrale AQ600 (5 bandes) - Ghostysky","description":"La Yusense AQ600 est une cam\u00e9ra multispectrale professionnelle con\u00e7ue pour les drones. Elle capture des donn\u00e9es dans cinq bandes spectrales distinctes, au-del\u00e0 du spectre RVB standard, fournissant des informations pr\u00e9cieuses pour diverses applications.","robots":{"index":"index","follow":"follow","max-snippet":"max-snippet:-1","max-image-preview":"max-image-preview:large","max-video-preview":"max-video-preview:-1"},"canonical":"https:\/\/www.ghostysky.com\/fr\/product\/aq600-5-bands-multispectral-camera\/","og_locale":"fr_FR","og_type":"article","og_title":"AQ600 (5-bands) Multispectral Camera - Ghostysky","og_description":"The Yusense AQ600 is a professional multispectral camera designed for unmanned aerial vehicles (UAVs). It captures data in five distinct spectral bands beyond the standard RGB spectrum, providing valuable insights for various applications","og_url":"https:\/\/www.ghostysky.com\/fr\/product\/aq600-5-bands-multispectral-camera\/","og_site_name":"Ghostysky","article_publisher":"https:\/\/www.facebook.com\/people\/Ghostysky\/100057676170234\/","article_modified_time":"2025-10-14T11:38:23+00:00","og_image":[{"width":450,"height":450,"url":"https:\/\/www.ghostysky.com\/wp-content\/uploads\/2024\/02\/GH_AQ600_1.jpg","type":"image\/jpeg"}],"twitter_card":"summary_large_image","twitter_site":"@Gh0stysky","twitter_misc":{"Dur\u00e9e de lecture estim\u00e9e":"4 minutes"},"schema":{"@context":"https:\/\/schema.org","@graph":[{"@type":"WebPage","@id":"https:\/\/www.ghostysky.com\/product\/aq600-5-bands-multispectral-camera\/","url":"https:\/\/www.ghostysky.com\/product\/aq600-5-bands-multispectral-camera\/","name":"Cam\u00e9ra multispectrale AQ600 (5 bandes) - Ghostysky","isPartOf":{"@id":"https:\/\/www.ghostysky.com\/#website"},"primaryImageOfPage":{"@id":"https:\/\/www.ghostysky.com\/product\/aq600-5-bands-multispectral-camera\/#primaryimage"},"image":{"@id":"https:\/\/www.ghostysky.com\/product\/aq600-5-bands-multispectral-camera\/#primaryimage"},"thumbnailUrl":"https:\/\/www.ghostysky.com\/wp-content\/uploads\/2024\/02\/GH_AQ600_1.jpg","datePublished":"2024-02-24T11:36:38+00:00","dateModified":"2025-10-14T11:38:23+00:00","description":"La Yusense AQ600 est une cam\u00e9ra multispectrale professionnelle con\u00e7ue pour les drones. Elle capture des donn\u00e9es dans cinq bandes spectrales distinctes, au-del\u00e0 du spectre RVB standard, fournissant des informations pr\u00e9cieuses pour diverses applications.","breadcrumb":{"@id":"https:\/\/www.ghostysky.com\/product\/aq600-5-bands-multispectral-camera\/#breadcrumb"},"inLanguage":"fr-FR","potentialAction":[{"@type":"ReadAction","target":["https:\/\/www.ghostysky.com\/product\/aq600-5-bands-multispectral-camera\/"]}]},{"@type":"ImageObject","inLanguage":"fr-FR","@id":"https:\/\/www.ghostysky.com\/product\/aq600-5-bands-multispectral-camera\/#primaryimage","url":"https:\/\/www.ghostysky.com\/wp-content\/uploads\/2024\/02\/GH_AQ600_1.jpg","contentUrl":"https:\/\/www.ghostysky.com\/wp-content\/uploads\/2024\/02\/GH_AQ600_1.jpg","width":450,"height":450},{"@type":"BreadcrumbList","@id":"https:\/\/www.ghostysky.com\/product\/aq600-5-bands-multispectral-camera\/#breadcrumb","itemListElement":[{"@type":"ListItem","position":1,"name":"Home","item":"https:\/\/www.ghostysky.com\/"},{"@type":"ListItem","position":2,"name":"Shop","item":"https:\/\/www.ghostysky.com\/shop\/"},{"@type":"ListItem","position":3,"name":"AQ600 (5-bands) Multispectral Camera"}]},{"@type":"WebSite","@id":"https:\/\/www.ghostysky.com\/#website","url":"https:\/\/www.ghostysky.com\/","name":"Ghostysky","description":"Fourniture de solutions professionnelles en mati\u00e8re de drones et de robotique","publisher":{"@id":"https:\/\/www.ghostysky.com\/#organization"},"potentialAction":[{"@type":"SearchAction","target":{"@type":"EntryPoint","urlTemplate":"https:\/\/www.ghostysky.com\/?s={search_term_string}"},"query-input":{"@type":"PropertyValueSpecification","valueRequired":true,"valueName":"search_term_string"}}],"inLanguage":"fr-FR"},{"@type":"Organization","@id":"https:\/\/www.ghostysky.com\/#organization","name":"Ghostysky","url":"https:\/\/www.ghostysky.com\/","logo":{"@type":"ImageObject","inLanguage":"fr-FR","@id":"https:\/\/www.ghostysky.com\/#\/schema\/logo\/image\/","url":"https:\/\/www.ghostysky.com\/wp-content\/uploads\/2020\/06\/cropped-ghostyskylogo_text_white2.png","contentUrl":"https:\/\/www.ghostysky.com\/wp-content\/uploads\/2020\/06\/cropped-ghostyskylogo_text_white2.png","width":169,"height":56,"caption":"Ghostysky"},"image":{"@id":"https:\/\/www.ghostysky.com\/#\/schema\/logo\/image\/"},"sameAs":["https:\/\/www.facebook.com\/people\/Ghostysky\/100057676170234\/","https:\/\/x.com\/Gh0stysky","https:\/\/www.linkedin.com\/company\/34739653","https:\/\/www.instagram.com\/gh0stysky"]}]}},"_links":{"self":[{"href":"https:\/\/www.ghostysky.com\/fr\/wp-json\/wp\/v2\/product\/16684","targetHints":{"allow":["GET"]}}],"collection":[{"href":"https:\/\/www.ghostysky.com\/fr\/wp-json\/wp\/v2\/product"}],"about":[{"href":"https:\/\/www.ghostysky.com\/fr\/wp-json\/wp\/v2\/types\/product"}],"replies":[{"embeddable":true,"href":"https:\/\/www.ghostysky.com\/fr\/wp-json\/wp\/v2\/comments?post=16684"}],"version-history":[{"count":0,"href":"https:\/\/www.ghostysky.com\/fr\/wp-json\/wp\/v2\/product\/16684\/revisions"}],"wp:featuredmedia":[{"embeddable":true,"href":"https:\/\/www.ghostysky.com\/fr\/wp-json\/wp\/v2\/media\/16688"}],"wp:attachment":[{"href":"https:\/\/www.ghostysky.com\/fr\/wp-json\/wp\/v2\/media?parent=16684"}],"wp:term":[{"taxonomy":"product_brand","embeddable":true,"href":"https:\/\/www.ghostysky.com\/fr\/wp-json\/wp\/v2\/product_brand?post=16684"},{"taxonomy":"product_cat","embeddable":true,"href":"https:\/\/www.ghostysky.com\/fr\/wp-json\/wp\/v2\/product_cat?post=16684"},{"taxonomy":"product_tag","embeddable":true,"href":"https:\/\/www.ghostysky.com\/fr\/wp-json\/wp\/v2\/product_tag?post=16684"}],"curies":[{"name":"wp","href":"https:\/\/api.w.org\/{rel}","templated":true}]}}