{"id":16689,"date":"2024-02-24T11:53:38","date_gmt":"2024-02-24T11:53:38","guid":{"rendered":"https:\/\/www.ghostysky.com\/?post_type=product&#038;p=16689"},"modified":"2025-10-14T11:37:56","modified_gmt":"2025-10-14T11:37:56","slug":"aq600-pro-5-bands-multispectral-camera","status":"publish","type":"product","link":"https:\/\/www.ghostysky.com\/fr\/product\/aq600-pro-5-bands-multispectral-camera\/","title":{"rendered":"Cam\u00e9ra multispectrale AQ600 Pro (5 bandes)"},"content":{"rendered":"<p><strong>Caract\u00e9ristiques du produit<\/strong><\/p>\n<ul>\n<li>5 multispectraux et 1 RVB<\/li>\n<li>3,2 M et 12,3 M de pixels<\/li>\n<li>Obturateur roulant global 12 bits et 8 bits<\/li>\n<li>Contr\u00f4le DJI X-Port<\/li>\n<li>Imagerie synchronis\u00e9e de tous les canaux en seulement 1 s<\/li>\n<li>Inversion spectrale en temps r\u00e9el embarqu\u00e9e, sortie vid\u00e9o<\/li>\n<li>Capteur de lumi\u00e8re descendante standard (DLS)<\/li>\n<li>Alimentation DJI X-Port, cl\u00e9 USB SSD 128 Go<\/li>\n<li>Synchronisation, taux de chevauchement, modes de d\u00e9clenchement multiples<\/li>\n<li>Personnalisation du drone DJI M300\/M350 RTK, plug and play<\/li>\n<\/ul>\n<p><b>Sp\u00e9cifications techniques<\/b><\/p>\n<div class=\"rich-text-table\">\n<table>\n<tbody>\n<tr>\n<td>Le nom de l&#039;index<\/td>\n<td>AQ600 Pro<\/td>\n<\/tr>\n<tr>\n<td>Configuration de bande<\/td>\n<td>Cinq bandes multispectrales et un capteur RVB<\/td>\n<\/tr>\n<tr>\n<td>Taille de la surface cible<\/td>\n<td>MS\u00a0: 1\/1,8\u00a0po\u00a0; RVB\u00a0: 1\/2,3\u00a0po<\/td>\n<\/tr>\n<tr>\n<td>Pixels effectifs<\/td>\n<td>MS\u00a0: 3,2\u00a0Mpx\u00a0; RVB\u00a0: 12,3\u00a0Mpx<\/td>\n<\/tr>\n<tr>\n<td>Type d&#039;obturateur<\/td>\n<td>Obturateur global\/Obturateur<\/td>\n<\/tr>\n<tr>\n<td>Chiffres quantitatifs<\/td>\n<td>MS\u00a0: 12\u00a0bits\u00a0; RVB\u00a0: 8\u00a0bits<\/td>\n<\/tr>\n<tr>\n<td>Angle de vision<\/td>\n<td>MS\u00a0: 48,8\u00b0 \u00d7 37,5\u00b0\u00a0; RVB\u00a0: 47,4\u00b0 \u00d7 36,4\u00b0<\/td>\n<\/tr>\n<tr>\n<td>GSD<\/td>\n<td>MS\u00a0: 5,28\u00a0cm \u00e0 h\u00a0120\u00a0m\u00a0; RVB\u00a0: 2,60\u00a0cm \u00e0 h\u00a0120\u00a0m<\/td>\n<\/tr>\n<tr>\n<td>Taille de l&#039;image<\/td>\n<td>MS 109 m \u00d7 82 m \u00e0 h 120 m ; RVB : 106 m \u00d7 79 m \u00e0 h 120 m<\/td>\n<\/tr>\n<tr>\n<td>Bande spectrale<\/td>\n<td>450 nm \u00e0 35 nm, 555 nm \u00e0 27 nm, 660 nm \u00e0 22 nm, 720 nm \u00e0 10 nm, 840 nm \u00e0 30 nm, RVB<\/td>\n<\/tr>\n<tr>\n<td>Fen\u00eatre optique<\/td>\n<td>Fen\u00eatre optique en saphir<\/td>\n<\/tr>\n<tr>\n<td>Taille<\/td>\n<td>129 mm \u00d7 156 mm \u00d7 162 mm<\/td>\n<\/tr>\n<tr>\n<td>Poids<\/td>\n<td>826 g (appareil photo, DLS Pro et cl\u00e9 USB)<\/td>\n<\/tr>\n<tr>\n<td>Interface d&#039;installation<\/td>\n<td>X-Port<\/td>\n<\/tr>\n<tr>\n<td>Mode d&#039;alimentation<\/td>\n<td>X-Port<\/td>\n<\/tr>\n<tr>\n<td>Consommation d&#039;\u00e9nergie<\/td>\n<td>10 W\/15 W<\/td>\n<\/tr>\n<tr>\n<td>Format d&#039;image<\/td>\n<td>MS\u00a0: image TIFF originale 16\u00a0bits et JPG de r\u00e9flexion 8\u00a0bits\u00a0; RVB\u00a0: JPG 8\u00a0bits<\/td>\n<\/tr>\n<tr>\n<td>Format vid\u00e9o<\/td>\n<td>MP4<\/td>\n<\/tr>\n<tr>\n<td>Support de stockage<\/td>\n<td>Standard avec 128 Go, un maximum de 2 To est pris en charge<\/td>\n<\/tr>\n<tr>\n<td>R\u00e9glage des param\u00e8tres<\/td>\n<td>Yusense Fly \/ Pilote DJI<\/td>\n<\/tr>\n<tr>\n<td>Mode image<\/td>\n<td>D\u00e9clencheur d&#039;avion, d\u00e9clencheur de chevauchement<\/td>\n<\/tr>\n<tr>\n<td>Fr\u00e9quence de prise de photos<\/td>\n<td>Mode image\u00a0: 1\u00a0Hz, mode vid\u00e9o\u00a0: 20\u00a0Hz<\/td>\n<\/tr>\n<tr>\n<td>Temp\u00e9rature ambiante de fonctionnement<\/td>\n<td>-10\u00baC~+50\u00baC (vitesse relative du vent \u2265 1 m\/s)<\/td>\n<\/tr>\n<tr>\n<td>Temp\u00e9rature de l&#039;environnement de stockage<\/td>\n<td>-30\u00baC~+70\u00baC<\/td>\n<\/tr>\n<tr>\n<td>Humidit\u00e9 ambiante<\/td>\n<td>RH(%)\u226485%(sans condensation)<\/td>\n<\/tr>\n<tr>\n<td>Certification des produits<\/td>\n<td>CE, FCC, RoHS<\/td>\n<\/tr>\n<\/tbody>\n<\/table>\n<p>&nbsp;<\/p>\n<div><strong>Application<\/strong><\/div>\n<div><\/div>\n<div style=\"text-align: left;\"><b>Surveillance de l&#039;\u00e9tat<\/b><\/div>\n<div>En utilisant des facteurs de v\u00e9g\u00e9tation tels que le NDVI et le LAI, en quantifiant la coh\u00e9rence de l&#039;\u00e9tat du couvert v\u00e9g\u00e9tal \u00e0 diff\u00e9rentes \u00e9chelles spatiales et en utilisant des spectres caract\u00e9ristiques de la v\u00e9g\u00e9tation dans diff\u00e9rents \u00e9tats de sant\u00e9 pour \u00e9valuer quantitativement la croissance de la v\u00e9g\u00e9tation, ce qui peut fournir un support de donn\u00e9es pour l&#039;irrigation, la fertilisation, la protection des plantes, l&#039;\u00e9valuation du rendement et d&#039;autres travaux.<b><br \/>\n<\/b><\/div>\n<div><a href=\"https:\/\/www.ghostysky.com\/wp-content\/uploads\/2024\/02\/GH_MS600-V2_1.jpg\"><img fetchpriority=\"high\" decoding=\"async\" class=\"aligncenter wp-image-16659 size-full lazyload\" src=\"data:image\/gif;base64,R0lGODlhAQABAAAAACH5BAEKAAEALAAAAAABAAEAAAICTAEAOw==\" alt=\"\" width=\"600\" height=\"347\" data-src=\"data:image\/gif;base64,R0lGODlhAQABAAAAACH5BAEKAAEALAAAAAABAAEAAAICTAEAOw==\"><\/a><\/div>\n<div><\/div>\n<div><b>Surveillance des pins d\u00e9color\u00e9s<\/b><\/div>\n<div>L&#039;utilisation d&#039;informations sur le spectre et la texture permet de supprimer efficacement le fond environnemental (sol, herbe fan\u00e9e et autres objets) et d&#039;identifier avec pr\u00e9cision les pins \u00e0 changement de couleur. En extrayant pr\u00e9cis\u00e9ment la localisation, la r\u00e9partition spatiale et la surface de la canop\u00e9e des pins \u00e0 changement de couleur, nous pouvons fournir des donn\u00e9es utiles \u00e0 la gestion des arbres malades.<\/div>\n<div><b>\u00a0<\/b><\/div>\n<div>\n<div><a href=\"https:\/\/www.ghostysky.com\/wp-content\/uploads\/2024\/02\/GH_MS600-V2_4.jpg\"><img decoding=\"async\" class=\"size-full wp-image-16656 aligncenter lazyload\" src=\"data:image\/gif;base64,R0lGODlhAQABAAAAACH5BAEKAAEALAAAAAABAAEAAAICTAEAOw==\" alt=\"\" width=\"600\" height=\"347\" data-src=\"data:image\/gif;base64,R0lGODlhAQABAAAAACH5BAEKAAEALAAAAAABAAEAAAICTAEAOw==\"><\/a><\/div>\n<div><b>Surveillance des eaux noires et malodorantes<\/b><\/div>\n<div>En se r\u00e9f\u00e9rant \u00e0 la norme d&#039;\u00e9valuation des eaux noires et naus\u00e9abondes de surface, le spectre caract\u00e9ristique de ces eaux permet de construire un indice de classification permettant d&#039;obtenir une inversion de classification et des statistiques d&#039;information spatiale. Cette technologie peut faciliter l&#039;analyse de l&#039;influence des eaux us\u00e9es domestiques et industrielles sur les eaux environnantes et, in fine, faciliter l&#039;identification des sources de pollution et l&#039;\u00e9valuation du milieu aquatique.<\/div>\n<\/div>\n<div><a href=\"https:\/\/www.ghostysky.com\/wp-content\/uploads\/2024\/02\/Yusense-AQ600-Pro-Multispectral-Camera-for-Dji-M300-M350-Rtk.jpg\"><img decoding=\"async\" class=\"size-full wp-image-16690 aligncenter lazyload\" src=\"data:image\/gif;base64,R0lGODlhAQABAAAAACH5BAEKAAEALAAAAAABAAEAAAICTAEAOw==\" alt=\"\" width=\"600\" height=\"347\" data-src=\"data:image\/gif;base64,R0lGODlhAQABAAAAACH5BAEKAAEALAAAAAABAAEAAAICTAEAOw==\"><\/a><\/div>\n<\/div>","protected":false},"excerpt":{"rendered":"<p>Le Yusense AQ600 Pro est un <strong>cam\u00e9ra multispectrale professionnelle<\/strong> con\u00e7u pour <strong>v\u00e9hicules a\u00e9riens sans pilote (UAV)<\/strong>, sp\u00e9cifiquement compatible avec les drones DJI M300 et M350 RTK. Le Yusense AQ600 Pro est un <strong>cam\u00e9ra multispectrale professionnelle<\/strong> con\u00e7u pour <strong>applications bas\u00e9es sur les drones<\/strong> dans divers secteurs d\u2019activit\u00e9, en adh\u00e9rant aux normes industrielles en mati\u00e8re de qualit\u00e9 et de performance.<\/p>","protected":false},"featured_media":16694,"comment_status":"open","ping_status":"closed","template":"","meta":[],"product_brand":[],"product_cat":[705,706],"product_tag":[716,717,66,707],"class_list":{"0":"post-16689","1":"product","2":"type-product","3":"status-publish","4":"has-post-thumbnail","6":"product_cat-sensors","7":"product_cat-yusense","8":"product_tag-5-bands","9":"product_tag-aq600-pro","10":"product_tag-multispectral-camera","11":"product_tag-yusense","13":"first","14":"onbackorder","15":"taxable","16":"shipping-taxable","17":"product-type-simple"},"yoast_head":"<!-- This site is optimized with the Yoast SEO plugin v27.4 - https:\/\/yoast.com\/product\/yoast-seo-wordpress\/ -->\n<title>AQ600 Pro (5-bands) Multispectral Camera - Ghostysky<\/title>\n<meta name=\"description\" content=\"The Yusense AQ600 Pro is a professional multispectral camera designed for unmanned aerial vehicles (UAVs), specifically compatible with DJI M300 and M350 RTK drones. Yusense AQ600 Pro is a professional multispectral camera designed for drone-based applications across various industries, adhering to industry standards for quality and performance.\" \/>\n<meta name=\"robots\" content=\"index, follow, max-snippet:-1, max-image-preview:large, max-video-preview:-1\" \/>\n<link rel=\"canonical\" href=\"https:\/\/www.ghostysky.com\/fr\/product\/aq600-pro-5-bands-multispectral-camera\/\" \/>\n<meta property=\"og:locale\" content=\"fr_FR\" \/>\n<meta property=\"og:type\" content=\"article\" \/>\n<meta property=\"og:title\" content=\"AQ600 Pro (5-bands) Multispectral Camera - Ghostysky\" \/>\n<meta property=\"og:description\" content=\"The Yusense AQ600 Pro is a professional multispectral camera designed for unmanned aerial vehicles (UAVs), specifically compatible with DJI M300 and M350 RTK drones. Yusense AQ600 Pro is a professional multispectral camera designed for drone-based applications across various industries, adhering to industry standards for quality and performance.\" \/>\n<meta property=\"og:url\" content=\"https:\/\/www.ghostysky.com\/fr\/product\/aq600-pro-5-bands-multispectral-camera\/\" \/>\n<meta property=\"og:site_name\" content=\"Ghostysky\" \/>\n<meta property=\"article:publisher\" content=\"https:\/\/www.facebook.com\/people\/Ghostysky\/100057676170234\/\" \/>\n<meta property=\"article:modified_time\" content=\"2025-10-14T11:37:56+00:00\" \/>\n<meta property=\"og:image\" content=\"https:\/\/www.ghostysky.com\/wp-content\/uploads\/2024\/02\/GH_AQ600Pro_1.jpg\" \/>\n\t<meta property=\"og:image:width\" content=\"450\" \/>\n\t<meta property=\"og:image:height\" content=\"450\" \/>\n\t<meta property=\"og:image:type\" content=\"image\/jpeg\" \/>\n<meta name=\"twitter:card\" content=\"summary_large_image\" \/>\n<meta name=\"twitter:site\" content=\"@Gh0stysky\" \/>\n<meta name=\"twitter:label1\" content=\"Dur\u00e9e de lecture estim\u00e9e\" \/>\n\t<meta name=\"twitter:data1\" content=\"3 minutes\" \/>\n<script type=\"application\/ld+json\" class=\"yoast-schema-graph\">{\"@context\":\"https:\\\/\\\/schema.org\",\"@graph\":[{\"@type\":\"WebPage\",\"@id\":\"https:\\\/\\\/www.ghostysky.com\\\/product\\\/aq600-pro-5-bands-multispectral-camera\\\/\",\"url\":\"https:\\\/\\\/www.ghostysky.com\\\/product\\\/aq600-pro-5-bands-multispectral-camera\\\/\",\"name\":\"AQ600 Pro (5-bands) Multispectral Camera - Ghostysky\",\"isPartOf\":{\"@id\":\"https:\\\/\\\/www.ghostysky.com\\\/#website\"},\"primaryImageOfPage\":{\"@id\":\"https:\\\/\\\/www.ghostysky.com\\\/product\\\/aq600-pro-5-bands-multispectral-camera\\\/#primaryimage\"},\"image\":{\"@id\":\"https:\\\/\\\/www.ghostysky.com\\\/product\\\/aq600-pro-5-bands-multispectral-camera\\\/#primaryimage\"},\"thumbnailUrl\":\"https:\\\/\\\/www.ghostysky.com\\\/wp-content\\\/uploads\\\/2024\\\/02\\\/GH_AQ600Pro_1.jpg\",\"datePublished\":\"2024-02-24T11:53:38+00:00\",\"dateModified\":\"2025-10-14T11:37:56+00:00\",\"description\":\"The Yusense AQ600 Pro is a professional multispectral camera designed for unmanned aerial vehicles (UAVs), specifically compatible with DJI M300 and M350 RTK drones. Yusense AQ600 Pro is a professional multispectral camera designed for drone-based applications across various industries, adhering to industry standards for quality and performance.\",\"breadcrumb\":{\"@id\":\"https:\\\/\\\/www.ghostysky.com\\\/product\\\/aq600-pro-5-bands-multispectral-camera\\\/#breadcrumb\"},\"inLanguage\":\"fr-FR\",\"potentialAction\":[{\"@type\":\"ReadAction\",\"target\":[\"https:\\\/\\\/www.ghostysky.com\\\/product\\\/aq600-pro-5-bands-multispectral-camera\\\/\"]}]},{\"@type\":\"ImageObject\",\"inLanguage\":\"fr-FR\",\"@id\":\"https:\\\/\\\/www.ghostysky.com\\\/product\\\/aq600-pro-5-bands-multispectral-camera\\\/#primaryimage\",\"url\":\"https:\\\/\\\/www.ghostysky.com\\\/wp-content\\\/uploads\\\/2024\\\/02\\\/GH_AQ600Pro_1.jpg\",\"contentUrl\":\"https:\\\/\\\/www.ghostysky.com\\\/wp-content\\\/uploads\\\/2024\\\/02\\\/GH_AQ600Pro_1.jpg\",\"width\":450,\"height\":450},{\"@type\":\"BreadcrumbList\",\"@id\":\"https:\\\/\\\/www.ghostysky.com\\\/product\\\/aq600-pro-5-bands-multispectral-camera\\\/#breadcrumb\",\"itemListElement\":[{\"@type\":\"ListItem\",\"position\":1,\"name\":\"Home\",\"item\":\"https:\\\/\\\/www.ghostysky.com\\\/\"},{\"@type\":\"ListItem\",\"position\":2,\"name\":\"Shop\",\"item\":\"https:\\\/\\\/www.ghostysky.com\\\/shop\\\/\"},{\"@type\":\"ListItem\",\"position\":3,\"name\":\"AQ600 Pro (5-bands) Multispectral Camera\"}]},{\"@type\":\"WebSite\",\"@id\":\"https:\\\/\\\/www.ghostysky.com\\\/#website\",\"url\":\"https:\\\/\\\/www.ghostysky.com\\\/\",\"name\":\"Ghostysky\",\"description\":\"Delivering professional drones and robotics solutions\",\"publisher\":{\"@id\":\"https:\\\/\\\/www.ghostysky.com\\\/#organization\"},\"potentialAction\":[{\"@type\":\"SearchAction\",\"target\":{\"@type\":\"EntryPoint\",\"urlTemplate\":\"https:\\\/\\\/www.ghostysky.com\\\/?s={search_term_string}\"},\"query-input\":{\"@type\":\"PropertyValueSpecification\",\"valueRequired\":true,\"valueName\":\"search_term_string\"}}],\"inLanguage\":\"fr-FR\"},{\"@type\":\"Organization\",\"@id\":\"https:\\\/\\\/www.ghostysky.com\\\/#organization\",\"name\":\"Ghostysky\",\"url\":\"https:\\\/\\\/www.ghostysky.com\\\/\",\"logo\":{\"@type\":\"ImageObject\",\"inLanguage\":\"fr-FR\",\"@id\":\"https:\\\/\\\/www.ghostysky.com\\\/#\\\/schema\\\/logo\\\/image\\\/\",\"url\":\"https:\\\/\\\/www.ghostysky.com\\\/wp-content\\\/uploads\\\/2020\\\/06\\\/cropped-ghostyskylogo_text_white2.png\",\"contentUrl\":\"https:\\\/\\\/www.ghostysky.com\\\/wp-content\\\/uploads\\\/2020\\\/06\\\/cropped-ghostyskylogo_text_white2.png\",\"width\":169,\"height\":56,\"caption\":\"Ghostysky\"},\"image\":{\"@id\":\"https:\\\/\\\/www.ghostysky.com\\\/#\\\/schema\\\/logo\\\/image\\\/\"},\"sameAs\":[\"https:\\\/\\\/www.facebook.com\\\/people\\\/Ghostysky\\\/100057676170234\\\/\",\"https:\\\/\\\/x.com\\\/Gh0stysky\",\"https:\\\/\\\/www.linkedin.com\\\/company\\\/34739653\",\"https:\\\/\\\/www.instagram.com\\\/gh0stysky\"]}]}<\/script>\n<!-- \/ Yoast SEO plugin. -->","yoast_head_json":{"title":"Cam\u00e9ra multispectrale AQ600 Pro (5 bandes) - Ghostysky","description":"La Yusense AQ600 Pro est une cam\u00e9ra multispectrale professionnelle con\u00e7ue pour les drones, sp\u00e9cifiquement compatible avec les drones DJI M300 et M350 RTK. Con\u00e7ue pour les applications \u00e0 bord de drones dans divers secteurs, la Yusense AQ600 Pro r\u00e9pond aux normes de qualit\u00e9 et de performance du secteur.","robots":{"index":"index","follow":"follow","max-snippet":"max-snippet:-1","max-image-preview":"max-image-preview:large","max-video-preview":"max-video-preview:-1"},"canonical":"https:\/\/www.ghostysky.com\/fr\/product\/aq600-pro-5-bands-multispectral-camera\/","og_locale":"fr_FR","og_type":"article","og_title":"AQ600 Pro (5-bands) Multispectral Camera - Ghostysky","og_description":"The Yusense AQ600 Pro is a professional multispectral camera designed for unmanned aerial vehicles (UAVs), specifically compatible with DJI M300 and M350 RTK drones. Yusense AQ600 Pro is a professional multispectral camera designed for drone-based applications across various industries, adhering to industry standards for quality and performance.","og_url":"https:\/\/www.ghostysky.com\/fr\/product\/aq600-pro-5-bands-multispectral-camera\/","og_site_name":"Ghostysky","article_publisher":"https:\/\/www.facebook.com\/people\/Ghostysky\/100057676170234\/","article_modified_time":"2025-10-14T11:37:56+00:00","og_image":[{"width":450,"height":450,"url":"https:\/\/www.ghostysky.com\/wp-content\/uploads\/2024\/02\/GH_AQ600Pro_1.jpg","type":"image\/jpeg"}],"twitter_card":"summary_large_image","twitter_site":"@Gh0stysky","twitter_misc":{"Dur\u00e9e de lecture estim\u00e9e":"3 minutes"},"schema":{"@context":"https:\/\/schema.org","@graph":[{"@type":"WebPage","@id":"https:\/\/www.ghostysky.com\/product\/aq600-pro-5-bands-multispectral-camera\/","url":"https:\/\/www.ghostysky.com\/product\/aq600-pro-5-bands-multispectral-camera\/","name":"Cam\u00e9ra multispectrale AQ600 Pro (5 bandes) - Ghostysky","isPartOf":{"@id":"https:\/\/www.ghostysky.com\/#website"},"primaryImageOfPage":{"@id":"https:\/\/www.ghostysky.com\/product\/aq600-pro-5-bands-multispectral-camera\/#primaryimage"},"image":{"@id":"https:\/\/www.ghostysky.com\/product\/aq600-pro-5-bands-multispectral-camera\/#primaryimage"},"thumbnailUrl":"https:\/\/www.ghostysky.com\/wp-content\/uploads\/2024\/02\/GH_AQ600Pro_1.jpg","datePublished":"2024-02-24T11:53:38+00:00","dateModified":"2025-10-14T11:37:56+00:00","description":"La Yusense AQ600 Pro est une cam\u00e9ra multispectrale professionnelle con\u00e7ue pour les drones, sp\u00e9cifiquement compatible avec les drones DJI M300 et M350 RTK. Con\u00e7ue pour les applications \u00e0 bord de drones dans divers secteurs, la Yusense AQ600 Pro r\u00e9pond aux normes de qualit\u00e9 et de performance du secteur.","breadcrumb":{"@id":"https:\/\/www.ghostysky.com\/product\/aq600-pro-5-bands-multispectral-camera\/#breadcrumb"},"inLanguage":"fr-FR","potentialAction":[{"@type":"ReadAction","target":["https:\/\/www.ghostysky.com\/product\/aq600-pro-5-bands-multispectral-camera\/"]}]},{"@type":"ImageObject","inLanguage":"fr-FR","@id":"https:\/\/www.ghostysky.com\/product\/aq600-pro-5-bands-multispectral-camera\/#primaryimage","url":"https:\/\/www.ghostysky.com\/wp-content\/uploads\/2024\/02\/GH_AQ600Pro_1.jpg","contentUrl":"https:\/\/www.ghostysky.com\/wp-content\/uploads\/2024\/02\/GH_AQ600Pro_1.jpg","width":450,"height":450},{"@type":"BreadcrumbList","@id":"https:\/\/www.ghostysky.com\/product\/aq600-pro-5-bands-multispectral-camera\/#breadcrumb","itemListElement":[{"@type":"ListItem","position":1,"name":"Home","item":"https:\/\/www.ghostysky.com\/"},{"@type":"ListItem","position":2,"name":"Shop","item":"https:\/\/www.ghostysky.com\/shop\/"},{"@type":"ListItem","position":3,"name":"AQ600 Pro (5-bands) Multispectral Camera"}]},{"@type":"WebSite","@id":"https:\/\/www.ghostysky.com\/#website","url":"https:\/\/www.ghostysky.com\/","name":"Ghostysky","description":"Fourniture de solutions professionnelles en mati\u00e8re de drones et de robotique","publisher":{"@id":"https:\/\/www.ghostysky.com\/#organization"},"potentialAction":[{"@type":"SearchAction","target":{"@type":"EntryPoint","urlTemplate":"https:\/\/www.ghostysky.com\/?s={search_term_string}"},"query-input":{"@type":"PropertyValueSpecification","valueRequired":true,"valueName":"search_term_string"}}],"inLanguage":"fr-FR"},{"@type":"Organization","@id":"https:\/\/www.ghostysky.com\/#organization","name":"Ghostysky","url":"https:\/\/www.ghostysky.com\/","logo":{"@type":"ImageObject","inLanguage":"fr-FR","@id":"https:\/\/www.ghostysky.com\/#\/schema\/logo\/image\/","url":"https:\/\/www.ghostysky.com\/wp-content\/uploads\/2020\/06\/cropped-ghostyskylogo_text_white2.png","contentUrl":"https:\/\/www.ghostysky.com\/wp-content\/uploads\/2020\/06\/cropped-ghostyskylogo_text_white2.png","width":169,"height":56,"caption":"Ghostysky"},"image":{"@id":"https:\/\/www.ghostysky.com\/#\/schema\/logo\/image\/"},"sameAs":["https:\/\/www.facebook.com\/people\/Ghostysky\/100057676170234\/","https:\/\/x.com\/Gh0stysky","https:\/\/www.linkedin.com\/company\/34739653","https:\/\/www.instagram.com\/gh0stysky"]}]}},"_links":{"self":[{"href":"https:\/\/www.ghostysky.com\/fr\/wp-json\/wp\/v2\/product\/16689","targetHints":{"allow":["GET"]}}],"collection":[{"href":"https:\/\/www.ghostysky.com\/fr\/wp-json\/wp\/v2\/product"}],"about":[{"href":"https:\/\/www.ghostysky.com\/fr\/wp-json\/wp\/v2\/types\/product"}],"replies":[{"embeddable":true,"href":"https:\/\/www.ghostysky.com\/fr\/wp-json\/wp\/v2\/comments?post=16689"}],"version-history":[{"count":0,"href":"https:\/\/www.ghostysky.com\/fr\/wp-json\/wp\/v2\/product\/16689\/revisions"}],"wp:featuredmedia":[{"embeddable":true,"href":"https:\/\/www.ghostysky.com\/fr\/wp-json\/wp\/v2\/media\/16694"}],"wp:attachment":[{"href":"https:\/\/www.ghostysky.com\/fr\/wp-json\/wp\/v2\/media?parent=16689"}],"wp:term":[{"taxonomy":"product_brand","embeddable":true,"href":"https:\/\/www.ghostysky.com\/fr\/wp-json\/wp\/v2\/product_brand?post=16689"},{"taxonomy":"product_cat","embeddable":true,"href":"https:\/\/www.ghostysky.com\/fr\/wp-json\/wp\/v2\/product_cat?post=16689"},{"taxonomy":"product_tag","embeddable":true,"href":"https:\/\/www.ghostysky.com\/fr\/wp-json\/wp\/v2\/product_tag?post=16689"}],"curies":[{"name":"wp","href":"https:\/\/api.w.org\/{rel}","templated":true}]}}