{"id":17148,"date":"2024-03-10T11:42:21","date_gmt":"2024-03-10T11:42:21","guid":{"rendered":"https:\/\/www.ghostysky.com\/?post_type=product&#038;p=17148"},"modified":"2024-11-11T01:48:58","modified_gmt":"2024-11-11T01:48:58","slug":"lr1-61mp-sextuple","status":"publish","type":"product","link":"https:\/\/www.ghostysky.com\/fr\/product\/lr1-61mp-sextuple\/","title":{"rendered":"Agrowing LR1 61MP Sextuple"},"content":{"rendered":"<p>Le LR1 se distingue par sa configuration sextuple, compos\u00e9e de six lentilles strat\u00e9giquement positionn\u00e9es pour optimiser la couverture et la qualit\u00e9 d&#039;image. Cette configuration permet une couverture plus large en un seul passage, r\u00e9duisant ainsi le nombre de vols et permettant une collecte de donn\u00e9es plus efficace.<\/p>\n<p>Dot\u00e9 de technologies d&#039;imagerie avanc\u00e9es, telles que les capacit\u00e9s multispectrales et hyperspectrales, le LR1 peut capturer non seulement des images RVB, mais aussi des donn\u00e9es pr\u00e9cieuses sur diff\u00e9rentes bandes spectrales. Cela permet aux utilisateurs d&#039;analyser la sant\u00e9 de la v\u00e9g\u00e9tation, la composition des sols et d&#039;autres param\u00e8tres environnementaux avec une pr\u00e9cision in\u00e9gal\u00e9e.<\/p>\n<p>De plus, le LR1 est con\u00e7u pour une int\u00e9gration transparente avec les drones, offrant ainsi une solution polyvalente pour capturer des images a\u00e9riennes haute r\u00e9solution dans des environnements vari\u00e9s. Sa conception l\u00e9g\u00e8re et compacte facilite son montage et son d\u00e9ploiement, garantissant flexibilit\u00e9 et praticit\u00e9 sur le terrain.<\/p>\n<p>Dans l\u2019ensemble, l\u2019Agrowing LR1 61MP Sextuple repr\u00e9sente un outil de pointe pour les professionnels \u00e0 la recherche de performances d\u2019imagerie sup\u00e9rieures et d\u2019une pr\u00e9cision des donn\u00e9es dans les applications de cartographie a\u00e9rienne et d\u2019arpentage.<\/p>\n<p><a href=\"https:\/\/www.ghostysky.com\/wp-content\/uploads\/2024\/03\/GH_ILX-LR1-Sextuple-TBG_desc.jpg\"><img fetchpriority=\"high\" decoding=\"async\" class=\"size-full wp-image-17151 alignleft lazyload\" src=\"data:image\/gif;base64,R0lGODlhAQABAAAAACH5BAEKAAEALAAAAAABAAEAAAICTAEAOw==\" alt=\"\" width=\"561\" height=\"317\" data-src=\"data:image\/gif;base64,R0lGODlhAQABAAAAACH5BAEKAAEALAAAAAABAAEAAAICTAEAOw==\"><\/a><\/p>\n<p>Les capteurs Sextuple FF d&#039;Agrowing, bas\u00e9s sur les cam\u00e9ras Sony FF 61 Mpx, offrent 14 bandes de 7,5 m\u00e9gapixels chacune. Le capteur peut \u00eatre utilis\u00e9 comme cam\u00e9ra de cartographie 61 Mpx gr\u00e2ce \u00e0 un filtre anti-IR clipsable.<\/p>\n<p>&nbsp;<\/p>\n<p>&nbsp;<\/p>\n<p>&nbsp;<\/p>\n<p>&nbsp;<\/p>\n<p>&nbsp;<\/p>\n<p>&nbsp;<\/p>\n<p><strong>Sp\u00e9cifications techniques<\/strong><\/p>\n<ul>\n<li>Type : Objectif sextuple \u00e0 monture simple<\/li>\n<li>Champ de vision : Diagonale 40,8 Horizontale 33,0 Verticale 25,0<\/li>\n<li>Distorsion TV\u00a0: &lt;2%<\/li>\n<li>Bandes de chrominance multispectrales\u00a0:\n<ul>\n<li>30 nm de large<\/li>\n<li>405;430;450;490;525;550<\/li>\n<li>560;570;630;650;685<\/li>\n<li>710;735;850<\/li>\n<li>* personnalis\u00e9 pour de meilleures performances<\/li>\n<\/ul>\n<\/li>\n<li>Illumination relative : 60%<\/li>\n<li>Distance focale effective : 21,8 mm<\/li>\n<li>Ouverture : 5,6<\/li>\n<li>Type et plage de mise au point : Manuelle 0,5 m \u2013 infini<\/li>\n<li>Dimensions de la lentille : (\u00d8xL) 64,5 x 35 mm<\/li>\n<li>Poids total du capteur, objectif compris : 424 g (243 + 181)<\/li>\n<\/ul>","protected":false},"excerpt":{"rendered":"<p>L&#039;Agrowing LR1 61MP Sextuple est un syst\u00e8me de cam\u00e9ra a\u00e9rienne de pointe con\u00e7u pour les applications de cartographie et de topographie haute r\u00e9solution. Dot\u00e9 d&#039;un remarquable capteur de 61 m\u00e9gapixels, il capture des images incroyablement d\u00e9taill\u00e9es, id\u00e9ales pour l&#039;agriculture de pr\u00e9cision, la surveillance environnementale, l&#039;urbanisme et d&#039;autres secteurs n\u00e9cessitant des donn\u00e9es spatiales pr\u00e9cises.<\/p>\n<ul>\n<li>Corps de 243 g + objectif multispectral de 190 g<\/li>\n<li>Cartographie RVB 61MP ou Multispectral 14 bandes de 7MP par bande ou 13 bandes + Large RVB<\/li>\n<li>Monture E plein format<\/li>\n<li>Bas\u00e9 sur un Sony ILX-LR1 modifi\u00e9<\/li>\n<\/ul>","protected":false},"featured_media":17150,"comment_status":"open","ping_status":"closed","template":"","meta":[],"product_brand":[],"product_cat":[719,705],"product_tag":[720,722],"class_list":{"0":"post-17148","1":"product","2":"type-product","3":"status-publish","4":"has-post-thumbnail","6":"product_cat-agrowing","7":"product_cat-sensors","8":"product_tag-agrowing","9":"product_tag-lr1-61mp-sextuple","11":"first","12":"onbackorder","13":"taxable","14":"shipping-taxable","15":"product-type-simple"},"yoast_head":"<!-- This site is optimized with the Yoast SEO plugin v27.4 - https:\/\/yoast.com\/product\/yoast-seo-wordpress\/ -->\n<title>Agrowing LR1 61MP Sextuple - Ghostysky<\/title>\n<meta name=\"description\" content=\"The Agrowing LR1 61MP Sextuple is a cutting-edge aerial camera system designed for high-resolution mapping and surveying applications. With a remarkable 61 megapixel sensor, it captures incredibly detailed images that are ideal for precision agriculture, environmental monitoring, urban planning, and other industries requiring accurate spatial data.\" \/>\n<meta name=\"robots\" content=\"index, follow, max-snippet:-1, max-image-preview:large, max-video-preview:-1\" \/>\n<link rel=\"canonical\" href=\"https:\/\/www.ghostysky.com\/fr\/product\/lr1-61mp-sextuple\/\" \/>\n<meta property=\"og:locale\" content=\"fr_FR\" \/>\n<meta property=\"og:type\" content=\"article\" \/>\n<meta property=\"og:title\" content=\"Agrowing LR1 61MP Sextuple - Ghostysky\" \/>\n<meta property=\"og:description\" content=\"The Agrowing LR1 61MP Sextuple is a cutting-edge aerial camera system designed for high-resolution mapping and surveying applications. With a remarkable 61 megapixel sensor, it captures incredibly detailed images that are ideal for precision agriculture, environmental monitoring, urban planning, and other industries requiring accurate spatial data.\" \/>\n<meta property=\"og:url\" content=\"https:\/\/www.ghostysky.com\/fr\/product\/lr1-61mp-sextuple\/\" \/>\n<meta property=\"og:site_name\" content=\"Ghostysky\" \/>\n<meta property=\"article:publisher\" content=\"https:\/\/www.facebook.com\/people\/Ghostysky\/100057676170234\/\" \/>\n<meta property=\"article:modified_time\" content=\"2024-11-11T01:48:58+00:00\" \/>\n<meta property=\"og:image\" content=\"https:\/\/www.ghostysky.com\/wp-content\/uploads\/2024\/03\/GH_ILX-LR1-Sextuple-TBG_1.jpg\" \/>\n\t<meta property=\"og:image:width\" content=\"718\" \/>\n\t<meta property=\"og:image:height\" content=\"530\" \/>\n\t<meta property=\"og:image:type\" content=\"image\/jpeg\" \/>\n<meta name=\"twitter:card\" content=\"summary_large_image\" \/>\n<meta name=\"twitter:site\" content=\"@Gh0stysky\" \/>\n<meta name=\"twitter:label1\" content=\"Dur\u00e9e de lecture estim\u00e9e\" \/>\n\t<meta name=\"twitter:data1\" content=\"2 minutes\" \/>\n<script type=\"application\/ld+json\" class=\"yoast-schema-graph\">{\"@context\":\"https:\\\/\\\/schema.org\",\"@graph\":[{\"@type\":\"WebPage\",\"@id\":\"https:\\\/\\\/www.ghostysky.com\\\/product\\\/lr1-61mp-sextuple\\\/\",\"url\":\"https:\\\/\\\/www.ghostysky.com\\\/product\\\/lr1-61mp-sextuple\\\/\",\"name\":\"Agrowing LR1 61MP Sextuple - Ghostysky\",\"isPartOf\":{\"@id\":\"https:\\\/\\\/www.ghostysky.com\\\/#website\"},\"primaryImageOfPage\":{\"@id\":\"https:\\\/\\\/www.ghostysky.com\\\/product\\\/lr1-61mp-sextuple\\\/#primaryimage\"},\"image\":{\"@id\":\"https:\\\/\\\/www.ghostysky.com\\\/product\\\/lr1-61mp-sextuple\\\/#primaryimage\"},\"thumbnailUrl\":\"https:\\\/\\\/www.ghostysky.com\\\/wp-content\\\/uploads\\\/2024\\\/03\\\/GH_ILX-LR1-Sextuple-TBG_1.jpg\",\"datePublished\":\"2024-03-10T11:42:21+00:00\",\"dateModified\":\"2024-11-11T01:48:58+00:00\",\"description\":\"The Agrowing LR1 61MP Sextuple is a cutting-edge aerial camera system designed for high-resolution mapping and surveying applications. With a remarkable 61 megapixel sensor, it captures incredibly detailed images that are ideal for precision agriculture, environmental monitoring, urban planning, and other industries requiring accurate spatial data.\",\"breadcrumb\":{\"@id\":\"https:\\\/\\\/www.ghostysky.com\\\/product\\\/lr1-61mp-sextuple\\\/#breadcrumb\"},\"inLanguage\":\"fr-FR\",\"potentialAction\":[{\"@type\":\"ReadAction\",\"target\":[\"https:\\\/\\\/www.ghostysky.com\\\/product\\\/lr1-61mp-sextuple\\\/\"]}]},{\"@type\":\"ImageObject\",\"inLanguage\":\"fr-FR\",\"@id\":\"https:\\\/\\\/www.ghostysky.com\\\/product\\\/lr1-61mp-sextuple\\\/#primaryimage\",\"url\":\"https:\\\/\\\/www.ghostysky.com\\\/wp-content\\\/uploads\\\/2024\\\/03\\\/GH_ILX-LR1-Sextuple-TBG_1.jpg\",\"contentUrl\":\"https:\\\/\\\/www.ghostysky.com\\\/wp-content\\\/uploads\\\/2024\\\/03\\\/GH_ILX-LR1-Sextuple-TBG_1.jpg\",\"width\":718,\"height\":530},{\"@type\":\"BreadcrumbList\",\"@id\":\"https:\\\/\\\/www.ghostysky.com\\\/product\\\/lr1-61mp-sextuple\\\/#breadcrumb\",\"itemListElement\":[{\"@type\":\"ListItem\",\"position\":1,\"name\":\"Home\",\"item\":\"https:\\\/\\\/www.ghostysky.com\\\/\"},{\"@type\":\"ListItem\",\"position\":2,\"name\":\"Shop\",\"item\":\"https:\\\/\\\/www.ghostysky.com\\\/shop\\\/\"},{\"@type\":\"ListItem\",\"position\":3,\"name\":\"Agrowing LR1 61MP Sextuple\"}]},{\"@type\":\"WebSite\",\"@id\":\"https:\\\/\\\/www.ghostysky.com\\\/#website\",\"url\":\"https:\\\/\\\/www.ghostysky.com\\\/\",\"name\":\"Ghostysky\",\"description\":\"Delivering professional drones and robotics solutions\",\"publisher\":{\"@id\":\"https:\\\/\\\/www.ghostysky.com\\\/#organization\"},\"potentialAction\":[{\"@type\":\"SearchAction\",\"target\":{\"@type\":\"EntryPoint\",\"urlTemplate\":\"https:\\\/\\\/www.ghostysky.com\\\/?s={search_term_string}\"},\"query-input\":{\"@type\":\"PropertyValueSpecification\",\"valueRequired\":true,\"valueName\":\"search_term_string\"}}],\"inLanguage\":\"fr-FR\"},{\"@type\":\"Organization\",\"@id\":\"https:\\\/\\\/www.ghostysky.com\\\/#organization\",\"name\":\"Ghostysky\",\"url\":\"https:\\\/\\\/www.ghostysky.com\\\/\",\"logo\":{\"@type\":\"ImageObject\",\"inLanguage\":\"fr-FR\",\"@id\":\"https:\\\/\\\/www.ghostysky.com\\\/#\\\/schema\\\/logo\\\/image\\\/\",\"url\":\"https:\\\/\\\/www.ghostysky.com\\\/wp-content\\\/uploads\\\/2020\\\/06\\\/cropped-ghostyskylogo_text_white2.png\",\"contentUrl\":\"https:\\\/\\\/www.ghostysky.com\\\/wp-content\\\/uploads\\\/2020\\\/06\\\/cropped-ghostyskylogo_text_white2.png\",\"width\":169,\"height\":56,\"caption\":\"Ghostysky\"},\"image\":{\"@id\":\"https:\\\/\\\/www.ghostysky.com\\\/#\\\/schema\\\/logo\\\/image\\\/\"},\"sameAs\":[\"https:\\\/\\\/www.facebook.com\\\/people\\\/Ghostysky\\\/100057676170234\\\/\",\"https:\\\/\\\/x.com\\\/Gh0stysky\",\"https:\\\/\\\/www.linkedin.com\\\/company\\\/34739653\",\"https:\\\/\\\/www.instagram.com\\\/gh0stysky\"]}]}<\/script>\n<!-- \/ Yoast SEO plugin. -->","yoast_head_json":{"title":"Agrowing LR1 61MP Sextuple - Ghostysky","description":"L&#039;Agrowing LR1 61MP Sextuple est un syst\u00e8me de cam\u00e9ra a\u00e9rienne de pointe con\u00e7u pour les applications de cartographie et de topographie haute r\u00e9solution. Dot\u00e9 d&#039;un remarquable capteur de 61 m\u00e9gapixels, il capture des images incroyablement d\u00e9taill\u00e9es, id\u00e9ales pour l&#039;agriculture de pr\u00e9cision, la surveillance environnementale, l&#039;urbanisme et d&#039;autres secteurs n\u00e9cessitant des donn\u00e9es spatiales pr\u00e9cises.","robots":{"index":"index","follow":"follow","max-snippet":"max-snippet:-1","max-image-preview":"max-image-preview:large","max-video-preview":"max-video-preview:-1"},"canonical":"https:\/\/www.ghostysky.com\/fr\/product\/lr1-61mp-sextuple\/","og_locale":"fr_FR","og_type":"article","og_title":"Agrowing LR1 61MP Sextuple - Ghostysky","og_description":"The Agrowing LR1 61MP Sextuple is a cutting-edge aerial camera system designed for high-resolution mapping and surveying applications. With a remarkable 61 megapixel sensor, it captures incredibly detailed images that are ideal for precision agriculture, environmental monitoring, urban planning, and other industries requiring accurate spatial data.","og_url":"https:\/\/www.ghostysky.com\/fr\/product\/lr1-61mp-sextuple\/","og_site_name":"Ghostysky","article_publisher":"https:\/\/www.facebook.com\/people\/Ghostysky\/100057676170234\/","article_modified_time":"2024-11-11T01:48:58+00:00","og_image":[{"width":718,"height":530,"url":"https:\/\/www.ghostysky.com\/wp-content\/uploads\/2024\/03\/GH_ILX-LR1-Sextuple-TBG_1.jpg","type":"image\/jpeg"}],"twitter_card":"summary_large_image","twitter_site":"@Gh0stysky","twitter_misc":{"Dur\u00e9e de lecture estim\u00e9e":"2 minutes"},"schema":{"@context":"https:\/\/schema.org","@graph":[{"@type":"WebPage","@id":"https:\/\/www.ghostysky.com\/product\/lr1-61mp-sextuple\/","url":"https:\/\/www.ghostysky.com\/product\/lr1-61mp-sextuple\/","name":"Agrowing LR1 61MP Sextuple - Ghostysky","isPartOf":{"@id":"https:\/\/www.ghostysky.com\/#website"},"primaryImageOfPage":{"@id":"https:\/\/www.ghostysky.com\/product\/lr1-61mp-sextuple\/#primaryimage"},"image":{"@id":"https:\/\/www.ghostysky.com\/product\/lr1-61mp-sextuple\/#primaryimage"},"thumbnailUrl":"https:\/\/www.ghostysky.com\/wp-content\/uploads\/2024\/03\/GH_ILX-LR1-Sextuple-TBG_1.jpg","datePublished":"2024-03-10T11:42:21+00:00","dateModified":"2024-11-11T01:48:58+00:00","description":"L&#039;Agrowing LR1 61MP Sextuple est un syst\u00e8me de cam\u00e9ra a\u00e9rienne de pointe con\u00e7u pour les applications de cartographie et de topographie haute r\u00e9solution. Dot\u00e9 d&#039;un remarquable capteur de 61 m\u00e9gapixels, il capture des images incroyablement d\u00e9taill\u00e9es, id\u00e9ales pour l&#039;agriculture de pr\u00e9cision, la surveillance environnementale, l&#039;urbanisme et d&#039;autres secteurs n\u00e9cessitant des donn\u00e9es spatiales pr\u00e9cises.","breadcrumb":{"@id":"https:\/\/www.ghostysky.com\/product\/lr1-61mp-sextuple\/#breadcrumb"},"inLanguage":"fr-FR","potentialAction":[{"@type":"ReadAction","target":["https:\/\/www.ghostysky.com\/product\/lr1-61mp-sextuple\/"]}]},{"@type":"ImageObject","inLanguage":"fr-FR","@id":"https:\/\/www.ghostysky.com\/product\/lr1-61mp-sextuple\/#primaryimage","url":"https:\/\/www.ghostysky.com\/wp-content\/uploads\/2024\/03\/GH_ILX-LR1-Sextuple-TBG_1.jpg","contentUrl":"https:\/\/www.ghostysky.com\/wp-content\/uploads\/2024\/03\/GH_ILX-LR1-Sextuple-TBG_1.jpg","width":718,"height":530},{"@type":"BreadcrumbList","@id":"https:\/\/www.ghostysky.com\/product\/lr1-61mp-sextuple\/#breadcrumb","itemListElement":[{"@type":"ListItem","position":1,"name":"Home","item":"https:\/\/www.ghostysky.com\/"},{"@type":"ListItem","position":2,"name":"Shop","item":"https:\/\/www.ghostysky.com\/shop\/"},{"@type":"ListItem","position":3,"name":"Agrowing LR1 61MP Sextuple"}]},{"@type":"WebSite","@id":"https:\/\/www.ghostysky.com\/#website","url":"https:\/\/www.ghostysky.com\/","name":"Ghostysky","description":"Fourniture de solutions professionnelles en mati\u00e8re de drones et de robotique","publisher":{"@id":"https:\/\/www.ghostysky.com\/#organization"},"potentialAction":[{"@type":"SearchAction","target":{"@type":"EntryPoint","urlTemplate":"https:\/\/www.ghostysky.com\/?s={search_term_string}"},"query-input":{"@type":"PropertyValueSpecification","valueRequired":true,"valueName":"search_term_string"}}],"inLanguage":"fr-FR"},{"@type":"Organization","@id":"https:\/\/www.ghostysky.com\/#organization","name":"Ghostysky","url":"https:\/\/www.ghostysky.com\/","logo":{"@type":"ImageObject","inLanguage":"fr-FR","@id":"https:\/\/www.ghostysky.com\/#\/schema\/logo\/image\/","url":"https:\/\/www.ghostysky.com\/wp-content\/uploads\/2020\/06\/cropped-ghostyskylogo_text_white2.png","contentUrl":"https:\/\/www.ghostysky.com\/wp-content\/uploads\/2020\/06\/cropped-ghostyskylogo_text_white2.png","width":169,"height":56,"caption":"Ghostysky"},"image":{"@id":"https:\/\/www.ghostysky.com\/#\/schema\/logo\/image\/"},"sameAs":["https:\/\/www.facebook.com\/people\/Ghostysky\/100057676170234\/","https:\/\/x.com\/Gh0stysky","https:\/\/www.linkedin.com\/company\/34739653","https:\/\/www.instagram.com\/gh0stysky"]}]}},"_links":{"self":[{"href":"https:\/\/www.ghostysky.com\/fr\/wp-json\/wp\/v2\/product\/17148","targetHints":{"allow":["GET"]}}],"collection":[{"href":"https:\/\/www.ghostysky.com\/fr\/wp-json\/wp\/v2\/product"}],"about":[{"href":"https:\/\/www.ghostysky.com\/fr\/wp-json\/wp\/v2\/types\/product"}],"replies":[{"embeddable":true,"href":"https:\/\/www.ghostysky.com\/fr\/wp-json\/wp\/v2\/comments?post=17148"}],"version-history":[{"count":0,"href":"https:\/\/www.ghostysky.com\/fr\/wp-json\/wp\/v2\/product\/17148\/revisions"}],"wp:featuredmedia":[{"embeddable":true,"href":"https:\/\/www.ghostysky.com\/fr\/wp-json\/wp\/v2\/media\/17150"}],"wp:attachment":[{"href":"https:\/\/www.ghostysky.com\/fr\/wp-json\/wp\/v2\/media?parent=17148"}],"wp:term":[{"taxonomy":"product_brand","embeddable":true,"href":"https:\/\/www.ghostysky.com\/fr\/wp-json\/wp\/v2\/product_brand?post=17148"},{"taxonomy":"product_cat","embeddable":true,"href":"https:\/\/www.ghostysky.com\/fr\/wp-json\/wp\/v2\/product_cat?post=17148"},{"taxonomy":"product_tag","embeddable":true,"href":"https:\/\/www.ghostysky.com\/fr\/wp-json\/wp\/v2\/product_tag?post=17148"}],"curies":[{"name":"wp","href":"https:\/\/api.w.org\/{rel}","templated":true}]}}