{"id":17176,"date":"2024-03-11T13:56:30","date_gmt":"2024-03-11T13:56:30","guid":{"rendered":"https:\/\/www.ghostysky.com\/?post_type=product&#038;p=17176"},"modified":"2024-10-22T01:57:55","modified_gmt":"2024-10-22T01:57:55","slug":"agrowing-a7cr-61mp-quad","status":"publish","type":"product","link":"https:\/\/www.ghostysky.com\/fr\/product\/agrowing-a7cr-61mp-quad\/","title":{"rendered":"A7CR 61MP Quad en pleine croissance"},"content":{"rendered":"<p>L&#039;une de ses caract\u00e9ristiques les plus remarquables est sa configuration \u00e0 quatre cam\u00e9ras, qui lui permet de capturer simultan\u00e9ment des images multispectrales. Cette capacit\u00e9 permet d&#039;analyser diff\u00e9rentes longueurs d&#039;onde lumineuses, au-del\u00e0 de ce que l&#039;\u0153il humain peut percevoir, fournissant ainsi des informations pr\u00e9cieuses sur la sant\u00e9 des plantes, l&#039;\u00e9tat du sol et le niveau de stress des cultures.<\/p>\n<p>L&#039;A7CR est con\u00e7u pour \u00eatre efficace et facile d&#039;utilisation sur le terrain. Il est dot\u00e9 de syst\u00e8mes de commandes de vol avanc\u00e9s qui garantissent un vol stable et pr\u00e9cis, m\u00eame dans des conditions environnementales difficiles. De plus, sa conception modulaire facilite la maintenance et les mises \u00e0 niveau, garantissant ainsi fiabilit\u00e9 et long\u00e9vit\u00e9.<\/p>\n<p>Avec ses capacit\u00e9s d&#039;imagerie haute r\u00e9solution et ses fonctionnalit\u00e9s avanc\u00e9es, l&#039;Agrowing A7CR 61MP Quad est un outil puissant pour l&#039;agriculture moderne, permettant aux agriculteurs d&#039;optimiser les pratiques de gestion des cultures et de maximiser les rendements tout en minimisant les intrants et l&#039;impact environnemental.<\/p>\n<h3>Sp\u00e9cifications techniques<\/h3>\n<ul>\n<li><strong>Taper<\/strong>: Monture simple \u00e0 quatre objectifs<\/li>\n<li><strong>Champ de vision<\/strong>: Diagonale 46,0 Horizontale 40,7 Verticale 27,6<\/li>\n<li><strong>distorsion de la t\u00e9l\u00e9vision<\/strong>: &lt;1%<\/li>\n<li><strong>Bandes de chrominance multispectrales<\/strong>: 30 nm de large, 405\u00a0; 430\u00a0; 450\u00a0; 550, 560\u00a0; 570\u00a0; 650\u00a0; 685, 710\u00a0; 850 * personnalis\u00e9 pour de meilleures performances<\/li>\n<li><strong>Illumination relative<\/strong>: 68%<\/li>\n<li><strong>Distance focale effective<\/strong>: 25 mm<\/li>\n<li><strong>Arr\u00eat F<\/strong>: 6.0<\/li>\n<li><strong>Type et plage de mise au point<\/strong>: Manuel 0,5 m \u2013 infini<\/li>\n<li><strong>Dimension de la lentille<\/strong>: (\u00d8xLxl) 64,5\u00d731,5 mm<\/li>\n<li><strong>Poids total du capteur, batterie comprise<\/strong>: 705gr (A7CR)<\/li>\n<\/ul>\n<p>&nbsp;<\/p>\n<p><a href=\"https:\/\/www.ghostysky.com\/wp-content\/uploads\/2024\/03\/GH_Agrowing-A7CR-61MP-Quad_desc.jpg\"><img fetchpriority=\"high\" decoding=\"async\" class=\"size-full wp-image-17178 alignleft lazyload\" src=\"data:image\/gif;base64,R0lGODlhAQABAAAAACH5BAEKAAEALAAAAAABAAEAAAICTAEAOw==\" alt=\"\" width=\"643\" height=\"325\" data-src=\"data:image\/gif;base64,R0lGODlhAQABAAAAACH5BAEKAAEALAAAAAABAAEAAAICTAEAOw==\"><\/a><\/p>\n<p>Le capteur Alpha 7Rxxx d&#039;Agrowing propose deux r\u00e9solutions\u00a0: le capteur A7Riv offre 12\u00a0m\u00e9gapixels par bande, tandis que le capteur A7Rii\/iii offre 8\u00a0m\u00e9gapixels par bande.<\/p>","protected":false},"excerpt":{"rendered":"<p>L&#039;Agrowing A7CR 61MP Quad est un drone agricole de pointe dot\u00e9 d&#039;une technologie d&#039;imagerie avanc\u00e9e con\u00e7ue pour am\u00e9liorer les pratiques d&#039;agriculture de pr\u00e9cision. Dot\u00e9 d&#039;un capteur photo exceptionnel de 61 m\u00e9gapixels (MP), ce drone offre des images a\u00e9riennes incroyablement d\u00e9taill\u00e9es, permettant aux agriculteurs et aux agronomes de surveiller de pr\u00e8s leurs cultures, de d\u00e9tecter les probl\u00e8mes et de prendre des d\u00e9cisions \u00e9clair\u00e9es.<\/p>\n<ul>\n<li>12 m\u00e9gapixels par bande (A7CR)<\/li>\n<li>NDVI\/Bordure rouge<\/li>\n<li>10 bandes \u00e9troites ou 9 bandes + RVB large<\/li>\n<li>pour monture E plein format<\/li>\n<li>Bas\u00e9 sur un Sony A7CR modifi\u00e9<\/li>\n<\/ul>","protected":false},"featured_media":17177,"comment_status":"open","ping_status":"closed","template":"","meta":[],"product_brand":[],"product_cat":[719,705],"product_tag":[723,720],"class_list":{"0":"post-17176","1":"product","2":"type-product","3":"status-publish","4":"has-post-thumbnail","6":"product_cat-agrowing","7":"product_cat-sensors","8":"product_tag-a7cr-61mp-quad","9":"product_tag-agrowing","11":"first","12":"onbackorder","13":"taxable","14":"shipping-taxable","15":"product-type-simple"},"yoast_head":"<!-- This site is optimized with the Yoast SEO plugin v27.1.1 - https:\/\/yoast.com\/product\/yoast-seo-wordpress\/ -->\n<title>Agrowing A7CR 61MP Quad - Ghostysky<\/title>\n<meta name=\"description\" content=\"The Agrowing A7CR 61MP Quad is a cutting-edge agricultural drone equipped with advanced imaging technology designed to enhance precision agriculture practices. With a staggering 61 megapixel (MP) camera sensor, this drone offers incredibly detailed aerial imagery, allowing farmers and agronomists to closely monitor crops, detect issues, and make informed decisions.\" \/>\n<meta name=\"robots\" content=\"index, follow, max-snippet:-1, max-image-preview:large, max-video-preview:-1\" \/>\n<link rel=\"canonical\" href=\"https:\/\/www.ghostysky.com\/fr\/product\/agrowing-a7cr-61mp-quad\/\" \/>\n<meta property=\"og:locale\" content=\"fr_FR\" \/>\n<meta property=\"og:type\" content=\"article\" \/>\n<meta property=\"og:title\" content=\"Agrowing A7CR 61MP Quad - Ghostysky\" \/>\n<meta property=\"og:description\" content=\"The Agrowing A7CR 61MP Quad is a cutting-edge agricultural drone equipped with advanced imaging technology designed to enhance precision agriculture practices. With a staggering 61 megapixel (MP) camera sensor, this drone offers incredibly detailed aerial imagery, allowing farmers and agronomists to closely monitor crops, detect issues, and make informed decisions.\" \/>\n<meta property=\"og:url\" content=\"https:\/\/www.ghostysky.com\/fr\/product\/agrowing-a7cr-61mp-quad\/\" \/>\n<meta property=\"og:site_name\" content=\"Ghostysky\" \/>\n<meta property=\"article:publisher\" content=\"https:\/\/www.facebook.com\/people\/Ghostysky\/100057676170234\/\" \/>\n<meta property=\"article:modified_time\" content=\"2024-10-22T01:57:55+00:00\" \/>\n<meta property=\"og:image\" content=\"https:\/\/www.ghostysky.com\/wp-content\/uploads\/2024\/03\/GH_Agrowing-A7CR-61MP-Quad_1.jpg\" \/>\n\t<meta property=\"og:image:width\" content=\"1164\" \/>\n\t<meta property=\"og:image:height\" content=\"693\" \/>\n\t<meta property=\"og:image:type\" content=\"image\/jpeg\" \/>\n<meta name=\"twitter:card\" content=\"summary_large_image\" \/>\n<meta name=\"twitter:site\" content=\"@Gh0stysky\" \/>\n<meta name=\"twitter:label1\" content=\"Dur\u00e9e de lecture estim\u00e9e\" \/>\n\t<meta name=\"twitter:data1\" content=\"2 minutes\" \/>\n<script type=\"application\/ld+json\" class=\"yoast-schema-graph\">{\"@context\":\"https:\/\/schema.org\",\"@graph\":[{\"@type\":\"WebPage\",\"@id\":\"https:\/\/www.ghostysky.com\/product\/agrowing-a7cr-61mp-quad\/\",\"url\":\"https:\/\/www.ghostysky.com\/product\/agrowing-a7cr-61mp-quad\/\",\"name\":\"Agrowing A7CR 61MP Quad - Ghostysky\",\"isPartOf\":{\"@id\":\"https:\/\/www.ghostysky.com\/#website\"},\"primaryImageOfPage\":{\"@id\":\"https:\/\/www.ghostysky.com\/product\/agrowing-a7cr-61mp-quad\/#primaryimage\"},\"image\":{\"@id\":\"https:\/\/www.ghostysky.com\/product\/agrowing-a7cr-61mp-quad\/#primaryimage\"},\"thumbnailUrl\":\"https:\/\/www.ghostysky.com\/wp-content\/uploads\/2024\/03\/GH_Agrowing-A7CR-61MP-Quad_1.jpg\",\"datePublished\":\"2024-03-11T13:56:30+00:00\",\"dateModified\":\"2024-10-22T01:57:55+00:00\",\"description\":\"The Agrowing A7CR 61MP Quad is a cutting-edge agricultural drone equipped with advanced imaging technology designed to enhance precision agriculture practices. With a staggering 61 megapixel (MP) camera sensor, this drone offers incredibly detailed aerial imagery, allowing farmers and agronomists to closely monitor crops, detect issues, and make informed decisions.\",\"breadcrumb\":{\"@id\":\"https:\/\/www.ghostysky.com\/product\/agrowing-a7cr-61mp-quad\/#breadcrumb\"},\"inLanguage\":\"fr-FR\",\"potentialAction\":[{\"@type\":\"ReadAction\",\"target\":[\"https:\/\/www.ghostysky.com\/product\/agrowing-a7cr-61mp-quad\/\"]}]},{\"@type\":\"ImageObject\",\"inLanguage\":\"fr-FR\",\"@id\":\"https:\/\/www.ghostysky.com\/product\/agrowing-a7cr-61mp-quad\/#primaryimage\",\"url\":\"https:\/\/www.ghostysky.com\/wp-content\/uploads\/2024\/03\/GH_Agrowing-A7CR-61MP-Quad_1.jpg\",\"contentUrl\":\"https:\/\/www.ghostysky.com\/wp-content\/uploads\/2024\/03\/GH_Agrowing-A7CR-61MP-Quad_1.jpg\",\"width\":1164,\"height\":693},{\"@type\":\"BreadcrumbList\",\"@id\":\"https:\/\/www.ghostysky.com\/product\/agrowing-a7cr-61mp-quad\/#breadcrumb\",\"itemListElement\":[{\"@type\":\"ListItem\",\"position\":1,\"name\":\"Home\",\"item\":\"https:\/\/www.ghostysky.com\/\"},{\"@type\":\"ListItem\",\"position\":2,\"name\":\"Shop\",\"item\":\"https:\/\/www.ghostysky.com\/shop\/\"},{\"@type\":\"ListItem\",\"position\":3,\"name\":\"Agrowing A7CR 61MP Quad\"}]},{\"@type\":\"WebSite\",\"@id\":\"https:\/\/www.ghostysky.com\/#website\",\"url\":\"https:\/\/www.ghostysky.com\/\",\"name\":\"Ghostysky\",\"description\":\"Delivering professional drones and services\",\"publisher\":{\"@id\":\"https:\/\/www.ghostysky.com\/#organization\"},\"potentialAction\":[{\"@type\":\"SearchAction\",\"target\":{\"@type\":\"EntryPoint\",\"urlTemplate\":\"https:\/\/www.ghostysky.com\/?s={search_term_string}\"},\"query-input\":{\"@type\":\"PropertyValueSpecification\",\"valueRequired\":true,\"valueName\":\"search_term_string\"}}],\"inLanguage\":\"fr-FR\"},{\"@type\":\"Organization\",\"@id\":\"https:\/\/www.ghostysky.com\/#organization\",\"name\":\"Ghostysky\",\"url\":\"https:\/\/www.ghostysky.com\/\",\"logo\":{\"@type\":\"ImageObject\",\"inLanguage\":\"fr-FR\",\"@id\":\"https:\/\/www.ghostysky.com\/#\/schema\/logo\/image\/\",\"url\":\"https:\/\/www.ghostysky.com\/wp-content\/uploads\/2020\/06\/cropped-ghostyskylogo_text_white2.png\",\"contentUrl\":\"https:\/\/www.ghostysky.com\/wp-content\/uploads\/2020\/06\/cropped-ghostyskylogo_text_white2.png\",\"width\":169,\"height\":56,\"caption\":\"Ghostysky\"},\"image\":{\"@id\":\"https:\/\/www.ghostysky.com\/#\/schema\/logo\/image\/\"},\"sameAs\":[\"https:\/\/www.facebook.com\/people\/Ghostysky\/100057676170234\/\",\"https:\/\/x.com\/Gh0stysky\",\"https:\/\/www.linkedin.com\/company\/34739653\",\"https:\/\/www.instagram.com\/gh0stysky\"]}]}<\/script>\n<!-- \/ Yoast SEO plugin. -->","yoast_head_json":{"title":"Agrandissement A7CR 61MP Quad - Ghostysky","description":"L&#039;Agrowing A7CR 61MP Quad est un drone agricole de pointe dot\u00e9 d&#039;une technologie d&#039;imagerie avanc\u00e9e con\u00e7ue pour am\u00e9liorer les pratiques d&#039;agriculture de pr\u00e9cision. Dot\u00e9 d&#039;un capteur photo exceptionnel de 61 m\u00e9gapixels (MP), ce drone offre des images a\u00e9riennes incroyablement d\u00e9taill\u00e9es, permettant aux agriculteurs et aux agronomes de surveiller de pr\u00e8s leurs cultures, de d\u00e9tecter les probl\u00e8mes et de prendre des d\u00e9cisions \u00e9clair\u00e9es.","robots":{"index":"index","follow":"follow","max-snippet":"max-snippet:-1","max-image-preview":"max-image-preview:large","max-video-preview":"max-video-preview:-1"},"canonical":"https:\/\/www.ghostysky.com\/fr\/product\/agrowing-a7cr-61mp-quad\/","og_locale":"fr_FR","og_type":"article","og_title":"Agrowing A7CR 61MP Quad - Ghostysky","og_description":"The Agrowing A7CR 61MP Quad is a cutting-edge agricultural drone equipped with advanced imaging technology designed to enhance precision agriculture practices. With a staggering 61 megapixel (MP) camera sensor, this drone offers incredibly detailed aerial imagery, allowing farmers and agronomists to closely monitor crops, detect issues, and make informed decisions.","og_url":"https:\/\/www.ghostysky.com\/fr\/product\/agrowing-a7cr-61mp-quad\/","og_site_name":"Ghostysky","article_publisher":"https:\/\/www.facebook.com\/people\/Ghostysky\/100057676170234\/","article_modified_time":"2024-10-22T01:57:55+00:00","og_image":[{"width":1164,"height":693,"url":"https:\/\/www.ghostysky.com\/wp-content\/uploads\/2024\/03\/GH_Agrowing-A7CR-61MP-Quad_1.jpg","type":"image\/jpeg"}],"twitter_card":"summary_large_image","twitter_site":"@Gh0stysky","twitter_misc":{"Dur\u00e9e de lecture estim\u00e9e":"2 minutes"},"schema":{"@context":"https:\/\/schema.org","@graph":[{"@type":"WebPage","@id":"https:\/\/www.ghostysky.com\/product\/agrowing-a7cr-61mp-quad\/","url":"https:\/\/www.ghostysky.com\/product\/agrowing-a7cr-61mp-quad\/","name":"Agrandissement A7CR 61MP Quad - Ghostysky","isPartOf":{"@id":"https:\/\/www.ghostysky.com\/#website"},"primaryImageOfPage":{"@id":"https:\/\/www.ghostysky.com\/product\/agrowing-a7cr-61mp-quad\/#primaryimage"},"image":{"@id":"https:\/\/www.ghostysky.com\/product\/agrowing-a7cr-61mp-quad\/#primaryimage"},"thumbnailUrl":"https:\/\/www.ghostysky.com\/wp-content\/uploads\/2024\/03\/GH_Agrowing-A7CR-61MP-Quad_1.jpg","datePublished":"2024-03-11T13:56:30+00:00","dateModified":"2024-10-22T01:57:55+00:00","description":"L&#039;Agrowing A7CR 61MP Quad est un drone agricole de pointe dot\u00e9 d&#039;une technologie d&#039;imagerie avanc\u00e9e con\u00e7ue pour am\u00e9liorer les pratiques d&#039;agriculture de pr\u00e9cision. Dot\u00e9 d&#039;un capteur photo exceptionnel de 61 m\u00e9gapixels (MP), ce drone offre des images a\u00e9riennes incroyablement d\u00e9taill\u00e9es, permettant aux agriculteurs et aux agronomes de surveiller de pr\u00e8s leurs cultures, de d\u00e9tecter les probl\u00e8mes et de prendre des d\u00e9cisions \u00e9clair\u00e9es.","breadcrumb":{"@id":"https:\/\/www.ghostysky.com\/product\/agrowing-a7cr-61mp-quad\/#breadcrumb"},"inLanguage":"fr-FR","potentialAction":[{"@type":"ReadAction","target":["https:\/\/www.ghostysky.com\/product\/agrowing-a7cr-61mp-quad\/"]}]},{"@type":"ImageObject","inLanguage":"fr-FR","@id":"https:\/\/www.ghostysky.com\/product\/agrowing-a7cr-61mp-quad\/#primaryimage","url":"https:\/\/www.ghostysky.com\/wp-content\/uploads\/2024\/03\/GH_Agrowing-A7CR-61MP-Quad_1.jpg","contentUrl":"https:\/\/www.ghostysky.com\/wp-content\/uploads\/2024\/03\/GH_Agrowing-A7CR-61MP-Quad_1.jpg","width":1164,"height":693},{"@type":"BreadcrumbList","@id":"https:\/\/www.ghostysky.com\/product\/agrowing-a7cr-61mp-quad\/#breadcrumb","itemListElement":[{"@type":"ListItem","position":1,"name":"Home","item":"https:\/\/www.ghostysky.com\/"},{"@type":"ListItem","position":2,"name":"Shop","item":"https:\/\/www.ghostysky.com\/shop\/"},{"@type":"ListItem","position":3,"name":"Agrowing A7CR 61MP Quad"}]},{"@type":"WebSite","@id":"https:\/\/www.ghostysky.com\/#website","url":"https:\/\/www.ghostysky.com\/","name":"Ghostysky","description":"Livraison de drones et de services professionnels","publisher":{"@id":"https:\/\/www.ghostysky.com\/#organization"},"potentialAction":[{"@type":"SearchAction","target":{"@type":"EntryPoint","urlTemplate":"https:\/\/www.ghostysky.com\/?s={search_term_string}"},"query-input":{"@type":"PropertyValueSpecification","valueRequired":true,"valueName":"search_term_string"}}],"inLanguage":"fr-FR"},{"@type":"Organization","@id":"https:\/\/www.ghostysky.com\/#organization","name":"Ghostysky","url":"https:\/\/www.ghostysky.com\/","logo":{"@type":"ImageObject","inLanguage":"fr-FR","@id":"https:\/\/www.ghostysky.com\/#\/schema\/logo\/image\/","url":"https:\/\/www.ghostysky.com\/wp-content\/uploads\/2020\/06\/cropped-ghostyskylogo_text_white2.png","contentUrl":"https:\/\/www.ghostysky.com\/wp-content\/uploads\/2020\/06\/cropped-ghostyskylogo_text_white2.png","width":169,"height":56,"caption":"Ghostysky"},"image":{"@id":"https:\/\/www.ghostysky.com\/#\/schema\/logo\/image\/"},"sameAs":["https:\/\/www.facebook.com\/people\/Ghostysky\/100057676170234\/","https:\/\/x.com\/Gh0stysky","https:\/\/www.linkedin.com\/company\/34739653","https:\/\/www.instagram.com\/gh0stysky"]}]}},"_links":{"self":[{"href":"https:\/\/www.ghostysky.com\/fr\/wp-json\/wp\/v2\/product\/17176","targetHints":{"allow":["GET"]}}],"collection":[{"href":"https:\/\/www.ghostysky.com\/fr\/wp-json\/wp\/v2\/product"}],"about":[{"href":"https:\/\/www.ghostysky.com\/fr\/wp-json\/wp\/v2\/types\/product"}],"replies":[{"embeddable":true,"href":"https:\/\/www.ghostysky.com\/fr\/wp-json\/wp\/v2\/comments?post=17176"}],"wp:featuredmedia":[{"embeddable":true,"href":"https:\/\/www.ghostysky.com\/fr\/wp-json\/wp\/v2\/media\/17177"}],"wp:attachment":[{"href":"https:\/\/www.ghostysky.com\/fr\/wp-json\/wp\/v2\/media?parent=17176"}],"wp:term":[{"taxonomy":"product_brand","embeddable":true,"href":"https:\/\/www.ghostysky.com\/fr\/wp-json\/wp\/v2\/product_brand?post=17176"},{"taxonomy":"product_cat","embeddable":true,"href":"https:\/\/www.ghostysky.com\/fr\/wp-json\/wp\/v2\/product_cat?post=17176"},{"taxonomy":"product_tag","embeddable":true,"href":"https:\/\/www.ghostysky.com\/fr\/wp-json\/wp\/v2\/product_tag?post=17176"}],"curies":[{"name":"wp","href":"https:\/\/api.w.org\/{rel}","templated":true}]}}