{"id":17180,"date":"2024-03-11T15:22:16","date_gmt":"2024-03-11T15:22:16","guid":{"rendered":"https:\/\/www.ghostysky.com\/?post_type=product&#038;p=17180"},"modified":"2024-11-16T01:04:10","modified_gmt":"2024-11-16T01:04:10","slug":"agrowing-33mp-quad","status":"publish","type":"product","link":"https:\/\/www.ghostysky.com\/fr\/product\/agrowing-33mp-quad\/","title":{"rendered":"Quadruple 33MP en pleine croissance"},"content":{"rendered":"<p>\u00c9quip\u00e9 de quatre cam\u00e9ras synchronis\u00e9es, l&#039;Agrowing 33MP Quad utilise une technologie d&#039;imagerie avanc\u00e9e pour une couverture compl\u00e8te et une collecte de donn\u00e9es pr\u00e9cise. Sa configuration \u00e0 quatre cam\u00e9ras permet la capture simultan\u00e9e d&#039;images RVB (rouge, vert, bleu) ainsi que de bandes spectrales suppl\u00e9mentaires, telles que le proche infrarouge (NIR), le bord rouge et le multispectral, permettant ainsi aux utilisateurs d&#039;obtenir des informations pr\u00e9cieuses sur la sant\u00e9 des cultures, l&#039;analyse de la v\u00e9g\u00e9tation et les conditions environnementales.<\/p>\n<p>Le syst\u00e8me est mont\u00e9 sur une plateforme a\u00e9rienne stable, garantissant une acquisition d&#039;images stable et pr\u00e9cise, m\u00eame dans des conditions de vol difficiles. Il offre des options d&#039;int\u00e9gration flexibles avec divers drones, offrant polyvalence et \u00e9volutivit\u00e9 pour r\u00e9pondre aux besoins sp\u00e9cifiques de diff\u00e9rentes applications et industries.<\/p>\n<p>Gr\u00e2ce \u00e0 ses capacit\u00e9s d&#039;imagerie haute r\u00e9solution et \u00e0 ses fonctions d&#039;analyse spectrale avanc\u00e9es, l&#039;Agrowing 33MP Quad permet aux professionnels de prendre des d\u00e9cisions \u00e9clair\u00e9es, d&#039;optimiser la gestion des ressources et d&#039;am\u00e9liorer la productivit\u00e9 dans un large \u00e9ventail de secteurs. Qu&#039;il s&#039;agisse de surveiller la sant\u00e9 des cultures, d&#039;\u00e9valuer les changements environnementaux ou de r\u00e9aliser des cartographies de pr\u00e9cision, cette solution d&#039;imagerie a\u00e9rienne innovante offre des performances fiables et des informations exploitables pour une prise de d\u00e9cision et une efficacit\u00e9 accrues.<\/p>","protected":false},"excerpt":{"rendered":"<p>L&#039;Agrowing 33MP Quad est un syst\u00e8me d&#039;imagerie a\u00e9rienne de pointe con\u00e7u pour des applications professionnelles telles que l&#039;agriculture, la surveillance environnementale, l&#039;arpentage et la cartographie. Gr\u00e2ce \u00e0 sa configuration avanc\u00e9e \u00e0 quatre cam\u00e9ras, cet appareil offre des capacit\u00e9s d&#039;imagerie haute r\u00e9solution, capturant de superbes images de 33 m\u00e9gapixels d&#039;une clart\u00e9 et d&#039;un niveau de d\u00e9tail exceptionnels.<\/p>\n<ul>\n<li>Cartographie 33 MP<\/li>\n<li>7 m\u00e9gapixels par bande 10 bandes \u00e9troites ou 9 + RG larges<\/li>\n<li>FWHM 30 nm par bande<\/li>\n<li>pour monture E plein format pour bo\u00eetier d&#039;appareil photo Sony A7CII modifi\u00e9<\/li>\n<\/ul>","protected":false},"featured_media":17177,"comment_status":"open","ping_status":"closed","template":"","meta":[],"product_brand":[],"product_cat":[719,705],"product_tag":[724,720],"class_list":{"0":"post-17180","1":"product","2":"type-product","3":"status-publish","4":"has-post-thumbnail","6":"product_cat-agrowing","7":"product_cat-sensors","8":"product_tag-33mp-quad","9":"product_tag-agrowing","11":"first","12":"onbackorder","13":"taxable","14":"shipping-taxable","15":"product-type-simple"},"yoast_head":"<!-- This site is optimized with the Yoast SEO plugin v27.1.1 - https:\/\/yoast.com\/product\/yoast-seo-wordpress\/ -->\n<title>Agrowing 33MP Quad - Ghostysky<\/title>\n<meta name=\"description\" content=\"The Agrowing 33MP Quad is a cutting-edge aerial imaging system designed for professional applications such as agriculture, environmental monitoring, surveying, and mapping. With its advanced quad-camera setup, this device offers high-resolution imaging capabilities, capturing stunning 33-megapixel images with exceptional clarity and detail.\" \/>\n<meta name=\"robots\" content=\"index, follow, max-snippet:-1, max-image-preview:large, max-video-preview:-1\" \/>\n<link rel=\"canonical\" href=\"https:\/\/www.ghostysky.com\/fr\/product\/agrowing-33mp-quad\/\" \/>\n<meta property=\"og:locale\" content=\"fr_FR\" \/>\n<meta property=\"og:type\" content=\"article\" \/>\n<meta property=\"og:title\" content=\"Agrowing 33MP Quad - Ghostysky\" \/>\n<meta property=\"og:description\" content=\"The Agrowing 33MP Quad is a cutting-edge aerial imaging system designed for professional applications such as agriculture, environmental monitoring, surveying, and mapping. With its advanced quad-camera setup, this device offers high-resolution imaging capabilities, capturing stunning 33-megapixel images with exceptional clarity and detail.\" \/>\n<meta property=\"og:url\" content=\"https:\/\/www.ghostysky.com\/fr\/product\/agrowing-33mp-quad\/\" \/>\n<meta property=\"og:site_name\" content=\"Ghostysky\" \/>\n<meta property=\"article:publisher\" content=\"https:\/\/www.facebook.com\/people\/Ghostysky\/100057676170234\/\" \/>\n<meta property=\"article:modified_time\" content=\"2024-11-16T01:04:10+00:00\" \/>\n<meta property=\"og:image\" content=\"https:\/\/www.ghostysky.com\/wp-content\/uploads\/2024\/03\/GH_Agrowing-A7CR-61MP-Quad_1.jpg\" \/>\n\t<meta property=\"og:image:width\" content=\"1164\" \/>\n\t<meta property=\"og:image:height\" content=\"693\" \/>\n\t<meta property=\"og:image:type\" content=\"image\/jpeg\" \/>\n<meta name=\"twitter:card\" content=\"summary_large_image\" \/>\n<meta name=\"twitter:site\" content=\"@Gh0stysky\" \/>\n<meta name=\"twitter:label1\" content=\"Dur\u00e9e de lecture estim\u00e9e\" \/>\n\t<meta name=\"twitter:data1\" content=\"1 minute\" \/>\n<script type=\"application\/ld+json\" class=\"yoast-schema-graph\">{\"@context\":\"https:\/\/schema.org\",\"@graph\":[{\"@type\":\"WebPage\",\"@id\":\"https:\/\/www.ghostysky.com\/product\/agrowing-33mp-quad\/\",\"url\":\"https:\/\/www.ghostysky.com\/product\/agrowing-33mp-quad\/\",\"name\":\"Agrowing 33MP Quad - Ghostysky\",\"isPartOf\":{\"@id\":\"https:\/\/www.ghostysky.com\/#website\"},\"primaryImageOfPage\":{\"@id\":\"https:\/\/www.ghostysky.com\/product\/agrowing-33mp-quad\/#primaryimage\"},\"image\":{\"@id\":\"https:\/\/www.ghostysky.com\/product\/agrowing-33mp-quad\/#primaryimage\"},\"thumbnailUrl\":\"https:\/\/www.ghostysky.com\/wp-content\/uploads\/2024\/03\/GH_Agrowing-A7CR-61MP-Quad_1.jpg\",\"datePublished\":\"2024-03-11T15:22:16+00:00\",\"dateModified\":\"2024-11-16T01:04:10+00:00\",\"description\":\"The Agrowing 33MP Quad is a cutting-edge aerial imaging system designed for professional applications such as agriculture, environmental monitoring, surveying, and mapping. With its advanced quad-camera setup, this device offers high-resolution imaging capabilities, capturing stunning 33-megapixel images with exceptional clarity and detail.\",\"breadcrumb\":{\"@id\":\"https:\/\/www.ghostysky.com\/product\/agrowing-33mp-quad\/#breadcrumb\"},\"inLanguage\":\"fr-FR\",\"potentialAction\":[{\"@type\":\"ReadAction\",\"target\":[\"https:\/\/www.ghostysky.com\/product\/agrowing-33mp-quad\/\"]}]},{\"@type\":\"ImageObject\",\"inLanguage\":\"fr-FR\",\"@id\":\"https:\/\/www.ghostysky.com\/product\/agrowing-33mp-quad\/#primaryimage\",\"url\":\"https:\/\/www.ghostysky.com\/wp-content\/uploads\/2024\/03\/GH_Agrowing-A7CR-61MP-Quad_1.jpg\",\"contentUrl\":\"https:\/\/www.ghostysky.com\/wp-content\/uploads\/2024\/03\/GH_Agrowing-A7CR-61MP-Quad_1.jpg\",\"width\":1164,\"height\":693},{\"@type\":\"BreadcrumbList\",\"@id\":\"https:\/\/www.ghostysky.com\/product\/agrowing-33mp-quad\/#breadcrumb\",\"itemListElement\":[{\"@type\":\"ListItem\",\"position\":1,\"name\":\"Home\",\"item\":\"https:\/\/www.ghostysky.com\/\"},{\"@type\":\"ListItem\",\"position\":2,\"name\":\"Shop\",\"item\":\"https:\/\/www.ghostysky.com\/shop\/\"},{\"@type\":\"ListItem\",\"position\":3,\"name\":\"Agrowing 33MP Quad\"}]},{\"@type\":\"WebSite\",\"@id\":\"https:\/\/www.ghostysky.com\/#website\",\"url\":\"https:\/\/www.ghostysky.com\/\",\"name\":\"Ghostysky\",\"description\":\"Delivering professional drones and services\",\"publisher\":{\"@id\":\"https:\/\/www.ghostysky.com\/#organization\"},\"potentialAction\":[{\"@type\":\"SearchAction\",\"target\":{\"@type\":\"EntryPoint\",\"urlTemplate\":\"https:\/\/www.ghostysky.com\/?s={search_term_string}\"},\"query-input\":{\"@type\":\"PropertyValueSpecification\",\"valueRequired\":true,\"valueName\":\"search_term_string\"}}],\"inLanguage\":\"fr-FR\"},{\"@type\":\"Organization\",\"@id\":\"https:\/\/www.ghostysky.com\/#organization\",\"name\":\"Ghostysky\",\"url\":\"https:\/\/www.ghostysky.com\/\",\"logo\":{\"@type\":\"ImageObject\",\"inLanguage\":\"fr-FR\",\"@id\":\"https:\/\/www.ghostysky.com\/#\/schema\/logo\/image\/\",\"url\":\"https:\/\/www.ghostysky.com\/wp-content\/uploads\/2020\/06\/cropped-ghostyskylogo_text_white2.png\",\"contentUrl\":\"https:\/\/www.ghostysky.com\/wp-content\/uploads\/2020\/06\/cropped-ghostyskylogo_text_white2.png\",\"width\":169,\"height\":56,\"caption\":\"Ghostysky\"},\"image\":{\"@id\":\"https:\/\/www.ghostysky.com\/#\/schema\/logo\/image\/\"},\"sameAs\":[\"https:\/\/www.facebook.com\/people\/Ghostysky\/100057676170234\/\",\"https:\/\/x.com\/Gh0stysky\",\"https:\/\/www.linkedin.com\/company\/34739653\",\"https:\/\/www.instagram.com\/gh0stysky\"]}]}<\/script>\n<!-- \/ Yoast SEO plugin. -->","yoast_head_json":{"title":"Quad 33MP en croissance - Ghostysky","description":"L&#039;Agrowing 33MP Quad est un syst\u00e8me d&#039;imagerie a\u00e9rienne de pointe con\u00e7u pour des applications professionnelles telles que l&#039;agriculture, la surveillance environnementale, l&#039;arpentage et la cartographie. Gr\u00e2ce \u00e0 sa configuration avanc\u00e9e \u00e0 quatre cam\u00e9ras, cet appareil offre des capacit\u00e9s d&#039;imagerie haute r\u00e9solution, capturant de superbes images de 33 m\u00e9gapixels d&#039;une clart\u00e9 et d&#039;un niveau de d\u00e9tail exceptionnels.","robots":{"index":"index","follow":"follow","max-snippet":"max-snippet:-1","max-image-preview":"max-image-preview:large","max-video-preview":"max-video-preview:-1"},"canonical":"https:\/\/www.ghostysky.com\/fr\/product\/agrowing-33mp-quad\/","og_locale":"fr_FR","og_type":"article","og_title":"Agrowing 33MP Quad - Ghostysky","og_description":"The Agrowing 33MP Quad is a cutting-edge aerial imaging system designed for professional applications such as agriculture, environmental monitoring, surveying, and mapping. With its advanced quad-camera setup, this device offers high-resolution imaging capabilities, capturing stunning 33-megapixel images with exceptional clarity and detail.","og_url":"https:\/\/www.ghostysky.com\/fr\/product\/agrowing-33mp-quad\/","og_site_name":"Ghostysky","article_publisher":"https:\/\/www.facebook.com\/people\/Ghostysky\/100057676170234\/","article_modified_time":"2024-11-16T01:04:10+00:00","og_image":[{"width":1164,"height":693,"url":"https:\/\/www.ghostysky.com\/wp-content\/uploads\/2024\/03\/GH_Agrowing-A7CR-61MP-Quad_1.jpg","type":"image\/jpeg"}],"twitter_card":"summary_large_image","twitter_site":"@Gh0stysky","twitter_misc":{"Dur\u00e9e de lecture estim\u00e9e":"1 minute"},"schema":{"@context":"https:\/\/schema.org","@graph":[{"@type":"WebPage","@id":"https:\/\/www.ghostysky.com\/product\/agrowing-33mp-quad\/","url":"https:\/\/www.ghostysky.com\/product\/agrowing-33mp-quad\/","name":"Quad 33MP en croissance - Ghostysky","isPartOf":{"@id":"https:\/\/www.ghostysky.com\/#website"},"primaryImageOfPage":{"@id":"https:\/\/www.ghostysky.com\/product\/agrowing-33mp-quad\/#primaryimage"},"image":{"@id":"https:\/\/www.ghostysky.com\/product\/agrowing-33mp-quad\/#primaryimage"},"thumbnailUrl":"https:\/\/www.ghostysky.com\/wp-content\/uploads\/2024\/03\/GH_Agrowing-A7CR-61MP-Quad_1.jpg","datePublished":"2024-03-11T15:22:16+00:00","dateModified":"2024-11-16T01:04:10+00:00","description":"L&#039;Agrowing 33MP Quad est un syst\u00e8me d&#039;imagerie a\u00e9rienne de pointe con\u00e7u pour des applications professionnelles telles que l&#039;agriculture, la surveillance environnementale, l&#039;arpentage et la cartographie. Gr\u00e2ce \u00e0 sa configuration avanc\u00e9e \u00e0 quatre cam\u00e9ras, cet appareil offre des capacit\u00e9s d&#039;imagerie haute r\u00e9solution, capturant de superbes images de 33 m\u00e9gapixels d&#039;une clart\u00e9 et d&#039;un niveau de d\u00e9tail exceptionnels.","breadcrumb":{"@id":"https:\/\/www.ghostysky.com\/product\/agrowing-33mp-quad\/#breadcrumb"},"inLanguage":"fr-FR","potentialAction":[{"@type":"ReadAction","target":["https:\/\/www.ghostysky.com\/product\/agrowing-33mp-quad\/"]}]},{"@type":"ImageObject","inLanguage":"fr-FR","@id":"https:\/\/www.ghostysky.com\/product\/agrowing-33mp-quad\/#primaryimage","url":"https:\/\/www.ghostysky.com\/wp-content\/uploads\/2024\/03\/GH_Agrowing-A7CR-61MP-Quad_1.jpg","contentUrl":"https:\/\/www.ghostysky.com\/wp-content\/uploads\/2024\/03\/GH_Agrowing-A7CR-61MP-Quad_1.jpg","width":1164,"height":693},{"@type":"BreadcrumbList","@id":"https:\/\/www.ghostysky.com\/product\/agrowing-33mp-quad\/#breadcrumb","itemListElement":[{"@type":"ListItem","position":1,"name":"Home","item":"https:\/\/www.ghostysky.com\/"},{"@type":"ListItem","position":2,"name":"Shop","item":"https:\/\/www.ghostysky.com\/shop\/"},{"@type":"ListItem","position":3,"name":"Agrowing 33MP Quad"}]},{"@type":"WebSite","@id":"https:\/\/www.ghostysky.com\/#website","url":"https:\/\/www.ghostysky.com\/","name":"Ghostysky","description":"Livraison de drones et de services professionnels","publisher":{"@id":"https:\/\/www.ghostysky.com\/#organization"},"potentialAction":[{"@type":"SearchAction","target":{"@type":"EntryPoint","urlTemplate":"https:\/\/www.ghostysky.com\/?s={search_term_string}"},"query-input":{"@type":"PropertyValueSpecification","valueRequired":true,"valueName":"search_term_string"}}],"inLanguage":"fr-FR"},{"@type":"Organization","@id":"https:\/\/www.ghostysky.com\/#organization","name":"Ghostysky","url":"https:\/\/www.ghostysky.com\/","logo":{"@type":"ImageObject","inLanguage":"fr-FR","@id":"https:\/\/www.ghostysky.com\/#\/schema\/logo\/image\/","url":"https:\/\/www.ghostysky.com\/wp-content\/uploads\/2020\/06\/cropped-ghostyskylogo_text_white2.png","contentUrl":"https:\/\/www.ghostysky.com\/wp-content\/uploads\/2020\/06\/cropped-ghostyskylogo_text_white2.png","width":169,"height":56,"caption":"Ghostysky"},"image":{"@id":"https:\/\/www.ghostysky.com\/#\/schema\/logo\/image\/"},"sameAs":["https:\/\/www.facebook.com\/people\/Ghostysky\/100057676170234\/","https:\/\/x.com\/Gh0stysky","https:\/\/www.linkedin.com\/company\/34739653","https:\/\/www.instagram.com\/gh0stysky"]}]}},"_links":{"self":[{"href":"https:\/\/www.ghostysky.com\/fr\/wp-json\/wp\/v2\/product\/17180","targetHints":{"allow":["GET"]}}],"collection":[{"href":"https:\/\/www.ghostysky.com\/fr\/wp-json\/wp\/v2\/product"}],"about":[{"href":"https:\/\/www.ghostysky.com\/fr\/wp-json\/wp\/v2\/types\/product"}],"replies":[{"embeddable":true,"href":"https:\/\/www.ghostysky.com\/fr\/wp-json\/wp\/v2\/comments?post=17180"}],"wp:featuredmedia":[{"embeddable":true,"href":"https:\/\/www.ghostysky.com\/fr\/wp-json\/wp\/v2\/media\/17177"}],"wp:attachment":[{"href":"https:\/\/www.ghostysky.com\/fr\/wp-json\/wp\/v2\/media?parent=17180"}],"wp:term":[{"taxonomy":"product_brand","embeddable":true,"href":"https:\/\/www.ghostysky.com\/fr\/wp-json\/wp\/v2\/product_brand?post=17180"},{"taxonomy":"product_cat","embeddable":true,"href":"https:\/\/www.ghostysky.com\/fr\/wp-json\/wp\/v2\/product_cat?post=17180"},{"taxonomy":"product_tag","embeddable":true,"href":"https:\/\/www.ghostysky.com\/fr\/wp-json\/wp\/v2\/product_tag?post=17180"}],"curies":[{"name":"wp","href":"https:\/\/api.w.org\/{rel}","templated":true}]}}