{"id":17241,"date":"2024-03-15T18:40:56","date_gmt":"2024-03-15T18:40:56","guid":{"rendered":"https:\/\/www.ghostysky.com\/?post_type=product&#038;p=17241"},"modified":"2025-10-14T11:14:00","modified_gmt":"2025-10-14T11:14:00","slug":"safeair-m-300-pro","status":"publish","type":"product","link":"https:\/\/www.ghostysky.com\/fr\/product\/safeair-m-300-pro\/","title":{"rendered":"SafeAir M-300 Pro"},"content":{"rendered":"<p><strong>Caract\u00e9ristiques principales<\/strong><\/p>\n<ul data-sourcepos=\"3:1-10:0\">\n<li data-sourcepos=\"5:1-6:0\">\n<p data-sourcepos=\"5:3-5:232\"><strong>D\u00e9ploiement automatique\u00a0:<\/strong> Le syst\u00e8me est dot\u00e9 d&#039;un syst\u00e8me d&#039;armement et de d\u00e9sarmement automatique pour une s\u00e9curit\u00e9 accrue. Ainsi, le parachute se d\u00e9ploie automatiquement en cas de dysfonctionnement du drone, sans intervention de l&#039;op\u00e9rateur.<\/p>\n<\/li>\n<li data-sourcepos=\"7:1-8:0\">\n<p data-sourcepos=\"7:3-7:218\"><strong>Descente en toute s\u00e9curit\u00e9 :<\/strong> Le parachute a une vitesse de descente lente, ce qui minimise la force d&#039;impact \u00e0 l&#039;atterrissage. Cela contribue \u00e0 prot\u00e9ger le drone et sa charge utile, ainsi que les personnes et les biens au sol.<\/p>\n<\/li>\n<li data-sourcepos=\"9:1-10:0\">\n<p data-sourcepos=\"9:3-9:261\"><strong>Autres caract\u00e9ristiques :<\/strong> Le SafeAir M-300 Pro est l\u00e9ger, facile \u00e0 installer et int\u00e8gre une centrale inertielle (IMU) pour d\u00e9tecter l&#039;orientation et les mouvements du drone. Un avertisseur sonore retentit \u00e9galement lors du d\u00e9ploiement pour avertir les personnes \u00e0 proximit\u00e9.<\/p>\n<\/li>\n<\/ul>\n<p data-sourcepos=\"11:1-11:282\">Dans l\u2019ensemble, le parachute ParaZero SafeAir M-300 Pro est un outil de s\u00e9curit\u00e9 pr\u00e9cieux pour les op\u00e9rateurs qui pilotent des drones DJI M300 dans des situations o\u00f9 il existe un risque de blessure ou de dommages mat\u00e9riels en cas de crash du drone.<\/p>\n<p data-sourcepos=\"11:1-11:282\"><strong>Caract\u00e9ristiques<\/strong><\/p>\n<ul>\n<li>Conforme \u00e0 la norme ASTM F3322-18<\/li>\n<li>Documentation de test et de conformit\u00e9 ASTM incluse (pertinente pour les demandes de d\u00e9rogations, d&#039;exemptions et de permis de vol aupr\u00e8s de la CAA)<\/li>\n<li>Armement et d\u00e9sarmement automatiques ajout\u00e9s pour une s\u00e9curit\u00e9 accrue, le syst\u00e8me fonctionne de mani\u00e8re transparente sans aucune action de l&#039;op\u00e9rateur<\/li>\n<li>Installation et int\u00e9gration plug-and-play faciles en 15 minutes<\/li>\n<li>D\u00e9clenchement automatique et manuel du parachute<\/li>\n<li>T\u00e9l\u00e9commande \u00e0 d\u00e9ploiement manuel incluse<\/li>\n<li>Avertissement sonore pour les personnes au sol<\/li>\n<li>Acc\u00e9der aux journaux de donn\u00e9es depuis la bo\u00eete noire<\/li>\n<li>Comprend tous les composants de montage et d&#039;installation n\u00e9cessaires<\/li>\n<li>Syst\u00e8me de qualit\u00e9 industrielle avec un niveau de fiabilit\u00e9 comparable \u00e0 celui de l&#039;aviation commerciale<\/li>\n<li>Connexion USB-C<\/li>\n<li>Batterie lithium-ion rechargeable de 4 heures<\/li>\n<\/ul>","protected":false},"excerpt":{"rendered":"<p data-sourcepos=\"1:1-1:172\">Le parachute ParaZero SafeAir M-300 Pro est un syst\u00e8me de s\u00e9curit\u00e9 con\u00e7u pour ramener un drone DJI M300 au sol en toute s\u00e9curit\u00e9 en cas d&#039;urgence. Il est conforme \u00e0 la r\u00e9glementation MOC Light-UAS.2511 de l&#039;AESA (Agence europ\u00e9enne de la s\u00e9curit\u00e9 a\u00e9rienne), ce qui signifie qu&#039;il r\u00e9pond aux normes de s\u00e9curit\u00e9 des drones l\u00e9gers jusqu&#039;\u00e0 25 kg (55 lb). Il est \u00e9galement conforme \u00e0 la norme ASTM F3322-18 pour les parachutes utilis\u00e9s sur les mod\u00e8les r\u00e9duits d&#039;avions.<\/p>","protected":false},"featured_media":17239,"comment_status":"open","ping_status":"closed","template":"","meta":[],"product_brand":[],"product_cat":[461,729],"product_tag":[733,730,731],"class_list":{"0":"post-17241","1":"product","2":"type-product","3":"status-publish","4":"has-post-thumbnail","6":"product_cat-accessories-2","7":"product_cat-parazero-parachutes","8":"product_tag-m-300-pro","9":"product_tag-parazero","10":"product_tag-safeair","12":"first","13":"onbackorder","14":"taxable","15":"shipping-taxable","16":"product-type-simple"},"yoast_head":"<!-- This site is optimized with the Yoast SEO plugin v27.1.1 - https:\/\/yoast.com\/product\/yoast-seo-wordpress\/ -->\n<title>SafeAir M-300 Pro - Ghostysky<\/title>\n<meta name=\"description\" content=\"The ParaZero SafeAir M-300 Pro parachute is a drone safety system designed to bring a DJI M300 drone safely to the ground in case of an emergency. It is compliant with EASA (European Union Aviation Safety Agency) regulation MOC Light-UAS.2511, meaning it meets safety standards for Light-UAS (Unmanned Aerial Systems) up to 25 kg (55 lb). It is also ASTM F3322-18 compliant, which is the standard for parachutes used on model aircraft.\" \/>\n<meta name=\"robots\" content=\"index, follow, max-snippet:-1, max-image-preview:large, max-video-preview:-1\" \/>\n<link rel=\"canonical\" href=\"https:\/\/www.ghostysky.com\/fr\/product\/safeair-m-300-pro\/\" \/>\n<meta property=\"og:locale\" content=\"fr_FR\" \/>\n<meta property=\"og:type\" content=\"article\" \/>\n<meta property=\"og:title\" content=\"SafeAir M-300 Pro - Ghostysky\" \/>\n<meta property=\"og:description\" content=\"The ParaZero SafeAir M-300 Pro parachute is a drone safety system designed to bring a DJI M300 drone safely to the ground in case of an emergency. It is compliant with EASA (European Union Aviation Safety Agency) regulation MOC Light-UAS.2511, meaning it meets safety standards for Light-UAS (Unmanned Aerial Systems) up to 25 kg (55 lb). It is also ASTM F3322-18 compliant, which is the standard for parachutes used on model aircraft.\" \/>\n<meta property=\"og:url\" content=\"https:\/\/www.ghostysky.com\/fr\/product\/safeair-m-300-pro\/\" \/>\n<meta property=\"og:site_name\" content=\"Ghostysky\" \/>\n<meta property=\"article:publisher\" content=\"https:\/\/www.facebook.com\/people\/Ghostysky\/100057676170234\/\" \/>\n<meta property=\"article:modified_time\" content=\"2025-10-14T11:14:00+00:00\" \/>\n<meta property=\"og:image\" content=\"https:\/\/www.ghostysky.com\/wp-content\/uploads\/2024\/03\/GH_PArazero_M300.jpg\" \/>\n\t<meta property=\"og:image:width\" content=\"350\" \/>\n\t<meta property=\"og:image:height\" content=\"350\" \/>\n\t<meta property=\"og:image:type\" content=\"image\/jpeg\" \/>\n<meta name=\"twitter:card\" content=\"summary_large_image\" \/>\n<meta name=\"twitter:site\" content=\"@Gh0stysky\" \/>\n<meta name=\"twitter:label1\" content=\"Dur\u00e9e de lecture estim\u00e9e\" \/>\n\t<meta name=\"twitter:data1\" content=\"2 minutes\" \/>\n<script type=\"application\/ld+json\" class=\"yoast-schema-graph\">{\"@context\":\"https:\/\/schema.org\",\"@graph\":[{\"@type\":\"WebPage\",\"@id\":\"https:\/\/www.ghostysky.com\/product\/safeair-m-300-pro\/\",\"url\":\"https:\/\/www.ghostysky.com\/product\/safeair-m-300-pro\/\",\"name\":\"SafeAir M-300 Pro - Ghostysky\",\"isPartOf\":{\"@id\":\"https:\/\/www.ghostysky.com\/#website\"},\"primaryImageOfPage\":{\"@id\":\"https:\/\/www.ghostysky.com\/product\/safeair-m-300-pro\/#primaryimage\"},\"image\":{\"@id\":\"https:\/\/www.ghostysky.com\/product\/safeair-m-300-pro\/#primaryimage\"},\"thumbnailUrl\":\"https:\/\/www.ghostysky.com\/wp-content\/uploads\/2024\/03\/GH_PArazero_M300.jpg\",\"datePublished\":\"2024-03-15T18:40:56+00:00\",\"dateModified\":\"2025-10-14T11:14:00+00:00\",\"description\":\"The ParaZero SafeAir M-300 Pro parachute is a drone safety system designed to bring a DJI M300 drone safely to the ground in case of an emergency. It is compliant with EASA (European Union Aviation Safety Agency) regulation MOC Light-UAS.2511, meaning it meets safety standards for Light-UAS (Unmanned Aerial Systems) up to 25 kg (55 lb). It is also ASTM F3322-18 compliant, which is the standard for parachutes used on model aircraft.\",\"breadcrumb\":{\"@id\":\"https:\/\/www.ghostysky.com\/product\/safeair-m-300-pro\/#breadcrumb\"},\"inLanguage\":\"fr-FR\",\"potentialAction\":[{\"@type\":\"ReadAction\",\"target\":[\"https:\/\/www.ghostysky.com\/product\/safeair-m-300-pro\/\"]}]},{\"@type\":\"ImageObject\",\"inLanguage\":\"fr-FR\",\"@id\":\"https:\/\/www.ghostysky.com\/product\/safeair-m-300-pro\/#primaryimage\",\"url\":\"https:\/\/www.ghostysky.com\/wp-content\/uploads\/2024\/03\/GH_PArazero_M300.jpg\",\"contentUrl\":\"https:\/\/www.ghostysky.com\/wp-content\/uploads\/2024\/03\/GH_PArazero_M300.jpg\",\"width\":350,\"height\":350},{\"@type\":\"BreadcrumbList\",\"@id\":\"https:\/\/www.ghostysky.com\/product\/safeair-m-300-pro\/#breadcrumb\",\"itemListElement\":[{\"@type\":\"ListItem\",\"position\":1,\"name\":\"Home\",\"item\":\"https:\/\/www.ghostysky.com\/\"},{\"@type\":\"ListItem\",\"position\":2,\"name\":\"Shop\",\"item\":\"https:\/\/www.ghostysky.com\/shop\/\"},{\"@type\":\"ListItem\",\"position\":3,\"name\":\"SafeAir M-300 Pro\"}]},{\"@type\":\"WebSite\",\"@id\":\"https:\/\/www.ghostysky.com\/#website\",\"url\":\"https:\/\/www.ghostysky.com\/\",\"name\":\"Ghostysky\",\"description\":\"Delivering professional drones and services\",\"publisher\":{\"@id\":\"https:\/\/www.ghostysky.com\/#organization\"},\"potentialAction\":[{\"@type\":\"SearchAction\",\"target\":{\"@type\":\"EntryPoint\",\"urlTemplate\":\"https:\/\/www.ghostysky.com\/?s={search_term_string}\"},\"query-input\":{\"@type\":\"PropertyValueSpecification\",\"valueRequired\":true,\"valueName\":\"search_term_string\"}}],\"inLanguage\":\"fr-FR\"},{\"@type\":\"Organization\",\"@id\":\"https:\/\/www.ghostysky.com\/#organization\",\"name\":\"Ghostysky\",\"url\":\"https:\/\/www.ghostysky.com\/\",\"logo\":{\"@type\":\"ImageObject\",\"inLanguage\":\"fr-FR\",\"@id\":\"https:\/\/www.ghostysky.com\/#\/schema\/logo\/image\/\",\"url\":\"https:\/\/www.ghostysky.com\/wp-content\/uploads\/2020\/06\/cropped-ghostyskylogo_text_white2.png\",\"contentUrl\":\"https:\/\/www.ghostysky.com\/wp-content\/uploads\/2020\/06\/cropped-ghostyskylogo_text_white2.png\",\"width\":169,\"height\":56,\"caption\":\"Ghostysky\"},\"image\":{\"@id\":\"https:\/\/www.ghostysky.com\/#\/schema\/logo\/image\/\"},\"sameAs\":[\"https:\/\/www.facebook.com\/people\/Ghostysky\/100057676170234\/\",\"https:\/\/x.com\/Gh0stysky\",\"https:\/\/www.linkedin.com\/company\/34739653\",\"https:\/\/www.instagram.com\/gh0stysky\"]}]}<\/script>\n<!-- \/ Yoast SEO plugin. -->","yoast_head_json":{"title":"SafeAir M-300 Pro - Ghostysky","description":"Le parachute ParaZero SafeAir M-300 Pro est un syst\u00e8me de s\u00e9curit\u00e9 con\u00e7u pour ramener un drone DJI M300 au sol en toute s\u00e9curit\u00e9 en cas d&#039;urgence. Il est conforme \u00e0 la r\u00e9glementation MOC Light-UAS.2511 de l&#039;AESA (Agence europ\u00e9enne de la s\u00e9curit\u00e9 a\u00e9rienne), ce qui signifie qu&#039;il r\u00e9pond aux normes de s\u00e9curit\u00e9 des drones l\u00e9gers jusqu&#039;\u00e0 25 kg (55 lb). Il est \u00e9galement conforme \u00e0 la norme ASTM F3322-18 pour les parachutes utilis\u00e9s sur les mod\u00e8les r\u00e9duits d&#039;avions.","robots":{"index":"index","follow":"follow","max-snippet":"max-snippet:-1","max-image-preview":"max-image-preview:large","max-video-preview":"max-video-preview:-1"},"canonical":"https:\/\/www.ghostysky.com\/fr\/product\/safeair-m-300-pro\/","og_locale":"fr_FR","og_type":"article","og_title":"SafeAir M-300 Pro - Ghostysky","og_description":"The ParaZero SafeAir M-300 Pro parachute is a drone safety system designed to bring a DJI M300 drone safely to the ground in case of an emergency. It is compliant with EASA (European Union Aviation Safety Agency) regulation MOC Light-UAS.2511, meaning it meets safety standards for Light-UAS (Unmanned Aerial Systems) up to 25 kg (55 lb). It is also ASTM F3322-18 compliant, which is the standard for parachutes used on model aircraft.","og_url":"https:\/\/www.ghostysky.com\/fr\/product\/safeair-m-300-pro\/","og_site_name":"Ghostysky","article_publisher":"https:\/\/www.facebook.com\/people\/Ghostysky\/100057676170234\/","article_modified_time":"2025-10-14T11:14:00+00:00","og_image":[{"width":350,"height":350,"url":"https:\/\/www.ghostysky.com\/wp-content\/uploads\/2024\/03\/GH_PArazero_M300.jpg","type":"image\/jpeg"}],"twitter_card":"summary_large_image","twitter_site":"@Gh0stysky","twitter_misc":{"Dur\u00e9e de lecture estim\u00e9e":"2 minutes"},"schema":{"@context":"https:\/\/schema.org","@graph":[{"@type":"WebPage","@id":"https:\/\/www.ghostysky.com\/product\/safeair-m-300-pro\/","url":"https:\/\/www.ghostysky.com\/product\/safeair-m-300-pro\/","name":"SafeAir M-300 Pro - Ghostysky","isPartOf":{"@id":"https:\/\/www.ghostysky.com\/#website"},"primaryImageOfPage":{"@id":"https:\/\/www.ghostysky.com\/product\/safeair-m-300-pro\/#primaryimage"},"image":{"@id":"https:\/\/www.ghostysky.com\/product\/safeair-m-300-pro\/#primaryimage"},"thumbnailUrl":"https:\/\/www.ghostysky.com\/wp-content\/uploads\/2024\/03\/GH_PArazero_M300.jpg","datePublished":"2024-03-15T18:40:56+00:00","dateModified":"2025-10-14T11:14:00+00:00","description":"Le parachute ParaZero SafeAir M-300 Pro est un syst\u00e8me de s\u00e9curit\u00e9 con\u00e7u pour ramener un drone DJI M300 au sol en toute s\u00e9curit\u00e9 en cas d&#039;urgence. Il est conforme \u00e0 la r\u00e9glementation MOC Light-UAS.2511 de l&#039;AESA (Agence europ\u00e9enne de la s\u00e9curit\u00e9 a\u00e9rienne), ce qui signifie qu&#039;il r\u00e9pond aux normes de s\u00e9curit\u00e9 des drones l\u00e9gers jusqu&#039;\u00e0 25 kg (55 lb). Il est \u00e9galement conforme \u00e0 la norme ASTM F3322-18 pour les parachutes utilis\u00e9s sur les mod\u00e8les r\u00e9duits d&#039;avions.","breadcrumb":{"@id":"https:\/\/www.ghostysky.com\/product\/safeair-m-300-pro\/#breadcrumb"},"inLanguage":"fr-FR","potentialAction":[{"@type":"ReadAction","target":["https:\/\/www.ghostysky.com\/product\/safeair-m-300-pro\/"]}]},{"@type":"ImageObject","inLanguage":"fr-FR","@id":"https:\/\/www.ghostysky.com\/product\/safeair-m-300-pro\/#primaryimage","url":"https:\/\/www.ghostysky.com\/wp-content\/uploads\/2024\/03\/GH_PArazero_M300.jpg","contentUrl":"https:\/\/www.ghostysky.com\/wp-content\/uploads\/2024\/03\/GH_PArazero_M300.jpg","width":350,"height":350},{"@type":"BreadcrumbList","@id":"https:\/\/www.ghostysky.com\/product\/safeair-m-300-pro\/#breadcrumb","itemListElement":[{"@type":"ListItem","position":1,"name":"Home","item":"https:\/\/www.ghostysky.com\/"},{"@type":"ListItem","position":2,"name":"Shop","item":"https:\/\/www.ghostysky.com\/shop\/"},{"@type":"ListItem","position":3,"name":"SafeAir M-300 Pro"}]},{"@type":"WebSite","@id":"https:\/\/www.ghostysky.com\/#website","url":"https:\/\/www.ghostysky.com\/","name":"Ghostysky","description":"Livraison de drones et de services professionnels","publisher":{"@id":"https:\/\/www.ghostysky.com\/#organization"},"potentialAction":[{"@type":"SearchAction","target":{"@type":"EntryPoint","urlTemplate":"https:\/\/www.ghostysky.com\/?s={search_term_string}"},"query-input":{"@type":"PropertyValueSpecification","valueRequired":true,"valueName":"search_term_string"}}],"inLanguage":"fr-FR"},{"@type":"Organization","@id":"https:\/\/www.ghostysky.com\/#organization","name":"Ghostysky","url":"https:\/\/www.ghostysky.com\/","logo":{"@type":"ImageObject","inLanguage":"fr-FR","@id":"https:\/\/www.ghostysky.com\/#\/schema\/logo\/image\/","url":"https:\/\/www.ghostysky.com\/wp-content\/uploads\/2020\/06\/cropped-ghostyskylogo_text_white2.png","contentUrl":"https:\/\/www.ghostysky.com\/wp-content\/uploads\/2020\/06\/cropped-ghostyskylogo_text_white2.png","width":169,"height":56,"caption":"Ghostysky"},"image":{"@id":"https:\/\/www.ghostysky.com\/#\/schema\/logo\/image\/"},"sameAs":["https:\/\/www.facebook.com\/people\/Ghostysky\/100057676170234\/","https:\/\/x.com\/Gh0stysky","https:\/\/www.linkedin.com\/company\/34739653","https:\/\/www.instagram.com\/gh0stysky"]}]}},"_links":{"self":[{"href":"https:\/\/www.ghostysky.com\/fr\/wp-json\/wp\/v2\/product\/17241","targetHints":{"allow":["GET"]}}],"collection":[{"href":"https:\/\/www.ghostysky.com\/fr\/wp-json\/wp\/v2\/product"}],"about":[{"href":"https:\/\/www.ghostysky.com\/fr\/wp-json\/wp\/v2\/types\/product"}],"replies":[{"embeddable":true,"href":"https:\/\/www.ghostysky.com\/fr\/wp-json\/wp\/v2\/comments?post=17241"}],"wp:featuredmedia":[{"embeddable":true,"href":"https:\/\/www.ghostysky.com\/fr\/wp-json\/wp\/v2\/media\/17239"}],"wp:attachment":[{"href":"https:\/\/www.ghostysky.com\/fr\/wp-json\/wp\/v2\/media?parent=17241"}],"wp:term":[{"taxonomy":"product_brand","embeddable":true,"href":"https:\/\/www.ghostysky.com\/fr\/wp-json\/wp\/v2\/product_brand?post=17241"},{"taxonomy":"product_cat","embeddable":true,"href":"https:\/\/www.ghostysky.com\/fr\/wp-json\/wp\/v2\/product_cat?post=17241"},{"taxonomy":"product_tag","embeddable":true,"href":"https:\/\/www.ghostysky.com\/fr\/wp-json\/wp\/v2\/product_tag?post=17241"}],"curies":[{"name":"wp","href":"https:\/\/api.w.org\/{rel}","templated":true}]}}