{"id":17246,"date":"2024-03-15T18:51:28","date_gmt":"2024-03-15T18:51:28","guid":{"rendered":"https:\/\/www.ghostysky.com\/?post_type=product&#038;p=17246"},"modified":"2025-10-14T11:12:58","modified_gmt":"2025-10-14T11:12:58","slug":"safeair-mavic-3-with-manual-deployment-rc","status":"publish","type":"product","link":"https:\/\/www.ghostysky.com\/fr\/product\/safeair-mavic-3-with-manual-deployment-rc\/","title":{"rendered":"SafeAir Mavic 3 avec t\u00e9l\u00e9commande \u00e0 d\u00e9ploiement manuel"},"content":{"rendered":"<p data-sourcepos=\"3:1-3:20\"><strong>Caract\u00e9ristiques de s\u00e9curit\u00e9 :<\/strong><\/p>\n<ul data-sourcepos=\"5:1-9:0\">\n<li data-sourcepos=\"5:1-5:112\"><strong>Syst\u00e8me de d\u00e9clenchement autonome (ATS) :<\/strong>\u00a0D\u00e9ploie automatiquement le parachute en cas de panne critique du drone.<\/li>\n<li data-sourcepos=\"6:1-6:141\"><strong>Syst\u00e8me de terminaison de vol ind\u00e9pendant (FTS) :<\/strong>\u00a0Coupe l&#039;alimentation des rotors lors du d\u00e9ploiement du parachute pour \u00e9viter tout enchev\u00eatrement et toute blessure.<\/li>\n<li data-sourcepos=\"7:1-7:129\"><strong>Protection contre le d\u00e9ploiement balistique \u00e0 basse altitude :<\/strong>\u00a0Con\u00e7u pour fonctionner m\u00eame si le parachute doit se d\u00e9ployer \u00e0 basse altitude.<\/li>\n<li data-sourcepos=\"8:1-9:0\"><strong>D\u00e9ploiement manuel RC\/R\u00e9cepteur\u00a0:<\/strong>\u00a0Permet de d\u00e9clencher manuellement le d\u00e9ploiement du parachute \u00e0 l&#039;aide d&#039;une t\u00e9l\u00e9commande.<\/li>\n<\/ul>\n<p><strong>Principales caract\u00e9ristiques du produit\u00a0:<\/strong><\/p>\n<ul>\n<li>Syst\u00e8me de d\u00e9clenchement autonome (ATS)<\/li>\n<li>Syst\u00e8me de terminaison de vol ind\u00e9pendant (FTS)<\/li>\n<li>Capacit\u00e9s \u00e0 basse altitude<\/li>\n<li>Installation plug-and-play facile en 3 \u00e0 5 minutes<\/li>\n<li>Con\u00e7u pour r\u00e9pondre aux r\u00e9glementations mondiales bas\u00e9es sur les performances pour les op\u00e9rations avanc\u00e9es<\/li>\n<li>Batterie ind\u00e9pendante de 4 heures<\/li>\n<li>Dispositif de d\u00e9clenchement manuel (MTD) via ParaZero RC (868 MHz ou 915 MHz, selon la r\u00e9gion)<\/li>\n<li>Avertisseur sonore int\u00e9gr\u00e9 + r\u00e9cepteur RC<\/li>\n<li>Panneaux de danger<\/li>\n<\/ul>\n<p>&nbsp;<\/p>\n<p><strong>Donn\u00e9es techniques<\/strong><\/p>\n<ul>\n<li><strong>Poids total<\/strong>: 185 grammes\/ 0,41 lb<\/li>\n<li><strong>Altitude minimale de s\u00e9curit\u00e9<\/strong>: 19,11 m\u00e8tres\/62,7 pieds<\/li>\n<\/ul>\n<h3><\/h3>\n<h3>SafeAir Mavic 3<\/h3>\n<div>\n<ul>\n<li>Compatible avec la s\u00e9rie DJI Mavic 3, \u00e0 l&#039;exclusion des accessoires de fixation vers le haut (haut-parleur, module RTK)<\/li>\n<li>Installation et int\u00e9gration plug-and-play faciles en 5 minutes<\/li>\n<li>D\u00e9clenchement automatique des mesures de s\u00e9curit\u00e9 en cas d&#039;urgence ou de chute libre<\/li>\n<li>Syst\u00e8me non pyrotechnique \u2013 s\u00fbr pour les bagages enregistr\u00e9s sur les compagnies a\u00e9riennes commerciales<\/li>\n<li>Acc\u00e9der aux journaux de donn\u00e9es de l&#039;enregistreur de donn\u00e9es via l&#039;application de bureau<\/li>\n<li>Comprend tous les composants de montage et d&#039;installation n\u00e9cessaires<\/li>\n<li>Syst\u00e8me de qualit\u00e9 industrielle avec le niveau de fiabilit\u00e9 que l&#039;on retrouve dans les syst\u00e8mes d&#039;aviation commerciale<\/li>\n<\/ul>\n<\/div>","protected":false},"excerpt":{"rendered":"<p>Le parachute RC ParaZero SafeAir Mavic 3 \u00e0 d\u00e9ploiement manuel est un syst\u00e8me de s\u00e9curit\u00e9 con\u00e7u pour le drone DJI Mavic 3.<\/p>\n<ul data-sourcepos=\"12:1-14:0\">\n<li data-sourcepos=\"12:1-12:79\"><strong>Installation facile :<\/strong>\u00a0Annonc\u00e9 comme \u00e9tant facile \u00e0 installer en 10 minutes.<\/li>\n<li data-sourcepos=\"13:1-14:0\"><strong>Conforme \u00e0 la norme MOC 2511 :<\/strong>\u00a0Conforme \u00e0 la norme de cat\u00e9gorie d&#039;occurrence obligatoire (MOC) 2511 de l&#039;Union europ\u00e9enne pour la s\u00e9curit\u00e9 des drones.<\/li>\n<\/ul>","protected":false},"featured_media":17237,"comment_status":"open","ping_status":"closed","template":"","meta":[],"product_brand":[],"product_cat":[461,729],"product_tag":[736,735,730,731],"class_list":{"0":"post-17246","1":"product","2":"type-product","3":"status-publish","4":"has-post-thumbnail","6":"product_cat-accessories-2","7":"product_cat-parazero-parachutes","8":"product_tag-manual-deployment-rc","9":"product_tag-mavic-3","10":"product_tag-parazero","11":"product_tag-safeair","13":"first","14":"onbackorder","15":"taxable","16":"shipping-taxable","17":"product-type-simple"},"yoast_head":"<!-- This site is optimized with the Yoast SEO plugin v27.1.1 - https:\/\/yoast.com\/product\/yoast-seo-wordpress\/ -->\n<title>SafeAir Mavic 3 with Manual Deployment RC - Ghostysky<\/title>\n<meta name=\"description\" content=\"The ParaZero SafeAir Mavic 3 with Manual Deployment RC parachute is a safety system designed for the DJI Mavic 3 drone.Easy installation:\u00a0Advertised as being easy to install within 10 minutes.MOC 2511 compliant:\u00a0Meets the European Union&#039;s Mandatory Occurrence Category (MOC) 2511 standard for drone safety.\" \/>\n<meta name=\"robots\" content=\"index, follow, max-snippet:-1, max-image-preview:large, max-video-preview:-1\" \/>\n<link rel=\"canonical\" href=\"https:\/\/www.ghostysky.com\/fr\/product\/safeair-mavic-3-with-manual-deployment-rc\/\" \/>\n<meta property=\"og:locale\" content=\"fr_FR\" \/>\n<meta property=\"og:type\" content=\"article\" \/>\n<meta property=\"og:title\" content=\"SafeAir Mavic 3 with Manual Deployment RC - Ghostysky\" \/>\n<meta property=\"og:description\" content=\"The ParaZero SafeAir Mavic 3 with Manual Deployment RC parachute is a safety system designed for the DJI Mavic 3 drone.Easy installation:\u00a0Advertised as being easy to install within 10 minutes.MOC 2511 compliant:\u00a0Meets the European Union&#039;s Mandatory Occurrence Category (MOC) 2511 standard for drone safety.\" \/>\n<meta property=\"og:url\" content=\"https:\/\/www.ghostysky.com\/fr\/product\/safeair-mavic-3-with-manual-deployment-rc\/\" \/>\n<meta property=\"og:site_name\" content=\"Ghostysky\" \/>\n<meta property=\"article:publisher\" content=\"https:\/\/www.facebook.com\/people\/Ghostysky\/100057676170234\/\" \/>\n<meta property=\"article:modified_time\" content=\"2025-10-14T11:12:58+00:00\" \/>\n<meta property=\"og:image\" content=\"https:\/\/www.ghostysky.com\/wp-content\/uploads\/2024\/03\/GH_PArazero_Mavic3.jpg\" \/>\n\t<meta property=\"og:image:width\" content=\"350\" \/>\n\t<meta property=\"og:image:height\" content=\"350\" \/>\n\t<meta property=\"og:image:type\" content=\"image\/jpeg\" \/>\n<meta name=\"twitter:card\" content=\"summary_large_image\" \/>\n<meta name=\"twitter:site\" content=\"@Gh0stysky\" \/>\n<meta name=\"twitter:label1\" content=\"Dur\u00e9e de lecture estim\u00e9e\" \/>\n\t<meta name=\"twitter:data1\" content=\"2 minutes\" \/>\n<script type=\"application\/ld+json\" class=\"yoast-schema-graph\">{\"@context\":\"https:\/\/schema.org\",\"@graph\":[{\"@type\":\"WebPage\",\"@id\":\"https:\/\/www.ghostysky.com\/product\/safeair-mavic-3-with-manual-deployment-rc\/\",\"url\":\"https:\/\/www.ghostysky.com\/product\/safeair-mavic-3-with-manual-deployment-rc\/\",\"name\":\"SafeAir Mavic 3 with Manual Deployment RC - Ghostysky\",\"isPartOf\":{\"@id\":\"https:\/\/www.ghostysky.com\/#website\"},\"primaryImageOfPage\":{\"@id\":\"https:\/\/www.ghostysky.com\/product\/safeair-mavic-3-with-manual-deployment-rc\/#primaryimage\"},\"image\":{\"@id\":\"https:\/\/www.ghostysky.com\/product\/safeair-mavic-3-with-manual-deployment-rc\/#primaryimage\"},\"thumbnailUrl\":\"https:\/\/www.ghostysky.com\/wp-content\/uploads\/2024\/03\/GH_PArazero_Mavic3.jpg\",\"datePublished\":\"2024-03-15T18:51:28+00:00\",\"dateModified\":\"2025-10-14T11:12:58+00:00\",\"description\":\"The ParaZero SafeAir Mavic 3 with Manual Deployment RC parachute is a safety system designed for the DJI Mavic 3 drone.Easy installation:\u00a0Advertised as being easy to install within 10 minutes.MOC 2511 compliant:\u00a0Meets the European Union's Mandatory Occurrence Category (MOC) 2511 standard for drone safety.\",\"breadcrumb\":{\"@id\":\"https:\/\/www.ghostysky.com\/product\/safeair-mavic-3-with-manual-deployment-rc\/#breadcrumb\"},\"inLanguage\":\"fr-FR\",\"potentialAction\":[{\"@type\":\"ReadAction\",\"target\":[\"https:\/\/www.ghostysky.com\/product\/safeair-mavic-3-with-manual-deployment-rc\/\"]}]},{\"@type\":\"ImageObject\",\"inLanguage\":\"fr-FR\",\"@id\":\"https:\/\/www.ghostysky.com\/product\/safeair-mavic-3-with-manual-deployment-rc\/#primaryimage\",\"url\":\"https:\/\/www.ghostysky.com\/wp-content\/uploads\/2024\/03\/GH_PArazero_Mavic3.jpg\",\"contentUrl\":\"https:\/\/www.ghostysky.com\/wp-content\/uploads\/2024\/03\/GH_PArazero_Mavic3.jpg\",\"width\":350,\"height\":350},{\"@type\":\"BreadcrumbList\",\"@id\":\"https:\/\/www.ghostysky.com\/product\/safeair-mavic-3-with-manual-deployment-rc\/#breadcrumb\",\"itemListElement\":[{\"@type\":\"ListItem\",\"position\":1,\"name\":\"Home\",\"item\":\"https:\/\/www.ghostysky.com\/\"},{\"@type\":\"ListItem\",\"position\":2,\"name\":\"Shop\",\"item\":\"https:\/\/www.ghostysky.com\/shop\/\"},{\"@type\":\"ListItem\",\"position\":3,\"name\":\"SafeAir Mavic 3 with Manual Deployment RC\"}]},{\"@type\":\"WebSite\",\"@id\":\"https:\/\/www.ghostysky.com\/#website\",\"url\":\"https:\/\/www.ghostysky.com\/\",\"name\":\"Ghostysky\",\"description\":\"Delivering professional drones and services\",\"publisher\":{\"@id\":\"https:\/\/www.ghostysky.com\/#organization\"},\"potentialAction\":[{\"@type\":\"SearchAction\",\"target\":{\"@type\":\"EntryPoint\",\"urlTemplate\":\"https:\/\/www.ghostysky.com\/?s={search_term_string}\"},\"query-input\":{\"@type\":\"PropertyValueSpecification\",\"valueRequired\":true,\"valueName\":\"search_term_string\"}}],\"inLanguage\":\"fr-FR\"},{\"@type\":\"Organization\",\"@id\":\"https:\/\/www.ghostysky.com\/#organization\",\"name\":\"Ghostysky\",\"url\":\"https:\/\/www.ghostysky.com\/\",\"logo\":{\"@type\":\"ImageObject\",\"inLanguage\":\"fr-FR\",\"@id\":\"https:\/\/www.ghostysky.com\/#\/schema\/logo\/image\/\",\"url\":\"https:\/\/www.ghostysky.com\/wp-content\/uploads\/2020\/06\/cropped-ghostyskylogo_text_white2.png\",\"contentUrl\":\"https:\/\/www.ghostysky.com\/wp-content\/uploads\/2020\/06\/cropped-ghostyskylogo_text_white2.png\",\"width\":169,\"height\":56,\"caption\":\"Ghostysky\"},\"image\":{\"@id\":\"https:\/\/www.ghostysky.com\/#\/schema\/logo\/image\/\"},\"sameAs\":[\"https:\/\/www.facebook.com\/people\/Ghostysky\/100057676170234\/\",\"https:\/\/x.com\/Gh0stysky\",\"https:\/\/www.linkedin.com\/company\/34739653\",\"https:\/\/www.instagram.com\/gh0stysky\"]}]}<\/script>\n<!-- \/ Yoast SEO plugin. -->","yoast_head_json":{"title":"SafeAir Mavic 3 avec t\u00e9l\u00e9commande \u00e0 d\u00e9ploiement manuel - Ghostysky","description":"Le parachute RC ParaZero SafeAir Mavic 3 \u00e0 d\u00e9ploiement manuel est un syst\u00e8me de s\u00e9curit\u00e9 con\u00e7u pour le drone DJI Mavic 3.Installation facile : annonc\u00e9 comme \u00e9tant facile \u00e0 installer en 10 minutes.Conforme \u00e0 la norme MOC 2511 : conforme \u00e0 la norme MOC 2511 de l&#039;Union europ\u00e9enne pour la s\u00e9curit\u00e9 des drones.","robots":{"index":"index","follow":"follow","max-snippet":"max-snippet:-1","max-image-preview":"max-image-preview:large","max-video-preview":"max-video-preview:-1"},"canonical":"https:\/\/www.ghostysky.com\/fr\/product\/safeair-mavic-3-with-manual-deployment-rc\/","og_locale":"fr_FR","og_type":"article","og_title":"SafeAir Mavic 3 with Manual Deployment RC - Ghostysky","og_description":"The ParaZero SafeAir Mavic 3 with Manual Deployment RC parachute is a safety system designed for the DJI Mavic 3 drone.Easy installation:\u00a0Advertised as being easy to install within 10 minutes.MOC 2511 compliant:\u00a0Meets the European Union's Mandatory Occurrence Category (MOC) 2511 standard for drone safety.","og_url":"https:\/\/www.ghostysky.com\/fr\/product\/safeair-mavic-3-with-manual-deployment-rc\/","og_site_name":"Ghostysky","article_publisher":"https:\/\/www.facebook.com\/people\/Ghostysky\/100057676170234\/","article_modified_time":"2025-10-14T11:12:58+00:00","og_image":[{"width":350,"height":350,"url":"https:\/\/www.ghostysky.com\/wp-content\/uploads\/2024\/03\/GH_PArazero_Mavic3.jpg","type":"image\/jpeg"}],"twitter_card":"summary_large_image","twitter_site":"@Gh0stysky","twitter_misc":{"Dur\u00e9e de lecture estim\u00e9e":"2 minutes"},"schema":{"@context":"https:\/\/schema.org","@graph":[{"@type":"WebPage","@id":"https:\/\/www.ghostysky.com\/product\/safeair-mavic-3-with-manual-deployment-rc\/","url":"https:\/\/www.ghostysky.com\/product\/safeair-mavic-3-with-manual-deployment-rc\/","name":"SafeAir Mavic 3 avec t\u00e9l\u00e9commande \u00e0 d\u00e9ploiement manuel - Ghostysky","isPartOf":{"@id":"https:\/\/www.ghostysky.com\/#website"},"primaryImageOfPage":{"@id":"https:\/\/www.ghostysky.com\/product\/safeair-mavic-3-with-manual-deployment-rc\/#primaryimage"},"image":{"@id":"https:\/\/www.ghostysky.com\/product\/safeair-mavic-3-with-manual-deployment-rc\/#primaryimage"},"thumbnailUrl":"https:\/\/www.ghostysky.com\/wp-content\/uploads\/2024\/03\/GH_PArazero_Mavic3.jpg","datePublished":"2024-03-15T18:51:28+00:00","dateModified":"2025-10-14T11:12:58+00:00","description":"Le parachute RC ParaZero SafeAir Mavic 3 \u00e0 d\u00e9ploiement manuel est un syst\u00e8me de s\u00e9curit\u00e9 con\u00e7u pour le drone DJI Mavic 3.Installation facile : annonc\u00e9 comme \u00e9tant facile \u00e0 installer en 10 minutes.Conforme \u00e0 la norme MOC 2511 : conforme \u00e0 la norme MOC 2511 de l&#039;Union europ\u00e9enne pour la s\u00e9curit\u00e9 des drones.","breadcrumb":{"@id":"https:\/\/www.ghostysky.com\/product\/safeair-mavic-3-with-manual-deployment-rc\/#breadcrumb"},"inLanguage":"fr-FR","potentialAction":[{"@type":"ReadAction","target":["https:\/\/www.ghostysky.com\/product\/safeair-mavic-3-with-manual-deployment-rc\/"]}]},{"@type":"ImageObject","inLanguage":"fr-FR","@id":"https:\/\/www.ghostysky.com\/product\/safeair-mavic-3-with-manual-deployment-rc\/#primaryimage","url":"https:\/\/www.ghostysky.com\/wp-content\/uploads\/2024\/03\/GH_PArazero_Mavic3.jpg","contentUrl":"https:\/\/www.ghostysky.com\/wp-content\/uploads\/2024\/03\/GH_PArazero_Mavic3.jpg","width":350,"height":350},{"@type":"BreadcrumbList","@id":"https:\/\/www.ghostysky.com\/product\/safeair-mavic-3-with-manual-deployment-rc\/#breadcrumb","itemListElement":[{"@type":"ListItem","position":1,"name":"Home","item":"https:\/\/www.ghostysky.com\/"},{"@type":"ListItem","position":2,"name":"Shop","item":"https:\/\/www.ghostysky.com\/shop\/"},{"@type":"ListItem","position":3,"name":"SafeAir Mavic 3 with Manual Deployment RC"}]},{"@type":"WebSite","@id":"https:\/\/www.ghostysky.com\/#website","url":"https:\/\/www.ghostysky.com\/","name":"Ghostysky","description":"Livraison de drones et de services professionnels","publisher":{"@id":"https:\/\/www.ghostysky.com\/#organization"},"potentialAction":[{"@type":"SearchAction","target":{"@type":"EntryPoint","urlTemplate":"https:\/\/www.ghostysky.com\/?s={search_term_string}"},"query-input":{"@type":"PropertyValueSpecification","valueRequired":true,"valueName":"search_term_string"}}],"inLanguage":"fr-FR"},{"@type":"Organization","@id":"https:\/\/www.ghostysky.com\/#organization","name":"Ghostysky","url":"https:\/\/www.ghostysky.com\/","logo":{"@type":"ImageObject","inLanguage":"fr-FR","@id":"https:\/\/www.ghostysky.com\/#\/schema\/logo\/image\/","url":"https:\/\/www.ghostysky.com\/wp-content\/uploads\/2020\/06\/cropped-ghostyskylogo_text_white2.png","contentUrl":"https:\/\/www.ghostysky.com\/wp-content\/uploads\/2020\/06\/cropped-ghostyskylogo_text_white2.png","width":169,"height":56,"caption":"Ghostysky"},"image":{"@id":"https:\/\/www.ghostysky.com\/#\/schema\/logo\/image\/"},"sameAs":["https:\/\/www.facebook.com\/people\/Ghostysky\/100057676170234\/","https:\/\/x.com\/Gh0stysky","https:\/\/www.linkedin.com\/company\/34739653","https:\/\/www.instagram.com\/gh0stysky"]}]}},"_links":{"self":[{"href":"https:\/\/www.ghostysky.com\/fr\/wp-json\/wp\/v2\/product\/17246","targetHints":{"allow":["GET"]}}],"collection":[{"href":"https:\/\/www.ghostysky.com\/fr\/wp-json\/wp\/v2\/product"}],"about":[{"href":"https:\/\/www.ghostysky.com\/fr\/wp-json\/wp\/v2\/types\/product"}],"replies":[{"embeddable":true,"href":"https:\/\/www.ghostysky.com\/fr\/wp-json\/wp\/v2\/comments?post=17246"}],"wp:featuredmedia":[{"embeddable":true,"href":"https:\/\/www.ghostysky.com\/fr\/wp-json\/wp\/v2\/media\/17237"}],"wp:attachment":[{"href":"https:\/\/www.ghostysky.com\/fr\/wp-json\/wp\/v2\/media?parent=17246"}],"wp:term":[{"taxonomy":"product_brand","embeddable":true,"href":"https:\/\/www.ghostysky.com\/fr\/wp-json\/wp\/v2\/product_brand?post=17246"},{"taxonomy":"product_cat","embeddable":true,"href":"https:\/\/www.ghostysky.com\/fr\/wp-json\/wp\/v2\/product_cat?post=17246"},{"taxonomy":"product_tag","embeddable":true,"href":"https:\/\/www.ghostysky.com\/fr\/wp-json\/wp\/v2\/product_tag?post=17246"}],"curies":[{"name":"wp","href":"https:\/\/api.w.org\/{rel}","templated":true}]}}