{"id":17247,"date":"2024-03-15T18:55:43","date_gmt":"2024-03-15T18:55:43","guid":{"rendered":"https:\/\/www.ghostysky.com\/?post_type=product&#038;p=17247"},"modified":"2025-10-14T11:12:23","modified_gmt":"2025-10-14T11:12:23","slug":"safeair-mavic-3","status":"publish","type":"product","link":"https:\/\/www.ghostysky.com\/fr\/product\/safeair-mavic-3\/","title":{"rendered":"SafeAir Mavic 3"},"content":{"rendered":"<p data-sourcepos=\"3:1-3:59\">Voici quelques caract\u00e9ristiques cl\u00e9s du ParaZero SafeAir Mavic 3\u00a0:<\/p>\n<ul data-sourcepos=\"5:1-9:0\">\n<li data-sourcepos=\"5:1-5:141\"><strong>Syst\u00e8me de d\u00e9clenchement automatique (ATS) :<\/strong>\u00a0Ce syst\u00e8me d\u00e9tecte automatiquement les pannes critiques et lance la s\u00e9quence de d\u00e9ploiement du parachute.<\/li>\n<li data-sourcepos=\"6:1-6:154\"><strong>Syst\u00e8me de terminaison de vol ind\u00e9pendant (FTS) :<\/strong>\u00a0En cas de panne critique, le FTS arr\u00eate les rotors du drone pour \u00e9viter des blessures et des dommages suppl\u00e9mentaires.<\/li>\n<li data-sourcepos=\"7:1-7:159\"><strong>D\u00e9ploiement \u00e0 basse altitude :<\/strong>\u00a0Le parachute peut \u00eatre d\u00e9ploy\u00e9 m\u00eame \u00e0 basse altitude, minimisant ainsi les risques de dommages en cas de dysfonctionnement \u00e0 proximit\u00e9 du sol.<\/li>\n<li data-sourcepos=\"8:1-9:0\"><strong>Installation facile :<\/strong>\u00a0Le SafeAir Mavic 3 est con\u00e7u pour une installation plug-and-play facile, g\u00e9n\u00e9ralement en 3 \u00e0 5 minutes.<\/li>\n<\/ul>\n<p data-sourcepos=\"10:1-10:33\">Il existe deux versions disponibles :<\/p>\n<ul data-sourcepos=\"12:1-14:0\">\n<li data-sourcepos=\"12:1-12:119\"><strong>Mavic 3 SafeAir standard\u00a0:<\/strong>\u00a0Cette version repose uniquement sur le syst\u00e8me de d\u00e9clenchement automatique pour le d\u00e9ploiement du parachute.<\/li>\n<li data-sourcepos=\"13:1-14:0\"><strong>SafeAir Mavic 3 avec t\u00e9l\u00e9commande \u00e0 d\u00e9ploiement manuel\u00a0:<\/strong>\u00a0Cette version permet le d\u00e9ploiement manuel du parachute \u00e0 l&#039;aide de la t\u00e9l\u00e9commande, offrant ainsi un niveau de contr\u00f4le suppl\u00e9mentaire dans les situations critiques. Elle est \u00e9galement conforme \u00e0 la r\u00e9glementation sp\u00e9cifique (MOC 2511) pour les op\u00e9rations avanc\u00e9es de drones.<\/li>\n<\/ul>\n<p data-sourcepos=\"15:1-15:211\">Dans l\u2019ensemble, le ParaZero SafeAir Mavic 3 est un outil de s\u00e9curit\u00e9 pr\u00e9cieux pour les propri\u00e9taires de DJI Mavic 3, en particulier ceux qui volent dans des zones peupl\u00e9es ou effectuent des op\u00e9rations commerciales o\u00f9 le respect des r\u00e9glementations est important.<\/p>\n<h2 class=\"vc_custom_heading\">Caract\u00e9ristiques et fonctionnalit\u00e9s<\/h2>\n<div class=\"wpb_text_column wpb_content_element\">\n<div class=\"wpb_wrapper\">\n<p>SafeAir de ParaZero est la seule solution de s\u00e9curit\u00e9 pour drones \u00e9prouv\u00e9e, fiable et efficace dans toute situation d&#039;urgence li\u00e9e aux drones.<\/p>\n<\/div>\n<\/div>\n<div class=\"wpb_text_column wpb_content_element bullet-style\">\n<div class=\"wpb_wrapper\">\n<ul>\n<li>Compatible avec la s\u00e9rie DJI Mavic 3 \u00e0 l&#039;exclusion des accessoires modulaires.<\/li>\n<li>Con\u00e7u pour prot\u00e9ger votre charge utile.<\/li>\n<li>Installation et int\u00e9gration plug and play faciles en 10 minutes.<\/li>\n<li>D\u00e9clenchement automatique des mesures de s\u00e9curit\u00e9 en cas d&#039;urgence ou de chute libre.<\/li>\n<li>Acc\u00e9dez aux journaux de donn\u00e9es de la bo\u00eete noire via l&#039;application de bureau.<\/li>\n<li>Comprend tous les composants de montage et d&#039;installation n\u00e9cessaires.<\/li>\n<li>Syst\u00e8me de qualit\u00e9 industrielle avec le niveau de fiabilit\u00e9 que l\u2019on retrouve dans les syst\u00e8mes d\u2019aviation commerciale.<\/li>\n<li>Ce produit n&#039;inclut pas la documentation de conformit\u00e9 pour les d\u00e9rogations et les approbations.<\/li>\n<\/ul>\n<h2 class=\"vc_custom_heading\">Informations techniques<\/h2>\n<div class=\"wpb_text_column wpb_content_element\">\n<div class=\"wpb_wrapper\">\n<p>SafeAir de ParaZero est la seule solution de s\u00e9curit\u00e9 pour drones \u00e9prouv\u00e9e, fiable et efficace dans toute situation d&#039;urgence li\u00e9e aux drones.<\/p>\n<\/div>\n<\/div>\n<div class=\"wpb_text_column wpb_content_element\">\n<div class=\"wpb_wrapper\">\n<ul>\n<li><strong>Poids total<\/strong>: 185 grammes\/ 0,40 lb<\/li>\n<li><strong>altitude minimale de s\u00e9curit\u00e9<\/strong>: 19,11 m\u00e8tres\/62,7 pieds<\/li>\n<li><strong>Taux de descente moyen<\/strong>: 3,93 m\u00e8tres par seconde\/12,9 pieds par seconde<\/li>\n<li><strong>\u00c9nergie d&#039;impact moyenne :<\/strong>\u00a08,2 joules\/6,1 pi-lb<\/li>\n<li>Compatible avec la s\u00e9rie DJI Mavic 3 (\u00e0 l&#039;exclusion des accessoires modulaires mont\u00e9s vers le haut, tels que RTK).<\/li>\n<\/ul>\n<\/div>\n<\/div>\n<\/div>\n<\/div>","protected":false},"excerpt":{"rendered":"<p>ParaZero SafeAir Mavic 3 est un syst\u00e8me de parachute sp\u00e9cialement con\u00e7u pour la s\u00e9rie de drones DJI Mavic 3. Cette solution de s\u00e9curit\u00e9 vise \u00e0 prot\u00e9ger votre drone et son environnement en cas d&#039;urgence ou de dysfonctionnement pendant le vol.<\/p>","protected":false},"featured_media":17237,"comment_status":"open","ping_status":"closed","template":"","meta":[],"product_brand":[],"product_cat":[461,729],"product_tag":[735,730,731],"class_list":{"0":"post-17247","1":"product","2":"type-product","3":"status-publish","4":"has-post-thumbnail","6":"product_cat-accessories-2","7":"product_cat-parazero-parachutes","8":"product_tag-mavic-3","9":"product_tag-parazero","10":"product_tag-safeair","12":"first","13":"onbackorder","14":"taxable","15":"shipping-taxable","16":"product-type-simple"},"yoast_head":"<!-- This site is optimized with the Yoast SEO plugin v27.4 - https:\/\/yoast.com\/product\/yoast-seo-wordpress\/ -->\n<title>SafeAir Mavic 3 - Ghostysky<\/title>\n<meta name=\"description\" content=\"ParaZero SafeAir Mavic 3 is a parachute system designed specifically for the DJI Mavic 3 drone series. It&#039;s a safety solution that aims to protect your drone and the surrounding area in case of emergencies or malfunctions during flight.\" \/>\n<meta name=\"robots\" content=\"index, follow, max-snippet:-1, max-image-preview:large, max-video-preview:-1\" \/>\n<link rel=\"canonical\" href=\"https:\/\/www.ghostysky.com\/fr\/product\/safeair-mavic-3\/\" \/>\n<meta property=\"og:locale\" content=\"fr_FR\" \/>\n<meta property=\"og:type\" content=\"article\" \/>\n<meta property=\"og:title\" content=\"SafeAir Mavic 3 - Ghostysky\" \/>\n<meta property=\"og:description\" content=\"ParaZero SafeAir Mavic 3 is a parachute system designed specifically for the DJI Mavic 3 drone series. It&#039;s a safety solution that aims to protect your drone and the surrounding area in case of emergencies or malfunctions during flight.\" \/>\n<meta property=\"og:url\" content=\"https:\/\/www.ghostysky.com\/fr\/product\/safeair-mavic-3\/\" \/>\n<meta property=\"og:site_name\" content=\"Ghostysky\" \/>\n<meta property=\"article:publisher\" content=\"https:\/\/www.facebook.com\/people\/Ghostysky\/100057676170234\/\" \/>\n<meta property=\"article:modified_time\" content=\"2025-10-14T11:12:23+00:00\" \/>\n<meta property=\"og:image\" content=\"https:\/\/www.ghostysky.com\/wp-content\/uploads\/2024\/03\/GH_PArazero_Mavic3.jpg\" \/>\n\t<meta property=\"og:image:width\" content=\"350\" \/>\n\t<meta property=\"og:image:height\" content=\"350\" \/>\n\t<meta property=\"og:image:type\" content=\"image\/jpeg\" \/>\n<meta name=\"twitter:card\" content=\"summary_large_image\" \/>\n<meta name=\"twitter:site\" content=\"@Gh0stysky\" \/>\n<meta name=\"twitter:label1\" content=\"Dur\u00e9e de lecture estim\u00e9e\" \/>\n\t<meta name=\"twitter:data1\" content=\"2 minutes\" \/>\n<script type=\"application\/ld+json\" class=\"yoast-schema-graph\">{\"@context\":\"https:\\\/\\\/schema.org\",\"@graph\":[{\"@type\":\"WebPage\",\"@id\":\"https:\\\/\\\/www.ghostysky.com\\\/product\\\/safeair-mavic-3\\\/\",\"url\":\"https:\\\/\\\/www.ghostysky.com\\\/product\\\/safeair-mavic-3\\\/\",\"name\":\"SafeAir Mavic 3 - Ghostysky\",\"isPartOf\":{\"@id\":\"https:\\\/\\\/www.ghostysky.com\\\/#website\"},\"primaryImageOfPage\":{\"@id\":\"https:\\\/\\\/www.ghostysky.com\\\/product\\\/safeair-mavic-3\\\/#primaryimage\"},\"image\":{\"@id\":\"https:\\\/\\\/www.ghostysky.com\\\/product\\\/safeair-mavic-3\\\/#primaryimage\"},\"thumbnailUrl\":\"https:\\\/\\\/www.ghostysky.com\\\/wp-content\\\/uploads\\\/2024\\\/03\\\/GH_PArazero_Mavic3.jpg\",\"datePublished\":\"2024-03-15T18:55:43+00:00\",\"dateModified\":\"2025-10-14T11:12:23+00:00\",\"description\":\"ParaZero SafeAir Mavic 3 is a parachute system designed specifically for the DJI Mavic 3 drone series. It's a safety solution that aims to protect your drone and the surrounding area in case of emergencies or malfunctions during flight.\",\"breadcrumb\":{\"@id\":\"https:\\\/\\\/www.ghostysky.com\\\/product\\\/safeair-mavic-3\\\/#breadcrumb\"},\"inLanguage\":\"fr-FR\",\"potentialAction\":[{\"@type\":\"ReadAction\",\"target\":[\"https:\\\/\\\/www.ghostysky.com\\\/product\\\/safeair-mavic-3\\\/\"]}]},{\"@type\":\"ImageObject\",\"inLanguage\":\"fr-FR\",\"@id\":\"https:\\\/\\\/www.ghostysky.com\\\/product\\\/safeair-mavic-3\\\/#primaryimage\",\"url\":\"https:\\\/\\\/www.ghostysky.com\\\/wp-content\\\/uploads\\\/2024\\\/03\\\/GH_PArazero_Mavic3.jpg\",\"contentUrl\":\"https:\\\/\\\/www.ghostysky.com\\\/wp-content\\\/uploads\\\/2024\\\/03\\\/GH_PArazero_Mavic3.jpg\",\"width\":350,\"height\":350},{\"@type\":\"BreadcrumbList\",\"@id\":\"https:\\\/\\\/www.ghostysky.com\\\/product\\\/safeair-mavic-3\\\/#breadcrumb\",\"itemListElement\":[{\"@type\":\"ListItem\",\"position\":1,\"name\":\"Home\",\"item\":\"https:\\\/\\\/www.ghostysky.com\\\/\"},{\"@type\":\"ListItem\",\"position\":2,\"name\":\"Shop\",\"item\":\"https:\\\/\\\/www.ghostysky.com\\\/shop\\\/\"},{\"@type\":\"ListItem\",\"position\":3,\"name\":\"SafeAir Mavic 3\"}]},{\"@type\":\"WebSite\",\"@id\":\"https:\\\/\\\/www.ghostysky.com\\\/#website\",\"url\":\"https:\\\/\\\/www.ghostysky.com\\\/\",\"name\":\"Ghostysky\",\"description\":\"Delivering professional drones and services\",\"publisher\":{\"@id\":\"https:\\\/\\\/www.ghostysky.com\\\/#organization\"},\"potentialAction\":[{\"@type\":\"SearchAction\",\"target\":{\"@type\":\"EntryPoint\",\"urlTemplate\":\"https:\\\/\\\/www.ghostysky.com\\\/?s={search_term_string}\"},\"query-input\":{\"@type\":\"PropertyValueSpecification\",\"valueRequired\":true,\"valueName\":\"search_term_string\"}}],\"inLanguage\":\"fr-FR\"},{\"@type\":\"Organization\",\"@id\":\"https:\\\/\\\/www.ghostysky.com\\\/#organization\",\"name\":\"Ghostysky\",\"url\":\"https:\\\/\\\/www.ghostysky.com\\\/\",\"logo\":{\"@type\":\"ImageObject\",\"inLanguage\":\"fr-FR\",\"@id\":\"https:\\\/\\\/www.ghostysky.com\\\/#\\\/schema\\\/logo\\\/image\\\/\",\"url\":\"https:\\\/\\\/www.ghostysky.com\\\/wp-content\\\/uploads\\\/2020\\\/06\\\/cropped-ghostyskylogo_text_white2.png\",\"contentUrl\":\"https:\\\/\\\/www.ghostysky.com\\\/wp-content\\\/uploads\\\/2020\\\/06\\\/cropped-ghostyskylogo_text_white2.png\",\"width\":169,\"height\":56,\"caption\":\"Ghostysky\"},\"image\":{\"@id\":\"https:\\\/\\\/www.ghostysky.com\\\/#\\\/schema\\\/logo\\\/image\\\/\"},\"sameAs\":[\"https:\\\/\\\/www.facebook.com\\\/people\\\/Ghostysky\\\/100057676170234\\\/\",\"https:\\\/\\\/x.com\\\/Gh0stysky\",\"https:\\\/\\\/www.linkedin.com\\\/company\\\/34739653\",\"https:\\\/\\\/www.instagram.com\\\/gh0stysky\"]}]}<\/script>\n<!-- \/ Yoast SEO plugin. -->","yoast_head_json":{"title":"SafeAir Mavic 3 - Ghostysky","description":"ParaZero SafeAir Mavic 3 est un syst\u00e8me de parachute sp\u00e9cialement con\u00e7u pour la s\u00e9rie de drones DJI Mavic 3. Cette solution de s\u00e9curit\u00e9 vise \u00e0 prot\u00e9ger votre drone et son environnement en cas d&#039;urgence ou de dysfonctionnement pendant le vol.","robots":{"index":"index","follow":"follow","max-snippet":"max-snippet:-1","max-image-preview":"max-image-preview:large","max-video-preview":"max-video-preview:-1"},"canonical":"https:\/\/www.ghostysky.com\/fr\/product\/safeair-mavic-3\/","og_locale":"fr_FR","og_type":"article","og_title":"SafeAir Mavic 3 - Ghostysky","og_description":"ParaZero SafeAir Mavic 3 is a parachute system designed specifically for the DJI Mavic 3 drone series. It's a safety solution that aims to protect your drone and the surrounding area in case of emergencies or malfunctions during flight.","og_url":"https:\/\/www.ghostysky.com\/fr\/product\/safeair-mavic-3\/","og_site_name":"Ghostysky","article_publisher":"https:\/\/www.facebook.com\/people\/Ghostysky\/100057676170234\/","article_modified_time":"2025-10-14T11:12:23+00:00","og_image":[{"width":350,"height":350,"url":"https:\/\/www.ghostysky.com\/wp-content\/uploads\/2024\/03\/GH_PArazero_Mavic3.jpg","type":"image\/jpeg"}],"twitter_card":"summary_large_image","twitter_site":"@Gh0stysky","twitter_misc":{"Dur\u00e9e de lecture estim\u00e9e":"2 minutes"},"schema":{"@context":"https:\/\/schema.org","@graph":[{"@type":"WebPage","@id":"https:\/\/www.ghostysky.com\/product\/safeair-mavic-3\/","url":"https:\/\/www.ghostysky.com\/product\/safeair-mavic-3\/","name":"SafeAir Mavic 3 - Ghostysky","isPartOf":{"@id":"https:\/\/www.ghostysky.com\/#website"},"primaryImageOfPage":{"@id":"https:\/\/www.ghostysky.com\/product\/safeair-mavic-3\/#primaryimage"},"image":{"@id":"https:\/\/www.ghostysky.com\/product\/safeair-mavic-3\/#primaryimage"},"thumbnailUrl":"https:\/\/www.ghostysky.com\/wp-content\/uploads\/2024\/03\/GH_PArazero_Mavic3.jpg","datePublished":"2024-03-15T18:55:43+00:00","dateModified":"2025-10-14T11:12:23+00:00","description":"ParaZero SafeAir Mavic 3 est un syst\u00e8me de parachute sp\u00e9cialement con\u00e7u pour la s\u00e9rie de drones DJI Mavic 3. Cette solution de s\u00e9curit\u00e9 vise \u00e0 prot\u00e9ger votre drone et son environnement en cas d&#039;urgence ou de dysfonctionnement pendant le vol.","breadcrumb":{"@id":"https:\/\/www.ghostysky.com\/product\/safeair-mavic-3\/#breadcrumb"},"inLanguage":"fr-FR","potentialAction":[{"@type":"ReadAction","target":["https:\/\/www.ghostysky.com\/product\/safeair-mavic-3\/"]}]},{"@type":"ImageObject","inLanguage":"fr-FR","@id":"https:\/\/www.ghostysky.com\/product\/safeair-mavic-3\/#primaryimage","url":"https:\/\/www.ghostysky.com\/wp-content\/uploads\/2024\/03\/GH_PArazero_Mavic3.jpg","contentUrl":"https:\/\/www.ghostysky.com\/wp-content\/uploads\/2024\/03\/GH_PArazero_Mavic3.jpg","width":350,"height":350},{"@type":"BreadcrumbList","@id":"https:\/\/www.ghostysky.com\/product\/safeair-mavic-3\/#breadcrumb","itemListElement":[{"@type":"ListItem","position":1,"name":"Home","item":"https:\/\/www.ghostysky.com\/"},{"@type":"ListItem","position":2,"name":"Shop","item":"https:\/\/www.ghostysky.com\/shop\/"},{"@type":"ListItem","position":3,"name":"SafeAir Mavic 3"}]},{"@type":"WebSite","@id":"https:\/\/www.ghostysky.com\/#website","url":"https:\/\/www.ghostysky.com\/","name":"Ghostysky","description":"Livraison de drones et de services professionnels","publisher":{"@id":"https:\/\/www.ghostysky.com\/#organization"},"potentialAction":[{"@type":"SearchAction","target":{"@type":"EntryPoint","urlTemplate":"https:\/\/www.ghostysky.com\/?s={search_term_string}"},"query-input":{"@type":"PropertyValueSpecification","valueRequired":true,"valueName":"search_term_string"}}],"inLanguage":"fr-FR"},{"@type":"Organization","@id":"https:\/\/www.ghostysky.com\/#organization","name":"Ghostysky","url":"https:\/\/www.ghostysky.com\/","logo":{"@type":"ImageObject","inLanguage":"fr-FR","@id":"https:\/\/www.ghostysky.com\/#\/schema\/logo\/image\/","url":"https:\/\/www.ghostysky.com\/wp-content\/uploads\/2020\/06\/cropped-ghostyskylogo_text_white2.png","contentUrl":"https:\/\/www.ghostysky.com\/wp-content\/uploads\/2020\/06\/cropped-ghostyskylogo_text_white2.png","width":169,"height":56,"caption":"Ghostysky"},"image":{"@id":"https:\/\/www.ghostysky.com\/#\/schema\/logo\/image\/"},"sameAs":["https:\/\/www.facebook.com\/people\/Ghostysky\/100057676170234\/","https:\/\/x.com\/Gh0stysky","https:\/\/www.linkedin.com\/company\/34739653","https:\/\/www.instagram.com\/gh0stysky"]}]}},"_links":{"self":[{"href":"https:\/\/www.ghostysky.com\/fr\/wp-json\/wp\/v2\/product\/17247","targetHints":{"allow":["GET"]}}],"collection":[{"href":"https:\/\/www.ghostysky.com\/fr\/wp-json\/wp\/v2\/product"}],"about":[{"href":"https:\/\/www.ghostysky.com\/fr\/wp-json\/wp\/v2\/types\/product"}],"replies":[{"embeddable":true,"href":"https:\/\/www.ghostysky.com\/fr\/wp-json\/wp\/v2\/comments?post=17247"}],"wp:featuredmedia":[{"embeddable":true,"href":"https:\/\/www.ghostysky.com\/fr\/wp-json\/wp\/v2\/media\/17237"}],"wp:attachment":[{"href":"https:\/\/www.ghostysky.com\/fr\/wp-json\/wp\/v2\/media?parent=17247"}],"wp:term":[{"taxonomy":"product_brand","embeddable":true,"href":"https:\/\/www.ghostysky.com\/fr\/wp-json\/wp\/v2\/product_brand?post=17247"},{"taxonomy":"product_cat","embeddable":true,"href":"https:\/\/www.ghostysky.com\/fr\/wp-json\/wp\/v2\/product_cat?post=17247"},{"taxonomy":"product_tag","embeddable":true,"href":"https:\/\/www.ghostysky.com\/fr\/wp-json\/wp\/v2\/product_tag?post=17247"}],"curies":[{"name":"wp","href":"https:\/\/api.w.org\/{rel}","templated":true}]}}