{"id":17315,"date":"2024-03-16T07:37:30","date_gmt":"2024-03-16T07:37:30","guid":{"rendered":"https:\/\/www.ghostysky.com\/?post_type=product&#038;p=17315"},"modified":"2024-03-16T07:46:42","modified_gmt":"2024-03-16T07:46:42","slug":"dji-dock","status":"publish","type":"product","link":"https:\/\/www.ghostysky.com\/fr\/product\/dji-dock\/","title":{"rendered":"Station d&#039;accueil DJI"},"content":{"rendered":"<p data-sourcepos=\"3:1-3:264\">Le DJI Dock est une unit\u00e9 autonome pesant moins de 105 kg et occupant moins d&#039;un m\u00e8tre carr\u00e9. Facile \u00e0 installer, il ne n\u00e9cessite qu&#039;une fixation au sol, une alimentation \u00e9lectrique et Internet, ainsi qu&#039;une configuration rapide via la radiocommande DJI RC Plus.<\/p>\n<p data-sourcepos=\"5:1-5:98\">Le DJI Dock poss\u00e8de un certain nombre de fonctionnalit\u00e9s qui le rendent id\u00e9al pour une vari\u00e9t\u00e9 d&#039;applications, notamment\u00a0:<\/p>\n<ul data-sourcepos=\"7:1-14:0\">\n<li data-sourcepos=\"7:1-7:95\"><strong>Fonctionnement 24h\/24 et 7j\/7 :<\/strong>\u00a0Le DJI Dock est con\u00e7u pour fonctionner dans toutes les conditions m\u00e9t\u00e9orologiques, de jour comme de nuit.<\/li>\n<li data-sourcepos=\"8:1-8:139\"><strong>D\u00e9collage et atterrissage automatiques :<\/strong>\u00a0Le DJI Dock peut faire d\u00e9coller et atterrir automatiquement le drone Matrice 30, sans aucune intervention humaine.<\/li>\n<li data-sourcepos=\"9:1-9:92\"><strong>Chargement :<\/strong>\u00a0Le DJI Dock peut charger les batteries du drone Matrice 30 pendant qu&#039;il atterrit.<\/li>\n<li data-sourcepos=\"10:1-10:111\"><strong>Ex\u00e9cution de la mission :<\/strong>\u00a0Le DJI Dock peut \u00eatre utilis\u00e9 pour ex\u00e9cuter des missions pr\u00e9programm\u00e9es avec le drone Matrice 30.<\/li>\n<li data-sourcepos=\"11:1-11:137\"><strong>Transmission de donn\u00e9es :<\/strong>\u00a0Le DJI Dock dispose d&#039;un syst\u00e8me de transmission de donn\u00e9es int\u00e9gr\u00e9 qui permet la transmission de vid\u00e9os et de t\u00e9l\u00e9m\u00e9trie en temps r\u00e9el.<\/li>\n<li data-sourcepos=\"12:1-12:137\"><strong>Station m\u00e9t\u00e9o:<\/strong>\u00a0Le DJI Dock dispose d&#039;une station m\u00e9t\u00e9o int\u00e9gr\u00e9e qui fournit des donn\u00e9es en temps r\u00e9el sur la vitesse du vent, la temp\u00e9rature et l&#039;humidit\u00e9.<\/li>\n<li data-sourcepos=\"13:1-14:0\"><strong>Batterie de secours :<\/strong>\u00a0Le DJI Dock dispose d&#039;une batterie de secours int\u00e9gr\u00e9e qui peut fournir de l&#039;\u00e9nergie jusqu&#039;\u00e0 5 heures en cas de panne de courant.<\/li>\n<\/ul>\n<p data-sourcepos=\"15:1-15:91\">Le DJI Dock est un outil polyvalent qui peut \u00eatre utilis\u00e9 pour une vari\u00e9t\u00e9 d&#039;applications, notamment\u00a0:<\/p>\n<ul data-sourcepos=\"17:1-21:107\">\n<li data-sourcepos=\"17:1-17:118\"><strong>S\u00e9curit\u00e9 publique :<\/strong>\u00a0Le DJI Dock peut \u00eatre utilis\u00e9 pour fournir une surveillance a\u00e9rienne aux forces de l&#039;ordre et aux pompiers.<\/li>\n<li data-sourcepos=\"18:1-18:115\"><strong>Inspection et surveillance :<\/strong>\u00a0Le DJI Dock peut \u00eatre utilis\u00e9 pour inspecter les infrastructures, telles que les ponts et les pipelines.<\/li>\n<li data-sourcepos=\"19:1-19:80\"><strong>Recherche et sauvetage :<\/strong>\u00a0Le DJI Dock peut \u00eatre utilis\u00e9 pour rechercher des personnes disparues.<\/li>\n<li data-sourcepos=\"20:1-20:96\"><strong>Cartographie et topographie :<\/strong>\u00a0Le DJI Dock peut \u00eatre utilis\u00e9 pour cr\u00e9er des cartes et des relev\u00e9s de grandes zones.<\/li>\n<li data-sourcepos=\"21:1-21:107\"><strong>L&#039;agriculture de pr\u00e9cision :<\/strong>\u00a0Le DJI Dock peut \u00eatre utilis\u00e9 pour surveiller les cultures et appliquer des pesticides et des herbicides.<\/li>\n<\/ul>\n<h4>Sp\u00e9cifications techniques<\/h4>\n<ul data-sourcepos=\"3:1-22:0\">\n<li data-sourcepos=\"3:1-5:0\">\n<p data-sourcepos=\"3:3-3:13\"><strong>G\u00e9n\u00e9ral<\/strong><\/p>\n<ul data-sourcepos=\"4:5-5:0\">\n<li data-sourcepos=\"4:5-5:0\">Nom du produit : DJI Dock<\/li>\n<\/ul>\n<\/li>\n<li data-sourcepos=\"6:1-8:0\">\n<p data-sourcepos=\"6:3-6:26\"><strong>Performances de charge<\/strong><\/p>\n<ul data-sourcepos=\"7:5-8:0\">\n<li data-sourcepos=\"7:5-8:0\">Tension de sortie : 18 \u00e0 26,1 V<\/li>\n<\/ul>\n<\/li>\n<li data-sourcepos=\"9:1-13:0\">\n<p data-sourcepos=\"9:3-9:16\"><strong>Dimensions<\/strong><\/p>\n<ul data-sourcepos=\"10:5-13:0\">\n<li data-sourcepos=\"10:5-10:37\">Ouvert : 1675 \u00d7 885 \u00d7 735 mm (L \u00d7 l \u00d7 H)<\/li>\n<li data-sourcepos=\"11:5-13:0\">Ferm\u00e9 : 800 \u00d7 885 \u00d7 1\u00a0065 mm (L \u00d7 l \u00d7 H)<\/li>\n<\/ul>\n<\/li>\n<\/ul>\n<ul data-sourcepos=\"3:1-22:0\">\n<li data-sourcepos=\"14:1-22:0\">\n<p data-sourcepos=\"14:3-14:26\"><strong>Autres sp\u00e9cifications<\/strong><\/p>\n<ul data-sourcepos=\"15:5-22:0\">\n<li data-sourcepos=\"15:5-15:38\">Poids : 105 kg (sans drone)<\/li>\n<li data-sourcepos=\"16:5-16:40\">Temp\u00e9rature de fonctionnement : -35\u2103 \u00e0 50\u2103<\/li>\n<li data-sourcepos=\"17:5-17:66\">Syst\u00e8me de transmission vid\u00e9o : syst\u00e8me de transmission O3 Enterprise<\/li>\n<li data-sourcepos=\"18:5-18:28\">Capteur de vitesse du vent : Oui<\/li>\n<li data-sourcepos=\"19:5-19:69\">Cam\u00e9ra de s\u00e9curit\u00e9 int\u00e9gr\u00e9e (sur le couvercle) R\u00e9solution : Non sp\u00e9cifi\u00e9e<\/li>\n<li data-sourcepos=\"20:5-20:30\">Acc\u00e8s r\u00e9seau : Ethernet<\/li>\n<li data-sourcepos=\"21:5-22:0\">Charge rapide : prend en charge la charge rapide d&#039;un drone de 10% \u00e0 90% en 25 minutes (\u00e0 25 \u00b0C)<\/li>\n<\/ul>\n<\/li>\n<\/ul>","protected":false},"excerpt":{"rendered":"<p>Le DJI Dock est un hangar automatis\u00e9 con\u00e7u pour les drones de la s\u00e9rie DJI Matrice 30. Robuste et r\u00e9sistant aux intemp\u00e9ries, il peut fonctionner 24h\/24 et 7j\/7, de jour comme de nuit. Il offre une solution compl\u00e8te pour les op\u00e9rations de drones, incluant le d\u00e9collage, l&#039;atterrissage, la recharge et l&#039;ex\u00e9cution des missions.<\/p>","protected":false},"featured_media":17323,"comment_status":"open","ping_status":"closed","template":"","meta":[],"product_brand":[],"product_cat":[37,739],"product_tag":[42,740],"class_list":{"0":"post-17315","1":"product","2":"type-product","3":"status-publish","4":"has-post-thumbnail","6":"product_cat-dji","7":"product_cat-dock","8":"product_tag-dji","9":"product_tag-dock","11":"first","12":"onbackorder","13":"taxable","14":"shipping-taxable","15":"purchasable","16":"product-type-simple"},"yoast_head":"<!-- This site is optimized with the Yoast SEO plugin v27.4 - https:\/\/yoast.com\/product\/yoast-seo-wordpress\/ -->\n<title>DJI Dock - Ghostysky<\/title>\n<meta name=\"description\" content=\"The DJI Dock is an automated drone hangar designed for the DJI Matrice 30 series of drones . It is a rugged, all-weather station that can operate 24\/7, day or night. The DJI Dock provides a complete solution for drone operations, including takeoff, landing, charging, and mission execution.\" \/>\n<meta name=\"robots\" content=\"index, follow, max-snippet:-1, max-image-preview:large, max-video-preview:-1\" \/>\n<link rel=\"canonical\" href=\"https:\/\/www.ghostysky.com\/fr\/product\/dji-dock\/\" \/>\n<meta property=\"og:locale\" content=\"fr_FR\" \/>\n<meta property=\"og:type\" content=\"article\" \/>\n<meta property=\"og:title\" content=\"DJI Dock - Ghostysky\" \/>\n<meta property=\"og:description\" content=\"The DJI Dock is an automated drone hangar designed for the DJI Matrice 30 series of drones . It is a rugged, all-weather station that can operate 24\/7, day or night. The DJI Dock provides a complete solution for drone operations, including takeoff, landing, charging, and mission execution.\" \/>\n<meta property=\"og:url\" content=\"https:\/\/www.ghostysky.com\/fr\/product\/dji-dock\/\" \/>\n<meta property=\"og:site_name\" content=\"Ghostysky\" \/>\n<meta property=\"article:publisher\" content=\"https:\/\/www.facebook.com\/people\/Ghostysky\/100057676170234\/\" \/>\n<meta property=\"article:modified_time\" content=\"2024-03-16T07:46:42+00:00\" \/>\n<meta property=\"og:image\" content=\"https:\/\/www.ghostysky.com\/wp-content\/uploads\/2024\/03\/GH_dji-dock-8.jpg\" \/>\n\t<meta property=\"og:image:width\" content=\"1800\" \/>\n\t<meta property=\"og:image:height\" content=\"1200\" \/>\n\t<meta property=\"og:image:type\" content=\"image\/jpeg\" \/>\n<meta name=\"twitter:card\" content=\"summary_large_image\" \/>\n<meta name=\"twitter:site\" content=\"@Gh0stysky\" \/>\n<meta name=\"twitter:label1\" content=\"Dur\u00e9e de lecture estim\u00e9e\" \/>\n\t<meta name=\"twitter:data1\" content=\"2 minutes\" \/>\n<script type=\"application\/ld+json\" class=\"yoast-schema-graph\">{\"@context\":\"https:\\\/\\\/schema.org\",\"@graph\":[{\"@type\":\"WebPage\",\"@id\":\"https:\\\/\\\/www.ghostysky.com\\\/product\\\/dji-dock\\\/\",\"url\":\"https:\\\/\\\/www.ghostysky.com\\\/product\\\/dji-dock\\\/\",\"name\":\"DJI Dock - Ghostysky\",\"isPartOf\":{\"@id\":\"https:\\\/\\\/www.ghostysky.com\\\/#website\"},\"primaryImageOfPage\":{\"@id\":\"https:\\\/\\\/www.ghostysky.com\\\/product\\\/dji-dock\\\/#primaryimage\"},\"image\":{\"@id\":\"https:\\\/\\\/www.ghostysky.com\\\/product\\\/dji-dock\\\/#primaryimage\"},\"thumbnailUrl\":\"https:\\\/\\\/www.ghostysky.com\\\/wp-content\\\/uploads\\\/2024\\\/03\\\/GH_dji-dock-8.jpg\",\"datePublished\":\"2024-03-16T07:37:30+00:00\",\"dateModified\":\"2024-03-16T07:46:42+00:00\",\"description\":\"The DJI Dock is an automated drone hangar designed for the DJI Matrice 30 series of drones . It is a rugged, all-weather station that can operate 24\\\/7, day or night. The DJI Dock provides a complete solution for drone operations, including takeoff, landing, charging, and mission execution.\",\"breadcrumb\":{\"@id\":\"https:\\\/\\\/www.ghostysky.com\\\/product\\\/dji-dock\\\/#breadcrumb\"},\"inLanguage\":\"fr-FR\",\"potentialAction\":[{\"@type\":\"ReadAction\",\"target\":[\"https:\\\/\\\/www.ghostysky.com\\\/product\\\/dji-dock\\\/\"]}]},{\"@type\":\"ImageObject\",\"inLanguage\":\"fr-FR\",\"@id\":\"https:\\\/\\\/www.ghostysky.com\\\/product\\\/dji-dock\\\/#primaryimage\",\"url\":\"https:\\\/\\\/www.ghostysky.com\\\/wp-content\\\/uploads\\\/2024\\\/03\\\/GH_dji-dock-8.jpg\",\"contentUrl\":\"https:\\\/\\\/www.ghostysky.com\\\/wp-content\\\/uploads\\\/2024\\\/03\\\/GH_dji-dock-8.jpg\",\"width\":1800,\"height\":1200},{\"@type\":\"BreadcrumbList\",\"@id\":\"https:\\\/\\\/www.ghostysky.com\\\/product\\\/dji-dock\\\/#breadcrumb\",\"itemListElement\":[{\"@type\":\"ListItem\",\"position\":1,\"name\":\"Home\",\"item\":\"https:\\\/\\\/www.ghostysky.com\\\/\"},{\"@type\":\"ListItem\",\"position\":2,\"name\":\"Shop\",\"item\":\"https:\\\/\\\/www.ghostysky.com\\\/shop\\\/\"},{\"@type\":\"ListItem\",\"position\":3,\"name\":\"DJI Dock\"}]},{\"@type\":\"WebSite\",\"@id\":\"https:\\\/\\\/www.ghostysky.com\\\/#website\",\"url\":\"https:\\\/\\\/www.ghostysky.com\\\/\",\"name\":\"Ghostysky\",\"description\":\"Delivering professional drones and robotics solutions\",\"publisher\":{\"@id\":\"https:\\\/\\\/www.ghostysky.com\\\/#organization\"},\"potentialAction\":[{\"@type\":\"SearchAction\",\"target\":{\"@type\":\"EntryPoint\",\"urlTemplate\":\"https:\\\/\\\/www.ghostysky.com\\\/?s={search_term_string}\"},\"query-input\":{\"@type\":\"PropertyValueSpecification\",\"valueRequired\":true,\"valueName\":\"search_term_string\"}}],\"inLanguage\":\"fr-FR\"},{\"@type\":\"Organization\",\"@id\":\"https:\\\/\\\/www.ghostysky.com\\\/#organization\",\"name\":\"Ghostysky\",\"url\":\"https:\\\/\\\/www.ghostysky.com\\\/\",\"logo\":{\"@type\":\"ImageObject\",\"inLanguage\":\"fr-FR\",\"@id\":\"https:\\\/\\\/www.ghostysky.com\\\/#\\\/schema\\\/logo\\\/image\\\/\",\"url\":\"https:\\\/\\\/www.ghostysky.com\\\/wp-content\\\/uploads\\\/2020\\\/06\\\/cropped-ghostyskylogo_text_white2.png\",\"contentUrl\":\"https:\\\/\\\/www.ghostysky.com\\\/wp-content\\\/uploads\\\/2020\\\/06\\\/cropped-ghostyskylogo_text_white2.png\",\"width\":169,\"height\":56,\"caption\":\"Ghostysky\"},\"image\":{\"@id\":\"https:\\\/\\\/www.ghostysky.com\\\/#\\\/schema\\\/logo\\\/image\\\/\"},\"sameAs\":[\"https:\\\/\\\/www.facebook.com\\\/people\\\/Ghostysky\\\/100057676170234\\\/\",\"https:\\\/\\\/x.com\\\/Gh0stysky\",\"https:\\\/\\\/www.linkedin.com\\\/company\\\/34739653\",\"https:\\\/\\\/www.instagram.com\\\/gh0stysky\"]}]}<\/script>\n<!-- \/ Yoast SEO plugin. -->","yoast_head_json":{"title":"Station d&#039;accueil DJI - Ghostysky","description":"Le DJI Dock est un hangar automatis\u00e9 con\u00e7u pour les drones de la s\u00e9rie DJI Matrice 30. Robuste et r\u00e9sistant aux intemp\u00e9ries, il peut fonctionner 24h\/24 et 7j\/7, de jour comme de nuit. Il offre une solution compl\u00e8te pour les op\u00e9rations de drones, incluant le d\u00e9collage, l&#039;atterrissage, la recharge et l&#039;ex\u00e9cution des missions.","robots":{"index":"index","follow":"follow","max-snippet":"max-snippet:-1","max-image-preview":"max-image-preview:large","max-video-preview":"max-video-preview:-1"},"canonical":"https:\/\/www.ghostysky.com\/fr\/product\/dji-dock\/","og_locale":"fr_FR","og_type":"article","og_title":"DJI Dock - Ghostysky","og_description":"The DJI Dock is an automated drone hangar designed for the DJI Matrice 30 series of drones . It is a rugged, all-weather station that can operate 24\/7, day or night. The DJI Dock provides a complete solution for drone operations, including takeoff, landing, charging, and mission execution.","og_url":"https:\/\/www.ghostysky.com\/fr\/product\/dji-dock\/","og_site_name":"Ghostysky","article_publisher":"https:\/\/www.facebook.com\/people\/Ghostysky\/100057676170234\/","article_modified_time":"2024-03-16T07:46:42+00:00","og_image":[{"width":1800,"height":1200,"url":"https:\/\/www.ghostysky.com\/wp-content\/uploads\/2024\/03\/GH_dji-dock-8.jpg","type":"image\/jpeg"}],"twitter_card":"summary_large_image","twitter_site":"@Gh0stysky","twitter_misc":{"Dur\u00e9e de lecture estim\u00e9e":"2 minutes"},"schema":{"@context":"https:\/\/schema.org","@graph":[{"@type":"WebPage","@id":"https:\/\/www.ghostysky.com\/product\/dji-dock\/","url":"https:\/\/www.ghostysky.com\/product\/dji-dock\/","name":"Station d&#039;accueil DJI - Ghostysky","isPartOf":{"@id":"https:\/\/www.ghostysky.com\/#website"},"primaryImageOfPage":{"@id":"https:\/\/www.ghostysky.com\/product\/dji-dock\/#primaryimage"},"image":{"@id":"https:\/\/www.ghostysky.com\/product\/dji-dock\/#primaryimage"},"thumbnailUrl":"https:\/\/www.ghostysky.com\/wp-content\/uploads\/2024\/03\/GH_dji-dock-8.jpg","datePublished":"2024-03-16T07:37:30+00:00","dateModified":"2024-03-16T07:46:42+00:00","description":"Le DJI Dock est un hangar automatis\u00e9 con\u00e7u pour les drones de la s\u00e9rie DJI Matrice 30. Robuste et r\u00e9sistant aux intemp\u00e9ries, il peut fonctionner 24h\/24 et 7j\/7, de jour comme de nuit. Il offre une solution compl\u00e8te pour les op\u00e9rations de drones, incluant le d\u00e9collage, l&#039;atterrissage, la recharge et l&#039;ex\u00e9cution des missions.","breadcrumb":{"@id":"https:\/\/www.ghostysky.com\/product\/dji-dock\/#breadcrumb"},"inLanguage":"fr-FR","potentialAction":[{"@type":"ReadAction","target":["https:\/\/www.ghostysky.com\/product\/dji-dock\/"]}]},{"@type":"ImageObject","inLanguage":"fr-FR","@id":"https:\/\/www.ghostysky.com\/product\/dji-dock\/#primaryimage","url":"https:\/\/www.ghostysky.com\/wp-content\/uploads\/2024\/03\/GH_dji-dock-8.jpg","contentUrl":"https:\/\/www.ghostysky.com\/wp-content\/uploads\/2024\/03\/GH_dji-dock-8.jpg","width":1800,"height":1200},{"@type":"BreadcrumbList","@id":"https:\/\/www.ghostysky.com\/product\/dji-dock\/#breadcrumb","itemListElement":[{"@type":"ListItem","position":1,"name":"Home","item":"https:\/\/www.ghostysky.com\/"},{"@type":"ListItem","position":2,"name":"Shop","item":"https:\/\/www.ghostysky.com\/shop\/"},{"@type":"ListItem","position":3,"name":"DJI Dock"}]},{"@type":"WebSite","@id":"https:\/\/www.ghostysky.com\/#website","url":"https:\/\/www.ghostysky.com\/","name":"Ghostysky","description":"Fourniture de solutions professionnelles en mati\u00e8re de drones et de robotique","publisher":{"@id":"https:\/\/www.ghostysky.com\/#organization"},"potentialAction":[{"@type":"SearchAction","target":{"@type":"EntryPoint","urlTemplate":"https:\/\/www.ghostysky.com\/?s={search_term_string}"},"query-input":{"@type":"PropertyValueSpecification","valueRequired":true,"valueName":"search_term_string"}}],"inLanguage":"fr-FR"},{"@type":"Organization","@id":"https:\/\/www.ghostysky.com\/#organization","name":"Ghostysky","url":"https:\/\/www.ghostysky.com\/","logo":{"@type":"ImageObject","inLanguage":"fr-FR","@id":"https:\/\/www.ghostysky.com\/#\/schema\/logo\/image\/","url":"https:\/\/www.ghostysky.com\/wp-content\/uploads\/2020\/06\/cropped-ghostyskylogo_text_white2.png","contentUrl":"https:\/\/www.ghostysky.com\/wp-content\/uploads\/2020\/06\/cropped-ghostyskylogo_text_white2.png","width":169,"height":56,"caption":"Ghostysky"},"image":{"@id":"https:\/\/www.ghostysky.com\/#\/schema\/logo\/image\/"},"sameAs":["https:\/\/www.facebook.com\/people\/Ghostysky\/100057676170234\/","https:\/\/x.com\/Gh0stysky","https:\/\/www.linkedin.com\/company\/34739653","https:\/\/www.instagram.com\/gh0stysky"]}]}},"_links":{"self":[{"href":"https:\/\/www.ghostysky.com\/fr\/wp-json\/wp\/v2\/product\/17315","targetHints":{"allow":["GET"]}}],"collection":[{"href":"https:\/\/www.ghostysky.com\/fr\/wp-json\/wp\/v2\/product"}],"about":[{"href":"https:\/\/www.ghostysky.com\/fr\/wp-json\/wp\/v2\/types\/product"}],"replies":[{"embeddable":true,"href":"https:\/\/www.ghostysky.com\/fr\/wp-json\/wp\/v2\/comments?post=17315"}],"version-history":[{"count":0,"href":"https:\/\/www.ghostysky.com\/fr\/wp-json\/wp\/v2\/product\/17315\/revisions"}],"wp:featuredmedia":[{"embeddable":true,"href":"https:\/\/www.ghostysky.com\/fr\/wp-json\/wp\/v2\/media\/17323"}],"wp:attachment":[{"href":"https:\/\/www.ghostysky.com\/fr\/wp-json\/wp\/v2\/media?parent=17315"}],"wp:term":[{"taxonomy":"product_brand","embeddable":true,"href":"https:\/\/www.ghostysky.com\/fr\/wp-json\/wp\/v2\/product_brand?post=17315"},{"taxonomy":"product_cat","embeddable":true,"href":"https:\/\/www.ghostysky.com\/fr\/wp-json\/wp\/v2\/product_cat?post=17315"},{"taxonomy":"product_tag","embeddable":true,"href":"https:\/\/www.ghostysky.com\/fr\/wp-json\/wp\/v2\/product_tag?post=17315"}],"curies":[{"name":"wp","href":"https:\/\/api.w.org\/{rel}","templated":true}]}}